{"id":9640,"date":"2022-01-19T14:30:45","date_gmt":"2022-01-19T14:30:45","guid":{"rendered":"https:\/\/www.everstartraffic.com\/product\/maquina-de-refuerzo-del-conductor-de-la-maquina-de-marcado-de-carreteras-es-9b\/"},"modified":"2024-09-19T08:57:11","modified_gmt":"2024-09-19T08:57:11","slug":"maquina-de-refuerzo-del-conductor-de-la-maquina-de-marcado-de-carreteras-es-9b","status":"publish","type":"product","link":"https:\/\/everstartraffic.com\/es\/product\/maquina-de-refuerzo-del-conductor-de-la-maquina-de-marcado-de-carreteras-es-9b\/","title":{"rendered":"M\u00c1QUINA DE REFUERZO DEL CONDUCTOR DE LA M\u00c1QUINA DE MARCADO DE CARRETERAS ES-9B"},"content":{"rendered":"\t\t<div data-elementor-type=\"product-post\" data-elementor-id=\"9640\" class=\"elementor elementor-9640 elementor-3353\">\n\t\t\t\t\t\t\t\t\t<section class=\"elementor-section elementor-top-section elementor-element elementor-element-0bd4690 elementor-section-boxed elementor-section-height-default elementor-section-height-default\" data-id=\"0bd4690\" data-element_type=\"section\">\n\t\t\t\t\t\t<div class=\"elementor-container elementor-column-gap-default\">\n\t\t\t\t\t<div class=\"elementor-column elementor-col-100 elementor-top-column elementor-element elementor-element-374b5df\" data-id=\"374b5df\" data-element_type=\"column\">\n\t\t\t<div class=\"elementor-widget-wrap elementor-element-populated\">\n\t\t\t\t\t\t\t\t<div class=\"elementor-element elementor-element-f10b94a elementor-widget elementor-widget-heading\" data-id=\"f10b94a\" data-element_type=\"widget\" data-widget_type=\"heading.default\">\n\t\t\t\t<div class=\"elementor-widget-container\">\n\t\t\t<style>\/*! elementor - v3.7.0 - 08-08-2022 *\/\n.elementor-heading-title{padding:0;margin:0;line-height:1}.elementor-widget-heading .elementor-heading-title[class*=elementor-size-]>a{color:inherit;font-size:inherit;line-height:inherit}.elementor-widget-heading .elementor-heading-title.elementor-size-small{font-size:15px}.elementor-widget-heading .elementor-heading-title.elementor-size-medium{font-size:19px}.elementor-widget-heading .elementor-heading-title.elementor-size-large{font-size:29px}.elementor-widget-heading .elementor-heading-title.elementor-size-xl{font-size:39px}.elementor-widget-heading .elementor-heading-title.elementor-size-xxl{font-size:59px}<\/style><h4 class=\"elementor-heading-title elementor-size-default\">semiautom\u00e1tico<\/h4>\t\t<\/div>\n\t\t\t\t<\/div>\n\t\t\t\t\t<\/div>\n\t\t<\/div>\n\t\t\t\t\t\t\t<\/div>\n\t\t<\/section>\n\t\t\t\t<section class=\"elementor-section elementor-top-section elementor-element elementor-element-83f269c elementor-section-boxed elementor-section-height-default elementor-section-height-default\" data-id=\"83f269c\" data-element_type=\"section\">\n\t\t\t\t\t\t<div class=\"elementor-container elementor-column-gap-default\">\n\t\t\t\t\t<div class=\"elementor-column elementor-col-100 elementor-top-column elementor-element elementor-element-db23535\" data-id=\"db23535\" data-element_type=\"column\">\n\t\t\t<div class=\"elementor-widget-wrap elementor-element-populated\">\n\t\t\t\t\t\t\t\t<div class=\"elementor-element elementor-element-fecacd4 elementor-widget elementor-widget-image\" data-id=\"fecacd4\" data-element_type=\"widget\" data-widget_type=\"image.default\">\n\t\t\t\t<div class=\"elementor-widget-container\">\n\t\t\t<style>\/*! elementor - v3.7.0 - 08-08-2022 *\/\n.elementor-widget-image{text-align:center}.elementor-widget-image a{display:inline-block}.elementor-widget-image a img[src$=\".svg\"]{width:48px}.elementor-widget-image img{vertical-align:middle;display:inline-block}<\/style>\t\t\t\t\t\t\t\t\t\t\t\t<img loading=\"lazy\" decoding=\"async\" width=\"1024\" height=\"528\" src=\"https:\/\/everstartraffic.com\/wp-content\/uploads\/2022\/01\/ES9B\u9ec4\u8272\u52a9\u529b\u8f66\u53c2\u6570-1024x528.png\" class=\"attachment-large size-large\" alt=\"\" srcset=\"https:\/\/everstartraffic.com\/wp-content\/uploads\/2022\/01\/ES9B\u9ec4\u8272\u52a9\u529b\u8f66\u53c2\u6570-1024x528.png 1024w, https:\/\/everstartraffic.com\/wp-content\/uploads\/2022\/01\/ES9B\u9ec4\u8272\u52a9\u529b\u8f66\u53c2\u6570-600x309.png 600w, https:\/\/everstartraffic.com\/wp-content\/uploads\/2022\/01\/ES9B\u9ec4\u8272\u52a9\u529b\u8f66\u53c2\u6570-300x155.png 300w, https:\/\/everstartraffic.com\/wp-content\/uploads\/2022\/01\/ES9B\u9ec4\u8272\u52a9\u529b\u8f66\u53c2\u6570-768x396.png 768w, https:\/\/everstartraffic.com\/wp-content\/uploads\/2022\/01\/ES9B\u9ec4\u8272\u52a9\u529b\u8f66\u53c2\u6570.png 1155w\" sizes=\"auto, (max-width: 1024px) 100vw, 1024px\" \/>\t\t\t\t\t\t\t\t\t\t\t\t\t\t\t<\/div>\n\t\t\t\t<\/div>\n\t\t\t\t\t<\/div>\n\t\t<\/div>\n\t\t\t\t\t\t\t<\/div>\n\t\t<\/section>\n\t\t\t\t<section class=\"elementor-section elementor-top-section elementor-element elementor-element-c9c084e elementor-section-boxed elementor-section-height-default elementor-section-height-default\" data-id=\"c9c084e\" data-element_type=\"section\">\n\t\t\t\t\t\t<div class=\"elementor-container elementor-column-gap-default\">\n\t\t\t\t\t<div class=\"elementor-column elementor-col-100 elementor-top-column elementor-element elementor-element-f3c3a3e\" data-id=\"f3c3a3e\" data-element_type=\"column\">\n\t\t\t<div class=\"elementor-widget-wrap elementor-element-populated\">\n\t\t\t\t\t\t\t\t<div class=\"elementor-element elementor-element-f456ab8 elementor-widget elementor-widget-heading\" data-id=\"f456ab8\" data-element_type=\"widget\" data-widget_type=\"heading.default\">\n\t\t\t\t<div class=\"elementor-widget-container\">\n\t\t\t<h4 class=\"elementor-heading-title elementor-size-default\">Exhibici\u00f3n del producto<\/h4>\t\t<\/div>\n\t\t\t\t<\/div>\n\t\t\t\t\t<\/div>\n\t\t<\/div>\n\t\t\t\t\t\t\t<\/div>\n\t\t<\/section>\n\t\t\t\t<section class=\"elementor-section elementor-top-section elementor-element elementor-element-7b2e8c9 elementor-section-boxed elementor-section-height-default elementor-section-height-default\" data-id=\"7b2e8c9\" data-element_type=\"section\">\n\t\t\t\t\t\t<div class=\"elementor-container elementor-column-gap-default\">\n\t\t\t\t\t<div class=\"elementor-column elementor-col-100 elementor-top-column elementor-element elementor-element-257d315\" data-id=\"257d315\" data-element_type=\"column\">\n\t\t\t<div class=\"elementor-widget-wrap elementor-element-populated\">\n\t\t\t\t\t\t\t\t<div class=\"elementor-element elementor-element-f9e4b74 elementor-widget elementor-widget-image\" data-id=\"f9e4b74\" data-element_type=\"widget\" data-widget_type=\"image.default\">\n\t\t\t\t<div class=\"elementor-widget-container\">\n\t\t\t\t\t\t\t\t\t\t\t\t\t\t\t<img loading=\"lazy\" decoding=\"async\" width=\"679\" height=\"759\" src=\"https:\/\/everstartraffic.com\/wp-content\/uploads\/2022\/01\/\u90e8\u4ef6\u56fe\u6539.png\" class=\"attachment-large size-large\" alt=\"\" srcset=\"https:\/\/everstartraffic.com\/wp-content\/uploads\/2022\/01\/\u90e8\u4ef6\u56fe\u6539.png 679w, https:\/\/everstartraffic.com\/wp-content\/uploads\/2022\/01\/\u90e8\u4ef6\u56fe\u6539-600x671.png 600w, https:\/\/everstartraffic.com\/wp-content\/uploads\/2022\/01\/\u90e8\u4ef6\u56fe\u6539-268x300.png 268w\" sizes=\"auto, (max-width: 679px) 100vw, 679px\" \/>\t\t\t\t\t\t\t\t\t\t\t\t\t\t\t<\/div>\n\t\t\t\t<\/div>\n\t\t\t\t\t<\/div>\n\t\t<\/div>\n\t\t\t\t\t\t\t<\/div>\n\t\t<\/section>\n\t\t\t\t<section class=\"elementor-section elementor-top-section elementor-element elementor-element-c4991f7 elementor-section-boxed elementor-section-height-default elementor-section-height-default\" data-id=\"c4991f7\" data-element_type=\"section\">\n\t\t\t\t\t\t<div class=\"elementor-container elementor-column-gap-default\">\n\t\t\t\t\t<div class=\"elementor-column elementor-col-100 elementor-top-column elementor-element elementor-element-c1b2747\" data-id=\"c1b2747\" data-element_type=\"column\">\n\t\t\t<div class=\"elementor-widget-wrap elementor-element-populated\">\n\t\t\t\t\t\t\t\t<div class=\"elementor-element elementor-element-df460bb elementor-widget elementor-widget-image\" data-id=\"df460bb\" data-element_type=\"widget\" data-widget_type=\"image.default\">\n\t\t\t\t<div class=\"elementor-widget-container\">\n\t\t\t\t\t\t\t\t\t\t\t\t\t\t\t<img loading=\"lazy\" decoding=\"async\" width=\"668\" height=\"406\" src=\"https:\/\/everstartraffic.com\/wp-content\/uploads\/2022\/01\/\u90e8\u4ef6\u56fe-1.png\" class=\"attachment-large size-large\" alt=\"\" srcset=\"https:\/\/everstartraffic.com\/wp-content\/uploads\/2022\/01\/\u90e8\u4ef6\u56fe-1.png 668w, https:\/\/everstartraffic.com\/wp-content\/uploads\/2022\/01\/\u90e8\u4ef6\u56fe-1-600x365.png 600w, https:\/\/everstartraffic.com\/wp-content\/uploads\/2022\/01\/\u90e8\u4ef6\u56fe-1-300x182.png 300w\" sizes=\"auto, (max-width: 668px) 100vw, 668px\" \/>\t\t\t\t\t\t\t\t\t\t\t\t\t\t\t<\/div>\n\t\t\t\t<\/div>\n\t\t\t\t\t<\/div>\n\t\t<\/div>\n\t\t\t\t\t\t\t<\/div>\n\t\t<\/section>\n\t\t\t\t<section class=\"elementor-section elementor-top-section elementor-element elementor-element-b997844 elementor-section-boxed elementor-section-height-default elementor-section-height-default\" data-id=\"b997844\" data-element_type=\"section\">\n\t\t\t\t\t\t<div class=\"elementor-container elementor-column-gap-default\">\n\t\t\t\t\t<div class=\"elementor-column elementor-col-100 elementor-top-column elementor-element elementor-element-60e2466\" data-id=\"60e2466\" data-element_type=\"column\">\n\t\t\t<div class=\"elementor-widget-wrap elementor-element-populated\">\n\t\t\t\t\t\t\t\t<div class=\"elementor-element elementor-element-183a0f8 elementor-widget elementor-widget-heading\" data-id=\"183a0f8\" data-element_type=\"widget\" data-widget_type=\"heading.default\">\n\t\t\t\t<div class=\"elementor-widget-container\">\n\t\t\t<h4 class=\"elementor-heading-title elementor-size-default\">Fotos de la aplicaci\u00f3n<\/h4>\t\t<\/div>\n\t\t\t\t<\/div>\n\t\t\t\t\t<\/div>\n\t\t<\/div>\n\t\t\t\t\t\t\t<\/div>\n\t\t<\/section>\n\t\t\t\t<section class=\"elementor-section elementor-top-section elementor-element elementor-element-fdc6d52 elementor-section-boxed elementor-section-height-default elementor-section-height-default\" data-id=\"fdc6d52\" data-element_type=\"section\">\n\t\t\t\t\t\t<div class=\"elementor-container elementor-column-gap-default\">\n\t\t\t\t\t<div class=\"elementor-column elementor-col-100 elementor-top-column elementor-element elementor-element-4eda1f9\" data-id=\"4eda1f9\" data-element_type=\"column\">\n\t\t\t<div class=\"elementor-widget-wrap elementor-element-populated\">\n\t\t\t\t\t\t\t\t<div class=\"elementor-element elementor-element-3e13ff1 elementor-widget elementor-widget-image\" data-id=\"3e13ff1\" data-element_type=\"widget\" data-widget_type=\"image.default\">\n\t\t\t\t<div class=\"elementor-widget-container\">\n\t\t\t\t\t\t\t\t\t\t\t\t\t\t\t<img loading=\"lazy\" decoding=\"async\" width=\"1024\" height=\"719\" src=\"https:\/\/everstartraffic.com\/wp-content\/uploads\/2022\/01\/\u4f7f\u7528\u56fe-3-1024x719.png\" class=\"attachment-large size-large\" alt=\"\" srcset=\"https:\/\/everstartraffic.com\/wp-content\/uploads\/2022\/01\/\u4f7f\u7528\u56fe-3-1024x719.png 1024w, https:\/\/everstartraffic.com\/wp-content\/uploads\/2022\/01\/\u4f7f\u7528\u56fe-3-600x422.png 600w, https:\/\/everstartraffic.com\/wp-content\/uploads\/2022\/01\/\u4f7f\u7528\u56fe-3-300x211.png 300w, https:\/\/everstartraffic.com\/wp-content\/uploads\/2022\/01\/\u4f7f\u7528\u56fe-3-768x540.png 768w, https:\/\/everstartraffic.com\/wp-content\/uploads\/2022\/01\/\u4f7f\u7528\u56fe-3.png 1311w\" sizes=\"auto, (max-width: 1024px) 100vw, 1024px\" \/>\t\t\t\t\t\t\t\t\t\t\t\t\t\t\t<\/div>\n\t\t\t\t<\/div>\n\t\t\t\t\t<\/div>\n\t\t<\/div>\n\t\t\t\t\t\t\t<\/div>\n\t\t<\/section>\n\t\t\t\t<section class=\"elementor-section elementor-top-section elementor-element elementor-element-156dfb8 elementor-section-boxed elementor-section-height-default elementor-section-height-default\" data-id=\"156dfb8\" data-element_type=\"section\">\n\t\t\t\t\t\t<div class=\"elementor-container elementor-column-gap-default\">\n\t\t\t\t\t<div class=\"elementor-column elementor-col-100 elementor-top-column elementor-element elementor-element-3bee954\" data-id=\"3bee954\" data-element_type=\"column\">\n\t\t\t<div class=\"elementor-widget-wrap elementor-element-populated\">\n\t\t\t\t\t\t\t\t<div class=\"elementor-element elementor-element-544062f elementor-widget elementor-widget-image\" data-id=\"544062f\" data-element_type=\"widget\" data-widget_type=\"image.default\">\n\t\t\t\t<div class=\"elementor-widget-container\">\n\t\t\t\t\t\t\t\t\t\t\t\t\t\t\t<img loading=\"lazy\" decoding=\"async\" width=\"1024\" height=\"847\" src=\"https:\/\/everstartraffic.com\/wp-content\/uploads\/2022\/01\/\u4f7f\u7528\u56fe-4-1024x847.png\" class=\"attachment-large size-large\" alt=\"\" srcset=\"https:\/\/everstartraffic.com\/wp-content\/uploads\/2022\/01\/\u4f7f\u7528\u56fe-4-1024x847.png 1024w, https:\/\/everstartraffic.com\/wp-content\/uploads\/2022\/01\/\u4f7f\u7528\u56fe-4-600x496.png 600w, https:\/\/everstartraffic.com\/wp-content\/uploads\/2022\/01\/\u4f7f\u7528\u56fe-4-300x248.png 300w, https:\/\/everstartraffic.com\/wp-content\/uploads\/2022\/01\/\u4f7f\u7528\u56fe-4-768x635.png 768w, https:\/\/everstartraffic.com\/wp-content\/uploads\/2022\/01\/\u4f7f\u7528\u56fe-4.png 1112w\" sizes=\"auto, (max-width: 1024px) 100vw, 1024px\" \/>\t\t\t\t\t\t\t\t\t\t\t\t\t\t\t<\/div>\n\t\t\t\t<\/div>\n\t\t\t\t\t<\/div>\n\t\t<\/div>\n\t\t\t\t\t\t\t<\/div>\n\t\t<\/section>\n\t\t\t\t<section class=\"elementor-section elementor-top-section elementor-element elementor-element-1df01eb elementor-section-boxed elementor-section-height-default elementor-section-height-default\" data-id=\"1df01eb\" data-element_type=\"section\">\n\t\t\t\t\t\t<div class=\"elementor-container elementor-column-gap-default\">\n\t\t\t\t\t<div class=\"elementor-column elementor-col-100 elementor-top-column elementor-element elementor-element-318a0e3\" data-id=\"318a0e3\" data-element_type=\"column\">\n\t\t\t<div class=\"elementor-widget-wrap elementor-element-populated\">\n\t\t\t\t\t\t\t\t<div class=\"elementor-element elementor-element-815ae95 elementor-widget elementor-widget-image\" data-id=\"815ae95\" data-element_type=\"widget\" data-widget_type=\"image.default\">\n\t\t\t\t<div class=\"elementor-widget-container\">\n\t\t\t\t\t\t\t\t\t\t\t\t\t\t\t<img loading=\"lazy\" decoding=\"async\" width=\"744\" height=\"726\" src=\"https:\/\/everstartraffic.com\/wp-content\/uploads\/2022\/01\/\u4f7f\u7528\u56fe-1.png\" class=\"attachment-large size-large\" alt=\"\" srcset=\"https:\/\/everstartraffic.com\/wp-content\/uploads\/2022\/01\/\u4f7f\u7528\u56fe-1.png 744w, https:\/\/everstartraffic.com\/wp-content\/uploads\/2022\/01\/\u4f7f\u7528\u56fe-1-600x585.png 600w, https:\/\/everstartraffic.com\/wp-content\/uploads\/2022\/01\/\u4f7f\u7528\u56fe-1-300x293.png 300w\" sizes=\"auto, (max-width: 744px) 100vw, 744px\" \/>\t\t\t\t\t\t\t\t\t\t\t\t\t\t\t<\/div>\n\t\t\t\t<\/div>\n\t\t\t\t\t<\/div>\n\t\t<\/div>\n\t\t\t\t\t\t\t<\/div>\n\t\t<\/section>\n\t\t\t\t<section class=\"elementor-section elementor-top-section elementor-element elementor-element-729eb54 elementor-section-boxed elementor-section-height-default elementor-section-height-default\" data-id=\"729eb54\" data-element_type=\"section\">\n\t\t\t\t\t\t<div class=\"elementor-container elementor-column-gap-default\">\n\t\t\t\t\t<div class=\"elementor-column elementor-col-100 elementor-top-column elementor-element elementor-element-8176859\" data-id=\"8176859\" data-element_type=\"column\">\n\t\t\t<div class=\"elementor-widget-wrap elementor-element-populated\">\n\t\t\t\t\t\t\t\t<div class=\"elementor-element elementor-element-0d5f05f elementor-widget elementor-widget-image\" data-id=\"0d5f05f\" data-element_type=\"widget\" data-widget_type=\"image.default\">\n\t\t\t\t<div class=\"elementor-widget-container\">\n\t\t\t\t\t\t\t\t\t\t\t\t\t\t\t<img loading=\"lazy\" decoding=\"async\" width=\"738\" height=\"730\" src=\"https:\/\/everstartraffic.com\/wp-content\/uploads\/2022\/01\/\u4f7f\u7528\u56fe-2.png\" class=\"attachment-large size-large\" alt=\"\" srcset=\"https:\/\/everstartraffic.com\/wp-content\/uploads\/2022\/01\/\u4f7f\u7528\u56fe-2.png 738w, https:\/\/everstartraffic.com\/wp-content\/uploads\/2022\/01\/\u4f7f\u7528\u56fe-2-100x100.png 100w, https:\/\/everstartraffic.com\/wp-content\/uploads\/2022\/01\/\u4f7f\u7528\u56fe-2-600x593.png 600w, https:\/\/everstartraffic.com\/wp-content\/uploads\/2022\/01\/\u4f7f\u7528\u56fe-2-300x297.png 300w\" sizes=\"auto, (max-width: 738px) 100vw, 738px\" \/>\t\t\t\t\t\t\t\t\t\t\t\t\t\t\t<\/div>\n\t\t\t\t<\/div>\n\t\t\t\t\t<\/div>\n\t\t<\/div>\n\t\t\t\t\t\t\t<\/div>\n\t\t<\/section>\n\t\t\t\t\t\t\t<\/div>\n\t\t","protected":false},"excerpt":{"rendered":"<p>La m\u00e1quina de refuerzo para conductor ES-9B se conecta principalmente con la m\u00e1quina de marcado vial termopl\u00e1stico manual ES1, la m\u00e1quina de pulverizaci\u00f3n de pintura en fr\u00edo ES10 y otras m\u00e1quinas manuales. Puede mejorar en gran medida la eficiencia de trabajo. Y el \u00e1ngulo de ascenso es de hasta 60\u00b0.  <\/p>\n","protected":false},"featured_media":3354,"comment_status":"open","ping_status":"closed","template":"","meta":{"_monsterinsights_skip_tracking":false,"_monsterinsights_sitenote_active":false,"_monsterinsights_sitenote_note":"","_monsterinsights_sitenote_category":0,"spay_email":"","jetpack_publicize_message":"","jetpack_is_tweetstorm":false,"jetpack_publicize_feature_enabled":true},"product_cat":[339,337,341,338,294],"product_tag":[417,454,412,386],"class_list":["post-9640","product","type-product","status-publish","has-post-thumbnail","hentry","product_cat-maquina-auxiliar-de-carretera","product_cat-maquina-de-marcado-de-carreteras","product_cat-maquina-de-marcado-vial-termoplastico","product_cat-maquina-de-pulverizacion-de-pintura-en-frio-sin-aire","product_cat-sin-categorizar","product_tag-asiento-del-conductor-hidraulico-para-maquina-de-marcado","product_tag-auxiliar-de-conductor-de-maquina-de-senalizacion-vial","product_tag-conductor-de-maquina-marcadora-de-lineas","product_tag-potenciador-del-conductor"],"aioseo_notices":[],"_links":{"self":[{"href":"https:\/\/everstartraffic.com\/es\/wp-json\/wp\/v2\/product\/9640","targetHints":{"allow":["GET"]}}],"collection":[{"href":"https:\/\/everstartraffic.com\/es\/wp-json\/wp\/v2\/product"}],"about":[{"href":"https:\/\/everstartraffic.com\/es\/wp-json\/wp\/v2\/types\/product"}],"replies":[{"embeddable":true,"href":"https:\/\/everstartraffic.com\/es\/wp-json\/wp\/v2\/comments?post=9640"}],"version-history":[{"count":1,"href":"https:\/\/everstartraffic.com\/es\/wp-json\/wp\/v2\/product\/9640\/revisions"}],"predecessor-version":[{"id":9641,"href":"https:\/\/everstartraffic.com\/es\/wp-json\/wp\/v2\/product\/9640\/revisions\/9641"}],"wp:featuredmedia":[{"embeddable":true,"href":"https:\/\/everstartraffic.com\/es\/wp-json\/wp\/v2\/media\/3354"}],"wp:attachment":[{"href":"https:\/\/everstartraffic.com\/es\/wp-json\/wp\/v2\/media?parent=9640"}],"wp:term":[{"taxonomy":"product_cat","embeddable":true,"href":"https:\/\/everstartraffic.com\/es\/wp-json\/wp\/v2\/product_cat?post=9640"},{"taxonomy":"product_tag","embeddable":true,"href":"https:\/\/everstartraffic.com\/es\/wp-json\/wp\/v2\/product_tag?post=9640"}],"curies":[{"name":"wp","href":"https:\/\/api.w.org\/{rel}","templated":true}]}}