{"id":9638,"date":"2022-01-20T11:40:45","date_gmt":"2022-01-20T11:40:45","guid":{"rendered":"https:\/\/www.everstartraffic.com\/product\/maquina-de-imprimacion-es-8a-con-soplador-de-aire\/"},"modified":"2024-09-19T08:56:49","modified_gmt":"2024-09-19T08:56:49","slug":"maquina-de-imprimacion-es-8a-con-soplador-de-aire","status":"publish","type":"product","link":"https:\/\/everstartraffic.com\/es\/product\/maquina-de-imprimacion-es-8a-con-soplador-de-aire\/","title":{"rendered":"M\u00e1quina de imprimaci\u00f3n ES-8A con soplador de aire"},"content":{"rendered":"\t\t<div data-elementor-type=\"product-post\" data-elementor-id=\"9638\" class=\"elementor elementor-9638 elementor-3377\">\n\t\t\t\t\t\t\t\t\t<section class=\"elementor-section elementor-top-section elementor-element elementor-element-9b41e6e elementor-section-boxed elementor-section-height-default elementor-section-height-default\" data-id=\"9b41e6e\" data-element_type=\"section\">\n\t\t\t\t\t\t<div class=\"elementor-container elementor-column-gap-default\">\n\t\t\t\t\t<div class=\"elementor-column elementor-col-100 elementor-top-column elementor-element elementor-element-0fb931c\" data-id=\"0fb931c\" data-element_type=\"column\">\n\t\t\t<div class=\"elementor-widget-wrap elementor-element-populated\">\n\t\t\t\t\t\t\t\t<div class=\"elementor-element elementor-element-caff8e5 elementor-widget elementor-widget-heading\" data-id=\"caff8e5\" data-element_type=\"widget\" data-widget_type=\"heading.default\">\n\t\t\t\t<div class=\"elementor-widget-container\">\n\t\t\t<style>\/*! elementor - v3.7.0 - 08-08-2022 *\/\n.elementor-heading-title{padding:0;margin:0;line-height:1}.elementor-widget-heading .elementor-heading-title[class*=elementor-size-]>a{color:inherit;font-size:inherit;line-height:inherit}.elementor-widget-heading .elementor-heading-title.elementor-size-small{font-size:15px}.elementor-widget-heading .elementor-heading-title.elementor-size-medium{font-size:19px}.elementor-widget-heading .elementor-heading-title.elementor-size-large{font-size:29px}.elementor-widget-heading .elementor-heading-title.elementor-size-xl{font-size:39px}.elementor-widget-heading .elementor-heading-title.elementor-size-xxl{font-size:59px}<\/style><h4 class=\"elementor-heading-title elementor-size-default\">semiautom\u00e1tico<\/h4>\t\t<\/div>\n\t\t\t\t<\/div>\n\t\t\t\t\t<\/div>\n\t\t<\/div>\n\t\t\t\t\t\t\t<\/div>\n\t\t<\/section>\n\t\t\t\t<section class=\"elementor-section elementor-top-section elementor-element elementor-element-39719e3 elementor-section-boxed elementor-section-height-default elementor-section-height-default\" data-id=\"39719e3\" data-element_type=\"section\">\n\t\t\t\t\t\t<div class=\"elementor-container elementor-column-gap-default\">\n\t\t\t\t\t<div class=\"elementor-column elementor-col-100 elementor-top-column elementor-element elementor-element-f220be0\" data-id=\"f220be0\" data-element_type=\"column\">\n\t\t\t<div class=\"elementor-widget-wrap elementor-element-populated\">\n\t\t\t\t\t\t\t\t<div class=\"elementor-element elementor-element-c961380 elementor-widget elementor-widget-image\" data-id=\"c961380\" data-element_type=\"widget\" data-widget_type=\"image.default\">\n\t\t\t\t<div class=\"elementor-widget-container\">\n\t\t\t<style>\/*! elementor - v3.7.0 - 08-08-2022 *\/\n.elementor-widget-image{text-align:center}.elementor-widget-image a{display:inline-block}.elementor-widget-image a img[src$=\".svg\"]{width:48px}.elementor-widget-image img{vertical-align:middle;display:inline-block}<\/style>\t\t\t\t\t\t\t\t\t\t\t\t<img loading=\"lazy\" decoding=\"async\" width=\"1024\" height=\"714\" src=\"https:\/\/everstartraffic.com\/wp-content\/uploads\/2022\/01\/ES8A-\u5e95\u6cb9\u673a\u53c2\u6570\u56fe-1024x714.png\" class=\"attachment-large size-large\" alt=\"\" srcset=\"https:\/\/everstartraffic.com\/wp-content\/uploads\/2022\/01\/ES8A-\u5e95\u6cb9\u673a\u53c2\u6570\u56fe-1024x714.png 1024w, https:\/\/everstartraffic.com\/wp-content\/uploads\/2022\/01\/ES8A-\u5e95\u6cb9\u673a\u53c2\u6570\u56fe-600x418.png 600w, https:\/\/everstartraffic.com\/wp-content\/uploads\/2022\/01\/ES8A-\u5e95\u6cb9\u673a\u53c2\u6570\u56fe-300x209.png 300w, https:\/\/everstartraffic.com\/wp-content\/uploads\/2022\/01\/ES8A-\u5e95\u6cb9\u673a\u53c2\u6570\u56fe-768x535.png 768w, https:\/\/everstartraffic.com\/wp-content\/uploads\/2022\/01\/ES8A-\u5e95\u6cb9\u673a\u53c2\u6570\u56fe.png 1151w\" sizes=\"auto, (max-width: 1024px) 100vw, 1024px\" \/>\t\t\t\t\t\t\t\t\t\t\t\t\t\t\t<\/div>\n\t\t\t\t<\/div>\n\t\t\t\t\t<\/div>\n\t\t<\/div>\n\t\t\t\t\t\t\t<\/div>\n\t\t<\/section>\n\t\t\t\t<section class=\"elementor-section elementor-top-section elementor-element elementor-element-596611b elementor-section-boxed elementor-section-height-default elementor-section-height-default\" data-id=\"596611b\" data-element_type=\"section\">\n\t\t\t\t\t\t<div class=\"elementor-container elementor-column-gap-default\">\n\t\t\t\t\t<div class=\"elementor-column elementor-col-100 elementor-top-column elementor-element elementor-element-c7c1885\" data-id=\"c7c1885\" data-element_type=\"column\">\n\t\t\t<div class=\"elementor-widget-wrap elementor-element-populated\">\n\t\t\t\t\t\t\t\t<div class=\"elementor-element elementor-element-99f1fe6 elementor-widget elementor-widget-heading\" data-id=\"99f1fe6\" data-element_type=\"widget\" data-widget_type=\"heading.default\">\n\t\t\t\t<div class=\"elementor-widget-container\">\n\t\t\t<h4 class=\"elementor-heading-title elementor-size-default\">Exhibici\u00f3n del producto<\/h4>\t\t<\/div>\n\t\t\t\t<\/div>\n\t\t\t\t\t<\/div>\n\t\t<\/div>\n\t\t\t\t\t\t\t<\/div>\n\t\t<\/section>\n\t\t\t\t<section class=\"elementor-section elementor-top-section elementor-element elementor-element-fcc9ac3 elementor-section-boxed elementor-section-height-default elementor-section-height-default\" data-id=\"fcc9ac3\" data-element_type=\"section\">\n\t\t\t\t\t\t<div class=\"elementor-container elementor-column-gap-default\">\n\t\t\t\t\t<div class=\"elementor-column elementor-col-100 elementor-top-column elementor-element elementor-element-6521440\" data-id=\"6521440\" data-element_type=\"column\">\n\t\t\t<div class=\"elementor-widget-wrap elementor-element-populated\">\n\t\t\t\t\t\t\t\t<div class=\"elementor-element elementor-element-4ede95a elementor-widget elementor-widget-image\" data-id=\"4ede95a\" data-element_type=\"widget\" data-widget_type=\"image.default\">\n\t\t\t\t<div class=\"elementor-widget-container\">\n\t\t\t\t\t\t\t\t\t\t\t\t\t\t\t<img loading=\"lazy\" decoding=\"async\" width=\"800\" height=\"800\" src=\"https:\/\/everstartraffic.com\/wp-content\/uploads\/2022\/01\/\u82f1\u6587\u9ad8\u7aef\u5e95\u6cb9\u673a\u90e8\u4ef6\u56fe.jpg\" class=\"attachment-large size-large\" alt=\"\" srcset=\"https:\/\/everstartraffic.com\/wp-content\/uploads\/2022\/01\/\u82f1\u6587\u9ad8\u7aef\u5e95\u6cb9\u673a\u90e8\u4ef6\u56fe.jpg 800w, https:\/\/everstartraffic.com\/wp-content\/uploads\/2022\/01\/\u82f1\u6587\u9ad8\u7aef\u5e95\u6cb9\u673a\u90e8\u4ef6\u56fe-300x300.jpg 300w, https:\/\/everstartraffic.com\/wp-content\/uploads\/2022\/01\/\u82f1\u6587\u9ad8\u7aef\u5e95\u6cb9\u673a\u90e8\u4ef6\u56fe-100x100.jpg 100w, https:\/\/everstartraffic.com\/wp-content\/uploads\/2022\/01\/\u82f1\u6587\u9ad8\u7aef\u5e95\u6cb9\u673a\u90e8\u4ef6\u56fe-600x600.jpg 600w, https:\/\/everstartraffic.com\/wp-content\/uploads\/2022\/01\/\u82f1\u6587\u9ad8\u7aef\u5e95\u6cb9\u673a\u90e8\u4ef6\u56fe-150x150.jpg 150w, https:\/\/everstartraffic.com\/wp-content\/uploads\/2022\/01\/\u82f1\u6587\u9ad8\u7aef\u5e95\u6cb9\u673a\u90e8\u4ef6\u56fe-768x768.jpg 768w\" sizes=\"auto, (max-width: 800px) 100vw, 800px\" \/>\t\t\t\t\t\t\t\t\t\t\t\t\t\t\t<\/div>\n\t\t\t\t<\/div>\n\t\t\t\t\t<\/div>\n\t\t<\/div>\n\t\t\t\t\t\t\t<\/div>\n\t\t<\/section>\n\t\t\t\t<section class=\"elementor-section elementor-top-section elementor-element elementor-element-8a45e7e elementor-section-boxed elementor-section-height-default elementor-section-height-default\" data-id=\"8a45e7e\" data-element_type=\"section\">\n\t\t\t\t\t\t<div class=\"elementor-container elementor-column-gap-default\">\n\t\t\t\t\t<div class=\"elementor-column elementor-col-100 elementor-top-column elementor-element elementor-element-b60b541\" data-id=\"b60b541\" data-element_type=\"column\">\n\t\t\t<div class=\"elementor-widget-wrap elementor-element-populated\">\n\t\t\t\t\t\t\t\t<div class=\"elementor-element elementor-element-23e40e3 elementor-widget elementor-widget-image\" data-id=\"23e40e3\" data-element_type=\"widget\" data-widget_type=\"image.default\">\n\t\t\t\t<div class=\"elementor-widget-container\">\n\t\t\t\t\t\t\t\t\t\t\t\t\t\t\t<img loading=\"lazy\" decoding=\"async\" width=\"490\" height=\"1024\" src=\"https:\/\/everstartraffic.com\/wp-content\/uploads\/2022\/01\/2022-01-07-133550-490x1024.jpg\" class=\"attachment-large size-large\" alt=\"\" srcset=\"https:\/\/everstartraffic.com\/wp-content\/uploads\/2022\/01\/2022-01-07-133550-490x1024.jpg 490w, https:\/\/everstartraffic.com\/wp-content\/uploads\/2022\/01\/2022-01-07-133550-600x1253.jpg 600w, https:\/\/everstartraffic.com\/wp-content\/uploads\/2022\/01\/2022-01-07-133550-144x300.jpg 144w, https:\/\/everstartraffic.com\/wp-content\/uploads\/2022\/01\/2022-01-07-133550-736x1536.jpg 736w, https:\/\/everstartraffic.com\/wp-content\/uploads\/2022\/01\/2022-01-07-133550.jpg 750w\" sizes=\"auto, (max-width: 490px) 100vw, 490px\" \/>\t\t\t\t\t\t\t\t\t\t\t\t\t\t\t<\/div>\n\t\t\t\t<\/div>\n\t\t\t\t\t<\/div>\n\t\t<\/div>\n\t\t\t\t\t\t\t<\/div>\n\t\t<\/section>\n\t\t\t\t<section class=\"elementor-section elementor-top-section elementor-element elementor-element-a1bc059 elementor-section-boxed elementor-section-height-default elementor-section-height-default\" data-id=\"a1bc059\" data-element_type=\"section\">\n\t\t\t\t\t\t<div class=\"elementor-container elementor-column-gap-default\">\n\t\t\t\t\t<div class=\"elementor-column elementor-col-100 elementor-top-column elementor-element elementor-element-00e1fe7\" data-id=\"00e1fe7\" data-element_type=\"column\">\n\t\t\t<div class=\"elementor-widget-wrap elementor-element-populated\">\n\t\t\t\t\t\t\t\t<div class=\"elementor-element elementor-element-a1bfc6c elementor-widget elementor-widget-heading\" data-id=\"a1bfc6c\" data-element_type=\"widget\" data-widget_type=\"heading.default\">\n\t\t\t\t<div class=\"elementor-widget-container\">\n\t\t\t<h4 class=\"elementor-heading-title elementor-size-default\">Foto de la aplicaci\u00f3n<\/h4>\t\t<\/div>\n\t\t\t\t<\/div>\n\t\t\t\t\t<\/div>\n\t\t<\/div>\n\t\t\t\t\t\t\t<\/div>\n\t\t<\/section>\n\t\t\t\t<section class=\"elementor-section elementor-top-section elementor-element elementor-element-e8131b1 elementor-section-boxed elementor-section-height-default elementor-section-height-default\" data-id=\"e8131b1\" data-element_type=\"section\">\n\t\t\t\t\t\t<div class=\"elementor-container elementor-column-gap-default\">\n\t\t\t\t\t<div class=\"elementor-column elementor-col-100 elementor-top-column elementor-element elementor-element-3f60e0e\" data-id=\"3f60e0e\" data-element_type=\"column\">\n\t\t\t<div class=\"elementor-widget-wrap elementor-element-populated\">\n\t\t\t\t\t\t\t\t<div class=\"elementor-element elementor-element-0566e37 elementor-widget elementor-widget-image\" data-id=\"0566e37\" data-element_type=\"widget\" data-widget_type=\"image.default\">\n\t\t\t\t<div class=\"elementor-widget-container\">\n\t\t\t\t\t\t\t\t\t\t\t\t\t\t\t<img loading=\"lazy\" decoding=\"async\" width=\"500\" height=\"713\" src=\"https:\/\/everstartraffic.com\/wp-content\/uploads\/2022\/01\/QQ\u622a\u56fe20220119163112.png\" class=\"attachment-large size-large\" alt=\"\" srcset=\"https:\/\/everstartraffic.com\/wp-content\/uploads\/2022\/01\/QQ\u622a\u56fe20220119163112.png 500w, https:\/\/everstartraffic.com\/wp-content\/uploads\/2022\/01\/QQ\u622a\u56fe20220119163112-210x300.png 210w\" sizes=\"auto, (max-width: 500px) 100vw, 500px\" \/>\t\t\t\t\t\t\t\t\t\t\t\t\t\t\t<\/div>\n\t\t\t\t<\/div>\n\t\t\t\t<div class=\"elementor-element elementor-element-fd9b265 elementor-widget elementor-widget-image\" data-id=\"fd9b265\" data-element_type=\"widget\" data-widget_type=\"image.default\">\n\t\t\t\t<div class=\"elementor-widget-container\">\n\t\t\t\t\t\t\t\t\t\t\t\t\t\t\t<img loading=\"lazy\" decoding=\"async\" width=\"476\" height=\"715\" src=\"https:\/\/everstartraffic.com\/wp-content\/uploads\/2022\/01\/QQ\u622a\u56fe20220119163125.png\" class=\"attachment-large size-large\" alt=\"\" srcset=\"https:\/\/everstartraffic.com\/wp-content\/uploads\/2022\/01\/QQ\u622a\u56fe20220119163125.png 476w, https:\/\/everstartraffic.com\/wp-content\/uploads\/2022\/01\/QQ\u622a\u56fe20220119163125-200x300.png 200w\" sizes=\"auto, (max-width: 476px) 100vw, 476px\" \/>\t\t\t\t\t\t\t\t\t\t\t\t\t\t\t<\/div>\n\t\t\t\t<\/div>\n\t\t\t\t\t<\/div>\n\t\t<\/div>\n\t\t\t\t\t\t\t<\/div>\n\t\t<\/section>\n\t\t\t\t<section class=\"elementor-section elementor-top-section elementor-element elementor-element-a491dc0 elementor-section-boxed elementor-section-height-default elementor-section-height-default\" data-id=\"a491dc0\" data-element_type=\"section\">\n\t\t\t\t\t\t<div class=\"elementor-container elementor-column-gap-default\">\n\t\t\t\t\t<div class=\"elementor-column elementor-col-100 elementor-top-column elementor-element elementor-element-1b59137\" data-id=\"1b59137\" data-element_type=\"column\">\n\t\t\t<div class=\"elementor-widget-wrap\">\n\t\t\t\t\t\t\t\t\t<\/div>\n\t\t<\/div>\n\t\t\t\t\t\t\t<\/div>\n\t\t<\/section>\n\t\t\t\t\t\t\t<\/div>\n\t\t","protected":false},"excerpt":{"rendered":"<p>La m\u00e1quina sopladora de aire a presi\u00f3n ES-8A tiene funciones vers\u00e1tiles que incluyen la aplicaci\u00f3n de imprimaci\u00f3n de la superficie de la carretera antes de marcarla y puede limpiar la superficie de la carretera antes de marcarla.<\/p>\n","protected":false},"featured_media":3379,"comment_status":"open","ping_status":"closed","template":"","meta":{"_monsterinsights_skip_tracking":false,"_monsterinsights_sitenote_active":false,"_monsterinsights_sitenote_note":"","_monsterinsights_sitenote_category":0,"spay_email":"","jetpack_publicize_message":"","jetpack_is_tweetstorm":false,"jetpack_publicize_feature_enabled":true},"product_cat":[339,337,294],"product_tag":[451,431,453,348],"class_list":["post-9638","product","type-product","status-publish","has-post-thumbnail","hentry","product_cat-maquina-auxiliar-de-carretera","product_cat-maquina-de-marcado-de-carreteras","product_cat-sin-categorizar","product_tag-maquina-auxiliar-para-senalizacion-vial-es","product_tag-maquina-de-cebado","product_tag-maquina-de-marcado-de-carreteras","product_tag-maquina-sopladora-de-aire"],"aioseo_notices":[],"_links":{"self":[{"href":"https:\/\/everstartraffic.com\/es\/wp-json\/wp\/v2\/product\/9638","targetHints":{"allow":["GET"]}}],"collection":[{"href":"https:\/\/everstartraffic.com\/es\/wp-json\/wp\/v2\/product"}],"about":[{"href":"https:\/\/everstartraffic.com\/es\/wp-json\/wp\/v2\/types\/product"}],"replies":[{"embeddable":true,"href":"https:\/\/everstartraffic.com\/es\/wp-json\/wp\/v2\/comments?post=9638"}],"version-history":[{"count":1,"href":"https:\/\/everstartraffic.com\/es\/wp-json\/wp\/v2\/product\/9638\/revisions"}],"predecessor-version":[{"id":9639,"href":"https:\/\/everstartraffic.com\/es\/wp-json\/wp\/v2\/product\/9638\/revisions\/9639"}],"wp:featuredmedia":[{"embeddable":true,"href":"https:\/\/everstartraffic.com\/es\/wp-json\/wp\/v2\/media\/3379"}],"wp:attachment":[{"href":"https:\/\/everstartraffic.com\/es\/wp-json\/wp\/v2\/media?parent=9638"}],"wp:term":[{"taxonomy":"product_cat","embeddable":true,"href":"https:\/\/everstartraffic.com\/es\/wp-json\/wp\/v2\/product_cat?post=9638"},{"taxonomy":"product_tag","embeddable":true,"href":"https:\/\/everstartraffic.com\/es\/wp-json\/wp\/v2\/product_tag?post=9638"}],"curies":[{"name":"wp","href":"https:\/\/api.w.org\/{rel}","templated":true}]}}