{"id":9630,"date":"2022-01-22T07:38:03","date_gmt":"2022-01-22T07:38:03","guid":{"rendered":"https:\/\/www.everstartraffic.com\/product\/es-3-maquina-de-marcado-vial-termoplastico-convexo-autopropulsado\/"},"modified":"2024-09-19T08:54:14","modified_gmt":"2024-09-19T08:54:14","slug":"es-3-maquina-de-marcado-vial-termoplastico-convexo-autopropulsado","status":"publish","type":"product","link":"https:\/\/everstartraffic.com\/es\/product\/es-3-maquina-de-marcado-vial-termoplastico-convexo-autopropulsado\/","title":{"rendered":"ES-3 M\u00e1quina de marcado vial termopl\u00e1stico convexo autopropulsado"},"content":{"rendered":"\t\t<div data-elementor-type=\"product-post\" data-elementor-id=\"9630\" class=\"elementor elementor-9630 elementor-3575\">\n\t\t\t\t\t\t\t\t\t<section class=\"elementor-section elementor-top-section elementor-element elementor-element-c2cf9ae elementor-section-boxed elementor-section-height-default elementor-section-height-default\" data-id=\"c2cf9ae\" data-element_type=\"section\">\n\t\t\t\t\t\t<div class=\"elementor-container elementor-column-gap-default\">\n\t\t\t\t\t<div class=\"elementor-column elementor-col-100 elementor-top-column elementor-element elementor-element-9c1fbf8\" data-id=\"9c1fbf8\" data-element_type=\"column\">\n\t\t\t<div class=\"elementor-widget-wrap elementor-element-populated\">\n\t\t\t\t\t\t\t\t<div class=\"elementor-element elementor-element-e1df883 elementor-widget elementor-widget-heading\" data-id=\"e1df883\" data-element_type=\"widget\" data-widget_type=\"heading.default\">\n\t\t\t\t<div class=\"elementor-widget-container\">\n\t\t\t<style>\/*! elementor - v3.7.0 - 08-08-2022 *\/\n.elementor-heading-title{padding:0;margin:0;line-height:1}.elementor-widget-heading .elementor-heading-title[class*=elementor-size-]>a{color:inherit;font-size:inherit;line-height:inherit}.elementor-widget-heading .elementor-heading-title.elementor-size-small{font-size:15px}.elementor-widget-heading .elementor-heading-title.elementor-size-medium{font-size:19px}.elementor-widget-heading .elementor-heading-title.elementor-size-large{font-size:29px}.elementor-widget-heading .elementor-heading-title.elementor-size-xl{font-size:39px}.elementor-widget-heading .elementor-heading-title.elementor-size-xxl{font-size:59px}<\/style><h4 class=\"elementor-heading-title elementor-size-default\">semiautom\u00e1tico<\/h4>\t\t<\/div>\n\t\t\t\t<\/div>\n\t\t\t\t\t<\/div>\n\t\t<\/div>\n\t\t\t\t\t\t\t<\/div>\n\t\t<\/section>\n\t\t\t\t<section class=\"elementor-section elementor-top-section elementor-element elementor-element-8c55e01 elementor-section-boxed elementor-section-height-default elementor-section-height-default\" data-id=\"8c55e01\" data-element_type=\"section\">\n\t\t\t\t\t\t<div class=\"elementor-container elementor-column-gap-default\">\n\t\t\t\t\t<div class=\"elementor-column elementor-col-100 elementor-top-column elementor-element elementor-element-71d2b23\" data-id=\"71d2b23\" data-element_type=\"column\">\n\t\t\t<div class=\"elementor-widget-wrap elementor-element-populated\">\n\t\t\t\t\t\t\t\t<div class=\"elementor-element elementor-element-129841d elementor-widget elementor-widget-image\" data-id=\"129841d\" data-element_type=\"widget\" data-widget_type=\"image.default\">\n\t\t\t\t<div class=\"elementor-widget-container\">\n\t\t\t<style>\/*! elementor - v3.7.0 - 08-08-2022 *\/\n.elementor-widget-image{text-align:center}.elementor-widget-image a{display:inline-block}.elementor-widget-image a img[src$=\".svg\"]{width:48px}.elementor-widget-image img{vertical-align:middle;display:inline-block}<\/style>\t\t\t\t\t\t\t\t\t\t\t\t<img loading=\"lazy\" decoding=\"async\" width=\"863\" height=\"762\" src=\"https:\/\/everstartraffic.com\/wp-content\/uploads\/2022\/01\/\u9707\u8361\u673a\u53c2\u6570\u8868.png\" class=\"attachment-large size-large\" alt=\"\" srcset=\"https:\/\/everstartraffic.com\/wp-content\/uploads\/2022\/01\/\u9707\u8361\u673a\u53c2\u6570\u8868.png 863w, https:\/\/everstartraffic.com\/wp-content\/uploads\/2022\/01\/\u9707\u8361\u673a\u53c2\u6570\u8868-600x530.png 600w, https:\/\/everstartraffic.com\/wp-content\/uploads\/2022\/01\/\u9707\u8361\u673a\u53c2\u6570\u8868-300x265.png 300w, https:\/\/everstartraffic.com\/wp-content\/uploads\/2022\/01\/\u9707\u8361\u673a\u53c2\u6570\u8868-768x678.png 768w\" sizes=\"auto, (max-width: 863px) 100vw, 863px\" \/>\t\t\t\t\t\t\t\t\t\t\t\t\t\t\t<\/div>\n\t\t\t\t<\/div>\n\t\t\t\t\t<\/div>\n\t\t<\/div>\n\t\t\t\t\t\t\t<\/div>\n\t\t<\/section>\n\t\t\t\t<section class=\"elementor-section elementor-top-section elementor-element elementor-element-803354d elementor-section-boxed elementor-section-height-default elementor-section-height-default\" data-id=\"803354d\" data-element_type=\"section\">\n\t\t\t\t\t\t<div class=\"elementor-container elementor-column-gap-default\">\n\t\t\t\t\t<div class=\"elementor-column elementor-col-100 elementor-top-column elementor-element elementor-element-57f683c\" data-id=\"57f683c\" data-element_type=\"column\">\n\t\t\t<div class=\"elementor-widget-wrap elementor-element-populated\">\n\t\t\t\t\t\t\t\t<div class=\"elementor-element elementor-element-4280d83 elementor-widget elementor-widget-heading\" data-id=\"4280d83\" data-element_type=\"widget\" data-widget_type=\"heading.default\">\n\t\t\t\t<div class=\"elementor-widget-container\">\n\t\t\t<h4 class=\"elementor-heading-title elementor-size-default\">Exhibici\u00f3n del producto<\/h4>\t\t<\/div>\n\t\t\t\t<\/div>\n\t\t\t\t\t<\/div>\n\t\t<\/div>\n\t\t\t\t\t\t\t<\/div>\n\t\t<\/section>\n\t\t\t\t<section class=\"elementor-section elementor-top-section elementor-element elementor-element-ef8ceca elementor-section-boxed elementor-section-height-default elementor-section-height-default\" data-id=\"ef8ceca\" data-element_type=\"section\">\n\t\t\t\t\t\t<div class=\"elementor-container elementor-column-gap-default\">\n\t\t\t\t\t<div class=\"elementor-column elementor-col-100 elementor-top-column elementor-element elementor-element-90d7b47\" data-id=\"90d7b47\" data-element_type=\"column\">\n\t\t\t<div class=\"elementor-widget-wrap elementor-element-populated\">\n\t\t\t\t\t\t\t\t<div class=\"elementor-element elementor-element-e12e2d3 elementor-widget elementor-widget-image\" data-id=\"e12e2d3\" data-element_type=\"widget\" data-widget_type=\"image.default\">\n\t\t\t\t<div class=\"elementor-widget-container\">\n\t\t\t\t\t\t\t\t\t\t\t\t\t\t\t<img loading=\"lazy\" decoding=\"async\" width=\"755\" height=\"1024\" src=\"https:\/\/everstartraffic.com\/wp-content\/uploads\/2022\/01\/\u9707\u8361\u673a\u90e8\u4ef6\u6307\u793a\u56fe-755x1024.jpg\" class=\"attachment-large size-large\" alt=\"\" srcset=\"https:\/\/everstartraffic.com\/wp-content\/uploads\/2022\/01\/\u9707\u8361\u673a\u90e8\u4ef6\u6307\u793a\u56fe-755x1024.jpg 755w, https:\/\/everstartraffic.com\/wp-content\/uploads\/2022\/01\/\u9707\u8361\u673a\u90e8\u4ef6\u6307\u793a\u56fe-600x814.jpg 600w, https:\/\/everstartraffic.com\/wp-content\/uploads\/2022\/01\/\u9707\u8361\u673a\u90e8\u4ef6\u6307\u793a\u56fe-221x300.jpg 221w, https:\/\/everstartraffic.com\/wp-content\/uploads\/2022\/01\/\u9707\u8361\u673a\u90e8\u4ef6\u6307\u793a\u56fe-768x1042.jpg 768w, https:\/\/everstartraffic.com\/wp-content\/uploads\/2022\/01\/\u9707\u8361\u673a\u90e8\u4ef6\u6307\u793a\u56fe-1132x1536.jpg 1132w, https:\/\/everstartraffic.com\/wp-content\/uploads\/2022\/01\/\u9707\u8361\u673a\u90e8\u4ef6\u6307\u793a\u56fe-1320x1791.jpg 1320w, https:\/\/everstartraffic.com\/wp-content\/uploads\/2022\/01\/\u9707\u8361\u673a\u90e8\u4ef6\u6307\u793a\u56fe.jpg 1509w\" sizes=\"auto, (max-width: 755px) 100vw, 755px\" \/>\t\t\t\t\t\t\t\t\t\t\t\t\t\t\t<\/div>\n\t\t\t\t<\/div>\n\t\t\t\t\t<\/div>\n\t\t<\/div>\n\t\t\t\t\t\t\t<\/div>\n\t\t<\/section>\n\t\t\t\t<section class=\"elementor-section elementor-top-section elementor-element elementor-element-3fabeec elementor-section-boxed elementor-section-height-default elementor-section-height-default\" data-id=\"3fabeec\" data-element_type=\"section\">\n\t\t\t\t\t\t<div class=\"elementor-container elementor-column-gap-default\">\n\t\t\t\t\t<div class=\"elementor-column elementor-col-100 elementor-top-column elementor-element elementor-element-807dd64\" data-id=\"807dd64\" data-element_type=\"column\">\n\t\t\t<div class=\"elementor-widget-wrap elementor-element-populated\">\n\t\t\t\t\t\t\t\t<div class=\"elementor-element elementor-element-562617d elementor-widget elementor-widget-image\" data-id=\"562617d\" data-element_type=\"widget\" data-widget_type=\"image.default\">\n\t\t\t\t<div class=\"elementor-widget-container\">\n\t\t\t\t\t\t\t\t\t\t\t\t\t\t\t<img loading=\"lazy\" decoding=\"async\" width=\"953\" height=\"546\" src=\"https:\/\/everstartraffic.com\/wp-content\/uploads\/2022\/01\/\u9707\u8361\u673a\u82f1\u6587\u90e8\u4ef6\u56fe-2.png\" class=\"attachment-large size-large\" alt=\"\" srcset=\"https:\/\/everstartraffic.com\/wp-content\/uploads\/2022\/01\/\u9707\u8361\u673a\u82f1\u6587\u90e8\u4ef6\u56fe-2.png 953w, https:\/\/everstartraffic.com\/wp-content\/uploads\/2022\/01\/\u9707\u8361\u673a\u82f1\u6587\u90e8\u4ef6\u56fe-2-600x344.png 600w, https:\/\/everstartraffic.com\/wp-content\/uploads\/2022\/01\/\u9707\u8361\u673a\u82f1\u6587\u90e8\u4ef6\u56fe-2-300x172.png 300w, https:\/\/everstartraffic.com\/wp-content\/uploads\/2022\/01\/\u9707\u8361\u673a\u82f1\u6587\u90e8\u4ef6\u56fe-2-768x440.png 768w\" sizes=\"auto, (max-width: 953px) 100vw, 953px\" \/>\t\t\t\t\t\t\t\t\t\t\t\t\t\t\t<\/div>\n\t\t\t\t<\/div>\n\t\t\t\t\t<\/div>\n\t\t<\/div>\n\t\t\t\t\t\t\t<\/div>\n\t\t<\/section>\n\t\t\t\t<section class=\"elementor-section elementor-top-section elementor-element elementor-element-f282ca9 elementor-section-boxed elementor-section-height-default elementor-section-height-default\" data-id=\"f282ca9\" data-element_type=\"section\">\n\t\t\t\t\t\t<div class=\"elementor-container elementor-column-gap-default\">\n\t\t\t\t\t<div class=\"elementor-column elementor-col-100 elementor-top-column elementor-element elementor-element-9967d5f\" data-id=\"9967d5f\" data-element_type=\"column\">\n\t\t\t<div class=\"elementor-widget-wrap elementor-element-populated\">\n\t\t\t\t\t\t\t\t<div class=\"elementor-element elementor-element-4de1ea4 elementor-widget elementor-widget-image\" data-id=\"4de1ea4\" data-element_type=\"widget\" data-widget_type=\"image.default\">\n\t\t\t\t<div class=\"elementor-widget-container\">\n\t\t\t\t\t\t\t\t\t\t\t\t\t\t\t<img loading=\"lazy\" decoding=\"async\" width=\"919\" height=\"599\" src=\"https:\/\/everstartraffic.com\/wp-content\/uploads\/2022\/01\/\u9707\u8361\u673a\u82f1\u6587\u90e8\u4ef6\u56fe-3.png\" class=\"attachment-large size-large\" alt=\"\" srcset=\"https:\/\/everstartraffic.com\/wp-content\/uploads\/2022\/01\/\u9707\u8361\u673a\u82f1\u6587\u90e8\u4ef6\u56fe-3.png 919w, https:\/\/everstartraffic.com\/wp-content\/uploads\/2022\/01\/\u9707\u8361\u673a\u82f1\u6587\u90e8\u4ef6\u56fe-3-600x391.png 600w, https:\/\/everstartraffic.com\/wp-content\/uploads\/2022\/01\/\u9707\u8361\u673a\u82f1\u6587\u90e8\u4ef6\u56fe-3-300x196.png 300w, https:\/\/everstartraffic.com\/wp-content\/uploads\/2022\/01\/\u9707\u8361\u673a\u82f1\u6587\u90e8\u4ef6\u56fe-3-768x501.png 768w\" sizes=\"auto, (max-width: 919px) 100vw, 919px\" \/>\t\t\t\t\t\t\t\t\t\t\t\t\t\t\t<\/div>\n\t\t\t\t<\/div>\n\t\t\t\t\t<\/div>\n\t\t<\/div>\n\t\t\t\t\t\t\t<\/div>\n\t\t<\/section>\n\t\t\t\t<section class=\"elementor-section elementor-top-section elementor-element elementor-element-950ee53 elementor-section-boxed elementor-section-height-default elementor-section-height-default\" data-id=\"950ee53\" data-element_type=\"section\">\n\t\t\t\t\t\t<div class=\"elementor-container elementor-column-gap-default\">\n\t\t\t\t\t<div class=\"elementor-column elementor-col-100 elementor-top-column elementor-element elementor-element-1da3bb0\" data-id=\"1da3bb0\" data-element_type=\"column\">\n\t\t\t<div class=\"elementor-widget-wrap elementor-element-populated\">\n\t\t\t\t\t\t\t\t<div class=\"elementor-element elementor-element-abb3c84 elementor-widget elementor-widget-image\" data-id=\"abb3c84\" data-element_type=\"widget\" data-widget_type=\"image.default\">\n\t\t\t\t<div class=\"elementor-widget-container\">\n\t\t\t\t\t\t\t\t\t\t\t\t\t\t\t<img loading=\"lazy\" decoding=\"async\" width=\"929\" height=\"406\" src=\"https:\/\/everstartraffic.com\/wp-content\/uploads\/2022\/01\/\u9707\u8361\u673a\u82f1\u6587\u90e8\u4ef6\u56fe-1.png\" class=\"attachment-large size-large\" alt=\"\" srcset=\"https:\/\/everstartraffic.com\/wp-content\/uploads\/2022\/01\/\u9707\u8361\u673a\u82f1\u6587\u90e8\u4ef6\u56fe-1.png 929w, https:\/\/everstartraffic.com\/wp-content\/uploads\/2022\/01\/\u9707\u8361\u673a\u82f1\u6587\u90e8\u4ef6\u56fe-1-600x262.png 600w, https:\/\/everstartraffic.com\/wp-content\/uploads\/2022\/01\/\u9707\u8361\u673a\u82f1\u6587\u90e8\u4ef6\u56fe-1-300x131.png 300w, https:\/\/everstartraffic.com\/wp-content\/uploads\/2022\/01\/\u9707\u8361\u673a\u82f1\u6587\u90e8\u4ef6\u56fe-1-768x336.png 768w\" sizes=\"auto, (max-width: 929px) 100vw, 929px\" \/>\t\t\t\t\t\t\t\t\t\t\t\t\t\t\t<\/div>\n\t\t\t\t<\/div>\n\t\t\t\t\t<\/div>\n\t\t<\/div>\n\t\t\t\t\t\t\t<\/div>\n\t\t<\/section>\n\t\t\t\t<section class=\"elementor-section elementor-top-section elementor-element elementor-element-1543a8f elementor-section-boxed elementor-section-height-default elementor-section-height-default\" data-id=\"1543a8f\" data-element_type=\"section\">\n\t\t\t\t\t\t<div class=\"elementor-container elementor-column-gap-default\">\n\t\t\t\t\t<div class=\"elementor-column elementor-col-100 elementor-top-column elementor-element elementor-element-a42bc38\" data-id=\"a42bc38\" data-element_type=\"column\">\n\t\t\t<div class=\"elementor-widget-wrap elementor-element-populated\">\n\t\t\t\t\t\t\t\t<div class=\"elementor-element elementor-element-b4d7ffa elementor-widget elementor-widget-heading\" data-id=\"b4d7ffa\" data-element_type=\"widget\" data-widget_type=\"heading.default\">\n\t\t\t\t<div class=\"elementor-widget-container\">\n\t\t\t<h4 class=\"elementor-heading-title elementor-size-default\">Fotos del proyecto de se\u00f1alizaci\u00f3n vial<\/h4>\t\t<\/div>\n\t\t\t\t<\/div>\n\t\t\t\t\t<\/div>\n\t\t<\/div>\n\t\t\t\t\t\t\t<\/div>\n\t\t<\/section>\n\t\t\t\t<section class=\"elementor-section elementor-top-section elementor-element elementor-element-da7cdfe elementor-section-boxed elementor-section-height-default elementor-section-height-default\" data-id=\"da7cdfe\" data-element_type=\"section\">\n\t\t\t\t\t\t<div class=\"elementor-container elementor-column-gap-default\">\n\t\t\t\t\t<div class=\"elementor-column elementor-col-100 elementor-top-column elementor-element elementor-element-865389f\" data-id=\"865389f\" data-element_type=\"column\">\n\t\t\t<div class=\"elementor-widget-wrap elementor-element-populated\">\n\t\t\t\t\t\t\t\t<div class=\"elementor-element elementor-element-1454949 elementor-widget elementor-widget-image\" data-id=\"1454949\" data-element_type=\"widget\" data-widget_type=\"image.default\">\n\t\t\t\t<div class=\"elementor-widget-container\">\n\t\t\t\t\t\t\t\t\t\t\t\t\t\t\t<img loading=\"lazy\" decoding=\"async\" width=\"750\" height=\"960\" src=\"https:\/\/everstartraffic.com\/wp-content\/uploads\/2022\/01\/\u65bd\u5de5\u56fe.jpg\" class=\"attachment-large size-large\" alt=\"\" srcset=\"https:\/\/everstartraffic.com\/wp-content\/uploads\/2022\/01\/\u65bd\u5de5\u56fe.jpg 750w, https:\/\/everstartraffic.com\/wp-content\/uploads\/2022\/01\/\u65bd\u5de5\u56fe-600x768.jpg 600w, https:\/\/everstartraffic.com\/wp-content\/uploads\/2022\/01\/\u65bd\u5de5\u56fe-234x300.jpg 234w\" sizes=\"auto, (max-width: 750px) 100vw, 750px\" \/>\t\t\t\t\t\t\t\t\t\t\t\t\t\t\t<\/div>\n\t\t\t\t<\/div>\n\t\t\t\t\t<\/div>\n\t\t<\/div>\n\t\t\t\t\t\t\t<\/div>\n\t\t<\/section>\n\t\t\t\t<section class=\"elementor-section elementor-top-section elementor-element elementor-element-a1205da elementor-section-boxed elementor-section-height-default elementor-section-height-default\" data-id=\"a1205da\" data-element_type=\"section\">\n\t\t\t\t\t\t<div class=\"elementor-container elementor-column-gap-default\">\n\t\t\t\t\t<div class=\"elementor-column elementor-col-100 elementor-top-column elementor-element elementor-element-d2656d8\" data-id=\"d2656d8\" data-element_type=\"column\">\n\t\t\t<div class=\"elementor-widget-wrap elementor-element-populated\">\n\t\t\t\t\t\t\t\t<div class=\"elementor-element elementor-element-9b449b2 elementor-widget elementor-widget-heading\" data-id=\"9b449b2\" data-element_type=\"widget\" data-widget_type=\"heading.default\">\n\t\t\t\t<div class=\"elementor-widget-container\">\n\t\t\t<h4 class=\"elementor-heading-title elementor-size-default\">Fotos de la aplicaci\u00f3n<\/h4>\t\t<\/div>\n\t\t\t\t<\/div>\n\t\t\t\t\t<\/div>\n\t\t<\/div>\n\t\t\t\t\t\t\t<\/div>\n\t\t<\/section>\n\t\t\t\t<section class=\"elementor-section elementor-top-section elementor-element elementor-element-e96d055 elementor-section-boxed elementor-section-height-default elementor-section-height-default\" data-id=\"e96d055\" data-element_type=\"section\">\n\t\t\t\t\t\t<div class=\"elementor-container elementor-column-gap-default\">\n\t\t\t\t\t<div class=\"elementor-column elementor-col-100 elementor-top-column elementor-element elementor-element-b0fe5d8\" data-id=\"b0fe5d8\" data-element_type=\"column\">\n\t\t\t<div class=\"elementor-widget-wrap elementor-element-populated\">\n\t\t\t\t\t\t\t\t<div class=\"elementor-element elementor-element-2845e0e elementor-widget elementor-widget-image\" data-id=\"2845e0e\" data-element_type=\"widget\" data-widget_type=\"image.default\">\n\t\t\t\t<div class=\"elementor-widget-container\">\n\t\t\t\t\t\t\t\t\t\t\t\t\t\t\t<img loading=\"lazy\" decoding=\"async\" width=\"800\" height=\"800\" src=\"https:\/\/everstartraffic.com\/wp-content\/uploads\/2022\/01\/\u9707\u8361\u7ebf\u6548\u679c\u56fe.jpg\" class=\"attachment-large size-large\" alt=\"\" srcset=\"https:\/\/everstartraffic.com\/wp-content\/uploads\/2022\/01\/\u9707\u8361\u7ebf\u6548\u679c\u56fe.jpg 800w, https:\/\/everstartraffic.com\/wp-content\/uploads\/2022\/01\/\u9707\u8361\u7ebf\u6548\u679c\u56fe-300x300.jpg 300w, https:\/\/everstartraffic.com\/wp-content\/uploads\/2022\/01\/\u9707\u8361\u7ebf\u6548\u679c\u56fe-100x100.jpg 100w, https:\/\/everstartraffic.com\/wp-content\/uploads\/2022\/01\/\u9707\u8361\u7ebf\u6548\u679c\u56fe-600x600.jpg 600w, https:\/\/everstartraffic.com\/wp-content\/uploads\/2022\/01\/\u9707\u8361\u7ebf\u6548\u679c\u56fe-150x150.jpg 150w, https:\/\/everstartraffic.com\/wp-content\/uploads\/2022\/01\/\u9707\u8361\u7ebf\u6548\u679c\u56fe-768x768.jpg 768w\" sizes=\"auto, (max-width: 800px) 100vw, 800px\" \/>\t\t\t\t\t\t\t\t\t\t\t\t\t\t\t<\/div>\n\t\t\t\t<\/div>\n\t\t\t\t\t<\/div>\n\t\t<\/div>\n\t\t\t\t\t\t\t<\/div>\n\t\t<\/section>\n\t\t\t\t\t\t\t<\/div>\n\t\t","protected":false},"excerpt":{"rendered":"<p>La m\u00e1quina de marcado vial termopl\u00e1stico convexo autopropulsado ES-3 se utiliza para marcar las l\u00edneas de perfil. Las l\u00edneas convexas act\u00faan como reductores de velocidad cuando el conductor cruza la carretera. Tiene una gran capacidad de fricci\u00f3n y puede garantizar la seguridad de la conducci\u00f3n. La m\u00e1quina adopt\u00f3 un controlador inteligente Siemens, un cilindro Itlay Camozzi y una v\u00e1lvula electromagn\u00e9tica.   <\/p>\n","protected":false},"featured_media":3577,"comment_status":"open","ping_status":"closed","template":"","meta":{"_monsterinsights_skip_tracking":false,"_monsterinsights_sitenote_active":false,"_monsterinsights_sitenote_note":"","_monsterinsights_sitenote_category":0,"spay_email":"","jetpack_publicize_message":"","jetpack_is_tweetstorm":false,"jetpack_publicize_feature_enabled":true},"product_cat":[337,341,294],"product_tag":[499,374,488,469],"class_list":["post-9630","product","type-product","status-publish","has-post-thumbnail","hentry","product_cat-maquina-de-marcado-de-carreteras","product_cat-maquina-de-marcado-vial-termoplastico","product_cat-sin-categorizar","product_tag-maquina-de-marcado-de-lineas-de-carretera-convexas-por-vibracion","product_tag-maquina-de-marcado-vial-convexo","product_tag-maquina-de-marcado-vial-termoplastico","product_tag-maquina-de-senalizacion-vial-autopropulsada"],"aioseo_notices":[],"_links":{"self":[{"href":"https:\/\/everstartraffic.com\/es\/wp-json\/wp\/v2\/product\/9630","targetHints":{"allow":["GET"]}}],"collection":[{"href":"https:\/\/everstartraffic.com\/es\/wp-json\/wp\/v2\/product"}],"about":[{"href":"https:\/\/everstartraffic.com\/es\/wp-json\/wp\/v2\/types\/product"}],"replies":[{"embeddable":true,"href":"https:\/\/everstartraffic.com\/es\/wp-json\/wp\/v2\/comments?post=9630"}],"version-history":[{"count":1,"href":"https:\/\/everstartraffic.com\/es\/wp-json\/wp\/v2\/product\/9630\/revisions"}],"predecessor-version":[{"id":9631,"href":"https:\/\/everstartraffic.com\/es\/wp-json\/wp\/v2\/product\/9630\/revisions\/9631"}],"wp:featuredmedia":[{"embeddable":true,"href":"https:\/\/everstartraffic.com\/es\/wp-json\/wp\/v2\/media\/3577"}],"wp:attachment":[{"href":"https:\/\/everstartraffic.com\/es\/wp-json\/wp\/v2\/media?parent=9630"}],"wp:term":[{"taxonomy":"product_cat","embeddable":true,"href":"https:\/\/everstartraffic.com\/es\/wp-json\/wp\/v2\/product_cat?post=9630"},{"taxonomy":"product_tag","embeddable":true,"href":"https:\/\/everstartraffic.com\/es\/wp-json\/wp\/v2\/product_tag?post=9630"}],"curies":[{"name":"wp","href":"https:\/\/api.w.org\/{rel}","templated":true}]}}