{"id":9628,"date":"2022-01-24T15:14:21","date_gmt":"2022-01-24T15:14:21","guid":{"rendered":"https:\/\/www.everstartraffic.com\/product\/maquina-de-linea-de-premarcado-es-7\/"},"modified":"2024-09-19T08:53:35","modified_gmt":"2024-09-19T08:53:35","slug":"maquina-de-linea-de-premarcado-es-7","status":"publish","type":"product","link":"https:\/\/everstartraffic.com\/es\/product\/maquina-de-linea-de-premarcado-es-7\/","title":{"rendered":"M\u00c1QUINA DE L\u00cdNEA DE PREMARCADO ES-7"},"content":{"rendered":"\t\t<div data-elementor-type=\"product-post\" data-elementor-id=\"9628\" class=\"elementor elementor-9628 elementor-3599\">\n\t\t\t\t\t\t\t\t\t<section class=\"elementor-section elementor-top-section elementor-element elementor-element-c6de69c elementor-section-boxed elementor-section-height-default elementor-section-height-default\" data-id=\"c6de69c\" data-element_type=\"section\">\n\t\t\t\t\t\t<div class=\"elementor-container elementor-column-gap-default\">\n\t\t\t\t\t<div class=\"elementor-column elementor-col-100 elementor-top-column elementor-element elementor-element-ecb16d0\" data-id=\"ecb16d0\" data-element_type=\"column\">\n\t\t\t<div class=\"elementor-widget-wrap elementor-element-populated\">\n\t\t\t\t\t\t\t\t<div class=\"elementor-element elementor-element-f43264e elementor-widget elementor-widget-heading\" data-id=\"f43264e\" data-element_type=\"widget\" data-widget_type=\"heading.default\">\n\t\t\t\t<div class=\"elementor-widget-container\">\n\t\t\t<style>\/*! elementor - v3.7.0 - 08-08-2022 *\/\n.elementor-heading-title{padding:0;margin:0;line-height:1}.elementor-widget-heading .elementor-heading-title[class*=elementor-size-]>a{color:inherit;font-size:inherit;line-height:inherit}.elementor-widget-heading .elementor-heading-title.elementor-size-small{font-size:15px}.elementor-widget-heading .elementor-heading-title.elementor-size-medium{font-size:19px}.elementor-widget-heading .elementor-heading-title.elementor-size-large{font-size:29px}.elementor-widget-heading .elementor-heading-title.elementor-size-xl{font-size:39px}.elementor-widget-heading .elementor-heading-title.elementor-size-xxl{font-size:59px}<\/style><h4 class=\"elementor-heading-title elementor-size-default\">semiautom\u00e1tico<\/h4>\t\t<\/div>\n\t\t\t\t<\/div>\n\t\t\t\t\t<\/div>\n\t\t<\/div>\n\t\t\t\t\t\t\t<\/div>\n\t\t<\/section>\n\t\t\t\t<section class=\"elementor-section elementor-top-section elementor-element elementor-element-31d4975 elementor-section-boxed elementor-section-height-default elementor-section-height-default\" data-id=\"31d4975\" data-element_type=\"section\">\n\t\t\t\t\t\t<div class=\"elementor-container elementor-column-gap-default\">\n\t\t\t\t\t<div class=\"elementor-column elementor-col-100 elementor-top-column elementor-element elementor-element-b2e1e4e\" data-id=\"b2e1e4e\" data-element_type=\"column\">\n\t\t\t<div class=\"elementor-widget-wrap elementor-element-populated\">\n\t\t\t\t\t\t\t\t<div class=\"elementor-element elementor-element-e88398d elementor-widget elementor-widget-image\" data-id=\"e88398d\" data-element_type=\"widget\" data-widget_type=\"image.default\">\n\t\t\t\t<div class=\"elementor-widget-container\">\n\t\t\t<style>\/*! elementor - v3.7.0 - 08-08-2022 *\/\n.elementor-widget-image{text-align:center}.elementor-widget-image a{display:inline-block}.elementor-widget-image a img[src$=\".svg\"]{width:48px}.elementor-widget-image img{vertical-align:middle;display:inline-block}<\/style>\t\t\t\t\t\t\t\t\t\t\t\t<img loading=\"lazy\" decoding=\"async\" width=\"1024\" height=\"347\" src=\"https:\/\/everstartraffic.com\/wp-content\/uploads\/2022\/01\/\u6c34\u7ebf\u673a\u53c2\u6570-2-1024x347.png\" class=\"attachment-large size-large\" alt=\"\" srcset=\"https:\/\/everstartraffic.com\/wp-content\/uploads\/2022\/01\/\u6c34\u7ebf\u673a\u53c2\u6570-2-1024x347.png 1024w, https:\/\/everstartraffic.com\/wp-content\/uploads\/2022\/01\/\u6c34\u7ebf\u673a\u53c2\u6570-2-600x203.png 600w, https:\/\/everstartraffic.com\/wp-content\/uploads\/2022\/01\/\u6c34\u7ebf\u673a\u53c2\u6570-2-300x102.png 300w, https:\/\/everstartraffic.com\/wp-content\/uploads\/2022\/01\/\u6c34\u7ebf\u673a\u53c2\u6570-2-768x260.png 768w, https:\/\/everstartraffic.com\/wp-content\/uploads\/2022\/01\/\u6c34\u7ebf\u673a\u53c2\u6570-2.png 1272w\" sizes=\"auto, (max-width: 1024px) 100vw, 1024px\" \/>\t\t\t\t\t\t\t\t\t\t\t\t\t\t\t<\/div>\n\t\t\t\t<\/div>\n\t\t\t\t\t<\/div>\n\t\t<\/div>\n\t\t\t\t\t\t\t<\/div>\n\t\t<\/section>\n\t\t\t\t<section class=\"elementor-section elementor-top-section elementor-element elementor-element-0a11f21 elementor-section-boxed elementor-section-height-default elementor-section-height-default\" data-id=\"0a11f21\" data-element_type=\"section\">\n\t\t\t\t\t\t<div class=\"elementor-container elementor-column-gap-default\">\n\t\t\t\t\t<div class=\"elementor-column elementor-col-100 elementor-top-column elementor-element elementor-element-1e030b7\" data-id=\"1e030b7\" data-element_type=\"column\">\n\t\t\t<div class=\"elementor-widget-wrap elementor-element-populated\">\n\t\t\t\t\t\t\t\t<div class=\"elementor-element elementor-element-a8067a2 elementor-widget elementor-widget-heading\" data-id=\"a8067a2\" data-element_type=\"widget\" data-widget_type=\"heading.default\">\n\t\t\t\t<div class=\"elementor-widget-container\">\n\t\t\t<h4 class=\"elementor-heading-title elementor-size-default\">Pantalla de la aplicaci\u00f3n <\/h4>\t\t<\/div>\n\t\t\t\t<\/div>\n\t\t\t\t\t<\/div>\n\t\t<\/div>\n\t\t\t\t\t\t\t<\/div>\n\t\t<\/section>\n\t\t\t\t<section class=\"elementor-section elementor-top-section elementor-element elementor-element-7730ff9 elementor-section-boxed elementor-section-height-default elementor-section-height-default\" data-id=\"7730ff9\" data-element_type=\"section\">\n\t\t\t\t\t\t<div class=\"elementor-container elementor-column-gap-default\">\n\t\t\t\t\t<div class=\"elementor-column elementor-col-100 elementor-top-column elementor-element elementor-element-fad4904\" data-id=\"fad4904\" data-element_type=\"column\">\n\t\t\t<div class=\"elementor-widget-wrap elementor-element-populated\">\n\t\t\t\t\t\t\t\t<div class=\"elementor-element elementor-element-3c92ef6 elementor-widget elementor-widget-image\" data-id=\"3c92ef6\" data-element_type=\"widget\" data-widget_type=\"image.default\">\n\t\t\t\t<div class=\"elementor-widget-container\">\n\t\t\t\t\t\t\t\t\t\t\t\t\t\t\t<img loading=\"lazy\" decoding=\"async\" width=\"800\" height=\"800\" src=\"https:\/\/everstartraffic.com\/wp-content\/uploads\/2022\/01\/\u4f7f\u7528\u62fc\u56fe.jpg\" class=\"attachment-large size-large\" alt=\"\" srcset=\"https:\/\/everstartraffic.com\/wp-content\/uploads\/2022\/01\/\u4f7f\u7528\u62fc\u56fe.jpg 800w, https:\/\/everstartraffic.com\/wp-content\/uploads\/2022\/01\/\u4f7f\u7528\u62fc\u56fe-300x300.jpg 300w, https:\/\/everstartraffic.com\/wp-content\/uploads\/2022\/01\/\u4f7f\u7528\u62fc\u56fe-100x100.jpg 100w, https:\/\/everstartraffic.com\/wp-content\/uploads\/2022\/01\/\u4f7f\u7528\u62fc\u56fe-600x600.jpg 600w, https:\/\/everstartraffic.com\/wp-content\/uploads\/2022\/01\/\u4f7f\u7528\u62fc\u56fe-150x150.jpg 150w, https:\/\/everstartraffic.com\/wp-content\/uploads\/2022\/01\/\u4f7f\u7528\u62fc\u56fe-768x768.jpg 768w\" sizes=\"auto, (max-width: 800px) 100vw, 800px\" \/>\t\t\t\t\t\t\t\t\t\t\t\t\t\t\t<\/div>\n\t\t\t\t<\/div>\n\t\t\t\t\t<\/div>\n\t\t<\/div>\n\t\t\t\t\t\t\t<\/div>\n\t\t<\/section>\n\t\t\t\t\t\t\t<\/div>\n\t\t","protected":false},"excerpt":{"rendered":"<p>La m\u00e1quina de premarcado de l\u00edneas ES-7 es una m\u00e1quina auxiliar en la construcci\u00f3n de carreteras. Puede marcar el premarcado libremente seg\u00fan los requisitos de las construcciones para evitar un marcado defectuoso. Tambi\u00e9n puede realizar de 1 a 3 l\u00edneas de forma independiente, lo que mejora en gran medida la eficiencia de la construcci\u00f3n.  <\/p>\n","protected":false},"featured_media":3602,"comment_status":"open","ping_status":"closed","template":"","meta":{"_monsterinsights_skip_tracking":false,"_monsterinsights_sitenote_active":false,"_monsterinsights_sitenote_note":"","_monsterinsights_sitenote_category":0,"spay_email":"","jetpack_publicize_message":"","jetpack_is_tweetstorm":false,"jetpack_publicize_feature_enabled":true},"product_cat":[339,337,294],"product_tag":[451,427],"class_list":["post-9628","product","type-product","status-publish","has-post-thumbnail","hentry","product_cat-maquina-auxiliar-de-carretera","product_cat-maquina-de-marcado-de-carreteras","product_cat-sin-categorizar","product_tag-maquina-auxiliar-para-senalizacion-vial-es","product_tag-maquina-de-premarcado"],"aioseo_notices":[],"_links":{"self":[{"href":"https:\/\/everstartraffic.com\/es\/wp-json\/wp\/v2\/product\/9628","targetHints":{"allow":["GET"]}}],"collection":[{"href":"https:\/\/everstartraffic.com\/es\/wp-json\/wp\/v2\/product"}],"about":[{"href":"https:\/\/everstartraffic.com\/es\/wp-json\/wp\/v2\/types\/product"}],"replies":[{"embeddable":true,"href":"https:\/\/everstartraffic.com\/es\/wp-json\/wp\/v2\/comments?post=9628"}],"version-history":[{"count":1,"href":"https:\/\/everstartraffic.com\/es\/wp-json\/wp\/v2\/product\/9628\/revisions"}],"predecessor-version":[{"id":9629,"href":"https:\/\/everstartraffic.com\/es\/wp-json\/wp\/v2\/product\/9628\/revisions\/9629"}],"wp:featuredmedia":[{"embeddable":true,"href":"https:\/\/everstartraffic.com\/es\/wp-json\/wp\/v2\/media\/3602"}],"wp:attachment":[{"href":"https:\/\/everstartraffic.com\/es\/wp-json\/wp\/v2\/media?parent=9628"}],"wp:term":[{"taxonomy":"product_cat","embeddable":true,"href":"https:\/\/everstartraffic.com\/es\/wp-json\/wp\/v2\/product_cat?post=9628"},{"taxonomy":"product_tag","embeddable":true,"href":"https:\/\/everstartraffic.com\/es\/wp-json\/wp\/v2\/product_tag?post=9628"}],"curies":[{"name":"wp","href":"https:\/\/api.w.org\/{rel}","templated":true}]}}