{"id":9618,"date":"2022-01-26T14:22:57","date_gmt":"2022-01-26T14:22:57","guid":{"rendered":"https:\/\/www.everstartraffic.com\/product\/maquina-calentadora-de-bitumen-tipo-liquido-gas-es-60l-para-reparacion-de-baches\/"},"modified":"2024-09-19T08:51:11","modified_gmt":"2024-09-19T08:51:11","slug":"maquina-calentadora-de-bitumen-tipo-liquido-gas-es-60l-para-reparacion-de-baches","status":"publish","type":"product","link":"https:\/\/everstartraffic.com\/es\/product\/maquina-calentadora-de-bitumen-tipo-liquido-gas-es-60l-para-reparacion-de-baches\/","title":{"rendered":"M\u00c1QUINA CALENTADORA DE BITUMEN TIPO L\u00cdQUIDO-GAS ES-60L PARA REPARACI\u00d3N DE BACHES"},"content":{"rendered":"\t\t<div data-elementor-type=\"product-post\" data-elementor-id=\"9618\" class=\"elementor elementor-9618 elementor-3690\">\n\t\t\t\t\t\t\t\t\t<section class=\"elementor-section elementor-top-section elementor-element elementor-element-2045136 elementor-section-boxed elementor-section-height-default elementor-section-height-default\" data-id=\"2045136\" data-element_type=\"section\">\n\t\t\t\t\t\t<div class=\"elementor-container elementor-column-gap-default\">\n\t\t\t\t\t<div class=\"elementor-column elementor-col-100 elementor-top-column elementor-element elementor-element-4607a44\" data-id=\"4607a44\" data-element_type=\"column\">\n\t\t\t<div class=\"elementor-widget-wrap elementor-element-populated\">\n\t\t\t\t\t\t\t\t<div class=\"elementor-element elementor-element-c03a9fc elementor-widget elementor-widget-heading\" data-id=\"c03a9fc\" data-element_type=\"widget\" data-widget_type=\"heading.default\">\n\t\t\t\t<div class=\"elementor-widget-container\">\n\t\t\t<style>\/*! elementor - v3.7.0 - 08-08-2022 *\/\n.elementor-heading-title{padding:0;margin:0;line-height:1}.elementor-widget-heading .elementor-heading-title[class*=elementor-size-]>a{color:inherit;font-size:inherit;line-height:inherit}.elementor-widget-heading .elementor-heading-title.elementor-size-small{font-size:15px}.elementor-widget-heading .elementor-heading-title.elementor-size-medium{font-size:19px}.elementor-widget-heading .elementor-heading-title.elementor-size-large{font-size:29px}.elementor-widget-heading .elementor-heading-title.elementor-size-xl{font-size:39px}.elementor-widget-heading .elementor-heading-title.elementor-size-xxl{font-size:59px}<\/style><h4 class=\"elementor-heading-title elementor-size-default\">semiautom\u00e1tico<\/h4>\t\t<\/div>\n\t\t\t\t<\/div>\n\t\t\t\t\t<\/div>\n\t\t<\/div>\n\t\t\t\t\t\t\t<\/div>\n\t\t<\/section>\n\t\t\t\t<section class=\"elementor-section elementor-top-section elementor-element elementor-element-2723f30 elementor-section-boxed elementor-section-height-default elementor-section-height-default\" data-id=\"2723f30\" data-element_type=\"section\">\n\t\t\t\t\t\t<div class=\"elementor-container elementor-column-gap-default\">\n\t\t\t\t\t<div class=\"elementor-column elementor-col-100 elementor-top-column elementor-element elementor-element-ac53249\" data-id=\"ac53249\" data-element_type=\"column\">\n\t\t\t<div class=\"elementor-widget-wrap elementor-element-populated\">\n\t\t\t\t\t\t\t\t<div class=\"elementor-element elementor-element-2183375 elementor-widget elementor-widget-image\" data-id=\"2183375\" data-element_type=\"widget\" data-widget_type=\"image.default\">\n\t\t\t\t<div class=\"elementor-widget-container\">\n\t\t\t<style>\/*! elementor - v3.7.0 - 08-08-2022 *\/\n.elementor-widget-image{text-align:center}.elementor-widget-image a{display:inline-block}.elementor-widget-image a img[src$=\".svg\"]{width:48px}.elementor-widget-image img{vertical-align:middle;display:inline-block}<\/style>\t\t\t\t\t\t\t\t\t\t\t\t<img loading=\"lazy\" decoding=\"async\" width=\"1024\" height=\"724\" src=\"https:\/\/everstartraffic.com\/wp-content\/uploads\/2022\/01\/60L\u704c\u7f1d\u53c2\u6570\u8868-1024x724.png\" class=\"attachment-large size-large\" alt=\"\" srcset=\"https:\/\/everstartraffic.com\/wp-content\/uploads\/2022\/01\/60L\u704c\u7f1d\u53c2\u6570\u8868-1024x724.png 1024w, https:\/\/everstartraffic.com\/wp-content\/uploads\/2022\/01\/60L\u704c\u7f1d\u53c2\u6570\u8868-600x424.png 600w, https:\/\/everstartraffic.com\/wp-content\/uploads\/2022\/01\/60L\u704c\u7f1d\u53c2\u6570\u8868-300x212.png 300w, https:\/\/everstartraffic.com\/wp-content\/uploads\/2022\/01\/60L\u704c\u7f1d\u53c2\u6570\u8868-768x543.png 768w, https:\/\/everstartraffic.com\/wp-content\/uploads\/2022\/01\/60L\u704c\u7f1d\u53c2\u6570\u8868.png 1029w\" sizes=\"auto, (max-width: 1024px) 100vw, 1024px\" \/>\t\t\t\t\t\t\t\t\t\t\t\t\t\t\t<\/div>\n\t\t\t\t<\/div>\n\t\t\t\t\t<\/div>\n\t\t<\/div>\n\t\t\t\t\t\t\t<\/div>\n\t\t<\/section>\n\t\t\t\t<section class=\"elementor-section elementor-top-section elementor-element elementor-element-0e72d6c elementor-section-boxed elementor-section-height-default elementor-section-height-default\" data-id=\"0e72d6c\" data-element_type=\"section\">\n\t\t\t\t\t\t<div class=\"elementor-container elementor-column-gap-default\">\n\t\t\t\t\t<div class=\"elementor-column elementor-col-100 elementor-top-column elementor-element elementor-element-9d97988\" data-id=\"9d97988\" data-element_type=\"column\">\n\t\t\t<div class=\"elementor-widget-wrap elementor-element-populated\">\n\t\t\t\t\t\t\t\t<div class=\"elementor-element elementor-element-75cfefc elementor-widget elementor-widget-image\" data-id=\"75cfefc\" data-element_type=\"widget\" data-widget_type=\"image.default\">\n\t\t\t\t<div class=\"elementor-widget-container\">\n\t\t\t\t\t\t\t\t\t\t\t\t\t\t\t<img loading=\"lazy\" decoding=\"async\" width=\"1024\" height=\"435\" src=\"https:\/\/everstartraffic.com\/wp-content\/uploads\/2022\/01\/\u5de5\u4f5c\u539f\u7406-1024x435.png\" class=\"attachment-large size-large\" alt=\"\" srcset=\"https:\/\/everstartraffic.com\/wp-content\/uploads\/2022\/01\/\u5de5\u4f5c\u539f\u7406-1024x435.png 1024w, https:\/\/everstartraffic.com\/wp-content\/uploads\/2022\/01\/\u5de5\u4f5c\u539f\u7406-600x255.png 600w, https:\/\/everstartraffic.com\/wp-content\/uploads\/2022\/01\/\u5de5\u4f5c\u539f\u7406-300x128.png 300w, https:\/\/everstartraffic.com\/wp-content\/uploads\/2022\/01\/\u5de5\u4f5c\u539f\u7406-768x326.png 768w, https:\/\/everstartraffic.com\/wp-content\/uploads\/2022\/01\/\u5de5\u4f5c\u539f\u7406.png 1087w\" sizes=\"auto, (max-width: 1024px) 100vw, 1024px\" \/>\t\t\t\t\t\t\t\t\t\t\t\t\t\t\t<\/div>\n\t\t\t\t<\/div>\n\t\t\t\t\t<\/div>\n\t\t<\/div>\n\t\t\t\t\t\t\t<\/div>\n\t\t<\/section>\n\t\t\t\t<section class=\"elementor-section elementor-top-section elementor-element elementor-element-7da1c41 elementor-section-boxed elementor-section-height-default elementor-section-height-default\" data-id=\"7da1c41\" data-element_type=\"section\">\n\t\t\t\t\t\t<div class=\"elementor-container elementor-column-gap-default\">\n\t\t\t\t\t<div class=\"elementor-column elementor-col-100 elementor-top-column elementor-element elementor-element-40325d7\" data-id=\"40325d7\" data-element_type=\"column\">\n\t\t\t<div class=\"elementor-widget-wrap elementor-element-populated\">\n\t\t\t\t\t\t\t\t<div class=\"elementor-element elementor-element-4ded10e elementor-widget elementor-widget-image\" data-id=\"4ded10e\" data-element_type=\"widget\" data-widget_type=\"image.default\">\n\t\t\t\t<div class=\"elementor-widget-container\">\n\t\t\t\t\t\t\t\t\t\t\t\t\t\t\t<img loading=\"lazy\" decoding=\"async\" width=\"1024\" height=\"420\" src=\"https:\/\/everstartraffic.com\/wp-content\/uploads\/2022\/01\/\u7279\u70b9\u548c\u597d\u5904-1024x420.png\" class=\"attachment-large size-large\" alt=\"\" srcset=\"https:\/\/everstartraffic.com\/wp-content\/uploads\/2022\/01\/\u7279\u70b9\u548c\u597d\u5904-1024x420.png 1024w, https:\/\/everstartraffic.com\/wp-content\/uploads\/2022\/01\/\u7279\u70b9\u548c\u597d\u5904-600x246.png 600w, https:\/\/everstartraffic.com\/wp-content\/uploads\/2022\/01\/\u7279\u70b9\u548c\u597d\u5904-300x123.png 300w, https:\/\/everstartraffic.com\/wp-content\/uploads\/2022\/01\/\u7279\u70b9\u548c\u597d\u5904-768x315.png 768w, https:\/\/everstartraffic.com\/wp-content\/uploads\/2022\/01\/\u7279\u70b9\u548c\u597d\u5904.png 1103w\" sizes=\"auto, (max-width: 1024px) 100vw, 1024px\" \/>\t\t\t\t\t\t\t\t\t\t\t\t\t\t\t<\/div>\n\t\t\t\t<\/div>\n\t\t\t\t\t<\/div>\n\t\t<\/div>\n\t\t\t\t\t\t\t<\/div>\n\t\t<\/section>\n\t\t\t\t<section class=\"elementor-section elementor-top-section elementor-element elementor-element-c3a64af elementor-section-boxed elementor-section-height-default elementor-section-height-default\" data-id=\"c3a64af\" data-element_type=\"section\">\n\t\t\t\t\t\t<div class=\"elementor-container elementor-column-gap-default\">\n\t\t\t\t\t<div class=\"elementor-column elementor-col-100 elementor-top-column elementor-element elementor-element-1b9300c\" data-id=\"1b9300c\" data-element_type=\"column\">\n\t\t\t<div class=\"elementor-widget-wrap elementor-element-populated\">\n\t\t\t\t\t\t\t\t<div class=\"elementor-element elementor-element-d64415b elementor-widget elementor-widget-heading\" data-id=\"d64415b\" data-element_type=\"widget\" data-widget_type=\"heading.default\">\n\t\t\t\t<div class=\"elementor-widget-container\">\n\t\t\t<h4 class=\"elementor-heading-title elementor-size-default\">Exhibici\u00f3n del producto<\/h4>\t\t<\/div>\n\t\t\t\t<\/div>\n\t\t\t\t\t<\/div>\n\t\t<\/div>\n\t\t\t\t\t\t\t<\/div>\n\t\t<\/section>\n\t\t\t\t<section class=\"elementor-section elementor-top-section elementor-element elementor-element-1045c9a elementor-section-boxed elementor-section-height-default elementor-section-height-default\" data-id=\"1045c9a\" data-element_type=\"section\">\n\t\t\t\t\t\t<div class=\"elementor-container elementor-column-gap-default\">\n\t\t\t\t\t<div class=\"elementor-column elementor-col-100 elementor-top-column elementor-element elementor-element-63152d4\" data-id=\"63152d4\" data-element_type=\"column\">\n\t\t\t<div class=\"elementor-widget-wrap elementor-element-populated\">\n\t\t\t\t\t\t\t\t<div class=\"elementor-element elementor-element-b816639 elementor-widget elementor-widget-image\" data-id=\"b816639\" data-element_type=\"widget\" data-widget_type=\"image.default\">\n\t\t\t\t<div class=\"elementor-widget-container\">\n\t\t\t\t\t\t\t\t\t\t\t\t\t\t\t<img loading=\"lazy\" decoding=\"async\" width=\"750\" height=\"556\" src=\"https:\/\/everstartraffic.com\/wp-content\/uploads\/2022\/01\/\u90e8\u4ef6\u6307\u793a\u56fe-1.png\" class=\"attachment-large size-large\" alt=\"\" srcset=\"https:\/\/everstartraffic.com\/wp-content\/uploads\/2022\/01\/\u90e8\u4ef6\u6307\u793a\u56fe-1.png 750w, https:\/\/everstartraffic.com\/wp-content\/uploads\/2022\/01\/\u90e8\u4ef6\u6307\u793a\u56fe-1-600x445.png 600w, https:\/\/everstartraffic.com\/wp-content\/uploads\/2022\/01\/\u90e8\u4ef6\u6307\u793a\u56fe-1-300x222.png 300w\" sizes=\"auto, (max-width: 750px) 100vw, 750px\" \/>\t\t\t\t\t\t\t\t\t\t\t\t\t\t\t<\/div>\n\t\t\t\t<\/div>\n\t\t\t\t\t<\/div>\n\t\t<\/div>\n\t\t\t\t\t\t\t<\/div>\n\t\t<\/section>\n\t\t\t\t<section class=\"elementor-section elementor-top-section elementor-element elementor-element-08960f7 elementor-section-boxed elementor-section-height-default elementor-section-height-default\" data-id=\"08960f7\" data-element_type=\"section\">\n\t\t\t\t\t\t<div class=\"elementor-container elementor-column-gap-default\">\n\t\t\t\t\t<div class=\"elementor-column elementor-col-100 elementor-top-column elementor-element elementor-element-e858387\" data-id=\"e858387\" data-element_type=\"column\">\n\t\t\t<div class=\"elementor-widget-wrap elementor-element-populated\">\n\t\t\t\t\t\t\t\t<div class=\"elementor-element elementor-element-2d60a39 elementor-widget elementor-widget-image\" data-id=\"2d60a39\" data-element_type=\"widget\" data-widget_type=\"image.default\">\n\t\t\t\t<div class=\"elementor-widget-container\">\n\t\t\t\t\t\t\t\t\t\t\t\t\t\t\t<img loading=\"lazy\" decoding=\"async\" width=\"719\" height=\"493\" src=\"https:\/\/everstartraffic.com\/wp-content\/uploads\/2022\/01\/\u90e8\u4ef6\u7ec6\u8282\u56fe1-1.png\" class=\"attachment-large size-large\" alt=\"\" srcset=\"https:\/\/everstartraffic.com\/wp-content\/uploads\/2022\/01\/\u90e8\u4ef6\u7ec6\u8282\u56fe1-1.png 719w, https:\/\/everstartraffic.com\/wp-content\/uploads\/2022\/01\/\u90e8\u4ef6\u7ec6\u8282\u56fe1-1-600x411.png 600w, https:\/\/everstartraffic.com\/wp-content\/uploads\/2022\/01\/\u90e8\u4ef6\u7ec6\u8282\u56fe1-1-300x206.png 300w\" sizes=\"auto, (max-width: 719px) 100vw, 719px\" \/>\t\t\t\t\t\t\t\t\t\t\t\t\t\t\t<\/div>\n\t\t\t\t<\/div>\n\t\t\t\t\t<\/div>\n\t\t<\/div>\n\t\t\t\t\t\t\t<\/div>\n\t\t<\/section>\n\t\t\t\t<section class=\"elementor-section elementor-top-section elementor-element elementor-element-7883e40 elementor-section-boxed elementor-section-height-default elementor-section-height-default\" data-id=\"7883e40\" data-element_type=\"section\">\n\t\t\t\t\t\t<div class=\"elementor-container elementor-column-gap-default\">\n\t\t\t\t\t<div class=\"elementor-column elementor-col-100 elementor-top-column elementor-element elementor-element-edd9a74\" data-id=\"edd9a74\" data-element_type=\"column\">\n\t\t\t<div class=\"elementor-widget-wrap elementor-element-populated\">\n\t\t\t\t\t\t\t\t<div class=\"elementor-element elementor-element-cba7aab elementor-widget elementor-widget-image\" data-id=\"cba7aab\" data-element_type=\"widget\" data-widget_type=\"image.default\">\n\t\t\t\t<div class=\"elementor-widget-container\">\n\t\t\t\t\t\t\t\t\t\t\t\t\t\t\t<img loading=\"lazy\" decoding=\"async\" width=\"669\" height=\"498\" src=\"https:\/\/everstartraffic.com\/wp-content\/uploads\/2022\/01\/\u90e8\u4ef6\u7ec6\u8282\u56fe2-1.png\" class=\"attachment-large size-large\" alt=\"\" srcset=\"https:\/\/everstartraffic.com\/wp-content\/uploads\/2022\/01\/\u90e8\u4ef6\u7ec6\u8282\u56fe2-1.png 669w, https:\/\/everstartraffic.com\/wp-content\/uploads\/2022\/01\/\u90e8\u4ef6\u7ec6\u8282\u56fe2-1-600x447.png 600w, https:\/\/everstartraffic.com\/wp-content\/uploads\/2022\/01\/\u90e8\u4ef6\u7ec6\u8282\u56fe2-1-300x223.png 300w\" sizes=\"auto, (max-width: 669px) 100vw, 669px\" \/>\t\t\t\t\t\t\t\t\t\t\t\t\t\t\t<\/div>\n\t\t\t\t<\/div>\n\t\t\t\t\t<\/div>\n\t\t<\/div>\n\t\t\t\t\t\t\t<\/div>\n\t\t<\/section>\n\t\t\t\t<section class=\"elementor-section elementor-top-section elementor-element elementor-element-b37e3d9 elementor-section-boxed elementor-section-height-default elementor-section-height-default\" data-id=\"b37e3d9\" data-element_type=\"section\">\n\t\t\t\t\t\t<div class=\"elementor-container elementor-column-gap-default\">\n\t\t\t\t\t<div class=\"elementor-column elementor-col-100 elementor-top-column elementor-element elementor-element-5336fd0\" data-id=\"5336fd0\" data-element_type=\"column\">\n\t\t\t<div class=\"elementor-widget-wrap elementor-element-populated\">\n\t\t\t\t\t\t\t\t<div class=\"elementor-element elementor-element-b851cab elementor-widget elementor-widget-image\" data-id=\"b851cab\" data-element_type=\"widget\" data-widget_type=\"image.default\">\n\t\t\t\t<div class=\"elementor-widget-container\">\n\t\t\t\t\t\t\t\t\t\t\t\t\t\t\t<img loading=\"lazy\" decoding=\"async\" width=\"670\" height=\"485\" src=\"https:\/\/everstartraffic.com\/wp-content\/uploads\/2022\/01\/\u90e8\u4ef6\u7ec6\u8282\u56fe3-2.png\" class=\"attachment-large size-large\" alt=\"\" srcset=\"https:\/\/everstartraffic.com\/wp-content\/uploads\/2022\/01\/\u90e8\u4ef6\u7ec6\u8282\u56fe3-2.png 670w, https:\/\/everstartraffic.com\/wp-content\/uploads\/2022\/01\/\u90e8\u4ef6\u7ec6\u8282\u56fe3-2-600x434.png 600w, https:\/\/everstartraffic.com\/wp-content\/uploads\/2022\/01\/\u90e8\u4ef6\u7ec6\u8282\u56fe3-2-300x217.png 300w\" sizes=\"auto, (max-width: 670px) 100vw, 670px\" \/>\t\t\t\t\t\t\t\t\t\t\t\t\t\t\t<\/div>\n\t\t\t\t<\/div>\n\t\t\t\t\t<\/div>\n\t\t<\/div>\n\t\t\t\t\t\t\t<\/div>\n\t\t<\/section>\n\t\t\t\t<section class=\"elementor-section elementor-top-section elementor-element elementor-element-46a3209 elementor-section-boxed elementor-section-height-default elementor-section-height-default\" data-id=\"46a3209\" data-element_type=\"section\">\n\t\t\t\t\t\t<div class=\"elementor-container elementor-column-gap-default\">\n\t\t\t\t\t<div class=\"elementor-column elementor-col-100 elementor-top-column elementor-element elementor-element-5f8d41c\" data-id=\"5f8d41c\" data-element_type=\"column\">\n\t\t\t<div class=\"elementor-widget-wrap elementor-element-populated\">\n\t\t\t\t\t\t\t\t<div class=\"elementor-element elementor-element-16a39a1 elementor-widget elementor-widget-heading\" data-id=\"16a39a1\" data-element_type=\"widget\" data-widget_type=\"heading.default\">\n\t\t\t\t<div class=\"elementor-widget-container\">\n\t\t\t<h4 class=\"elementor-heading-title elementor-size-default\">Fotos del proyecto de reparaci\u00f3n de carreteras<\/h4>\t\t<\/div>\n\t\t\t\t<\/div>\n\t\t\t\t\t<\/div>\n\t\t<\/div>\n\t\t\t\t\t\t\t<\/div>\n\t\t<\/section>\n\t\t\t\t<section class=\"elementor-section elementor-top-section elementor-element elementor-element-eed2d77 elementor-section-boxed elementor-section-height-default elementor-section-height-default\" data-id=\"eed2d77\" data-element_type=\"section\">\n\t\t\t\t\t\t<div class=\"elementor-container elementor-column-gap-default\">\n\t\t\t\t\t<div class=\"elementor-column elementor-col-100 elementor-top-column elementor-element elementor-element-140481d\" data-id=\"140481d\" data-element_type=\"column\">\n\t\t\t<div class=\"elementor-widget-wrap elementor-element-populated\">\n\t\t\t\t\t\t\t\t<div class=\"elementor-element elementor-element-d90e2e4 elementor-widget elementor-widget-image\" data-id=\"d90e2e4\" data-element_type=\"widget\" data-widget_type=\"image.default\">\n\t\t\t\t<div class=\"elementor-widget-container\">\n\t\t\t\t\t\t\t\t\t\t\t\t\t\t\t<img loading=\"lazy\" decoding=\"async\" width=\"730\" height=\"654\" src=\"https:\/\/everstartraffic.com\/wp-content\/uploads\/2022\/01\/\u704c\u7f1d\u673a\u65bd\u5de5\u56fe-1_\u526f\u672c.png\" class=\"attachment-large size-large\" alt=\"\" srcset=\"https:\/\/everstartraffic.com\/wp-content\/uploads\/2022\/01\/\u704c\u7f1d\u673a\u65bd\u5de5\u56fe-1_\u526f\u672c.png 730w, https:\/\/everstartraffic.com\/wp-content\/uploads\/2022\/01\/\u704c\u7f1d\u673a\u65bd\u5de5\u56fe-1_\u526f\u672c-600x538.png 600w, https:\/\/everstartraffic.com\/wp-content\/uploads\/2022\/01\/\u704c\u7f1d\u673a\u65bd\u5de5\u56fe-1_\u526f\u672c-300x269.png 300w\" sizes=\"auto, (max-width: 730px) 100vw, 730px\" \/>\t\t\t\t\t\t\t\t\t\t\t\t\t\t\t<\/div>\n\t\t\t\t<\/div>\n\t\t\t\t\t<\/div>\n\t\t<\/div>\n\t\t\t\t\t\t\t<\/div>\n\t\t<\/section>\n\t\t\t\t<section class=\"elementor-section elementor-top-section elementor-element elementor-element-0e6013e elementor-section-boxed elementor-section-height-default elementor-section-height-default\" data-id=\"0e6013e\" data-element_type=\"section\">\n\t\t\t\t\t\t<div class=\"elementor-container elementor-column-gap-default\">\n\t\t\t\t\t<div class=\"elementor-column elementor-col-100 elementor-top-column elementor-element elementor-element-12ab052\" data-id=\"12ab052\" data-element_type=\"column\">\n\t\t\t<div class=\"elementor-widget-wrap elementor-element-populated\">\n\t\t\t\t\t\t\t\t<div class=\"elementor-element elementor-element-0ae38b2 elementor-widget elementor-widget-image\" data-id=\"0ae38b2\" data-element_type=\"widget\" data-widget_type=\"image.default\">\n\t\t\t\t<div class=\"elementor-widget-container\">\n\t\t\t\t\t\t\t\t\t\t\t\t\t\t\t<img loading=\"lazy\" decoding=\"async\" width=\"732\" height=\"206\" src=\"https:\/\/everstartraffic.com\/wp-content\/uploads\/2022\/01\/\u704c\u7f1d\u673a\u65bd\u5de5\u56fe-4.png\" class=\"attachment-large size-large\" alt=\"\" srcset=\"https:\/\/everstartraffic.com\/wp-content\/uploads\/2022\/01\/\u704c\u7f1d\u673a\u65bd\u5de5\u56fe-4.png 732w, https:\/\/everstartraffic.com\/wp-content\/uploads\/2022\/01\/\u704c\u7f1d\u673a\u65bd\u5de5\u56fe-4-600x169.png 600w, https:\/\/everstartraffic.com\/wp-content\/uploads\/2022\/01\/\u704c\u7f1d\u673a\u65bd\u5de5\u56fe-4-300x84.png 300w\" sizes=\"auto, (max-width: 732px) 100vw, 732px\" \/>\t\t\t\t\t\t\t\t\t\t\t\t\t\t\t<\/div>\n\t\t\t\t<\/div>\n\t\t\t\t<div class=\"elementor-element elementor-element-e01799f elementor-widget elementor-widget-image\" data-id=\"e01799f\" data-element_type=\"widget\" data-widget_type=\"image.default\">\n\t\t\t\t<div class=\"elementor-widget-container\">\n\t\t\t\t\t\t\t\t\t\t\t\t\t\t\t<img loading=\"lazy\" decoding=\"async\" width=\"810\" height=\"660\" src=\"https:\/\/everstartraffic.com\/wp-content\/uploads\/2022\/01\/\u704c\u7f1d\u673a\u65bd\u5de5\u56fe-3.png\" class=\"attachment-large size-large\" alt=\"\" srcset=\"https:\/\/everstartraffic.com\/wp-content\/uploads\/2022\/01\/\u704c\u7f1d\u673a\u65bd\u5de5\u56fe-3.png 810w, https:\/\/everstartraffic.com\/wp-content\/uploads\/2022\/01\/\u704c\u7f1d\u673a\u65bd\u5de5\u56fe-3-600x489.png 600w, https:\/\/everstartraffic.com\/wp-content\/uploads\/2022\/01\/\u704c\u7f1d\u673a\u65bd\u5de5\u56fe-3-300x244.png 300w, https:\/\/everstartraffic.com\/wp-content\/uploads\/2022\/01\/\u704c\u7f1d\u673a\u65bd\u5de5\u56fe-3-768x626.png 768w\" sizes=\"auto, (max-width: 810px) 100vw, 810px\" \/>\t\t\t\t\t\t\t\t\t\t\t\t\t\t\t<\/div>\n\t\t\t\t<\/div>\n\t\t\t\t\t<\/div>\n\t\t<\/div>\n\t\t\t\t\t\t\t<\/div>\n\t\t<\/section>\n\t\t\t\t<section class=\"elementor-section elementor-top-section elementor-element elementor-element-d62ff64 elementor-section-boxed elementor-section-height-default elementor-section-height-default\" data-id=\"d62ff64\" data-element_type=\"section\">\n\t\t\t\t\t\t<div class=\"elementor-container elementor-column-gap-default\">\n\t\t\t\t\t<div class=\"elementor-column elementor-col-100 elementor-top-column elementor-element elementor-element-4e99ca3\" data-id=\"4e99ca3\" data-element_type=\"column\">\n\t\t\t<div class=\"elementor-widget-wrap\">\n\t\t\t\t\t\t\t\t\t<\/div>\n\t\t<\/div>\n\t\t\t\t\t\t\t<\/div>\n\t\t<\/section>\n\t\t\t\t<section class=\"elementor-section elementor-top-section elementor-element elementor-element-844798c elementor-section-boxed elementor-section-height-default elementor-section-height-default\" data-id=\"844798c\" data-element_type=\"section\">\n\t\t\t\t\t\t<div class=\"elementor-container elementor-column-gap-default\">\n\t\t\t\t\t<div class=\"elementor-column elementor-col-100 elementor-top-column elementor-element elementor-element-9c49257\" data-id=\"9c49257\" data-element_type=\"column\">\n\t\t\t<div class=\"elementor-widget-wrap elementor-element-populated\">\n\t\t\t\t\t\t\t\t<div class=\"elementor-element elementor-element-63aeeaf elementor-widget elementor-widget-image\" data-id=\"63aeeaf\" data-element_type=\"widget\" data-widget_type=\"image.default\">\n\t\t\t\t<div class=\"elementor-widget-container\">\n\t\t\t\t\t\t\t\t\t\t\t\t\t\t\t<img loading=\"lazy\" decoding=\"async\" width=\"788\" height=\"685\" src=\"https:\/\/everstartraffic.com\/wp-content\/uploads\/2022\/01\/\u704c\u7f1d\u673a\u65bd\u5de5\u56fe-2.png\" class=\"attachment-large size-large\" alt=\"\" srcset=\"https:\/\/everstartraffic.com\/wp-content\/uploads\/2022\/01\/\u704c\u7f1d\u673a\u65bd\u5de5\u56fe-2.png 788w, https:\/\/everstartraffic.com\/wp-content\/uploads\/2022\/01\/\u704c\u7f1d\u673a\u65bd\u5de5\u56fe-2-600x522.png 600w, https:\/\/everstartraffic.com\/wp-content\/uploads\/2022\/01\/\u704c\u7f1d\u673a\u65bd\u5de5\u56fe-2-300x261.png 300w, https:\/\/everstartraffic.com\/wp-content\/uploads\/2022\/01\/\u704c\u7f1d\u673a\u65bd\u5de5\u56fe-2-768x668.png 768w\" sizes=\"auto, (max-width: 788px) 100vw, 788px\" \/>\t\t\t\t\t\t\t\t\t\t\t\t\t\t\t<\/div>\n\t\t\t\t<\/div>\n\t\t\t\t\t<\/div>\n\t\t<\/div>\n\t\t\t\t\t\t\t<\/div>\n\t\t<\/section>\n\t\t\t\t\t\t\t<\/div>\n\t\t","protected":false},"excerpt":{"rendered":"<p>La m\u00e1quina de calentamiento de bet\u00fan tipo l\u00edquido-gas ES-60L para reparaci\u00f3n de baches se utiliza para reparar pavimento y es adecuada para carreteras, caminos municipales, pistas de aeropuertos, caminos rurales, caminos de vecindarios y f\u00e1bricas, etc.<\/p>\n","protected":false},"featured_media":3735,"comment_status":"open","ping_status":"closed","template":"","meta":{"_monsterinsights_skip_tracking":false,"_monsterinsights_sitenote_active":false,"_monsterinsights_sitenote_note":"","_monsterinsights_sitenote_category":0,"spay_email":"","jetpack_publicize_message":"","jetpack_is_tweetstorm":false,"jetpack_publicize_feature_enabled":true},"product_cat":[317,294],"product_tag":[357,379,426],"class_list":["post-9618","product","type-product","status-publish","has-post-thumbnail","hentry","product_cat-maquina-para-sellar-grietas-en-asfalto","product_cat-sin-categorizar","product_tag-maquina-de-calentamiento-de-betun","product_tag-maquina-de-sellado-de-grietas","product_tag-maquina-reparadora-de-baches"],"aioseo_notices":[],"_links":{"self":[{"href":"https:\/\/everstartraffic.com\/es\/wp-json\/wp\/v2\/product\/9618","targetHints":{"allow":["GET"]}}],"collection":[{"href":"https:\/\/everstartraffic.com\/es\/wp-json\/wp\/v2\/product"}],"about":[{"href":"https:\/\/everstartraffic.com\/es\/wp-json\/wp\/v2\/types\/product"}],"replies":[{"embeddable":true,"href":"https:\/\/everstartraffic.com\/es\/wp-json\/wp\/v2\/comments?post=9618"}],"version-history":[{"count":1,"href":"https:\/\/everstartraffic.com\/es\/wp-json\/wp\/v2\/product\/9618\/revisions"}],"predecessor-version":[{"id":9619,"href":"https:\/\/everstartraffic.com\/es\/wp-json\/wp\/v2\/product\/9618\/revisions\/9619"}],"wp:featuredmedia":[{"embeddable":true,"href":"https:\/\/everstartraffic.com\/es\/wp-json\/wp\/v2\/media\/3735"}],"wp:attachment":[{"href":"https:\/\/everstartraffic.com\/es\/wp-json\/wp\/v2\/media?parent=9618"}],"wp:term":[{"taxonomy":"product_cat","embeddable":true,"href":"https:\/\/everstartraffic.com\/es\/wp-json\/wp\/v2\/product_cat?post=9618"},{"taxonomy":"product_tag","embeddable":true,"href":"https:\/\/everstartraffic.com\/es\/wp-json\/wp\/v2\/product_tag?post=9618"}],"curies":[{"name":"wp","href":"https:\/\/api.w.org\/{rel}","templated":true}]}}