{"id":9594,"date":"2022-01-31T08:16:54","date_gmt":"2022-01-31T08:16:54","guid":{"rendered":"https:\/\/www.everstartraffic.com\/product\/maquina-para-reparar-baches-de-betun-con-conduccion-es-600l\/"},"modified":"2024-09-19T08:46:08","modified_gmt":"2024-09-19T08:46:08","slug":"maquina-para-reparar-baches-de-betun-con-conduccion-es-600l","status":"publish","type":"product","link":"https:\/\/everstartraffic.com\/es\/product\/maquina-para-reparar-baches-de-betun-con-conduccion-es-600l\/","title":{"rendered":"M\u00c1QUINA PARA REPARAR BACHES DE BET\u00daN CON CONDUCCI\u00d3N ES-600L"},"content":{"rendered":"\t\t<div data-elementor-type=\"product-post\" data-elementor-id=\"9594\" class=\"elementor elementor-9594 elementor-4025\">\n\t\t\t\t\t\t\t\t\t<section class=\"elementor-section elementor-top-section elementor-element elementor-element-e6fdb66 elementor-section-boxed elementor-section-height-default elementor-section-height-default\" data-id=\"e6fdb66\" data-element_type=\"section\">\n\t\t\t\t\t\t<div class=\"elementor-container elementor-column-gap-default\">\n\t\t\t\t\t<div class=\"elementor-column elementor-col-100 elementor-top-column elementor-element elementor-element-1922bd3\" data-id=\"1922bd3\" data-element_type=\"column\">\n\t\t\t<div class=\"elementor-widget-wrap elementor-element-populated\">\n\t\t\t\t\t\t\t\t<div class=\"elementor-element elementor-element-466c51f elementor-widget elementor-widget-heading\" data-id=\"466c51f\" data-element_type=\"widget\" data-widget_type=\"heading.default\">\n\t\t\t\t<div class=\"elementor-widget-container\">\n\t\t\t<style>\/*! elementor - v3.7.0 - 08-08-2022 *\/\n.elementor-heading-title{padding:0;margin:0;line-height:1}.elementor-widget-heading .elementor-heading-title[class*=elementor-size-]>a{color:inherit;font-size:inherit;line-height:inherit}.elementor-widget-heading .elementor-heading-title.elementor-size-small{font-size:15px}.elementor-widget-heading .elementor-heading-title.elementor-size-medium{font-size:19px}.elementor-widget-heading .elementor-heading-title.elementor-size-large{font-size:29px}.elementor-widget-heading .elementor-heading-title.elementor-size-xl{font-size:39px}.elementor-widget-heading .elementor-heading-title.elementor-size-xxl{font-size:59px}<\/style><h4 class=\"elementor-heading-title elementor-size-default\">semiautom\u00e1tico<\/h4>\t\t<\/div>\n\t\t\t\t<\/div>\n\t\t\t\t\t<\/div>\n\t\t<\/div>\n\t\t\t\t\t\t\t<\/div>\n\t\t<\/section>\n\t\t\t\t<section class=\"elementor-section elementor-top-section elementor-element elementor-element-9406c0e elementor-section-boxed elementor-section-height-default elementor-section-height-default\" data-id=\"9406c0e\" data-element_type=\"section\">\n\t\t\t\t\t\t<div class=\"elementor-container elementor-column-gap-default\">\n\t\t\t\t\t<div class=\"elementor-column elementor-col-100 elementor-top-column elementor-element elementor-element-bb60b0d\" data-id=\"bb60b0d\" data-element_type=\"column\">\n\t\t\t<div class=\"elementor-widget-wrap elementor-element-populated\">\n\t\t\t\t\t\t\t\t<div class=\"elementor-element elementor-element-ed08d1d elementor-widget elementor-widget-image\" data-id=\"ed08d1d\" data-element_type=\"widget\" data-widget_type=\"image.default\">\n\t\t\t\t<div class=\"elementor-widget-container\">\n\t\t\t<style>\/*! elementor - v3.7.0 - 08-08-2022 *\/\n.elementor-widget-image{text-align:center}.elementor-widget-image a{display:inline-block}.elementor-widget-image a img[src$=\".svg\"]{width:48px}.elementor-widget-image img{vertical-align:middle;display:inline-block}<\/style>\t\t\t\t\t\t\t\t\t\t\t\t<img loading=\"lazy\" decoding=\"async\" width=\"1024\" height=\"687\" src=\"https:\/\/everstartraffic.com\/wp-content\/uploads\/2022\/01\/\u53c2\u6570-2-6-1024x687.png\" class=\"attachment-large size-large\" alt=\"\" srcset=\"https:\/\/everstartraffic.com\/wp-content\/uploads\/2022\/01\/\u53c2\u6570-2-6-1024x687.png 1024w, https:\/\/everstartraffic.com\/wp-content\/uploads\/2022\/01\/\u53c2\u6570-2-6-600x403.png 600w, https:\/\/everstartraffic.com\/wp-content\/uploads\/2022\/01\/\u53c2\u6570-2-6-300x201.png 300w, https:\/\/everstartraffic.com\/wp-content\/uploads\/2022\/01\/\u53c2\u6570-2-6-768x516.png 768w, https:\/\/everstartraffic.com\/wp-content\/uploads\/2022\/01\/\u53c2\u6570-2-6.png 1141w\" sizes=\"auto, (max-width: 1024px) 100vw, 1024px\" \/>\t\t\t\t\t\t\t\t\t\t\t\t\t\t\t<\/div>\n\t\t\t\t<\/div>\n\t\t\t\t<div class=\"elementor-element elementor-element-bfa90d2 elementor-widget elementor-widget-image\" data-id=\"bfa90d2\" data-element_type=\"widget\" data-widget_type=\"image.default\">\n\t\t\t\t<div class=\"elementor-widget-container\">\n\t\t\t\t\t\t\t\t\t\t\t\t\t\t\t<img loading=\"lazy\" decoding=\"async\" width=\"1024\" height=\"206\" src=\"https:\/\/everstartraffic.com\/wp-content\/uploads\/2022\/01\/\u53c2\u6570-1-6-1024x206.png\" class=\"attachment-large size-large\" alt=\"\" srcset=\"https:\/\/everstartraffic.com\/wp-content\/uploads\/2022\/01\/\u53c2\u6570-1-6-1024x206.png 1024w, https:\/\/everstartraffic.com\/wp-content\/uploads\/2022\/01\/\u53c2\u6570-1-6-600x121.png 600w, https:\/\/everstartraffic.com\/wp-content\/uploads\/2022\/01\/\u53c2\u6570-1-6-300x60.png 300w, https:\/\/everstartraffic.com\/wp-content\/uploads\/2022\/01\/\u53c2\u6570-1-6-768x155.png 768w, https:\/\/everstartraffic.com\/wp-content\/uploads\/2022\/01\/\u53c2\u6570-1-6.png 1141w\" sizes=\"auto, (max-width: 1024px) 100vw, 1024px\" \/>\t\t\t\t\t\t\t\t\t\t\t\t\t\t\t<\/div>\n\t\t\t\t<\/div>\n\t\t\t\t<div class=\"elementor-element elementor-element-5f30b4f elementor-widget elementor-widget-image\" data-id=\"5f30b4f\" data-element_type=\"widget\" data-widget_type=\"image.default\">\n\t\t\t\t<div class=\"elementor-widget-container\">\n\t\t\t\t\t\t\t\t\t\t\t\t\t\t\t<img loading=\"lazy\" decoding=\"async\" width=\"1024\" height=\"422\" src=\"https:\/\/everstartraffic.com\/wp-content\/uploads\/2022\/01\/\u7279\u70b9-9-1024x422.png\" class=\"attachment-large size-large\" alt=\"\" srcset=\"https:\/\/everstartraffic.com\/wp-content\/uploads\/2022\/01\/\u7279\u70b9-9-1024x422.png 1024w, https:\/\/everstartraffic.com\/wp-content\/uploads\/2022\/01\/\u7279\u70b9-9-600x247.png 600w, https:\/\/everstartraffic.com\/wp-content\/uploads\/2022\/01\/\u7279\u70b9-9-300x124.png 300w, https:\/\/everstartraffic.com\/wp-content\/uploads\/2022\/01\/\u7279\u70b9-9-768x317.png 768w, https:\/\/everstartraffic.com\/wp-content\/uploads\/2022\/01\/\u7279\u70b9-9.png 1099w\" sizes=\"auto, (max-width: 1024px) 100vw, 1024px\" \/>\t\t\t\t\t\t\t\t\t\t\t\t\t\t\t<\/div>\n\t\t\t\t<\/div>\n\t\t\t\t\t<\/div>\n\t\t<\/div>\n\t\t\t\t\t\t\t<\/div>\n\t\t<\/section>\n\t\t\t\t<section class=\"elementor-section elementor-top-section elementor-element elementor-element-c2032c3 elementor-section-boxed elementor-section-height-default elementor-section-height-default\" data-id=\"c2032c3\" data-element_type=\"section\">\n\t\t\t\t\t\t<div class=\"elementor-container elementor-column-gap-default\">\n\t\t\t\t\t<div class=\"elementor-column elementor-col-100 elementor-top-column elementor-element elementor-element-8997d00\" data-id=\"8997d00\" data-element_type=\"column\">\n\t\t\t<div class=\"elementor-widget-wrap elementor-element-populated\">\n\t\t\t\t\t\t\t\t<div class=\"elementor-element elementor-element-cca5e09 elementor-widget elementor-widget-heading\" data-id=\"cca5e09\" data-element_type=\"widget\" data-widget_type=\"heading.default\">\n\t\t\t\t<div class=\"elementor-widget-container\">\n\t\t\t<h4 class=\"elementor-heading-title elementor-size-default\">Exhibici\u00f3n del producto<\/h4>\t\t<\/div>\n\t\t\t\t<\/div>\n\t\t\t\t\t<\/div>\n\t\t<\/div>\n\t\t\t\t\t\t\t<\/div>\n\t\t<\/section>\n\t\t\t\t<section class=\"elementor-section elementor-top-section elementor-element elementor-element-3fb933f elementor-section-boxed elementor-section-height-default elementor-section-height-default\" data-id=\"3fb933f\" data-element_type=\"section\">\n\t\t\t\t\t\t<div class=\"elementor-container elementor-column-gap-default\">\n\t\t\t\t\t<div class=\"elementor-column elementor-col-100 elementor-top-column elementor-element elementor-element-a9b2b6b\" data-id=\"a9b2b6b\" data-element_type=\"column\">\n\t\t\t<div class=\"elementor-widget-wrap elementor-element-populated\">\n\t\t\t\t\t\t\t\t<div class=\"elementor-element elementor-element-b84b8f0 elementor-widget elementor-widget-image\" data-id=\"b84b8f0\" data-element_type=\"widget\" data-widget_type=\"image.default\">\n\t\t\t\t<div class=\"elementor-widget-container\">\n\t\t\t\t\t\t\t\t\t\t\t\t\t\t\t<img loading=\"lazy\" decoding=\"async\" width=\"958\" height=\"568\" src=\"https:\/\/everstartraffic.com\/wp-content\/uploads\/2022\/01\/\u90e8\u4ef6\u56fe-2-7.png\" class=\"attachment-large size-large\" alt=\"\" srcset=\"https:\/\/everstartraffic.com\/wp-content\/uploads\/2022\/01\/\u90e8\u4ef6\u56fe-2-7.png 958w, https:\/\/everstartraffic.com\/wp-content\/uploads\/2022\/01\/\u90e8\u4ef6\u56fe-2-7-600x356.png 600w, https:\/\/everstartraffic.com\/wp-content\/uploads\/2022\/01\/\u90e8\u4ef6\u56fe-2-7-300x178.png 300w, https:\/\/everstartraffic.com\/wp-content\/uploads\/2022\/01\/\u90e8\u4ef6\u56fe-2-7-768x455.png 768w\" sizes=\"auto, (max-width: 958px) 100vw, 958px\" \/>\t\t\t\t\t\t\t\t\t\t\t\t\t\t\t<\/div>\n\t\t\t\t<\/div>\n\t\t\t\t<div class=\"elementor-element elementor-element-17b8500 elementor-widget elementor-widget-image\" data-id=\"17b8500\" data-element_type=\"widget\" data-widget_type=\"image.default\">\n\t\t\t\t<div class=\"elementor-widget-container\">\n\t\t\t\t\t\t\t\t\t\t\t\t\t\t\t<img loading=\"lazy\" decoding=\"async\" width=\"967\" height=\"593\" src=\"https:\/\/everstartraffic.com\/wp-content\/uploads\/2022\/01\/\u90e8\u4ef6\u56fe-1-7.png\" class=\"attachment-large size-large\" alt=\"\" srcset=\"https:\/\/everstartraffic.com\/wp-content\/uploads\/2022\/01\/\u90e8\u4ef6\u56fe-1-7.png 967w, https:\/\/everstartraffic.com\/wp-content\/uploads\/2022\/01\/\u90e8\u4ef6\u56fe-1-7-600x368.png 600w, https:\/\/everstartraffic.com\/wp-content\/uploads\/2022\/01\/\u90e8\u4ef6\u56fe-1-7-300x184.png 300w, https:\/\/everstartraffic.com\/wp-content\/uploads\/2022\/01\/\u90e8\u4ef6\u56fe-1-7-768x471.png 768w\" sizes=\"auto, (max-width: 967px) 100vw, 967px\" \/>\t\t\t\t\t\t\t\t\t\t\t\t\t\t\t<\/div>\n\t\t\t\t<\/div>\n\t\t\t\t\t<\/div>\n\t\t<\/div>\n\t\t\t\t\t\t\t<\/div>\n\t\t<\/section>\n\t\t\t\t<section class=\"elementor-section elementor-top-section elementor-element elementor-element-e65207e elementor-section-boxed elementor-section-height-default elementor-section-height-default\" data-id=\"e65207e\" data-element_type=\"section\">\n\t\t\t\t\t\t<div class=\"elementor-container elementor-column-gap-default\">\n\t\t\t\t\t<div class=\"elementor-column elementor-col-100 elementor-top-column elementor-element elementor-element-7eb1873\" data-id=\"7eb1873\" data-element_type=\"column\">\n\t\t\t<div class=\"elementor-widget-wrap elementor-element-populated\">\n\t\t\t\t\t\t\t\t<div class=\"elementor-element elementor-element-33cfa95 elementor-widget elementor-widget-heading\" data-id=\"33cfa95\" data-element_type=\"widget\" data-widget_type=\"heading.default\">\n\t\t\t\t<div class=\"elementor-widget-container\">\n\t\t\t<h4 class=\"elementor-heading-title elementor-size-default\">Ventaja del producto<\/h4>\t\t<\/div>\n\t\t\t\t<\/div>\n\t\t\t\t\t<\/div>\n\t\t<\/div>\n\t\t\t\t\t\t\t<\/div>\n\t\t<\/section>\n\t\t\t\t<section class=\"elementor-section elementor-top-section elementor-element elementor-element-a9b1607 elementor-section-boxed elementor-section-height-default elementor-section-height-default\" data-id=\"a9b1607\" data-element_type=\"section\">\n\t\t\t\t\t\t<div class=\"elementor-container elementor-column-gap-default\">\n\t\t\t\t\t<div class=\"elementor-column elementor-col-100 elementor-top-column elementor-element elementor-element-923a721\" data-id=\"923a721\" data-element_type=\"column\">\n\t\t\t<div class=\"elementor-widget-wrap elementor-element-populated\">\n\t\t\t\t\t\t\t\t<div class=\"elementor-element elementor-element-93cbbab elementor-widget elementor-widget-image\" data-id=\"93cbbab\" data-element_type=\"widget\" data-widget_type=\"image.default\">\n\t\t\t\t<div class=\"elementor-widget-container\">\n\t\t\t\t\t\t\t\t\t\t\t\t\t\t\t<img loading=\"lazy\" decoding=\"async\" width=\"620\" height=\"600\" src=\"https:\/\/everstartraffic.com\/wp-content\/uploads\/2022\/01\/\u4ea7\u54c1\u4f18\u52bf.jpg\" class=\"attachment-large size-large\" alt=\"\" srcset=\"https:\/\/everstartraffic.com\/wp-content\/uploads\/2022\/01\/\u4ea7\u54c1\u4f18\u52bf.jpg 620w, https:\/\/everstartraffic.com\/wp-content\/uploads\/2022\/01\/\u4ea7\u54c1\u4f18\u52bf-600x581.jpg 600w, https:\/\/everstartraffic.com\/wp-content\/uploads\/2022\/01\/\u4ea7\u54c1\u4f18\u52bf-300x290.jpg 300w\" sizes=\"auto, (max-width: 620px) 100vw, 620px\" \/>\t\t\t\t\t\t\t\t\t\t\t\t\t\t\t<\/div>\n\t\t\t\t<\/div>\n\t\t\t\t\t<\/div>\n\t\t<\/div>\n\t\t\t\t\t\t\t<\/div>\n\t\t<\/section>\n\t\t\t\t<section class=\"elementor-section elementor-top-section elementor-element elementor-element-5780a73 elementor-section-boxed elementor-section-height-default elementor-section-height-default\" data-id=\"5780a73\" data-element_type=\"section\">\n\t\t\t\t\t\t<div class=\"elementor-container elementor-column-gap-default\">\n\t\t\t\t\t<div class=\"elementor-column elementor-col-100 elementor-top-column elementor-element elementor-element-cb92761\" data-id=\"cb92761\" data-element_type=\"column\">\n\t\t\t<div class=\"elementor-widget-wrap elementor-element-populated\">\n\t\t\t\t\t\t\t\t<div class=\"elementor-element elementor-element-3e6ce8c elementor-widget elementor-widget-heading\" data-id=\"3e6ce8c\" data-element_type=\"widget\" data-widget_type=\"heading.default\">\n\t\t\t\t<div class=\"elementor-widget-container\">\n\t\t\t<h4 class=\"elementor-heading-title elementor-size-default\">Pasos de construcci\u00f3n<\/h4>\t\t<\/div>\n\t\t\t\t<\/div>\n\t\t\t\t\t<\/div>\n\t\t<\/div>\n\t\t\t\t\t\t\t<\/div>\n\t\t<\/section>\n\t\t\t\t<section class=\"elementor-section elementor-top-section elementor-element elementor-element-79b4afa elementor-section-boxed elementor-section-height-default elementor-section-height-default\" data-id=\"79b4afa\" data-element_type=\"section\">\n\t\t\t\t\t\t<div class=\"elementor-container elementor-column-gap-default\">\n\t\t\t\t\t<div class=\"elementor-column elementor-col-100 elementor-top-column elementor-element elementor-element-844a778\" data-id=\"844a778\" data-element_type=\"column\">\n\t\t\t<div class=\"elementor-widget-wrap elementor-element-populated\">\n\t\t\t\t\t\t\t\t<div class=\"elementor-element elementor-element-c5652d9 elementor-widget elementor-widget-image\" data-id=\"c5652d9\" data-element_type=\"widget\" data-widget_type=\"image.default\">\n\t\t\t\t<div class=\"elementor-widget-container\">\n\t\t\t\t\t\t\t\t\t\t\t\t\t\t\t<img loading=\"lazy\" decoding=\"async\" width=\"751\" height=\"347\" src=\"https:\/\/everstartraffic.com\/wp-content\/uploads\/2022\/01\/\u65bd\u5de5\u6b65\u9aa4\u56fe.webp\" class=\"attachment-large size-large\" alt=\"\" srcset=\"https:\/\/everstartraffic.com\/wp-content\/uploads\/2022\/01\/\u65bd\u5de5\u6b65\u9aa4\u56fe.webp 751w, https:\/\/everstartraffic.com\/wp-content\/uploads\/2022\/01\/\u65bd\u5de5\u6b65\u9aa4\u56fe-600x277.webp 600w, https:\/\/everstartraffic.com\/wp-content\/uploads\/2022\/01\/\u65bd\u5de5\u6b65\u9aa4\u56fe-300x139.webp 300w\" sizes=\"auto, (max-width: 751px) 100vw, 751px\" \/>\t\t\t\t\t\t\t\t\t\t\t\t\t\t\t<\/div>\n\t\t\t\t<\/div>\n\t\t\t\t\t<\/div>\n\t\t<\/div>\n\t\t\t\t\t\t\t<\/div>\n\t\t<\/section>\n\t\t\t\t<section class=\"elementor-section elementor-top-section elementor-element elementor-element-751de4c elementor-section-boxed elementor-section-height-default elementor-section-height-default\" data-id=\"751de4c\" data-element_type=\"section\">\n\t\t\t\t\t\t<div class=\"elementor-container elementor-column-gap-default\">\n\t\t\t\t\t<div class=\"elementor-column elementor-col-100 elementor-top-column elementor-element elementor-element-96a0d92\" data-id=\"96a0d92\" data-element_type=\"column\">\n\t\t\t<div class=\"elementor-widget-wrap elementor-element-populated\">\n\t\t\t\t\t\t\t\t<div class=\"elementor-element elementor-element-770ffbe elementor-widget elementor-widget-heading\" data-id=\"770ffbe\" data-element_type=\"widget\" data-widget_type=\"heading.default\">\n\t\t\t\t<div class=\"elementor-widget-container\">\n\t\t\t<h4 class=\"elementor-heading-title elementor-size-default\">Aplicaciones Fotos<\/h4>\t\t<\/div>\n\t\t\t\t<\/div>\n\t\t\t\t\t<\/div>\n\t\t<\/div>\n\t\t\t\t\t\t\t<\/div>\n\t\t<\/section>\n\t\t\t\t<section class=\"elementor-section elementor-top-section elementor-element elementor-element-1b4ab2f elementor-section-boxed elementor-section-height-default elementor-section-height-default\" data-id=\"1b4ab2f\" data-element_type=\"section\">\n\t\t\t\t\t\t<div class=\"elementor-container elementor-column-gap-default\">\n\t\t\t\t\t<div class=\"elementor-column elementor-col-100 elementor-top-column elementor-element elementor-element-a2c5fd9\" data-id=\"a2c5fd9\" data-element_type=\"column\">\n\t\t\t<div class=\"elementor-widget-wrap elementor-element-populated\">\n\t\t\t\t\t\t\t\t<div class=\"elementor-element elementor-element-0b91dd7 elementor-widget elementor-widget-image\" data-id=\"0b91dd7\" data-element_type=\"widget\" data-widget_type=\"image.default\">\n\t\t\t\t<div class=\"elementor-widget-container\">\n\t\t\t\t\t\t\t\t\t\t\t\t\t\t\t<img loading=\"lazy\" decoding=\"async\" width=\"810\" height=\"660\" src=\"https:\/\/everstartraffic.com\/wp-content\/uploads\/2022\/01\/\u704c\u7f1d\u673a\u65bd\u5de5\u56fe-3-1.png\" class=\"attachment-large size-large\" alt=\"\" srcset=\"https:\/\/everstartraffic.com\/wp-content\/uploads\/2022\/01\/\u704c\u7f1d\u673a\u65bd\u5de5\u56fe-3-1.png 810w, https:\/\/everstartraffic.com\/wp-content\/uploads\/2022\/01\/\u704c\u7f1d\u673a\u65bd\u5de5\u56fe-3-1-600x489.png 600w, https:\/\/everstartraffic.com\/wp-content\/uploads\/2022\/01\/\u704c\u7f1d\u673a\u65bd\u5de5\u56fe-3-1-300x244.png 300w, https:\/\/everstartraffic.com\/wp-content\/uploads\/2022\/01\/\u704c\u7f1d\u673a\u65bd\u5de5\u56fe-3-1-768x626.png 768w\" sizes=\"auto, (max-width: 810px) 100vw, 810px\" \/>\t\t\t\t\t\t\t\t\t\t\t\t\t\t\t<\/div>\n\t\t\t\t<\/div>\n\t\t\t\t<div class=\"elementor-element elementor-element-397f033 elementor-widget elementor-widget-image\" data-id=\"397f033\" data-element_type=\"widget\" data-widget_type=\"image.default\">\n\t\t\t\t<div class=\"elementor-widget-container\">\n\t\t\t\t\t\t\t\t\t\t\t\t\t\t\t<img loading=\"lazy\" decoding=\"async\" width=\"734\" height=\"921\" src=\"https:\/\/everstartraffic.com\/wp-content\/uploads\/2022\/01\/QQ\u622a\u56fe20220127224822_\u526f\u672c.png\" class=\"attachment-large size-large\" alt=\"\" srcset=\"https:\/\/everstartraffic.com\/wp-content\/uploads\/2022\/01\/QQ\u622a\u56fe20220127224822_\u526f\u672c.png 734w, https:\/\/everstartraffic.com\/wp-content\/uploads\/2022\/01\/QQ\u622a\u56fe20220127224822_\u526f\u672c-600x753.png 600w, https:\/\/everstartraffic.com\/wp-content\/uploads\/2022\/01\/QQ\u622a\u56fe20220127224822_\u526f\u672c-239x300.png 239w\" sizes=\"auto, (max-width: 734px) 100vw, 734px\" \/>\t\t\t\t\t\t\t\t\t\t\t\t\t\t\t<\/div>\n\t\t\t\t<\/div>\n\t\t\t\t<div class=\"elementor-element elementor-element-11ddbe0 elementor-widget elementor-widget-image\" data-id=\"11ddbe0\" data-element_type=\"widget\" data-widget_type=\"image.default\">\n\t\t\t\t<div class=\"elementor-widget-container\">\n\t\t\t\t\t\t\t\t\t\t\t\t\t\t\t<img loading=\"lazy\" decoding=\"async\" width=\"788\" height=\"685\" src=\"https:\/\/everstartraffic.com\/wp-content\/uploads\/2022\/01\/\u704c\u7f1d\u673a\u65bd\u5de5\u56fe-2-1.png\" class=\"attachment-large size-large\" alt=\"\" srcset=\"https:\/\/everstartraffic.com\/wp-content\/uploads\/2022\/01\/\u704c\u7f1d\u673a\u65bd\u5de5\u56fe-2-1.png 788w, https:\/\/everstartraffic.com\/wp-content\/uploads\/2022\/01\/\u704c\u7f1d\u673a\u65bd\u5de5\u56fe-2-1-600x522.png 600w, https:\/\/everstartraffic.com\/wp-content\/uploads\/2022\/01\/\u704c\u7f1d\u673a\u65bd\u5de5\u56fe-2-1-300x261.png 300w, https:\/\/everstartraffic.com\/wp-content\/uploads\/2022\/01\/\u704c\u7f1d\u673a\u65bd\u5de5\u56fe-2-1-768x668.png 768w\" sizes=\"auto, (max-width: 788px) 100vw, 788px\" \/>\t\t\t\t\t\t\t\t\t\t\t\t\t\t\t<\/div>\n\t\t\t\t<\/div>\n\t\t\t\t<div class=\"elementor-element elementor-element-cabc81f elementor-widget elementor-widget-image\" data-id=\"cabc81f\" data-element_type=\"widget\" data-widget_type=\"image.default\">\n\t\t\t\t<div class=\"elementor-widget-container\">\n\t\t\t\t\t\t\t\t\t\t\t\t\t\t\t<img loading=\"lazy\" decoding=\"async\" width=\"730\" height=\"654\" src=\"https:\/\/everstartraffic.com\/wp-content\/uploads\/2022\/01\/\u704c\u7f1d\u673a\u65bd\u5de5\u56fe-1_\u526f\u672c-1.png\" class=\"attachment-large size-large\" alt=\"\" srcset=\"https:\/\/everstartraffic.com\/wp-content\/uploads\/2022\/01\/\u704c\u7f1d\u673a\u65bd\u5de5\u56fe-1_\u526f\u672c-1.png 730w, https:\/\/everstartraffic.com\/wp-content\/uploads\/2022\/01\/\u704c\u7f1d\u673a\u65bd\u5de5\u56fe-1_\u526f\u672c-1-600x538.png 600w, https:\/\/everstartraffic.com\/wp-content\/uploads\/2022\/01\/\u704c\u7f1d\u673a\u65bd\u5de5\u56fe-1_\u526f\u672c-1-300x269.png 300w\" sizes=\"auto, (max-width: 730px) 100vw, 730px\" \/>\t\t\t\t\t\t\t\t\t\t\t\t\t\t\t<\/div>\n\t\t\t\t<\/div>\n\t\t\t\t\t<\/div>\n\t\t<\/div>\n\t\t\t\t\t\t\t<\/div>\n\t\t<\/section>\n\t\t\t\t\t\t\t<\/div>\n\t\t","protected":false},"excerpt":{"rendered":"<p>La m\u00e1quina reparadora de baches con bet\u00fan tipo conducci\u00f3n ES-600L se utiliza para reparar pavimento y es adecuada para carreteras, caminos municipales, pistas de aeropuertos, caminos rurales, caminos de vecindarios y de f\u00e1bricas.<\/p>\n","protected":false},"featured_media":4027,"comment_status":"open","ping_status":"closed","template":"","meta":{"_monsterinsights_skip_tracking":false,"_monsterinsights_sitenote_active":false,"_monsterinsights_sitenote_note":"","_monsterinsights_sitenote_category":0,"spay_email":"","jetpack_publicize_message":"","jetpack_is_tweetstorm":false,"jetpack_publicize_feature_enabled":true},"product_cat":[317,294],"product_tag":[379,358,387],"class_list":["post-9594","product","type-product","status-publish","has-post-thumbnail","hentry","product_cat-maquina-para-sellar-grietas-en-asfalto","product_cat-sin-categorizar","product_tag-maquina-de-sellado-de-grietas","product_tag-maquina-para-reparar-baches-con-betun","product_tag-maquina-selladora-de-grietas-tipo-accionamiento"],"aioseo_notices":[],"_links":{"self":[{"href":"https:\/\/everstartraffic.com\/es\/wp-json\/wp\/v2\/product\/9594","targetHints":{"allow":["GET"]}}],"collection":[{"href":"https:\/\/everstartraffic.com\/es\/wp-json\/wp\/v2\/product"}],"about":[{"href":"https:\/\/everstartraffic.com\/es\/wp-json\/wp\/v2\/types\/product"}],"replies":[{"embeddable":true,"href":"https:\/\/everstartraffic.com\/es\/wp-json\/wp\/v2\/comments?post=9594"}],"version-history":[{"count":1,"href":"https:\/\/everstartraffic.com\/es\/wp-json\/wp\/v2\/product\/9594\/revisions"}],"predecessor-version":[{"id":9595,"href":"https:\/\/everstartraffic.com\/es\/wp-json\/wp\/v2\/product\/9594\/revisions\/9595"}],"wp:featuredmedia":[{"embeddable":true,"href":"https:\/\/everstartraffic.com\/es\/wp-json\/wp\/v2\/media\/4027"}],"wp:attachment":[{"href":"https:\/\/everstartraffic.com\/es\/wp-json\/wp\/v2\/media?parent=9594"}],"wp:term":[{"taxonomy":"product_cat","embeddable":true,"href":"https:\/\/everstartraffic.com\/es\/wp-json\/wp\/v2\/product_cat?post=9594"},{"taxonomy":"product_tag","embeddable":true,"href":"https:\/\/everstartraffic.com\/es\/wp-json\/wp\/v2\/product_tag?post=9594"}],"curies":[{"name":"wp","href":"https:\/\/api.w.org\/{rel}","templated":true}]}}