{"id":9592,"date":"2022-01-31T08:41:57","date_gmt":"2022-01-31T08:41:57","guid":{"rendered":"https:\/\/www.everstartraffic.com\/product\/maquina-selladora-de-grietas-para-remolques-es-600l\/"},"modified":"2024-09-19T08:45:38","modified_gmt":"2024-09-19T08:45:38","slug":"maquina-selladora-de-grietas-para-remolques-es-600l","status":"publish","type":"product","link":"https:\/\/everstartraffic.com\/es\/product\/maquina-selladora-de-grietas-para-remolques-es-600l\/","title":{"rendered":"M\u00c1QUINA SELLADORA DE GRIETAS PARA REMOLQUES ES-600L"},"content":{"rendered":"\t\t<div data-elementor-type=\"product-post\" data-elementor-id=\"9592\" class=\"elementor elementor-9592 elementor-4043\">\n\t\t\t\t\t\t\t\t\t<section class=\"elementor-section elementor-top-section elementor-element elementor-element-2a618ee elementor-section-boxed elementor-section-height-default elementor-section-height-default\" data-id=\"2a618ee\" data-element_type=\"section\">\n\t\t\t\t\t\t<div class=\"elementor-container elementor-column-gap-default\">\n\t\t\t\t\t<div class=\"elementor-column elementor-col-100 elementor-top-column elementor-element elementor-element-d5570c8\" data-id=\"d5570c8\" data-element_type=\"column\">\n\t\t\t<div class=\"elementor-widget-wrap elementor-element-populated\">\n\t\t\t\t\t\t\t\t<div class=\"elementor-element elementor-element-c81477a elementor-widget elementor-widget-heading\" data-id=\"c81477a\" data-element_type=\"widget\" data-widget_type=\"heading.default\">\n\t\t\t\t<div class=\"elementor-widget-container\">\n\t\t\t<style>\/*! elementor - v3.7.0 - 08-08-2022 *\/\n.elementor-heading-title{padding:0;margin:0;line-height:1}.elementor-widget-heading .elementor-heading-title[class*=elementor-size-]>a{color:inherit;font-size:inherit;line-height:inherit}.elementor-widget-heading .elementor-heading-title.elementor-size-small{font-size:15px}.elementor-widget-heading .elementor-heading-title.elementor-size-medium{font-size:19px}.elementor-widget-heading .elementor-heading-title.elementor-size-large{font-size:29px}.elementor-widget-heading .elementor-heading-title.elementor-size-xl{font-size:39px}.elementor-widget-heading .elementor-heading-title.elementor-size-xxl{font-size:59px}<\/style><h4 class=\"elementor-heading-title elementor-size-default\">semiautom\u00e1tico<\/h4>\t\t<\/div>\n\t\t\t\t<\/div>\n\t\t\t\t\t<\/div>\n\t\t<\/div>\n\t\t\t\t\t\t\t<\/div>\n\t\t<\/section>\n\t\t\t\t<section class=\"elementor-section elementor-top-section elementor-element elementor-element-b7a4ef6 elementor-section-boxed elementor-section-height-default elementor-section-height-default\" data-id=\"b7a4ef6\" data-element_type=\"section\">\n\t\t\t\t\t\t<div class=\"elementor-container elementor-column-gap-default\">\n\t\t\t\t\t<div class=\"elementor-column elementor-col-100 elementor-top-column elementor-element elementor-element-b91c1b8\" data-id=\"b91c1b8\" data-element_type=\"column\">\n\t\t\t<div class=\"elementor-widget-wrap elementor-element-populated\">\n\t\t\t\t\t\t\t\t<div class=\"elementor-element elementor-element-69e6fec elementor-widget elementor-widget-image\" data-id=\"69e6fec\" data-element_type=\"widget\" data-widget_type=\"image.default\">\n\t\t\t\t<div class=\"elementor-widget-container\">\n\t\t\t<style>\/*! elementor - v3.7.0 - 08-08-2022 *\/\n.elementor-widget-image{text-align:center}.elementor-widget-image a{display:inline-block}.elementor-widget-image a img[src$=\".svg\"]{width:48px}.elementor-widget-image img{vertical-align:middle;display:inline-block}<\/style>\t\t\t\t\t\t\t\t\t\t\t\t<img loading=\"lazy\" decoding=\"async\" width=\"1024\" height=\"656\" src=\"https:\/\/everstartraffic.com\/wp-content\/uploads\/2022\/01\/\u53c2\u6570-2-7-1024x656.png\" class=\"attachment-large size-large\" alt=\"\" srcset=\"https:\/\/everstartraffic.com\/wp-content\/uploads\/2022\/01\/\u53c2\u6570-2-7-1024x656.png 1024w, https:\/\/everstartraffic.com\/wp-content\/uploads\/2022\/01\/\u53c2\u6570-2-7-600x384.png 600w, https:\/\/everstartraffic.com\/wp-content\/uploads\/2022\/01\/\u53c2\u6570-2-7-300x192.png 300w, https:\/\/everstartraffic.com\/wp-content\/uploads\/2022\/01\/\u53c2\u6570-2-7-768x492.png 768w, https:\/\/everstartraffic.com\/wp-content\/uploads\/2022\/01\/\u53c2\u6570-2-7.png 1144w\" sizes=\"auto, (max-width: 1024px) 100vw, 1024px\" \/>\t\t\t\t\t\t\t\t\t\t\t\t\t\t\t<\/div>\n\t\t\t\t<\/div>\n\t\t\t\t<div class=\"elementor-element elementor-element-4976ee6 elementor-widget elementor-widget-image\" data-id=\"4976ee6\" data-element_type=\"widget\" data-widget_type=\"image.default\">\n\t\t\t\t<div class=\"elementor-widget-container\">\n\t\t\t\t\t\t\t\t\t\t\t\t\t\t\t<img loading=\"lazy\" decoding=\"async\" width=\"1024\" height=\"151\" src=\"https:\/\/everstartraffic.com\/wp-content\/uploads\/2022\/01\/\u53c2\u6570-1-7-1024x151.png\" class=\"attachment-large size-large\" alt=\"\" srcset=\"https:\/\/everstartraffic.com\/wp-content\/uploads\/2022\/01\/\u53c2\u6570-1-7-1024x151.png 1024w, https:\/\/everstartraffic.com\/wp-content\/uploads\/2022\/01\/\u53c2\u6570-1-7-600x88.png 600w, https:\/\/everstartraffic.com\/wp-content\/uploads\/2022\/01\/\u53c2\u6570-1-7-300x44.png 300w, https:\/\/everstartraffic.com\/wp-content\/uploads\/2022\/01\/\u53c2\u6570-1-7-768x113.png 768w, https:\/\/everstartraffic.com\/wp-content\/uploads\/2022\/01\/\u53c2\u6570-1-7.png 1146w\" sizes=\"auto, (max-width: 1024px) 100vw, 1024px\" \/>\t\t\t\t\t\t\t\t\t\t\t\t\t\t\t<\/div>\n\t\t\t\t<\/div>\n\t\t\t\t\t<\/div>\n\t\t<\/div>\n\t\t\t\t\t\t\t<\/div>\n\t\t<\/section>\n\t\t\t\t<section class=\"elementor-section elementor-top-section elementor-element elementor-element-1eea0a0 elementor-section-boxed elementor-section-height-default elementor-section-height-default\" data-id=\"1eea0a0\" data-element_type=\"section\">\n\t\t\t\t\t\t<div class=\"elementor-container elementor-column-gap-default\">\n\t\t\t\t\t<div class=\"elementor-column elementor-col-100 elementor-top-column elementor-element elementor-element-859693d\" data-id=\"859693d\" data-element_type=\"column\">\n\t\t\t<div class=\"elementor-widget-wrap elementor-element-populated\">\n\t\t\t\t\t\t\t\t<div class=\"elementor-element elementor-element-df23698 elementor-widget elementor-widget-heading\" data-id=\"df23698\" data-element_type=\"widget\" data-widget_type=\"heading.default\">\n\t\t\t\t<div class=\"elementor-widget-container\">\n\t\t\t<h4 class=\"elementor-heading-title elementor-size-default\">Exhibici\u00f3n del producto<\/h4>\t\t<\/div>\n\t\t\t\t<\/div>\n\t\t\t\t\t<\/div>\n\t\t<\/div>\n\t\t\t\t\t\t\t<\/div>\n\t\t<\/section>\n\t\t\t\t<section class=\"elementor-section elementor-top-section elementor-element elementor-element-314bab4 elementor-section-boxed elementor-section-height-default elementor-section-height-default\" data-id=\"314bab4\" data-element_type=\"section\">\n\t\t\t\t\t\t<div class=\"elementor-container elementor-column-gap-default\">\n\t\t\t\t\t<div class=\"elementor-column elementor-col-100 elementor-top-column elementor-element elementor-element-60a81ea\" data-id=\"60a81ea\" data-element_type=\"column\">\n\t\t\t<div class=\"elementor-widget-wrap elementor-element-populated\">\n\t\t\t\t\t\t\t\t<div class=\"elementor-element elementor-element-8be68d0 elementor-widget elementor-widget-image\" data-id=\"8be68d0\" data-element_type=\"widget\" data-widget_type=\"image.default\">\n\t\t\t\t<div class=\"elementor-widget-container\">\n\t\t\t\t\t\t\t\t\t\t\t\t\t\t\t<img loading=\"lazy\" decoding=\"async\" width=\"806\" height=\"681\" src=\"https:\/\/everstartraffic.com\/wp-content\/uploads\/2022\/01\/\u7ec6\u8282\u56fe-1.png\" class=\"attachment-large size-large\" alt=\"\" srcset=\"https:\/\/everstartraffic.com\/wp-content\/uploads\/2022\/01\/\u7ec6\u8282\u56fe-1.png 806w, https:\/\/everstartraffic.com\/wp-content\/uploads\/2022\/01\/\u7ec6\u8282\u56fe-1-600x507.png 600w, https:\/\/everstartraffic.com\/wp-content\/uploads\/2022\/01\/\u7ec6\u8282\u56fe-1-300x253.png 300w, https:\/\/everstartraffic.com\/wp-content\/uploads\/2022\/01\/\u7ec6\u8282\u56fe-1-768x649.png 768w\" sizes=\"auto, (max-width: 806px) 100vw, 806px\" \/>\t\t\t\t\t\t\t\t\t\t\t\t\t\t\t<\/div>\n\t\t\t\t<\/div>\n\t\t\t\t<div class=\"elementor-element elementor-element-3aa5c27 elementor-widget elementor-widget-image\" data-id=\"3aa5c27\" data-element_type=\"widget\" data-widget_type=\"image.default\">\n\t\t\t\t<div class=\"elementor-widget-container\">\n\t\t\t\t\t\t\t\t\t\t\t\t\t\t\t<img loading=\"lazy\" decoding=\"async\" width=\"932\" height=\"933\" src=\"https:\/\/everstartraffic.com\/wp-content\/uploads\/2022\/01\/\u7ec6\u8282\u56fe-2.png\" class=\"attachment-large size-large\" alt=\"\" srcset=\"https:\/\/everstartraffic.com\/wp-content\/uploads\/2022\/01\/\u7ec6\u8282\u56fe-2.png 932w, https:\/\/everstartraffic.com\/wp-content\/uploads\/2022\/01\/\u7ec6\u8282\u56fe-2-300x300.png 300w, https:\/\/everstartraffic.com\/wp-content\/uploads\/2022\/01\/\u7ec6\u8282\u56fe-2-100x100.png 100w, https:\/\/everstartraffic.com\/wp-content\/uploads\/2022\/01\/\u7ec6\u8282\u56fe-2-600x601.png 600w, https:\/\/everstartraffic.com\/wp-content\/uploads\/2022\/01\/\u7ec6\u8282\u56fe-2-150x150.png 150w, https:\/\/everstartraffic.com\/wp-content\/uploads\/2022\/01\/\u7ec6\u8282\u56fe-2-768x769.png 768w\" sizes=\"auto, (max-width: 932px) 100vw, 932px\" \/>\t\t\t\t\t\t\t\t\t\t\t\t\t\t\t<\/div>\n\t\t\t\t<\/div>\n\t\t\t\t\t<\/div>\n\t\t<\/div>\n\t\t\t\t\t\t\t<\/div>\n\t\t<\/section>\n\t\t\t\t<section class=\"elementor-section elementor-top-section elementor-element elementor-element-4c986c6 elementor-section-boxed elementor-section-height-default elementor-section-height-default\" data-id=\"4c986c6\" data-element_type=\"section\">\n\t\t\t\t\t\t<div class=\"elementor-container elementor-column-gap-default\">\n\t\t\t\t\t<div class=\"elementor-column elementor-col-100 elementor-top-column elementor-element elementor-element-f34ec90\" data-id=\"f34ec90\" data-element_type=\"column\">\n\t\t\t<div class=\"elementor-widget-wrap elementor-element-populated\">\n\t\t\t\t\t\t\t\t<div class=\"elementor-element elementor-element-3a774eb elementor-widget elementor-widget-heading\" data-id=\"3a774eb\" data-element_type=\"widget\" data-widget_type=\"heading.default\">\n\t\t\t\t<div class=\"elementor-widget-container\">\n\t\t\t<h4 class=\"elementor-heading-title elementor-size-default\">Ventaja del producto<\/h4>\t\t<\/div>\n\t\t\t\t<\/div>\n\t\t\t\t\t<\/div>\n\t\t<\/div>\n\t\t\t\t\t\t\t<\/div>\n\t\t<\/section>\n\t\t\t\t<section class=\"elementor-section elementor-top-section elementor-element elementor-element-9266c47 elementor-section-boxed elementor-section-height-default elementor-section-height-default\" data-id=\"9266c47\" data-element_type=\"section\">\n\t\t\t\t\t\t<div class=\"elementor-container elementor-column-gap-default\">\n\t\t\t\t\t<div class=\"elementor-column elementor-col-100 elementor-top-column elementor-element elementor-element-bf90d42\" data-id=\"bf90d42\" data-element_type=\"column\">\n\t\t\t<div class=\"elementor-widget-wrap elementor-element-populated\">\n\t\t\t\t\t\t\t\t<div class=\"elementor-element elementor-element-ebdd3d6 elementor-widget elementor-widget-image\" data-id=\"ebdd3d6\" data-element_type=\"widget\" data-widget_type=\"image.default\">\n\t\t\t\t<div class=\"elementor-widget-container\">\n\t\t\t\t\t\t\t\t\t\t\t\t\t\t\t<img loading=\"lazy\" decoding=\"async\" width=\"620\" height=\"600\" src=\"https:\/\/everstartraffic.com\/wp-content\/uploads\/2022\/01\/\u4ea7\u54c1\u4f18\u52bf.jpg\" class=\"attachment-large size-large\" alt=\"\" srcset=\"https:\/\/everstartraffic.com\/wp-content\/uploads\/2022\/01\/\u4ea7\u54c1\u4f18\u52bf.jpg 620w, https:\/\/everstartraffic.com\/wp-content\/uploads\/2022\/01\/\u4ea7\u54c1\u4f18\u52bf-600x581.jpg 600w, https:\/\/everstartraffic.com\/wp-content\/uploads\/2022\/01\/\u4ea7\u54c1\u4f18\u52bf-300x290.jpg 300w\" sizes=\"auto, (max-width: 620px) 100vw, 620px\" \/>\t\t\t\t\t\t\t\t\t\t\t\t\t\t\t<\/div>\n\t\t\t\t<\/div>\n\t\t\t\t\t<\/div>\n\t\t<\/div>\n\t\t\t\t\t\t\t<\/div>\n\t\t<\/section>\n\t\t\t\t<section class=\"elementor-section elementor-top-section elementor-element elementor-element-4057914 elementor-section-boxed elementor-section-height-default elementor-section-height-default\" data-id=\"4057914\" data-element_type=\"section\">\n\t\t\t\t\t\t<div class=\"elementor-container elementor-column-gap-default\">\n\t\t\t\t\t<div class=\"elementor-column elementor-col-100 elementor-top-column elementor-element elementor-element-c91c639\" data-id=\"c91c639\" data-element_type=\"column\">\n\t\t\t<div class=\"elementor-widget-wrap elementor-element-populated\">\n\t\t\t\t\t\t\t\t<div class=\"elementor-element elementor-element-fc47e2f elementor-widget elementor-widget-heading\" data-id=\"fc47e2f\" data-element_type=\"widget\" data-widget_type=\"heading.default\">\n\t\t\t\t<div class=\"elementor-widget-container\">\n\t\t\t<h4 class=\"elementor-heading-title elementor-size-default\">Pasos de construcci\u00f3n<\/h4>\t\t<\/div>\n\t\t\t\t<\/div>\n\t\t\t\t\t<\/div>\n\t\t<\/div>\n\t\t\t\t\t\t\t<\/div>\n\t\t<\/section>\n\t\t\t\t<section class=\"elementor-section elementor-top-section elementor-element elementor-element-3dfdd91 elementor-section-boxed elementor-section-height-default elementor-section-height-default\" data-id=\"3dfdd91\" data-element_type=\"section\">\n\t\t\t\t\t\t<div class=\"elementor-container elementor-column-gap-default\">\n\t\t\t\t\t<div class=\"elementor-column elementor-col-100 elementor-top-column elementor-element elementor-element-bec74ef\" data-id=\"bec74ef\" data-element_type=\"column\">\n\t\t\t<div class=\"elementor-widget-wrap elementor-element-populated\">\n\t\t\t\t\t\t\t\t<div class=\"elementor-element elementor-element-f8686e6 elementor-widget elementor-widget-image\" data-id=\"f8686e6\" data-element_type=\"widget\" data-widget_type=\"image.default\">\n\t\t\t\t<div class=\"elementor-widget-container\">\n\t\t\t\t\t\t\t\t\t\t\t\t\t\t\t<img loading=\"lazy\" decoding=\"async\" width=\"751\" height=\"347\" src=\"https:\/\/everstartraffic.com\/wp-content\/uploads\/2022\/01\/\u65bd\u5de5\u6b65\u9aa4\u56fe.webp\" class=\"attachment-large size-large\" alt=\"\" srcset=\"https:\/\/everstartraffic.com\/wp-content\/uploads\/2022\/01\/\u65bd\u5de5\u6b65\u9aa4\u56fe.webp 751w, https:\/\/everstartraffic.com\/wp-content\/uploads\/2022\/01\/\u65bd\u5de5\u6b65\u9aa4\u56fe-600x277.webp 600w, https:\/\/everstartraffic.com\/wp-content\/uploads\/2022\/01\/\u65bd\u5de5\u6b65\u9aa4\u56fe-300x139.webp 300w\" sizes=\"auto, (max-width: 751px) 100vw, 751px\" \/>\t\t\t\t\t\t\t\t\t\t\t\t\t\t\t<\/div>\n\t\t\t\t<\/div>\n\t\t\t\t\t<\/div>\n\t\t<\/div>\n\t\t\t\t\t\t\t<\/div>\n\t\t<\/section>\n\t\t\t\t<section class=\"elementor-section elementor-top-section elementor-element elementor-element-27f4a76 elementor-section-boxed elementor-section-height-default elementor-section-height-default\" data-id=\"27f4a76\" data-element_type=\"section\">\n\t\t\t\t\t\t<div class=\"elementor-container elementor-column-gap-default\">\n\t\t\t\t\t<div class=\"elementor-column elementor-col-100 elementor-top-column elementor-element elementor-element-0c0b284\" data-id=\"0c0b284\" data-element_type=\"column\">\n\t\t\t<div class=\"elementor-widget-wrap elementor-element-populated\">\n\t\t\t\t\t\t\t\t<div class=\"elementor-element elementor-element-ce752cd elementor-widget elementor-widget-heading\" data-id=\"ce752cd\" data-element_type=\"widget\" data-widget_type=\"heading.default\">\n\t\t\t\t<div class=\"elementor-widget-container\">\n\t\t\t<h4 class=\"elementor-heading-title elementor-size-default\">Fotos de la aplicaci\u00f3n<\/h4>\t\t<\/div>\n\t\t\t\t<\/div>\n\t\t\t\t\t<\/div>\n\t\t<\/div>\n\t\t\t\t\t\t\t<\/div>\n\t\t<\/section>\n\t\t\t\t<section class=\"elementor-section elementor-top-section elementor-element elementor-element-267bd88 elementor-section-boxed elementor-section-height-default elementor-section-height-default\" data-id=\"267bd88\" data-element_type=\"section\">\n\t\t\t\t\t\t<div class=\"elementor-container elementor-column-gap-default\">\n\t\t\t\t\t<div class=\"elementor-column elementor-col-100 elementor-top-column elementor-element elementor-element-fc7c7c2\" data-id=\"fc7c7c2\" data-element_type=\"column\">\n\t\t\t<div class=\"elementor-widget-wrap elementor-element-populated\">\n\t\t\t\t\t\t\t\t<div class=\"elementor-element elementor-element-a0d6a83 elementor-widget elementor-widget-image\" data-id=\"a0d6a83\" data-element_type=\"widget\" data-widget_type=\"image.default\">\n\t\t\t\t<div class=\"elementor-widget-container\">\n\t\t\t\t\t\t\t\t\t\t\t\t\t\t\t<img loading=\"lazy\" decoding=\"async\" width=\"810\" height=\"660\" src=\"https:\/\/everstartraffic.com\/wp-content\/uploads\/2022\/01\/\u704c\u7f1d\u673a\u65bd\u5de5\u56fe-3-1.png\" class=\"attachment-large size-large\" alt=\"\" srcset=\"https:\/\/everstartraffic.com\/wp-content\/uploads\/2022\/01\/\u704c\u7f1d\u673a\u65bd\u5de5\u56fe-3-1.png 810w, https:\/\/everstartraffic.com\/wp-content\/uploads\/2022\/01\/\u704c\u7f1d\u673a\u65bd\u5de5\u56fe-3-1-600x489.png 600w, https:\/\/everstartraffic.com\/wp-content\/uploads\/2022\/01\/\u704c\u7f1d\u673a\u65bd\u5de5\u56fe-3-1-300x244.png 300w, https:\/\/everstartraffic.com\/wp-content\/uploads\/2022\/01\/\u704c\u7f1d\u673a\u65bd\u5de5\u56fe-3-1-768x626.png 768w\" sizes=\"auto, (max-width: 810px) 100vw, 810px\" \/>\t\t\t\t\t\t\t\t\t\t\t\t\t\t\t<\/div>\n\t\t\t\t<\/div>\n\t\t\t\t<div class=\"elementor-element elementor-element-f813e98 elementor-widget elementor-widget-image\" data-id=\"f813e98\" data-element_type=\"widget\" data-widget_type=\"image.default\">\n\t\t\t\t<div class=\"elementor-widget-container\">\n\t\t\t\t\t\t\t\t\t\t\t\t\t\t\t<img loading=\"lazy\" decoding=\"async\" width=\"734\" height=\"921\" src=\"https:\/\/everstartraffic.com\/wp-content\/uploads\/2022\/01\/QQ\u622a\u56fe20220127224822_\u526f\u672c.png\" class=\"attachment-large size-large\" alt=\"\" srcset=\"https:\/\/everstartraffic.com\/wp-content\/uploads\/2022\/01\/QQ\u622a\u56fe20220127224822_\u526f\u672c.png 734w, https:\/\/everstartraffic.com\/wp-content\/uploads\/2022\/01\/QQ\u622a\u56fe20220127224822_\u526f\u672c-600x753.png 600w, https:\/\/everstartraffic.com\/wp-content\/uploads\/2022\/01\/QQ\u622a\u56fe20220127224822_\u526f\u672c-239x300.png 239w\" sizes=\"auto, (max-width: 734px) 100vw, 734px\" \/>\t\t\t\t\t\t\t\t\t\t\t\t\t\t\t<\/div>\n\t\t\t\t<\/div>\n\t\t\t\t<div class=\"elementor-element elementor-element-18392a3 elementor-widget elementor-widget-image\" data-id=\"18392a3\" data-element_type=\"widget\" data-widget_type=\"image.default\">\n\t\t\t\t<div class=\"elementor-widget-container\">\n\t\t\t\t\t\t\t\t\t\t\t\t\t\t\t<img loading=\"lazy\" decoding=\"async\" width=\"810\" height=\"660\" src=\"https:\/\/everstartraffic.com\/wp-content\/uploads\/2022\/01\/\u704c\u7f1d\u673a\u65bd\u5de5\u56fe-3-1.png\" class=\"attachment-large size-large\" alt=\"\" srcset=\"https:\/\/everstartraffic.com\/wp-content\/uploads\/2022\/01\/\u704c\u7f1d\u673a\u65bd\u5de5\u56fe-3-1.png 810w, https:\/\/everstartraffic.com\/wp-content\/uploads\/2022\/01\/\u704c\u7f1d\u673a\u65bd\u5de5\u56fe-3-1-600x489.png 600w, https:\/\/everstartraffic.com\/wp-content\/uploads\/2022\/01\/\u704c\u7f1d\u673a\u65bd\u5de5\u56fe-3-1-300x244.png 300w, https:\/\/everstartraffic.com\/wp-content\/uploads\/2022\/01\/\u704c\u7f1d\u673a\u65bd\u5de5\u56fe-3-1-768x626.png 768w\" sizes=\"auto, (max-width: 810px) 100vw, 810px\" \/>\t\t\t\t\t\t\t\t\t\t\t\t\t\t\t<\/div>\n\t\t\t\t<\/div>\n\t\t\t\t<div class=\"elementor-element elementor-element-ea47112 elementor-widget elementor-widget-image\" data-id=\"ea47112\" data-element_type=\"widget\" data-widget_type=\"image.default\">\n\t\t\t\t<div class=\"elementor-widget-container\">\n\t\t\t\t\t\t\t\t\t\t\t\t\t\t\t<img loading=\"lazy\" decoding=\"async\" width=\"788\" height=\"685\" src=\"https:\/\/everstartraffic.com\/wp-content\/uploads\/2022\/01\/\u704c\u7f1d\u673a\u65bd\u5de5\u56fe-2-1.png\" class=\"attachment-large size-large\" alt=\"\" srcset=\"https:\/\/everstartraffic.com\/wp-content\/uploads\/2022\/01\/\u704c\u7f1d\u673a\u65bd\u5de5\u56fe-2-1.png 788w, https:\/\/everstartraffic.com\/wp-content\/uploads\/2022\/01\/\u704c\u7f1d\u673a\u65bd\u5de5\u56fe-2-1-600x522.png 600w, https:\/\/everstartraffic.com\/wp-content\/uploads\/2022\/01\/\u704c\u7f1d\u673a\u65bd\u5de5\u56fe-2-1-300x261.png 300w, https:\/\/everstartraffic.com\/wp-content\/uploads\/2022\/01\/\u704c\u7f1d\u673a\u65bd\u5de5\u56fe-2-1-768x668.png 768w\" sizes=\"auto, (max-width: 788px) 100vw, 788px\" \/>\t\t\t\t\t\t\t\t\t\t\t\t\t\t\t<\/div>\n\t\t\t\t<\/div>\n\t\t\t\t<div class=\"elementor-element elementor-element-7839abb elementor-widget elementor-widget-image\" data-id=\"7839abb\" data-element_type=\"widget\" data-widget_type=\"image.default\">\n\t\t\t\t<div class=\"elementor-widget-container\">\n\t\t\t\t\t\t\t\t\t\t\t\t\t\t\t<img loading=\"lazy\" decoding=\"async\" width=\"730\" height=\"654\" src=\"https:\/\/everstartraffic.com\/wp-content\/uploads\/2022\/01\/\u704c\u7f1d\u673a\u65bd\u5de5\u56fe-1_\u526f\u672c-1.png\" class=\"attachment-large size-large\" alt=\"\" srcset=\"https:\/\/everstartraffic.com\/wp-content\/uploads\/2022\/01\/\u704c\u7f1d\u673a\u65bd\u5de5\u56fe-1_\u526f\u672c-1.png 730w, https:\/\/everstartraffic.com\/wp-content\/uploads\/2022\/01\/\u704c\u7f1d\u673a\u65bd\u5de5\u56fe-1_\u526f\u672c-1-600x538.png 600w, https:\/\/everstartraffic.com\/wp-content\/uploads\/2022\/01\/\u704c\u7f1d\u673a\u65bd\u5de5\u56fe-1_\u526f\u672c-1-300x269.png 300w\" sizes=\"auto, (max-width: 730px) 100vw, 730px\" \/>\t\t\t\t\t\t\t\t\t\t\t\t\t\t\t<\/div>\n\t\t\t\t<\/div>\n\t\t\t\t\t<\/div>\n\t\t<\/div>\n\t\t\t\t\t\t\t<\/div>\n\t\t<\/section>\n\t\t\t\t\t\t\t<\/div>\n\t\t","protected":false},"excerpt":{"rendered":"<p>La m\u00e1quina selladora de grietas para remolques ES-600L es una m\u00e1quina selladora de grietas producida para fundir y verter compuestos de sellado elastom\u00e9ricos de bet\u00fan con el fin de sellar grietas\/costuras y brindar impermeabilizaci\u00f3n para trabajos de reparaci\u00f3n y construcci\u00f3n en carreteras, aer\u00f3dromos y puentes.<\/p>\n","protected":false},"featured_media":4050,"comment_status":"open","ping_status":"closed","template":"","meta":{"_monsterinsights_skip_tracking":false,"_monsterinsights_sitenote_active":false,"_monsterinsights_sitenote_note":"","_monsterinsights_sitenote_category":0,"spay_email":"","jetpack_publicize_message":"","jetpack_is_tweetstorm":false,"jetpack_publicize_feature_enabled":true},"product_cat":[317,294],"product_tag":[379,353,498],"class_list":["post-9592","product","type-product","status-publish","has-post-thumbnail","hentry","product_cat-maquina-para-sellar-grietas-en-asfalto","product_cat-sin-categorizar","product_tag-maquina-de-sellado-de-grietas","product_tag-maquina-para-sellar-grietas-en-asfalto","product_tag-maquina-para-sellar-grietas-en-remolques"],"aioseo_notices":[],"_links":{"self":[{"href":"https:\/\/everstartraffic.com\/es\/wp-json\/wp\/v2\/product\/9592","targetHints":{"allow":["GET"]}}],"collection":[{"href":"https:\/\/everstartraffic.com\/es\/wp-json\/wp\/v2\/product"}],"about":[{"href":"https:\/\/everstartraffic.com\/es\/wp-json\/wp\/v2\/types\/product"}],"replies":[{"embeddable":true,"href":"https:\/\/everstartraffic.com\/es\/wp-json\/wp\/v2\/comments?post=9592"}],"version-history":[{"count":1,"href":"https:\/\/everstartraffic.com\/es\/wp-json\/wp\/v2\/product\/9592\/revisions"}],"predecessor-version":[{"id":9593,"href":"https:\/\/everstartraffic.com\/es\/wp-json\/wp\/v2\/product\/9592\/revisions\/9593"}],"wp:featuredmedia":[{"embeddable":true,"href":"https:\/\/everstartraffic.com\/es\/wp-json\/wp\/v2\/media\/4050"}],"wp:attachment":[{"href":"https:\/\/everstartraffic.com\/es\/wp-json\/wp\/v2\/media?parent=9592"}],"wp:term":[{"taxonomy":"product_cat","embeddable":true,"href":"https:\/\/everstartraffic.com\/es\/wp-json\/wp\/v2\/product_cat?post=9592"},{"taxonomy":"product_tag","embeddable":true,"href":"https:\/\/everstartraffic.com\/es\/wp-json\/wp\/v2\/product_tag?post=9592"}],"curies":[{"name":"wp","href":"https:\/\/api.w.org\/{rel}","templated":true}]}}