{"id":9572,"date":"2022-02-09T08:41:25","date_gmt":"2022-02-09T08:41:25","guid":{"rendered":"https:\/\/www.everstartraffic.com\/product\/compactador-de-carretera-es-1500-con-motor-diesel-refrigerado-por-aire-y-vibracion-de-doble-tambor-para-conductor-sentado\/"},"modified":"2024-09-19T08:40:57","modified_gmt":"2024-09-19T08:40:57","slug":"compactador-de-carretera-es-1500-con-motor-diesel-refrigerado-por-aire-y-vibracion-de-doble-tambor-para-conductor-sentado","status":"publish","type":"product","link":"https:\/\/everstartraffic.com\/es\/product\/compactador-de-carretera-es-1500-con-motor-diesel-refrigerado-por-aire-y-vibracion-de-doble-tambor-para-conductor-sentado\/","title":{"rendered":"Compactador de carretera ES-1500 con motor di\u00e9sel refrigerado por aire y vibraci\u00f3n de doble tambor para conductor sentado"},"content":{"rendered":"\t\t<div data-elementor-type=\"product-post\" data-elementor-id=\"9572\" class=\"elementor elementor-9572 elementor-4243\">\n\t\t\t\t\t\t\t\t\t<section class=\"elementor-section elementor-top-section elementor-element elementor-element-37e125a elementor-section-boxed elementor-section-height-default elementor-section-height-default\" data-id=\"37e125a\" data-element_type=\"section\">\n\t\t\t\t\t\t<div class=\"elementor-container elementor-column-gap-default\">\n\t\t\t\t\t<div class=\"elementor-column elementor-col-100 elementor-top-column elementor-element elementor-element-2f64697\" data-id=\"2f64697\" data-element_type=\"column\">\n\t\t\t<div class=\"elementor-widget-wrap elementor-element-populated\">\n\t\t\t\t\t\t\t\t<div class=\"elementor-element elementor-element-d221a99 elementor-widget elementor-widget-heading\" data-id=\"d221a99\" data-element_type=\"widget\" data-widget_type=\"heading.default\">\n\t\t\t\t<div class=\"elementor-widget-container\">\n\t\t\t<style>\/*! elementor - v3.7.0 - 08-08-2022 *\/\n.elementor-heading-title{padding:0;margin:0;line-height:1}.elementor-widget-heading .elementor-heading-title[class*=elementor-size-]>a{color:inherit;font-size:inherit;line-height:inherit}.elementor-widget-heading .elementor-heading-title.elementor-size-small{font-size:15px}.elementor-widget-heading .elementor-heading-title.elementor-size-medium{font-size:19px}.elementor-widget-heading .elementor-heading-title.elementor-size-large{font-size:29px}.elementor-widget-heading .elementor-heading-title.elementor-size-xl{font-size:39px}.elementor-widget-heading .elementor-heading-title.elementor-size-xxl{font-size:59px}<\/style><h4 class=\"elementor-heading-title elementor-size-default\">semiautom\u00e1tico<\/h4>\t\t<\/div>\n\t\t\t\t<\/div>\n\t\t\t\t\t<\/div>\n\t\t<\/div>\n\t\t\t\t\t\t\t<\/div>\n\t\t<\/section>\n\t\t\t\t<section class=\"elementor-section elementor-top-section elementor-element elementor-element-a45d048 elementor-section-boxed elementor-section-height-default elementor-section-height-default\" data-id=\"a45d048\" data-element_type=\"section\">\n\t\t\t\t\t\t<div class=\"elementor-container elementor-column-gap-default\">\n\t\t\t\t\t<div class=\"elementor-column elementor-col-100 elementor-top-column elementor-element elementor-element-aaa8a5b\" data-id=\"aaa8a5b\" data-element_type=\"column\">\n\t\t\t<div class=\"elementor-widget-wrap elementor-element-populated\">\n\t\t\t\t\t\t\t\t<div class=\"elementor-element elementor-element-2f2e7a4 elementor-widget elementor-widget-image\" data-id=\"2f2e7a4\" data-element_type=\"widget\" data-widget_type=\"image.default\">\n\t\t\t\t<div class=\"elementor-widget-container\">\n\t\t\t<style>\/*! elementor - v3.7.0 - 08-08-2022 *\/\n.elementor-widget-image{text-align:center}.elementor-widget-image a{display:inline-block}.elementor-widget-image a img[src$=\".svg\"]{width:48px}.elementor-widget-image img{vertical-align:middle;display:inline-block}<\/style>\t\t\t\t\t\t\t\t\t\t\t\t<img loading=\"lazy\" decoding=\"async\" width=\"1024\" height=\"489\" src=\"https:\/\/everstartraffic.com\/wp-content\/uploads\/2022\/02\/ES-1500\u5ea7\u9a7e\u5f0f\u98ce\u51b7\u538b\u8def\u673a\u53c2\u6570-2-1024x489.png\" class=\"attachment-large size-large\" alt=\"\" srcset=\"https:\/\/everstartraffic.com\/wp-content\/uploads\/2022\/02\/ES-1500\u5ea7\u9a7e\u5f0f\u98ce\u51b7\u538b\u8def\u673a\u53c2\u6570-2-1024x489.png 1024w, https:\/\/everstartraffic.com\/wp-content\/uploads\/2022\/02\/ES-1500\u5ea7\u9a7e\u5f0f\u98ce\u51b7\u538b\u8def\u673a\u53c2\u6570-2-600x286.png 600w, https:\/\/everstartraffic.com\/wp-content\/uploads\/2022\/02\/ES-1500\u5ea7\u9a7e\u5f0f\u98ce\u51b7\u538b\u8def\u673a\u53c2\u6570-2-300x143.png 300w, https:\/\/everstartraffic.com\/wp-content\/uploads\/2022\/02\/ES-1500\u5ea7\u9a7e\u5f0f\u98ce\u51b7\u538b\u8def\u673a\u53c2\u6570-2-768x367.png 768w, https:\/\/everstartraffic.com\/wp-content\/uploads\/2022\/02\/ES-1500\u5ea7\u9a7e\u5f0f\u98ce\u51b7\u538b\u8def\u673a\u53c2\u6570-2.png 1232w\" sizes=\"auto, (max-width: 1024px) 100vw, 1024px\" \/>\t\t\t\t\t\t\t\t\t\t\t\t\t\t\t<\/div>\n\t\t\t\t<\/div>\n\t\t\t\t<div class=\"elementor-element elementor-element-776359e elementor-widget elementor-widget-image\" data-id=\"776359e\" data-element_type=\"widget\" data-widget_type=\"image.default\">\n\t\t\t\t<div class=\"elementor-widget-container\">\n\t\t\t\t\t\t\t\t\t\t\t\t\t\t\t<img loading=\"lazy\" decoding=\"async\" width=\"1024\" height=\"491\" src=\"https:\/\/everstartraffic.com\/wp-content\/uploads\/2022\/02\/ES-1500\u5ea7\u9a7e\u5f0f\u98ce\u51b7\u538b\u8def\u673a\u53c2\u6570-1-1024x491.png\" class=\"attachment-large size-large\" alt=\"\" srcset=\"https:\/\/everstartraffic.com\/wp-content\/uploads\/2022\/02\/ES-1500\u5ea7\u9a7e\u5f0f\u98ce\u51b7\u538b\u8def\u673a\u53c2\u6570-1-1024x491.png 1024w, https:\/\/everstartraffic.com\/wp-content\/uploads\/2022\/02\/ES-1500\u5ea7\u9a7e\u5f0f\u98ce\u51b7\u538b\u8def\u673a\u53c2\u6570-1-600x288.png 600w, https:\/\/everstartraffic.com\/wp-content\/uploads\/2022\/02\/ES-1500\u5ea7\u9a7e\u5f0f\u98ce\u51b7\u538b\u8def\u673a\u53c2\u6570-1-300x144.png 300w, https:\/\/everstartraffic.com\/wp-content\/uploads\/2022\/02\/ES-1500\u5ea7\u9a7e\u5f0f\u98ce\u51b7\u538b\u8def\u673a\u53c2\u6570-1-768x368.png 768w, https:\/\/everstartraffic.com\/wp-content\/uploads\/2022\/02\/ES-1500\u5ea7\u9a7e\u5f0f\u98ce\u51b7\u538b\u8def\u673a\u53c2\u6570-1.png 1230w\" sizes=\"auto, (max-width: 1024px) 100vw, 1024px\" \/>\t\t\t\t\t\t\t\t\t\t\t\t\t\t\t<\/div>\n\t\t\t\t<\/div>\n\t\t\t\t<div class=\"elementor-element elementor-element-4395489 elementor-widget elementor-widget-image\" data-id=\"4395489\" data-element_type=\"widget\" data-widget_type=\"image.default\">\n\t\t\t\t<div class=\"elementor-widget-container\">\n\t\t\t\t\t\t\t\t\t\t\t\t\t\t\t<img loading=\"lazy\" decoding=\"async\" width=\"1024\" height=\"262\" src=\"https:\/\/everstartraffic.com\/wp-content\/uploads\/2022\/02\/ES-1500\u5ea7\u9a7e\u5f0f\u98ce\u51b7\u538b\u8def\u673a\u7279\u70b9-2-1024x262.png\" class=\"attachment-large size-large\" alt=\"\" srcset=\"https:\/\/everstartraffic.com\/wp-content\/uploads\/2022\/02\/ES-1500\u5ea7\u9a7e\u5f0f\u98ce\u51b7\u538b\u8def\u673a\u7279\u70b9-2-1024x262.png 1024w, https:\/\/everstartraffic.com\/wp-content\/uploads\/2022\/02\/ES-1500\u5ea7\u9a7e\u5f0f\u98ce\u51b7\u538b\u8def\u673a\u7279\u70b9-2-600x153.png 600w, https:\/\/everstartraffic.com\/wp-content\/uploads\/2022\/02\/ES-1500\u5ea7\u9a7e\u5f0f\u98ce\u51b7\u538b\u8def\u673a\u7279\u70b9-2-300x77.png 300w, https:\/\/everstartraffic.com\/wp-content\/uploads\/2022\/02\/ES-1500\u5ea7\u9a7e\u5f0f\u98ce\u51b7\u538b\u8def\u673a\u7279\u70b9-2-768x196.png 768w, https:\/\/everstartraffic.com\/wp-content\/uploads\/2022\/02\/ES-1500\u5ea7\u9a7e\u5f0f\u98ce\u51b7\u538b\u8def\u673a\u7279\u70b9-2.png 1126w\" sizes=\"auto, (max-width: 1024px) 100vw, 1024px\" \/>\t\t\t\t\t\t\t\t\t\t\t\t\t\t\t<\/div>\n\t\t\t\t<\/div>\n\t\t\t\t<div class=\"elementor-element elementor-element-725eca7 elementor-widget elementor-widget-image\" data-id=\"725eca7\" data-element_type=\"widget\" data-widget_type=\"image.default\">\n\t\t\t\t<div class=\"elementor-widget-container\">\n\t\t\t\t\t\t\t\t\t\t\t\t\t\t\t<img loading=\"lazy\" decoding=\"async\" width=\"1024\" height=\"462\" src=\"https:\/\/everstartraffic.com\/wp-content\/uploads\/2022\/02\/ES-1500\u5ea7\u9a7e\u5f0f\u98ce\u51b7\u538b\u8def\u673a\u7279\u70b9-1-1024x462.png\" class=\"attachment-large size-large\" alt=\"\" srcset=\"https:\/\/everstartraffic.com\/wp-content\/uploads\/2022\/02\/ES-1500\u5ea7\u9a7e\u5f0f\u98ce\u51b7\u538b\u8def\u673a\u7279\u70b9-1-1024x462.png 1024w, https:\/\/everstartraffic.com\/wp-content\/uploads\/2022\/02\/ES-1500\u5ea7\u9a7e\u5f0f\u98ce\u51b7\u538b\u8def\u673a\u7279\u70b9-1-600x271.png 600w, https:\/\/everstartraffic.com\/wp-content\/uploads\/2022\/02\/ES-1500\u5ea7\u9a7e\u5f0f\u98ce\u51b7\u538b\u8def\u673a\u7279\u70b9-1-300x135.png 300w, https:\/\/everstartraffic.com\/wp-content\/uploads\/2022\/02\/ES-1500\u5ea7\u9a7e\u5f0f\u98ce\u51b7\u538b\u8def\u673a\u7279\u70b9-1-768x346.png 768w, https:\/\/everstartraffic.com\/wp-content\/uploads\/2022\/02\/ES-1500\u5ea7\u9a7e\u5f0f\u98ce\u51b7\u538b\u8def\u673a\u7279\u70b9-1.png 1122w\" sizes=\"auto, (max-width: 1024px) 100vw, 1024px\" \/>\t\t\t\t\t\t\t\t\t\t\t\t\t\t\t<\/div>\n\t\t\t\t<\/div>\n\t\t\t\t\t<\/div>\n\t\t<\/div>\n\t\t\t\t\t\t\t<\/div>\n\t\t<\/section>\n\t\t\t\t<section class=\"elementor-section elementor-top-section elementor-element elementor-element-eec9314 elementor-section-boxed elementor-section-height-default elementor-section-height-default\" data-id=\"eec9314\" data-element_type=\"section\">\n\t\t\t\t\t\t<div class=\"elementor-container elementor-column-gap-default\">\n\t\t\t\t\t<div class=\"elementor-column elementor-col-100 elementor-top-column elementor-element elementor-element-3364e8d\" data-id=\"3364e8d\" data-element_type=\"column\">\n\t\t\t<div class=\"elementor-widget-wrap elementor-element-populated\">\n\t\t\t\t\t\t\t\t<div class=\"elementor-element elementor-element-fd83802 elementor-widget elementor-widget-heading\" data-id=\"fd83802\" data-element_type=\"widget\" data-widget_type=\"heading.default\">\n\t\t\t\t<div class=\"elementor-widget-container\">\n\t\t\t<h4 class=\"elementor-heading-title elementor-size-default\">Exhibici\u00f3n del producto<\/h4>\t\t<\/div>\n\t\t\t\t<\/div>\n\t\t\t\t\t<\/div>\n\t\t<\/div>\n\t\t\t\t\t\t\t<\/div>\n\t\t<\/section>\n\t\t\t\t<section class=\"elementor-section elementor-top-section elementor-element elementor-element-07e90c4 elementor-section-boxed elementor-section-height-default elementor-section-height-default\" data-id=\"07e90c4\" data-element_type=\"section\">\n\t\t\t\t\t\t<div class=\"elementor-container elementor-column-gap-default\">\n\t\t\t\t\t<div class=\"elementor-column elementor-col-100 elementor-top-column elementor-element elementor-element-d38a845\" data-id=\"d38a845\" data-element_type=\"column\">\n\t\t\t<div class=\"elementor-widget-wrap\">\n\t\t\t\t\t\t\t\t\t<\/div>\n\t\t<\/div>\n\t\t\t\t\t\t\t<\/div>\n\t\t<\/section>\n\t\t\t\t<section class=\"elementor-section elementor-top-section elementor-element elementor-element-3ba4a6f elementor-section-boxed elementor-section-height-default elementor-section-height-default\" data-id=\"3ba4a6f\" data-element_type=\"section\">\n\t\t\t\t\t\t<div class=\"elementor-container elementor-column-gap-default\">\n\t\t\t\t\t<div class=\"elementor-column elementor-col-100 elementor-top-column elementor-element elementor-element-19da0d3\" data-id=\"19da0d3\" data-element_type=\"column\">\n\t\t\t<div class=\"elementor-widget-wrap elementor-element-populated\">\n\t\t\t\t\t\t\t\t<div class=\"elementor-element elementor-element-60b97b4 elementor-widget elementor-widget-image\" data-id=\"60b97b4\" data-element_type=\"widget\" data-widget_type=\"image.default\">\n\t\t\t\t<div class=\"elementor-widget-container\">\n\t\t\t\t\t\t\t\t\t\t\t\t\t\t\t<img loading=\"lazy\" decoding=\"async\" width=\"749\" height=\"633\" src=\"https:\/\/everstartraffic.com\/wp-content\/uploads\/2022\/02\/\u5fae\u4fe1\u56fe\u7247_202111101040019_\u526f\u672c_\u526f\u672c.jpg\" class=\"attachment-large size-large\" alt=\"\" srcset=\"https:\/\/everstartraffic.com\/wp-content\/uploads\/2022\/02\/\u5fae\u4fe1\u56fe\u7247_202111101040019_\u526f\u672c_\u526f\u672c.jpg 749w, https:\/\/everstartraffic.com\/wp-content\/uploads\/2022\/02\/\u5fae\u4fe1\u56fe\u7247_202111101040019_\u526f\u672c_\u526f\u672c-600x507.jpg 600w, https:\/\/everstartraffic.com\/wp-content\/uploads\/2022\/02\/\u5fae\u4fe1\u56fe\u7247_202111101040019_\u526f\u672c_\u526f\u672c-300x254.jpg 300w\" sizes=\"auto, (max-width: 749px) 100vw, 749px\" \/>\t\t\t\t\t\t\t\t\t\t\t\t\t\t\t<\/div>\n\t\t\t\t<\/div>\n\t\t\t\t<div class=\"elementor-element elementor-element-e50f8a0 elementor-widget elementor-widget-image\" data-id=\"e50f8a0\" data-element_type=\"widget\" data-widget_type=\"image.default\">\n\t\t\t\t<div class=\"elementor-widget-container\">\n\t\t\t\t\t\t\t\t\t\t\t\t\t\t\t<img loading=\"lazy\" decoding=\"async\" width=\"1024\" height=\"419\" src=\"https:\/\/everstartraffic.com\/wp-content\/uploads\/2022\/02\/ES-1500\u5ea7\u9a7e\u5168\u6db2\u538b\u538b\u8def\u673a-1-1024x419.png\" class=\"attachment-large size-large\" alt=\"\" srcset=\"https:\/\/everstartraffic.com\/wp-content\/uploads\/2022\/02\/ES-1500\u5ea7\u9a7e\u5168\u6db2\u538b\u538b\u8def\u673a-1-1024x419.png 1024w, https:\/\/everstartraffic.com\/wp-content\/uploads\/2022\/02\/ES-1500\u5ea7\u9a7e\u5168\u6db2\u538b\u538b\u8def\u673a-1-600x245.png 600w, https:\/\/everstartraffic.com\/wp-content\/uploads\/2022\/02\/ES-1500\u5ea7\u9a7e\u5168\u6db2\u538b\u538b\u8def\u673a-1-300x123.png 300w, https:\/\/everstartraffic.com\/wp-content\/uploads\/2022\/02\/ES-1500\u5ea7\u9a7e\u5168\u6db2\u538b\u538b\u8def\u673a-1-768x314.png 768w, https:\/\/everstartraffic.com\/wp-content\/uploads\/2022\/02\/ES-1500\u5ea7\u9a7e\u5168\u6db2\u538b\u538b\u8def\u673a-1.png 1242w\" sizes=\"auto, (max-width: 1024px) 100vw, 1024px\" \/>\t\t\t\t\t\t\t\t\t\t\t\t\t\t\t<\/div>\n\t\t\t\t<\/div>\n\t\t\t\t<div class=\"elementor-element elementor-element-f383baf elementor-widget elementor-widget-image\" data-id=\"f383baf\" data-element_type=\"widget\" data-widget_type=\"image.default\">\n\t\t\t\t<div class=\"elementor-widget-container\">\n\t\t\t\t\t\t\t\t\t\t\t\t\t\t\t<img loading=\"lazy\" decoding=\"async\" width=\"1024\" height=\"468\" src=\"https:\/\/everstartraffic.com\/wp-content\/uploads\/2022\/02\/ES-1500\u5ea7\u9a7e\u5168\u6db2\u538b\u538b\u8def\u673a-2-1024x468.png\" class=\"attachment-large size-large\" alt=\"\" srcset=\"https:\/\/everstartraffic.com\/wp-content\/uploads\/2022\/02\/ES-1500\u5ea7\u9a7e\u5168\u6db2\u538b\u538b\u8def\u673a-2-1024x468.png 1024w, https:\/\/everstartraffic.com\/wp-content\/uploads\/2022\/02\/ES-1500\u5ea7\u9a7e\u5168\u6db2\u538b\u538b\u8def\u673a-2-600x274.png 600w, https:\/\/everstartraffic.com\/wp-content\/uploads\/2022\/02\/ES-1500\u5ea7\u9a7e\u5168\u6db2\u538b\u538b\u8def\u673a-2-300x137.png 300w, https:\/\/everstartraffic.com\/wp-content\/uploads\/2022\/02\/ES-1500\u5ea7\u9a7e\u5168\u6db2\u538b\u538b\u8def\u673a-2-768x351.png 768w, https:\/\/everstartraffic.com\/wp-content\/uploads\/2022\/02\/ES-1500\u5ea7\u9a7e\u5168\u6db2\u538b\u538b\u8def\u673a-2.png 1222w\" sizes=\"auto, (max-width: 1024px) 100vw, 1024px\" \/>\t\t\t\t\t\t\t\t\t\t\t\t\t\t\t<\/div>\n\t\t\t\t<\/div>\n\t\t\t\t<div class=\"elementor-element elementor-element-ab4bf4e elementor-widget elementor-widget-heading\" data-id=\"ab4bf4e\" data-element_type=\"widget\" data-widget_type=\"heading.default\">\n\t\t\t\t<div class=\"elementor-widget-container\">\n\t\t\t<h4 class=\"elementor-heading-title elementor-size-default\"><span style=\"background-color: var( --e-global-color-secondary ); color: var( --e-global-color-accent ); font-family: var( --e-global-typography-primary-font-family ), Sans-serif; white-space: normal;\">Circunstancias aplicables<\/span><\/h4>\t\t<\/div>\n\t\t\t\t<\/div>\n\t\t\t\t\t<\/div>\n\t\t<\/div>\n\t\t\t\t\t\t\t<\/div>\n\t\t<\/section>\n\t\t\t\t<section class=\"elementor-section elementor-top-section elementor-element elementor-element-2be5164 elementor-section-boxed elementor-section-height-default elementor-section-height-default\" data-id=\"2be5164\" data-element_type=\"section\">\n\t\t\t\t\t\t<div class=\"elementor-container elementor-column-gap-default\">\n\t\t\t\t\t<div class=\"elementor-column elementor-col-100 elementor-top-column elementor-element elementor-element-21f22a2\" data-id=\"21f22a2\" data-element_type=\"column\">\n\t\t\t<div class=\"elementor-widget-wrap elementor-element-populated\">\n\t\t\t\t\t\t\t\t<div class=\"elementor-element elementor-element-1ce7054 elementor-widget elementor-widget-image\" data-id=\"1ce7054\" data-element_type=\"widget\" data-widget_type=\"image.default\">\n\t\t\t\t<div class=\"elementor-widget-container\">\n\t\t\t\t\t\t\t\t\t\t\t\t\t\t\t<img loading=\"lazy\" decoding=\"async\" width=\"800\" height=\"800\" src=\"https:\/\/everstartraffic.com\/wp-content\/uploads\/2022\/02\/\u538b\u8def\u673a\u5de5\u4f5c\u56fe\u7247.jpg\" class=\"attachment-large size-large\" alt=\"\" srcset=\"https:\/\/everstartraffic.com\/wp-content\/uploads\/2022\/02\/\u538b\u8def\u673a\u5de5\u4f5c\u56fe\u7247.jpg 800w, https:\/\/everstartraffic.com\/wp-content\/uploads\/2022\/02\/\u538b\u8def\u673a\u5de5\u4f5c\u56fe\u7247-300x300.jpg 300w, https:\/\/everstartraffic.com\/wp-content\/uploads\/2022\/02\/\u538b\u8def\u673a\u5de5\u4f5c\u56fe\u7247-100x100.jpg 100w, https:\/\/everstartraffic.com\/wp-content\/uploads\/2022\/02\/\u538b\u8def\u673a\u5de5\u4f5c\u56fe\u7247-600x600.jpg 600w, https:\/\/everstartraffic.com\/wp-content\/uploads\/2022\/02\/\u538b\u8def\u673a\u5de5\u4f5c\u56fe\u7247-150x150.jpg 150w, https:\/\/everstartraffic.com\/wp-content\/uploads\/2022\/02\/\u538b\u8def\u673a\u5de5\u4f5c\u56fe\u7247-768x768.jpg 768w\" sizes=\"auto, (max-width: 800px) 100vw, 800px\" \/>\t\t\t\t\t\t\t\t\t\t\t\t\t\t\t<\/div>\n\t\t\t\t<\/div>\n\t\t\t\t<div class=\"elementor-element elementor-element-0c29a0c elementor-widget elementor-widget-image\" data-id=\"0c29a0c\" data-element_type=\"widget\" data-widget_type=\"image.default\">\n\t\t\t\t<div class=\"elementor-widget-container\">\n\t\t\t\t\t\t\t\t\t\t\t\t\t\t\t<img loading=\"lazy\" decoding=\"async\" width=\"749\" height=\"633\" src=\"https:\/\/everstartraffic.com\/wp-content\/uploads\/2022\/02\/\u5fae\u4fe1\u56fe\u7247_202111101040019_\u526f\u672c_\u526f\u672c.jpg\" class=\"attachment-large size-large\" alt=\"\" srcset=\"https:\/\/everstartraffic.com\/wp-content\/uploads\/2022\/02\/\u5fae\u4fe1\u56fe\u7247_202111101040019_\u526f\u672c_\u526f\u672c.jpg 749w, https:\/\/everstartraffic.com\/wp-content\/uploads\/2022\/02\/\u5fae\u4fe1\u56fe\u7247_202111101040019_\u526f\u672c_\u526f\u672c-600x507.jpg 600w, https:\/\/everstartraffic.com\/wp-content\/uploads\/2022\/02\/\u5fae\u4fe1\u56fe\u7247_202111101040019_\u526f\u672c_\u526f\u672c-300x254.jpg 300w\" sizes=\"auto, (max-width: 749px) 100vw, 749px\" \/>\t\t\t\t\t\t\t\t\t\t\t\t\t\t\t<\/div>\n\t\t\t\t<\/div>\n\t\t\t\t\t<\/div>\n\t\t<\/div>\n\t\t\t\t\t\t\t<\/div>\n\t\t<\/section>\n\t\t\t\t\t\t\t<\/div>\n\t\t","protected":false},"excerpt":{"rendered":"<p>Las caracter\u00edsticas de las ruedas dobles de acero de los rodillos compactadores vibratorios de dos ruedas para montar ES-1500 le confieren una gran eficiencia de compactaci\u00f3n. En cuanto a la conducci\u00f3n, se adopta el tipo completamente cerrado, lo que prolonga en gran medida la vida \u00fatil de los componentes relacionados. Se utiliza ampliamente en carreteras municipales, mantenimiento de carreteras, operaciones de compactaci\u00f3n en carreteras estrechas, como cimientos de zanjas con un ancho de m\u00e1s de 1 metro, construcci\u00f3n de edificios, relleno de tuber\u00edas, recintos deportivos, etc. Disfruta de un rendimiento superior, f\u00e1cil operaci\u00f3n y durabilidad.   <\/p>\n","protected":false},"featured_media":4246,"comment_status":"open","ping_status":"closed","template":"","meta":{"_monsterinsights_skip_tracking":false,"_monsterinsights_sitenote_active":false,"_monsterinsights_sitenote_note":"","_monsterinsights_sitenote_category":0,"spay_email":"","jetpack_publicize_message":"","jetpack_is_tweetstorm":false,"jetpack_publicize_feature_enabled":true},"product_cat":[334,294],"product_tag":[464,440,503,384],"class_list":["post-9572","product","type-product","status-publish","has-post-thumbnail","hentry","product_cat-maquina-compactadora-de-carreteras-es","product_cat-sin-categorizar","product_tag-maquina-compactadora-de-caminos","product_tag-maquina-compactadora-de-carretera-para-montar-es","product_tag-maquina-compactadora-vibratoria-es","product_tag-rodillo-compactador-de-doble-tambor-es"],"aioseo_notices":[],"_links":{"self":[{"href":"https:\/\/everstartraffic.com\/es\/wp-json\/wp\/v2\/product\/9572","targetHints":{"allow":["GET"]}}],"collection":[{"href":"https:\/\/everstartraffic.com\/es\/wp-json\/wp\/v2\/product"}],"about":[{"href":"https:\/\/everstartraffic.com\/es\/wp-json\/wp\/v2\/types\/product"}],"replies":[{"embeddable":true,"href":"https:\/\/everstartraffic.com\/es\/wp-json\/wp\/v2\/comments?post=9572"}],"version-history":[{"count":1,"href":"https:\/\/everstartraffic.com\/es\/wp-json\/wp\/v2\/product\/9572\/revisions"}],"predecessor-version":[{"id":9573,"href":"https:\/\/everstartraffic.com\/es\/wp-json\/wp\/v2\/product\/9572\/revisions\/9573"}],"wp:featuredmedia":[{"embeddable":true,"href":"https:\/\/everstartraffic.com\/es\/wp-json\/wp\/v2\/media\/4246"}],"wp:attachment":[{"href":"https:\/\/everstartraffic.com\/es\/wp-json\/wp\/v2\/media?parent=9572"}],"wp:term":[{"taxonomy":"product_cat","embeddable":true,"href":"https:\/\/everstartraffic.com\/es\/wp-json\/wp\/v2\/product_cat?post=9572"},{"taxonomy":"product_tag","embeddable":true,"href":"https:\/\/everstartraffic.com\/es\/wp-json\/wp\/v2\/product_tag?post=9572"}],"curies":[{"name":"wp","href":"https:\/\/api.w.org\/{rel}","templated":true}]}}