{"id":9550,"date":"2022-02-16T06:41:14","date_gmt":"2022-02-16T06:41:14","guid":{"rendered":"https:\/\/www.everstartraffic.com\/product\/maquina-mezcladora-de-hormigon-con-tambor-inclinable-es700-4\/"},"modified":"2024-09-19T08:34:00","modified_gmt":"2024-09-19T08:34:00","slug":"maquina-mezcladora-de-hormigon-con-tambor-inclinable-es700-4","status":"publish","type":"product","link":"https:\/\/everstartraffic.com\/es\/product\/maquina-mezcladora-de-hormigon-con-tambor-inclinable-es700-4\/","title":{"rendered":"M\u00c1QUINA MEZCLADORA DE HORMIG\u00d3N CON TAMBOR INCLINABLE ES700-4"},"content":{"rendered":"\t\t<div data-elementor-type=\"product-post\" data-elementor-id=\"9550\" class=\"elementor elementor-9550 elementor-4794\">\n\t\t\t\t\t\t\t\t\t<section class=\"elementor-section elementor-top-section elementor-element elementor-element-688e5f4 elementor-section-boxed elementor-section-height-default elementor-section-height-default\" data-id=\"688e5f4\" data-element_type=\"section\">\n\t\t\t\t\t\t<div class=\"elementor-container elementor-column-gap-default\">\n\t\t\t\t\t<div class=\"elementor-column elementor-col-100 elementor-top-column elementor-element elementor-element-06a57f2\" data-id=\"06a57f2\" data-element_type=\"column\">\n\t\t\t<div class=\"elementor-widget-wrap elementor-element-populated\">\n\t\t\t\t\t\t\t\t<div class=\"elementor-element elementor-element-7630222 elementor-widget elementor-widget-heading\" data-id=\"7630222\" data-element_type=\"widget\" data-widget_type=\"heading.default\">\n\t\t\t\t<div class=\"elementor-widget-container\">\n\t\t\t<style>\/*! elementor - v3.7.0 - 08-08-2022 *\/\n.elementor-heading-title{padding:0;margin:0;line-height:1}.elementor-widget-heading .elementor-heading-title[class*=elementor-size-]>a{color:inherit;font-size:inherit;line-height:inherit}.elementor-widget-heading .elementor-heading-title.elementor-size-small{font-size:15px}.elementor-widget-heading .elementor-heading-title.elementor-size-medium{font-size:19px}.elementor-widget-heading .elementor-heading-title.elementor-size-large{font-size:29px}.elementor-widget-heading .elementor-heading-title.elementor-size-xl{font-size:39px}.elementor-widget-heading .elementor-heading-title.elementor-size-xxl{font-size:59px}<\/style><h4 class=\"elementor-heading-title elementor-size-default\"><span style=\"background-color: var( --e-global-color-secondary ); color: var( --e-global-color-accent ); font-family: var( --e-global-typography-primary-font-family ), Sans-serif; white-space: normal;\">semiautom\u00e1tico<\/span><\/h4>\t\t<\/div>\n\t\t\t\t<\/div>\n\t\t\t\t\t<\/div>\n\t\t<\/div>\n\t\t\t\t\t\t\t<\/div>\n\t\t<\/section>\n\t\t\t\t<section class=\"elementor-section elementor-top-section elementor-element elementor-element-8537fd0 elementor-section-boxed elementor-section-height-default elementor-section-height-default\" data-id=\"8537fd0\" data-element_type=\"section\">\n\t\t\t\t\t\t<div class=\"elementor-container elementor-column-gap-default\">\n\t\t\t\t\t<div class=\"elementor-column elementor-col-100 elementor-top-column elementor-element elementor-element-de483fa\" data-id=\"de483fa\" data-element_type=\"column\">\n\t\t\t<div class=\"elementor-widget-wrap elementor-element-populated\">\n\t\t\t\t\t\t\t\t<div class=\"elementor-element elementor-element-ac78f7e elementor-widget elementor-widget-image\" data-id=\"ac78f7e\" data-element_type=\"widget\" data-widget_type=\"image.default\">\n\t\t\t\t<div class=\"elementor-widget-container\">\n\t\t\t<style>\/*! elementor - v3.7.0 - 08-08-2022 *\/\n.elementor-widget-image{text-align:center}.elementor-widget-image a{display:inline-block}.elementor-widget-image a img[src$=\".svg\"]{width:48px}.elementor-widget-image img{vertical-align:middle;display:inline-block}<\/style>\t\t\t\t\t\t\t\t\t\t\t\t<img loading=\"lazy\" decoding=\"async\" width=\"849\" height=\"1024\" src=\"https:\/\/everstartraffic.com\/wp-content\/uploads\/2022\/02\/ES700-4D\u503e\u659c\u5f0f\u6405\u62cc\u673a\u53c2\u6570\u56fe-849x1024.jpg\" class=\"attachment-large size-large\" alt=\"\" srcset=\"https:\/\/everstartraffic.com\/wp-content\/uploads\/2022\/02\/ES700-4D\u503e\u659c\u5f0f\u6405\u62cc\u673a\u53c2\u6570\u56fe-849x1024.jpg 849w, https:\/\/everstartraffic.com\/wp-content\/uploads\/2022\/02\/ES700-4D\u503e\u659c\u5f0f\u6405\u62cc\u673a\u53c2\u6570\u56fe-scaled-600x724.jpg 600w, https:\/\/everstartraffic.com\/wp-content\/uploads\/2022\/02\/ES700-4D\u503e\u659c\u5f0f\u6405\u62cc\u673a\u53c2\u6570\u56fe-249x300.jpg 249w, https:\/\/everstartraffic.com\/wp-content\/uploads\/2022\/02\/ES700-4D\u503e\u659c\u5f0f\u6405\u62cc\u673a\u53c2\u6570\u56fe-768x926.jpg 768w, https:\/\/everstartraffic.com\/wp-content\/uploads\/2022\/02\/ES700-4D\u503e\u659c\u5f0f\u6405\u62cc\u673a\u53c2\u6570\u56fe-1274x1536.jpg 1274w, https:\/\/everstartraffic.com\/wp-content\/uploads\/2022\/02\/ES700-4D\u503e\u659c\u5f0f\u6405\u62cc\u673a\u53c2\u6570\u56fe-1698x2048.jpg 1698w, https:\/\/everstartraffic.com\/wp-content\/uploads\/2022\/02\/ES700-4D\u503e\u659c\u5f0f\u6405\u62cc\u673a\u53c2\u6570\u56fe-1320x1592.jpg 1320w\" sizes=\"auto, (max-width: 849px) 100vw, 849px\" \/>\t\t\t\t\t\t\t\t\t\t\t\t\t\t\t<\/div>\n\t\t\t\t<\/div>\n\t\t\t\t<div class=\"elementor-element elementor-element-0534bea elementor-widget elementor-widget-text-editor\" data-id=\"0534bea\" data-element_type=\"widget\" data-widget_type=\"text-editor.default\">\n\t\t\t\t<div class=\"elementor-widget-container\">\n\t\t\t<style>\/*! elementor - v3.7.0 - 08-08-2022 *\/\n.elementor-widget-text-editor.elementor-drop-cap-view-stacked .elementor-drop-cap{background-color:#818a91;color:#fff}.elementor-widget-text-editor.elementor-drop-cap-view-framed .elementor-drop-cap{color:#818a91;border:3px solid;background-color:transparent}.elementor-widget-text-editor:not(.elementor-drop-cap-view-default) .elementor-drop-cap{margin-top:8px}.elementor-widget-text-editor:not(.elementor-drop-cap-view-default) .elementor-drop-cap-letter{width:1em;height:1em}.elementor-widget-text-editor .elementor-drop-cap{float:left;text-align:center;line-height:1;font-size:50px}.elementor-widget-text-editor .elementor-drop-cap-letter{display:inline-block}<\/style>\t\t\t\t<p><strong>ES700-4D<\/strong> <strong>Maquina mezcladora de concreto con tambor basculante <\/strong>Es una hormigonera de tambores basculantes que descarga el hormig\u00f3n mediante volante, adecuada para mezclar hormig\u00f3n pl\u00e1stico y semiseco duro con un tama\u00f1o de agregado de hasta 60 mm. La mezcla se realiza cuando el tambor mezclador gira en direcci\u00f3n normal y la descarga se realiza cuando el tambor mezclador gira en direcci\u00f3n inversa.<br \/>El mezclador est\u00e1 dise\u00f1ado y fabricado de acuerdo con GB\/T9142-2000<br \/>&lt;Hormigonera&gt;, Se caracteriza por una construcci\u00f3n novedosa, rendimiento avanzado, alta productividad, alta calidad de mezcla, estructura compacta, bajo consumo de energ\u00eda, operaci\u00f3n simple, etc. Por lo tanto, <strong>ES700-4D<\/strong> Es especialmente adecuado para circunstancias como sitios de construcci\u00f3n ordinarios, construcci\u00f3n de carreteras, puentes y f\u00e1bricas de componentes prefabricados de tama\u00f1o peque\u00f1o, etc.  <\/p>\n\t\t\t\t\t\t<\/div>\n\t\t\t\t<\/div>\n\t\t\t\t<div class=\"elementor-element elementor-element-72fa702 elementor-widget elementor-widget-text-editor\" data-id=\"72fa702\" data-element_type=\"widget\" data-widget_type=\"text-editor.default\">\n\t\t\t\t<div class=\"elementor-widget-container\">\n\t\t\t\t\t\t\t<h3>Caracter\u00edsticas principales de la hormigonera marca EVERSTAR en venta<\/h3>\n<p>1.<strong>Construcci\u00f3n totalmente de acero<\/strong>, La mini hormigonera tiene una larga vida \u00fatil.<br \/>2.<strong>Ruedas grandes<\/strong>, Es f\u00e1cil trasladar la mini hormigonera a cualquier lugar. <\/p>\n<p>3.<strong>Motor di\u00e9sel\/gasolina\/el\u00e9ctrico, opcional seg\u00fan requerimiento del cliente.<\/strong>La mini hormigonera es potente.<br \/>4. <strong>Engranaje de hierro fundido<\/strong> Para mini hormigonera de trabajo estable y silencioso.<br \/>5. Superficie pintada con aerosol,<strong>Color seg\u00fan su solicitud.<\/strong><br \/>6. Ruedas certificadas por la EPA, tama\u00f1o de las ruedas: 520 mm.<br \/>7.Tiempo de garant\u00eda:<strong>UN A\u00d1O<\/strong> garant\u00eda<br \/>8. modo de suministro de agua:<strong>entrada directa<\/strong><br \/>9.Descarga<strong>:semiautom\u00e1tico<\/strong><\/p>\n\t\t\t\t\t\t<\/div>\n\t\t\t\t<\/div>\n\t\t\t\t\t<\/div>\n\t\t<\/div>\n\t\t\t\t\t\t\t<\/div>\n\t\t<\/section>\n\t\t\t\t<section class=\"elementor-section elementor-top-section elementor-element elementor-element-13619de elementor-section-boxed elementor-section-height-default elementor-section-height-default\" data-id=\"13619de\" data-element_type=\"section\">\n\t\t\t\t\t\t<div class=\"elementor-container elementor-column-gap-default\">\n\t\t\t\t\t<div class=\"elementor-column elementor-col-100 elementor-top-column elementor-element elementor-element-3c260b1\" data-id=\"3c260b1\" data-element_type=\"column\">\n\t\t\t<div class=\"elementor-widget-wrap elementor-element-populated\">\n\t\t\t\t\t\t\t\t<div class=\"elementor-element elementor-element-e7a636c elementor-widget elementor-widget-heading\" data-id=\"e7a636c\" data-element_type=\"widget\" data-widget_type=\"heading.default\">\n\t\t\t\t<div class=\"elementor-widget-container\">\n\t\t\t<h4 class=\"elementor-heading-title elementor-size-default\"><span style=\"background-color: var( --e-global-color-secondary ); color: var( --e-global-color-accent ); font-family: var( --e-global-typography-primary-font-family ), Sans-serif; white-space: normal;\">Exhibici\u00f3n del producto<\/span><\/h4>\t\t<\/div>\n\t\t\t\t<\/div>\n\t\t\t\t\t<\/div>\n\t\t<\/div>\n\t\t\t\t\t\t\t<\/div>\n\t\t<\/section>\n\t\t\t\t<section class=\"elementor-section elementor-top-section elementor-element elementor-element-eb32a44 elementor-section-boxed elementor-section-height-default elementor-section-height-default\" data-id=\"eb32a44\" data-element_type=\"section\">\n\t\t\t\t\t\t<div class=\"elementor-container elementor-column-gap-default\">\n\t\t\t\t\t<div class=\"elementor-column elementor-col-100 elementor-top-column elementor-element elementor-element-b7c7e5b\" data-id=\"b7c7e5b\" data-element_type=\"column\">\n\t\t\t<div class=\"elementor-widget-wrap elementor-element-populated\">\n\t\t\t\t\t\t\t\t<div class=\"elementor-element elementor-element-43925e6 elementor-widget elementor-widget-image\" data-id=\"43925e6\" data-element_type=\"widget\" data-widget_type=\"image.default\">\n\t\t\t\t<div class=\"elementor-widget-container\">\n\t\t\t\t\t\t\t\t\t\t\t\t\t\t\t<img loading=\"lazy\" decoding=\"async\" width=\"1024\" height=\"278\" src=\"https:\/\/everstartraffic.com\/wp-content\/uploads\/2022\/02\/\u90e8\u4ef6\u56fe-1024x278.png\" class=\"attachment-large size-large\" alt=\"\" srcset=\"https:\/\/everstartraffic.com\/wp-content\/uploads\/2022\/02\/\u90e8\u4ef6\u56fe-1024x278.png 1024w, https:\/\/everstartraffic.com\/wp-content\/uploads\/2022\/02\/\u90e8\u4ef6\u56fe-600x163.png 600w, https:\/\/everstartraffic.com\/wp-content\/uploads\/2022\/02\/\u90e8\u4ef6\u56fe-300x81.png 300w, https:\/\/everstartraffic.com\/wp-content\/uploads\/2022\/02\/\u90e8\u4ef6\u56fe-768x209.png 768w, https:\/\/everstartraffic.com\/wp-content\/uploads\/2022\/02\/\u90e8\u4ef6\u56fe.png 1101w\" sizes=\"auto, (max-width: 1024px) 100vw, 1024px\" \/>\t\t\t\t\t\t\t\t\t\t\t\t\t\t\t<\/div>\n\t\t\t\t<\/div>\n\t\t\t\t<div class=\"elementor-element elementor-element-aeef4f0 elementor-widget elementor-widget-image\" data-id=\"aeef4f0\" data-element_type=\"widget\" data-widget_type=\"image.default\">\n\t\t\t\t<div class=\"elementor-widget-container\">\n\t\t\t\t\t\t\t\t\t\t\t\t\t\t\t<img loading=\"lazy\" decoding=\"async\" width=\"1024\" height=\"338\" src=\"https:\/\/everstartraffic.com\/wp-content\/uploads\/2022\/02\/\u90e8\u4ef6\u56fe1-1024x338.png\" class=\"attachment-large size-large\" alt=\"\" srcset=\"https:\/\/everstartraffic.com\/wp-content\/uploads\/2022\/02\/\u90e8\u4ef6\u56fe1-1024x338.png 1024w, https:\/\/everstartraffic.com\/wp-content\/uploads\/2022\/02\/\u90e8\u4ef6\u56fe1-600x198.png 600w, https:\/\/everstartraffic.com\/wp-content\/uploads\/2022\/02\/\u90e8\u4ef6\u56fe1-300x99.png 300w, https:\/\/everstartraffic.com\/wp-content\/uploads\/2022\/02\/\u90e8\u4ef6\u56fe1-768x253.png 768w, https:\/\/everstartraffic.com\/wp-content\/uploads\/2022\/02\/\u90e8\u4ef6\u56fe1.png 1095w\" sizes=\"auto, (max-width: 1024px) 100vw, 1024px\" \/>\t\t\t\t\t\t\t\t\t\t\t\t\t\t\t<\/div>\n\t\t\t\t<\/div>\n\t\t\t\t<div class=\"elementor-element elementor-element-a6bec49 elementor-widget elementor-widget-image\" data-id=\"a6bec49\" data-element_type=\"widget\" data-widget_type=\"image.default\">\n\t\t\t\t<div class=\"elementor-widget-container\">\n\t\t\t\t\t\t\t\t\t\t\t\t\t\t\t<img loading=\"lazy\" decoding=\"async\" width=\"1024\" height=\"234\" src=\"https:\/\/everstartraffic.com\/wp-content\/uploads\/2022\/02\/\u90e8\u4ef6\u56fe2-1024x234.png\" class=\"attachment-large size-large\" alt=\"\" srcset=\"https:\/\/everstartraffic.com\/wp-content\/uploads\/2022\/02\/\u90e8\u4ef6\u56fe2-1024x234.png 1024w, https:\/\/everstartraffic.com\/wp-content\/uploads\/2022\/02\/\u90e8\u4ef6\u56fe2-600x137.png 600w, https:\/\/everstartraffic.com\/wp-content\/uploads\/2022\/02\/\u90e8\u4ef6\u56fe2-300x68.png 300w, https:\/\/everstartraffic.com\/wp-content\/uploads\/2022\/02\/\u90e8\u4ef6\u56fe2-768x175.png 768w, https:\/\/everstartraffic.com\/wp-content\/uploads\/2022\/02\/\u90e8\u4ef6\u56fe2.png 1082w\" sizes=\"auto, (max-width: 1024px) 100vw, 1024px\" \/>\t\t\t\t\t\t\t\t\t\t\t\t\t\t\t<\/div>\n\t\t\t\t<\/div>\n\t\t\t\t<div class=\"elementor-element elementor-element-cb82293 elementor-widget elementor-widget-image\" data-id=\"cb82293\" data-element_type=\"widget\" data-widget_type=\"image.default\">\n\t\t\t\t<div class=\"elementor-widget-container\">\n\t\t\t\t\t\t\t\t\t\t\t\t\t\t\t<img loading=\"lazy\" decoding=\"async\" width=\"1024\" height=\"434\" src=\"https:\/\/everstartraffic.com\/wp-content\/uploads\/2022\/02\/\u90e8\u4ef6\u56fe3-1024x434.png\" class=\"attachment-large size-large\" alt=\"\" srcset=\"https:\/\/everstartraffic.com\/wp-content\/uploads\/2022\/02\/\u90e8\u4ef6\u56fe3-1024x434.png 1024w, https:\/\/everstartraffic.com\/wp-content\/uploads\/2022\/02\/\u90e8\u4ef6\u56fe3-600x254.png 600w, https:\/\/everstartraffic.com\/wp-content\/uploads\/2022\/02\/\u90e8\u4ef6\u56fe3-300x127.png 300w, https:\/\/everstartraffic.com\/wp-content\/uploads\/2022\/02\/\u90e8\u4ef6\u56fe3-768x325.png 768w, https:\/\/everstartraffic.com\/wp-content\/uploads\/2022\/02\/\u90e8\u4ef6\u56fe3.png 1088w\" sizes=\"auto, (max-width: 1024px) 100vw, 1024px\" \/>\t\t\t\t\t\t\t\t\t\t\t\t\t\t\t<\/div>\n\t\t\t\t<\/div>\n\t\t\t\t<div class=\"elementor-element elementor-element-e5e014a elementor-widget elementor-widget-image\" data-id=\"e5e014a\" data-element_type=\"widget\" data-widget_type=\"image.default\">\n\t\t\t\t<div class=\"elementor-widget-container\">\n\t\t\t\t\t\t\t\t\t\t\t\t\t\t\t<img loading=\"lazy\" decoding=\"async\" width=\"1024\" height=\"385\" src=\"https:\/\/everstartraffic.com\/wp-content\/uploads\/2022\/02\/\u90e8\u4ef6\u56fe4-1024x385.png\" class=\"attachment-large size-large\" alt=\"\" srcset=\"https:\/\/everstartraffic.com\/wp-content\/uploads\/2022\/02\/\u90e8\u4ef6\u56fe4-1024x385.png 1024w, https:\/\/everstartraffic.com\/wp-content\/uploads\/2022\/02\/\u90e8\u4ef6\u56fe4-600x226.png 600w, https:\/\/everstartraffic.com\/wp-content\/uploads\/2022\/02\/\u90e8\u4ef6\u56fe4-300x113.png 300w, https:\/\/everstartraffic.com\/wp-content\/uploads\/2022\/02\/\u90e8\u4ef6\u56fe4-768x289.png 768w, https:\/\/everstartraffic.com\/wp-content\/uploads\/2022\/02\/\u90e8\u4ef6\u56fe4.png 1085w\" sizes=\"auto, (max-width: 1024px) 100vw, 1024px\" \/>\t\t\t\t\t\t\t\t\t\t\t\t\t\t\t<\/div>\n\t\t\t\t<\/div>\n\t\t\t\t<div class=\"elementor-element elementor-element-49f702d elementor-widget elementor-widget-image\" data-id=\"49f702d\" data-element_type=\"widget\" data-widget_type=\"image.default\">\n\t\t\t\t<div class=\"elementor-widget-container\">\n\t\t\t\t\t\t\t\t\t\t\t\t\t\t\t<img loading=\"lazy\" decoding=\"async\" width=\"1024\" height=\"416\" src=\"https:\/\/everstartraffic.com\/wp-content\/uploads\/2022\/02\/\u90e8\u4ef6\u56fe5-1024x416.png\" class=\"attachment-large size-large\" alt=\"\" srcset=\"https:\/\/everstartraffic.com\/wp-content\/uploads\/2022\/02\/\u90e8\u4ef6\u56fe5-1024x416.png 1024w, https:\/\/everstartraffic.com\/wp-content\/uploads\/2022\/02\/\u90e8\u4ef6\u56fe5-600x244.png 600w, https:\/\/everstartraffic.com\/wp-content\/uploads\/2022\/02\/\u90e8\u4ef6\u56fe5-300x122.png 300w, https:\/\/everstartraffic.com\/wp-content\/uploads\/2022\/02\/\u90e8\u4ef6\u56fe5-768x312.png 768w, https:\/\/everstartraffic.com\/wp-content\/uploads\/2022\/02\/\u90e8\u4ef6\u56fe5.png 1044w\" sizes=\"auto, (max-width: 1024px) 100vw, 1024px\" \/>\t\t\t\t\t\t\t\t\t\t\t\t\t\t\t<\/div>\n\t\t\t\t<\/div>\n\t\t\t\t<div class=\"elementor-element elementor-element-dcd2473 elementor-widget elementor-widget-image\" data-id=\"dcd2473\" data-element_type=\"widget\" data-widget_type=\"image.default\">\n\t\t\t\t<div class=\"elementor-widget-container\">\n\t\t\t\t\t\t\t\t\t\t\t\t\t\t\t<img loading=\"lazy\" decoding=\"async\" width=\"1024\" height=\"424\" src=\"https:\/\/everstartraffic.com\/wp-content\/uploads\/2022\/02\/\u90e8\u4ef6\u56fe6-1024x424.png\" class=\"attachment-large size-large\" alt=\"\" srcset=\"https:\/\/everstartraffic.com\/wp-content\/uploads\/2022\/02\/\u90e8\u4ef6\u56fe6-1024x424.png 1024w, https:\/\/everstartraffic.com\/wp-content\/uploads\/2022\/02\/\u90e8\u4ef6\u56fe6-600x248.png 600w, https:\/\/everstartraffic.com\/wp-content\/uploads\/2022\/02\/\u90e8\u4ef6\u56fe6-300x124.png 300w, https:\/\/everstartraffic.com\/wp-content\/uploads\/2022\/02\/\u90e8\u4ef6\u56fe6-768x318.png 768w, https:\/\/everstartraffic.com\/wp-content\/uploads\/2022\/02\/\u90e8\u4ef6\u56fe6.png 1039w\" sizes=\"auto, (max-width: 1024px) 100vw, 1024px\" \/>\t\t\t\t\t\t\t\t\t\t\t\t\t\t\t<\/div>\n\t\t\t\t<\/div>\n\t\t\t\t<div class=\"elementor-element elementor-element-d4c4a58 elementor-widget elementor-widget-image\" data-id=\"d4c4a58\" data-element_type=\"widget\" data-widget_type=\"image.default\">\n\t\t\t\t<div class=\"elementor-widget-container\">\n\t\t\t\t\t\t\t\t\t\t\t\t\t\t\t<img loading=\"lazy\" decoding=\"async\" width=\"1024\" height=\"497\" src=\"https:\/\/everstartraffic.com\/wp-content\/uploads\/2022\/02\/\u90e8\u4ef6\u56fe7-1024x497.png\" class=\"attachment-large size-large\" alt=\"\" srcset=\"https:\/\/everstartraffic.com\/wp-content\/uploads\/2022\/02\/\u90e8\u4ef6\u56fe7-1024x497.png 1024w, https:\/\/everstartraffic.com\/wp-content\/uploads\/2022\/02\/\u90e8\u4ef6\u56fe7-600x291.png 600w, https:\/\/everstartraffic.com\/wp-content\/uploads\/2022\/02\/\u90e8\u4ef6\u56fe7-300x146.png 300w, https:\/\/everstartraffic.com\/wp-content\/uploads\/2022\/02\/\u90e8\u4ef6\u56fe7-768x373.png 768w, https:\/\/everstartraffic.com\/wp-content\/uploads\/2022\/02\/\u90e8\u4ef6\u56fe7.png 1067w\" sizes=\"auto, (max-width: 1024px) 100vw, 1024px\" \/>\t\t\t\t\t\t\t\t\t\t\t\t\t\t\t<\/div>\n\t\t\t\t<\/div>\n\t\t\t\t<div class=\"elementor-element elementor-element-8663bd3 elementor-widget elementor-widget-image\" data-id=\"8663bd3\" data-element_type=\"widget\" data-widget_type=\"image.default\">\n\t\t\t\t<div class=\"elementor-widget-container\">\n\t\t\t\t\t\t\t\t\t\t\t\t\t\t\t<img loading=\"lazy\" decoding=\"async\" width=\"1018\" height=\"494\" src=\"https:\/\/everstartraffic.com\/wp-content\/uploads\/2022\/02\/\u90e8\u4ef6\u56fe8.png\" class=\"attachment-large size-large\" alt=\"\" srcset=\"https:\/\/everstartraffic.com\/wp-content\/uploads\/2022\/02\/\u90e8\u4ef6\u56fe8.png 1018w, https:\/\/everstartraffic.com\/wp-content\/uploads\/2022\/02\/\u90e8\u4ef6\u56fe8-600x291.png 600w, https:\/\/everstartraffic.com\/wp-content\/uploads\/2022\/02\/\u90e8\u4ef6\u56fe8-300x146.png 300w, https:\/\/everstartraffic.com\/wp-content\/uploads\/2022\/02\/\u90e8\u4ef6\u56fe8-768x373.png 768w\" sizes=\"auto, (max-width: 1018px) 100vw, 1018px\" \/>\t\t\t\t\t\t\t\t\t\t\t\t\t\t\t<\/div>\n\t\t\t\t<\/div>\n\t\t\t\t<div class=\"elementor-element elementor-element-417c238 elementor-widget elementor-widget-image\" data-id=\"417c238\" data-element_type=\"widget\" data-widget_type=\"image.default\">\n\t\t\t\t<div class=\"elementor-widget-container\">\n\t\t\t\t\t\t\t\t\t\t\t\t\t\t\t<img loading=\"lazy\" decoding=\"async\" width=\"1024\" height=\"227\" src=\"https:\/\/everstartraffic.com\/wp-content\/uploads\/2022\/02\/\u90e8\u4ef6\u56fe9-1024x227.png\" class=\"attachment-large size-large\" alt=\"\" srcset=\"https:\/\/everstartraffic.com\/wp-content\/uploads\/2022\/02\/\u90e8\u4ef6\u56fe9-1024x227.png 1024w, https:\/\/everstartraffic.com\/wp-content\/uploads\/2022\/02\/\u90e8\u4ef6\u56fe9-600x133.png 600w, https:\/\/everstartraffic.com\/wp-content\/uploads\/2022\/02\/\u90e8\u4ef6\u56fe9-300x66.png 300w, https:\/\/everstartraffic.com\/wp-content\/uploads\/2022\/02\/\u90e8\u4ef6\u56fe9-768x170.png 768w, https:\/\/everstartraffic.com\/wp-content\/uploads\/2022\/02\/\u90e8\u4ef6\u56fe9.png 1057w\" sizes=\"auto, (max-width: 1024px) 100vw, 1024px\" \/>\t\t\t\t\t\t\t\t\t\t\t\t\t\t\t<\/div>\n\t\t\t\t<\/div>\n\t\t\t\t<div class=\"elementor-element elementor-element-37f1bd5 elementor-widget elementor-widget-image\" data-id=\"37f1bd5\" data-element_type=\"widget\" data-widget_type=\"image.default\">\n\t\t\t\t<div class=\"elementor-widget-container\">\n\t\t\t\t\t\t\t\t\t\t\t\t\t\t\t<img loading=\"lazy\" decoding=\"async\" width=\"667\" height=\"1024\" src=\"https:\/\/everstartraffic.com\/wp-content\/uploads\/2022\/02\/\u751f\u4ea7\u56fe-667x1024.jpg\" class=\"attachment-large size-large\" alt=\"\" srcset=\"https:\/\/everstartraffic.com\/wp-content\/uploads\/2022\/02\/\u751f\u4ea7\u56fe-667x1024.jpg 667w, https:\/\/everstartraffic.com\/wp-content\/uploads\/2022\/02\/\u751f\u4ea7\u56fe-600x922.jpg 600w, https:\/\/everstartraffic.com\/wp-content\/uploads\/2022\/02\/\u751f\u4ea7\u56fe-195x300.jpg 195w, https:\/\/everstartraffic.com\/wp-content\/uploads\/2022\/02\/\u751f\u4ea7\u56fe-768x1180.jpg 768w, https:\/\/everstartraffic.com\/wp-content\/uploads\/2022\/02\/\u751f\u4ea7\u56fe-1000x1536.jpg 1000w, https:\/\/everstartraffic.com\/wp-content\/uploads\/2022\/02\/\u751f\u4ea7\u56fe.jpg 1087w\" sizes=\"auto, (max-width: 667px) 100vw, 667px\" \/>\t\t\t\t\t\t\t\t\t\t\t\t\t\t\t<\/div>\n\t\t\t\t<\/div>\n\t\t\t\t\t<\/div>\n\t\t<\/div>\n\t\t\t\t\t\t\t<\/div>\n\t\t<\/section>\n\t\t\t\t\t\t\t<\/div>\n\t\t","protected":false},"excerpt":{"rendered":"<p>La m\u00e1quina mezcladora de concreto con tambor inclinado ES700-4 es una mezcladora de concreto con tambores inclinados que descargan el concreto mediante un volante, adecuada para mezclar concreto pl\u00e1stico y semiseco y duro con un tama\u00f1o de agregado de hasta 60 mm.<\/p>\n","protected":false},"featured_media":4796,"comment_status":"open","ping_status":"closed","template":"","meta":{"_monsterinsights_skip_tracking":false,"_monsterinsights_sitenote_active":false,"_monsterinsights_sitenote_note":"","_monsterinsights_sitenote_category":0,"spay_email":"","jetpack_publicize_message":"","jetpack_is_tweetstorm":false,"jetpack_publicize_feature_enabled":true},"product_cat":[318,319,294],"product_tag":[367,492],"class_list":["post-9550","product","type-product","status-publish","has-post-thumbnail","hentry","product_cat-maquina-de-hormigon","product_cat-maquina-mezcladora-de-concreto","product_cat-sin-categorizar","product_tag-maquina-mezcladora-de-concreto","product_tag-maquina-mezcladora-de-hormigon-de-tambor-basculante"],"aioseo_notices":[],"_links":{"self":[{"href":"https:\/\/everstartraffic.com\/es\/wp-json\/wp\/v2\/product\/9550","targetHints":{"allow":["GET"]}}],"collection":[{"href":"https:\/\/everstartraffic.com\/es\/wp-json\/wp\/v2\/product"}],"about":[{"href":"https:\/\/everstartraffic.com\/es\/wp-json\/wp\/v2\/types\/product"}],"replies":[{"embeddable":true,"href":"https:\/\/everstartraffic.com\/es\/wp-json\/wp\/v2\/comments?post=9550"}],"version-history":[{"count":1,"href":"https:\/\/everstartraffic.com\/es\/wp-json\/wp\/v2\/product\/9550\/revisions"}],"predecessor-version":[{"id":9551,"href":"https:\/\/everstartraffic.com\/es\/wp-json\/wp\/v2\/product\/9550\/revisions\/9551"}],"wp:featuredmedia":[{"embeddable":true,"href":"https:\/\/everstartraffic.com\/es\/wp-json\/wp\/v2\/media\/4796"}],"wp:attachment":[{"href":"https:\/\/everstartraffic.com\/es\/wp-json\/wp\/v2\/media?parent=9550"}],"wp:term":[{"taxonomy":"product_cat","embeddable":true,"href":"https:\/\/everstartraffic.com\/es\/wp-json\/wp\/v2\/product_cat?post=9550"},{"taxonomy":"product_tag","embeddable":true,"href":"https:\/\/everstartraffic.com\/es\/wp-json\/wp\/v2\/product_tag?post=9550"}],"curies":[{"name":"wp","href":"https:\/\/api.w.org\/{rel}","templated":true}]}}