{"id":9546,"date":"2022-02-22T09:24:46","date_gmt":"2022-02-22T09:24:46","guid":{"rendered":"https:\/\/www.everstartraffic.com\/product\/hormigonera-diesel-con-tolva-de-carga-hidraulica-est-500dh\/"},"modified":"2024-09-19T08:22:43","modified_gmt":"2024-09-19T08:22:43","slug":"hormigonera-diesel-con-tolva-de-carga-hidraulica-est-500dh","status":"publish","type":"product","link":"https:\/\/everstartraffic.com\/es\/product\/hormigonera-diesel-con-tolva-de-carga-hidraulica-est-500dh\/","title":{"rendered":"Hormigonera di\u00e9sel con tolva de carga hidr\u00e1ulica EST-500DH"},"content":{"rendered":"\t\t<div data-elementor-type=\"product-post\" data-elementor-id=\"9546\" class=\"elementor elementor-9546 elementor-4948\">\n\t\t\t\t\t\t\t\t\t<section class=\"elementor-section elementor-top-section elementor-element elementor-element-8c88d0f elementor-section-boxed elementor-section-height-default elementor-section-height-default\" data-id=\"8c88d0f\" data-element_type=\"section\">\n\t\t\t\t\t\t<div class=\"elementor-container elementor-column-gap-default\">\n\t\t\t\t\t<div class=\"elementor-column elementor-col-100 elementor-top-column elementor-element elementor-element-2343a6b\" data-id=\"2343a6b\" data-element_type=\"column\">\n\t\t\t<div class=\"elementor-widget-wrap elementor-element-populated\">\n\t\t\t\t\t\t\t\t<div class=\"elementor-element elementor-element-9224c37 elementor-widget elementor-widget-heading\" data-id=\"9224c37\" data-element_type=\"widget\" data-widget_type=\"heading.default\">\n\t\t\t\t<div class=\"elementor-widget-container\">\n\t\t\t<style>\/*! elementor - v3.7.0 - 08-08-2022 *\/\n.elementor-heading-title{padding:0;margin:0;line-height:1}.elementor-widget-heading .elementor-heading-title[class*=elementor-size-]>a{color:inherit;font-size:inherit;line-height:inherit}.elementor-widget-heading .elementor-heading-title.elementor-size-small{font-size:15px}.elementor-widget-heading .elementor-heading-title.elementor-size-medium{font-size:19px}.elementor-widget-heading .elementor-heading-title.elementor-size-large{font-size:29px}.elementor-widget-heading .elementor-heading-title.elementor-size-xl{font-size:39px}.elementor-widget-heading .elementor-heading-title.elementor-size-xxl{font-size:59px}<\/style><h4 class=\"elementor-heading-title elementor-size-default\">Par\u00e1metros del producto<\/h4>\t\t<\/div>\n\t\t\t\t<\/div>\n\t\t\t\t\t<\/div>\n\t\t<\/div>\n\t\t\t\t\t\t\t<\/div>\n\t\t<\/section>\n\t\t\t\t<section class=\"elementor-section elementor-top-section elementor-element elementor-element-824baa3 elementor-section-boxed elementor-section-height-default elementor-section-height-default\" data-id=\"824baa3\" data-element_type=\"section\">\n\t\t\t\t\t\t<div class=\"elementor-container elementor-column-gap-default\">\n\t\t\t\t\t<div class=\"elementor-column elementor-col-100 elementor-top-column elementor-element elementor-element-b329d54\" data-id=\"b329d54\" data-element_type=\"column\">\n\t\t\t<div class=\"elementor-widget-wrap elementor-element-populated\">\n\t\t\t\t\t\t\t\t<div class=\"elementor-element elementor-element-71f0228 elementor-widget elementor-widget-image\" data-id=\"71f0228\" data-element_type=\"widget\" data-widget_type=\"image.default\">\n\t\t\t\t<div class=\"elementor-widget-container\">\n\t\t\t<style>\/*! elementor - v3.7.0 - 08-08-2022 *\/\n.elementor-widget-image{text-align:center}.elementor-widget-image a{display:inline-block}.elementor-widget-image a img[src$=\".svg\"]{width:48px}.elementor-widget-image img{vertical-align:middle;display:inline-block}<\/style>\t\t\t\t\t\t\t\t\t\t\t\t<img loading=\"lazy\" decoding=\"async\" width=\"1024\" height=\"733\" src=\"https:\/\/everstartraffic.com\/wp-content\/uploads\/2022\/02\/201805101441514f8404_\u526f\u672c-1024x733.jpg\" class=\"attachment-large size-large\" alt=\"\" srcset=\"https:\/\/everstartraffic.com\/wp-content\/uploads\/2022\/02\/201805101441514f8404_\u526f\u672c-1024x733.jpg 1024w, https:\/\/everstartraffic.com\/wp-content\/uploads\/2022\/02\/201805101441514f8404_\u526f\u672c-600x430.jpg 600w, https:\/\/everstartraffic.com\/wp-content\/uploads\/2022\/02\/201805101441514f8404_\u526f\u672c-300x215.jpg 300w, https:\/\/everstartraffic.com\/wp-content\/uploads\/2022\/02\/201805101441514f8404_\u526f\u672c-768x550.jpg 768w, https:\/\/everstartraffic.com\/wp-content\/uploads\/2022\/02\/201805101441514f8404_\u526f\u672c-1536x1100.jpg 1536w, https:\/\/everstartraffic.com\/wp-content\/uploads\/2022\/02\/201805101441514f8404_\u526f\u672c-2048x1467.jpg 2048w, https:\/\/everstartraffic.com\/wp-content\/uploads\/2022\/02\/201805101441514f8404_\u526f\u672c-1320x945.jpg 1320w\" sizes=\"auto, (max-width: 1024px) 100vw, 1024px\" \/>\t\t\t\t\t\t\t\t\t\t\t\t\t\t\t<\/div>\n\t\t\t\t<\/div>\n\t\t\t\t<div class=\"elementor-element elementor-element-1e02064 elementor-widget elementor-widget-text-editor\" data-id=\"1e02064\" data-element_type=\"widget\" data-widget_type=\"text-editor.default\">\n\t\t\t\t<div class=\"elementor-widget-container\">\n\t\t\t<style>\/*! elementor - v3.7.0 - 08-08-2022 *\/\n.elementor-widget-text-editor.elementor-drop-cap-view-stacked .elementor-drop-cap{background-color:#818a91;color:#fff}.elementor-widget-text-editor.elementor-drop-cap-view-framed .elementor-drop-cap{color:#818a91;border:3px solid;background-color:transparent}.elementor-widget-text-editor:not(.elementor-drop-cap-view-default) .elementor-drop-cap{margin-top:8px}.elementor-widget-text-editor:not(.elementor-drop-cap-view-default) .elementor-drop-cap-letter{width:1em;height:1em}.elementor-widget-text-editor .elementor-drop-cap{float:left;text-align:center;line-height:1;font-size:50px}.elementor-widget-text-editor .elementor-drop-cap-letter{display:inline-block}<\/style>\t\t\t\t<p><strong>EST-<\/strong><strong>500DH Hormigonera di\u00e9sel con tolva de carga hidr\u00e1ulica<\/strong> es una hormigonera autocargable de <strong>Tambor basculante<\/strong> que descarga el hormig\u00f3n girando el volante, adecuado para mezclar hormig\u00f3n pl\u00e1stico y semiseco duro con un tama\u00f1o de agregado de hasta 60 mm. La mezcla se realiza cuando se enciende el motor. Cada vez, el tambor mezclador puede manejar <strong>0,3 metros c\u00fabicos de hormig\u00f3n.<\/strong><br \/>El mezclador est\u00e1 dise\u00f1ado y fabricado de acuerdo con GB\/T9142-2000<br \/>&lt;Hormigonera&gt;, Se caracteriza por una construcci\u00f3n novedosa, rendimiento avanzado, alta productividad, alta calidad de mezcla, estructura compacta, bajo consumo de energ\u00eda, operaci\u00f3n simple, etc. Por lo tanto, <strong>EST-<\/strong><strong>500DH Serie Hormigonera<\/strong> Es especialmente adecuado para circunstancias como sitios de construcci\u00f3n ordinarios, construcci\u00f3n de carreteras, puentes y f\u00e1bricas de componentes prefabricados de tama\u00f1o peque\u00f1o, etc. <\/p>\n\t\t\t\t\t\t<\/div>\n\t\t\t\t<\/div>\n\t\t\t\t<div class=\"elementor-element elementor-element-70d118f elementor-widget elementor-widget-text-editor\" data-id=\"70d118f\" data-element_type=\"widget\" data-widget_type=\"text-editor.default\">\n\t\t\t\t<div class=\"elementor-widget-container\">\n\t\t\t\t\t\t\t<p>Caracter\u00edsticas principales:<\/p>\n<ol>\n<li>Potente motor de la mejor marca china Changchai o Changfa como opci\u00f3n<\/li>\n<li>Rueda gu\u00eda flexible de acero<\/li>\n<li>Biela de arrastre robusta y fuerte<\/li>\n<li>Sistema de cadena, transmisi\u00f3n de potencia por cadena. M\u00e1s potencia, menos mantenimiento. <\/li>\n<li>Dise\u00f1o de anillo de engranaje grande conectado con pernos y situado en el medio<\/li>\n<li>Placa resistente al desgaste, espesor 3 mm. 5 mm como opci\u00f3n. <\/li>\n<\/ol>\n\t\t\t\t\t\t<\/div>\n\t\t\t\t<\/div>\n\t\t\t\t\t<\/div>\n\t\t<\/div>\n\t\t\t\t\t\t\t<\/div>\n\t\t<\/section>\n\t\t\t\t<section class=\"elementor-section elementor-top-section elementor-element elementor-element-22e61ec elementor-section-boxed elementor-section-height-default elementor-section-height-default\" data-id=\"22e61ec\" data-element_type=\"section\">\n\t\t\t\t\t\t<div class=\"elementor-container elementor-column-gap-default\">\n\t\t\t\t\t<div class=\"elementor-column elementor-col-100 elementor-top-column elementor-element elementor-element-4a4b69b\" data-id=\"4a4b69b\" data-element_type=\"column\">\n\t\t\t<div class=\"elementor-widget-wrap elementor-element-populated\">\n\t\t\t\t\t\t\t\t<div class=\"elementor-element elementor-element-9f5ffd4 elementor-widget elementor-widget-heading\" data-id=\"9f5ffd4\" data-element_type=\"widget\" data-widget_type=\"heading.default\">\n\t\t\t\t<div class=\"elementor-widget-container\">\n\t\t\t<h4 class=\"elementor-heading-title elementor-size-default\">Exhibici\u00f3n del producto<\/h4>\t\t<\/div>\n\t\t\t\t<\/div>\n\t\t\t\t\t<\/div>\n\t\t<\/div>\n\t\t\t\t\t\t\t<\/div>\n\t\t<\/section>\n\t\t\t\t<section class=\"elementor-section elementor-top-section elementor-element elementor-element-64a8a74 elementor-section-boxed elementor-section-height-default elementor-section-height-default\" data-id=\"64a8a74\" data-element_type=\"section\">\n\t\t\t\t\t\t<div class=\"elementor-container elementor-column-gap-default\">\n\t\t\t\t\t<div class=\"elementor-column elementor-col-100 elementor-top-column elementor-element elementor-element-4e4d63f\" data-id=\"4e4d63f\" data-element_type=\"column\">\n\t\t\t<div class=\"elementor-widget-wrap elementor-element-populated\">\n\t\t\t\t\t\t\t\t<section class=\"elementor-section elementor-inner-section elementor-element elementor-element-3cf188b elementor-section-boxed elementor-section-height-default elementor-section-height-default\" data-id=\"3cf188b\" data-element_type=\"section\">\n\t\t\t\t\t\t<div class=\"elementor-container elementor-column-gap-default\">\n\t\t\t\t\t<div class=\"elementor-column elementor-col-50 elementor-inner-column elementor-element elementor-element-8f8a853\" data-id=\"8f8a853\" data-element_type=\"column\">\n\t\t\t<div class=\"elementor-widget-wrap elementor-element-populated\">\n\t\t\t\t\t\t\t\t<div class=\"elementor-element elementor-element-4291b09 elementor-widget elementor-widget-image\" data-id=\"4291b09\" data-element_type=\"widget\" data-widget_type=\"image.default\">\n\t\t\t\t<div class=\"elementor-widget-container\">\n\t\t\t\t\t\t\t\t\t\t\t\t\t\t\t<img loading=\"lazy\" decoding=\"async\" width=\"767\" height=\"451\" src=\"https:\/\/everstartraffic.com\/wp-content\/uploads\/2022\/02\/1-1-7.png\" class=\"attachment-large size-large\" alt=\"\" srcset=\"https:\/\/everstartraffic.com\/wp-content\/uploads\/2022\/02\/1-1-7.png 767w, https:\/\/everstartraffic.com\/wp-content\/uploads\/2022\/02\/1-1-7-600x353.png 600w, https:\/\/everstartraffic.com\/wp-content\/uploads\/2022\/02\/1-1-7-300x176.png 300w\" sizes=\"auto, (max-width: 767px) 100vw, 767px\" \/>\t\t\t\t\t\t\t\t\t\t\t\t\t\t\t<\/div>\n\t\t\t\t<\/div>\n\t\t\t\t\t<\/div>\n\t\t<\/div>\n\t\t\t\t<div class=\"elementor-column elementor-col-50 elementor-inner-column elementor-element elementor-element-d847dd9\" data-id=\"d847dd9\" data-element_type=\"column\">\n\t\t\t<div class=\"elementor-widget-wrap elementor-element-populated\">\n\t\t\t\t\t\t\t\t<div class=\"elementor-element elementor-element-46f88d6 elementor-widget elementor-widget-text-editor\" data-id=\"46f88d6\" data-element_type=\"widget\" data-widget_type=\"text-editor.default\">\n\t\t\t\t<div class=\"elementor-widget-container\">\n\t\t\t\t\t\t\t<table>\n<tbody>\n<tr>\n<td>\n<h3>Partes de la m\u00e1quina<\/h3>\n<p><strong>Nombre: Tambor mezclador<\/strong><\/p>\n<p><strong>Material:<\/strong> Placa de acero resistente al desgaste Q235<\/p>\n<p><strong>Detalles:<\/strong> El grosor del tambor es de <strong>3 mm<\/strong>, fabricado por <strong>Placa de acero Q235 resistente al desgaste. 5 mm como opci\u00f3n. <\/strong><\/p>\n<\/td>\n<\/tr>\n<\/tbody>\n<\/table>\n\t\t\t\t\t\t<\/div>\n\t\t\t\t<\/div>\n\t\t\t\t\t<\/div>\n\t\t<\/div>\n\t\t\t\t\t\t\t<\/div>\n\t\t<\/section>\n\t\t\t\t\t<\/div>\n\t\t<\/div>\n\t\t\t\t\t\t\t<\/div>\n\t\t<\/section>\n\t\t\t\t<section class=\"elementor-section elementor-top-section elementor-element elementor-element-fda46a0 elementor-section-boxed elementor-section-height-default elementor-section-height-default\" data-id=\"fda46a0\" data-element_type=\"section\">\n\t\t\t\t\t\t<div class=\"elementor-container elementor-column-gap-default\">\n\t\t\t\t\t<div class=\"elementor-column elementor-col-100 elementor-top-column elementor-element elementor-element-65ba670\" data-id=\"65ba670\" data-element_type=\"column\">\n\t\t\t<div class=\"elementor-widget-wrap elementor-element-populated\">\n\t\t\t\t\t\t\t\t<section class=\"elementor-section elementor-inner-section elementor-element elementor-element-3cd758c elementor-section-boxed elementor-section-height-default elementor-section-height-default\" data-id=\"3cd758c\" data-element_type=\"section\">\n\t\t\t\t\t\t<div class=\"elementor-container elementor-column-gap-default\">\n\t\t\t\t\t<div class=\"elementor-column elementor-col-50 elementor-inner-column elementor-element elementor-element-c2be818\" data-id=\"c2be818\" data-element_type=\"column\">\n\t\t\t<div class=\"elementor-widget-wrap elementor-element-populated\">\n\t\t\t\t\t\t\t\t<div class=\"elementor-element elementor-element-95241bc elementor-widget elementor-widget-text-editor\" data-id=\"95241bc\" data-element_type=\"widget\" data-widget_type=\"text-editor.default\">\n\t\t\t\t<div class=\"elementor-widget-container\">\n\t\t\t\t\t\t\t<table>\n<tbody>\n<tr>\n<td>\n<h3> Sistema de transmisi\u00f3n<\/h3>\n<p><strong> Nombre:<\/strong> Transmisi\u00f3n de potencia por CADENA.<br \/><strong>Caracter\u00edsticas: <\/strong>Dise\u00f1o racional, <strong>Transmisi\u00f3n de potencia por CADENA<\/strong>. <strong>M\u00e1s poderosamente,<\/strong> <strong>Menos Maint<\/strong><strong>ena<\/strong><strong>nce,<\/strong> Garantiza la transmisi\u00f3n de potencia.Tienen una vida \u00fatil m\u00e1s larga y menos mantenimiento.<\/p>\n<\/td>\n<\/tr>\n<\/tbody>\n<\/table>\n\t\t\t\t\t\t<\/div>\n\t\t\t\t<\/div>\n\t\t\t\t\t<\/div>\n\t\t<\/div>\n\t\t\t\t<div class=\"elementor-column elementor-col-50 elementor-inner-column elementor-element elementor-element-ec164b7\" data-id=\"ec164b7\" data-element_type=\"column\">\n\t\t\t<div class=\"elementor-widget-wrap elementor-element-populated\">\n\t\t\t\t\t\t\t\t<div class=\"elementor-element elementor-element-4fa8a00 elementor-widget elementor-widget-image\" data-id=\"4fa8a00\" data-element_type=\"widget\" data-widget_type=\"image.default\">\n\t\t\t\t<div class=\"elementor-widget-container\">\n\t\t\t\t\t\t\t\t\t\t\t\t\t\t\t<img loading=\"lazy\" decoding=\"async\" width=\"766\" height=\"453\" src=\"https:\/\/everstartraffic.com\/wp-content\/uploads\/2022\/02\/1-2-7.png\" class=\"attachment-large size-large\" alt=\"\" srcset=\"https:\/\/everstartraffic.com\/wp-content\/uploads\/2022\/02\/1-2-7.png 766w, https:\/\/everstartraffic.com\/wp-content\/uploads\/2022\/02\/1-2-7-600x355.png 600w, https:\/\/everstartraffic.com\/wp-content\/uploads\/2022\/02\/1-2-7-300x177.png 300w\" sizes=\"auto, (max-width: 766px) 100vw, 766px\" \/>\t\t\t\t\t\t\t\t\t\t\t\t\t\t\t<\/div>\n\t\t\t\t<\/div>\n\t\t\t\t\t<\/div>\n\t\t<\/div>\n\t\t\t\t\t\t\t<\/div>\n\t\t<\/section>\n\t\t\t\t\t<\/div>\n\t\t<\/div>\n\t\t\t\t\t\t\t<\/div>\n\t\t<\/section>\n\t\t\t\t<section class=\"elementor-section elementor-top-section elementor-element elementor-element-45a966d elementor-section-boxed elementor-section-height-default elementor-section-height-default\" data-id=\"45a966d\" data-element_type=\"section\">\n\t\t\t\t\t\t<div class=\"elementor-container elementor-column-gap-default\">\n\t\t\t\t\t<div class=\"elementor-column elementor-col-100 elementor-top-column elementor-element elementor-element-75b5f05\" data-id=\"75b5f05\" data-element_type=\"column\">\n\t\t\t<div class=\"elementor-widget-wrap elementor-element-populated\">\n\t\t\t\t\t\t\t\t<section class=\"elementor-section elementor-inner-section elementor-element elementor-element-9125807 elementor-section-boxed elementor-section-height-default elementor-section-height-default\" data-id=\"9125807\" data-element_type=\"section\">\n\t\t\t\t\t\t<div class=\"elementor-container elementor-column-gap-default\">\n\t\t\t\t\t<div class=\"elementor-column elementor-col-50 elementor-inner-column elementor-element elementor-element-b30735f\" data-id=\"b30735f\" data-element_type=\"column\">\n\t\t\t<div class=\"elementor-widget-wrap elementor-element-populated\">\n\t\t\t\t\t\t\t\t<div class=\"elementor-element elementor-element-2b6a9a0 elementor-widget elementor-widget-image\" data-id=\"2b6a9a0\" data-element_type=\"widget\" data-widget_type=\"image.default\">\n\t\t\t\t<div class=\"elementor-widget-container\">\n\t\t\t\t\t\t\t\t\t\t\t\t\t\t\t<img loading=\"lazy\" decoding=\"async\" width=\"678\" height=\"473\" src=\"https:\/\/everstartraffic.com\/wp-content\/uploads\/2022\/02\/1-3-6.png\" class=\"attachment-large size-large\" alt=\"\" srcset=\"https:\/\/everstartraffic.com\/wp-content\/uploads\/2022\/02\/1-3-6.png 678w, https:\/\/everstartraffic.com\/wp-content\/uploads\/2022\/02\/1-3-6-600x419.png 600w, https:\/\/everstartraffic.com\/wp-content\/uploads\/2022\/02\/1-3-6-300x209.png 300w\" sizes=\"auto, (max-width: 678px) 100vw, 678px\" \/>\t\t\t\t\t\t\t\t\t\t\t\t\t\t\t<\/div>\n\t\t\t\t<\/div>\n\t\t\t\t\t<\/div>\n\t\t<\/div>\n\t\t\t\t<div class=\"elementor-column elementor-col-50 elementor-inner-column elementor-element elementor-element-ac729fb\" data-id=\"ac729fb\" data-element_type=\"column\">\n\t\t\t<div class=\"elementor-widget-wrap elementor-element-populated\">\n\t\t\t\t\t\t\t\t<div class=\"elementor-element elementor-element-c86a3e4 elementor-widget elementor-widget-text-editor\" data-id=\"c86a3e4\" data-element_type=\"widget\" data-widget_type=\"text-editor.default\">\n\t\t\t\t<div class=\"elementor-widget-container\">\n\t\t\t\t\t\t\t<table>\n<tbody>\n<tr>\n<td width=\"408\">\n<h3>Cubierta protectora para motor<\/h3>\n<p><strong>Material:<\/strong> Placa de acero Q235, 3 mm<br \/><strong>Caracter\u00edsticas:<\/strong>Fabricado con placa de acero Q235, <strong>que El espesor es de 3 mm,<\/strong> Aseg\u00farese de que pueda proteger el sistema de transmisi\u00f3n contra da\u00f1os. Adem\u00e1s, debido a que el motor est\u00e1 instalado en la cubierta, el polvo no puede acceder f\u00e1cilmente al motor, por lo que <strong>el El motor podr\u00eda tener una vida \u00fatil m\u00e1s larga.<\/strong> <\/p>\n<\/p>\n<\/td>\n<\/tr>\n<\/tbody>\n<\/table>\n\t\t\t\t\t\t<\/div>\n\t\t\t\t<\/div>\n\t\t\t\t\t<\/div>\n\t\t<\/div>\n\t\t\t\t\t\t\t<\/div>\n\t\t<\/section>\n\t\t\t\t\t<\/div>\n\t\t<\/div>\n\t\t\t\t\t\t\t<\/div>\n\t\t<\/section>\n\t\t\t\t<section class=\"elementor-section elementor-top-section elementor-element elementor-element-8025eb6 elementor-section-boxed elementor-section-height-default elementor-section-height-default\" data-id=\"8025eb6\" data-element_type=\"section\">\n\t\t\t\t\t\t<div class=\"elementor-container elementor-column-gap-default\">\n\t\t\t\t\t<div class=\"elementor-column elementor-col-100 elementor-top-column elementor-element elementor-element-5507d6b\" data-id=\"5507d6b\" data-element_type=\"column\">\n\t\t\t<div class=\"elementor-widget-wrap elementor-element-populated\">\n\t\t\t\t\t\t\t\t<section class=\"elementor-section elementor-inner-section elementor-element elementor-element-85b35b4 elementor-section-boxed elementor-section-height-default elementor-section-height-default\" data-id=\"85b35b4\" data-element_type=\"section\">\n\t\t\t\t\t\t<div class=\"elementor-container elementor-column-gap-default\">\n\t\t\t\t\t<div class=\"elementor-column elementor-col-50 elementor-inner-column elementor-element elementor-element-1b642dd\" data-id=\"1b642dd\" data-element_type=\"column\">\n\t\t\t<div class=\"elementor-widget-wrap elementor-element-populated\">\n\t\t\t\t\t\t\t\t<div class=\"elementor-element elementor-element-ed6cdb7 elementor-widget elementor-widget-text-editor\" data-id=\"ed6cdb7\" data-element_type=\"widget\" data-widget_type=\"text-editor.default\">\n\t\t\t\t<div class=\"elementor-widget-container\">\n\t\t\t\t\t\t\t<table>\n<tbody>\n<tr>\n<td>\n<h3>Motor di\u00e9sel<\/h3>\n<p><strong>Nombre:<\/strong> Motor di\u00e9sel<br \/><strong>Marca: CHANGCHAI Marca, CHANGFA Marca,<\/strong> <strong>JD Marca<\/strong><br \/><strong>Original: <\/strong>China<br \/>Motores nacionales famosos, fuerte fuerza motriz, bajo consumo de combustible, altos beneficios econ\u00f3micos.<\/p>\n<\/td>\n<\/tr>\n<\/tbody>\n<\/table>\n\t\t\t\t\t\t<\/div>\n\t\t\t\t<\/div>\n\t\t\t\t\t<\/div>\n\t\t<\/div>\n\t\t\t\t<div class=\"elementor-column elementor-col-50 elementor-inner-column elementor-element elementor-element-23b3a66\" data-id=\"23b3a66\" data-element_type=\"column\">\n\t\t\t<div class=\"elementor-widget-wrap elementor-element-populated\">\n\t\t\t\t\t\t\t\t<div class=\"elementor-element elementor-element-4cf0af4 elementor-widget elementor-widget-image\" data-id=\"4cf0af4\" data-element_type=\"widget\" data-widget_type=\"image.default\">\n\t\t\t\t<div class=\"elementor-widget-container\">\n\t\t\t\t\t\t\t\t\t\t\t\t\t\t\t<img loading=\"lazy\" decoding=\"async\" width=\"657\" height=\"385\" src=\"https:\/\/everstartraffic.com\/wp-content\/uploads\/2022\/02\/1-4-6.png\" class=\"attachment-large size-large\" alt=\"\" srcset=\"https:\/\/everstartraffic.com\/wp-content\/uploads\/2022\/02\/1-4-6.png 657w, https:\/\/everstartraffic.com\/wp-content\/uploads\/2022\/02\/1-4-6-600x352.png 600w, https:\/\/everstartraffic.com\/wp-content\/uploads\/2022\/02\/1-4-6-300x176.png 300w\" sizes=\"auto, (max-width: 657px) 100vw, 657px\" \/>\t\t\t\t\t\t\t\t\t\t\t\t\t\t\t<\/div>\n\t\t\t\t<\/div>\n\t\t\t\t\t<\/div>\n\t\t<\/div>\n\t\t\t\t\t\t\t<\/div>\n\t\t<\/section>\n\t\t\t\t\t<\/div>\n\t\t<\/div>\n\t\t\t\t\t\t\t<\/div>\n\t\t<\/section>\n\t\t\t\t<section class=\"elementor-section elementor-top-section elementor-element elementor-element-76d87cc elementor-section-boxed elementor-section-height-default elementor-section-height-default\" data-id=\"76d87cc\" data-element_type=\"section\">\n\t\t\t\t\t\t<div class=\"elementor-container elementor-column-gap-default\">\n\t\t\t\t\t<div class=\"elementor-column elementor-col-100 elementor-top-column elementor-element elementor-element-04cc8b9\" data-id=\"04cc8b9\" data-element_type=\"column\">\n\t\t\t<div class=\"elementor-widget-wrap elementor-element-populated\">\n\t\t\t\t\t\t\t\t<section class=\"elementor-section elementor-inner-section elementor-element elementor-element-718db2c elementor-section-boxed elementor-section-height-default elementor-section-height-default\" data-id=\"718db2c\" data-element_type=\"section\">\n\t\t\t\t\t\t<div class=\"elementor-container elementor-column-gap-default\">\n\t\t\t\t\t<div class=\"elementor-column elementor-col-50 elementor-inner-column elementor-element elementor-element-4414824\" data-id=\"4414824\" data-element_type=\"column\">\n\t\t\t<div class=\"elementor-widget-wrap elementor-element-populated\">\n\t\t\t\t\t\t\t\t<div class=\"elementor-element elementor-element-7a8de13 elementor-widget elementor-widget-image\" data-id=\"7a8de13\" data-element_type=\"widget\" data-widget_type=\"image.default\">\n\t\t\t\t<div class=\"elementor-widget-container\">\n\t\t\t\t\t\t\t\t\t\t\t\t\t\t\t<img loading=\"lazy\" decoding=\"async\" width=\"623\" height=\"369\" src=\"https:\/\/everstartraffic.com\/wp-content\/uploads\/2022\/02\/1-5-5.png\" class=\"attachment-large size-large\" alt=\"\" srcset=\"https:\/\/everstartraffic.com\/wp-content\/uploads\/2022\/02\/1-5-5.png 623w, https:\/\/everstartraffic.com\/wp-content\/uploads\/2022\/02\/1-5-5-600x355.png 600w, https:\/\/everstartraffic.com\/wp-content\/uploads\/2022\/02\/1-5-5-300x178.png 300w\" sizes=\"auto, (max-width: 623px) 100vw, 623px\" \/>\t\t\t\t\t\t\t\t\t\t\t\t\t\t\t<\/div>\n\t\t\t\t<\/div>\n\t\t\t\t\t<\/div>\n\t\t<\/div>\n\t\t\t\t<div class=\"elementor-column elementor-col-50 elementor-inner-column elementor-element elementor-element-6ff8be4\" data-id=\"6ff8be4\" data-element_type=\"column\">\n\t\t\t<div class=\"elementor-widget-wrap elementor-element-populated\">\n\t\t\t\t\t\t\t\t<div class=\"elementor-element elementor-element-74af481 elementor-widget elementor-widget-text-editor\" data-id=\"74af481\" data-element_type=\"widget\" data-widget_type=\"text-editor.default\">\n\t\t\t\t<div class=\"elementor-widget-container\">\n\t\t\t\t\t\t\t<table>\n<tbody>\n<tr>\n<td>\n<h3>Tanque de agua grande montado en el chasis<\/h3>\n<p>Normalmente, no equipamos el tanque de agua. Si lo necesita, \u00a1por favor d\u00edganoslo!<\/p>\n<\/td>\n<\/tr>\n<\/tbody>\n<\/table>\n\t\t\t\t\t\t<\/div>\n\t\t\t\t<\/div>\n\t\t\t\t\t<\/div>\n\t\t<\/div>\n\t\t\t\t\t\t\t<\/div>\n\t\t<\/section>\n\t\t\t\t\t<\/div>\n\t\t<\/div>\n\t\t\t\t\t\t\t<\/div>\n\t\t<\/section>\n\t\t\t\t\t\t\t<\/div>\n\t\t","protected":false},"excerpt":{"rendered":"<p>La mezcladora de concreto di\u00e9sel EST-500DH con tolva de carga hidr\u00e1ulica es una mezcladora de concreto autocargable de tambor inclinable que descarga el concreto girando el volante, adecuada para mezclar concreto pl\u00e1stico y semiseco y duro con un tama\u00f1o de agregado de hasta 60 mm.<\/p>\n","protected":false},"featured_media":4949,"comment_status":"open","ping_status":"closed","template":"","meta":{"_monsterinsights_skip_tracking":false,"_monsterinsights_sitenote_active":false,"_monsterinsights_sitenote_note":"","_monsterinsights_sitenote_category":0,"spay_email":"","jetpack_publicize_message":"","jetpack_is_tweetstorm":false,"jetpack_publicize_feature_enabled":true},"product_cat":[318,319,294],"product_tag":[513,367,380],"class_list":["post-9546","product","type-product","status-publish","has-post-thumbnail","hentry","product_cat-maquina-de-hormigon","product_cat-maquina-mezcladora-de-concreto","product_cat-sin-categorizar","product_tag-hormigonera-con-tolva-de-carga-hidraulica","product_tag-maquina-mezcladora-de-concreto","product_tag-maquina-mezcladora-de-concreto-diesel"],"aioseo_notices":[],"_links":{"self":[{"href":"https:\/\/everstartraffic.com\/es\/wp-json\/wp\/v2\/product\/9546","targetHints":{"allow":["GET"]}}],"collection":[{"href":"https:\/\/everstartraffic.com\/es\/wp-json\/wp\/v2\/product"}],"about":[{"href":"https:\/\/everstartraffic.com\/es\/wp-json\/wp\/v2\/types\/product"}],"replies":[{"embeddable":true,"href":"https:\/\/everstartraffic.com\/es\/wp-json\/wp\/v2\/comments?post=9546"}],"version-history":[{"count":1,"href":"https:\/\/everstartraffic.com\/es\/wp-json\/wp\/v2\/product\/9546\/revisions"}],"predecessor-version":[{"id":9547,"href":"https:\/\/everstartraffic.com\/es\/wp-json\/wp\/v2\/product\/9546\/revisions\/9547"}],"wp:featuredmedia":[{"embeddable":true,"href":"https:\/\/everstartraffic.com\/es\/wp-json\/wp\/v2\/media\/4949"}],"wp:attachment":[{"href":"https:\/\/everstartraffic.com\/es\/wp-json\/wp\/v2\/media?parent=9546"}],"wp:term":[{"taxonomy":"product_cat","embeddable":true,"href":"https:\/\/everstartraffic.com\/es\/wp-json\/wp\/v2\/product_cat?post=9546"},{"taxonomy":"product_tag","embeddable":true,"href":"https:\/\/everstartraffic.com\/es\/wp-json\/wp\/v2\/product_tag?post=9546"}],"curies":[{"name":"wp","href":"https:\/\/api.w.org\/{rel}","templated":true}]}}