{"id":9544,"date":"2022-02-23T03:47:11","date_gmt":"2022-02-23T03:47:11","guid":{"rendered":"https:\/\/www.everstartraffic.com\/product\/hormigonera-diesel-con-tolva-de-carga-hidraulica-est-500dw\/"},"modified":"2024-09-19T08:18:45","modified_gmt":"2024-09-19T08:18:45","slug":"hormigonera-diesel-con-tolva-de-carga-hidraulica-est-500dw","status":"publish","type":"product","link":"https:\/\/everstartraffic.com\/es\/product\/hormigonera-diesel-con-tolva-de-carga-hidraulica-est-500dw\/","title":{"rendered":"Hormigonera di\u00e9sel con tolva de carga hidr\u00e1ulica EST-500DW"},"content":{"rendered":"\t\t<div data-elementor-type=\"product-post\" data-elementor-id=\"9544\" class=\"elementor elementor-9544 elementor-4975\">\n\t\t\t\t\t\t\t\t\t<section class=\"elementor-section elementor-top-section elementor-element elementor-element-cf590eb elementor-section-boxed elementor-section-height-default elementor-section-height-default\" data-id=\"cf590eb\" data-element_type=\"section\">\n\t\t\t\t\t\t<div class=\"elementor-container elementor-column-gap-default\">\n\t\t\t\t\t<div class=\"elementor-column elementor-col-100 elementor-top-column elementor-element elementor-element-a6bfabf\" data-id=\"a6bfabf\" data-element_type=\"column\">\n\t\t\t<div class=\"elementor-widget-wrap elementor-element-populated\">\n\t\t\t\t\t\t\t\t<div class=\"elementor-element elementor-element-275a99f elementor-widget elementor-widget-heading\" data-id=\"275a99f\" data-element_type=\"widget\" data-widget_type=\"heading.default\">\n\t\t\t\t<div class=\"elementor-widget-container\">\n\t\t\t<style>\/*! elementor - v3.7.0 - 08-08-2022 *\/\n.elementor-heading-title{padding:0;margin:0;line-height:1}.elementor-widget-heading .elementor-heading-title[class*=elementor-size-]>a{color:inherit;font-size:inherit;line-height:inherit}.elementor-widget-heading .elementor-heading-title.elementor-size-small{font-size:15px}.elementor-widget-heading .elementor-heading-title.elementor-size-medium{font-size:19px}.elementor-widget-heading .elementor-heading-title.elementor-size-large{font-size:29px}.elementor-widget-heading .elementor-heading-title.elementor-size-xl{font-size:39px}.elementor-widget-heading .elementor-heading-title.elementor-size-xxl{font-size:59px}<\/style><h4 class=\"elementor-heading-title elementor-size-default\">Par\u00e1metros del producto<\/h4>\t\t<\/div>\n\t\t\t\t<\/div>\n\t\t\t\t\t<\/div>\n\t\t<\/div>\n\t\t\t\t\t\t\t<\/div>\n\t\t<\/section>\n\t\t\t\t<section class=\"elementor-section elementor-top-section elementor-element elementor-element-5955040 elementor-section-boxed elementor-section-height-default elementor-section-height-default\" data-id=\"5955040\" data-element_type=\"section\">\n\t\t\t\t\t\t<div class=\"elementor-container elementor-column-gap-default\">\n\t\t\t\t\t<div class=\"elementor-column elementor-col-100 elementor-top-column elementor-element elementor-element-0a0cd6e\" data-id=\"0a0cd6e\" data-element_type=\"column\">\n\t\t\t<div class=\"elementor-widget-wrap elementor-element-populated\">\n\t\t\t\t\t\t\t\t<div class=\"elementor-element elementor-element-eb68217 elementor-widget elementor-widget-image\" data-id=\"eb68217\" data-element_type=\"widget\" data-widget_type=\"image.default\">\n\t\t\t\t<div class=\"elementor-widget-container\">\n\t\t\t<style>\/*! elementor - v3.7.0 - 08-08-2022 *\/\n.elementor-widget-image{text-align:center}.elementor-widget-image a{display:inline-block}.elementor-widget-image a img[src$=\".svg\"]{width:48px}.elementor-widget-image img{vertical-align:middle;display:inline-block}<\/style>\t\t\t\t\t\t\t\t\t\t\t\t<img loading=\"lazy\" decoding=\"async\" width=\"1024\" height=\"642\" src=\"https:\/\/everstartraffic.com\/wp-content\/uploads\/2022\/02\/2018051014533947573b_\u526f\u672c-1024x642.jpg\" class=\"attachment-large size-large\" alt=\"\" srcset=\"https:\/\/everstartraffic.com\/wp-content\/uploads\/2022\/02\/2018051014533947573b_\u526f\u672c-1024x642.jpg 1024w, https:\/\/everstartraffic.com\/wp-content\/uploads\/2022\/02\/2018051014533947573b_\u526f\u672c-600x376.jpg 600w, https:\/\/everstartraffic.com\/wp-content\/uploads\/2022\/02\/2018051014533947573b_\u526f\u672c-300x188.jpg 300w, https:\/\/everstartraffic.com\/wp-content\/uploads\/2022\/02\/2018051014533947573b_\u526f\u672c-768x481.jpg 768w, https:\/\/everstartraffic.com\/wp-content\/uploads\/2022\/02\/2018051014533947573b_\u526f\u672c-1536x962.jpg 1536w, https:\/\/everstartraffic.com\/wp-content\/uploads\/2022\/02\/2018051014533947573b_\u526f\u672c-2048x1283.jpg 2048w, https:\/\/everstartraffic.com\/wp-content\/uploads\/2022\/02\/2018051014533947573b_\u526f\u672c-1320x827.jpg 1320w\" sizes=\"auto, (max-width: 1024px) 100vw, 1024px\" \/>\t\t\t\t\t\t\t\t\t\t\t\t\t\t\t<\/div>\n\t\t\t\t<\/div>\n\t\t\t\t<div class=\"elementor-element elementor-element-5de1016 elementor-widget elementor-widget-text-editor\" data-id=\"5de1016\" data-element_type=\"widget\" data-widget_type=\"text-editor.default\">\n\t\t\t\t<div class=\"elementor-widget-container\">\n\t\t\t<style>\/*! elementor - v3.7.0 - 08-08-2022 *\/\n.elementor-widget-text-editor.elementor-drop-cap-view-stacked .elementor-drop-cap{background-color:#818a91;color:#fff}.elementor-widget-text-editor.elementor-drop-cap-view-framed .elementor-drop-cap{color:#818a91;border:3px solid;background-color:transparent}.elementor-widget-text-editor:not(.elementor-drop-cap-view-default) .elementor-drop-cap{margin-top:8px}.elementor-widget-text-editor:not(.elementor-drop-cap-view-default) .elementor-drop-cap-letter{width:1em;height:1em}.elementor-widget-text-editor .elementor-drop-cap{float:left;text-align:center;line-height:1;font-size:50px}.elementor-widget-text-editor .elementor-drop-cap-letter{display:inline-block}<\/style>\t\t\t\t<p><strong>EST-<\/strong><strong>500D<\/strong><strong>W<\/strong><strong> Hormigonera di\u00e9sel con tolva de carga hidr\u00e1ulica<\/strong> es una hormigonera autocargable de <strong>Tambor basculante <\/strong> que descarga el hormig\u00f3n girando el volante, adecuado para mezclar hormig\u00f3n pl\u00e1stico y semiseco duro con un tama\u00f1o de agregado de hasta 60 mm. La mezcla se realiza cuando se enciende el motor. Cada vez, el tambor mezclador puede manejar <strong>0,3 metros c\u00fabicos de hormig\u00f3n.<\/strong><br \/>El mezclador est\u00e1 dise\u00f1ado y fabricado de acuerdo con GB\/T9142-2000&lt;Hormigonera&gt;, Se caracteriza por una construcci\u00f3n novedosa, rendimiento avanzado, alta productividad, alta calidad de mezcla, estructura compacta, bajo consumo de energ\u00eda, operaci\u00f3n simple, etc. Por lo tanto, <strong>EST-<\/strong><strong>500D<\/strong><strong>W<\/strong><strong>Serie Hormigonera<\/strong> Es especialmente adecuado para circunstancias como sitios de construcci\u00f3n ordinarios, construcci\u00f3n de carreteras, puentes y f\u00e1bricas de componentes prefabricados de tama\u00f1o peque\u00f1o, etc. <\/p>\n\t\t\t\t\t\t<\/div>\n\t\t\t\t<\/div>\n\t\t\t\t<div class=\"elementor-element elementor-element-96b6119 elementor-widget elementor-widget-text-editor\" data-id=\"96b6119\" data-element_type=\"widget\" data-widget_type=\"text-editor.default\">\n\t\t\t\t<div class=\"elementor-widget-container\">\n\t\t\t\t\t\t\t<p><strong>1) Potente motor di\u00e9sel de la mejor marca china CHANGCHAI o CHANGFA como opci\u00f3n<br \/>2) Rueda gu\u00eda flexible de acero<br \/>3) Barra de arrastre robusta y resistente<br \/>4) Sistema de cadena<\/strong> <strong>Fuerza<\/strong><strong> transmisi\u00f3n por CADENA. M\u00e1s poderosamente, <\/strong> <strong>Menos <\/strong><strong>m<\/strong><strong>aint<\/strong><strong>ena<\/strong><strong>nce.<\/strong><strong><br \/>5) Dise\u00f1o de anillo de engranaje grande conectado mediante pernos y situado en el medio.<\/strong><\/p>\n<p><strong>6) Placa resistente al desgaste, espesor 3 mm. 5 mm como opci\u00f3n. <\/strong><\/p>\n\t\t\t\t\t\t<\/div>\n\t\t\t\t<\/div>\n\t\t\t\t\t<\/div>\n\t\t<\/div>\n\t\t\t\t\t\t\t<\/div>\n\t\t<\/section>\n\t\t\t\t<section class=\"elementor-section elementor-top-section elementor-element elementor-element-ea4cbfc elementor-section-boxed elementor-section-height-default elementor-section-height-default\" data-id=\"ea4cbfc\" data-element_type=\"section\">\n\t\t\t\t\t\t<div class=\"elementor-container elementor-column-gap-default\">\n\t\t\t\t\t<div class=\"elementor-column elementor-col-100 elementor-top-column elementor-element elementor-element-1b610ca\" data-id=\"1b610ca\" data-element_type=\"column\">\n\t\t\t<div class=\"elementor-widget-wrap elementor-element-populated\">\n\t\t\t\t\t\t\t\t<div class=\"elementor-element elementor-element-6ada776 elementor-widget elementor-widget-heading\" data-id=\"6ada776\" data-element_type=\"widget\" data-widget_type=\"heading.default\">\n\t\t\t\t<div class=\"elementor-widget-container\">\n\t\t\t<h4 class=\"elementor-heading-title elementor-size-default\">Exhibici\u00f3n del producto<\/h4>\t\t<\/div>\n\t\t\t\t<\/div>\n\t\t\t\t\t<\/div>\n\t\t<\/div>\n\t\t\t\t\t\t\t<\/div>\n\t\t<\/section>\n\t\t\t\t<section class=\"elementor-section elementor-top-section elementor-element elementor-element-b6de5fa elementor-section-boxed elementor-section-height-default elementor-section-height-default\" data-id=\"b6de5fa\" data-element_type=\"section\">\n\t\t\t\t\t\t<div class=\"elementor-container elementor-column-gap-default\">\n\t\t\t\t\t<div class=\"elementor-column elementor-col-100 elementor-top-column elementor-element elementor-element-78c201d\" data-id=\"78c201d\" data-element_type=\"column\">\n\t\t\t<div class=\"elementor-widget-wrap elementor-element-populated\">\n\t\t\t\t\t\t\t\t<section class=\"elementor-section elementor-inner-section elementor-element elementor-element-80a636d elementor-section-boxed elementor-section-height-default elementor-section-height-default\" data-id=\"80a636d\" data-element_type=\"section\">\n\t\t\t\t\t\t<div class=\"elementor-container elementor-column-gap-default\">\n\t\t\t\t\t<div class=\"elementor-column elementor-col-50 elementor-inner-column elementor-element elementor-element-9c91691\" data-id=\"9c91691\" data-element_type=\"column\">\n\t\t\t<div class=\"elementor-widget-wrap elementor-element-populated\">\n\t\t\t\t\t\t\t\t<div class=\"elementor-element elementor-element-405b9d5 elementor-widget elementor-widget-image\" data-id=\"405b9d5\" data-element_type=\"widget\" data-widget_type=\"image.default\">\n\t\t\t\t<div class=\"elementor-widget-container\">\n\t\t\t\t\t\t\t\t\t\t\t\t\t\t\t<img decoding=\"async\" src=\"https:\/\/www.everstartraffic.com\/wp-content\/uploads\/2022\/02\/1-1-6.png\" title=\"\" alt=\"\" \/>\t\t\t\t\t\t\t\t\t\t\t\t\t\t\t<\/div>\n\t\t\t\t<\/div>\n\t\t\t\t\t<\/div>\n\t\t<\/div>\n\t\t\t\t<div class=\"elementor-column elementor-col-50 elementor-inner-column elementor-element elementor-element-65f160e\" data-id=\"65f160e\" data-element_type=\"column\">\n\t\t\t<div class=\"elementor-widget-wrap elementor-element-populated\">\n\t\t\t\t\t\t\t\t<div class=\"elementor-element elementor-element-35cca8b elementor-widget elementor-widget-text-editor\" data-id=\"35cca8b\" data-element_type=\"widget\" data-widget_type=\"text-editor.default\">\n\t\t\t\t<div class=\"elementor-widget-container\">\n\t\t\t\t\t\t\t<table>\n<tbody>\n<tr>\n<td width=\"408\">\n<h3>Partes de la m\u00e1quina<\/h3>\n<p><strong>Nombre: Tambor mezclador<\/strong><\/p>\n<p><strong>Material:<\/strong> Placa de acero resistente al desgaste Q235<\/p>\n<p><strong>Detalles:<\/strong> El grosor del tambor es de <strong>3 mm<\/strong>, fabricado por <strong>Placa de acero Q235 resistente al desgaste. 5 mm como opci\u00f3n. <\/strong><\/p>\n<\/p>\n<\/td>\n<\/tr>\n<\/tbody>\n<\/table>\n\t\t\t\t\t\t<\/div>\n\t\t\t\t<\/div>\n\t\t\t\t\t<\/div>\n\t\t<\/div>\n\t\t\t\t\t\t\t<\/div>\n\t\t<\/section>\n\t\t\t\t\t<\/div>\n\t\t<\/div>\n\t\t\t\t\t\t\t<\/div>\n\t\t<\/section>\n\t\t\t\t<section class=\"elementor-section elementor-top-section elementor-element elementor-element-c1cb170 elementor-section-boxed elementor-section-height-default elementor-section-height-default\" data-id=\"c1cb170\" data-element_type=\"section\">\n\t\t\t\t\t\t<div class=\"elementor-container elementor-column-gap-default\">\n\t\t\t\t\t<div class=\"elementor-column elementor-col-100 elementor-top-column elementor-element elementor-element-c541ef4\" data-id=\"c541ef4\" data-element_type=\"column\">\n\t\t\t<div class=\"elementor-widget-wrap elementor-element-populated\">\n\t\t\t\t\t\t\t\t<section class=\"elementor-section elementor-inner-section elementor-element elementor-element-cc814df elementor-section-boxed elementor-section-height-default elementor-section-height-default\" data-id=\"cc814df\" data-element_type=\"section\">\n\t\t\t\t\t\t<div class=\"elementor-container elementor-column-gap-default\">\n\t\t\t\t\t<div class=\"elementor-column elementor-col-50 elementor-inner-column elementor-element elementor-element-d86b21c\" data-id=\"d86b21c\" data-element_type=\"column\">\n\t\t\t<div class=\"elementor-widget-wrap elementor-element-populated\">\n\t\t\t\t\t\t\t\t<div class=\"elementor-element elementor-element-eb9c52a elementor-widget elementor-widget-text-editor\" data-id=\"eb9c52a\" data-element_type=\"widget\" data-widget_type=\"text-editor.default\">\n\t\t\t\t<div class=\"elementor-widget-container\">\n\t\t\t\t\t\t\t<table>\n<tbody>\n<tr>\n<td>\n<h3>Sistema de transmisi\u00f3n<\/h3>\n<p><strong> Nombre:<\/strong> Transmisi\u00f3n de potencia por CADENA.<br \/><strong>Caracter\u00edsticas: <\/strong>Dise\u00f1o racional, <strong>Transmisi\u00f3n de potencia por CADENA<\/strong>. <strong>M\u00e1s poderosamente,<\/strong> <strong>Menos Maint<\/strong><strong>ena<\/strong><strong>nce,<\/strong> Garantiza la transmisi\u00f3n de potencia.Tienen una vida \u00fatil m\u00e1s larga y menos mantenimiento.<\/p>\n<\/td>\n<\/tr>\n<\/tbody>\n<\/table>\n\t\t\t\t\t\t<\/div>\n\t\t\t\t<\/div>\n\t\t\t\t\t<\/div>\n\t\t<\/div>\n\t\t\t\t<div class=\"elementor-column elementor-col-50 elementor-inner-column elementor-element elementor-element-5e79355\" data-id=\"5e79355\" data-element_type=\"column\">\n\t\t\t<div class=\"elementor-widget-wrap elementor-element-populated\">\n\t\t\t\t\t\t\t\t<div class=\"elementor-element elementor-element-f46571d elementor-widget elementor-widget-image\" data-id=\"f46571d\" data-element_type=\"widget\" data-widget_type=\"image.default\">\n\t\t\t\t<div class=\"elementor-widget-container\">\n\t\t\t\t\t\t\t\t\t\t\t\t\t\t\t<img decoding=\"async\" src=\"https:\/\/www.everstartraffic.com\/wp-content\/uploads\/2022\/02\/1-2-6.png\" title=\"\" alt=\"\" \/>\t\t\t\t\t\t\t\t\t\t\t\t\t\t\t<\/div>\n\t\t\t\t<\/div>\n\t\t\t\t\t<\/div>\n\t\t<\/div>\n\t\t\t\t\t\t\t<\/div>\n\t\t<\/section>\n\t\t\t\t\t<\/div>\n\t\t<\/div>\n\t\t\t\t\t\t\t<\/div>\n\t\t<\/section>\n\t\t\t\t<section class=\"elementor-section elementor-top-section elementor-element elementor-element-28daad1 elementor-section-boxed elementor-section-height-default elementor-section-height-default\" data-id=\"28daad1\" data-element_type=\"section\">\n\t\t\t\t\t\t<div class=\"elementor-container elementor-column-gap-default\">\n\t\t\t\t\t<div class=\"elementor-column elementor-col-100 elementor-top-column elementor-element elementor-element-8d66eae\" data-id=\"8d66eae\" data-element_type=\"column\">\n\t\t\t<div class=\"elementor-widget-wrap elementor-element-populated\">\n\t\t\t\t\t\t\t\t<section class=\"elementor-section elementor-inner-section elementor-element elementor-element-7862b5e elementor-section-boxed elementor-section-height-default elementor-section-height-default\" data-id=\"7862b5e\" data-element_type=\"section\">\n\t\t\t\t\t\t<div class=\"elementor-container elementor-column-gap-default\">\n\t\t\t\t\t<div class=\"elementor-column elementor-col-50 elementor-inner-column elementor-element elementor-element-344e8e9\" data-id=\"344e8e9\" data-element_type=\"column\">\n\t\t\t<div class=\"elementor-widget-wrap elementor-element-populated\">\n\t\t\t\t\t\t\t\t<div class=\"elementor-element elementor-element-3562fdb elementor-widget elementor-widget-image\" data-id=\"3562fdb\" data-element_type=\"widget\" data-widget_type=\"image.default\">\n\t\t\t\t<div class=\"elementor-widget-container\">\n\t\t\t\t\t\t\t\t\t\t\t\t\t\t\t<img decoding=\"async\" src=\"https:\/\/www.everstartraffic.com\/wp-content\/uploads\/2022\/02\/1-3-5.png\" title=\"\" alt=\"\" \/>\t\t\t\t\t\t\t\t\t\t\t\t\t\t\t<\/div>\n\t\t\t\t<\/div>\n\t\t\t\t\t<\/div>\n\t\t<\/div>\n\t\t\t\t<div class=\"elementor-column elementor-col-50 elementor-inner-column elementor-element elementor-element-f915850\" data-id=\"f915850\" data-element_type=\"column\">\n\t\t\t<div class=\"elementor-widget-wrap elementor-element-populated\">\n\t\t\t\t\t\t\t\t<div class=\"elementor-element elementor-element-58ad6d3 elementor-widget elementor-widget-text-editor\" data-id=\"58ad6d3\" data-element_type=\"widget\" data-widget_type=\"text-editor.default\">\n\t\t\t\t<div class=\"elementor-widget-container\">\n\t\t\t\t\t\t\t<table>\n<tbody>\n<tr>\n<td width=\"408\">\n<h3>Cubierta protectora para motor<\/h3>\n<p><strong>Material:<\/strong> Placa de acero Q235, 3 mm<br \/><strong>Caracter\u00edsticas:<\/strong>Fabricado con placa de acero Q235, <strong>que El espesor es de 3 mm,<\/strong> Aseg\u00farese de que pueda proteger el sistema de transmisi\u00f3n contra da\u00f1os. Adem\u00e1s, debido a que el motor est\u00e1 instalado en la cubierta, el polvo no puede acceder f\u00e1cilmente al motor, por lo que <strong>el El motor podr\u00eda tener una vida \u00fatil m\u00e1s larga.<\/strong> <\/p>\n<\/p>\n<\/td>\n<\/tr>\n<\/tbody>\n<\/table>\n\t\t\t\t\t\t<\/div>\n\t\t\t\t<\/div>\n\t\t\t\t\t<\/div>\n\t\t<\/div>\n\t\t\t\t\t\t\t<\/div>\n\t\t<\/section>\n\t\t\t\t\t<\/div>\n\t\t<\/div>\n\t\t\t\t\t\t\t<\/div>\n\t\t<\/section>\n\t\t\t\t<section class=\"elementor-section elementor-top-section elementor-element elementor-element-3eb3706 elementor-section-boxed elementor-section-height-default elementor-section-height-default\" data-id=\"3eb3706\" data-element_type=\"section\">\n\t\t\t\t\t\t<div class=\"elementor-container elementor-column-gap-default\">\n\t\t\t\t\t<div class=\"elementor-column elementor-col-100 elementor-top-column elementor-element elementor-element-9ee0393\" data-id=\"9ee0393\" data-element_type=\"column\">\n\t\t\t<div class=\"elementor-widget-wrap elementor-element-populated\">\n\t\t\t\t\t\t\t\t<section class=\"elementor-section elementor-inner-section elementor-element elementor-element-b4e588d elementor-section-boxed elementor-section-height-default elementor-section-height-default\" data-id=\"b4e588d\" data-element_type=\"section\">\n\t\t\t\t\t\t<div class=\"elementor-container elementor-column-gap-default\">\n\t\t\t\t\t<div class=\"elementor-column elementor-col-50 elementor-inner-column elementor-element elementor-element-df4eb05\" data-id=\"df4eb05\" data-element_type=\"column\">\n\t\t\t<div class=\"elementor-widget-wrap elementor-element-populated\">\n\t\t\t\t\t\t\t\t<div class=\"elementor-element elementor-element-7edacd7 elementor-widget elementor-widget-text-editor\" data-id=\"7edacd7\" data-element_type=\"widget\" data-widget_type=\"text-editor.default\">\n\t\t\t\t<div class=\"elementor-widget-container\">\n\t\t\t\t\t\t\t<table>\n<tbody>\n<tr>\n<td>\n<h3>Motor di\u00e9sel<\/h3>\n<p><strong>Nombre:<\/strong> Motor di\u00e9sel<br \/><strong>Marca: CHANGCHAI Marca, CHANGFA Marca,<\/strong> <strong>JD Marca<\/strong><br \/><strong>Original: <\/strong>China<br \/>Motores nacionales famosos, fuerte fuerza motriz, bajo consumo de combustible, altos beneficios econ\u00f3micos.<\/p>\n<\/td>\n<\/tr>\n<\/tbody>\n<\/table>\n\t\t\t\t\t\t<\/div>\n\t\t\t\t<\/div>\n\t\t\t\t\t<\/div>\n\t\t<\/div>\n\t\t\t\t<div class=\"elementor-column elementor-col-50 elementor-inner-column elementor-element elementor-element-e47b19d\" data-id=\"e47b19d\" data-element_type=\"column\">\n\t\t\t<div class=\"elementor-widget-wrap elementor-element-populated\">\n\t\t\t\t\t\t\t\t<div class=\"elementor-element elementor-element-5e47b5a elementor-widget elementor-widget-image\" data-id=\"5e47b5a\" data-element_type=\"widget\" data-widget_type=\"image.default\">\n\t\t\t\t<div class=\"elementor-widget-container\">\n\t\t\t\t\t\t\t\t\t\t\t\t\t\t\t<img decoding=\"async\" src=\"https:\/\/www.everstartraffic.com\/wp-content\/uploads\/2022\/02\/1-4-5.png\" title=\"\" alt=\"\" \/>\t\t\t\t\t\t\t\t\t\t\t\t\t\t\t<\/div>\n\t\t\t\t<\/div>\n\t\t\t\t\t<\/div>\n\t\t<\/div>\n\t\t\t\t\t\t\t<\/div>\n\t\t<\/section>\n\t\t\t\t\t<\/div>\n\t\t<\/div>\n\t\t\t\t\t\t\t<\/div>\n\t\t<\/section>\n\t\t\t\t<section class=\"elementor-section elementor-top-section elementor-element elementor-element-f4fd26c elementor-section-boxed elementor-section-height-default elementor-section-height-default\" data-id=\"f4fd26c\" data-element_type=\"section\">\n\t\t\t\t\t\t<div class=\"elementor-container elementor-column-gap-default\">\n\t\t\t\t\t<div class=\"elementor-column elementor-col-100 elementor-top-column elementor-element elementor-element-57eeeeb\" data-id=\"57eeeeb\" data-element_type=\"column\">\n\t\t\t<div class=\"elementor-widget-wrap elementor-element-populated\">\n\t\t\t\t\t\t\t\t<section class=\"elementor-section elementor-inner-section elementor-element elementor-element-7615e69 elementor-section-boxed elementor-section-height-default elementor-section-height-default\" data-id=\"7615e69\" data-element_type=\"section\">\n\t\t\t\t\t\t<div class=\"elementor-container elementor-column-gap-default\">\n\t\t\t\t\t<div class=\"elementor-column elementor-col-50 elementor-inner-column elementor-element elementor-element-994b970\" data-id=\"994b970\" data-element_type=\"column\">\n\t\t\t<div class=\"elementor-widget-wrap elementor-element-populated\">\n\t\t\t\t\t\t\t\t<div class=\"elementor-element elementor-element-3eb1efd elementor-widget elementor-widget-image\" data-id=\"3eb1efd\" data-element_type=\"widget\" data-widget_type=\"image.default\">\n\t\t\t\t<div class=\"elementor-widget-container\">\n\t\t\t\t\t\t\t\t\t\t\t\t\t\t\t<img decoding=\"async\" src=\"https:\/\/www.everstartraffic.com\/wp-content\/uploads\/2022\/02\/1-5-4.png\" title=\"\" alt=\"\" \/>\t\t\t\t\t\t\t\t\t\t\t\t\t\t\t<\/div>\n\t\t\t\t<\/div>\n\t\t\t\t\t<\/div>\n\t\t<\/div>\n\t\t\t\t<div class=\"elementor-column elementor-col-50 elementor-inner-column elementor-element elementor-element-e0802f9\" data-id=\"e0802f9\" data-element_type=\"column\">\n\t\t\t<div class=\"elementor-widget-wrap elementor-element-populated\">\n\t\t\t\t\t\t\t\t<div class=\"elementor-element elementor-element-0489559 elementor-widget elementor-widget-text-editor\" data-id=\"0489559\" data-element_type=\"widget\" data-widget_type=\"text-editor.default\">\n\t\t\t\t<div class=\"elementor-widget-container\">\n\t\t\t\t\t\t\t<table>\n<tbody>\n<tr>\n<td>\n<h3>Tanque de agua grande montado en el chasis<\/h3>\n<p>Normalmente, no equipamos el tanque de agua. Si lo necesita, \u00a1por favor d\u00edganoslo!<\/p>\n<\/td>\n<\/tr>\n<\/tbody>\n<\/table>\n\t\t\t\t\t\t<\/div>\n\t\t\t\t<\/div>\n\t\t\t\t\t<\/div>\n\t\t<\/div>\n\t\t\t\t\t\t\t<\/div>\n\t\t<\/section>\n\t\t\t\t\t<\/div>\n\t\t<\/div>\n\t\t\t\t\t\t\t<\/div>\n\t\t<\/section>\n\t\t\t\t\t\t\t<\/div>\n\t\t","protected":false},"excerpt":{"rendered":"<p>La mezcladora de concreto di\u00e9sel EST-500DW con tolva de carga hidr\u00e1ulica es una mezcladora de concreto autocargable de tambor inclinable que descarga el concreto girando el volante, adecuada para mezclar concreto pl\u00e1stico y semiseco y duro con un tama\u00f1o de agregado de hasta 60 mm.<\/p>\n","protected":false},"featured_media":4976,"comment_status":"open","ping_status":"closed","template":"","meta":{"_monsterinsights_skip_tracking":false,"_monsterinsights_sitenote_active":false,"_monsterinsights_sitenote_note":"","_monsterinsights_sitenote_category":0,"spay_email":"","jetpack_publicize_message":"","jetpack_is_tweetstorm":false,"jetpack_publicize_feature_enabled":true},"product_cat":[318,319,294],"product_tag":[372,367,380],"class_list":["post-9544","product","type-product","status-publish","has-post-thumbnail","hentry","product_cat-maquina-de-hormigon","product_cat-maquina-mezcladora-de-concreto","product_cat-sin-categorizar","product_tag-hormigonera-con-tolva-de-carga","product_tag-maquina-mezcladora-de-concreto","product_tag-maquina-mezcladora-de-concreto-diesel"],"aioseo_notices":[],"_links":{"self":[{"href":"https:\/\/everstartraffic.com\/es\/wp-json\/wp\/v2\/product\/9544","targetHints":{"allow":["GET"]}}],"collection":[{"href":"https:\/\/everstartraffic.com\/es\/wp-json\/wp\/v2\/product"}],"about":[{"href":"https:\/\/everstartraffic.com\/es\/wp-json\/wp\/v2\/types\/product"}],"replies":[{"embeddable":true,"href":"https:\/\/everstartraffic.com\/es\/wp-json\/wp\/v2\/comments?post=9544"}],"version-history":[{"count":1,"href":"https:\/\/everstartraffic.com\/es\/wp-json\/wp\/v2\/product\/9544\/revisions"}],"predecessor-version":[{"id":9545,"href":"https:\/\/everstartraffic.com\/es\/wp-json\/wp\/v2\/product\/9544\/revisions\/9545"}],"wp:featuredmedia":[{"embeddable":true,"href":"https:\/\/everstartraffic.com\/es\/wp-json\/wp\/v2\/media\/4976"}],"wp:attachment":[{"href":"https:\/\/everstartraffic.com\/es\/wp-json\/wp\/v2\/media?parent=9544"}],"wp:term":[{"taxonomy":"product_cat","embeddable":true,"href":"https:\/\/everstartraffic.com\/es\/wp-json\/wp\/v2\/product_cat?post=9544"},{"taxonomy":"product_tag","embeddable":true,"href":"https:\/\/everstartraffic.com\/es\/wp-json\/wp\/v2\/product_tag?post=9544"}],"curies":[{"name":"wp","href":"https:\/\/api.w.org\/{rel}","templated":true}]}}