{"id":9540,"date":"2022-02-23T05:55:00","date_gmt":"2022-02-23T05:55:00","guid":{"rendered":"https:\/\/www.everstartraffic.com\/product\/mezcladora-de-concreto-diesel-est500-dht-con-tolva-de-carga-hidraulica-y-tambor-basculante-hidraulico\/"},"modified":"2024-09-19T05:54:54","modified_gmt":"2024-09-19T05:54:54","slug":"mezcladora-de-concreto-diesel-est500-dht-con-tolva-de-carga-hidraulica-y-tambor-basculante-hidraulico","status":"publish","type":"product","link":"https:\/\/everstartraffic.com\/es\/product\/mezcladora-de-concreto-diesel-est500-dht-con-tolva-de-carga-hidraulica-y-tambor-basculante-hidraulico\/","title":{"rendered":"Mezcladora de concreto di\u00e9sel EST500-DHT con tolva de carga hidr\u00e1ulica y tambor basculante hidr\u00e1ulico"},"content":{"rendered":"\t\t<div data-elementor-type=\"product-post\" data-elementor-id=\"9540\" class=\"elementor elementor-9540 elementor-4990\">\n\t\t\t\t\t\t\t\t\t<section class=\"elementor-section elementor-top-section elementor-element elementor-element-2a4471e elementor-section-boxed elementor-section-height-default elementor-section-height-default\" data-id=\"2a4471e\" data-element_type=\"section\">\n\t\t\t\t\t\t<div class=\"elementor-container elementor-column-gap-default\">\n\t\t\t\t\t<div class=\"elementor-column elementor-col-100 elementor-top-column elementor-element elementor-element-ebd665a\" data-id=\"ebd665a\" data-element_type=\"column\">\n\t\t\t<div class=\"elementor-widget-wrap elementor-element-populated\">\n\t\t\t\t\t\t\t\t<div class=\"elementor-element elementor-element-9684a11 elementor-widget elementor-widget-heading\" data-id=\"9684a11\" data-element_type=\"widget\" data-widget_type=\"heading.default\">\n\t\t\t\t<div class=\"elementor-widget-container\">\n\t\t\t<style>\/*! elementor - v3.7.0 - 08-08-2022 *\/\n.elementor-heading-title{padding:0;margin:0;line-height:1}.elementor-widget-heading .elementor-heading-title[class*=elementor-size-]>a{color:inherit;font-size:inherit;line-height:inherit}.elementor-widget-heading .elementor-heading-title.elementor-size-small{font-size:15px}.elementor-widget-heading .elementor-heading-title.elementor-size-medium{font-size:19px}.elementor-widget-heading .elementor-heading-title.elementor-size-large{font-size:29px}.elementor-widget-heading .elementor-heading-title.elementor-size-xl{font-size:39px}.elementor-widget-heading .elementor-heading-title.elementor-size-xxl{font-size:59px}<\/style><h4 class=\"elementor-heading-title elementor-size-default\">Par\u00e1metros del producto<\/h4>\t\t<\/div>\n\t\t\t\t<\/div>\n\t\t\t\t\t<\/div>\n\t\t<\/div>\n\t\t\t\t\t\t\t<\/div>\n\t\t<\/section>\n\t\t\t\t<section class=\"elementor-section elementor-top-section elementor-element elementor-element-21a9348 elementor-section-boxed elementor-section-height-default elementor-section-height-default\" data-id=\"21a9348\" data-element_type=\"section\">\n\t\t\t\t\t\t<div class=\"elementor-container elementor-column-gap-default\">\n\t\t\t\t\t<div class=\"elementor-column elementor-col-100 elementor-top-column elementor-element elementor-element-7f6f859\" data-id=\"7f6f859\" data-element_type=\"column\">\n\t\t\t<div class=\"elementor-widget-wrap elementor-element-populated\">\n\t\t\t\t\t\t\t\t<div class=\"elementor-element elementor-element-fae8f94 elementor-widget elementor-widget-image\" data-id=\"fae8f94\" data-element_type=\"widget\" data-widget_type=\"image.default\">\n\t\t\t\t<div class=\"elementor-widget-container\">\n\t\t\t<style>\/*! elementor - v3.7.0 - 08-08-2022 *\/\n.elementor-widget-image{text-align:center}.elementor-widget-image a{display:inline-block}.elementor-widget-image a img[src$=\".svg\"]{width:48px}.elementor-widget-image img{vertical-align:middle;display:inline-block}<\/style>\t\t\t\t\t\t\t\t\t\t\t\t<img loading=\"lazy\" decoding=\"async\" width=\"1024\" height=\"707\" src=\"https:\/\/everstartraffic.com\/wp-content\/uploads\/2022\/02\/EST500-DHT\u6df7\u6ce5\u571f\u6405\u62cc\u673a\u53c2\u6570\u56fe-1024x707.jpg\" class=\"attachment-large size-large\" alt=\"\" srcset=\"https:\/\/everstartraffic.com\/wp-content\/uploads\/2022\/02\/EST500-DHT\u6df7\u6ce5\u571f\u6405\u62cc\u673a\u53c2\u6570\u56fe-1024x707.jpg 1024w, https:\/\/everstartraffic.com\/wp-content\/uploads\/2022\/02\/EST500-DHT\u6df7\u6ce5\u571f\u6405\u62cc\u673a\u53c2\u6570\u56fe-600x414.jpg 600w, https:\/\/everstartraffic.com\/wp-content\/uploads\/2022\/02\/EST500-DHT\u6df7\u6ce5\u571f\u6405\u62cc\u673a\u53c2\u6570\u56fe-300x207.jpg 300w, https:\/\/everstartraffic.com\/wp-content\/uploads\/2022\/02\/EST500-DHT\u6df7\u6ce5\u571f\u6405\u62cc\u673a\u53c2\u6570\u56fe-768x530.jpg 768w, https:\/\/everstartraffic.com\/wp-content\/uploads\/2022\/02\/EST500-DHT\u6df7\u6ce5\u571f\u6405\u62cc\u673a\u53c2\u6570\u56fe-1536x1061.jpg 1536w, https:\/\/everstartraffic.com\/wp-content\/uploads\/2022\/02\/EST500-DHT\u6df7\u6ce5\u571f\u6405\u62cc\u673a\u53c2\u6570\u56fe-2048x1414.jpg 2048w, https:\/\/everstartraffic.com\/wp-content\/uploads\/2022\/02\/EST500-DHT\u6df7\u6ce5\u571f\u6405\u62cc\u673a\u53c2\u6570\u56fe-1320x912.jpg 1320w\" sizes=\"auto, (max-width: 1024px) 100vw, 1024px\" \/>\t\t\t\t\t\t\t\t\t\t\t\t\t\t\t<\/div>\n\t\t\t\t<\/div>\n\t\t\t\t<div class=\"elementor-element elementor-element-f637f0c elementor-widget elementor-widget-text-editor\" data-id=\"f637f0c\" data-element_type=\"widget\" data-widget_type=\"text-editor.default\">\n\t\t\t\t<div class=\"elementor-widget-container\">\n\t\t\t<style>\/*! elementor - v3.7.0 - 08-08-2022 *\/\n.elementor-widget-text-editor.elementor-drop-cap-view-stacked .elementor-drop-cap{background-color:#818a91;color:#fff}.elementor-widget-text-editor.elementor-drop-cap-view-framed .elementor-drop-cap{color:#818a91;border:3px solid;background-color:transparent}.elementor-widget-text-editor:not(.elementor-drop-cap-view-default) .elementor-drop-cap{margin-top:8px}.elementor-widget-text-editor:not(.elementor-drop-cap-view-default) .elementor-drop-cap-letter{width:1em;height:1em}.elementor-widget-text-editor .elementor-drop-cap{float:left;text-align:center;line-height:1;font-size:50px}.elementor-widget-text-editor .elementor-drop-cap-letter{display:inline-block}<\/style>\t\t\t\t<p><strong>EST<\/strong><strong>500<\/strong><strong>&#8211;<\/strong><strong>Hormigonera di\u00e9sel DHT con tolva de carga hidr\u00e1ulica<\/strong> y <strong>Tambor basculante hidr\u00e1ulico<\/strong> es una hormigonera autocargable de <strong>Tambor basculante<\/strong> que descargan el hormig\u00f3n por <strong>Control hidr\u00e1ulico<\/strong><strong>,<\/strong> Adecuado para mezclar hormig\u00f3n pl\u00e1stico y semiseco duro con un tama\u00f1o de agregado de hasta 60 mm. La mezcla se realiza cuando se enciende el motor. Cada vez, el tambor mezclador puede manipular<strong>0,3 metros c\u00fabicos de hormig\u00f3n.<\/strong><br \/>El mezclador est\u00e1 dise\u00f1ado y fabricado de acuerdo con GB\/T9142-2000&lt;Hormigonera&gt;, Se caracteriza por una construcci\u00f3n novedosa, rendimiento avanzado, alta productividad, alta calidad de mezcla, estructura compacta, bajo consumo de energ\u00eda, operaci\u00f3n simple, etc. Por lo tanto,, <strong>EST<\/strong><strong>500<\/strong><strong>&#8211;<\/strong><strong>DHT Serie Hormigonera<\/strong> Es especialmente adecuado para circunstancias como sitios de construcci\u00f3n ordinarios, construcci\u00f3n de carreteras, puentes y f\u00e1bricas de componentes prefabricados de tama\u00f1o peque\u00f1o, etc. <\/p>\n\t\t\t\t\t\t<\/div>\n\t\t\t\t<\/div>\n\t\t\t\t<div class=\"elementor-element elementor-element-4f6caa4 elementor-widget elementor-widget-text-editor\" data-id=\"4f6caa4\" data-element_type=\"widget\" data-widget_type=\"text-editor.default\">\n\t\t\t\t<div class=\"elementor-widget-container\">\n\t\t\t\t\t\t\t<p>Caracter\u00edsticas principales:<\/p>\n<ol>\n<li>Potente motor di\u00e9sel KAMA, marca china l\u00edder<\/li>\n<li>Tolva de carga hidr\u00e1ulica y tambor basculante hidr\u00e1ulico<\/li>\n<li>Biela de arrastre robusta y fuerte<\/li>\n<li>Transmisi\u00f3n de potencia mediante correa trapezoidal. F\u00e1cil ajuste. <\/li>\n<li>Dise\u00f1o de anillo de engranaje grande conectado con pernos y situado en el medio<\/li>\n<li>Placa resistente al desgaste, espesor 3 mm. 5 mm como opci\u00f3n. <\/li>\n<\/ol>\n\t\t\t\t\t\t<\/div>\n\t\t\t\t<\/div>\n\t\t\t\t\t<\/div>\n\t\t<\/div>\n\t\t\t\t\t\t\t<\/div>\n\t\t<\/section>\n\t\t\t\t<section class=\"elementor-section elementor-top-section elementor-element elementor-element-47e6779 elementor-section-boxed elementor-section-height-default elementor-section-height-default\" data-id=\"47e6779\" data-element_type=\"section\">\n\t\t\t\t\t\t<div class=\"elementor-container elementor-column-gap-default\">\n\t\t\t\t\t<div class=\"elementor-column elementor-col-100 elementor-top-column elementor-element elementor-element-643bd8d\" data-id=\"643bd8d\" data-element_type=\"column\">\n\t\t\t<div class=\"elementor-widget-wrap elementor-element-populated\">\n\t\t\t\t\t\t\t\t<div class=\"elementor-element elementor-element-2f0922b elementor-widget elementor-widget-heading\" data-id=\"2f0922b\" data-element_type=\"widget\" data-widget_type=\"heading.default\">\n\t\t\t\t<div class=\"elementor-widget-container\">\n\t\t\t<h4 class=\"elementor-heading-title elementor-size-default\">Exhibici\u00f3n del producto<\/h4>\t\t<\/div>\n\t\t\t\t<\/div>\n\t\t\t\t\t<\/div>\n\t\t<\/div>\n\t\t\t\t\t\t\t<\/div>\n\t\t<\/section>\n\t\t\t\t<section class=\"elementor-section elementor-top-section elementor-element elementor-element-85045d2 elementor-section-boxed elementor-section-height-default elementor-section-height-default\" data-id=\"85045d2\" data-element_type=\"section\">\n\t\t\t\t\t\t<div class=\"elementor-container elementor-column-gap-default\">\n\t\t\t\t\t<div class=\"elementor-column elementor-col-100 elementor-top-column elementor-element elementor-element-c700f1c\" data-id=\"c700f1c\" data-element_type=\"column\">\n\t\t\t<div class=\"elementor-widget-wrap elementor-element-populated\">\n\t\t\t\t\t\t\t\t<section class=\"elementor-section elementor-inner-section elementor-element elementor-element-230bdd0 elementor-section-boxed elementor-section-height-default elementor-section-height-default\" data-id=\"230bdd0\" data-element_type=\"section\">\n\t\t\t\t\t\t<div class=\"elementor-container elementor-column-gap-default\">\n\t\t\t\t\t<div class=\"elementor-column elementor-col-50 elementor-inner-column elementor-element elementor-element-8802fb9\" data-id=\"8802fb9\" data-element_type=\"column\">\n\t\t\t<div class=\"elementor-widget-wrap elementor-element-populated\">\n\t\t\t\t\t\t\t\t<div class=\"elementor-element elementor-element-ab53063 elementor-widget elementor-widget-image\" data-id=\"ab53063\" data-element_type=\"widget\" data-widget_type=\"image.default\">\n\t\t\t\t<div class=\"elementor-widget-container\">\n\t\t\t\t\t\t\t\t\t\t\t\t\t\t\t<img loading=\"lazy\" decoding=\"async\" width=\"817\" height=\"479\" src=\"https:\/\/everstartraffic.com\/wp-content\/uploads\/2022\/02\/1-1-5.png\" class=\"attachment-large size-large\" alt=\"\" srcset=\"https:\/\/everstartraffic.com\/wp-content\/uploads\/2022\/02\/1-1-5.png 817w, https:\/\/everstartraffic.com\/wp-content\/uploads\/2022\/02\/1-1-5-600x352.png 600w, https:\/\/everstartraffic.com\/wp-content\/uploads\/2022\/02\/1-1-5-300x176.png 300w, https:\/\/everstartraffic.com\/wp-content\/uploads\/2022\/02\/1-1-5-768x450.png 768w\" sizes=\"auto, (max-width: 817px) 100vw, 817px\" \/>\t\t\t\t\t\t\t\t\t\t\t\t\t\t\t<\/div>\n\t\t\t\t<\/div>\n\t\t\t\t\t<\/div>\n\t\t<\/div>\n\t\t\t\t<div class=\"elementor-column elementor-col-50 elementor-inner-column elementor-element elementor-element-8ca2257\" data-id=\"8ca2257\" data-element_type=\"column\">\n\t\t\t<div class=\"elementor-widget-wrap elementor-element-populated\">\n\t\t\t\t\t\t\t\t<div class=\"elementor-element elementor-element-4ca1f56 elementor-widget elementor-widget-text-editor\" data-id=\"4ca1f56\" data-element_type=\"widget\" data-widget_type=\"text-editor.default\">\n\t\t\t\t<div class=\"elementor-widget-container\">\n\t\t\t\t\t\t\t<table>\n<tbody>\n<tr>\n<td>\n<h3>Partes de la m\u00e1quina<\/h3>\n<p><strong>Nombre: Tambor mezclador<\/strong><\/p>\n<p><strong>Material:<\/strong> Placa de acero resistente al desgaste Q235<\/p>\n<p><strong>Detalles:<\/strong> El grosor del tambor es de <strong>3 mm<\/strong>, fabricado por <strong>Placa de acero Q235 resistente al desgaste. 5 mm como opci\u00f3n. <\/strong><\/p>\n<\/td>\n<\/tr>\n<\/tbody>\n<\/table>\n\t\t\t\t\t\t<\/div>\n\t\t\t\t<\/div>\n\t\t\t\t\t<\/div>\n\t\t<\/div>\n\t\t\t\t\t\t\t<\/div>\n\t\t<\/section>\n\t\t\t\t\t<\/div>\n\t\t<\/div>\n\t\t\t\t\t\t\t<\/div>\n\t\t<\/section>\n\t\t\t\t<section class=\"elementor-section elementor-top-section elementor-element elementor-element-ceab23a elementor-section-boxed elementor-section-height-default elementor-section-height-default\" data-id=\"ceab23a\" data-element_type=\"section\">\n\t\t\t\t\t\t<div class=\"elementor-container elementor-column-gap-default\">\n\t\t\t\t\t<div class=\"elementor-column elementor-col-100 elementor-top-column elementor-element elementor-element-dad1795\" data-id=\"dad1795\" data-element_type=\"column\">\n\t\t\t<div class=\"elementor-widget-wrap elementor-element-populated\">\n\t\t\t\t\t\t\t\t<section class=\"elementor-section elementor-inner-section elementor-element elementor-element-140a6cb elementor-section-boxed elementor-section-height-default elementor-section-height-default\" data-id=\"140a6cb\" data-element_type=\"section\">\n\t\t\t\t\t\t<div class=\"elementor-container elementor-column-gap-default\">\n\t\t\t\t\t<div class=\"elementor-column elementor-col-50 elementor-inner-column elementor-element elementor-element-ae19c65\" data-id=\"ae19c65\" data-element_type=\"column\">\n\t\t\t<div class=\"elementor-widget-wrap elementor-element-populated\">\n\t\t\t\t\t\t\t\t<div class=\"elementor-element elementor-element-a44dbc4 elementor-widget elementor-widget-text-editor\" data-id=\"a44dbc4\" data-element_type=\"widget\" data-widget_type=\"text-editor.default\">\n\t\t\t\t<div class=\"elementor-widget-container\">\n\t\t\t\t\t\t\t<table>\n<tbody>\n<tr>\n<td>\n<h3>Motor di\u00e9sel<\/h3>\n<p><strong>Nombre:<\/strong> Motor di\u00e9sel<br \/><strong>Marca: Motor di\u00e9sel refrigerado por aire de la marca KAMA<\/strong><br \/><strong>Original: <\/strong>China<br \/>Motores nacionales famosos, fuerte fuerza motriz, bajo consumo de combustible, altos beneficios econ\u00f3micos.<\/p>\n<\/td>\n<\/tr>\n<\/tbody>\n<\/table>\n\t\t\t\t\t\t<\/div>\n\t\t\t\t<\/div>\n\t\t\t\t\t<\/div>\n\t\t<\/div>\n\t\t\t\t<div class=\"elementor-column elementor-col-50 elementor-inner-column elementor-element elementor-element-40b9a31\" data-id=\"40b9a31\" data-element_type=\"column\">\n\t\t\t<div class=\"elementor-widget-wrap elementor-element-populated\">\n\t\t\t\t\t\t\t\t<div class=\"elementor-element elementor-element-15c6b6e elementor-widget elementor-widget-image\" data-id=\"15c6b6e\" data-element_type=\"widget\" data-widget_type=\"image.default\">\n\t\t\t\t<div class=\"elementor-widget-container\">\n\t\t\t\t\t\t\t\t\t\t\t\t\t\t\t<img loading=\"lazy\" decoding=\"async\" width=\"826\" height=\"488\" src=\"https:\/\/everstartraffic.com\/wp-content\/uploads\/2022\/02\/1-2-5.png\" class=\"attachment-large size-large\" alt=\"\" srcset=\"https:\/\/everstartraffic.com\/wp-content\/uploads\/2022\/02\/1-2-5.png 826w, https:\/\/everstartraffic.com\/wp-content\/uploads\/2022\/02\/1-2-5-600x354.png 600w, https:\/\/everstartraffic.com\/wp-content\/uploads\/2022\/02\/1-2-5-300x177.png 300w, https:\/\/everstartraffic.com\/wp-content\/uploads\/2022\/02\/1-2-5-768x454.png 768w\" sizes=\"auto, (max-width: 826px) 100vw, 826px\" \/>\t\t\t\t\t\t\t\t\t\t\t\t\t\t\t<\/div>\n\t\t\t\t<\/div>\n\t\t\t\t\t<\/div>\n\t\t<\/div>\n\t\t\t\t\t\t\t<\/div>\n\t\t<\/section>\n\t\t\t\t\t<\/div>\n\t\t<\/div>\n\t\t\t\t\t\t\t<\/div>\n\t\t<\/section>\n\t\t\t\t<section class=\"elementor-section elementor-top-section elementor-element elementor-element-b4e185e elementor-section-boxed elementor-section-height-default elementor-section-height-default\" data-id=\"b4e185e\" data-element_type=\"section\">\n\t\t\t\t\t\t<div class=\"elementor-container elementor-column-gap-default\">\n\t\t\t\t\t<div class=\"elementor-column elementor-col-100 elementor-top-column elementor-element elementor-element-aeed4a2\" data-id=\"aeed4a2\" data-element_type=\"column\">\n\t\t\t<div class=\"elementor-widget-wrap elementor-element-populated\">\n\t\t\t\t\t\t\t\t<section class=\"elementor-section elementor-inner-section elementor-element elementor-element-826858f elementor-section-boxed elementor-section-height-default elementor-section-height-default\" data-id=\"826858f\" data-element_type=\"section\">\n\t\t\t\t\t\t<div class=\"elementor-container elementor-column-gap-default\">\n\t\t\t\t\t<div class=\"elementor-column elementor-col-50 elementor-inner-column elementor-element elementor-element-4ed29d3\" data-id=\"4ed29d3\" data-element_type=\"column\">\n\t\t\t<div class=\"elementor-widget-wrap elementor-element-populated\">\n\t\t\t\t\t\t\t\t<div class=\"elementor-element elementor-element-ab2a4c9 elementor-widget elementor-widget-image\" data-id=\"ab2a4c9\" data-element_type=\"widget\" data-widget_type=\"image.default\">\n\t\t\t\t<div class=\"elementor-widget-container\">\n\t\t\t\t\t\t\t\t\t\t\t\t\t\t\t<img loading=\"lazy\" decoding=\"async\" width=\"739\" height=\"430\" src=\"https:\/\/everstartraffic.com\/wp-content\/uploads\/2022\/02\/1-3-4.png\" class=\"attachment-large size-large\" alt=\"\" srcset=\"https:\/\/everstartraffic.com\/wp-content\/uploads\/2022\/02\/1-3-4.png 739w, https:\/\/everstartraffic.com\/wp-content\/uploads\/2022\/02\/1-3-4-600x349.png 600w, https:\/\/everstartraffic.com\/wp-content\/uploads\/2022\/02\/1-3-4-300x175.png 300w\" sizes=\"auto, (max-width: 739px) 100vw, 739px\" \/>\t\t\t\t\t\t\t\t\t\t\t\t\t\t\t<\/div>\n\t\t\t\t<\/div>\n\t\t\t\t\t<\/div>\n\t\t<\/div>\n\t\t\t\t<div class=\"elementor-column elementor-col-50 elementor-inner-column elementor-element elementor-element-3dc2e19\" data-id=\"3dc2e19\" data-element_type=\"column\">\n\t\t\t<div class=\"elementor-widget-wrap elementor-element-populated\">\n\t\t\t\t\t\t\t\t<div class=\"elementor-element elementor-element-34a7d0b elementor-widget elementor-widget-text-editor\" data-id=\"34a7d0b\" data-element_type=\"widget\" data-widget_type=\"text-editor.default\">\n\t\t\t\t<div class=\"elementor-widget-container\">\n\t\t\t\t\t\t\t<table>\n<tbody>\n<tr>\n<td>\n<h3>Tanque de agua grande montado en el chasis<\/h3>\n<p>La capacidad del tanque de agua es de 100L.<\/p>\n<p>M\u00e1quina equipada con una bomba de agua, controla el suministro de agua f\u00e1cilmente.<\/p>\n<\/td>\n<\/tr>\n<\/tbody>\n<\/table>\n\t\t\t\t\t\t<\/div>\n\t\t\t\t<\/div>\n\t\t\t\t\t<\/div>\n\t\t<\/div>\n\t\t\t\t\t\t\t<\/div>\n\t\t<\/section>\n\t\t\t\t\t<\/div>\n\t\t<\/div>\n\t\t\t\t\t\t\t<\/div>\n\t\t<\/section>\n\t\t\t\t<section class=\"elementor-section elementor-top-section elementor-element elementor-element-e31c91e elementor-section-boxed elementor-section-height-default elementor-section-height-default\" data-id=\"e31c91e\" data-element_type=\"section\">\n\t\t\t\t\t\t<div class=\"elementor-container elementor-column-gap-default\">\n\t\t\t\t\t<div class=\"elementor-column elementor-col-100 elementor-top-column elementor-element elementor-element-2fb62bf\" data-id=\"2fb62bf\" data-element_type=\"column\">\n\t\t\t<div class=\"elementor-widget-wrap elementor-element-populated\">\n\t\t\t\t\t\t\t\t<section class=\"elementor-section elementor-inner-section elementor-element elementor-element-33666e2 elementor-section-boxed elementor-section-height-default elementor-section-height-default\" data-id=\"33666e2\" data-element_type=\"section\">\n\t\t\t\t\t\t<div class=\"elementor-container elementor-column-gap-default\">\n\t\t\t\t\t<div class=\"elementor-column elementor-col-50 elementor-inner-column elementor-element elementor-element-9b570b4\" data-id=\"9b570b4\" data-element_type=\"column\">\n\t\t\t<div class=\"elementor-widget-wrap elementor-element-populated\">\n\t\t\t\t\t\t\t\t<div class=\"elementor-element elementor-element-866c0b6 elementor-widget elementor-widget-text-editor\" data-id=\"866c0b6\" data-element_type=\"widget\" data-widget_type=\"text-editor.default\">\n\t\t\t\t<div class=\"elementor-widget-container\">\n\t\t\t\t\t\t\t<div>\n<table cellspacing=\"0\" cellpadding=\"0\" align=\"left\">\n<tbody>\n<tr>\n<td style=\"padding: 0cm 9.0pt 0cm 9.0pt;\" align=\"left\" valign=\"top\">\n<h3 style=\"margin: 0cm; mso-line-height-alt: 12.0pt; mso-pagination: widow-orphan; vertical-align: baseline; mso-element: frame; mso-element-frame-hspace: 9.0pt; mso-element-wrap: around; mso-element-anchor-vertical: page; mso-element-anchor-horizontal: page; mso-element-left: 104.75pt; mso-element-top: 91.5pt; mso-height-rule: exactly;\"><span lang=\"EN-US\" style=\"font-size: 14pt; font-family: 'Times New Roman', serif; color: black; background-image: initial; background-position: initial; background-size: initial; background-repeat: initial; background-attachment: initial; background-origin: initial; background-clip: initial;\"> Sistema de transmisi\u00f3n<\/span><\/h3>\n<p style=\"margin: 0cm; mso-pagination: widow-orphan; vertical-align: baseline; mso-element: frame; mso-element-frame-hspace: 9.0pt; mso-element-wrap: around; mso-element-anchor-vertical: page; mso-element-anchor-horizontal: page; mso-element-left: 104.75pt; mso-element-top: 91.5pt; mso-height-rule: exactly;\"><b><span lang=\"EN-US\" style=\"font-size: 14pt; font-family: 'Times New Roman', serif; color: black; background-image: initial; background-position: initial; background-size: initial; background-repeat: initial; background-attachment: initial; background-origin: initial; background-clip: initial;\">Nombre:<\/span><\/b><span lang=\"EN-US\" style=\"font-size: 14pt; font-family: 'Times New Roman', serif; color: black; background-image: initial; background-position: initial; background-size: initial; background-repeat: initial; background-attachment: initial; background-origin: initial; background-clip: initial;\"> Transmisi\u00f3n de potencia mediante correa trapezoidal<br \/><b>Caracter\u00edsticas: <\/b>Dise\u00f1o racional,<\/span> <b><span lang=\"EN-US\" style=\"font-size: 14.0pt; font-family: 'Times New Roman',serif; mso-fareast-font-family: Roboto; color: black; mso-color-alt: windowtext; background: yellow; mso-highlight: yellow; mso-shading: white;\">Transmisi\u00f3n de potencia mediante correa trapezoidal<\/span><\/b><span lang=\"EN-US\" style=\"font-size: 14.0pt; font-family: 'Times New Roman',serif; mso-fareast-font-family: Roboto; color: black; mso-color-alt: windowtext; background: yellow; mso-highlight: yellow; mso-shading: white;\">.<\/span><span lang=\"EN-US\" style=\"font-size: 14pt; font-family: 'Times New Roman', serif; color: black; background-image: initial; background-position: initial; background-size: initial; background-repeat: initial; background-attachment: initial; background-origin: initial; background-clip: initial;\"> Garantiza la transmisi\u00f3n de potencia.Tienen una vida \u00fatil m\u00e1s larga y menos mantenimiento.<\/span><\/p>\n<\/td>\n<\/tr>\n<\/tbody>\n<\/table>\n<\/div>\n\t\t\t\t\t\t<\/div>\n\t\t\t\t<\/div>\n\t\t\t\t\t<\/div>\n\t\t<\/div>\n\t\t\t\t<div class=\"elementor-column elementor-col-50 elementor-inner-column elementor-element elementor-element-4d74eff\" data-id=\"4d74eff\" data-element_type=\"column\">\n\t\t\t<div class=\"elementor-widget-wrap elementor-element-populated\">\n\t\t\t\t\t\t\t\t<div class=\"elementor-element elementor-element-17a04fb elementor-widget elementor-widget-image\" data-id=\"17a04fb\" data-element_type=\"widget\" data-widget_type=\"image.default\">\n\t\t\t\t<div class=\"elementor-widget-container\">\n\t\t\t\t\t\t\t\t\t\t\t\t\t\t\t<img loading=\"lazy\" decoding=\"async\" width=\"448\" height=\"366\" src=\"https:\/\/everstartraffic.com\/wp-content\/uploads\/2022\/02\/1-4-4.png\" class=\"attachment-large size-large\" alt=\"\" srcset=\"https:\/\/everstartraffic.com\/wp-content\/uploads\/2022\/02\/1-4-4.png 448w, https:\/\/everstartraffic.com\/wp-content\/uploads\/2022\/02\/1-4-4-300x245.png 300w\" sizes=\"auto, (max-width: 448px) 100vw, 448px\" \/>\t\t\t\t\t\t\t\t\t\t\t\t\t\t\t<\/div>\n\t\t\t\t<\/div>\n\t\t\t\t\t<\/div>\n\t\t<\/div>\n\t\t\t\t\t\t\t<\/div>\n\t\t<\/section>\n\t\t\t\t\t<\/div>\n\t\t<\/div>\n\t\t\t\t\t\t\t<\/div>\n\t\t<\/section>\n\t\t\t\t\t\t\t<\/div>\n\t\t","protected":false},"excerpt":{"rendered":"<p>La mezcladora de concreto di\u00e9sel EST500-DHT con tolva de carga hidr\u00e1ulica y tambor inclinable hidr\u00e1ulico es una mezcladora de concreto autocargable de tambor inclinable que descarga el concreto mediante control hidr\u00e1ulico, adecuada para mezclar concreto pl\u00e1stico y semiseco y duro con un tama\u00f1o de agregado de hasta 60 mm.<\/p>\n","protected":false},"featured_media":4992,"comment_status":"open","ping_status":"closed","template":"","meta":{"_monsterinsights_skip_tracking":false,"_monsterinsights_sitenote_active":false,"_monsterinsights_sitenote_note":"","_monsterinsights_sitenote_category":0,"spay_email":"","jetpack_publicize_message":"","jetpack_is_tweetstorm":false,"jetpack_publicize_feature_enabled":true},"product_cat":[318,319,294],"product_tag":[366,367,368,369,380],"class_list":["post-9540","product","type-product","status-publish","has-post-thumbnail","hentry","product_cat-maquina-de-hormigon","product_cat-maquina-mezcladora-de-concreto","product_cat-sin-categorizar","product_tag-hormigonera","product_tag-maquina-mezcladora-de-concreto","product_tag-maquina-mezcladora-de-concreto-con-tambor-basculante-hidraulico","product_tag-maquina-mezcladora-de-concreto-con-tolva-de-carga","product_tag-maquina-mezcladora-de-concreto-diesel"],"aioseo_notices":[],"_links":{"self":[{"href":"https:\/\/everstartraffic.com\/es\/wp-json\/wp\/v2\/product\/9540","targetHints":{"allow":["GET"]}}],"collection":[{"href":"https:\/\/everstartraffic.com\/es\/wp-json\/wp\/v2\/product"}],"about":[{"href":"https:\/\/everstartraffic.com\/es\/wp-json\/wp\/v2\/types\/product"}],"replies":[{"embeddable":true,"href":"https:\/\/everstartraffic.com\/es\/wp-json\/wp\/v2\/comments?post=9540"}],"version-history":[{"count":3,"href":"https:\/\/everstartraffic.com\/es\/wp-json\/wp\/v2\/product\/9540\/revisions"}],"predecessor-version":[{"id":9543,"href":"https:\/\/everstartraffic.com\/es\/wp-json\/wp\/v2\/product\/9540\/revisions\/9543"}],"wp:featuredmedia":[{"embeddable":true,"href":"https:\/\/everstartraffic.com\/es\/wp-json\/wp\/v2\/media\/4992"}],"wp:attachment":[{"href":"https:\/\/everstartraffic.com\/es\/wp-json\/wp\/v2\/media?parent=9540"}],"wp:term":[{"taxonomy":"product_cat","embeddable":true,"href":"https:\/\/everstartraffic.com\/es\/wp-json\/wp\/v2\/product_cat?post=9540"},{"taxonomy":"product_tag","embeddable":true,"href":"https:\/\/everstartraffic.com\/es\/wp-json\/wp\/v2\/product_tag?post=9540"}],"curies":[{"name":"wp","href":"https:\/\/api.w.org\/{rel}","templated":true}]}}