{"id":9530,"date":"2022-02-27T09:34:57","date_gmt":"2022-02-27T09:34:57","guid":{"rendered":"https:\/\/www.everstartraffic.com\/product\/retrorreflectometro-es-308p-para-pruebas-de-lineas-de-marcado\/"},"modified":"2024-09-19T04:33:37","modified_gmt":"2024-09-19T04:33:37","slug":"retrorreflectometro-es-308p-para-pruebas-de-lineas-de-marcado","status":"publish","type":"product","link":"https:\/\/everstartraffic.com\/es\/product\/retrorreflectometro-es-308p-para-pruebas-de-lineas-de-marcado\/","title":{"rendered":"Retrorreflect\u00f3metro ES-308P para pruebas de l\u00edneas de marcado"},"content":{"rendered":"\t\t<div data-elementor-type=\"product-post\" data-elementor-id=\"9530\" class=\"elementor elementor-9530 elementor-5245\">\n\t\t\t\t\t\t\t\t\t<section class=\"elementor-section elementor-top-section elementor-element elementor-element-e48b10e elementor-section-boxed elementor-section-height-default elementor-section-height-default\" data-id=\"e48b10e\" data-element_type=\"section\">\n\t\t\t\t\t\t<div class=\"elementor-container elementor-column-gap-default\">\n\t\t\t\t\t<div class=\"elementor-column elementor-col-100 elementor-top-column elementor-element elementor-element-60b06f3\" data-id=\"60b06f3\" data-element_type=\"column\">\n\t\t\t<div class=\"elementor-widget-wrap elementor-element-populated\">\n\t\t\t\t\t\t\t\t<div class=\"elementor-element elementor-element-acd8c4c elementor-widget elementor-widget-heading\" data-id=\"acd8c4c\" data-element_type=\"widget\" data-widget_type=\"heading.default\">\n\t\t\t\t<div class=\"elementor-widget-container\">\n\t\t\t<style>\/*! elementor - v3.7.0 - 08-08-2022 *\/\n.elementor-heading-title{padding:0;margin:0;line-height:1}.elementor-widget-heading .elementor-heading-title[class*=elementor-size-]>a{color:inherit;font-size:inherit;line-height:inherit}.elementor-widget-heading .elementor-heading-title.elementor-size-small{font-size:15px}.elementor-widget-heading .elementor-heading-title.elementor-size-medium{font-size:19px}.elementor-widget-heading .elementor-heading-title.elementor-size-large{font-size:29px}.elementor-widget-heading .elementor-heading-title.elementor-size-xl{font-size:39px}.elementor-widget-heading .elementor-heading-title.elementor-size-xxl{font-size:59px}<\/style><h4 class=\"elementor-heading-title elementor-size-default\">Par\u00e1metros del producto<\/h4>\t\t<\/div>\n\t\t\t\t<\/div>\n\t\t\t\t\t<\/div>\n\t\t<\/div>\n\t\t\t\t\t\t\t<\/div>\n\t\t<\/section>\n\t\t\t\t<section class=\"elementor-section elementor-top-section elementor-element elementor-element-e210c7c elementor-section-boxed elementor-section-height-default elementor-section-height-default\" data-id=\"e210c7c\" data-element_type=\"section\">\n\t\t\t\t\t\t<div class=\"elementor-container elementor-column-gap-default\">\n\t\t\t\t\t<div class=\"elementor-column elementor-col-100 elementor-top-column elementor-element elementor-element-4333e41\" data-id=\"4333e41\" data-element_type=\"column\">\n\t\t\t<div class=\"elementor-widget-wrap elementor-element-populated\">\n\t\t\t\t\t\t\t\t<div class=\"elementor-element elementor-element-68d02c9 elementor-widget elementor-widget-text-editor\" data-id=\"68d02c9\" data-element_type=\"widget\" data-widget_type=\"text-editor.default\">\n\t\t\t\t<div class=\"elementor-widget-container\">\n\t\t\t<style>\/*! elementor - v3.7.0 - 08-08-2022 *\/\n.elementor-widget-text-editor.elementor-drop-cap-view-stacked .elementor-drop-cap{background-color:#818a91;color:#fff}.elementor-widget-text-editor.elementor-drop-cap-view-framed .elementor-drop-cap{color:#818a91;border:3px solid;background-color:transparent}.elementor-widget-text-editor:not(.elementor-drop-cap-view-default) .elementor-drop-cap{margin-top:8px}.elementor-widget-text-editor:not(.elementor-drop-cap-view-default) .elementor-drop-cap-letter{width:1em;height:1em}.elementor-widget-text-editor .elementor-drop-cap{float:left;text-align:center;line-height:1;font-size:50px}.elementor-widget-text-editor .elementor-drop-cap-letter{display:inline-block}<\/style>\t\t\t\t<ul>\n<li>Elementos de medici\u00f3n: coeficiente retrorreflectivo mcd.m<strong><sup>-2<\/sup><\/strong>.lx<strong><sup>-1 <\/sup><\/strong> <\/li>\n<li>Rango de medici\u00f3n: 0&#8212;4000<\/li>\n<li>\u00c1ngulo de observaci\u00f3n: 1,05\u00b0<\/li>\n<li>\u00c1ngulo de incidencia: 88,76\u00b0, El \u00e1ngulo complementario es 1,24\u00b0<\/li>\n<li>Temperatura de color de la fuente de luz: 2856 \u00b1 50 K<\/li>\n<li>\u00c1rea de apertura de medici\u00f3n: 340 mm x 95 mm<\/li>\n<li>Error de medici\u00f3n de repetibilidad: \u22643%<\/li>\n<li>Tiempo de funcionamiento continuo de la bater\u00eda: \uff1e72 h<\/li>\n<li>Espacio de almacenamiento de datos: 8 GB<\/li>\n<li>Capacidad de la bater\u00eda incorporada: 13 Ah<\/li>\n<li>Cargador: CC 8,4 V<\/li>\n<li>Temperatura ambiente: -15\u2103~+60\u2103<\/li>\n<li>Humedad ambiente: \uff1c98%, sin escarcha<\/li>\n<li>Tama\u00f1o del instrumento: 700 mm x 135 mm x 115 mm<\/li>\n<\/ul>\n\t\t\t\t\t\t<\/div>\n\t\t\t\t<\/div>\n\t\t\t\t\t<\/div>\n\t\t<\/div>\n\t\t\t\t\t\t\t<\/div>\n\t\t<\/section>\n\t\t\t\t<section class=\"elementor-section elementor-top-section elementor-element elementor-element-08b2c29 elementor-section-boxed elementor-section-height-default elementor-section-height-default\" data-id=\"08b2c29\" data-element_type=\"section\">\n\t\t\t\t\t\t<div class=\"elementor-container elementor-column-gap-default\">\n\t\t\t\t\t<div class=\"elementor-column elementor-col-100 elementor-top-column elementor-element elementor-element-51eb125\" data-id=\"51eb125\" data-element_type=\"column\">\n\t\t\t<div class=\"elementor-widget-wrap elementor-element-populated\">\n\t\t\t\t\t\t\t\t<div class=\"elementor-element elementor-element-8d47b14 elementor-widget elementor-widget-heading\" data-id=\"8d47b14\" data-element_type=\"widget\" data-widget_type=\"heading.default\">\n\t\t\t\t<div class=\"elementor-widget-container\">\n\t\t\t<h4 class=\"elementor-heading-title elementor-size-default\">Puntos de actualizaci\u00f3n del ES-308P<\/h4>\t\t<\/div>\n\t\t\t\t<\/div>\n\t\t\t\t\t<\/div>\n\t\t<\/div>\n\t\t\t\t\t\t\t<\/div>\n\t\t<\/section>\n\t\t\t\t<section class=\"elementor-section elementor-top-section elementor-element elementor-element-197f9bd elementor-section-boxed elementor-section-height-default elementor-section-height-default\" data-id=\"197f9bd\" data-element_type=\"section\">\n\t\t\t\t\t\t<div class=\"elementor-container elementor-column-gap-default\">\n\t\t\t\t\t<div class=\"elementor-column elementor-col-100 elementor-top-column elementor-element elementor-element-9373ce5\" data-id=\"9373ce5\" data-element_type=\"column\">\n\t\t\t<div class=\"elementor-widget-wrap elementor-element-populated\">\n\t\t\t\t\t\t\t\t<div class=\"elementor-element elementor-element-f7f6135 elementor-widget elementor-widget-text-editor\" data-id=\"f7f6135\" data-element_type=\"widget\" data-widget_type=\"text-editor.default\">\n\t\t\t\t<div class=\"elementor-widget-container\">\n\t\t\t\t\t\t\t<ul>\n<li>Utilizando el \u00faltimo algoritmo internacional;<\/li>\n<li>Se puede medir otra ret\u00edcula de color simplemente calibrando el blanco;<\/li>\n<li>No se necesita placa de calibraci\u00f3n amarilla, solo se puede usar la placa de calibraci\u00f3n blanca para medir todos los colores (tambi\u00e9n se puede medir el valor inverso de la ruta de color);<\/li>\n<li>Utilizando la \u00faltima tecnolog\u00eda de pantalla de alto brillo, puede ver la pantalla claramente sin temor a la luz solar directa;<\/li>\n<li>Impresora dividida, reduce el consumo de energ\u00eda y evita problemas posventa como da\u00f1os en la placa base;<\/li>\n<li>Sensor importado;<\/li>\n<li>Medici\u00f3n con una sola tecla, con funci\u00f3n de memoria de calibraci\u00f3n, sin necesidad de repetir la calibraci\u00f3n dentro de una semana;<\/li>\n<li>Pantalla t\u00e1ctil de alto brillo de 5 pulgadas, datos de detecci\u00f3n f\u00e1ciles de leer en entornos con luz solar intensa;<\/li>\n<li>Tiempo de espera ultra largo y admite carga r\u00e1pida;<\/li>\n<li>Visualizaci\u00f3n en tiempo real de temperatura y humedad;<\/li>\n<li>Interfaz de datos USB, el informe de prueba se puede exportar a la computadora en forma de base de datos<\/li>\n<li>Toque el teclado para ingresar caracteres chinos, ingleses y rusos. El sistema puede cambiar al modo ingl\u00e9s con una tecla. <\/li>\n<li>Transmisi\u00f3n de voz en tiempo real de datos de medici\u00f3n;<\/li>\n<li>Impresi\u00f3n por Bluetooth<\/li>\n<\/ul>\n\t\t\t\t\t\t<\/div>\n\t\t\t\t<\/div>\n\t\t\t\t<div class=\"elementor-element elementor-element-10013ec elementor-widget elementor-widget-heading\" data-id=\"10013ec\" data-element_type=\"widget\" data-widget_type=\"heading.default\">\n\t\t\t\t<div class=\"elementor-widget-container\">\n\t\t\t<h4 class=\"elementor-heading-title elementor-size-default\">Exhibici\u00f3n del producto<\/h4>\t\t<\/div>\n\t\t\t\t<\/div>\n\t\t\t\t\t<\/div>\n\t\t<\/div>\n\t\t\t\t\t\t\t<\/div>\n\t\t<\/section>\n\t\t\t\t<section class=\"elementor-section elementor-top-section elementor-element elementor-element-0bba189 elementor-section-boxed elementor-section-height-default elementor-section-height-default\" data-id=\"0bba189\" data-element_type=\"section\">\n\t\t\t\t\t\t<div class=\"elementor-container elementor-column-gap-default\">\n\t\t\t\t\t<div class=\"elementor-column elementor-col-100 elementor-top-column elementor-element elementor-element-d30633c\" data-id=\"d30633c\" data-element_type=\"column\">\n\t\t\t<div class=\"elementor-widget-wrap elementor-element-populated\">\n\t\t\t\t\t\t\t\t<div class=\"elementor-element elementor-element-5c0bfff elementor-widget elementor-widget-image\" data-id=\"5c0bfff\" data-element_type=\"widget\" data-widget_type=\"image.default\">\n\t\t\t\t<div class=\"elementor-widget-container\">\n\t\t\t<style>\/*! elementor - v3.7.0 - 08-08-2022 *\/\n.elementor-widget-image{text-align:center}.elementor-widget-image a{display:inline-block}.elementor-widget-image a img[src$=\".svg\"]{width:48px}.elementor-widget-image img{vertical-align:middle;display:inline-block}<\/style>\t\t\t\t\t\t\t\t\t\t\t\t<img loading=\"lazy\" decoding=\"async\" width=\"1024\" height=\"640\" src=\"https:\/\/everstartraffic.com\/wp-content\/uploads\/2022\/02\/ES-308P-3-1024x640.png\" class=\"attachment-large size-large\" alt=\"\" srcset=\"https:\/\/everstartraffic.com\/wp-content\/uploads\/2022\/02\/ES-308P-3-1024x640.png 1024w, https:\/\/everstartraffic.com\/wp-content\/uploads\/2022\/02\/ES-308P-3-600x375.png 600w, https:\/\/everstartraffic.com\/wp-content\/uploads\/2022\/02\/ES-308P-3-300x188.png 300w, https:\/\/everstartraffic.com\/wp-content\/uploads\/2022\/02\/ES-308P-3-768x480.png 768w, https:\/\/everstartraffic.com\/wp-content\/uploads\/2022\/02\/ES-308P-3-1536x961.png 1536w, https:\/\/everstartraffic.com\/wp-content\/uploads\/2022\/02\/ES-308P-3-2048x1281.png 2048w, https:\/\/everstartraffic.com\/wp-content\/uploads\/2022\/02\/ES-308P-3-1920x1200.png 1920w, https:\/\/everstartraffic.com\/wp-content\/uploads\/2022\/02\/ES-308P-3-1320x826.png 1320w\" sizes=\"auto, (max-width: 1024px) 100vw, 1024px\" \/>\t\t\t\t\t\t\t\t\t\t\t\t\t\t\t<\/div>\n\t\t\t\t<\/div>\n\t\t\t\t<div class=\"elementor-element elementor-element-92a1720 elementor-widget elementor-widget-image\" data-id=\"92a1720\" data-element_type=\"widget\" data-widget_type=\"image.default\">\n\t\t\t\t<div class=\"elementor-widget-container\">\n\t\t\t\t\t\t\t\t\t\t\t\t\t\t\t<img loading=\"lazy\" decoding=\"async\" width=\"1024\" height=\"640\" src=\"https:\/\/everstartraffic.com\/wp-content\/uploads\/2022\/02\/ES-308P-1-1024x640.png\" class=\"attachment-large size-large\" alt=\"\" srcset=\"https:\/\/everstartraffic.com\/wp-content\/uploads\/2022\/02\/ES-308P-1-1024x640.png 1024w, https:\/\/everstartraffic.com\/wp-content\/uploads\/2022\/02\/ES-308P-1-600x375.png 600w, https:\/\/everstartraffic.com\/wp-content\/uploads\/2022\/02\/ES-308P-1-300x188.png 300w, https:\/\/everstartraffic.com\/wp-content\/uploads\/2022\/02\/ES-308P-1-768x480.png 768w, https:\/\/everstartraffic.com\/wp-content\/uploads\/2022\/02\/ES-308P-1-1536x961.png 1536w, https:\/\/everstartraffic.com\/wp-content\/uploads\/2022\/02\/ES-308P-1-2048x1281.png 2048w, https:\/\/everstartraffic.com\/wp-content\/uploads\/2022\/02\/ES-308P-1-1920x1200.png 1920w, https:\/\/everstartraffic.com\/wp-content\/uploads\/2022\/02\/ES-308P-1-1320x826.png 1320w\" sizes=\"auto, (max-width: 1024px) 100vw, 1024px\" \/>\t\t\t\t\t\t\t\t\t\t\t\t\t\t\t<\/div>\n\t\t\t\t<\/div>\n\t\t\t\t<div class=\"elementor-element elementor-element-26c1996 elementor-widget elementor-widget-image\" data-id=\"26c1996\" data-element_type=\"widget\" data-widget_type=\"image.default\">\n\t\t\t\t<div class=\"elementor-widget-container\">\n\t\t\t\t\t\t\t\t\t\t\t\t\t\t\t<img loading=\"lazy\" decoding=\"async\" width=\"1024\" height=\"768\" src=\"https:\/\/everstartraffic.com\/wp-content\/uploads\/2022\/02\/\u5fae\u4fe1\u56fe\u7247_20220914102900_\u526f\u672c-1024x768.jpg\" class=\"attachment-large size-large\" alt=\"\" srcset=\"https:\/\/everstartraffic.com\/wp-content\/uploads\/2022\/02\/\u5fae\u4fe1\u56fe\u7247_20220914102900_\u526f\u672c-1024x768.jpg 1024w, https:\/\/everstartraffic.com\/wp-content\/uploads\/2022\/02\/\u5fae\u4fe1\u56fe\u7247_20220914102900_\u526f\u672c-600x450.jpg 600w, https:\/\/everstartraffic.com\/wp-content\/uploads\/2022\/02\/\u5fae\u4fe1\u56fe\u7247_20220914102900_\u526f\u672c-300x225.jpg 300w, https:\/\/everstartraffic.com\/wp-content\/uploads\/2022\/02\/\u5fae\u4fe1\u56fe\u7247_20220914102900_\u526f\u672c-768x576.jpg 768w, https:\/\/everstartraffic.com\/wp-content\/uploads\/2022\/02\/\u5fae\u4fe1\u56fe\u7247_20220914102900_\u526f\u672c-1320x990.jpg 1320w, https:\/\/everstartraffic.com\/wp-content\/uploads\/2022\/02\/\u5fae\u4fe1\u56fe\u7247_20220914102900_\u526f\u672c.jpg 1440w\" sizes=\"auto, (max-width: 1024px) 100vw, 1024px\" \/>\t\t\t\t\t\t\t\t\t\t\t\t\t\t\t<\/div>\n\t\t\t\t<\/div>\n\t\t\t\t\t<\/div>\n\t\t<\/div>\n\t\t\t\t\t\t\t<\/div>\n\t\t<\/section>\n\t\t\t\t<section class=\"elementor-section elementor-top-section elementor-element elementor-element-dc9f0f0 elementor-section-boxed elementor-section-height-default elementor-section-height-default\" data-id=\"dc9f0f0\" data-element_type=\"section\">\n\t\t\t\t\t\t<div class=\"elementor-container elementor-column-gap-default\">\n\t\t\t\t\t<div class=\"elementor-column elementor-col-100 elementor-top-column elementor-element elementor-element-35e10f0\" data-id=\"35e10f0\" data-element_type=\"column\">\n\t\t\t<div class=\"elementor-widget-wrap elementor-element-populated\">\n\t\t\t\t\t\t\t\t<div class=\"elementor-element elementor-element-ecedd9f elementor-widget elementor-widget-heading\" data-id=\"ecedd9f\" data-element_type=\"widget\" data-widget_type=\"heading.default\">\n\t\t\t\t<div class=\"elementor-widget-container\">\n\t\t\t<h4 class=\"elementor-heading-title elementor-size-default\">Principio de funcionamiento<\/h4>\t\t<\/div>\n\t\t\t\t<\/div>\n\t\t\t\t\t<\/div>\n\t\t<\/div>\n\t\t\t\t\t\t\t<\/div>\n\t\t<\/section>\n\t\t\t\t<section class=\"elementor-section elementor-top-section elementor-element elementor-element-218efa3 elementor-section-boxed elementor-section-height-default elementor-section-height-default\" data-id=\"218efa3\" data-element_type=\"section\">\n\t\t\t\t\t\t<div class=\"elementor-container elementor-column-gap-default\">\n\t\t\t\t\t<div class=\"elementor-column elementor-col-100 elementor-top-column elementor-element elementor-element-b13a4e0\" data-id=\"b13a4e0\" data-element_type=\"column\">\n\t\t\t<div class=\"elementor-widget-wrap elementor-element-populated\">\n\t\t\t\t\t\t\t\t<div class=\"elementor-element elementor-element-59e7836 elementor-widget elementor-widget-text-editor\" data-id=\"59e7836\" data-element_type=\"widget\" data-widget_type=\"text-editor.default\">\n\t\t\t\t<div class=\"elementor-widget-container\">\n\t\t\t\t\t\t\t<p>La condici\u00f3n geom\u00e9trica del retrorreflect\u00f3metro de se\u00f1alizaci\u00f3n tipo LA-302D es simular la luminosidad que el conductor observa en la cabina reflejada por el faro de la se\u00f1alizaci\u00f3n realizada con material retrorreflectante en la carretera cuando el veh\u00edculo circula por la carretera de noche. El diagrama esquem\u00e1tico del recorrido \u00f3ptico se muestra en la figura 2.  <\/p>\n\t\t\t\t\t\t<\/div>\n\t\t\t\t<\/div>\n\t\t\t\t<div class=\"elementor-element elementor-element-c4309f4 elementor-widget elementor-widget-image\" data-id=\"c4309f4\" data-element_type=\"widget\" data-widget_type=\"image.default\">\n\t\t\t\t<div class=\"elementor-widget-container\">\n\t\t\t\t\t\t\t\t\t\t\t\t\t\t\t<img loading=\"lazy\" decoding=\"async\" width=\"1024\" height=\"373\" src=\"https:\/\/everstartraffic.com\/wp-content\/uploads\/2022\/02\/\u9006\u53cd\u5c04\u5de5\u4f5c\u539f\u7406-1024x373.png\" class=\"attachment-large size-large\" alt=\"\" srcset=\"https:\/\/everstartraffic.com\/wp-content\/uploads\/2022\/02\/\u9006\u53cd\u5c04\u5de5\u4f5c\u539f\u7406-1024x373.png 1024w, https:\/\/everstartraffic.com\/wp-content\/uploads\/2022\/02\/\u9006\u53cd\u5c04\u5de5\u4f5c\u539f\u7406-600x219.png 600w, https:\/\/everstartraffic.com\/wp-content\/uploads\/2022\/02\/\u9006\u53cd\u5c04\u5de5\u4f5c\u539f\u7406-300x109.png 300w, https:\/\/everstartraffic.com\/wp-content\/uploads\/2022\/02\/\u9006\u53cd\u5c04\u5de5\u4f5c\u539f\u7406-768x280.png 768w, https:\/\/everstartraffic.com\/wp-content\/uploads\/2022\/02\/\u9006\u53cd\u5c04\u5de5\u4f5c\u539f\u7406.png 1267w\" sizes=\"auto, (max-width: 1024px) 100vw, 1024px\" \/>\t\t\t\t\t\t\t\t\t\t\t\t\t\t\t<\/div>\n\t\t\t\t<\/div>\n\t\t\t\t<div class=\"elementor-element elementor-element-4aa3fca elementor-widget elementor-widget-text-editor\" data-id=\"4aa3fca\" data-element_type=\"widget\" data-widget_type=\"text-editor.default\">\n\t\t\t\t<div class=\"elementor-widget-container\">\n\t\t\t\t\t\t\t<p>El \u00e1ngulo entre el eje \u00f3ptico del faro y la l\u00ednea normal (eje de referencia) de la superficie de la carretera se denomina \u00e1ngulo de incidencia, que se establece en 88,76\u00b0 y el \u00e1ngulo entre el eje \u00f3ptico del faro y la luz reflejada se denomina \u00e1ngulo de observaci\u00f3n, que se establece en 1,05\u00b0. La fuente de luz del sistema \u00f3ptico se dirige a la l\u00ednea de marcado de acuerdo con el \u00e1ngulo de incidencia. El tama\u00f1o de la ventana de medici\u00f3n es de 340 x 95 mm. La luz reflejada de la l\u00ednea de marcado es recibida por el filtro V(\u03bb) en el \u00e1ngulo de observaci\u00f3n de 1,05\u00b0. Despu\u00e9s del procesamiento y el c\u00e1lculo de la se\u00f1al, se muestra el valor medido. Este valor es el valor del coeficiente de retrorreflexi\u00f3n RL.     <\/p>\n\t\t\t\t\t\t<\/div>\n\t\t\t\t<\/div>\n\t\t\t\t\t<\/div>\n\t\t<\/div>\n\t\t\t\t\t\t\t<\/div>\n\t\t<\/section>\n\t\t\t\t<section class=\"elementor-section elementor-top-section elementor-element elementor-element-510b505 elementor-section-boxed elementor-section-height-default elementor-section-height-default\" data-id=\"510b505\" data-element_type=\"section\">\n\t\t\t\t\t\t<div class=\"elementor-container elementor-column-gap-default\">\n\t\t\t\t\t<div class=\"elementor-column elementor-col-100 elementor-top-column elementor-element elementor-element-a59e391\" data-id=\"a59e391\" data-element_type=\"column\">\n\t\t\t<div class=\"elementor-widget-wrap elementor-element-populated\">\n\t\t\t\t\t\t\t\t<div class=\"elementor-element elementor-element-5de8cbe elementor-widget elementor-widget-heading\" data-id=\"5de8cbe\" data-element_type=\"widget\" data-widget_type=\"heading.default\">\n\t\t\t\t<div class=\"elementor-widget-container\">\n\t\t\t<h4 class=\"elementor-heading-title elementor-size-default\">Circunstancias de la aplicaci\u00f3n<\/h4>\t\t<\/div>\n\t\t\t\t<\/div>\n\t\t\t\t\t<\/div>\n\t\t<\/div>\n\t\t\t\t\t\t\t<\/div>\n\t\t<\/section>\n\t\t\t\t<section class=\"elementor-section elementor-top-section elementor-element elementor-element-e7de0f6 elementor-section-boxed elementor-section-height-default elementor-section-height-default\" data-id=\"e7de0f6\" data-element_type=\"section\">\n\t\t\t\t\t\t<div class=\"elementor-container elementor-column-gap-default\">\n\t\t\t\t\t<div class=\"elementor-column elementor-col-100 elementor-top-column elementor-element elementor-element-702e3b9\" data-id=\"702e3b9\" data-element_type=\"column\">\n\t\t\t<div class=\"elementor-widget-wrap elementor-element-populated\">\n\t\t\t\t\t\t\t\t<div class=\"elementor-element elementor-element-5b3aa1a elementor-widget elementor-widget-image\" data-id=\"5b3aa1a\" data-element_type=\"widget\" data-widget_type=\"image.default\">\n\t\t\t\t<div class=\"elementor-widget-container\">\n\t\t\t\t\t\t\t\t\t\t\t\t\t\t\t<img loading=\"lazy\" decoding=\"async\" width=\"1024\" height=\"768\" src=\"https:\/\/everstartraffic.com\/wp-content\/uploads\/2022\/02\/\u9006\u53cd\u5c04\u7cfb\u6570\u6d4b\u8bd5\u4eea\u5c55\u793a\u56fe-1-1024x768.jpg\" class=\"attachment-large size-large\" alt=\"\" srcset=\"https:\/\/everstartraffic.com\/wp-content\/uploads\/2022\/02\/\u9006\u53cd\u5c04\u7cfb\u6570\u6d4b\u8bd5\u4eea\u5c55\u793a\u56fe-1-1024x768.jpg 1024w, https:\/\/everstartraffic.com\/wp-content\/uploads\/2022\/02\/\u9006\u53cd\u5c04\u7cfb\u6570\u6d4b\u8bd5\u4eea\u5c55\u793a\u56fe-1-rotated-600x450.jpg 600w, https:\/\/everstartraffic.com\/wp-content\/uploads\/2022\/02\/\u9006\u53cd\u5c04\u7cfb\u6570\u6d4b\u8bd5\u4eea\u5c55\u793a\u56fe-1-300x225.jpg 300w, https:\/\/everstartraffic.com\/wp-content\/uploads\/2022\/02\/\u9006\u53cd\u5c04\u7cfb\u6570\u6d4b\u8bd5\u4eea\u5c55\u793a\u56fe-1-768x576.jpg 768w, https:\/\/everstartraffic.com\/wp-content\/uploads\/2022\/02\/\u9006\u53cd\u5c04\u7cfb\u6570\u6d4b\u8bd5\u4eea\u5c55\u793a\u56fe-1-1320x990.jpg 1320w, https:\/\/everstartraffic.com\/wp-content\/uploads\/2022\/02\/\u9006\u53cd\u5c04\u7cfb\u6570\u6d4b\u8bd5\u4eea\u5c55\u793a\u56fe-1-rotated.jpg 1440w\" sizes=\"auto, (max-width: 1024px) 100vw, 1024px\" \/>\t\t\t\t\t\t\t\t\t\t\t\t\t\t\t<\/div>\n\t\t\t\t<\/div>\n\t\t\t\t<div class=\"elementor-element elementor-element-38e1cae elementor-widget elementor-widget-image\" data-id=\"38e1cae\" data-element_type=\"widget\" data-widget_type=\"image.default\">\n\t\t\t\t<div class=\"elementor-widget-container\">\n\t\t\t\t\t\t\t\t\t\t\t\t\t\t\t<img loading=\"lazy\" decoding=\"async\" width=\"1024\" height=\"576\" src=\"https:\/\/everstartraffic.com\/wp-content\/uploads\/2022\/02\/\u9006\u53cd\u5c04\u7cfb\u6570\u6d4b\u8bd5\u4eea\u5c55\u793a\u56fe-4-1024x576.jpg\" class=\"attachment-large size-large\" alt=\"\" srcset=\"https:\/\/everstartraffic.com\/wp-content\/uploads\/2022\/02\/\u9006\u53cd\u5c04\u7cfb\u6570\u6d4b\u8bd5\u4eea\u5c55\u793a\u56fe-4-1024x576.jpg 1024w, https:\/\/everstartraffic.com\/wp-content\/uploads\/2022\/02\/\u9006\u53cd\u5c04\u7cfb\u6570\u6d4b\u8bd5\u4eea\u5c55\u793a\u56fe-4-rotated-600x338.jpg 600w, https:\/\/everstartraffic.com\/wp-content\/uploads\/2022\/02\/\u9006\u53cd\u5c04\u7cfb\u6570\u6d4b\u8bd5\u4eea\u5c55\u793a\u56fe-4-300x169.jpg 300w, https:\/\/everstartraffic.com\/wp-content\/uploads\/2022\/02\/\u9006\u53cd\u5c04\u7cfb\u6570\u6d4b\u8bd5\u4eea\u5c55\u793a\u56fe-4-768x432.jpg 768w, https:\/\/everstartraffic.com\/wp-content\/uploads\/2022\/02\/\u9006\u53cd\u5c04\u7cfb\u6570\u6d4b\u8bd5\u4eea\u5c55\u793a\u56fe-4-1536x864.jpg 1536w, https:\/\/everstartraffic.com\/wp-content\/uploads\/2022\/02\/\u9006\u53cd\u5c04\u7cfb\u6570\u6d4b\u8bd5\u4eea\u5c55\u793a\u56fe-4-1320x743.jpg 1320w, https:\/\/everstartraffic.com\/wp-content\/uploads\/2022\/02\/\u9006\u53cd\u5c04\u7cfb\u6570\u6d4b\u8bd5\u4eea\u5c55\u793a\u56fe-4-rotated.jpg 1920w\" sizes=\"auto, (max-width: 1024px) 100vw, 1024px\" \/>\t\t\t\t\t\t\t\t\t\t\t\t\t\t\t<\/div>\n\t\t\t\t<\/div>\n\t\t\t\t\t<\/div>\n\t\t<\/div>\n\t\t\t\t\t\t\t<\/div>\n\t\t<\/section>\n\t\t\t\t\t\t\t<\/div>\n\t\t","protected":false},"excerpt":{"rendered":"<p>El comprobador de retrorreflect\u00f3metro de se\u00f1alizaci\u00f3n es un instrumento de medici\u00f3n port\u00e1til in situ que se utiliza para medir la caracter\u00edstica de retrorreflexi\u00f3n de las pinturas\/l\u00edneas de se\u00f1alizaci\u00f3n vial. Sirve para simular el brillo de la se\u00f1alizaci\u00f3n vial que puede ver el conductor bajo la iluminaci\u00f3n de los veh\u00edculos de motor por la noche, y el par\u00e1metro medido es el coeficiente de brillo de retrorreflexi\u00f3n por la noche, es decir, R<sub>L <\/sub>Valor. Se caracteriza por precalentamiento gratuito, peque\u00f1o error de medici\u00f3n, listo para usar, etc. Este es un instrumento necesario para la producci\u00f3n, supervisi\u00f3n de calidad, construcci\u00f3n de ingenier\u00eda, supervisi\u00f3n y otras unidades para medir el rendimiento de retrorreflexi\u00f3n de la se\u00f1alizaci\u00f3n vial.   <\/p>\n","protected":false},"featured_media":6018,"comment_status":"open","ping_status":"closed","template":"","meta":{"_monsterinsights_skip_tracking":false,"_monsterinsights_sitenote_active":false,"_monsterinsights_sitenote_note":"","_monsterinsights_sitenote_category":0,"spay_email":"","jetpack_publicize_message":"","jetpack_is_tweetstorm":false,"jetpack_publicize_feature_enabled":true},"product_cat":[340,337,341,338,294],"product_tag":[452,436,437],"class_list":["post-9530","product","type-product","status-publish","has-post-thumbnail","hentry","product_cat-equipo-de-prueba-de-senalizacion-vial","product_cat-maquina-de-marcado-de-carreteras","product_cat-maquina-de-marcado-vial-termoplastico","product_cat-maquina-de-pulverizacion-de-pintura-en-frio-sin-aire","product_cat-sin-categorizar","product_tag-prueba-del-coeficiente-de-linea-de-demarcacion-vial","product_tag-prueba-luminosa-retrorreflectiva","product_tag-retroreflectometro"],"aioseo_notices":[],"_links":{"self":[{"href":"https:\/\/everstartraffic.com\/es\/wp-json\/wp\/v2\/product\/9530","targetHints":{"allow":["GET"]}}],"collection":[{"href":"https:\/\/everstartraffic.com\/es\/wp-json\/wp\/v2\/product"}],"about":[{"href":"https:\/\/everstartraffic.com\/es\/wp-json\/wp\/v2\/types\/product"}],"replies":[{"embeddable":true,"href":"https:\/\/everstartraffic.com\/es\/wp-json\/wp\/v2\/comments?post=9530"}],"version-history":[{"count":1,"href":"https:\/\/everstartraffic.com\/es\/wp-json\/wp\/v2\/product\/9530\/revisions"}],"predecessor-version":[{"id":9531,"href":"https:\/\/everstartraffic.com\/es\/wp-json\/wp\/v2\/product\/9530\/revisions\/9531"}],"wp:featuredmedia":[{"embeddable":true,"href":"https:\/\/everstartraffic.com\/es\/wp-json\/wp\/v2\/media\/6018"}],"wp:attachment":[{"href":"https:\/\/everstartraffic.com\/es\/wp-json\/wp\/v2\/media?parent=9530"}],"wp:term":[{"taxonomy":"product_cat","embeddable":true,"href":"https:\/\/everstartraffic.com\/es\/wp-json\/wp\/v2\/product_cat?post=9530"},{"taxonomy":"product_tag","embeddable":true,"href":"https:\/\/everstartraffic.com\/es\/wp-json\/wp\/v2\/product_tag?post=9530"}],"curies":[{"name":"wp","href":"https:\/\/api.w.org\/{rel}","templated":true}]}}