{"id":9528,"date":"2022-05-06T07:19:27","date_gmt":"2022-05-06T07:19:27","guid":{"rendered":"https:\/\/www.everstartraffic.com\/product\/comprobador-de-espesor-de-linea-es-iii\/"},"modified":"2024-09-19T04:16:19","modified_gmt":"2024-09-19T04:16:19","slug":"comprobador-de-espesor-de-linea-es-iii","status":"publish","type":"product","link":"https:\/\/everstartraffic.com\/es\/product\/comprobador-de-espesor-de-linea-es-iii\/","title":{"rendered":"COMPROBADOR DE ESPESOR DE L\u00cdNEA ES-III"},"content":{"rendered":"\t\t<div data-elementor-type=\"product-post\" data-elementor-id=\"9528\" class=\"elementor elementor-9528 elementor-5323\">\n\t\t\t\t\t\t\t\t\t<section class=\"elementor-section elementor-top-section elementor-element elementor-element-4c575f5 elementor-section-boxed elementor-section-height-default elementor-section-height-default\" data-id=\"4c575f5\" data-element_type=\"section\">\n\t\t\t\t\t\t<div class=\"elementor-container elementor-column-gap-default\">\n\t\t\t\t\t<div class=\"elementor-column elementor-col-100 elementor-top-column elementor-element elementor-element-abd883f\" data-id=\"abd883f\" data-element_type=\"column\">\n\t\t\t<div class=\"elementor-widget-wrap elementor-element-populated\">\n\t\t\t\t\t\t\t\t<div class=\"elementor-element elementor-element-4f1dc77 elementor-widget elementor-widget-heading\" data-id=\"4f1dc77\" data-element_type=\"widget\" data-widget_type=\"heading.default\">\n\t\t\t\t<div class=\"elementor-widget-container\">\n\t\t\t<style>\/*! elementor - v3.7.0 - 08-08-2022 *\/\n.elementor-heading-title{padding:0;margin:0;line-height:1}.elementor-widget-heading .elementor-heading-title[class*=elementor-size-]>a{color:inherit;font-size:inherit;line-height:inherit}.elementor-widget-heading .elementor-heading-title.elementor-size-small{font-size:15px}.elementor-widget-heading .elementor-heading-title.elementor-size-medium{font-size:19px}.elementor-widget-heading .elementor-heading-title.elementor-size-large{font-size:29px}.elementor-widget-heading .elementor-heading-title.elementor-size-xl{font-size:39px}.elementor-widget-heading .elementor-heading-title.elementor-size-xxl{font-size:59px}<\/style><h4 class=\"elementor-heading-title elementor-size-default\">Par\u00e1metros del producto<\/h4>\t\t<\/div>\n\t\t\t\t<\/div>\n\t\t\t\t\t<\/div>\n\t\t<\/div>\n\t\t\t\t\t\t\t<\/div>\n\t\t<\/section>\n\t\t\t\t<section class=\"elementor-section elementor-top-section elementor-element elementor-element-58fc70c1 elementor-section-boxed elementor-section-height-default elementor-section-height-default\" data-id=\"58fc70c1\" data-element_type=\"section\">\n\t\t\t\t\t\t<div class=\"elementor-container elementor-column-gap-default\">\n\t\t\t\t\t<div class=\"elementor-column elementor-col-100 elementor-top-column elementor-element elementor-element-6891d1f0\" data-id=\"6891d1f0\" data-element_type=\"column\">\n\t\t\t<div class=\"elementor-widget-wrap elementor-element-populated\">\n\t\t\t\t\t\t\t\t<div class=\"elementor-element elementor-element-74ea72d9 elementor-widget elementor-widget-text-editor\" data-id=\"74ea72d9\" data-element_type=\"widget\" data-widget_type=\"text-editor.default\">\n\t\t\t\t<div class=\"elementor-widget-container\">\n\t\t\t<style>\/*! elementor - v3.7.0 - 08-08-2022 *\/\n.elementor-widget-text-editor.elementor-drop-cap-view-stacked .elementor-drop-cap{background-color:#818a91;color:#fff}.elementor-widget-text-editor.elementor-drop-cap-view-framed .elementor-drop-cap{color:#818a91;border:3px solid;background-color:transparent}.elementor-widget-text-editor:not(.elementor-drop-cap-view-default) .elementor-drop-cap{margin-top:8px}.elementor-widget-text-editor:not(.elementor-drop-cap-view-default) .elementor-drop-cap-letter{width:1em;height:1em}.elementor-widget-text-editor .elementor-drop-cap{float:left;text-align:center;line-height:1;font-size:50px}.elementor-widget-text-editor .elementor-drop-cap-letter{display:inline-block}<\/style>\t\t\t\t<ul>\n<li><strong>Comprobador de espesor de l\u00ednea<\/strong><\/li>\n<li><strong>Rango de medici\u00f3n\uff1a-12.7\uff5e+12.7mm<\/strong><\/li>\n<li><strong>Resoluci\u00f3n m\u00ednima\uff1a0.01mm<\/strong><\/li>\n<li><strong>Precisi\u00f3n de indicaci\u00f3n\uff1a0.02mm<\/strong><\/li>\n<li><strong>Uso del rango de temperatura\uff1a0\u2103\uff5e40\u2103<\/strong><\/li>\n<\/ul>\n\t\t\t\t\t\t<\/div>\n\t\t\t\t<\/div>\n\t\t\t\t\t<\/div>\n\t\t<\/div>\n\t\t\t\t\t\t\t<\/div>\n\t\t<\/section>\n\t\t\t\t<section class=\"elementor-section elementor-top-section elementor-element elementor-element-1fd6259 elementor-section-boxed elementor-section-height-default elementor-section-height-default\" data-id=\"1fd6259\" data-element_type=\"section\">\n\t\t\t\t\t\t<div class=\"elementor-container elementor-column-gap-default\">\n\t\t\t\t\t<div class=\"elementor-column elementor-col-100 elementor-top-column elementor-element elementor-element-8765c52\" data-id=\"8765c52\" data-element_type=\"column\">\n\t\t\t<div class=\"elementor-widget-wrap elementor-element-populated\">\n\t\t\t\t\t\t\t\t<div class=\"elementor-element elementor-element-1fcf9ac elementor-widget elementor-widget-heading\" data-id=\"1fcf9ac\" data-element_type=\"widget\" data-widget_type=\"heading.default\">\n\t\t\t\t<div class=\"elementor-widget-container\">\n\t\t\t<h4 class=\"elementor-heading-title elementor-size-default\">Caracter\u00edsticas<\/h4>\t\t<\/div>\n\t\t\t\t<\/div>\n\t\t\t\t<div class=\"elementor-element elementor-element-dd1f3e6 elementor-widget elementor-widget-text-editor\" data-id=\"dd1f3e6\" data-element_type=\"widget\" data-widget_type=\"text-editor.default\">\n\t\t\t\t<div class=\"elementor-widget-container\">\n\t\t\t\t\t\t\t<ul>\n<li><strong>Calibre de alambre de precisi\u00f3n \u00fanico con pantalla digital para la determinaci\u00f3n r\u00e1pida del espesor de pel\u00edcula seca de marcas viales y recubrimientos similares, medido en relaci\u00f3n con el sustrato o la marca misma.<\/strong><\/li>\n<li><strong>La pantalla digital proporciona resultados de medici\u00f3n precisos en segundos.<\/strong><\/li>\n<li><strong>F\u00e1cil manejo, construcci\u00f3n robusta y dise\u00f1o ergon\u00f3mico.<\/strong><\/li>\n<li style=\"list-style-type: none;\"> <\/li>\n<\/ul>\n\t\t\t\t\t\t<\/div>\n\t\t\t\t<\/div>\n\t\t\t\t<div class=\"elementor-element elementor-element-3e9e356 elementor-widget elementor-widget-heading\" data-id=\"3e9e356\" data-element_type=\"widget\" data-widget_type=\"heading.default\">\n\t\t\t\t<div class=\"elementor-widget-container\">\n\t\t\t<h4 class=\"elementor-heading-title elementor-size-default\">Exhibici\u00f3n del producto<\/h4>\t\t<\/div>\n\t\t\t\t<\/div>\n\t\t\t\t\t<\/div>\n\t\t<\/div>\n\t\t\t\t\t\t\t<\/div>\n\t\t<\/section>\n\t\t\t\t<section class=\"elementor-section elementor-top-section elementor-element elementor-element-5cdd4ed elementor-section-boxed elementor-section-height-default elementor-section-height-default\" data-id=\"5cdd4ed\" data-element_type=\"section\">\n\t\t\t\t\t\t<div class=\"elementor-container elementor-column-gap-default\">\n\t\t\t\t\t<div class=\"elementor-column elementor-col-100 elementor-top-column elementor-element elementor-element-1a6b66c\" data-id=\"1a6b66c\" data-element_type=\"column\">\n\t\t\t<div class=\"elementor-widget-wrap elementor-element-populated\">\n\t\t\t\t\t\t\t\t<div class=\"elementor-element elementor-element-5fa3043 elementor-widget elementor-widget-image\" data-id=\"5fa3043\" data-element_type=\"widget\" data-widget_type=\"image.default\">\n\t\t\t\t<div class=\"elementor-widget-container\">\n\t\t\t<style>\/*! elementor - v3.7.0 - 08-08-2022 *\/\n.elementor-widget-image{text-align:center}.elementor-widget-image a{display:inline-block}.elementor-widget-image a img[src$=\".svg\"]{width:48px}.elementor-widget-image img{vertical-align:middle;display:inline-block}<\/style>\t\t\t\t\t\t\t\t\t\t\t\t<img loading=\"lazy\" decoding=\"async\" width=\"393\" height=\"231\" src=\"https:\/\/everstartraffic.com\/wp-content\/uploads\/2022\/05\/\u90e8\u4ef6\u6307\u793a\u56fe.png\" class=\"attachment-large size-large\" alt=\"\" srcset=\"https:\/\/everstartraffic.com\/wp-content\/uploads\/2022\/05\/\u90e8\u4ef6\u6307\u793a\u56fe.png 393w, https:\/\/everstartraffic.com\/wp-content\/uploads\/2022\/05\/\u90e8\u4ef6\u6307\u793a\u56fe-300x176.png 300w\" sizes=\"auto, (max-width: 393px) 100vw, 393px\" \/>\t\t\t\t\t\t\t\t\t\t\t\t\t\t\t<\/div>\n\t\t\t\t<\/div>\n\t\t\t\t<div class=\"elementor-element elementor-element-2a079c0 elementor-widget elementor-widget-text-editor\" data-id=\"2a079c0\" data-element_type=\"widget\" data-widget_type=\"text-editor.default\">\n\t\t\t\t<div class=\"elementor-widget-container\">\n\t\t\t\t\t\t\t<p>1: Equipo de calibre<\/p>\n<p>2: Encendido-apagado<\/p>\n<p>3: Bot\u00f3n cero (Retorno)<\/p>\n<p>4: Pantalla<\/p>\n<p>5: Conmutaci\u00f3n \u201c\u00b1\u201d (conmutaci\u00f3n positiva y negativa)<\/p>\n<p>6: Punto de contacto)<\/p>\n<p>7: Columna Hl (Columna de medici\u00f3n)<\/p>\n<p>8: Brazo de medici\u00f3n (Brazo de medici\u00f3n)<\/p>\n\t\t\t\t\t\t<\/div>\n\t\t\t\t<\/div>\n\t\t\t\t<div class=\"elementor-element elementor-element-ab360b8 elementor-widget elementor-widget-heading\" data-id=\"ab360b8\" data-element_type=\"widget\" data-widget_type=\"heading.default\">\n\t\t\t\t<div class=\"elementor-widget-container\">\n\t\t\t<h4 class=\"elementor-heading-title elementor-size-default\">Fotos detalladas<\/h4>\t\t<\/div>\n\t\t\t\t<\/div>\n\t\t\t\t<div class=\"elementor-element elementor-element-4ab7f29 elementor-widget elementor-widget-image\" data-id=\"4ab7f29\" data-element_type=\"widget\" data-widget_type=\"image.default\">\n\t\t\t\t<div class=\"elementor-widget-container\">\n\t\t\t\t\t\t\t\t\t\t\t\t\t\t\t<img loading=\"lazy\" decoding=\"async\" width=\"1024\" height=\"768\" src=\"https:\/\/everstartraffic.com\/wp-content\/uploads\/2022\/05\/goods-ready-photo-2-1024x768.jpg\" class=\"attachment-large size-large\" alt=\"\" srcset=\"https:\/\/everstartraffic.com\/wp-content\/uploads\/2022\/05\/goods-ready-photo-2-1024x768.jpg 1024w, https:\/\/everstartraffic.com\/wp-content\/uploads\/2022\/05\/goods-ready-photo-2-600x450.jpg 600w, https:\/\/everstartraffic.com\/wp-content\/uploads\/2022\/05\/goods-ready-photo-2-300x225.jpg 300w, https:\/\/everstartraffic.com\/wp-content\/uploads\/2022\/05\/goods-ready-photo-2-768x576.jpg 768w, https:\/\/everstartraffic.com\/wp-content\/uploads\/2022\/05\/goods-ready-photo-2-1320x990.jpg 1320w, https:\/\/everstartraffic.com\/wp-content\/uploads\/2022\/05\/goods-ready-photo-2.jpg 1500w\" sizes=\"auto, (max-width: 1024px) 100vw, 1024px\" \/>\t\t\t\t\t\t\t\t\t\t\t\t\t\t\t<\/div>\n\t\t\t\t<\/div>\n\t\t\t\t<div class=\"elementor-element elementor-element-154371c elementor-widget elementor-widget-image\" data-id=\"154371c\" data-element_type=\"widget\" data-widget_type=\"image.default\">\n\t\t\t\t<div class=\"elementor-widget-container\">\n\t\t\t\t\t\t\t\t\t\t\t\t\t\t\t<img loading=\"lazy\" decoding=\"async\" width=\"1024\" height=\"768\" src=\"https:\/\/everstartraffic.com\/wp-content\/uploads\/2022\/05\/goods-ready-photo-5-1024x768.jpg\" class=\"attachment-large size-large\" alt=\"\" srcset=\"https:\/\/everstartraffic.com\/wp-content\/uploads\/2022\/05\/goods-ready-photo-5-1024x768.jpg 1024w, https:\/\/everstartraffic.com\/wp-content\/uploads\/2022\/05\/goods-ready-photo-5-600x450.jpg 600w, https:\/\/everstartraffic.com\/wp-content\/uploads\/2022\/05\/goods-ready-photo-5-300x225.jpg 300w, https:\/\/everstartraffic.com\/wp-content\/uploads\/2022\/05\/goods-ready-photo-5-768x576.jpg 768w, https:\/\/everstartraffic.com\/wp-content\/uploads\/2022\/05\/goods-ready-photo-5-1320x990.jpg 1320w, https:\/\/everstartraffic.com\/wp-content\/uploads\/2022\/05\/goods-ready-photo-5.jpg 1500w\" sizes=\"auto, (max-width: 1024px) 100vw, 1024px\" \/>\t\t\t\t\t\t\t\t\t\t\t\t\t\t\t<\/div>\n\t\t\t\t<\/div>\n\t\t\t\t<div class=\"elementor-element elementor-element-63e3245 elementor-widget elementor-widget-image\" data-id=\"63e3245\" data-element_type=\"widget\" data-widget_type=\"image.default\">\n\t\t\t\t<div class=\"elementor-widget-container\">\n\t\t\t\t\t\t\t\t\t\t\t\t\t\t\t<img loading=\"lazy\" decoding=\"async\" width=\"1024\" height=\"768\" src=\"https:\/\/everstartraffic.com\/wp-content\/uploads\/2022\/05\/goods-ready-photo-3-1024x768.jpg\" class=\"attachment-large size-large\" alt=\"\" srcset=\"https:\/\/everstartraffic.com\/wp-content\/uploads\/2022\/05\/goods-ready-photo-3-1024x768.jpg 1024w, https:\/\/everstartraffic.com\/wp-content\/uploads\/2022\/05\/goods-ready-photo-3-600x450.jpg 600w, https:\/\/everstartraffic.com\/wp-content\/uploads\/2022\/05\/goods-ready-photo-3-300x225.jpg 300w, https:\/\/everstartraffic.com\/wp-content\/uploads\/2022\/05\/goods-ready-photo-3-768x576.jpg 768w, https:\/\/everstartraffic.com\/wp-content\/uploads\/2022\/05\/goods-ready-photo-3-1320x990.jpg 1320w, https:\/\/everstartraffic.com\/wp-content\/uploads\/2022\/05\/goods-ready-photo-3.jpg 1500w\" sizes=\"auto, (max-width: 1024px) 100vw, 1024px\" \/>\t\t\t\t\t\t\t\t\t\t\t\t\t\t\t<\/div>\n\t\t\t\t<\/div>\n\t\t\t\t<div class=\"elementor-element elementor-element-82fa8a4 elementor-widget elementor-widget-image\" data-id=\"82fa8a4\" data-element_type=\"widget\" data-widget_type=\"image.default\">\n\t\t\t\t<div class=\"elementor-widget-container\">\n\t\t\t\t\t\t\t\t\t\t\t\t\t\t\t<img loading=\"lazy\" decoding=\"async\" width=\"1024\" height=\"768\" src=\"https:\/\/everstartraffic.com\/wp-content\/uploads\/2022\/05\/goods-ready-photo-1-1024x768.jpg\" class=\"attachment-large size-large\" alt=\"\" srcset=\"https:\/\/everstartraffic.com\/wp-content\/uploads\/2022\/05\/goods-ready-photo-1-1024x768.jpg 1024w, https:\/\/everstartraffic.com\/wp-content\/uploads\/2022\/05\/goods-ready-photo-1-600x450.jpg 600w, https:\/\/everstartraffic.com\/wp-content\/uploads\/2022\/05\/goods-ready-photo-1-300x225.jpg 300w, https:\/\/everstartraffic.com\/wp-content\/uploads\/2022\/05\/goods-ready-photo-1-768x576.jpg 768w, https:\/\/everstartraffic.com\/wp-content\/uploads\/2022\/05\/goods-ready-photo-1-1320x990.jpg 1320w, https:\/\/everstartraffic.com\/wp-content\/uploads\/2022\/05\/goods-ready-photo-1.jpg 1500w\" sizes=\"auto, (max-width: 1024px) 100vw, 1024px\" \/>\t\t\t\t\t\t\t\t\t\t\t\t\t\t\t<\/div>\n\t\t\t\t<\/div>\n\t\t\t\t<div class=\"elementor-element elementor-element-903ecac elementor-widget elementor-widget-image\" data-id=\"903ecac\" data-element_type=\"widget\" data-widget_type=\"image.default\">\n\t\t\t\t<div class=\"elementor-widget-container\">\n\t\t\t\t\t\t\t\t\t\t\t\t\t\t\t<img loading=\"lazy\" decoding=\"async\" width=\"1024\" height=\"768\" src=\"https:\/\/everstartraffic.com\/wp-content\/uploads\/2022\/05\/goods-ready-photo-4-1024x768.jpg\" class=\"attachment-large size-large\" alt=\"\" srcset=\"https:\/\/everstartraffic.com\/wp-content\/uploads\/2022\/05\/goods-ready-photo-4-1024x768.jpg 1024w, https:\/\/everstartraffic.com\/wp-content\/uploads\/2022\/05\/goods-ready-photo-4-600x450.jpg 600w, https:\/\/everstartraffic.com\/wp-content\/uploads\/2022\/05\/goods-ready-photo-4-300x225.jpg 300w, https:\/\/everstartraffic.com\/wp-content\/uploads\/2022\/05\/goods-ready-photo-4-768x576.jpg 768w, https:\/\/everstartraffic.com\/wp-content\/uploads\/2022\/05\/goods-ready-photo-4-1320x990.jpg 1320w, https:\/\/everstartraffic.com\/wp-content\/uploads\/2022\/05\/goods-ready-photo-4.jpg 1500w\" sizes=\"auto, (max-width: 1024px) 100vw, 1024px\" \/>\t\t\t\t\t\t\t\t\t\t\t\t\t\t\t<\/div>\n\t\t\t\t<\/div>\n\t\t\t\t<div class=\"elementor-element elementor-element-9d07f51 elementor-widget elementor-widget-image\" data-id=\"9d07f51\" data-element_type=\"widget\" data-widget_type=\"image.default\">\n\t\t\t\t<div class=\"elementor-widget-container\">\n\t\t\t\t\t\t\t\t\t\t\t\t\t\t\t<img loading=\"lazy\" decoding=\"async\" width=\"1024\" height=\"768\" src=\"https:\/\/everstartraffic.com\/wp-content\/uploads\/2022\/05\/\u5fae\u4fe1\u56fe\u7247_20220316230714-1024x768.jpg\" class=\"attachment-large size-large\" alt=\"\" srcset=\"https:\/\/everstartraffic.com\/wp-content\/uploads\/2022\/05\/\u5fae\u4fe1\u56fe\u7247_20220316230714-1024x768.jpg 1024w, https:\/\/everstartraffic.com\/wp-content\/uploads\/2022\/05\/\u5fae\u4fe1\u56fe\u7247_20220316230714-scaled-600x450.jpg 600w, https:\/\/everstartraffic.com\/wp-content\/uploads\/2022\/05\/\u5fae\u4fe1\u56fe\u7247_20220316230714-300x225.jpg 300w, https:\/\/everstartraffic.com\/wp-content\/uploads\/2022\/05\/\u5fae\u4fe1\u56fe\u7247_20220316230714-768x576.jpg 768w, https:\/\/everstartraffic.com\/wp-content\/uploads\/2022\/05\/\u5fae\u4fe1\u56fe\u7247_20220316230714-1536x1152.jpg 1536w, https:\/\/everstartraffic.com\/wp-content\/uploads\/2022\/05\/\u5fae\u4fe1\u56fe\u7247_20220316230714-2048x1536.jpg 2048w, https:\/\/everstartraffic.com\/wp-content\/uploads\/2022\/05\/\u5fae\u4fe1\u56fe\u7247_20220316230714-1320x990.jpg 1320w\" sizes=\"auto, (max-width: 1024px) 100vw, 1024px\" \/>\t\t\t\t\t\t\t\t\t\t\t\t\t\t\t<\/div>\n\t\t\t\t<\/div>\n\t\t\t\t<div class=\"elementor-element elementor-element-0dceb9e elementor-widget elementor-widget-image\" data-id=\"0dceb9e\" data-element_type=\"widget\" data-widget_type=\"image.default\">\n\t\t\t\t<div class=\"elementor-widget-container\">\n\t\t\t\t\t\t\t\t\t\t\t\t\t\t\t<img loading=\"lazy\" decoding=\"async\" width=\"768\" height=\"1024\" src=\"https:\/\/everstartraffic.com\/wp-content\/uploads\/2022\/05\/\u5fae\u4fe1\u56fe\u7247_20220316230701-768x1024.jpg\" class=\"attachment-large size-large\" alt=\"\" srcset=\"https:\/\/everstartraffic.com\/wp-content\/uploads\/2022\/05\/\u5fae\u4fe1\u56fe\u7247_20220316230701-768x1024.jpg 768w, https:\/\/everstartraffic.com\/wp-content\/uploads\/2022\/05\/\u5fae\u4fe1\u56fe\u7247_20220316230701-scaled-600x800.jpg 600w, https:\/\/everstartraffic.com\/wp-content\/uploads\/2022\/05\/\u5fae\u4fe1\u56fe\u7247_20220316230701-225x300.jpg 225w, https:\/\/everstartraffic.com\/wp-content\/uploads\/2022\/05\/\u5fae\u4fe1\u56fe\u7247_20220316230701-1152x1536.jpg 1152w, https:\/\/everstartraffic.com\/wp-content\/uploads\/2022\/05\/\u5fae\u4fe1\u56fe\u7247_20220316230701-1536x2048.jpg 1536w, https:\/\/everstartraffic.com\/wp-content\/uploads\/2022\/05\/\u5fae\u4fe1\u56fe\u7247_20220316230701-1320x1760.jpg 1320w, https:\/\/everstartraffic.com\/wp-content\/uploads\/2022\/05\/\u5fae\u4fe1\u56fe\u7247_20220316230701-scaled.jpg 1920w\" sizes=\"auto, (max-width: 768px) 100vw, 768px\" \/>\t\t\t\t\t\t\t\t\t\t\t\t\t\t\t<\/div>\n\t\t\t\t<\/div>\n\t\t\t\t<div class=\"elementor-element elementor-element-e1af794 elementor-widget elementor-widget-image\" data-id=\"e1af794\" data-element_type=\"widget\" data-widget_type=\"image.default\">\n\t\t\t\t<div class=\"elementor-widget-container\">\n\t\t\t\t\t\t\t\t\t\t\t\t\t\t\t<img loading=\"lazy\" decoding=\"async\" width=\"750\" height=\"750\" src=\"https:\/\/everstartraffic.com\/wp-content\/uploads\/2022\/05\/\u5fae\u4fe1\u56fe\u7247_20220109230954.jpg\" class=\"attachment-large size-large\" alt=\"\" srcset=\"https:\/\/everstartraffic.com\/wp-content\/uploads\/2022\/05\/\u5fae\u4fe1\u56fe\u7247_20220109230954.jpg 750w, https:\/\/everstartraffic.com\/wp-content\/uploads\/2022\/05\/\u5fae\u4fe1\u56fe\u7247_20220109230954-300x300.jpg 300w, https:\/\/everstartraffic.com\/wp-content\/uploads\/2022\/05\/\u5fae\u4fe1\u56fe\u7247_20220109230954-100x100.jpg 100w, https:\/\/everstartraffic.com\/wp-content\/uploads\/2022\/05\/\u5fae\u4fe1\u56fe\u7247_20220109230954-600x600.jpg 600w, https:\/\/everstartraffic.com\/wp-content\/uploads\/2022\/05\/\u5fae\u4fe1\u56fe\u7247_20220109230954-150x150.jpg 150w\" sizes=\"auto, (max-width: 750px) 100vw, 750px\" \/>\t\t\t\t\t\t\t\t\t\t\t\t\t\t\t<\/div>\n\t\t\t\t<\/div>\n\t\t\t\t<div class=\"elementor-element elementor-element-41a88ee elementor-widget elementor-widget-image\" data-id=\"41a88ee\" data-element_type=\"widget\" data-widget_type=\"image.default\">\n\t\t\t\t<div class=\"elementor-widget-container\">\n\t\t\t\t\t\t\t\t\t\t\t\t\t\t\t<img loading=\"lazy\" decoding=\"async\" width=\"600\" height=\"800\" src=\"https:\/\/everstartraffic.com\/wp-content\/uploads\/2022\/05\/\u5fae\u4fe1\u56fe\u7247_20220109231013.jpg\" class=\"attachment-large size-large\" alt=\"\" srcset=\"https:\/\/everstartraffic.com\/wp-content\/uploads\/2022\/05\/\u5fae\u4fe1\u56fe\u7247_20220109231013.jpg 600w, https:\/\/everstartraffic.com\/wp-content\/uploads\/2022\/05\/\u5fae\u4fe1\u56fe\u7247_20220109231013-225x300.jpg 225w\" sizes=\"auto, (max-width: 600px) 100vw, 600px\" \/>\t\t\t\t\t\t\t\t\t\t\t\t\t\t\t<\/div>\n\t\t\t\t<\/div>\n\t\t\t\t\t<\/div>\n\t\t<\/div>\n\t\t\t\t\t\t\t<\/div>\n\t\t<\/section>\n\t\t\t\t<section class=\"elementor-section elementor-top-section elementor-element elementor-element-bc1dbb6 elementor-section-boxed elementor-section-height-default elementor-section-height-default\" data-id=\"bc1dbb6\" data-element_type=\"section\">\n\t\t\t\t\t\t<div class=\"elementor-container elementor-column-gap-default\">\n\t\t\t\t\t<div class=\"elementor-column elementor-col-100 elementor-top-column elementor-element elementor-element-8ea797d\" data-id=\"8ea797d\" data-element_type=\"column\">\n\t\t\t<div class=\"elementor-widget-wrap elementor-element-populated\">\n\t\t\t\t\t\t\t\t<div class=\"elementor-element elementor-element-b333a2c elementor-widget elementor-widget-heading\" data-id=\"b333a2c\" data-element_type=\"widget\" data-widget_type=\"heading.default\">\n\t\t\t\t<div class=\"elementor-widget-container\">\n\t\t\t<h4 class=\"elementor-heading-title elementor-size-default\">Aplicaciones<\/h4>\t\t<\/div>\n\t\t\t\t<\/div>\n\t\t\t\t\t<\/div>\n\t\t<\/div>\n\t\t\t\t\t\t\t<\/div>\n\t\t<\/section>\n\t\t\t\t<section class=\"elementor-section elementor-top-section elementor-element elementor-element-4cdfe94 elementor-section-boxed elementor-section-height-default elementor-section-height-default\" data-id=\"4cdfe94\" data-element_type=\"section\">\n\t\t\t\t\t\t<div class=\"elementor-container elementor-column-gap-default\">\n\t\t\t\t\t<div class=\"elementor-column elementor-col-100 elementor-top-column elementor-element elementor-element-5744315\" data-id=\"5744315\" data-element_type=\"column\">\n\t\t\t<div class=\"elementor-widget-wrap elementor-element-populated\">\n\t\t\t\t\t\t\t\t<div class=\"elementor-element elementor-element-fd01b6f elementor-widget elementor-widget-text-editor\" data-id=\"fd01b6f\" data-element_type=\"widget\" data-widget_type=\"text-editor.default\">\n\t\t\t\t<div class=\"elementor-widget-container\">\n\t\t\t\t\t\t\t<ul>\n<li><strong>Aplicable a muchos tipos de se\u00f1ales de tr\u00e1fico que incluyan o no l\u00edneas reflectantes.<\/strong><\/li>\n<li><strong>Un instrumento de medici\u00f3n de alta precisi\u00f3n que puede medir r\u00e1pidamente el espesor del revestimiento de se\u00f1ales de tr\u00e1fico y revestimientos similares.<\/strong><\/li>\n<li><strong>Pantalla digital, clara y f\u00e1cil de leer.<\/strong><\/li>\n<li><strong>Se puede medir directamente en la carretera y tambi\u00e9n en muestras en el laboratorio.<\/strong><\/li>\n<li><strong>Aplicable a departamentos de transporte nacionales, laboratorios de carreteras y unidades de fabricaci\u00f3n de se\u00f1ales de tr\u00e1fico.<\/strong><\/li>\n<\/ul>\n\t\t\t\t\t\t<\/div>\n\t\t\t\t<\/div>\n\t\t\t\t\t<\/div>\n\t\t<\/div>\n\t\t\t\t\t\t\t<\/div>\n\t\t<\/section>\n\t\t\t\t\t\t\t<\/div>\n\t\t","protected":false},"excerpt":{"rendered":"<p>El comprobador de espesor de l\u00ednea de demarcaci\u00f3n vial se utiliza para medir el espesor de la l\u00ednea de demarcaci\u00f3n vial terminada. Es aplicable a la medici\u00f3n de l\u00edneas de demarcaci\u00f3n vial termopl\u00e1sticas y l\u00edneas de demarcaci\u00f3n de pintura en fr\u00edo. Adopta el sensor de medici\u00f3n importado de Jap\u00f3n que tiene una precisi\u00f3n muy alta.  <\/p>\n","protected":false},"featured_media":5326,"comment_status":"open","ping_status":"closed","template":"","meta":{"_monsterinsights_skip_tracking":false,"_monsterinsights_sitenote_active":false,"_monsterinsights_sitenote_note":"","_monsterinsights_sitenote_category":0,"spay_email":"","jetpack_publicize_message":"","jetpack_is_tweetstorm":false,"jetpack_publicize_feature_enabled":true},"product_cat":[340,337,294],"product_tag":[415,460],"class_list":["post-9528","product","type-product","status-publish","has-post-thumbnail","hentry","product_cat-equipo-de-prueba-de-senalizacion-vial","product_cat-maquina-de-marcado-de-carreteras","product_cat-sin-categorizar","product_tag-comprobador-de-espesor-de-linea","product_tag-comprobador-de-senalizacion-vial"],"aioseo_notices":[],"_links":{"self":[{"href":"https:\/\/everstartraffic.com\/es\/wp-json\/wp\/v2\/product\/9528","targetHints":{"allow":["GET"]}}],"collection":[{"href":"https:\/\/everstartraffic.com\/es\/wp-json\/wp\/v2\/product"}],"about":[{"href":"https:\/\/everstartraffic.com\/es\/wp-json\/wp\/v2\/types\/product"}],"replies":[{"embeddable":true,"href":"https:\/\/everstartraffic.com\/es\/wp-json\/wp\/v2\/comments?post=9528"}],"version-history":[{"count":1,"href":"https:\/\/everstartraffic.com\/es\/wp-json\/wp\/v2\/product\/9528\/revisions"}],"predecessor-version":[{"id":9529,"href":"https:\/\/everstartraffic.com\/es\/wp-json\/wp\/v2\/product\/9528\/revisions\/9529"}],"wp:featuredmedia":[{"embeddable":true,"href":"https:\/\/everstartraffic.com\/es\/wp-json\/wp\/v2\/media\/5326"}],"wp:attachment":[{"href":"https:\/\/everstartraffic.com\/es\/wp-json\/wp\/v2\/media?parent=9528"}],"wp:term":[{"taxonomy":"product_cat","embeddable":true,"href":"https:\/\/everstartraffic.com\/es\/wp-json\/wp\/v2\/product_cat?post=9528"},{"taxonomy":"product_tag","embeddable":true,"href":"https:\/\/everstartraffic.com\/es\/wp-json\/wp\/v2\/product_tag?post=9528"}],"curies":[{"name":"wp","href":"https:\/\/api.w.org\/{rel}","templated":true}]}}