{"id":9512,"date":"2022-06-16T05:12:37","date_gmt":"2022-06-16T05:12:37","guid":{"rendered":"https:\/\/www.everstartraffic.com\/product\/comprobador-automatico-de-blancura-de-pintura-termoplastica-es-i-colorimetro-tristimulo\/"},"modified":"2024-09-18T12:40:41","modified_gmt":"2024-09-18T12:40:41","slug":"comprobador-automatico-de-blancura-de-pintura-termoplastica-es-i-colorimetro-tristimulo","status":"publish","type":"product","link":"https:\/\/everstartraffic.com\/es\/product\/comprobador-automatico-de-blancura-de-pintura-termoplastica-es-i-colorimetro-tristimulo\/","title":{"rendered":"COMPROBADOR AUTOM\u00c1TICO DE BLANCURA DE PINTURA TERMOPL\u00c1STICA ES-I COLOR\u00cdMETRO TRIST\u00cdMULO"},"content":{"rendered":"\t\t<div data-elementor-type=\"product-post\" data-elementor-id=\"9512\" class=\"elementor elementor-9512 elementor-5545\">\n\t\t\t\t\t\t\t\t\t<section class=\"elementor-section elementor-top-section elementor-element elementor-element-9b38685 elementor-section-boxed elementor-section-height-default elementor-section-height-default\" data-id=\"9b38685\" data-element_type=\"section\">\n\t\t\t\t\t\t<div class=\"elementor-container elementor-column-gap-default\">\n\t\t\t\t\t<div class=\"elementor-column elementor-col-100 elementor-top-column elementor-element elementor-element-228d7a8\" data-id=\"228d7a8\" data-element_type=\"column\">\n\t\t\t<div class=\"elementor-widget-wrap elementor-element-populated\">\n\t\t\t\t\t\t\t\t<div class=\"elementor-element elementor-element-453d033 elementor-widget elementor-widget-heading\" data-id=\"453d033\" data-element_type=\"widget\" data-widget_type=\"heading.default\">\n\t\t\t\t<div class=\"elementor-widget-container\">\n\t\t\t<style>\/*! elementor - v3.7.0 - 08-08-2022 *\/\n.elementor-heading-title{padding:0;margin:0;line-height:1}.elementor-widget-heading .elementor-heading-title[class*=elementor-size-]>a{color:inherit;font-size:inherit;line-height:inherit}.elementor-widget-heading .elementor-heading-title.elementor-size-small{font-size:15px}.elementor-widget-heading .elementor-heading-title.elementor-size-medium{font-size:19px}.elementor-widget-heading .elementor-heading-title.elementor-size-large{font-size:29px}.elementor-widget-heading .elementor-heading-title.elementor-size-xl{font-size:39px}.elementor-widget-heading .elementor-heading-title.elementor-size-xxl{font-size:59px}<\/style><h4 class=\"elementor-heading-title elementor-size-default\">Par\u00e1metros del producto<\/h4>\t\t<\/div>\n\t\t\t\t<\/div>\n\t\t\t\t\t<\/div>\n\t\t<\/div>\n\t\t\t\t\t\t\t<\/div>\n\t\t<\/section>\n\t\t\t\t<section class=\"elementor-section elementor-top-section elementor-element elementor-element-423f4df elementor-section-boxed elementor-section-height-default elementor-section-height-default\" data-id=\"423f4df\" data-element_type=\"section\">\n\t\t\t\t\t\t<div class=\"elementor-container elementor-column-gap-default\">\n\t\t\t\t\t<div class=\"elementor-column elementor-col-100 elementor-top-column elementor-element elementor-element-2e52745\" data-id=\"2e52745\" data-element_type=\"column\">\n\t\t\t<div class=\"elementor-widget-wrap elementor-element-populated\">\n\t\t\t\t\t\t\t\t<div class=\"elementor-element elementor-element-fdbac7c elementor-widget elementor-widget-text-editor\" data-id=\"fdbac7c\" data-element_type=\"widget\" data-widget_type=\"text-editor.default\">\n\t\t\t\t<div class=\"elementor-widget-container\">\n\t\t\t<style>\/*! elementor - v3.7.0 - 08-08-2022 *\/\n.elementor-widget-text-editor.elementor-drop-cap-view-stacked .elementor-drop-cap{background-color:#818a91;color:#fff}.elementor-widget-text-editor.elementor-drop-cap-view-framed .elementor-drop-cap{color:#818a91;border:3px solid;background-color:transparent}.elementor-widget-text-editor:not(.elementor-drop-cap-view-default) .elementor-drop-cap{margin-top:8px}.elementor-widget-text-editor:not(.elementor-drop-cap-view-default) .elementor-drop-cap-letter{width:1em;height:1em}.elementor-widget-text-editor .elementor-drop-cap{float:left;text-align:center;line-height:1;font-size:50px}.elementor-widget-text-editor .elementor-drop-cap-letter{display:inline-block}<\/style>\t\t\t\t<ul>\n \t<li><b><\/b><strong><b>Modelo<\/b><\/strong> <strong><b>Probador autom\u00e1tico de blancura de pintura termopl\u00e1stica ES-I<\/b><\/strong><\/li>\n \t<li><b><\/b><strong><b>Condiciones de luz y medici\u00f3n: 0\/d.<\/b><\/strong><\/li>\n \t<li><b><\/b><strong><b>Tipo: Color\u00edmetro de blancura port\u00e1til.<\/b><\/strong><\/li>\n \t<li><b><\/b><strong><b>Apertura de medici\u00f3n: \u03c618 mm<\/b><\/strong><\/li>\n \t<li><b><\/b><strong><b>Sensibilidad: Se aproxima a la funci\u00f3n isocrom\u00e1tica CIE1964.<\/b><\/strong><\/li>\n \t<li><b><\/b><strong><b>Referencia de correcci\u00f3n: La referencia de la placa de ajuste blanca de la norma nacional.<\/b><\/strong><\/li>\n \t<li><b><\/b><strong><b>Condici\u00f3n de observaci\u00f3n:Fuente luminosa est\u00e1ndar D65.<\/b><\/strong><\/li>\n \t<li><b><\/b><strong><b>Par\u00e1metros de color aparentes:<\/b><\/strong><\/li>\n \t<li><b><\/b><strong><b>Valor absoluto: CIE XYZ, Y<\/b><\/strong><strong><b>XY<\/b><\/strong><strong><b>, L*a*b*, L*C*H*, Laboratorio Hunter.<\/b><\/strong><\/li>\n \t<li><b><\/b><strong><b>Chromatic: aberration: Chromatic aberration value of the Y<\/b><\/strong><strong><b>XY<\/b><\/strong><strong><b>, L*a*b*, L*C*H*, HunterLab .<\/b><\/strong><\/li>\n \t<li><b><\/b><strong><b>Blancura: valor de blancura CIE86 Wg y Tw, valor de blancura R457 Wr, valor de blancura Hunter Wh, valor de blancura GB5950 Wj, valor de blancura GB1530 y blancura amarilla media W<\/b><\/strong><strong><b>TY<\/b><\/strong><strong><b>valor y blancura azul W<\/b><\/strong><strong><b>TB<\/b><\/strong><strong><b>valor, valor de blancura de Stensby Ws y valor de blancura de Stephansen Wp.<\/b><\/strong><\/li>\n \t<li><b><\/b><strong><b>Amarillez: ASTM (D1925) amarillez YI<\/b><\/strong><strong><b>D<\/b><\/strong><strong><b>Valor y amarillez ASTM (E) YI<\/b><\/strong><strong><b>E<\/b><\/strong><b><\/b><\/li>\n \t<li><b><\/b><strong><b> Solidez del color: Solidez del color de remojo de la serie SSR y la aberraci\u00f3n crom\u00e1tica de la tarjeta gris \u25b3E*<\/b><\/strong><strong><b>GS<\/b><\/strong><strong><b>.<\/b><\/strong><\/li>\n \t<li><b><\/b><strong><b> Serie GS de solidez de color variable y aberraci\u00f3n crom\u00e1tica de la tarjeta gris \u25b3E<\/b><\/strong><strong><b>F<\/b><\/strong><strong><b>.<\/b><\/strong><\/li>\n \t<li><b><\/b><strong><b>Error del valor mostrado: W\u2264\u00b11,0<\/b><\/strong><\/li>\n \t<li><b><\/b><strong><b>Precisi\u00f3n de repetici\u00f3n: \u0394W\u2264\u00b10,2 <\/b><\/strong><\/li>\n \t<li><b><\/b><strong><b>Parte de impresi\u00f3n: Impresora de celos\u00eda de 16 agujas (el usuario puede seleccionar si desea estar equipada con ella o no).<\/b><\/strong><\/li>\n \t<li><b><\/b><strong><b>Rango de temperatura de aplicaci\u00f3n: 15 ~ 40 \u2103.<\/b><\/strong><\/li>\n \t<li><b><\/b><strong><b>Rango de temperatura de almacenamiento: 0 ~ 55 \u2103.<\/b><\/strong><\/li>\n<\/ul>\t\t\t\t\t\t<\/div>\n\t\t\t\t<\/div>\n\t\t\t\t\t<\/div>\n\t\t<\/div>\n\t\t\t\t\t\t\t<\/div>\n\t\t<\/section>\n\t\t\t\t<section class=\"elementor-section elementor-top-section elementor-element elementor-element-9ee288a elementor-section-boxed elementor-section-height-default elementor-section-height-default\" data-id=\"9ee288a\" data-element_type=\"section\">\n\t\t\t\t\t\t<div class=\"elementor-container elementor-column-gap-default\">\n\t\t\t\t\t<div class=\"elementor-column elementor-col-100 elementor-top-column elementor-element elementor-element-59ab007\" data-id=\"59ab007\" data-element_type=\"column\">\n\t\t\t<div class=\"elementor-widget-wrap elementor-element-populated\">\n\t\t\t\t\t\t\t\t<div class=\"elementor-element elementor-element-b2b18ce elementor-widget elementor-widget-heading\" data-id=\"b2b18ce\" data-element_type=\"widget\" data-widget_type=\"heading.default\">\n\t\t\t\t<div class=\"elementor-widget-container\">\n\t\t\t<h4 class=\"elementor-heading-title elementor-size-default\">Caracter\u00edsticas<\/h4>\t\t<\/div>\n\t\t\t\t<\/div>\n\t\t\t\t\t<\/div>\n\t\t<\/div>\n\t\t\t\t\t\t\t<\/div>\n\t\t<\/section>\n\t\t\t\t<section class=\"elementor-section elementor-top-section elementor-element elementor-element-c97ae3c elementor-section-boxed elementor-section-height-default elementor-section-height-default\" data-id=\"c97ae3c\" data-element_type=\"section\">\n\t\t\t\t\t\t<div class=\"elementor-container elementor-column-gap-default\">\n\t\t\t\t\t<div class=\"elementor-column elementor-col-100 elementor-top-column elementor-element elementor-element-ef5fe52\" data-id=\"ef5fe52\" data-element_type=\"column\">\n\t\t\t<div class=\"elementor-widget-wrap elementor-element-populated\">\n\t\t\t\t\t\t\t\t<div class=\"elementor-element elementor-element-61ef1b2 elementor-widget elementor-widget-text-editor\" data-id=\"61ef1b2\" data-element_type=\"widget\" data-widget_type=\"text-editor.default\">\n\t\t\t\t<div class=\"elementor-widget-container\">\n\t\t\t\t\t\t\t<p>Relaci\u00f3n matem\u00e1tica de los distintos grados de blancura que muestra el instrumento<\/p>\n<\/p>\n<p>Este medidor de blancura proporciona el sistema de color CIE XYZ y, al mismo tiempo, de acuerdo con los requisitos de diferentes industrias y departamentos de medici\u00f3n en China para los est\u00e1ndares de blancura, proporciona 6 tipos de f\u00f3rmulas de blancura de uso com\u00fan.<\/p>\n<p>1. Sistema de color XYZ X, Y, Z son los tres valores de est\u00edmulo de la muestra medidos directamente por el instrumento. Los tres valores de excitaci\u00f3n X, Y, Z est\u00e1n especificados por el sistema de color CIE1964 (10\u00b0) y se convierten en los par\u00e1metros b\u00e1sicos para medir todos los sistemas de color CIE y valores de color como el valor de blancura.<\/p>\n<p>2. Blancura CIE86<\/p>\n<p>La blancura CIE86 es la f\u00f3rmula de blancura (tambi\u00e9n conocida como blancura de Gantz) recomendada oficialmente por el Comit\u00e9 de Blancura CIE en 1983 y publicada oficialmente en 1986. Sus caracter\u00edsticas son: el c\u00e1lculo se basa en el valor triest\u00edmulo de color del objeto. Las propiedades del valor triest\u00edmulo de color determinan la contribuci\u00f3n a la blancura. Sus superficies de blancura iguales son el mismo plano en el espacio de color y la f\u00f3rmula es lineal. La ecuaci\u00f3n de blancura es la siguiente:    <\/p>\n<p>Wg=Y+800\u00d7(xn-x)+1700\u00d7(yn-y)<\/p>\n<p>Tw=900\u00d7(xn-x)-650\u00d7(yn-y)<\/p>\n<p>En la f\u00f3rmula, Wg es el valor de blancura, Tw es el \u00edndice de tono; Y, x, y son los valores de la muestra medida; xn, yn son las coordenadas de cromaticidad de la fuente de luz D65 bajo un campo de visi\u00f3n de 10\u00b0: xn=0,3138 yn=0,3310<\/p>\n<p>Nota recomendada por la CIE: La f\u00f3rmula de blancura proporciona una evaluaci\u00f3n relativa, no absoluta, de la blancura. Para muestras con tonos pronunciados, no tiene sentido utilizar la f\u00f3rmula CIE86. Con la f\u00f3rmula anterior, sus valores Wg y Tw deben estar dentro de los siguientes l\u00edmites:  <\/p>\n<p>-3\uff1cTw\uff1c+3 40\uff1cWg\uff1c(5Y-280)<\/p>\n<p>3. Blancura R457<\/p>\n<p>La blancura R457 es un m\u00e9todo simple de representaci\u00f3n de la blancura. La blancura R457 (tambi\u00e9n conocida como blancura inversa azul) se ha utilizado en la medici\u00f3n de la reflectancia difusa del papel en la norma internacional ISO2470, as\u00ed como en las industrias del papel, los pl\u00e1sticos y otras de mi pa\u00eds. Estipula que con una iluminaci\u00f3n de fuente de luz A aproximada, la longitud de onda m\u00e1xima de la curva de sensibilidad espectral efectiva general del instrumento de blancura est\u00e1 a 457 nm y el ancho de media onda es de 44 nm. Debido a que la curva de reflectancia de las muestras blancas generales es relativamente simple, la blancura es m\u00e1s sensible en la regi\u00f3n azul de onda corta, el instrumento es simple y el m\u00e9todo es f\u00e1cil, por lo que algunas industrias a\u00fan lo utilizan.   <\/p>\n<p>En condiciones de D65\/10\u00b0, el instrumento de cromaticidad triest\u00edmulo tambi\u00e9n puede obtener el valor de blancura R457 utilizando el valor medido. Su ecuaci\u00f3n de conversi\u00f3n es: Wr=0,925\u00d7Z+1,16 <\/p>\n<p>En la f\u00f3rmula, Wr representa el valor de blancura de R457, que es el valor medido de la muestra.<\/p>\n<p>4. Blancura de cazador<\/p>\n<p>Utilice los valores medidos de los par\u00e1metros L, a y b del sistema de color HunterLab para calcular:<\/p>\n<p>Wh=100-<\/p>\n<p>En la f\u00f3rmula, Wh representa el valor de blancura de Hunter.<\/p>\n<p>5.GB5950 blancura<\/p>\n<p>GB5950 \u00abM\u00e9todo de medici\u00f3n de la blancura de materiales de construcci\u00f3n y productos minerales no met\u00e1licos\u00bb es una norma de m\u00e9todo de prueba de blancura formulada por la industria nacional de materiales de construcci\u00f3n de China. La f\u00f3rmula de c\u00e1lculo de blancura requerida por esta norma es la siguiente: <\/p>\n<p>Wj=Y+400x-1000y+205.5<\/p>\n<p>En la f\u00f3rmula, Wj es el valor de blancura de GB5950, e Y, x e y son los valores medidos bajo la condici\u00f3n de fuente de luz D65 y campo de visi\u00f3n de 10\u00b0.<\/p>\n<p>6.GB1530 blancura<\/p>\n<p>GB1530 es una norma de m\u00e9todo de medici\u00f3n de blancura formulada por la industria de cer\u00e1mica de uso diario de China. La norma exige que el valor de blancura sea azul-blanco o amarillo-blanco seg\u00fan el tono del valor medido del objeto. La f\u00f3rmula de c\u00e1lculo es la siguiente:  <\/p>\n<p>WTY=Y+818x-1365y+195 135\u00ba\u2265H\u00ba\u2265315\u00ba<\/p>\n<p>WTB=Y-250X+3y+77.5 135\u00ba&lt; H\u00ba&lt;315\u00ba<\/p>\n<p>donde WTY es el valor de amarillez y blancura, WTB es el valor de azul y blancura, H es el \u00e1ngulo de tono calculado a partir del valor medido del objeto,<\/p>\n<p>Y, x, y son valores medidos bajo la condici\u00f3n de fuente de luz D65, campo de visi\u00f3n de 10\u00b0.<\/p>\n<p>7. Blancura de Stensby<\/p>\n<p>Ws=L-3b+3a<\/p>\n<p>8. blancura de stephansen<\/p>\n<p>Wp=2.0817Z-1.3011X<\/p>\n\t\t\t\t\t\t<\/div>\n\t\t\t\t<\/div>\n\t\t\t\t\t<\/div>\n\t\t<\/div>\n\t\t\t\t\t\t\t<\/div>\n\t\t<\/section>\n\t\t\t\t<section class=\"elementor-section elementor-top-section elementor-element elementor-element-9b1a1e0 elementor-section-boxed elementor-section-height-default elementor-section-height-default\" data-id=\"9b1a1e0\" data-element_type=\"section\">\n\t\t\t\t\t\t<div class=\"elementor-container elementor-column-gap-default\">\n\t\t\t\t\t<div class=\"elementor-column elementor-col-100 elementor-top-column elementor-element elementor-element-8faa56e\" data-id=\"8faa56e\" data-element_type=\"column\">\n\t\t\t<div class=\"elementor-widget-wrap elementor-element-populated\">\n\t\t\t\t\t\t\t\t<div class=\"elementor-element elementor-element-cbf0d60 elementor-widget elementor-widget-heading\" data-id=\"cbf0d60\" data-element_type=\"widget\" data-widget_type=\"heading.default\">\n\t\t\t\t<div class=\"elementor-widget-container\">\n\t\t\t<h4 class=\"elementor-heading-title elementor-size-default\">Exhibici\u00f3n del producto<\/h4>\t\t<\/div>\n\t\t\t\t<\/div>\n\t\t\t\t\t<\/div>\n\t\t<\/div>\n\t\t\t\t\t\t\t<\/div>\n\t\t<\/section>\n\t\t\t\t<section class=\"elementor-section elementor-top-section elementor-element elementor-element-eb38ab4 elementor-section-boxed elementor-section-height-default elementor-section-height-default\" data-id=\"eb38ab4\" data-element_type=\"section\">\n\t\t\t\t\t\t<div class=\"elementor-container elementor-column-gap-default\">\n\t\t\t\t\t<div class=\"elementor-column elementor-col-100 elementor-top-column elementor-element elementor-element-d510857\" data-id=\"d510857\" data-element_type=\"column\">\n\t\t\t<div class=\"elementor-widget-wrap elementor-element-populated\">\n\t\t\t\t\t\t\t\t<div class=\"elementor-element elementor-element-f157659 elementor-widget elementor-widget-image\" data-id=\"f157659\" data-element_type=\"widget\" data-widget_type=\"image.default\">\n\t\t\t\t<div class=\"elementor-widget-container\">\n\t\t\t<style>\/*! elementor - v3.7.0 - 08-08-2022 *\/\n.elementor-widget-image{text-align:center}.elementor-widget-image a{display:inline-block}.elementor-widget-image a img[src$=\".svg\"]{width:48px}.elementor-widget-image img{vertical-align:middle;display:inline-block}<\/style>\t\t\t\t\t\t\t\t\t\t\t\t<img loading=\"lazy\" decoding=\"async\" width=\"800\" height=\"800\" src=\"https:\/\/everstartraffic.com\/wp-content\/uploads\/2022\/06\/\u767d\u5ea6\u6d4b\u8bd5\u4eea\u4e3b\u56fe-4.jpg\" class=\"attachment-large size-large\" alt=\"\" srcset=\"https:\/\/everstartraffic.com\/wp-content\/uploads\/2022\/06\/\u767d\u5ea6\u6d4b\u8bd5\u4eea\u4e3b\u56fe-4.jpg 800w, https:\/\/everstartraffic.com\/wp-content\/uploads\/2022\/06\/\u767d\u5ea6\u6d4b\u8bd5\u4eea\u4e3b\u56fe-4-300x300.jpg 300w, https:\/\/everstartraffic.com\/wp-content\/uploads\/2022\/06\/\u767d\u5ea6\u6d4b\u8bd5\u4eea\u4e3b\u56fe-4-100x100.jpg 100w, https:\/\/everstartraffic.com\/wp-content\/uploads\/2022\/06\/\u767d\u5ea6\u6d4b\u8bd5\u4eea\u4e3b\u56fe-4-600x600.jpg 600w, https:\/\/everstartraffic.com\/wp-content\/uploads\/2022\/06\/\u767d\u5ea6\u6d4b\u8bd5\u4eea\u4e3b\u56fe-4-150x150.jpg 150w, https:\/\/everstartraffic.com\/wp-content\/uploads\/2022\/06\/\u767d\u5ea6\u6d4b\u8bd5\u4eea\u4e3b\u56fe-4-768x768.jpg 768w\" sizes=\"auto, (max-width: 800px) 100vw, 800px\" \/>\t\t\t\t\t\t\t\t\t\t\t\t\t\t\t<\/div>\n\t\t\t\t<\/div>\n\t\t\t\t<div class=\"elementor-element elementor-element-e1a2d23 elementor-widget elementor-widget-image\" data-id=\"e1a2d23\" data-element_type=\"widget\" data-widget_type=\"image.default\">\n\t\t\t\t<div class=\"elementor-widget-container\">\n\t\t\t\t\t\t\t\t\t\t\t\t\t\t\t<img loading=\"lazy\" decoding=\"async\" width=\"800\" height=\"800\" src=\"https:\/\/everstartraffic.com\/wp-content\/uploads\/2022\/06\/\u767d\u5ea6\u6d4b\u8bd5\u4eea\u4e3b\u56fe-2.jpg\" class=\"attachment-large size-large\" alt=\"\" srcset=\"https:\/\/everstartraffic.com\/wp-content\/uploads\/2022\/06\/\u767d\u5ea6\u6d4b\u8bd5\u4eea\u4e3b\u56fe-2.jpg 800w, https:\/\/everstartraffic.com\/wp-content\/uploads\/2022\/06\/\u767d\u5ea6\u6d4b\u8bd5\u4eea\u4e3b\u56fe-2-300x300.jpg 300w, https:\/\/everstartraffic.com\/wp-content\/uploads\/2022\/06\/\u767d\u5ea6\u6d4b\u8bd5\u4eea\u4e3b\u56fe-2-100x100.jpg 100w, https:\/\/everstartraffic.com\/wp-content\/uploads\/2022\/06\/\u767d\u5ea6\u6d4b\u8bd5\u4eea\u4e3b\u56fe-2-600x600.jpg 600w, https:\/\/everstartraffic.com\/wp-content\/uploads\/2022\/06\/\u767d\u5ea6\u6d4b\u8bd5\u4eea\u4e3b\u56fe-2-150x150.jpg 150w, https:\/\/everstartraffic.com\/wp-content\/uploads\/2022\/06\/\u767d\u5ea6\u6d4b\u8bd5\u4eea\u4e3b\u56fe-2-768x768.jpg 768w\" sizes=\"auto, (max-width: 800px) 100vw, 800px\" \/>\t\t\t\t\t\t\t\t\t\t\t\t\t\t\t<\/div>\n\t\t\t\t<\/div>\n\t\t\t\t<div class=\"elementor-element elementor-element-c648f8f elementor-widget elementor-widget-image\" data-id=\"c648f8f\" data-element_type=\"widget\" data-widget_type=\"image.default\">\n\t\t\t\t<div class=\"elementor-widget-container\">\n\t\t\t\t\t\t\t\t\t\t\t\t\t\t\t<img loading=\"lazy\" decoding=\"async\" width=\"1024\" height=\"768\" src=\"https:\/\/everstartraffic.com\/wp-content\/uploads\/2022\/06\/\u767d\u5ea6\u6d4b\u8bd5\u4eea\u4e3b\u56fe-5-1024x768.jpg\" class=\"attachment-large size-large\" alt=\"\" srcset=\"https:\/\/everstartraffic.com\/wp-content\/uploads\/2022\/06\/\u767d\u5ea6\u6d4b\u8bd5\u4eea\u4e3b\u56fe-5-1024x768.jpg 1024w, https:\/\/everstartraffic.com\/wp-content\/uploads\/2022\/06\/\u767d\u5ea6\u6d4b\u8bd5\u4eea\u4e3b\u56fe-5-600x450.jpg 600w, https:\/\/everstartraffic.com\/wp-content\/uploads\/2022\/06\/\u767d\u5ea6\u6d4b\u8bd5\u4eea\u4e3b\u56fe-5-300x225.jpg 300w, https:\/\/everstartraffic.com\/wp-content\/uploads\/2022\/06\/\u767d\u5ea6\u6d4b\u8bd5\u4eea\u4e3b\u56fe-5-768x576.jpg 768w, https:\/\/everstartraffic.com\/wp-content\/uploads\/2022\/06\/\u767d\u5ea6\u6d4b\u8bd5\u4eea\u4e3b\u56fe-5-1536x1152.jpg 1536w, https:\/\/everstartraffic.com\/wp-content\/uploads\/2022\/06\/\u767d\u5ea6\u6d4b\u8bd5\u4eea\u4e3b\u56fe-5-1320x990.jpg 1320w, https:\/\/everstartraffic.com\/wp-content\/uploads\/2022\/06\/\u767d\u5ea6\u6d4b\u8bd5\u4eea\u4e3b\u56fe-5.jpg 1920w\" sizes=\"auto, (max-width: 1024px) 100vw, 1024px\" \/>\t\t\t\t\t\t\t\t\t\t\t\t\t\t\t<\/div>\n\t\t\t\t<\/div>\n\t\t\t\t<div class=\"elementor-element elementor-element-92ed845 elementor-widget elementor-widget-image\" data-id=\"92ed845\" data-element_type=\"widget\" data-widget_type=\"image.default\">\n\t\t\t\t<div class=\"elementor-widget-container\">\n\t\t\t\t\t\t\t\t\t\t\t\t\t\t\t<img loading=\"lazy\" decoding=\"async\" width=\"768\" height=\"1024\" src=\"https:\/\/everstartraffic.com\/wp-content\/uploads\/2022\/06\/\u767d\u5ea6\u6d4b\u8bd5\u4eea\u4e3b\u56fe-6-768x1024.jpg\" class=\"attachment-large size-large\" alt=\"\" srcset=\"https:\/\/everstartraffic.com\/wp-content\/uploads\/2022\/06\/\u767d\u5ea6\u6d4b\u8bd5\u4eea\u4e3b\u56fe-6-768x1024.jpg 768w, https:\/\/everstartraffic.com\/wp-content\/uploads\/2022\/06\/\u767d\u5ea6\u6d4b\u8bd5\u4eea\u4e3b\u56fe-6-600x800.jpg 600w, https:\/\/everstartraffic.com\/wp-content\/uploads\/2022\/06\/\u767d\u5ea6\u6d4b\u8bd5\u4eea\u4e3b\u56fe-6-225x300.jpg 225w, https:\/\/everstartraffic.com\/wp-content\/uploads\/2022\/06\/\u767d\u5ea6\u6d4b\u8bd5\u4eea\u4e3b\u56fe-6-1152x1536.jpg 1152w, https:\/\/everstartraffic.com\/wp-content\/uploads\/2022\/06\/\u767d\u5ea6\u6d4b\u8bd5\u4eea\u4e3b\u56fe-6-1320x1760.jpg 1320w, https:\/\/everstartraffic.com\/wp-content\/uploads\/2022\/06\/\u767d\u5ea6\u6d4b\u8bd5\u4eea\u4e3b\u56fe-6.jpg 1440w\" sizes=\"auto, (max-width: 768px) 100vw, 768px\" \/>\t\t\t\t\t\t\t\t\t\t\t\t\t\t\t<\/div>\n\t\t\t\t<\/div>\n\t\t\t\t<div class=\"elementor-element elementor-element-bb444ad elementor-widget elementor-widget-image\" data-id=\"bb444ad\" data-element_type=\"widget\" data-widget_type=\"image.default\">\n\t\t\t\t<div class=\"elementor-widget-container\">\n\t\t\t\t\t\t\t\t\t\t\t\t\t\t\t<img loading=\"lazy\" decoding=\"async\" width=\"768\" height=\"1024\" src=\"https:\/\/everstartraffic.com\/wp-content\/uploads\/2022\/06\/\u767d\u5ea6\u6d4b\u8bd5\u4eea\u4e3b\u56fe-1-768x1024.jpg\" class=\"attachment-large size-large\" alt=\"\" srcset=\"https:\/\/everstartraffic.com\/wp-content\/uploads\/2022\/06\/\u767d\u5ea6\u6d4b\u8bd5\u4eea\u4e3b\u56fe-1-768x1024.jpg 768w, https:\/\/everstartraffic.com\/wp-content\/uploads\/2022\/06\/\u767d\u5ea6\u6d4b\u8bd5\u4eea\u4e3b\u56fe-1-600x800.jpg 600w, https:\/\/everstartraffic.com\/wp-content\/uploads\/2022\/06\/\u767d\u5ea6\u6d4b\u8bd5\u4eea\u4e3b\u56fe-1-225x300.jpg 225w, https:\/\/everstartraffic.com\/wp-content\/uploads\/2022\/06\/\u767d\u5ea6\u6d4b\u8bd5\u4eea\u4e3b\u56fe-1-1152x1536.jpg 1152w, https:\/\/everstartraffic.com\/wp-content\/uploads\/2022\/06\/\u767d\u5ea6\u6d4b\u8bd5\u4eea\u4e3b\u56fe-1-1320x1760.jpg 1320w, https:\/\/everstartraffic.com\/wp-content\/uploads\/2022\/06\/\u767d\u5ea6\u6d4b\u8bd5\u4eea\u4e3b\u56fe-1.jpg 1440w\" sizes=\"auto, (max-width: 768px) 100vw, 768px\" \/>\t\t\t\t\t\t\t\t\t\t\t\t\t\t\t<\/div>\n\t\t\t\t<\/div>\n\t\t\t\t<div class=\"elementor-element elementor-element-92d0fa6 elementor-widget elementor-widget-image\" data-id=\"92d0fa6\" data-element_type=\"widget\" data-widget_type=\"image.default\">\n\t\t\t\t<div class=\"elementor-widget-container\">\n\t\t\t\t\t\t\t\t\t\t\t\t\t\t\t<img loading=\"lazy\" decoding=\"async\" width=\"800\" height=\"800\" src=\"https:\/\/everstartraffic.com\/wp-content\/uploads\/2022\/06\/\u767d\u5ea6\u6d4b\u8bd5\u4eea\u4e3b\u56fe-3.jpg\" class=\"attachment-large size-large\" alt=\"\" srcset=\"https:\/\/everstartraffic.com\/wp-content\/uploads\/2022\/06\/\u767d\u5ea6\u6d4b\u8bd5\u4eea\u4e3b\u56fe-3.jpg 800w, https:\/\/everstartraffic.com\/wp-content\/uploads\/2022\/06\/\u767d\u5ea6\u6d4b\u8bd5\u4eea\u4e3b\u56fe-3-300x300.jpg 300w, https:\/\/everstartraffic.com\/wp-content\/uploads\/2022\/06\/\u767d\u5ea6\u6d4b\u8bd5\u4eea\u4e3b\u56fe-3-100x100.jpg 100w, https:\/\/everstartraffic.com\/wp-content\/uploads\/2022\/06\/\u767d\u5ea6\u6d4b\u8bd5\u4eea\u4e3b\u56fe-3-600x600.jpg 600w, https:\/\/everstartraffic.com\/wp-content\/uploads\/2022\/06\/\u767d\u5ea6\u6d4b\u8bd5\u4eea\u4e3b\u56fe-3-150x150.jpg 150w, https:\/\/everstartraffic.com\/wp-content\/uploads\/2022\/06\/\u767d\u5ea6\u6d4b\u8bd5\u4eea\u4e3b\u56fe-3-768x768.jpg 768w\" sizes=\"auto, (max-width: 800px) 100vw, 800px\" \/>\t\t\t\t\t\t\t\t\t\t\t\t\t\t\t<\/div>\n\t\t\t\t<\/div>\n\t\t\t\t\t<\/div>\n\t\t<\/div>\n\t\t\t\t\t\t\t<\/div>\n\t\t<\/section>\n\t\t\t\t\t\t\t<\/div>\n\t\t","protected":false},"excerpt":{"rendered":"<p>El comprobador autom\u00e1tico de blancura de pintura termopl\u00e1stica es un color\u00edmetro de blancura port\u00e1til. Es conveniente para usar en laboratorios o en sitios de se\u00f1alizaci\u00f3n vial. Est\u00e1 dise\u00f1ado para probar la blancura de la pintura termopl\u00e1stica para se\u00f1alizaci\u00f3n vial, lo que permite supervisar oportunamente la blancura y el rendimiento de la pintura termopl\u00e1stica para se\u00f1alizaci\u00f3n vial.  <\/p>\n","protected":false},"featured_media":5546,"comment_status":"open","ping_status":"closed","template":"","meta":{"_monsterinsights_skip_tracking":false,"_monsterinsights_sitenote_active":false,"_monsterinsights_sitenote_note":"","_monsterinsights_sitenote_category":0,"spay_email":"","jetpack_publicize_message":"","jetpack_is_tweetstorm":false,"jetpack_publicize_feature_enabled":true},"product_cat":[340,337,294],"product_tag":[511,515],"class_list":["post-9512","product","type-product","status-publish","has-post-thumbnail","hentry","product_cat-equipo-de-prueba-de-senalizacion-vial","product_cat-maquina-de-marcado-de-carreteras","product_cat-sin-categorizar","product_tag-comprobador-de-blancura","product_tag-probador-de-blancura-de-pintura-termica"],"aioseo_notices":[],"_links":{"self":[{"href":"https:\/\/everstartraffic.com\/es\/wp-json\/wp\/v2\/product\/9512","targetHints":{"allow":["GET"]}}],"collection":[{"href":"https:\/\/everstartraffic.com\/es\/wp-json\/wp\/v2\/product"}],"about":[{"href":"https:\/\/everstartraffic.com\/es\/wp-json\/wp\/v2\/types\/product"}],"replies":[{"embeddable":true,"href":"https:\/\/everstartraffic.com\/es\/wp-json\/wp\/v2\/comments?post=9512"}],"version-history":[{"count":1,"href":"https:\/\/everstartraffic.com\/es\/wp-json\/wp\/v2\/product\/9512\/revisions"}],"predecessor-version":[{"id":9513,"href":"https:\/\/everstartraffic.com\/es\/wp-json\/wp\/v2\/product\/9512\/revisions\/9513"}],"wp:featuredmedia":[{"embeddable":true,"href":"https:\/\/everstartraffic.com\/es\/wp-json\/wp\/v2\/media\/5546"}],"wp:attachment":[{"href":"https:\/\/everstartraffic.com\/es\/wp-json\/wp\/v2\/media?parent=9512"}],"wp:term":[{"taxonomy":"product_cat","embeddable":true,"href":"https:\/\/everstartraffic.com\/es\/wp-json\/wp\/v2\/product_cat?post=9512"},{"taxonomy":"product_tag","embeddable":true,"href":"https:\/\/everstartraffic.com\/es\/wp-json\/wp\/v2\/product_tag?post=9512"}],"curies":[{"name":"wp","href":"https:\/\/api.w.org\/{rel}","templated":true}]}}