{"id":9508,"date":"2022-06-17T06:58:25","date_gmt":"2022-06-17T06:58:25","guid":{"rendered":"https:\/\/www.everstartraffic.com\/product\/instrumento-de-medicion-de-temperatura-es-iv\/"},"modified":"2024-09-18T12:20:52","modified_gmt":"2024-09-18T12:20:52","slug":"instrumento-de-medicion-de-temperatura-es-iv","status":"publish","type":"product","link":"https:\/\/everstartraffic.com\/es\/product\/instrumento-de-medicion-de-temperatura-es-iv\/","title":{"rendered":"INSTRUMENTO DE MEDICI\u00d3N DE TEMPERATURA ES-IV"},"content":{"rendered":"\t\t<div data-elementor-type=\"product-post\" data-elementor-id=\"9508\" class=\"elementor elementor-9508 elementor-5614\">\n\t\t\t\t\t\t\t\t\t<section class=\"elementor-section elementor-top-section elementor-element elementor-element-5aef5c0 elementor-section-boxed elementor-section-height-default elementor-section-height-default\" data-id=\"5aef5c0\" data-element_type=\"section\">\n\t\t\t\t\t\t<div class=\"elementor-container elementor-column-gap-default\">\n\t\t\t\t\t<div class=\"elementor-column elementor-col-100 elementor-top-column elementor-element elementor-element-d071982\" data-id=\"d071982\" data-element_type=\"column\">\n\t\t\t<div class=\"elementor-widget-wrap elementor-element-populated\">\n\t\t\t\t\t\t\t\t<div class=\"elementor-element elementor-element-2e5e46a elementor-widget elementor-widget-heading\" data-id=\"2e5e46a\" data-element_type=\"widget\" data-widget_type=\"heading.default\">\n\t\t\t\t<div class=\"elementor-widget-container\">\n\t\t\t<style>\/*! elementor - v3.7.0 - 08-08-2022 *\/\n.elementor-heading-title{padding:0;margin:0;line-height:1}.elementor-widget-heading .elementor-heading-title[class*=elementor-size-]>a{color:inherit;font-size:inherit;line-height:inherit}.elementor-widget-heading .elementor-heading-title.elementor-size-small{font-size:15px}.elementor-widget-heading .elementor-heading-title.elementor-size-medium{font-size:19px}.elementor-widget-heading .elementor-heading-title.elementor-size-large{font-size:29px}.elementor-widget-heading .elementor-heading-title.elementor-size-xl{font-size:39px}.elementor-widget-heading .elementor-heading-title.elementor-size-xxl{font-size:59px}<\/style><h4 class=\"elementor-heading-title elementor-size-default\">Par\u00e1metros del producto<\/h4>\t\t<\/div>\n\t\t\t\t<\/div>\n\t\t\t\t\t<\/div>\n\t\t<\/div>\n\t\t\t\t\t\t\t<\/div>\n\t\t<\/section>\n\t\t\t\t<section class=\"elementor-section elementor-top-section elementor-element elementor-element-9066014 elementor-section-boxed elementor-section-height-default elementor-section-height-default\" data-id=\"9066014\" data-element_type=\"section\">\n\t\t\t\t\t\t<div class=\"elementor-container elementor-column-gap-default\">\n\t\t\t\t\t<div class=\"elementor-column elementor-col-100 elementor-top-column elementor-element elementor-element-d0ad058\" data-id=\"d0ad058\" data-element_type=\"column\">\n\t\t\t<div class=\"elementor-widget-wrap elementor-element-populated\">\n\t\t\t\t\t\t\t\t<div class=\"elementor-element elementor-element-812b098 elementor-widget elementor-widget-text-editor\" data-id=\"812b098\" data-element_type=\"widget\" data-widget_type=\"text-editor.default\">\n\t\t\t\t<div class=\"elementor-widget-container\">\n\t\t\t<style>\/*! elementor - v3.7.0 - 08-08-2022 *\/\n.elementor-widget-text-editor.elementor-drop-cap-view-stacked .elementor-drop-cap{background-color:#818a91;color:#fff}.elementor-widget-text-editor.elementor-drop-cap-view-framed .elementor-drop-cap{color:#818a91;border:3px solid;background-color:transparent}.elementor-widget-text-editor:not(.elementor-drop-cap-view-default) .elementor-drop-cap{margin-top:8px}.elementor-widget-text-editor:not(.elementor-drop-cap-view-default) .elementor-drop-cap-letter{width:1em;height:1em}.elementor-widget-text-editor .elementor-drop-cap{float:left;text-align:center;line-height:1;font-size:50px}.elementor-widget-text-editor .elementor-drop-cap-letter{display:inline-block}<\/style>\t\t\t\t<ul>\n<li><strong>Modelo: ES-IV INSTRUMENTO DE MEDICI\u00d3N DE TEMPERATURA<\/strong><\/li>\n<li><strong>Rango de medici\u00f3n: -50 ~ 700 \u2103<\/strong><\/li>\n<li><strong>Precisi\u00f3n de medici\u00f3n de temperatura: \u00b11,5 % o \u00b11,5 \u2103<\/strong><\/li>\n<li><strong>Resoluci\u00f3n: 0,1 \u2103\/0,1 \u2109<\/strong><\/li>\n<li><strong>Relaci\u00f3n de distancia del objeto: 20:1<\/strong><\/li>\n<li><strong>Tiempo de reacci\u00f3n: alrededor de 0,5 segundos<\/strong><\/li>\n<li><strong>Apagado autom\u00e1tico: alrededor de 15 segundos<\/strong><\/li>\n<li><strong>Retroiluminaci\u00f3n LED: \u221a<\/strong><\/li>\n<li><strong>\u2103\/\u2109 Ajustable: \u221a<\/strong><\/li>\n<li><strong>Emisividad: 0,1-1,00 ajustable<\/strong><\/li>\n<li><strong>\/M\u00e1x.: \u221a<\/strong><\/li>\n<li><strong>Alarma de temperatura alta y baja: \u221a<\/strong><\/li>\n<li><strong>Indicador de bater\u00eda baja: \u221a<\/strong><\/li>\n<li><strong>Fuente de alimentaci\u00f3n: 9.\u00aa bater\u00eda<\/strong><\/li>\n<li><strong>Temperatura de trabajo: 0\u2103~40\u2103<\/strong><\/li>\n<\/ul>\n\t\t\t\t\t\t<\/div>\n\t\t\t\t<\/div>\n\t\t\t\t\t<\/div>\n\t\t<\/div>\n\t\t\t\t\t\t\t<\/div>\n\t\t<\/section>\n\t\t\t\t<section class=\"elementor-section elementor-top-section elementor-element elementor-element-71b4224 elementor-section-boxed elementor-section-height-default elementor-section-height-default\" data-id=\"71b4224\" data-element_type=\"section\">\n\t\t\t\t\t\t<div class=\"elementor-container elementor-column-gap-default\">\n\t\t\t\t\t<div class=\"elementor-column elementor-col-100 elementor-top-column elementor-element elementor-element-cecb187\" data-id=\"cecb187\" data-element_type=\"column\">\n\t\t\t<div class=\"elementor-widget-wrap elementor-element-populated\">\n\t\t\t\t\t\t\t\t<div class=\"elementor-element elementor-element-4bcef3b elementor-widget elementor-widget-heading\" data-id=\"4bcef3b\" data-element_type=\"widget\" data-widget_type=\"heading.default\">\n\t\t\t\t<div class=\"elementor-widget-container\">\n\t\t\t<h4 class=\"elementor-heading-title elementor-size-default\">Caracter\u00edsticas<\/h4>\t\t<\/div>\n\t\t\t\t<\/div>\n\t\t\t\t\t<\/div>\n\t\t<\/div>\n\t\t\t\t\t\t\t<\/div>\n\t\t<\/section>\n\t\t\t\t<section class=\"elementor-section elementor-top-section elementor-element elementor-element-4f140cb elementor-section-boxed elementor-section-height-default elementor-section-height-default\" data-id=\"4f140cb\" data-element_type=\"section\">\n\t\t\t\t\t\t<div class=\"elementor-container elementor-column-gap-default\">\n\t\t\t\t\t<div class=\"elementor-column elementor-col-100 elementor-top-column elementor-element elementor-element-f7acb5e\" data-id=\"f7acb5e\" data-element_type=\"column\">\n\t\t\t<div class=\"elementor-widget-wrap elementor-element-populated\">\n\t\t\t\t\t\t\t\t<div class=\"elementor-element elementor-element-6e7eafd elementor-widget elementor-widget-text-editor\" data-id=\"6e7eafd\" data-element_type=\"widget\" data-widget_type=\"text-editor.default\">\n\t\t\t\t<div class=\"elementor-widget-container\">\n\t\t\t\t\t\t\t<ul>\n<li><strong>Posicionamiento l\u00e1ser, medici\u00f3n r\u00e1pida de temperatura.<\/strong><\/li>\n<li><strong>A prueba de golpes y ca\u00eddas.<\/strong><\/li>\n<li><strong>La pantalla LCD de alta definici\u00f3n no teme a la oscuridad.<\/strong><\/li>\n<li><strong>\u2103 y \u2109 ajustables<\/strong><\/li>\n<li><strong>Emisividad ajustable<\/strong><\/li>\n<li><strong>Respuesta r\u00e1pida en 5 segundos<\/strong><\/li>\n<li><strong>Apagado autom\u00e1tico, ahorro de energ\u00eda.<\/strong><\/li>\n<\/ul>\n\t\t\t\t\t\t<\/div>\n\t\t\t\t<\/div>\n\t\t\t\t\t<\/div>\n\t\t<\/div>\n\t\t\t\t\t\t\t<\/div>\n\t\t<\/section>\n\t\t\t\t<section class=\"elementor-section elementor-top-section elementor-element elementor-element-3aed324 elementor-section-boxed elementor-section-height-default elementor-section-height-default\" data-id=\"3aed324\" data-element_type=\"section\">\n\t\t\t\t\t\t<div class=\"elementor-container elementor-column-gap-default\">\n\t\t\t\t\t<div class=\"elementor-column elementor-col-100 elementor-top-column elementor-element elementor-element-8215ada\" data-id=\"8215ada\" data-element_type=\"column\">\n\t\t\t<div class=\"elementor-widget-wrap elementor-element-populated\">\n\t\t\t\t\t\t\t\t<div class=\"elementor-element elementor-element-51a250e elementor-widget elementor-widget-heading\" data-id=\"51a250e\" data-element_type=\"widget\" data-widget_type=\"heading.default\">\n\t\t\t\t<div class=\"elementor-widget-container\">\n\t\t\t<h4 class=\"elementor-heading-title elementor-size-default\">Exhibici\u00f3n del producto<\/h4>\t\t<\/div>\n\t\t\t\t<\/div>\n\t\t\t\t\t<\/div>\n\t\t<\/div>\n\t\t\t\t\t\t\t<\/div>\n\t\t<\/section>\n\t\t\t\t<section class=\"elementor-section elementor-top-section elementor-element elementor-element-06c47bb elementor-section-boxed elementor-section-height-default elementor-section-height-default\" data-id=\"06c47bb\" data-element_type=\"section\">\n\t\t\t\t\t\t<div class=\"elementor-container elementor-column-gap-default\">\n\t\t\t\t\t<div class=\"elementor-column elementor-col-100 elementor-top-column elementor-element elementor-element-6107247\" data-id=\"6107247\" data-element_type=\"column\">\n\t\t\t<div class=\"elementor-widget-wrap elementor-element-populated\">\n\t\t\t\t\t\t\t\t<div class=\"elementor-element elementor-element-5218686 elementor-widget elementor-widget-image\" data-id=\"5218686\" data-element_type=\"widget\" data-widget_type=\"image.default\">\n\t\t\t\t<div class=\"elementor-widget-container\">\n\t\t\t<style>\/*! elementor - v3.7.0 - 08-08-2022 *\/\n.elementor-widget-image{text-align:center}.elementor-widget-image a{display:inline-block}.elementor-widget-image a img[src$=\".svg\"]{width:48px}.elementor-widget-image img{vertical-align:middle;display:inline-block}<\/style>\t\t\t\t\t\t\t\t\t\t\t\t<img loading=\"lazy\" decoding=\"async\" width=\"790\" height=\"819\" src=\"https:\/\/everstartraffic.com\/wp-content\/uploads\/2022\/06\/\u6e29\u5ea6\u8ba1\u4e3b\u56fe-2_\u526f\u672c.jpg\" class=\"attachment-large size-large\" alt=\"\" srcset=\"https:\/\/everstartraffic.com\/wp-content\/uploads\/2022\/06\/\u6e29\u5ea6\u8ba1\u4e3b\u56fe-2_\u526f\u672c.jpg 790w, https:\/\/everstartraffic.com\/wp-content\/uploads\/2022\/06\/\u6e29\u5ea6\u8ba1\u4e3b\u56fe-2_\u526f\u672c-600x622.jpg 600w, https:\/\/everstartraffic.com\/wp-content\/uploads\/2022\/06\/\u6e29\u5ea6\u8ba1\u4e3b\u56fe-2_\u526f\u672c-289x300.jpg 289w, https:\/\/everstartraffic.com\/wp-content\/uploads\/2022\/06\/\u6e29\u5ea6\u8ba1\u4e3b\u56fe-2_\u526f\u672c-768x796.jpg 768w\" sizes=\"auto, (max-width: 790px) 100vw, 790px\" \/>\t\t\t\t\t\t\t\t\t\t\t\t\t\t\t<\/div>\n\t\t\t\t<\/div>\n\t\t\t\t<div class=\"elementor-element elementor-element-da18cc6 elementor-widget elementor-widget-image\" data-id=\"da18cc6\" data-element_type=\"widget\" data-widget_type=\"image.default\">\n\t\t\t\t<div class=\"elementor-widget-container\">\n\t\t\t\t\t\t\t\t\t\t\t\t\t\t\t<img loading=\"lazy\" decoding=\"async\" width=\"790\" height=\"732\" src=\"https:\/\/everstartraffic.com\/wp-content\/uploads\/2022\/06\/\u6e29\u5ea6\u8ba1\u4e3b\u56fe-1_\u526f\u672c.jpg\" class=\"attachment-large size-large\" alt=\"\" srcset=\"https:\/\/everstartraffic.com\/wp-content\/uploads\/2022\/06\/\u6e29\u5ea6\u8ba1\u4e3b\u56fe-1_\u526f\u672c.jpg 790w, https:\/\/everstartraffic.com\/wp-content\/uploads\/2022\/06\/\u6e29\u5ea6\u8ba1\u4e3b\u56fe-1_\u526f\u672c-600x556.jpg 600w, https:\/\/everstartraffic.com\/wp-content\/uploads\/2022\/06\/\u6e29\u5ea6\u8ba1\u4e3b\u56fe-1_\u526f\u672c-300x278.jpg 300w, https:\/\/everstartraffic.com\/wp-content\/uploads\/2022\/06\/\u6e29\u5ea6\u8ba1\u4e3b\u56fe-1_\u526f\u672c-768x712.jpg 768w\" sizes=\"auto, (max-width: 790px) 100vw, 790px\" \/>\t\t\t\t\t\t\t\t\t\t\t\t\t\t\t<\/div>\n\t\t\t\t<\/div>\n\t\t\t\t<div class=\"elementor-element elementor-element-9178eb4 elementor-widget elementor-widget-image\" data-id=\"9178eb4\" data-element_type=\"widget\" data-widget_type=\"image.default\">\n\t\t\t\t<div class=\"elementor-widget-container\">\n\t\t\t\t\t\t\t\t\t\t\t\t\t\t\t<img loading=\"lazy\" decoding=\"async\" width=\"790\" height=\"698\" src=\"https:\/\/everstartraffic.com\/wp-content\/uploads\/2022\/06\/O1CN01qc5YFE1EhumiE9Oh1_2208113230384-0-cib.jpg\" class=\"attachment-large size-large\" alt=\"\" srcset=\"https:\/\/everstartraffic.com\/wp-content\/uploads\/2022\/06\/O1CN01qc5YFE1EhumiE9Oh1_2208113230384-0-cib.jpg 790w, https:\/\/everstartraffic.com\/wp-content\/uploads\/2022\/06\/O1CN01qc5YFE1EhumiE9Oh1_2208113230384-0-cib-600x530.jpg 600w, https:\/\/everstartraffic.com\/wp-content\/uploads\/2022\/06\/O1CN01qc5YFE1EhumiE9Oh1_2208113230384-0-cib-300x265.jpg 300w, https:\/\/everstartraffic.com\/wp-content\/uploads\/2022\/06\/O1CN01qc5YFE1EhumiE9Oh1_2208113230384-0-cib-768x679.jpg 768w\" sizes=\"auto, (max-width: 790px) 100vw, 790px\" \/>\t\t\t\t\t\t\t\t\t\t\t\t\t\t\t<\/div>\n\t\t\t\t<\/div>\n\t\t\t\t<div class=\"elementor-element elementor-element-44598cb elementor-widget elementor-widget-image\" data-id=\"44598cb\" data-element_type=\"widget\" data-widget_type=\"image.default\">\n\t\t\t\t<div class=\"elementor-widget-container\">\n\t\t\t\t\t\t\t\t\t\t\t\t\t\t\t<img loading=\"lazy\" decoding=\"async\" width=\"790\" height=\"957\" src=\"https:\/\/everstartraffic.com\/wp-content\/uploads\/2022\/06\/\u6e29\u5ea6\u8ba1\u4e3b\u56fe-3_\u526f\u672c.jpg\" class=\"attachment-large size-large\" alt=\"\" srcset=\"https:\/\/everstartraffic.com\/wp-content\/uploads\/2022\/06\/\u6e29\u5ea6\u8ba1\u4e3b\u56fe-3_\u526f\u672c.jpg 790w, https:\/\/everstartraffic.com\/wp-content\/uploads\/2022\/06\/\u6e29\u5ea6\u8ba1\u4e3b\u56fe-3_\u526f\u672c-600x727.jpg 600w, https:\/\/everstartraffic.com\/wp-content\/uploads\/2022\/06\/\u6e29\u5ea6\u8ba1\u4e3b\u56fe-3_\u526f\u672c-248x300.jpg 248w, https:\/\/everstartraffic.com\/wp-content\/uploads\/2022\/06\/\u6e29\u5ea6\u8ba1\u4e3b\u56fe-3_\u526f\u672c-768x930.jpg 768w\" sizes=\"auto, (max-width: 790px) 100vw, 790px\" \/>\t\t\t\t\t\t\t\t\t\t\t\t\t\t\t<\/div>\n\t\t\t\t<\/div>\n\t\t\t\t<div class=\"elementor-element elementor-element-efb28ef elementor-widget elementor-widget-image\" data-id=\"efb28ef\" data-element_type=\"widget\" data-widget_type=\"image.default\">\n\t\t\t\t<div class=\"elementor-widget-container\">\n\t\t\t\t\t\t\t\t\t\t\t\t\t\t\t<img loading=\"lazy\" decoding=\"async\" width=\"790\" height=\"817\" src=\"https:\/\/everstartraffic.com\/wp-content\/uploads\/2022\/06\/\u6e29\u5ea6\u8ba1\u4e3b\u56fe-5_\u526f\u672c.jpg\" class=\"attachment-large size-large\" alt=\"\" srcset=\"https:\/\/everstartraffic.com\/wp-content\/uploads\/2022\/06\/\u6e29\u5ea6\u8ba1\u4e3b\u56fe-5_\u526f\u672c.jpg 790w, https:\/\/everstartraffic.com\/wp-content\/uploads\/2022\/06\/\u6e29\u5ea6\u8ba1\u4e3b\u56fe-5_\u526f\u672c-600x621.jpg 600w, https:\/\/everstartraffic.com\/wp-content\/uploads\/2022\/06\/\u6e29\u5ea6\u8ba1\u4e3b\u56fe-5_\u526f\u672c-290x300.jpg 290w, https:\/\/everstartraffic.com\/wp-content\/uploads\/2022\/06\/\u6e29\u5ea6\u8ba1\u4e3b\u56fe-5_\u526f\u672c-768x794.jpg 768w\" sizes=\"auto, (max-width: 790px) 100vw, 790px\" \/>\t\t\t\t\t\t\t\t\t\t\t\t\t\t\t<\/div>\n\t\t\t\t<\/div>\n\t\t\t\t<div class=\"elementor-element elementor-element-859384f elementor-widget elementor-widget-image\" data-id=\"859384f\" data-element_type=\"widget\" data-widget_type=\"image.default\">\n\t\t\t\t<div class=\"elementor-widget-container\">\n\t\t\t\t\t\t\t\t\t\t\t\t\t\t\t<img loading=\"lazy\" decoding=\"async\" width=\"790\" height=\"969\" src=\"https:\/\/everstartraffic.com\/wp-content\/uploads\/2022\/06\/O1CN01YWdv9Q1EhumjaBIeb_2208113230384-0-cib.jpg\" class=\"attachment-large size-large\" alt=\"\" srcset=\"https:\/\/everstartraffic.com\/wp-content\/uploads\/2022\/06\/O1CN01YWdv9Q1EhumjaBIeb_2208113230384-0-cib.jpg 790w, https:\/\/everstartraffic.com\/wp-content\/uploads\/2022\/06\/O1CN01YWdv9Q1EhumjaBIeb_2208113230384-0-cib-600x736.jpg 600w, https:\/\/everstartraffic.com\/wp-content\/uploads\/2022\/06\/O1CN01YWdv9Q1EhumjaBIeb_2208113230384-0-cib-245x300.jpg 245w, https:\/\/everstartraffic.com\/wp-content\/uploads\/2022\/06\/O1CN01YWdv9Q1EhumjaBIeb_2208113230384-0-cib-768x942.jpg 768w\" sizes=\"auto, (max-width: 790px) 100vw, 790px\" \/>\t\t\t\t\t\t\t\t\t\t\t\t\t\t\t<\/div>\n\t\t\t\t<\/div>\n\t\t\t\t\t<\/div>\n\t\t<\/div>\n\t\t\t\t\t\t\t<\/div>\n\t\t<\/section>\n\t\t\t\t\t\t\t<\/div>\n\t\t","protected":false},"excerpt":{"rendered":"<p>El term\u00f3metro infrarrojo industrial con medici\u00f3n de temperatura de objetos sin contacto se utiliza para medir y controlar la temperatura de la pintura termopl\u00e1stica para se\u00f1alizaci\u00f3n vial calentada. Tambi\u00e9n es adecuado para la industria de la forja, la industria industrial, el procesamiento de alimentos, el procesamiento de metales, diversas operaciones a alta temperatura, etc. <\/p>\n","protected":false},"featured_media":5618,"comment_status":"open","ping_status":"closed","template":"","meta":{"_monsterinsights_skip_tracking":false,"_monsterinsights_sitenote_active":false,"_monsterinsights_sitenote_note":"","_monsterinsights_sitenote_category":0,"spay_email":"","jetpack_publicize_message":"","jetpack_is_tweetstorm":false,"jetpack_publicize_feature_enabled":true},"product_cat":[340,337,294],"product_tag":[483],"class_list":["post-9508","product","type-product","status-publish","has-post-thumbnail","hentry","product_cat-equipo-de-prueba-de-senalizacion-vial","product_cat-maquina-de-marcado-de-carreteras","product_cat-sin-categorizar","product_tag-instrumento-de-medicion-de-temperatura"],"aioseo_notices":[],"_links":{"self":[{"href":"https:\/\/everstartraffic.com\/es\/wp-json\/wp\/v2\/product\/9508","targetHints":{"allow":["GET"]}}],"collection":[{"href":"https:\/\/everstartraffic.com\/es\/wp-json\/wp\/v2\/product"}],"about":[{"href":"https:\/\/everstartraffic.com\/es\/wp-json\/wp\/v2\/types\/product"}],"replies":[{"embeddable":true,"href":"https:\/\/everstartraffic.com\/es\/wp-json\/wp\/v2\/comments?post=9508"}],"version-history":[{"count":1,"href":"https:\/\/everstartraffic.com\/es\/wp-json\/wp\/v2\/product\/9508\/revisions"}],"predecessor-version":[{"id":9509,"href":"https:\/\/everstartraffic.com\/es\/wp-json\/wp\/v2\/product\/9508\/revisions\/9509"}],"wp:featuredmedia":[{"embeddable":true,"href":"https:\/\/everstartraffic.com\/es\/wp-json\/wp\/v2\/media\/5618"}],"wp:attachment":[{"href":"https:\/\/everstartraffic.com\/es\/wp-json\/wp\/v2\/media?parent=9508"}],"wp:term":[{"taxonomy":"product_cat","embeddable":true,"href":"https:\/\/everstartraffic.com\/es\/wp-json\/wp\/v2\/product_cat?post=9508"},{"taxonomy":"product_tag","embeddable":true,"href":"https:\/\/everstartraffic.com\/es\/wp-json\/wp\/v2\/product_tag?post=9508"}],"curies":[{"name":"wp","href":"https:\/\/api.w.org\/{rel}","templated":true}]}}