{"id":9502,"date":"2022-07-28T02:54:57","date_gmt":"2022-07-28T02:54:57","guid":{"rendered":"https:\/\/www.everstartraffic.com\/product\/detector-de-profundidad-de-columna-de-poste-enterrado\/"},"modified":"2024-09-18T11:50:03","modified_gmt":"2024-09-18T11:50:03","slug":"detector-de-profundidad-de-columna-de-poste-enterrado","status":"publish","type":"product","link":"https:\/\/everstartraffic.com\/es\/product\/detector-de-profundidad-de-columna-de-poste-enterrado\/","title":{"rendered":"Detector de profundidad de columna de poste enterrado"},"content":{"rendered":"\t\t<div data-elementor-type=\"product-post\" data-elementor-id=\"9502\" class=\"elementor elementor-9502 elementor-5812\">\n\t\t\t\t\t\t\t\t\t<section class=\"elementor-section elementor-top-section elementor-element elementor-element-da8afbf elementor-section-boxed elementor-section-height-default elementor-section-height-default\" data-id=\"da8afbf\" data-element_type=\"section\">\n\t\t\t\t\t\t<div class=\"elementor-container elementor-column-gap-default\">\n\t\t\t\t\t<div class=\"elementor-column elementor-col-100 elementor-top-column elementor-element elementor-element-f333b72\" data-id=\"f333b72\" data-element_type=\"column\">\n\t\t\t<div class=\"elementor-widget-wrap elementor-element-populated\">\n\t\t\t\t\t\t\t\t<div class=\"elementor-element elementor-element-a430d64 elementor-widget elementor-widget-heading\" data-id=\"a430d64\" data-element_type=\"widget\" data-widget_type=\"heading.default\">\n\t\t\t\t<div class=\"elementor-widget-container\">\n\t\t\t<style>\/*! elementor - v3.7.0 - 08-08-2022 *\/\n.elementor-heading-title{padding:0;margin:0;line-height:1}.elementor-widget-heading .elementor-heading-title[class*=elementor-size-]>a{color:inherit;font-size:inherit;line-height:inherit}.elementor-widget-heading .elementor-heading-title.elementor-size-small{font-size:15px}.elementor-widget-heading .elementor-heading-title.elementor-size-medium{font-size:19px}.elementor-widget-heading .elementor-heading-title.elementor-size-large{font-size:29px}.elementor-widget-heading .elementor-heading-title.elementor-size-xl{font-size:39px}.elementor-widget-heading .elementor-heading-title.elementor-size-xxl{font-size:59px}<\/style><h1 class=\"elementor-heading-title elementor-size-default\">Detector de profundidad de columna de poste enterrado<\/h1>\t\t<\/div>\n\t\t\t\t<\/div>\n\t\t\t\t\t<\/div>\n\t\t<\/div>\n\t\t\t\t\t\t\t<\/div>\n\t\t<\/section>\n\t\t\t\t<section class=\"elementor-section elementor-top-section elementor-element elementor-element-4120986 elementor-section-boxed elementor-section-height-default elementor-section-height-default\" data-id=\"4120986\" data-element_type=\"section\">\n\t\t\t\t\t\t<div class=\"elementor-container elementor-column-gap-default\">\n\t\t\t\t\t<div class=\"elementor-column elementor-col-100 elementor-top-column elementor-element elementor-element-31c1134\" data-id=\"31c1134\" data-element_type=\"column\">\n\t\t\t<div class=\"elementor-widget-wrap elementor-element-populated\">\n\t\t\t\t\t\t\t\t<div class=\"elementor-element elementor-element-7c8bc13 elementor-widget elementor-widget-text-editor\" data-id=\"7c8bc13\" data-element_type=\"widget\" data-widget_type=\"text-editor.default\">\n\t\t\t\t<div class=\"elementor-widget-container\">\n\t\t\t<style>\/*! elementor - v3.7.0 - 08-08-2022 *\/\n.elementor-widget-text-editor.elementor-drop-cap-view-stacked .elementor-drop-cap{background-color:#818a91;color:#fff}.elementor-widget-text-editor.elementor-drop-cap-view-framed .elementor-drop-cap{color:#818a91;border:3px solid;background-color:transparent}.elementor-widget-text-editor:not(.elementor-drop-cap-view-default) .elementor-drop-cap{margin-top:8px}.elementor-widget-text-editor:not(.elementor-drop-cap-view-default) .elementor-drop-cap-letter{width:1em;height:1em}.elementor-widget-text-editor .elementor-drop-cap{float:left;text-align:center;line-height:1;font-size:50px}.elementor-widget-text-editor .elementor-drop-cap-letter{display:inline-block}<\/style>\t\t\t\t<p>El detector de profundidad de columna de poste enterrado se utiliza para medir la longitud y la profundidad del poste de la columna de barandilla incrustado en el suelo o el hormig\u00f3n.<\/p>\n\t\t\t\t\t\t<\/div>\n\t\t\t\t<\/div>\n\t\t\t\t\t<\/div>\n\t\t<\/div>\n\t\t\t\t\t\t\t<\/div>\n\t\t<\/section>\n\t\t\t\t<section class=\"elementor-section elementor-top-section elementor-element elementor-element-044594c elementor-section-boxed elementor-section-height-default elementor-section-height-default\" data-id=\"044594c\" data-element_type=\"section\">\n\t\t\t\t\t\t<div class=\"elementor-container elementor-column-gap-default\">\n\t\t\t\t\t<div class=\"elementor-column elementor-col-100 elementor-top-column elementor-element elementor-element-8ea7085\" data-id=\"8ea7085\" data-element_type=\"column\">\n\t\t\t<div class=\"elementor-widget-wrap elementor-element-populated\">\n\t\t\t\t\t\t\t\t<div class=\"elementor-element elementor-element-87da443 elementor-widget elementor-widget-heading\" data-id=\"87da443\" data-element_type=\"widget\" data-widget_type=\"heading.default\">\n\t\t\t\t<div class=\"elementor-widget-container\">\n\t\t\t<h1 class=\"elementor-heading-title elementor-size-default\">Par\u00e1metros del producto<\/h1>\t\t<\/div>\n\t\t\t\t<\/div>\n\t\t\t\t\t<\/div>\n\t\t<\/div>\n\t\t\t\t\t\t\t<\/div>\n\t\t<\/section>\n\t\t\t\t<section class=\"elementor-section elementor-top-section elementor-element elementor-element-35aff25 elementor-section-boxed elementor-section-height-default elementor-section-height-default\" data-id=\"35aff25\" data-element_type=\"section\">\n\t\t\t\t\t\t<div class=\"elementor-container elementor-column-gap-default\">\n\t\t\t\t\t<div class=\"elementor-column elementor-col-100 elementor-top-column elementor-element elementor-element-d640fa5\" data-id=\"d640fa5\" data-element_type=\"column\">\n\t\t\t<div class=\"elementor-widget-wrap elementor-element-populated\">\n\t\t\t\t\t\t\t\t<div class=\"elementor-element elementor-element-bcddc4b elementor-widget elementor-widget-text-editor\" data-id=\"bcddc4b\" data-element_type=\"widget\" data-widget_type=\"text-editor.default\">\n\t\t\t\t<div class=\"elementor-widget-container\">\n\t\t\t\t\t\t\t<p><strong>Actuaci\u00f3n<\/strong><\/p>\n<p><strong>Modo de visualizaci\u00f3n: Pantalla LCD de color verdadero de 7,0 pulgadas<\/strong><\/p>\n<p><strong>Resoluci\u00f3n: 800\u00d7600 (luz de fondo ajustable)<\/strong><\/p>\n<p><strong>Memoria: Tarjeta de memoria TF de 8G<\/strong><\/p>\n<p><strong>Longitud de muestra: 8196<\/strong><\/p>\n<p><strong>Resoluci\u00f3n de tiempo: 2us<\/strong><\/p>\n<p><strong>Resoluci\u00f3n AD: 24 bits<\/strong><\/p>\n<p><strong>Rango de longitud de la varilla de anclaje: no menos de 20 m<\/strong><\/p>\n<p><strong>Error de detecci\u00f3n de longitud: \u22641%<\/strong><\/p>\n<p><strong>N\u00famero de canales de se\u00f1al: 2<\/strong><\/p>\n<p><strong>Aumento de punto fijo: 1, 10, 100 opcional<\/strong><\/p>\n<p><strong>Modo de funcionamiento: perilla fotoel\u00e9ctrica<\/strong><\/p>\n<p><strong>Temperatura de trabajo: -10\uff5e+60\u2103<\/strong><\/p>\n<p><strong>Dimensiones: 255\u00d7192\u00d774mm<\/strong><\/p>\n<p><strong>Procesador: procesador de doble n\u00facleo integrado de bajo consumo y alto rendimiento<\/strong><\/p>\n<p><strong>Sistema operativo: sistema Linux<\/strong><\/p>\n<p><strong>Frecuencia de muestreo: 2us, 5us, 10us opcional<\/strong><\/p>\n<p><strong>Error de indicaci\u00f3n de tiempo: \u22641%<\/strong><\/p>\n<p><strong>No linealidad de amplitud: \u22641%<\/strong><\/p>\n<p><strong>Rango de longitud del cable de anclaje: no menos de 100 m<\/strong><\/p>\n<p><strong>Interfaz de datos: Interfaz USB2.0, copia de datos directamente<\/strong><\/p>\n<p><strong>Canal: \u22643%<\/strong><\/p>\n<p><strong>Aumento de punto flotante: 256<\/strong><\/p>\n<p><strong>Modo de suministro de energ\u00eda: bater\u00eda de litio, trabajo continuo durante m\u00e1s de 10 horas.<\/strong><\/p>\n<p><strong>Humedad de trabajo: \u226490%RH<\/strong><\/p>\n<p><strong>Peso: \u22641,8 kg (incluida la bater\u00eda de litio)<\/strong><\/p>\n\t\t\t\t\t\t<\/div>\n\t\t\t\t<\/div>\n\t\t\t\t\t<\/div>\n\t\t<\/div>\n\t\t\t\t\t\t\t<\/div>\n\t\t<\/section>\n\t\t\t\t<section class=\"elementor-section elementor-top-section elementor-element elementor-element-78d3702 elementor-section-boxed elementor-section-height-default elementor-section-height-default\" data-id=\"78d3702\" data-element_type=\"section\">\n\t\t\t\t\t\t<div class=\"elementor-container elementor-column-gap-default\">\n\t\t\t\t\t<div class=\"elementor-column elementor-col-100 elementor-top-column elementor-element elementor-element-9ae79eb\" data-id=\"9ae79eb\" data-element_type=\"column\">\n\t\t\t<div class=\"elementor-widget-wrap elementor-element-populated\">\n\t\t\t\t\t\t\t\t<div class=\"elementor-element elementor-element-3b93faf elementor-widget elementor-widget-heading\" data-id=\"3b93faf\" data-element_type=\"widget\" data-widget_type=\"heading.default\">\n\t\t\t\t<div class=\"elementor-widget-container\">\n\t\t\t<h1 class=\"elementor-heading-title elementor-size-default\">Exhibici\u00f3n del producto<\/h1>\t\t<\/div>\n\t\t\t\t<\/div>\n\t\t\t\t\t<\/div>\n\t\t<\/div>\n\t\t\t\t\t\t\t<\/div>\n\t\t<\/section>\n\t\t\t\t<section class=\"elementor-section elementor-top-section elementor-element elementor-element-d5daffd elementor-section-boxed elementor-section-height-default elementor-section-height-default\" data-id=\"d5daffd\" data-element_type=\"section\">\n\t\t\t\t\t\t<div class=\"elementor-container elementor-column-gap-default\">\n\t\t\t\t\t<div class=\"elementor-column elementor-col-100 elementor-top-column elementor-element elementor-element-b4f0d49\" data-id=\"b4f0d49\" data-element_type=\"column\">\n\t\t\t<div class=\"elementor-widget-wrap elementor-element-populated\">\n\t\t\t\t\t\t\t\t<div class=\"elementor-element elementor-element-e3d7eb0 elementor-widget elementor-widget-image\" data-id=\"e3d7eb0\" data-element_type=\"widget\" data-widget_type=\"image.default\">\n\t\t\t\t<div class=\"elementor-widget-container\">\n\t\t\t<style>\/*! elementor - v3.7.0 - 08-08-2022 *\/\n.elementor-widget-image{text-align:center}.elementor-widget-image a{display:inline-block}.elementor-widget-image a img[src$=\".svg\"]{width:48px}.elementor-widget-image img{vertical-align:middle;display:inline-block}<\/style>\t\t\t\t\t\t\t\t\t\t\t\t<img loading=\"lazy\" decoding=\"async\" width=\"600\" height=\"799\" src=\"https:\/\/everstartraffic.com\/wp-content\/uploads\/2022\/07\/\u7acb\u67f1\u63a9\u57cb\u6df1\u5ea6\u6d4b\u8bd5\u4eea-3.jpg\" class=\"attachment-large size-large\" alt=\"\" srcset=\"https:\/\/everstartraffic.com\/wp-content\/uploads\/2022\/07\/\u7acb\u67f1\u63a9\u57cb\u6df1\u5ea6\u6d4b\u8bd5\u4eea-3.jpg 600w, https:\/\/everstartraffic.com\/wp-content\/uploads\/2022\/07\/\u7acb\u67f1\u63a9\u57cb\u6df1\u5ea6\u6d4b\u8bd5\u4eea-3-225x300.jpg 225w\" sizes=\"auto, (max-width: 600px) 100vw, 600px\" \/>\t\t\t\t\t\t\t\t\t\t\t\t\t\t\t<\/div>\n\t\t\t\t<\/div>\n\t\t\t\t<div class=\"elementor-element elementor-element-330818b elementor-widget elementor-widget-image\" data-id=\"330818b\" data-element_type=\"widget\" data-widget_type=\"image.default\">\n\t\t\t\t<div class=\"elementor-widget-container\">\n\t\t\t\t\t\t\t\t\t\t\t\t\t\t\t<img loading=\"lazy\" decoding=\"async\" width=\"600\" height=\"800\" src=\"https:\/\/everstartraffic.com\/wp-content\/uploads\/2022\/07\/\u7acb\u67f1\u63a9\u57cb\u6df1\u5ea6\u6d4b\u8bd5\u4eea-2.jpg\" class=\"attachment-large size-large\" alt=\"\" srcset=\"https:\/\/everstartraffic.com\/wp-content\/uploads\/2022\/07\/\u7acb\u67f1\u63a9\u57cb\u6df1\u5ea6\u6d4b\u8bd5\u4eea-2.jpg 600w, https:\/\/everstartraffic.com\/wp-content\/uploads\/2022\/07\/\u7acb\u67f1\u63a9\u57cb\u6df1\u5ea6\u6d4b\u8bd5\u4eea-2-225x300.jpg 225w\" sizes=\"auto, (max-width: 600px) 100vw, 600px\" \/>\t\t\t\t\t\t\t\t\t\t\t\t\t\t\t<\/div>\n\t\t\t\t<\/div>\n\t\t\t\t<div class=\"elementor-element elementor-element-93202a7 elementor-widget elementor-widget-image\" data-id=\"93202a7\" data-element_type=\"widget\" data-widget_type=\"image.default\">\n\t\t\t\t<div class=\"elementor-widget-container\">\n\t\t\t\t\t\t\t\t\t\t\t\t\t\t\t<img loading=\"lazy\" decoding=\"async\" width=\"600\" height=\"799\" src=\"https:\/\/everstartraffic.com\/wp-content\/uploads\/2022\/07\/\u7acb\u67f1\u63a9\u57cb\u6df1\u5ea6\u6d4b\u8bd5\u4eea-1.jpg\" class=\"attachment-large size-large\" alt=\"\" srcset=\"https:\/\/everstartraffic.com\/wp-content\/uploads\/2022\/07\/\u7acb\u67f1\u63a9\u57cb\u6df1\u5ea6\u6d4b\u8bd5\u4eea-1.jpg 600w, https:\/\/everstartraffic.com\/wp-content\/uploads\/2022\/07\/\u7acb\u67f1\u63a9\u57cb\u6df1\u5ea6\u6d4b\u8bd5\u4eea-1-225x300.jpg 225w\" sizes=\"auto, (max-width: 600px) 100vw, 600px\" \/>\t\t\t\t\t\t\t\t\t\t\t\t\t\t\t<\/div>\n\t\t\t\t<\/div>\n\t\t\t\t\t<\/div>\n\t\t<\/div>\n\t\t\t\t\t\t\t<\/div>\n\t\t<\/section>\n\t\t\t\t\t\t\t<\/div>\n\t\t","protected":false},"excerpt":{"rendered":"<p>Se utiliza para medir la longitud y la profundidad de los postes de las columnas de barandilla empotradas en el suelo o el hormig\u00f3n.<\/p>\n","protected":false},"featured_media":5818,"comment_status":"open","ping_status":"closed","template":"","meta":{"_monsterinsights_skip_tracking":false,"_monsterinsights_sitenote_active":false,"_monsterinsights_sitenote_note":"","_monsterinsights_sitenote_category":0,"spay_email":"","jetpack_publicize_message":"","jetpack_is_tweetstorm":false,"jetpack_publicize_feature_enabled":true},"product_cat":[328,315,294],"product_tag":[363,424,359],"class_list":["post-9502","product","type-product","status-publish","has-post-thumbnail","hentry","product_cat-maquina-martinete","product_cat-producto","product_cat-sin-categorizar","product_tag-detector-de-profundidad-de-columna","product_tag-detector-de-profundidad-de-poste","product_tag-detector-de-profundidad-de-poste-enterrado"],"aioseo_notices":[],"_links":{"self":[{"href":"https:\/\/everstartraffic.com\/es\/wp-json\/wp\/v2\/product\/9502","targetHints":{"allow":["GET"]}}],"collection":[{"href":"https:\/\/everstartraffic.com\/es\/wp-json\/wp\/v2\/product"}],"about":[{"href":"https:\/\/everstartraffic.com\/es\/wp-json\/wp\/v2\/types\/product"}],"replies":[{"embeddable":true,"href":"https:\/\/everstartraffic.com\/es\/wp-json\/wp\/v2\/comments?post=9502"}],"version-history":[{"count":1,"href":"https:\/\/everstartraffic.com\/es\/wp-json\/wp\/v2\/product\/9502\/revisions"}],"predecessor-version":[{"id":9503,"href":"https:\/\/everstartraffic.com\/es\/wp-json\/wp\/v2\/product\/9502\/revisions\/9503"}],"wp:featuredmedia":[{"embeddable":true,"href":"https:\/\/everstartraffic.com\/es\/wp-json\/wp\/v2\/media\/5818"}],"wp:attachment":[{"href":"https:\/\/everstartraffic.com\/es\/wp-json\/wp\/v2\/media?parent=9502"}],"wp:term":[{"taxonomy":"product_cat","embeddable":true,"href":"https:\/\/everstartraffic.com\/es\/wp-json\/wp\/v2\/product_cat?post=9502"},{"taxonomy":"product_tag","embeddable":true,"href":"https:\/\/everstartraffic.com\/es\/wp-json\/wp\/v2\/product_tag?post=9502"}],"curies":[{"name":"wp","href":"https:\/\/api.w.org\/{rel}","templated":true}]}}