{"id":9500,"date":"2022-07-29T06:48:42","date_gmt":"2022-07-29T06:48:42","guid":{"rendered":"https:\/\/www.everstartraffic.com\/product\/maquina-combinada-de-precalentador-y-marcadora-de-carreteras-autopropulsada-es-2\/"},"modified":"2024-09-18T11:44:48","modified_gmt":"2024-09-18T11:44:48","slug":"maquina-combinada-de-precalentador-y-marcadora-de-carreteras-autopropulsada-es-2","status":"publish","type":"product","link":"https:\/\/everstartraffic.com\/es\/product\/maquina-combinada-de-precalentador-y-marcadora-de-carreteras-autopropulsada-es-2\/","title":{"rendered":"M\u00c1QUINA COMBINADA DE PRECALENTADOR Y MARCADORA DE CARRETERAS AUTOPROPULSADA ES-2"},"content":{"rendered":"\t\t<div data-elementor-type=\"product-post\" data-elementor-id=\"9500\" class=\"elementor elementor-9500 elementor-5826\">\n\t\t\t\t\t\t\t\t\t<section class=\"elementor-section elementor-top-section elementor-element elementor-element-bf2925b elementor-section-boxed elementor-section-height-default elementor-section-height-default\" data-id=\"bf2925b\" data-element_type=\"section\">\n\t\t\t\t\t\t<div class=\"elementor-container elementor-column-gap-default\">\n\t\t\t\t\t<div class=\"elementor-column elementor-col-100 elementor-top-column elementor-element elementor-element-b98f73d\" data-id=\"b98f73d\" data-element_type=\"column\">\n\t\t\t<div class=\"elementor-widget-wrap elementor-element-populated\">\n\t\t\t\t\t\t\t\t<div class=\"elementor-element elementor-element-6da854e elementor-widget elementor-widget-heading\" data-id=\"6da854e\" data-element_type=\"widget\" data-widget_type=\"heading.default\">\n\t\t\t\t<div class=\"elementor-widget-container\">\n\t\t\t<style>\/*! elementor - v3.7.0 - 08-08-2022 *\/\n.elementor-heading-title{padding:0;margin:0;line-height:1}.elementor-widget-heading .elementor-heading-title[class*=elementor-size-]>a{color:inherit;font-size:inherit;line-height:inherit}.elementor-widget-heading .elementor-heading-title.elementor-size-small{font-size:15px}.elementor-widget-heading .elementor-heading-title.elementor-size-medium{font-size:19px}.elementor-widget-heading .elementor-heading-title.elementor-size-large{font-size:29px}.elementor-widget-heading .elementor-heading-title.elementor-size-xl{font-size:39px}.elementor-widget-heading .elementor-heading-title.elementor-size-xxl{font-size:59px}<\/style><h1 class=\"elementor-heading-title elementor-size-default\">M\u00e1quina combinada autopropulsada de marcado de carreteras y precalentador <\/h1>\t\t<\/div>\n\t\t\t\t<\/div>\n\t\t\t\t<div class=\"elementor-element elementor-element-c843d81 elementor-widget elementor-widget-text-editor\" data-id=\"c843d81\" data-element_type=\"widget\" data-widget_type=\"text-editor.default\">\n\t\t\t\t<div class=\"elementor-widget-container\">\n\t\t\t<style>\/*! elementor - v3.7.0 - 08-08-2022 *\/\n.elementor-widget-text-editor.elementor-drop-cap-view-stacked .elementor-drop-cap{background-color:#818a91;color:#fff}.elementor-widget-text-editor.elementor-drop-cap-view-framed .elementor-drop-cap{color:#818a91;border:3px solid;background-color:transparent}.elementor-widget-text-editor:not(.elementor-drop-cap-view-default) .elementor-drop-cap{margin-top:8px}.elementor-widget-text-editor:not(.elementor-drop-cap-view-default) .elementor-drop-cap-letter{width:1em;height:1em}.elementor-widget-text-editor .elementor-drop-cap{float:left;text-align:center;line-height:1;font-size:50px}.elementor-widget-text-editor .elementor-drop-cap-letter{display:inline-block}<\/style>\t\t\t\t<p>La m\u00e1quina de marcado de carreteras autopropulsada tambi\u00e9n se denomina m\u00e1quina de marcado de carreteras autom\u00e1tica. Adem\u00e1s, posee la funci\u00f3n de fusi\u00f3n en caliente de la pintura de marcado de carreteras termopl\u00e1stica. Es flexible en su funcionamiento y especialmente adecuada para proyectos de marcado de carreteras en pendientes y zonas monta\u00f1osas, ya que la m\u00e1quina puede ahorrar energ\u00eda y costos de mano de obra.  <\/p>\n\t\t\t\t\t\t<\/div>\n\t\t\t\t<\/div>\n\t\t\t\t\t<\/div>\n\t\t<\/div>\n\t\t\t\t\t\t\t<\/div>\n\t\t<\/section>\n\t\t\t\t<section class=\"elementor-section elementor-top-section elementor-element elementor-element-d5d51f8 elementor-section-boxed elementor-section-height-default elementor-section-height-default\" data-id=\"d5d51f8\" data-element_type=\"section\">\n\t\t\t\t\t\t<div class=\"elementor-container elementor-column-gap-default\">\n\t\t\t\t\t<div class=\"elementor-column elementor-col-100 elementor-top-column elementor-element elementor-element-4a169b2\" data-id=\"4a169b2\" data-element_type=\"column\">\n\t\t\t<div class=\"elementor-widget-wrap elementor-element-populated\">\n\t\t\t\t\t\t\t\t<div class=\"elementor-element elementor-element-620a9a9 elementor-widget elementor-widget-heading\" data-id=\"620a9a9\" data-element_type=\"widget\" data-widget_type=\"heading.default\">\n\t\t\t\t<div class=\"elementor-widget-container\">\n\t\t\t<h1 class=\"elementor-heading-title elementor-size-default\">Par\u00e1metros del producto<\/h1>\t\t<\/div>\n\t\t\t\t<\/div>\n\t\t\t\t\t<\/div>\n\t\t<\/div>\n\t\t\t\t\t\t\t<\/div>\n\t\t<\/section>\n\t\t\t\t<section class=\"elementor-section elementor-top-section elementor-element elementor-element-61adbaa elementor-section-boxed elementor-section-height-default elementor-section-height-default\" data-id=\"61adbaa\" data-element_type=\"section\">\n\t\t\t\t\t\t<div class=\"elementor-container elementor-column-gap-default\">\n\t\t\t\t\t<div class=\"elementor-column elementor-col-100 elementor-top-column elementor-element elementor-element-5b01f43\" data-id=\"5b01f43\" data-element_type=\"column\">\n\t\t\t<div class=\"elementor-widget-wrap elementor-element-populated\">\n\t\t\t\t\t\t\t\t<div class=\"elementor-element elementor-element-a1a66f3 elementor-widget elementor-widget-text-editor\" data-id=\"a1a66f3\" data-element_type=\"widget\" data-widget_type=\"text-editor.default\">\n\t\t\t\t<div class=\"elementor-widget-container\">\n\t\t\t\t\t\t\t<table>\n<tbody>\n<tr>\n<td width=\"560\">\n<p><strong><b>Modelo<\/b><\/strong><\/p>\n<\/td>\n<td width=\"560\">\n<p><strong><b>ES2<\/b><\/strong><\/p>\n<\/td>\n<\/tr>\n<tr>\n<td width=\"560\">\n<p><strong><b>Dimensi\u00f3n<\/b><\/strong><\/p>\n<\/td>\n<td width=\"560\">\n<p><strong><b>1320*850*1000mm<\/b><\/strong><\/p>\n<\/td>\n<\/tr>\n<tr>\n<td width=\"560\">\n<p><strong><b>Peso de la m\u00e1quina<\/b><\/strong><\/p>\n<\/td>\n<td width=\"560\">\n<p><strong><b>147kgs<\/b><\/strong><\/p>\n<\/td>\n<\/tr>\n<tr>\n<td width=\"560\">\n<p><strong><b>Capacidad del tanque de pintura<\/b><\/strong><\/p>\n<\/td>\n<td width=\"560\">\n<p><strong><b>120kgs<\/b><\/strong><\/p>\n<\/td>\n<\/tr>\n<tr>\n<td width=\"560\">\n<p><strong><b>Ancho de marcado<\/b><\/strong><\/p>\n<\/td>\n<td width=\"560\">\n<p><strong><b>50mm, 80mm, 100mm, 120mm, 150mm, 200mm, 300mm, 400mm, 450mm, 500mm<\/b><\/strong><\/p>\n<\/td>\n<\/tr>\n<tr>\n<td width=\"560\">\n<p><strong><b>Grosor de marcado<\/b><\/strong><\/p>\n<\/td>\n<td width=\"560\">\n<p><strong><b>1.0-3.0mm<\/b><\/strong><\/p>\n<\/td>\n<\/tr>\n<tr>\n<td width=\"560\">\n<p><strong><b>Velocidad de marcado<\/b><\/strong><\/p>\n<\/td>\n<td width=\"560\">\n<p><strong><b>0-20km\/h<\/b><\/strong><\/p>\n<\/td>\n<\/tr>\n<tr>\n<td width=\"560\">\n<p><strong><b>Temperatura de calentamiento<\/b><\/strong><\/p>\n<\/td>\n<td width=\"560\">\n<p><strong><b>180-210\u00b0C<\/b><\/strong><\/p>\n<\/td>\n<\/tr>\n<tr>\n<td width=\"560\">\n<p><strong><b>M\u00e9todo de calentamiento<\/b><\/strong><\/p>\n<\/td>\n<td width=\"560\">\n<p><strong><b>Gas licuado<\/b><\/strong><\/p>\n<\/td>\n<\/tr>\n<tr>\n<td width=\"560\">\n<p><strong><b>Tanque de gas licuado aplicable<\/b><\/strong><\/p>\n<\/td>\n<td width=\"560\">\n<p><strong><b>15 kilos<\/b><\/strong><\/p>\n<\/td>\n<\/tr>\n<tr>\n<td width=\"560\">\n<p><strong><b>Motor de gasolina <\/b><\/strong><\/p>\n<\/td>\n<td width=\"560\">\n<p><strong><b>Honda <\/b><\/strong><\/p>\n<\/td>\n<\/tr>\n<tr>\n<td width=\"560\">\n<p><strong><b>Sistema de agitaci\u00f3n<\/b><\/strong><\/p>\n<\/td>\n<td width=\"560\">\n<p><strong><b>Sistema de agitaci\u00f3n hidr\u00e1ulica<\/b><\/strong><\/p>\n<\/td>\n<\/tr>\n<\/tbody>\n<\/table>\n\t\t\t\t\t\t<\/div>\n\t\t\t\t<\/div>\n\t\t\t\t\t<\/div>\n\t\t<\/div>\n\t\t\t\t\t\t\t<\/div>\n\t\t<\/section>\n\t\t\t\t<section class=\"elementor-section elementor-top-section elementor-element elementor-element-41fd940 elementor-section-boxed elementor-section-height-default elementor-section-height-default\" data-id=\"41fd940\" data-element_type=\"section\">\n\t\t\t\t\t\t<div class=\"elementor-container elementor-column-gap-default\">\n\t\t\t\t\t<div class=\"elementor-column elementor-col-100 elementor-top-column elementor-element elementor-element-8b1c1b5\" data-id=\"8b1c1b5\" data-element_type=\"column\">\n\t\t\t<div class=\"elementor-widget-wrap elementor-element-populated\">\n\t\t\t\t\t\t\t\t<div class=\"elementor-element elementor-element-0e7e88d elementor-widget elementor-widget-heading\" data-id=\"0e7e88d\" data-element_type=\"widget\" data-widget_type=\"heading.default\">\n\t\t\t\t<div class=\"elementor-widget-container\">\n\t\t\t<h1 class=\"elementor-heading-title elementor-size-default\">Caracter\u00edsticas<\/h1>\t\t<\/div>\n\t\t\t\t<\/div>\n\t\t\t\t<div class=\"elementor-element elementor-element-e3fb774 elementor-widget elementor-widget-text-editor\" data-id=\"e3fb774\" data-element_type=\"widget\" data-widget_type=\"text-editor.default\">\n\t\t\t\t<div class=\"elementor-widget-container\">\n\t\t\t\t\t\t\t<ul>\n<li>Barril de aislamiento de acero inoxidable: barril de calentamiento con aislamiento t\u00e9rmico de acero inoxidable de doble capa<\/li>\n<li>Cuchilla de piso de aleaci\u00f3n: cuchilla rectificada con carburo, sin dispositivo de manguito exc\u00e9ntrico, rango de espesor de marcado ajustable<\/li>\n<li>Esparcidor: las perlas de vidrio utilizan un esparcidor de engranajes manual, sin configuraci\u00f3n de tamp\u00f3n ajustable en velocidad, el dispensador de perlas de vidrio est\u00e1ndar tiene un dispositivo ajustable<\/li>\n<\/ul>\n\t\t\t\t\t\t<\/div>\n\t\t\t\t<\/div>\n\t\t\t\t\t<\/div>\n\t\t<\/div>\n\t\t\t\t\t\t\t<\/div>\n\t\t<\/section>\n\t\t\t\t<section class=\"elementor-section elementor-top-section elementor-element elementor-element-7ddcafb elementor-section-boxed elementor-section-height-default elementor-section-height-default\" data-id=\"7ddcafb\" data-element_type=\"section\">\n\t\t\t\t\t\t<div class=\"elementor-container elementor-column-gap-default\">\n\t\t\t\t\t<div class=\"elementor-column elementor-col-100 elementor-top-column elementor-element elementor-element-9eae13b\" data-id=\"9eae13b\" data-element_type=\"column\">\n\t\t\t<div class=\"elementor-widget-wrap elementor-element-populated\">\n\t\t\t\t\t\t\t\t<div class=\"elementor-element elementor-element-dace930 elementor-widget elementor-widget-heading\" data-id=\"dace930\" data-element_type=\"widget\" data-widget_type=\"heading.default\">\n\t\t\t\t<div class=\"elementor-widget-container\">\n\t\t\t<h1 class=\"elementor-heading-title elementor-size-default\">Par\u00e1metros del producto<\/h1>\t\t<\/div>\n\t\t\t\t<\/div>\n\t\t\t\t\t<\/div>\n\t\t<\/div>\n\t\t\t\t\t\t\t<\/div>\n\t\t<\/section>\n\t\t\t\t<section class=\"elementor-section elementor-top-section elementor-element elementor-element-8ef3098 elementor-section-boxed elementor-section-height-default elementor-section-height-default\" data-id=\"8ef3098\" data-element_type=\"section\">\n\t\t\t\t\t\t<div class=\"elementor-container elementor-column-gap-default\">\n\t\t\t\t\t<div class=\"elementor-column elementor-col-100 elementor-top-column elementor-element elementor-element-368d1bf\" data-id=\"368d1bf\" data-element_type=\"column\">\n\t\t\t<div class=\"elementor-widget-wrap elementor-element-populated\">\n\t\t\t\t\t\t\t\t<div class=\"elementor-element elementor-element-7a4fc98 elementor-widget elementor-widget-image\" data-id=\"7a4fc98\" data-element_type=\"widget\" data-widget_type=\"image.default\">\n\t\t\t\t<div class=\"elementor-widget-container\">\n\t\t\t<style>\/*! elementor - v3.7.0 - 08-08-2022 *\/\n.elementor-widget-image{text-align:center}.elementor-widget-image a{display:inline-block}.elementor-widget-image a img[src$=\".svg\"]{width:48px}.elementor-widget-image img{vertical-align:middle;display:inline-block}<\/style>\t\t\t\t\t\t\t\t\t\t\t\t<img loading=\"lazy\" decoding=\"async\" width=\"739\" height=\"702\" src=\"https:\/\/everstartraffic.com\/wp-content\/uploads\/2022\/07\/\u56fe\u72471_\u526f\u672c.png\" class=\"attachment-large size-large\" alt=\"\" srcset=\"https:\/\/everstartraffic.com\/wp-content\/uploads\/2022\/07\/\u56fe\u72471_\u526f\u672c.png 739w, https:\/\/everstartraffic.com\/wp-content\/uploads\/2022\/07\/\u56fe\u72471_\u526f\u672c-600x570.png 600w, https:\/\/everstartraffic.com\/wp-content\/uploads\/2022\/07\/\u56fe\u72471_\u526f\u672c-300x285.png 300w\" sizes=\"auto, (max-width: 739px) 100vw, 739px\" \/>\t\t\t\t\t\t\t\t\t\t\t\t\t\t\t<\/div>\n\t\t\t\t<\/div>\n\t\t\t\t<div class=\"elementor-element elementor-element-8749bf4 elementor-widget elementor-widget-image\" data-id=\"8749bf4\" data-element_type=\"widget\" data-widget_type=\"image.default\">\n\t\t\t\t<div class=\"elementor-widget-container\">\n\t\t\t\t\t\t\t\t\t\t\t\t\t\t\t<img loading=\"lazy\" decoding=\"async\" width=\"768\" height=\"1024\" src=\"https:\/\/everstartraffic.com\/wp-content\/uploads\/2022\/07\/\u5fae\u4fe1\u56fe\u7247_20220324203831_\u526f\u672c-768x1024.jpg\" class=\"attachment-large size-large\" alt=\"\" srcset=\"https:\/\/everstartraffic.com\/wp-content\/uploads\/2022\/07\/\u5fae\u4fe1\u56fe\u7247_20220324203831_\u526f\u672c-768x1024.jpg 768w, https:\/\/everstartraffic.com\/wp-content\/uploads\/2022\/07\/\u5fae\u4fe1\u56fe\u7247_20220324203831_\u526f\u672c-600x800.jpg 600w, https:\/\/everstartraffic.com\/wp-content\/uploads\/2022\/07\/\u5fae\u4fe1\u56fe\u7247_20220324203831_\u526f\u672c-225x300.jpg 225w, https:\/\/everstartraffic.com\/wp-content\/uploads\/2022\/07\/\u5fae\u4fe1\u56fe\u7247_20220324203831_\u526f\u672c-1152x1536.jpg 1152w, https:\/\/everstartraffic.com\/wp-content\/uploads\/2022\/07\/\u5fae\u4fe1\u56fe\u7247_20220324203831_\u526f\u672c.jpg 1279w\" sizes=\"auto, (max-width: 768px) 100vw, 768px\" \/>\t\t\t\t\t\t\t\t\t\t\t\t\t\t\t<\/div>\n\t\t\t\t<\/div>\n\t\t\t\t<div class=\"elementor-element elementor-element-7a1f72f elementor-widget elementor-widget-image\" data-id=\"7a1f72f\" data-element_type=\"widget\" data-widget_type=\"image.default\">\n\t\t\t\t<div class=\"elementor-widget-container\">\n\t\t\t\t\t\t\t\t\t\t\t\t\t\t\t<img loading=\"lazy\" decoding=\"async\" width=\"768\" height=\"1024\" src=\"https:\/\/everstartraffic.com\/wp-content\/uploads\/2022\/07\/hydraulic-stirring-system-2_\u526f\u672c-768x1024.jpg\" class=\"attachment-large size-large\" alt=\"\" srcset=\"https:\/\/everstartraffic.com\/wp-content\/uploads\/2022\/07\/hydraulic-stirring-system-2_\u526f\u672c-768x1024.jpg 768w, https:\/\/everstartraffic.com\/wp-content\/uploads\/2022\/07\/hydraulic-stirring-system-2_\u526f\u672c-600x800.jpg 600w, https:\/\/everstartraffic.com\/wp-content\/uploads\/2022\/07\/hydraulic-stirring-system-2_\u526f\u672c-225x300.jpg 225w, https:\/\/everstartraffic.com\/wp-content\/uploads\/2022\/07\/hydraulic-stirring-system-2_\u526f\u672c-1152x1536.jpg 1152w, https:\/\/everstartraffic.com\/wp-content\/uploads\/2022\/07\/hydraulic-stirring-system-2_\u526f\u672c.jpg 1279w\" sizes=\"auto, (max-width: 768px) 100vw, 768px\" \/>\t\t\t\t\t\t\t\t\t\t\t\t\t\t\t<\/div>\n\t\t\t\t<\/div>\n\t\t\t\t<div class=\"elementor-element elementor-element-b2c1874 elementor-widget elementor-widget-image\" data-id=\"b2c1874\" data-element_type=\"widget\" data-widget_type=\"image.default\">\n\t\t\t\t<div class=\"elementor-widget-container\">\n\t\t\t\t\t\t\t\t\t\t\t\t\t\t\t<img loading=\"lazy\" decoding=\"async\" width=\"768\" height=\"1024\" src=\"https:\/\/everstartraffic.com\/wp-content\/uploads\/2022\/07\/hydraulic-stirring-system-1_\u526f\u672c-768x1024.jpg\" class=\"attachment-large size-large\" alt=\"\" srcset=\"https:\/\/everstartraffic.com\/wp-content\/uploads\/2022\/07\/hydraulic-stirring-system-1_\u526f\u672c-768x1024.jpg 768w, https:\/\/everstartraffic.com\/wp-content\/uploads\/2022\/07\/hydraulic-stirring-system-1_\u526f\u672c-600x800.jpg 600w, https:\/\/everstartraffic.com\/wp-content\/uploads\/2022\/07\/hydraulic-stirring-system-1_\u526f\u672c-225x300.jpg 225w, https:\/\/everstartraffic.com\/wp-content\/uploads\/2022\/07\/hydraulic-stirring-system-1_\u526f\u672c-1152x1536.jpg 1152w, https:\/\/everstartraffic.com\/wp-content\/uploads\/2022\/07\/hydraulic-stirring-system-1_\u526f\u672c.jpg 1279w\" sizes=\"auto, (max-width: 768px) 100vw, 768px\" \/>\t\t\t\t\t\t\t\t\t\t\t\t\t\t\t<\/div>\n\t\t\t\t<\/div>\n\t\t\t\t<div class=\"elementor-element elementor-element-1a43a53 elementor-widget elementor-widget-image\" data-id=\"1a43a53\" data-element_type=\"widget\" data-widget_type=\"image.default\">\n\t\t\t\t<div class=\"elementor-widget-container\">\n\t\t\t\t\t\t\t\t\t\t\t\t\t\t\t<img loading=\"lazy\" decoding=\"async\" width=\"1024\" height=\"768\" src=\"https:\/\/everstartraffic.com\/wp-content\/uploads\/2022\/07\/\u5fae\u4fe1\u56fe\u7247_20220331203323-1024x768.jpg\" class=\"attachment-large size-large\" alt=\"\" srcset=\"https:\/\/everstartraffic.com\/wp-content\/uploads\/2022\/07\/\u5fae\u4fe1\u56fe\u7247_20220331203323-1024x768.jpg 1024w, https:\/\/everstartraffic.com\/wp-content\/uploads\/2022\/07\/\u5fae\u4fe1\u56fe\u7247_20220331203323-600x450.jpg 600w, https:\/\/everstartraffic.com\/wp-content\/uploads\/2022\/07\/\u5fae\u4fe1\u56fe\u7247_20220331203323-300x225.jpg 300w, https:\/\/everstartraffic.com\/wp-content\/uploads\/2022\/07\/\u5fae\u4fe1\u56fe\u7247_20220331203323-768x576.jpg 768w, https:\/\/everstartraffic.com\/wp-content\/uploads\/2022\/07\/\u5fae\u4fe1\u56fe\u7247_20220331203323-1536x1152.jpg 1536w, https:\/\/everstartraffic.com\/wp-content\/uploads\/2022\/07\/\u5fae\u4fe1\u56fe\u7247_20220331203323-1320x990.jpg 1320w, https:\/\/everstartraffic.com\/wp-content\/uploads\/2022\/07\/\u5fae\u4fe1\u56fe\u7247_20220331203323.jpg 1706w\" sizes=\"auto, (max-width: 1024px) 100vw, 1024px\" \/>\t\t\t\t\t\t\t\t\t\t\t\t\t\t\t<\/div>\n\t\t\t\t<\/div>\n\t\t\t\t\t<\/div>\n\t\t<\/div>\n\t\t\t\t\t\t\t<\/div>\n\t\t<\/section>\n\t\t\t\t\t\t\t<\/div>\n\t\t","protected":false},"excerpt":{"rendered":"<p>La m\u00e1quina combinada de precalentamiento y marcado vial autopropulsada ES-2 est\u00e1 equipada con el famoso motor de gasolina Honda que puede ahorrar energ\u00eda en gran medida. La m\u00e1quina est\u00e1 equipada con el sistema de agitaci\u00f3n hidr\u00e1ulica que puede calentar las pinturas t\u00e9rmicas de manera uniforme. <\/p>\n","protected":false},"featured_media":5827,"comment_status":"open","ping_status":"closed","template":"","meta":{"_monsterinsights_skip_tracking":false,"_monsterinsights_sitenote_active":false,"_monsterinsights_sitenote_note":"","_monsterinsights_sitenote_category":0,"spay_email":"","jetpack_publicize_message":"","jetpack_is_tweetstorm":false,"jetpack_publicize_feature_enabled":true},"product_cat":[337,341,315,294],"product_tag":[354,453,488,469,429],"class_list":["post-9500","product","type-product","status-publish","has-post-thumbnail","hentry","product_cat-maquina-de-marcado-de-carreteras","product_cat-maquina-de-marcado-vial-termoplastico","product_cat-producto","product_cat-sin-categorizar","product_tag-maquina-automatica-de-marcado-de-carreteras","product_tag-maquina-de-marcado-de-carreteras","product_tag-maquina-de-marcado-vial-termoplastico","product_tag-maquina-de-senalizacion-vial-autopropulsada","product_tag-precalentador-y-maquina-de-marcado-de-carreteras"],"aioseo_notices":[],"_links":{"self":[{"href":"https:\/\/everstartraffic.com\/es\/wp-json\/wp\/v2\/product\/9500","targetHints":{"allow":["GET"]}}],"collection":[{"href":"https:\/\/everstartraffic.com\/es\/wp-json\/wp\/v2\/product"}],"about":[{"href":"https:\/\/everstartraffic.com\/es\/wp-json\/wp\/v2\/types\/product"}],"replies":[{"embeddable":true,"href":"https:\/\/everstartraffic.com\/es\/wp-json\/wp\/v2\/comments?post=9500"}],"version-history":[{"count":1,"href":"https:\/\/everstartraffic.com\/es\/wp-json\/wp\/v2\/product\/9500\/revisions"}],"predecessor-version":[{"id":9501,"href":"https:\/\/everstartraffic.com\/es\/wp-json\/wp\/v2\/product\/9500\/revisions\/9501"}],"wp:featuredmedia":[{"embeddable":true,"href":"https:\/\/everstartraffic.com\/es\/wp-json\/wp\/v2\/media\/5827"}],"wp:attachment":[{"href":"https:\/\/everstartraffic.com\/es\/wp-json\/wp\/v2\/media?parent=9500"}],"wp:term":[{"taxonomy":"product_cat","embeddable":true,"href":"https:\/\/everstartraffic.com\/es\/wp-json\/wp\/v2\/product_cat?post=9500"},{"taxonomy":"product_tag","embeddable":true,"href":"https:\/\/everstartraffic.com\/es\/wp-json\/wp\/v2\/product_tag?post=9500"}],"curies":[{"name":"wp","href":"https:\/\/api.w.org\/{rel}","templated":true}]}}