{"id":9498,"date":"2022-08-01T03:27:10","date_gmt":"2022-08-01T03:27:10","guid":{"rendered":"https:\/\/www.everstartraffic.com\/product\/pintura-termoplastica-para-marcacion-vial\/"},"modified":"2024-09-18T11:33:44","modified_gmt":"2024-09-18T11:33:44","slug":"pintura-termoplastica-para-marcacion-vial","status":"publish","type":"product","link":"https:\/\/everstartraffic.com\/es\/product\/pintura-termoplastica-para-marcacion-vial\/","title":{"rendered":"PINTURA TERMOPL\u00c1STICA PARA MARCACI\u00d3N VIAL"},"content":{"rendered":"\t\t<div data-elementor-type=\"product-post\" data-elementor-id=\"9498\" class=\"elementor elementor-9498 elementor-5855\">\n\t\t\t\t\t\t\t\t\t<section class=\"elementor-section elementor-top-section elementor-element elementor-element-552c6e5 elementor-section-boxed elementor-section-height-default elementor-section-height-default\" data-id=\"552c6e5\" data-element_type=\"section\">\n\t\t\t\t\t\t<div class=\"elementor-container elementor-column-gap-default\">\n\t\t\t\t\t<div class=\"elementor-column elementor-col-100 elementor-top-column elementor-element elementor-element-55d4c21\" data-id=\"55d4c21\" data-element_type=\"column\">\n\t\t\t<div class=\"elementor-widget-wrap elementor-element-populated\">\n\t\t\t\t\t\t\t\t<div class=\"elementor-element elementor-element-0726d57 elementor-widget elementor-widget-heading\" data-id=\"0726d57\" data-element_type=\"widget\" data-widget_type=\"heading.default\">\n\t\t\t\t<div class=\"elementor-widget-container\">\n\t\t\t<style>\/*! elementor - v3.7.0 - 08-08-2022 *\/\n.elementor-heading-title{padding:0;margin:0;line-height:1}.elementor-widget-heading .elementor-heading-title[class*=elementor-size-]>a{color:inherit;font-size:inherit;line-height:inherit}.elementor-widget-heading .elementor-heading-title.elementor-size-small{font-size:15px}.elementor-widget-heading .elementor-heading-title.elementor-size-medium{font-size:19px}.elementor-widget-heading .elementor-heading-title.elementor-size-large{font-size:29px}.elementor-widget-heading .elementor-heading-title.elementor-size-xl{font-size:39px}.elementor-widget-heading .elementor-heading-title.elementor-size-xxl{font-size:59px}<\/style><h1 class=\"elementor-heading-title elementor-size-default\">Pintura termopl\u00e1stica para se\u00f1alizaci\u00f3n vial M\u00e1s detalles <\/h1>\t\t<\/div>\n\t\t\t\t<\/div>\n\t\t\t\t\t<\/div>\n\t\t<\/div>\n\t\t\t\t\t\t\t<\/div>\n\t\t<\/section>\n\t\t\t\t<section class=\"elementor-section elementor-top-section elementor-element elementor-element-7e0686c elementor-section-boxed elementor-section-height-default elementor-section-height-default\" data-id=\"7e0686c\" data-element_type=\"section\">\n\t\t\t\t\t\t<div class=\"elementor-container elementor-column-gap-default\">\n\t\t\t\t\t<div class=\"elementor-column elementor-col-100 elementor-top-column elementor-element elementor-element-1a7bf57\" data-id=\"1a7bf57\" data-element_type=\"column\">\n\t\t\t<div class=\"elementor-widget-wrap elementor-element-populated\">\n\t\t\t\t\t\t\t\t<div class=\"elementor-element elementor-element-98b05e6 elementor-widget elementor-widget-text-editor\" data-id=\"98b05e6\" data-element_type=\"widget\" data-widget_type=\"text-editor.default\">\n\t\t\t\t<div class=\"elementor-widget-container\">\n\t\t\t<style>\/*! elementor - v3.7.0 - 08-08-2022 *\/\n.elementor-widget-text-editor.elementor-drop-cap-view-stacked .elementor-drop-cap{background-color:#818a91;color:#fff}.elementor-widget-text-editor.elementor-drop-cap-view-framed .elementor-drop-cap{color:#818a91;border:3px solid;background-color:transparent}.elementor-widget-text-editor:not(.elementor-drop-cap-view-default) .elementor-drop-cap{margin-top:8px}.elementor-widget-text-editor:not(.elementor-drop-cap-view-default) .elementor-drop-cap-letter{width:1em;height:1em}.elementor-widget-text-editor .elementor-drop-cap{float:left;text-align:center;line-height:1;font-size:50px}.elementor-widget-text-editor .elementor-drop-cap-letter{display:inline-block}<\/style>\t\t\t\t<ul>\n<li>La pintura termopl\u00e1stica para se\u00f1alizaci\u00f3n vial se utiliza principalmente para la se\u00f1alizaci\u00f3n vial y de carreteras.<\/li>\n<li>Est\u00e1 compuesto de resina de petr\u00f3leo C5, di\u00f3xido de titanio, pigmento de perlas de vidrio reflectantes y carbonato de calcio y relleno inerte.<\/li>\n<li>El grosor de las l\u00edneas de marcado var\u00eda normalmente entre 1 mm y 3 mm. <\/li>\n<li>Se empaqueta en bolsas tejidas de pl\u00e1stico de 25 kg y en palets de 1 a 1,5 toneladas.<\/li>\n<\/ul>\n\t\t\t\t\t\t<\/div>\n\t\t\t\t<\/div>\n\t\t\t\t\t<\/div>\n\t\t<\/div>\n\t\t\t\t\t\t\t<\/div>\n\t\t<\/section>\n\t\t\t\t<section class=\"elementor-section elementor-top-section elementor-element elementor-element-6ed7ca7 elementor-section-boxed elementor-section-height-default elementor-section-height-default\" data-id=\"6ed7ca7\" data-element_type=\"section\">\n\t\t\t\t\t\t<div class=\"elementor-container elementor-column-gap-default\">\n\t\t\t\t\t<div class=\"elementor-column elementor-col-100 elementor-top-column elementor-element elementor-element-2dae268\" data-id=\"2dae268\" data-element_type=\"column\">\n\t\t\t<div class=\"elementor-widget-wrap elementor-element-populated\">\n\t\t\t\t\t\t\t\t<div class=\"elementor-element elementor-element-74fa6c7 elementor-widget elementor-widget-heading\" data-id=\"74fa6c7\" data-element_type=\"widget\" data-widget_type=\"heading.default\">\n\t\t\t\t<div class=\"elementor-widget-container\">\n\t\t\t<h1 class=\"elementor-heading-title elementor-size-default\">Par\u00e1metros del producto<\/h1>\t\t<\/div>\n\t\t\t\t<\/div>\n\t\t\t\t\t<\/div>\n\t\t<\/div>\n\t\t\t\t\t\t\t<\/div>\n\t\t<\/section>\n\t\t\t\t<section class=\"elementor-section elementor-top-section elementor-element elementor-element-8adcc4c elementor-section-boxed elementor-section-height-default elementor-section-height-default\" data-id=\"8adcc4c\" data-element_type=\"section\">\n\t\t\t\t\t\t<div class=\"elementor-container elementor-column-gap-default\">\n\t\t\t\t\t<div class=\"elementor-column elementor-col-100 elementor-top-column elementor-element elementor-element-cfc897d\" data-id=\"cfc897d\" data-element_type=\"column\">\n\t\t\t<div class=\"elementor-widget-wrap elementor-element-populated\">\n\t\t\t\t\t\t\t\t<div class=\"elementor-element elementor-element-d064f32 elementor-widget elementor-widget-text-editor\" data-id=\"d064f32\" data-element_type=\"widget\" data-widget_type=\"text-editor.default\">\n\t\t\t\t<div class=\"elementor-widget-container\">\n\t\t\t\t\t\t\t<table>\n<tbody>\n<tr>\n<td width=\"412\">\n<p> Producto<\/p>\n<\/td>\n<td width=\"692\">\n<p> Pintura termopl\u00e1stica para se\u00f1alizaci\u00f3n vial<\/p>\n<\/td>\n<\/tr>\n<tr>\n<td width=\"412\">\n<p> Apariencia<\/p>\n<\/td>\n<td width=\"692\">\n<p> Polvo<\/p>\n<\/td>\n<\/tr>\n<tr>\n<td width=\"412\">\n<p> Color<\/p>\n<\/td>\n<td width=\"692\">\n<p> Blanco, amarillo o personalizado<\/p>\n<\/td>\n<\/tr>\n<tr>\n<td width=\"412\">\n<p> Materia prima principal<\/p>\n<\/td>\n<td width=\"692\">\n<p> Resina de petr\u00f3leo<\/p>\n<\/td>\n<\/tr>\n<tr>\n<td width=\"412\">\n<p> Mezclar el contenido de perlas de vidrio<\/p>\n<\/td>\n<td width=\"692\">\n<p> 15%~30%<\/p>\n<\/td>\n<\/tr>\n<tr>\n<td width=\"412\">\n<p> Temperatura de aplicaci\u00f3n<\/p>\n<\/td>\n<td width=\"692\">\n<p> 180~220\u2103 <\/p>\n<\/td>\n<\/tr>\n<tr>\n<td width=\"412\">\n<p> Punto blando<\/p>\n<\/td>\n<td width=\"692\">\n<p> 90~125\u2103 <\/p>\n<\/td>\n<\/tr>\n<tr>\n<td width=\"412\">\n<p> Velocidad de secado<\/p>\n<\/td>\n<td width=\"692\">\n<p> \u22643 minutos (23 \u2103)<\/p>\n<\/td>\n<\/tr>\n<tr>\n<td width=\"412\">\n<p> Tasa de propagaci\u00f3n te\u00f3rica<\/p>\n<\/td>\n<td width=\"692\">\n<p> 4-5 kg\/metro cuadrado<\/p>\n<\/td>\n<\/tr>\n<tr>\n<td width=\"412\">\n<p> Factor de luminancia<\/p>\n<\/td>\n<td width=\"692\">\n<p> Blanco: \u226575%, amarillo: \u226545% <\/p>\n<\/td>\n<\/tr>\n<tr>\n<td width=\"412\">\n<p> M\u00e9todo de aplicaci\u00f3n<\/p>\n<\/td>\n<td width=\"692\">\n<p> Solado, proyecci\u00f3n, extrusi\u00f3n, estructural<\/p>\n<\/td>\n<\/tr>\n<tr>\n<td width=\"412\">\n<p> Almacenamiento<\/p>\n<\/td>\n<td width=\"692\">\n<p> Seco, fresco, evitar la luz solar directa.<\/p>\n<\/td>\n<\/tr>\n<tr>\n<td width=\"412\">\n<p> Fecha de expiraci\u00f3n<\/p>\n<\/td>\n<td width=\"692\">\n<p> Un a\u00f1o<\/p>\n<\/td>\n<\/tr>\n<\/tbody>\n<\/table>\n\t\t\t\t\t\t<\/div>\n\t\t\t\t<\/div>\n\t\t\t\t\t<\/div>\n\t\t<\/div>\n\t\t\t\t\t\t\t<\/div>\n\t\t<\/section>\n\t\t\t\t<section class=\"elementor-section elementor-top-section elementor-element elementor-element-df9f754 elementor-section-boxed elementor-section-height-default elementor-section-height-default\" data-id=\"df9f754\" data-element_type=\"section\">\n\t\t\t\t\t\t<div class=\"elementor-container elementor-column-gap-default\">\n\t\t\t\t\t<div class=\"elementor-column elementor-col-100 elementor-top-column elementor-element elementor-element-bcb92c2\" data-id=\"bcb92c2\" data-element_type=\"column\">\n\t\t\t<div class=\"elementor-widget-wrap elementor-element-populated\">\n\t\t\t\t\t\t\t\t<div class=\"elementor-element elementor-element-56edd06 elementor-widget elementor-widget-heading\" data-id=\"56edd06\" data-element_type=\"widget\" data-widget_type=\"heading.default\">\n\t\t\t\t<div class=\"elementor-widget-container\">\n\t\t\t<h1 class=\"elementor-heading-title elementor-size-default\">Caracter\u00edsticas<\/h1>\t\t<\/div>\n\t\t\t\t<\/div>\n\t\t\t\t\t<\/div>\n\t\t<\/div>\n\t\t\t\t\t\t\t<\/div>\n\t\t<\/section>\n\t\t\t\t<section class=\"elementor-section elementor-top-section elementor-element elementor-element-ddd81d8 elementor-section-boxed elementor-section-height-default elementor-section-height-default\" data-id=\"ddd81d8\" data-element_type=\"section\">\n\t\t\t\t\t\t<div class=\"elementor-container elementor-column-gap-default\">\n\t\t\t\t\t<div class=\"elementor-column elementor-col-100 elementor-top-column elementor-element elementor-element-2af9518\" data-id=\"2af9518\" data-element_type=\"column\">\n\t\t\t<div class=\"elementor-widget-wrap elementor-element-populated\">\n\t\t\t\t\t\t\t\t<div class=\"elementor-element elementor-element-aab71cb elementor-widget elementor-widget-text-editor\" data-id=\"aab71cb\" data-element_type=\"widget\" data-widget_type=\"text-editor.default\">\n\t\t\t\t<div class=\"elementor-widget-container\">\n\t\t\t\t\t\t\t<ul>\n<li>Alta fuerza adhesiva: se agrega un buen elast\u00f3mero a la receta de pintura termopl\u00e1stica para se\u00f1alizaci\u00f3n vial para garantizar la fuerza de adhesi\u00f3n.<\/li>\n<li>Mayor resistencia al deslizamiento: la f\u00f3rmula se personaliza seg\u00fan el clima y la temperatura de la estaci\u00f3n del a\u00f1o en que se utilice. Esto puede evitar la posible deformaci\u00f3n de la pel\u00edcula fundida causada por los cambios de temperatura del clima. <\/li>\n<li>Color brillante: la f\u00f3rmula adopta pigmentos de alta calidad en una proporci\u00f3n de mezcla razonable. Puede garantizar que el color de la l\u00ednea de se\u00f1alizaci\u00f3n vial dure muchos a\u00f1os. <\/li>\n<\/ul>\n\t\t\t\t\t\t<\/div>\n\t\t\t\t<\/div>\n\t\t\t\t\t<\/div>\n\t\t<\/div>\n\t\t\t\t\t\t\t<\/div>\n\t\t<\/section>\n\t\t\t\t<section class=\"elementor-section elementor-top-section elementor-element elementor-element-897326c elementor-section-boxed elementor-section-height-default elementor-section-height-default\" data-id=\"897326c\" data-element_type=\"section\">\n\t\t\t\t\t\t<div class=\"elementor-container elementor-column-gap-default\">\n\t\t\t\t\t<div class=\"elementor-column elementor-col-100 elementor-top-column elementor-element elementor-element-dd00045\" data-id=\"dd00045\" data-element_type=\"column\">\n\t\t\t<div class=\"elementor-widget-wrap elementor-element-populated\">\n\t\t\t\t\t\t\t\t<div class=\"elementor-element elementor-element-a83a66e elementor-widget elementor-widget-heading\" data-id=\"a83a66e\" data-element_type=\"widget\" data-widget_type=\"heading.default\">\n\t\t\t\t<div class=\"elementor-widget-container\">\n\t\t\t<h1 class=\"elementor-heading-title elementor-size-default\">Par\u00e1metros del producto Equipo<\/h1>\t\t<\/div>\n\t\t\t\t<\/div>\n\t\t\t\t\t<\/div>\n\t\t<\/div>\n\t\t\t\t\t\t\t<\/div>\n\t\t<\/section>\n\t\t\t\t<section class=\"elementor-section elementor-top-section elementor-element elementor-element-dd1dca0 elementor-section-boxed elementor-section-height-default elementor-section-height-default\" data-id=\"dd1dca0\" data-element_type=\"section\">\n\t\t\t\t\t\t<div class=\"elementor-container elementor-column-gap-default\">\n\t\t\t\t\t<div class=\"elementor-column elementor-col-100 elementor-top-column elementor-element elementor-element-accca90\" data-id=\"accca90\" data-element_type=\"column\">\n\t\t\t<div class=\"elementor-widget-wrap elementor-element-populated\">\n\t\t\t\t\t\t\t\t<div class=\"elementor-element elementor-element-54745c4 elementor-widget elementor-widget-image\" data-id=\"54745c4\" data-element_type=\"widget\" data-widget_type=\"image.default\">\n\t\t\t\t<div class=\"elementor-widget-container\">\n\t\t\t<style>\/*! elementor - v3.7.0 - 08-08-2022 *\/\n.elementor-widget-image{text-align:center}.elementor-widget-image a{display:inline-block}.elementor-widget-image a img[src$=\".svg\"]{width:48px}.elementor-widget-image img{vertical-align:middle;display:inline-block}<\/style>\t\t\t\t\t\t\t\t\t\t\t\t<img loading=\"lazy\" decoding=\"async\" width=\"740\" height=\"392\" src=\"https:\/\/everstartraffic.com\/wp-content\/uploads\/2022\/08\/\u751f\u4ea7\u56fe.png\" class=\"attachment-large size-large\" alt=\"\" srcset=\"https:\/\/everstartraffic.com\/wp-content\/uploads\/2022\/08\/\u751f\u4ea7\u56fe.png 740w, https:\/\/everstartraffic.com\/wp-content\/uploads\/2022\/08\/\u751f\u4ea7\u56fe-600x318.png 600w, https:\/\/everstartraffic.com\/wp-content\/uploads\/2022\/08\/\u751f\u4ea7\u56fe-300x159.png 300w\" sizes=\"auto, (max-width: 740px) 100vw, 740px\" \/>\t\t\t\t\t\t\t\t\t\t\t\t\t\t\t<\/div>\n\t\t\t\t<\/div>\n\t\t\t\t<div class=\"elementor-element elementor-element-2559d4d elementor-widget elementor-widget-image\" data-id=\"2559d4d\" data-element_type=\"widget\" data-widget_type=\"image.default\">\n\t\t\t\t<div class=\"elementor-widget-container\">\n\t\t\t\t\t\t\t\t\t\t\t\t\t\t\t<img loading=\"lazy\" decoding=\"async\" width=\"735\" height=\"490\" src=\"https:\/\/everstartraffic.com\/wp-content\/uploads\/2022\/08\/\u5fae\u4fe1\u622a\u56fe_20220801151305.png\" class=\"attachment-large size-large\" alt=\"\" srcset=\"https:\/\/everstartraffic.com\/wp-content\/uploads\/2022\/08\/\u5fae\u4fe1\u622a\u56fe_20220801151305.png 735w, https:\/\/everstartraffic.com\/wp-content\/uploads\/2022\/08\/\u5fae\u4fe1\u622a\u56fe_20220801151305-600x400.png 600w, https:\/\/everstartraffic.com\/wp-content\/uploads\/2022\/08\/\u5fae\u4fe1\u622a\u56fe_20220801151305-300x200.png 300w\" sizes=\"auto, (max-width: 735px) 100vw, 735px\" \/>\t\t\t\t\t\t\t\t\t\t\t\t\t\t\t<\/div>\n\t\t\t\t<\/div>\n\t\t\t\t\t<\/div>\n\t\t<\/div>\n\t\t\t\t\t\t\t<\/div>\n\t\t<\/section>\n\t\t\t\t<section class=\"elementor-section elementor-top-section elementor-element elementor-element-5a40662 elementor-section-boxed elementor-section-height-default elementor-section-height-default\" data-id=\"5a40662\" data-element_type=\"section\">\n\t\t\t\t\t\t<div class=\"elementor-container elementor-column-gap-default\">\n\t\t\t\t\t<div class=\"elementor-column elementor-col-100 elementor-top-column elementor-element elementor-element-b3be18e\" data-id=\"b3be18e\" data-element_type=\"column\">\n\t\t\t<div class=\"elementor-widget-wrap elementor-element-populated\">\n\t\t\t\t\t\t\t\t<div class=\"elementor-element elementor-element-2cc0ba1 elementor-widget elementor-widget-heading\" data-id=\"2cc0ba1\" data-element_type=\"widget\" data-widget_type=\"heading.default\">\n\t\t\t\t<div class=\"elementor-widget-container\">\n\t\t\t<h1 class=\"elementor-heading-title elementor-size-default\">Pantalla de trabajo<\/h1>\t\t<\/div>\n\t\t\t\t<\/div>\n\t\t\t\t\t<\/div>\n\t\t<\/div>\n\t\t\t\t\t\t\t<\/div>\n\t\t<\/section>\n\t\t\t\t<section class=\"elementor-section elementor-top-section elementor-element elementor-element-83d211a elementor-section-boxed elementor-section-height-default elementor-section-height-default\" data-id=\"83d211a\" data-element_type=\"section\">\n\t\t\t\t\t\t<div class=\"elementor-container elementor-column-gap-default\">\n\t\t\t\t\t<div class=\"elementor-column elementor-col-100 elementor-top-column elementor-element elementor-element-5a1de0e\" data-id=\"5a1de0e\" data-element_type=\"column\">\n\t\t\t<div class=\"elementor-widget-wrap elementor-element-populated\">\n\t\t\t\t\t\t\t\t<div class=\"elementor-element elementor-element-1b07618 elementor-widget elementor-widget-image\" data-id=\"1b07618\" data-element_type=\"widget\" data-widget_type=\"image.default\">\n\t\t\t\t<div class=\"elementor-widget-container\">\n\t\t\t\t\t\t\t\t\t\t\t\t\t\t\t<img loading=\"lazy\" decoding=\"async\" width=\"948\" height=\"919\" src=\"https:\/\/everstartraffic.com\/wp-content\/uploads\/2022\/08\/\u5fae\u4fe1\u622a\u56fe_20220801151547.png\" class=\"attachment-large size-large\" alt=\"\" srcset=\"https:\/\/everstartraffic.com\/wp-content\/uploads\/2022\/08\/\u5fae\u4fe1\u622a\u56fe_20220801151547.png 948w, https:\/\/everstartraffic.com\/wp-content\/uploads\/2022\/08\/\u5fae\u4fe1\u622a\u56fe_20220801151547-600x582.png 600w, https:\/\/everstartraffic.com\/wp-content\/uploads\/2022\/08\/\u5fae\u4fe1\u622a\u56fe_20220801151547-300x291.png 300w, https:\/\/everstartraffic.com\/wp-content\/uploads\/2022\/08\/\u5fae\u4fe1\u622a\u56fe_20220801151547-768x745.png 768w\" sizes=\"auto, (max-width: 948px) 100vw, 948px\" \/>\t\t\t\t\t\t\t\t\t\t\t\t\t\t\t<\/div>\n\t\t\t\t<\/div>\n\t\t\t\t<div class=\"elementor-element elementor-element-f66c162 elementor-widget elementor-widget-image\" data-id=\"f66c162\" data-element_type=\"widget\" data-widget_type=\"image.default\">\n\t\t\t\t<div class=\"elementor-widget-container\">\n\t\t\t\t\t\t\t\t\t\t\t\t\t\t\t<img loading=\"lazy\" decoding=\"async\" width=\"1024\" height=\"1024\" src=\"https:\/\/everstartraffic.com\/wp-content\/uploads\/2022\/08\/\u5c55\u793a\u56fe-1024x1024.jpg\" class=\"attachment-large size-large\" alt=\"\" srcset=\"https:\/\/everstartraffic.com\/wp-content\/uploads\/2022\/08\/\u5c55\u793a\u56fe-1024x1024.jpg 1024w, https:\/\/everstartraffic.com\/wp-content\/uploads\/2022\/08\/\u5c55\u793a\u56fe-300x300.jpg 300w, https:\/\/everstartraffic.com\/wp-content\/uploads\/2022\/08\/\u5c55\u793a\u56fe-100x100.jpg 100w, https:\/\/everstartraffic.com\/wp-content\/uploads\/2022\/08\/\u5c55\u793a\u56fe-600x600.jpg 600w, https:\/\/everstartraffic.com\/wp-content\/uploads\/2022\/08\/\u5c55\u793a\u56fe-150x150.jpg 150w, https:\/\/everstartraffic.com\/wp-content\/uploads\/2022\/08\/\u5c55\u793a\u56fe-768x768.jpg 768w, https:\/\/everstartraffic.com\/wp-content\/uploads\/2022\/08\/\u5c55\u793a\u56fe.jpg 1181w\" sizes=\"auto, (max-width: 1024px) 100vw, 1024px\" \/>\t\t\t\t\t\t\t\t\t\t\t\t\t\t\t<\/div>\n\t\t\t\t<\/div>\n\t\t\t\t\t<\/div>\n\t\t<\/div>\n\t\t\t\t\t\t\t<\/div>\n\t\t<\/section>\n\t\t\t\t<section class=\"elementor-section elementor-top-section elementor-element elementor-element-bd95ef9 elementor-section-boxed elementor-section-height-default elementor-section-height-default\" data-id=\"bd95ef9\" data-element_type=\"section\">\n\t\t\t\t\t\t<div class=\"elementor-container elementor-column-gap-default\">\n\t\t\t\t\t<div class=\"elementor-column elementor-col-100 elementor-top-column elementor-element elementor-element-2e0ef92\" data-id=\"2e0ef92\" data-element_type=\"column\">\n\t\t\t<div class=\"elementor-widget-wrap elementor-element-populated\">\n\t\t\t\t\t\t\t\t<div class=\"elementor-element elementor-element-5141c42 elementor-widget elementor-widget-heading\" data-id=\"5141c42\" data-element_type=\"widget\" data-widget_type=\"heading.default\">\n\t\t\t\t<div class=\"elementor-widget-container\">\n\t\t\t<h1 class=\"elementor-heading-title elementor-size-default\">Entrega del producto<\/h1>\t\t<\/div>\n\t\t\t\t<\/div>\n\t\t\t\t\t<\/div>\n\t\t<\/div>\n\t\t\t\t\t\t\t<\/div>\n\t\t<\/section>\n\t\t\t\t<section class=\"elementor-section elementor-top-section elementor-element elementor-element-3dfc14d elementor-section-boxed elementor-section-height-default elementor-section-height-default\" data-id=\"3dfc14d\" data-element_type=\"section\">\n\t\t\t\t\t\t<div class=\"elementor-container elementor-column-gap-default\">\n\t\t\t\t\t<div class=\"elementor-column elementor-col-100 elementor-top-column elementor-element elementor-element-f8f9a8b\" data-id=\"f8f9a8b\" data-element_type=\"column\">\n\t\t\t<div class=\"elementor-widget-wrap elementor-element-populated\">\n\t\t\t\t\t\t\t\t<div class=\"elementor-element elementor-element-99e3c4b elementor-widget elementor-widget-image\" data-id=\"99e3c4b\" data-element_type=\"widget\" data-widget_type=\"image.default\">\n\t\t\t\t<div class=\"elementor-widget-container\">\n\t\t\t\t\t\t\t\t\t\t\t\t\t\t\t<img loading=\"lazy\" decoding=\"async\" width=\"800\" height=\"600\" src=\"https:\/\/everstartraffic.com\/wp-content\/uploads\/2022\/08\/\u88c5\u67dc\u56fe.jpg\" class=\"attachment-large size-large\" alt=\"\" srcset=\"https:\/\/everstartraffic.com\/wp-content\/uploads\/2022\/08\/\u88c5\u67dc\u56fe.jpg 800w, https:\/\/everstartraffic.com\/wp-content\/uploads\/2022\/08\/\u88c5\u67dc\u56fe-600x450.jpg 600w, https:\/\/everstartraffic.com\/wp-content\/uploads\/2022\/08\/\u88c5\u67dc\u56fe-300x225.jpg 300w, https:\/\/everstartraffic.com\/wp-content\/uploads\/2022\/08\/\u88c5\u67dc\u56fe-768x576.jpg 768w\" sizes=\"auto, (max-width: 800px) 100vw, 800px\" \/>\t\t\t\t\t\t\t\t\t\t\t\t\t\t\t<\/div>\n\t\t\t\t<\/div>\n\t\t\t\t\t<\/div>\n\t\t<\/div>\n\t\t\t\t\t\t\t<\/div>\n\t\t<\/section>\n\t\t\t\t<section class=\"elementor-section elementor-top-section elementor-element elementor-element-fab2891 elementor-section-boxed elementor-section-height-default elementor-section-height-default\" data-id=\"fab2891\" data-element_type=\"section\">\n\t\t\t\t\t\t<div class=\"elementor-container elementor-column-gap-default\">\n\t\t\t\t\t<div class=\"elementor-column elementor-col-100 elementor-top-column elementor-element elementor-element-c003b53\" data-id=\"c003b53\" data-element_type=\"column\">\n\t\t\t<div class=\"elementor-widget-wrap elementor-element-populated\">\n\t\t\t\t\t\t\t\t<div class=\"elementor-element elementor-element-ba04b30 elementor-widget elementor-widget-image\" data-id=\"ba04b30\" data-element_type=\"widget\" data-widget_type=\"image.default\">\n\t\t\t\t<div class=\"elementor-widget-container\">\n\t\t\t\t\t\t\t\t\t\t\t\t\t\t\t<img loading=\"lazy\" decoding=\"async\" width=\"661\" height=\"611\" src=\"https:\/\/everstartraffic.com\/wp-content\/uploads\/2022\/08\/\u88c5\u67dc\u56fe.png\" class=\"attachment-large size-large\" alt=\"\" srcset=\"https:\/\/everstartraffic.com\/wp-content\/uploads\/2022\/08\/\u88c5\u67dc\u56fe.png 661w, https:\/\/everstartraffic.com\/wp-content\/uploads\/2022\/08\/\u88c5\u67dc\u56fe-600x555.png 600w, https:\/\/everstartraffic.com\/wp-content\/uploads\/2022\/08\/\u88c5\u67dc\u56fe-300x277.png 300w\" sizes=\"auto, (max-width: 661px) 100vw, 661px\" \/>\t\t\t\t\t\t\t\t\t\t\t\t\t\t\t<\/div>\n\t\t\t\t<\/div>\n\t\t\t\t\t<\/div>\n\t\t<\/div>\n\t\t\t\t\t\t\t<\/div>\n\t\t<\/section>\n\t\t\t\t\t\t\t<\/div>\n\t\t","protected":false},"excerpt":{"rendered":"<p>La pintura termopl\u00e1stica para se\u00f1alizaci\u00f3n vial se compone principalmente de resina de petr\u00f3leo, perlas de vidrio y di\u00f3xido de titanio. Sus normas se pueden clasificar en AASHTO M249, BS3262 EN187, AS-NZS 2009, etc. <\/p>\n","protected":false},"featured_media":8984,"comment_status":"open","ping_status":"closed","template":"","meta":{"_monsterinsights_skip_tracking":false,"_monsterinsights_sitenote_active":false,"_monsterinsights_sitenote_note":"","_monsterinsights_sitenote_category":0,"spay_email":"","jetpack_publicize_message":"","jetpack_is_tweetstorm":false,"jetpack_publicize_feature_enabled":true},"product_cat":[337,343,315,294],"product_tag":[512,510,496,375,435,489],"class_list":["post-9498","product","type-product","status-publish","has-post-thumbnail","hentry","product_cat-maquina-de-marcado-de-carreteras","product_cat-pintura-termoplastica-para-senalizacion-vial","product_cat-producto","product_cat-sin-categorizar","product_tag-pintura-amarilla-para-senalizacion-vial","product_tag-pintura-blanca-para-senalizacion-vial","product_tag-pintura-para-senalizacion-vial-es-2","product_tag-pintura-para-senalizacion-vial-convexa","product_tag-pintura-reflectante-para-senalizacion-vial","product_tag-pintura-termoplastica-para-senalizacion-vial"],"aioseo_notices":[],"_links":{"self":[{"href":"https:\/\/everstartraffic.com\/es\/wp-json\/wp\/v2\/product\/9498","targetHints":{"allow":["GET"]}}],"collection":[{"href":"https:\/\/everstartraffic.com\/es\/wp-json\/wp\/v2\/product"}],"about":[{"href":"https:\/\/everstartraffic.com\/es\/wp-json\/wp\/v2\/types\/product"}],"replies":[{"embeddable":true,"href":"https:\/\/everstartraffic.com\/es\/wp-json\/wp\/v2\/comments?post=9498"}],"version-history":[{"count":1,"href":"https:\/\/everstartraffic.com\/es\/wp-json\/wp\/v2\/product\/9498\/revisions"}],"predecessor-version":[{"id":9499,"href":"https:\/\/everstartraffic.com\/es\/wp-json\/wp\/v2\/product\/9498\/revisions\/9499"}],"wp:featuredmedia":[{"embeddable":true,"href":"https:\/\/everstartraffic.com\/es\/wp-json\/wp\/v2\/media\/8984"}],"wp:attachment":[{"href":"https:\/\/everstartraffic.com\/es\/wp-json\/wp\/v2\/media?parent=9498"}],"wp:term":[{"taxonomy":"product_cat","embeddable":true,"href":"https:\/\/everstartraffic.com\/es\/wp-json\/wp\/v2\/product_cat?post=9498"},{"taxonomy":"product_tag","embeddable":true,"href":"https:\/\/everstartraffic.com\/es\/wp-json\/wp\/v2\/product_tag?post=9498"}],"curies":[{"name":"wp","href":"https:\/\/api.w.org\/{rel}","templated":true}]}}