{"id":9496,"date":"2023-04-05T04:12:53","date_gmt":"2023-04-05T04:12:53","guid":{"rendered":"https:\/\/www.everstartraffic.com\/product\/equipo-de-prueba-del-coeficiente-de-friccion-del-pendulo\/"},"modified":"2024-09-18T11:27:48","modified_gmt":"2024-09-18T11:27:48","slug":"equipo-de-prueba-del-coeficiente-de-friccion-del-pendulo","status":"publish","type":"product","link":"https:\/\/everstartraffic.com\/es\/product\/equipo-de-prueba-del-coeficiente-de-friccion-del-pendulo\/","title":{"rendered":"Equipo de prueba del coeficiente de fricci\u00f3n del p\u00e9ndulo"},"content":{"rendered":"\t\t<div data-elementor-type=\"product-post\" data-elementor-id=\"9496\" class=\"elementor elementor-9496 elementor-6813\">\n\t\t\t\t\t\t\t\t\t<section class=\"elementor-section elementor-top-section elementor-element elementor-element-7f2f148 elementor-section-boxed elementor-section-height-default elementor-section-height-default\" data-id=\"7f2f148\" data-element_type=\"section\">\n\t\t\t\t\t\t<div class=\"elementor-container elementor-column-gap-default\">\n\t\t\t\t\t<div class=\"elementor-column elementor-col-100 elementor-top-column elementor-element elementor-element-0abae94\" data-id=\"0abae94\" data-element_type=\"column\">\n\t\t\t<div class=\"elementor-widget-wrap elementor-element-populated\">\n\t\t\t\t\t\t\t\t<div class=\"elementor-element elementor-element-e76fb6a elementor-widget elementor-widget-heading\" data-id=\"e76fb6a\" data-element_type=\"widget\" data-widget_type=\"heading.default\">\n\t\t\t\t<div class=\"elementor-widget-container\">\n\t\t\t<style>\/*! elementor - v3.7.0 - 08-08-2022 *\/\n.elementor-heading-title{padding:0;margin:0;line-height:1}.elementor-widget-heading .elementor-heading-title[class*=elementor-size-]>a{color:inherit;font-size:inherit;line-height:inherit}.elementor-widget-heading .elementor-heading-title.elementor-size-small{font-size:15px}.elementor-widget-heading .elementor-heading-title.elementor-size-medium{font-size:19px}.elementor-widget-heading .elementor-heading-title.elementor-size-large{font-size:29px}.elementor-widget-heading .elementor-heading-title.elementor-size-xl{font-size:39px}.elementor-widget-heading .elementor-heading-title.elementor-size-xxl{font-size:59px}<\/style><h4 class=\"elementor-heading-title elementor-size-default\">Par\u00e1metros del producto<\/h4>\t\t<\/div>\n\t\t\t\t<\/div>\n\t\t\t\t\t<\/div>\n\t\t<\/div>\n\t\t\t\t\t\t\t<\/div>\n\t\t<\/section>\n\t\t\t\t<section class=\"elementor-section elementor-top-section elementor-element elementor-element-1cdf3c0 elementor-section-boxed elementor-section-height-default elementor-section-height-default\" data-id=\"1cdf3c0\" data-element_type=\"section\">\n\t\t\t\t\t\t<div class=\"elementor-container elementor-column-gap-default\">\n\t\t\t\t\t<div class=\"elementor-column elementor-col-100 elementor-top-column elementor-element elementor-element-ba10888\" data-id=\"ba10888\" data-element_type=\"column\">\n\t\t\t<div class=\"elementor-widget-wrap elementor-element-populated\">\n\t\t\t\t\t\t\t\t<div class=\"elementor-element elementor-element-6a2910e elementor-widget elementor-widget-text-editor\" data-id=\"6a2910e\" data-element_type=\"widget\" data-widget_type=\"text-editor.default\">\n\t\t\t\t<div class=\"elementor-widget-container\">\n\t\t\t<style>\/*! elementor - v3.7.0 - 08-08-2022 *\/\n.elementor-widget-text-editor.elementor-drop-cap-view-stacked .elementor-drop-cap{background-color:#818a91;color:#fff}.elementor-widget-text-editor.elementor-drop-cap-view-framed .elementor-drop-cap{color:#818a91;border:3px solid;background-color:transparent}.elementor-widget-text-editor:not(.elementor-drop-cap-view-default) .elementor-drop-cap{margin-top:8px}.elementor-widget-text-editor:not(.elementor-drop-cap-view-default) .elementor-drop-cap-letter{width:1em;height:1em}.elementor-widget-text-editor .elementor-drop-cap{float:left;text-align:center;line-height:1;font-size:50px}.elementor-widget-text-editor .elementor-drop-cap-letter{display:inline-block}<\/style>\t\t\t\t<ul>\n<li><b><\/b><br \/>\n<table>\n<tbody>\n<tr>\n<td width=\"277\">\n<p>Dimensi\u00f3n<\/p>\n<\/td>\n<td width=\"277\">\n<p>700*330*670mm<\/p>\n<\/td>\n<\/tr>\n<tr>\n<td width=\"277\">\n<p>Peso<\/p>\n<\/td>\n<td width=\"277\">\n<p>Alrededor de 25 kg<\/p>\n<\/td>\n<\/tr>\n<tr>\n<td width=\"277\">\n<p>Par de giro<\/p>\n<\/td>\n<td width=\"277\">\n<p>615000g\u2022mm<\/p>\n<\/td>\n<\/tr>\n<tr>\n<td width=\"277\">\n<p>Peso del swing<\/p>\n<\/td>\n<td width=\"277\">\n<p>1500\u00b130g<\/p>\n<\/td>\n<\/tr>\n<tr>\n<td width=\"277\">\n<p>Par central del p\u00e9ndulo<\/p>\n<\/td>\n<td width=\"277\">\n<p>410\u00b15mm<\/p>\n<\/td>\n<\/tr>\n<tr>\n<td width=\"277\">\n<p>Horarios de parada del swing<\/p>\n<\/td>\n<td width=\"277\">\n<p>no menos de 70 veces<\/p>\n<\/td>\n<\/tr>\n<tr>\n<td width=\"277\">\n<p>Presi\u00f3n est\u00e1tica positiva de la l\u00e1mina de caucho sobre la superficie de la carretera<\/p>\n<\/td>\n<td width=\"277\">\n<p>22.2N\/2263g<\/p>\n<\/td>\n<\/tr>\n<tr>\n<td width=\"277\">\n<p>Distancia entre centros del centro de oscilaci\u00f3n y el borde exterior de la l\u00e1mina de caucho<\/p>\n<\/td>\n<td width=\"277\">\n<p>510mm<\/p>\n<\/td>\n<\/tr>\n<\/tbody>\n<\/table>\n<\/li>\n<\/ul>\n\t\t\t\t\t\t<\/div>\n\t\t\t\t<\/div>\n\t\t\t\t\t<\/div>\n\t\t<\/div>\n\t\t\t\t\t\t\t<\/div>\n\t\t<\/section>\n\t\t\t\t<section class=\"elementor-section elementor-top-section elementor-element elementor-element-092259a elementor-section-boxed elementor-section-height-default elementor-section-height-default\" data-id=\"092259a\" data-element_type=\"section\">\n\t\t\t\t\t\t<div class=\"elementor-container elementor-column-gap-default\">\n\t\t\t\t\t<div class=\"elementor-column elementor-col-100 elementor-top-column elementor-element elementor-element-0e27e72\" data-id=\"0e27e72\" data-element_type=\"column\">\n\t\t\t<div class=\"elementor-widget-wrap elementor-element-populated\">\n\t\t\t\t\t\t\t\t<div class=\"elementor-element elementor-element-2c19b11 elementor-widget elementor-widget-heading\" data-id=\"2c19b11\" data-element_type=\"widget\" data-widget_type=\"heading.default\">\n\t\t\t\t<div class=\"elementor-widget-container\">\n\t\t\t<h1 class=\"elementor-heading-title elementor-size-small\">Usando el m\u00e9todo<\/h1>\t\t<\/div>\n\t\t\t\t<\/div>\n\t\t\t\t\t<\/div>\n\t\t<\/div>\n\t\t\t\t\t\t\t<\/div>\n\t\t<\/section>\n\t\t\t\t<section class=\"elementor-section elementor-top-section elementor-element elementor-element-1a4383e elementor-section-boxed elementor-section-height-default elementor-section-height-default\" data-id=\"1a4383e\" data-element_type=\"section\">\n\t\t\t\t\t\t<div class=\"elementor-container elementor-column-gap-default\">\n\t\t\t\t\t<div class=\"elementor-column elementor-col-100 elementor-top-column elementor-element elementor-element-e9afb77\" data-id=\"e9afb77\" data-element_type=\"column\">\n\t\t\t<div class=\"elementor-widget-wrap elementor-element-populated\">\n\t\t\t\t\t\t\t\t<div class=\"elementor-element elementor-element-e6887e3 elementor-widget elementor-widget-text-editor\" data-id=\"e6887e3\" data-element_type=\"widget\" data-widget_type=\"text-editor.default\">\n\t\t\t\t<div class=\"elementor-widget-container\">\n\t\t\t\t\t\t\t<p style=\"margin: 0cm; background: white;\"><b><span lang=\"EN-US\" style=\"font-size: 11.0pt; font-family: 'Arial',sans-serif; color: #333333;\">a. Selecci\u00f3n de puntos: En la secci\u00f3n de la carretera de prueba, a lo largo de la huella de la rueda izquierda en la direcci\u00f3n de conducci\u00f3n, seleccione cinco puntos de medici\u00f3n representativos, cada punto de medici\u00f3n est\u00e1 a unos 5-10 metros de distancia. <\/span><\/b><\/p>\n<p style=\"margin: 0cm; background: white;\"><b><span lang=\"EN-US\" style=\"font-size: 11.0pt; font-family: 'Arial',sans-serif; color: #333333;\">b. Nivelaci\u00f3n de instrumentos: <\/span><\/b><\/p>\n<p style=\"margin: 0cm; background: white;\"><span lang=\"EN-US\" style=\"font-size: 11.0pt; font-family: 'Arial',sans-serif; color: #333333;\">(1) Coloque el instrumento en el punto de medici\u00f3n (consulte el ap\u00e9ndice para conocer el m\u00e9todo de calibraci\u00f3n) y haga que la direcci\u00f3n de oscilaci\u00f3n del p\u00e9ndulo sea consistente con la direcci\u00f3n de impulso.<\/span><\/p>\n<p style=\"margin: 0cm; background: white;\"><span lang=\"EN-US\" style=\"font-size: 11.0pt; font-family: 'Arial',sans-serif; color: #333333;\">(2) Mueva el p\u00e9ndulo hacia la derecha y presione el interruptor de liberaci\u00f3n. Haga que el anillo de retenci\u00f3n entre en la ranura del interruptor de liberaci\u00f3n, col\u00f3quelo en la posici\u00f3n de liberaci\u00f3n horizontal y luego suelte el interruptor de liberaci\u00f3n; en este momento, se debe tirar del puntero para que quede cerca del extractor de aguja. <\/span><\/p>\n<p style=\"margin: 0cm; background: white;\"><span lang=\"EN-US\" style=\"font-size: 11.0pt; font-family: 'Arial',sans-serif; color: #333333;\">(3) Presione el interruptor de liberaci\u00f3n para moverlo hacia la izquierda; el puntero debe apuntar a cero. Si no apunta a cero, es necesario ajustar el tornillo de ajuste que impulsa el puntero. Reajuste el tornillo del puntero de accionamiento hasta que el puntero apunte a cero.  <\/span><\/p>\n<p style=\"margin: 0cm; background: white;\"><b><span lang=\"EN-US\" style=\"font-size: 11.0pt; font-family: 'Arial',sans-serif; color: #333333;\">c. Longitud de la corredera de calibraci\u00f3n: <\/span><\/b><\/p>\n<p style=\"margin: 0cm; background: white;\"><span lang=\"EN-US\" style=\"font-size: 11.0pt; font-family: 'Arial',sans-serif; color: #333333;\">(1) Utilice un cepillo para eliminar part\u00edculas sueltas y residuos del rango de medici\u00f3n.<\/span><\/p>\n<p style=\"margin: 0cm; background: white;\"><span lang=\"EN-US\" style=\"font-size: 11.0pt; font-family: 'Arial',sans-serif; color: #333333;\">(2) Deje que el p\u00e9ndulo cuelgue libremente, coloque la regla est\u00e1ndar (126 mm) en la direcci\u00f3n de la oscilaci\u00f3n paralela de la fuerza externa de la l\u00e1mina de goma, afloje el mango firme y gire el mango de elevaci\u00f3n. Baje lentamente el p\u00e9ndulo. Cuando la l\u00e1mina de goma en el bloque deslizante apenas toque la carretera, levante el mango de elevaci\u00f3n para elevar el bloque deslizante, mueva el p\u00e9ndulo hacia la derecha y mueva el mango de elevaci\u00f3n para bajar el p\u00e9ndulo una cierta distancia, luego baje el mango de elevaci\u00f3n para hacer que el p\u00e9ndulo se mueva lentamente hacia la izquierda hasta que el borde de la l\u00e1mina de goma apenas toque la carretera, aline\u00e1ndose con el extremo de la regla de 126 mm. Levante el mango de elevaci\u00f3n con la mano nuevamente para levantar el bloque deslizante hacia arriba y haga que el p\u00e9ndulo contin\u00fae movi\u00e9ndose hacia la izquierda, baje el mango de elevaci\u00f3n y luego mueva lentamente el p\u00e9ndulo hacia la derecha para hacer que el borde de goma de la l\u00e1mina de goma entre en contacto con la superficie de la carretera nuevamente. Despu\u00e9s de que la distancia entre los dos puntos de contacto de la l\u00e1mina de goma y la superficie de la carretera sea de 126 mm, apriete la manija de fijaci\u00f3n y calibre nuevamente. Si la longitud de deslizamiento no cumple con el est\u00e1ndar, suba o baje el instrumento. Use el tornillo de nivelaci\u00f3n en la parte delantera de la base para ajustar, pero la burbuja debe estar nivelada. Haga que la longitud de deslizamiento cumpla con los requisitos. Luego, coloque el p\u00e9ndulo en la posici\u00f3n de liberaci\u00f3n horizontal.       <\/span><\/p>\n<p style=\"margin: 0cm; background: white;\"><span lang=\"EN-US\" style=\"font-size: 11.0pt; font-family: 'Arial',sans-serif; color: #333333;\">d Medici\u00f3n: Roc\u00ede la superficie de la carretera con agua y raspe con un cepillo de goma para lavar la lechada, luego roc\u00ede agua y presione el interruptor de liberaci\u00f3n para deslizar el p\u00e9ndulo sobre la superficie de la carretera, y el puntero puede indicar el valor del coeficiente de fricci\u00f3n de la superficie de la carretera (p\u00e1rrafo 1) Es posible que no se registre una vez). Cuando el p\u00e9ndulo se balancee hacia atr\u00e1s, agarre la varilla del p\u00e9ndulo con la mano izquierda, levante la palanca de elevaci\u00f3n con la mano derecha para levantar el bloque deslizante y mueva el p\u00e9ndulo hacia la derecha para presionar el interruptor para hacer que el anillo de retenci\u00f3n del p\u00e9ndulo entre en el interruptor de liberaci\u00f3n y mueva el pasador del p\u00e9ndulo para cerrar Coloque la pieza de la aguja, repita esto, mida cinco veces (roc\u00ede agua cada vez), registre el valor de cada vez. La diferencia entre los cinco valores no es m\u00e1s de tres unidades (una divisi\u00f3n y media del dial). Si la diferencia es m\u00e1s de tres unidades, se debe investigar la causa y se deben repetir las operaciones anteriores hasta que se cumplan los requisitos especificados.   <\/span><\/p>\n<\/p>\n<p style=\"margin: 0cm; background: white;\"><b><span lang=\"EN-US\" style=\"font-size: 11.0pt; font-family: 'Arial',sans-serif; color: #333333;\">Resultados de la medici\u00f3n:<\/span><\/b><\/p>\n<p style=\"margin: 0cm; background: white;\"><span lang=\"EN-US\" style=\"font-size: 11.0pt; font-family: 'Arial',sans-serif; color: #333333;\">(1) Para cada punto de medici\u00f3n, se utiliza el valor promedio de cinco recuentos de medici\u00f3n para representar el valor del coeficiente de fricci\u00f3n del punto de medici\u00f3n, y se utiliza el valor promedio del coeficiente de fricci\u00f3n de cinco puntos de medici\u00f3n. Representa el valor del coeficiente de fricci\u00f3n de la secci\u00f3n de carretera medida. <\/span><\/p>\n<p style=\"margin: 0cm; background: white;\"><span lang=\"EN-US\" style=\"font-size: 11.0pt; font-family: 'Arial',sans-serif; color: #333333;\">(2) Mida la lectura, la lectura del puntero en el cuadrante (denominada \u00abvalor del p\u00e9ndulo\u00bb), dividida por 100, es el coeficiente de fricci\u00f3n de la superficie de la carretera. Por ejemplo: si el valor del p\u00e9ndulo es 33, el coeficiente de fricci\u00f3n es 0,33. <\/span><\/p>\n\t\t\t\t\t\t<\/div>\n\t\t\t\t<\/div>\n\t\t\t\t\t<\/div>\n\t\t<\/div>\n\t\t\t\t\t\t\t<\/div>\n\t\t<\/section>\n\t\t\t\t<section class=\"elementor-section elementor-top-section elementor-element elementor-element-fcccf4d elementor-section-boxed elementor-section-height-default elementor-section-height-default\" data-id=\"fcccf4d\" data-element_type=\"section\">\n\t\t\t\t\t\t<div class=\"elementor-container elementor-column-gap-default\">\n\t\t\t\t\t<div class=\"elementor-column elementor-col-100 elementor-top-column elementor-element elementor-element-4b22fd9\" data-id=\"4b22fd9\" data-element_type=\"column\">\n\t\t\t<div class=\"elementor-widget-wrap elementor-element-populated\">\n\t\t\t\t\t\t\t\t<div class=\"elementor-element elementor-element-8ea4dc3 elementor-widget elementor-widget-heading\" data-id=\"8ea4dc3\" data-element_type=\"widget\" data-widget_type=\"heading.default\">\n\t\t\t\t<div class=\"elementor-widget-container\">\n\t\t\t<h1 class=\"elementor-heading-title elementor-size-small\">Foto de exhibici\u00f3n<\/h1>\t\t<\/div>\n\t\t\t\t<\/div>\n\t\t\t\t\t<\/div>\n\t\t<\/div>\n\t\t\t\t\t\t\t<\/div>\n\t\t<\/section>\n\t\t\t\t<section class=\"elementor-section elementor-top-section elementor-element elementor-element-740d3a4 elementor-section-boxed elementor-section-height-default elementor-section-height-default\" data-id=\"740d3a4\" data-element_type=\"section\">\n\t\t\t\t\t\t<div class=\"elementor-container elementor-column-gap-default\">\n\t\t\t\t\t<div class=\"elementor-column elementor-col-100 elementor-top-column elementor-element elementor-element-ba273f9\" data-id=\"ba273f9\" data-element_type=\"column\">\n\t\t\t<div class=\"elementor-widget-wrap elementor-element-populated\">\n\t\t\t\t\t\t\t\t<div class=\"elementor-element elementor-element-6265e13 elementor-widget elementor-widget-image\" data-id=\"6265e13\" data-element_type=\"widget\" data-widget_type=\"image.default\">\n\t\t\t\t<div class=\"elementor-widget-container\">\n\t\t\t<style>\/*! elementor - v3.7.0 - 08-08-2022 *\/\n.elementor-widget-image{text-align:center}.elementor-widget-image a{display:inline-block}.elementor-widget-image a img[src$=\".svg\"]{width:48px}.elementor-widget-image img{vertical-align:middle;display:inline-block}<\/style>\t\t\t\t\t\t\t\t\t\t\t\t<img loading=\"lazy\" decoding=\"async\" width=\"800\" height=\"800\" src=\"https:\/\/everstartraffic.com\/wp-content\/uploads\/2023\/04\/1.jpg\" class=\"attachment-large size-large\" alt=\"\" srcset=\"https:\/\/everstartraffic.com\/wp-content\/uploads\/2023\/04\/1.jpg 800w, https:\/\/everstartraffic.com\/wp-content\/uploads\/2023\/04\/1-300x300.jpg 300w, https:\/\/everstartraffic.com\/wp-content\/uploads\/2023\/04\/1-100x100.jpg 100w, https:\/\/everstartraffic.com\/wp-content\/uploads\/2023\/04\/1-600x600.jpg 600w, https:\/\/everstartraffic.com\/wp-content\/uploads\/2023\/04\/1-150x150.jpg 150w, https:\/\/everstartraffic.com\/wp-content\/uploads\/2023\/04\/1-768x768.jpg 768w\" sizes=\"auto, (max-width: 800px) 100vw, 800px\" \/>\t\t\t\t\t\t\t\t\t\t\t\t\t\t\t<\/div>\n\t\t\t\t<\/div>\n\t\t\t\t<div class=\"elementor-element elementor-element-8a2933e elementor-widget elementor-widget-image\" data-id=\"8a2933e\" data-element_type=\"widget\" data-widget_type=\"image.default\">\n\t\t\t\t<div class=\"elementor-widget-container\">\n\t\t\t\t\t\t\t\t\t\t\t\t\t\t\t<img loading=\"lazy\" decoding=\"async\" width=\"800\" height=\"800\" src=\"https:\/\/everstartraffic.com\/wp-content\/uploads\/2023\/04\/O1CN01WcVgK41LsB6BSsaHT_2213990211354-0-cib.jpg\" class=\"attachment-large size-large\" alt=\"\" srcset=\"https:\/\/everstartraffic.com\/wp-content\/uploads\/2023\/04\/O1CN01WcVgK41LsB6BSsaHT_2213990211354-0-cib.jpg 800w, https:\/\/everstartraffic.com\/wp-content\/uploads\/2023\/04\/O1CN01WcVgK41LsB6BSsaHT_2213990211354-0-cib-300x300.jpg 300w, https:\/\/everstartraffic.com\/wp-content\/uploads\/2023\/04\/O1CN01WcVgK41LsB6BSsaHT_2213990211354-0-cib-100x100.jpg 100w, https:\/\/everstartraffic.com\/wp-content\/uploads\/2023\/04\/O1CN01WcVgK41LsB6BSsaHT_2213990211354-0-cib-600x600.jpg 600w, https:\/\/everstartraffic.com\/wp-content\/uploads\/2023\/04\/O1CN01WcVgK41LsB6BSsaHT_2213990211354-0-cib-150x150.jpg 150w, https:\/\/everstartraffic.com\/wp-content\/uploads\/2023\/04\/O1CN01WcVgK41LsB6BSsaHT_2213990211354-0-cib-768x768.jpg 768w\" sizes=\"auto, (max-width: 800px) 100vw, 800px\" \/>\t\t\t\t\t\t\t\t\t\t\t\t\t\t\t<\/div>\n\t\t\t\t<\/div>\n\t\t\t\t<div class=\"elementor-element elementor-element-49134a4 elementor-widget elementor-widget-image\" data-id=\"49134a4\" data-element_type=\"widget\" data-widget_type=\"image.default\">\n\t\t\t\t<div class=\"elementor-widget-container\">\n\t\t\t\t\t\t\t\t\t\t\t\t\t\t\t<img loading=\"lazy\" decoding=\"async\" width=\"800\" height=\"800\" src=\"https:\/\/everstartraffic.com\/wp-content\/uploads\/2023\/04\/O1CN018DW47v1LsB6HQRJKl_2213990211354-0-cib.jpg\" class=\"attachment-large size-large\" alt=\"\" srcset=\"https:\/\/everstartraffic.com\/wp-content\/uploads\/2023\/04\/O1CN018DW47v1LsB6HQRJKl_2213990211354-0-cib.jpg 800w, https:\/\/everstartraffic.com\/wp-content\/uploads\/2023\/04\/O1CN018DW47v1LsB6HQRJKl_2213990211354-0-cib-300x300.jpg 300w, https:\/\/everstartraffic.com\/wp-content\/uploads\/2023\/04\/O1CN018DW47v1LsB6HQRJKl_2213990211354-0-cib-100x100.jpg 100w, https:\/\/everstartraffic.com\/wp-content\/uploads\/2023\/04\/O1CN018DW47v1LsB6HQRJKl_2213990211354-0-cib-600x600.jpg 600w, https:\/\/everstartraffic.com\/wp-content\/uploads\/2023\/04\/O1CN018DW47v1LsB6HQRJKl_2213990211354-0-cib-150x150.jpg 150w, https:\/\/everstartraffic.com\/wp-content\/uploads\/2023\/04\/O1CN018DW47v1LsB6HQRJKl_2213990211354-0-cib-768x768.jpg 768w\" sizes=\"auto, (max-width: 800px) 100vw, 800px\" \/>\t\t\t\t\t\t\t\t\t\t\t\t\t\t\t<\/div>\n\t\t\t\t<\/div>\n\t\t\t\t<div class=\"elementor-element elementor-element-2d8cf8b elementor-widget elementor-widget-image\" data-id=\"2d8cf8b\" data-element_type=\"widget\" data-widget_type=\"image.default\">\n\t\t\t\t<div class=\"elementor-widget-container\">\n\t\t\t\t\t\t\t\t\t\t\t\t\t\t\t<img loading=\"lazy\" decoding=\"async\" width=\"800\" height=\"800\" src=\"https:\/\/everstartraffic.com\/wp-content\/uploads\/2023\/04\/O1CN01yNNKJ01LsB6BVatTo_2213990211354-0-cib.jpg\" class=\"attachment-large size-large\" alt=\"\" srcset=\"https:\/\/everstartraffic.com\/wp-content\/uploads\/2023\/04\/O1CN01yNNKJ01LsB6BVatTo_2213990211354-0-cib.jpg 800w, https:\/\/everstartraffic.com\/wp-content\/uploads\/2023\/04\/O1CN01yNNKJ01LsB6BVatTo_2213990211354-0-cib-300x300.jpg 300w, https:\/\/everstartraffic.com\/wp-content\/uploads\/2023\/04\/O1CN01yNNKJ01LsB6BVatTo_2213990211354-0-cib-100x100.jpg 100w, https:\/\/everstartraffic.com\/wp-content\/uploads\/2023\/04\/O1CN01yNNKJ01LsB6BVatTo_2213990211354-0-cib-600x600.jpg 600w, https:\/\/everstartraffic.com\/wp-content\/uploads\/2023\/04\/O1CN01yNNKJ01LsB6BVatTo_2213990211354-0-cib-150x150.jpg 150w, https:\/\/everstartraffic.com\/wp-content\/uploads\/2023\/04\/O1CN01yNNKJ01LsB6BVatTo_2213990211354-0-cib-768x768.jpg 768w\" sizes=\"auto, (max-width: 800px) 100vw, 800px\" \/>\t\t\t\t\t\t\t\t\t\t\t\t\t\t\t<\/div>\n\t\t\t\t<\/div>\n\t\t\t\t<div class=\"elementor-element elementor-element-45a4114 elementor-widget elementor-widget-image\" data-id=\"45a4114\" data-element_type=\"widget\" data-widget_type=\"image.default\">\n\t\t\t\t<div class=\"elementor-widget-container\">\n\t\t\t\t\t\t\t\t\t\t\t\t\t\t\t<img loading=\"lazy\" decoding=\"async\" width=\"800\" height=\"800\" src=\"https:\/\/everstartraffic.com\/wp-content\/uploads\/2023\/04\/\u5fae\u4fe1\u56fe\u7247_20230207180853.jpg\" class=\"attachment-large size-large\" alt=\"\" srcset=\"https:\/\/everstartraffic.com\/wp-content\/uploads\/2023\/04\/\u5fae\u4fe1\u56fe\u7247_20230207180853.jpg 800w, https:\/\/everstartraffic.com\/wp-content\/uploads\/2023\/04\/\u5fae\u4fe1\u56fe\u7247_20230207180853-300x300.jpg 300w, https:\/\/everstartraffic.com\/wp-content\/uploads\/2023\/04\/\u5fae\u4fe1\u56fe\u7247_20230207180853-100x100.jpg 100w, https:\/\/everstartraffic.com\/wp-content\/uploads\/2023\/04\/\u5fae\u4fe1\u56fe\u7247_20230207180853-600x600.jpg 600w, https:\/\/everstartraffic.com\/wp-content\/uploads\/2023\/04\/\u5fae\u4fe1\u56fe\u7247_20230207180853-150x150.jpg 150w, https:\/\/everstartraffic.com\/wp-content\/uploads\/2023\/04\/\u5fae\u4fe1\u56fe\u7247_20230207180853-768x768.jpg 768w\" sizes=\"auto, (max-width: 800px) 100vw, 800px\" \/>\t\t\t\t\t\t\t\t\t\t\t\t\t\t\t<\/div>\n\t\t\t\t<\/div>\n\t\t\t\t\t<\/div>\n\t\t<\/div>\n\t\t\t\t\t\t\t<\/div>\n\t\t<\/section>\n\t\t\t\t\t\t\t<\/div>\n\t\t","protected":false},"excerpt":{"rendered":"<p>El comprobador de coeficiente de fricci\u00f3n de p\u00e9ndulo se utiliza principalmente para medir el coeficiente de fricci\u00f3n de la superficie de la carretera, la pista del aeropuerto y el valor de pulido acelerado de los agregados. [accelerated polishing machine] Pintura para marcar, materiales met\u00e1licos, cuero, no metales, materiales de construcci\u00f3n, etc.<\/p>\n","protected":false},"featured_media":6814,"comment_status":"open","ping_status":"closed","template":"","meta":{"_monsterinsights_skip_tracking":false,"_monsterinsights_sitenote_active":false,"_monsterinsights_sitenote_note":"","_monsterinsights_sitenote_category":0,"spay_email":"","jetpack_publicize_message":"","jetpack_is_tweetstorm":false,"jetpack_publicize_feature_enabled":true},"product_cat":[340,337,315,294],"product_tag":[392,420,419],"class_list":["post-9496","product","type-product","status-publish","has-post-thumbnail","hentry","product_cat-equipo-de-prueba-de-senalizacion-vial","product_cat-maquina-de-marcado-de-carreteras","product_cat-producto","product_cat-sin-categorizar","product_tag-equipo-de-prueba-de-friccion","product_tag-equipo-de-prueba-de-friccion-de-pendulo","product_tag-equipo-de-prueba-del-coeficiente-de-friccion-del-pendulo"],"aioseo_notices":[],"_links":{"self":[{"href":"https:\/\/everstartraffic.com\/es\/wp-json\/wp\/v2\/product\/9496","targetHints":{"allow":["GET"]}}],"collection":[{"href":"https:\/\/everstartraffic.com\/es\/wp-json\/wp\/v2\/product"}],"about":[{"href":"https:\/\/everstartraffic.com\/es\/wp-json\/wp\/v2\/types\/product"}],"replies":[{"embeddable":true,"href":"https:\/\/everstartraffic.com\/es\/wp-json\/wp\/v2\/comments?post=9496"}],"version-history":[{"count":1,"href":"https:\/\/everstartraffic.com\/es\/wp-json\/wp\/v2\/product\/9496\/revisions"}],"predecessor-version":[{"id":9497,"href":"https:\/\/everstartraffic.com\/es\/wp-json\/wp\/v2\/product\/9496\/revisions\/9497"}],"wp:featuredmedia":[{"embeddable":true,"href":"https:\/\/everstartraffic.com\/es\/wp-json\/wp\/v2\/media\/6814"}],"wp:attachment":[{"href":"https:\/\/everstartraffic.com\/es\/wp-json\/wp\/v2\/media?parent=9496"}],"wp:term":[{"taxonomy":"product_cat","embeddable":true,"href":"https:\/\/everstartraffic.com\/es\/wp-json\/wp\/v2\/product_cat?post=9496"},{"taxonomy":"product_tag","embeddable":true,"href":"https:\/\/everstartraffic.com\/es\/wp-json\/wp\/v2\/product_tag?post=9496"}],"curies":[{"name":"wp","href":"https:\/\/api.w.org\/{rel}","templated":true}]}}