{"id":9494,"date":"2023-05-04T08:07:15","date_gmt":"2023-05-04T08:07:15","guid":{"rendered":"https:\/\/www.everstartraffic.com\/product\/letrero-de-aluminio-resistente-al-oxido-con-diseno-personalizado\/"},"modified":"2024-09-18T11:21:12","modified_gmt":"2024-09-18T11:21:12","slug":"letrero-de-aluminio-resistente-al-oxido-con-diseno-personalizado","status":"publish","type":"product","link":"https:\/\/everstartraffic.com\/es\/product\/letrero-de-aluminio-resistente-al-oxido-con-diseno-personalizado\/","title":{"rendered":"Letrero de aluminio resistente al \u00f3xido con dise\u00f1o personalizado"},"content":{"rendered":"\t\t<div data-elementor-type=\"product-post\" data-elementor-id=\"9494\" class=\"elementor elementor-9494 elementor-6848\">\n\t\t\t\t\t\t\t\t\t<section class=\"elementor-section elementor-top-section elementor-element elementor-element-f130c84 elementor-section-boxed elementor-section-height-default elementor-section-height-default\" data-id=\"f130c84\" data-element_type=\"section\">\n\t\t\t\t\t\t<div class=\"elementor-container elementor-column-gap-default\">\n\t\t\t\t\t<div class=\"elementor-column elementor-col-100 elementor-top-column elementor-element elementor-element-39717e2\" data-id=\"39717e2\" data-element_type=\"column\">\n\t\t\t<div class=\"elementor-widget-wrap elementor-element-populated\">\n\t\t\t\t\t\t\t\t<div class=\"elementor-element elementor-element-d3e8890 elementor-widget elementor-widget-heading\" data-id=\"d3e8890\" data-element_type=\"widget\" data-widget_type=\"heading.default\">\n\t\t\t\t<div class=\"elementor-widget-container\">\n\t\t\t<style>\/*! elementor - v3.7.0 - 08-08-2022 *\/\n.elementor-heading-title{padding:0;margin:0;line-height:1}.elementor-widget-heading .elementor-heading-title[class*=elementor-size-]>a{color:inherit;font-size:inherit;line-height:inherit}.elementor-widget-heading .elementor-heading-title.elementor-size-small{font-size:15px}.elementor-widget-heading .elementor-heading-title.elementor-size-medium{font-size:19px}.elementor-widget-heading .elementor-heading-title.elementor-size-large{font-size:29px}.elementor-widget-heading .elementor-heading-title.elementor-size-xl{font-size:39px}.elementor-widget-heading .elementor-heading-title.elementor-size-xxl{font-size:59px}<\/style><h1 class=\"elementor-heading-title elementor-size-default\">Especificaci\u00f3n<\/h1>\t\t<\/div>\n\t\t\t\t<\/div>\n\t\t\t\t\t<\/div>\n\t\t<\/div>\n\t\t\t\t\t\t\t<\/div>\n\t\t<\/section>\n\t\t\t\t<section class=\"elementor-section elementor-top-section elementor-element elementor-element-9c1a94f elementor-section-boxed elementor-section-height-default elementor-section-height-default\" data-id=\"9c1a94f\" data-element_type=\"section\">\n\t\t\t\t\t\t<div class=\"elementor-container elementor-column-gap-default\">\n\t\t\t\t\t<div class=\"elementor-column elementor-col-100 elementor-top-column elementor-element elementor-element-cfebe6c\" data-id=\"cfebe6c\" data-element_type=\"column\">\n\t\t\t<div class=\"elementor-widget-wrap elementor-element-populated\">\n\t\t\t\t\t\t\t\t<section class=\"elementor-section elementor-inner-section elementor-element elementor-element-e948ab0 elementor-section-boxed elementor-section-height-default elementor-section-height-default\" data-id=\"e948ab0\" data-element_type=\"section\">\n\t\t\t\t\t\t<div class=\"elementor-container elementor-column-gap-default\">\n\t\t\t\t\t<div class=\"elementor-column elementor-col-100 elementor-inner-column elementor-element elementor-element-76422c7\" data-id=\"76422c7\" data-element_type=\"column\">\n\t\t\t<div class=\"elementor-widget-wrap elementor-element-populated\">\n\t\t\t\t\t\t\t\t<div class=\"elementor-element elementor-element-50d33d4 elementor-widget elementor-widget-text-editor\" data-id=\"50d33d4\" data-element_type=\"widget\" data-widget_type=\"text-editor.default\">\n\t\t\t\t<div class=\"elementor-widget-container\">\n\t\t\t<style>\/*! elementor - v3.7.0 - 08-08-2022 *\/\n.elementor-widget-text-editor.elementor-drop-cap-view-stacked .elementor-drop-cap{background-color:#818a91;color:#fff}.elementor-widget-text-editor.elementor-drop-cap-view-framed .elementor-drop-cap{color:#818a91;border:3px solid;background-color:transparent}.elementor-widget-text-editor:not(.elementor-drop-cap-view-default) .elementor-drop-cap{margin-top:8px}.elementor-widget-text-editor:not(.elementor-drop-cap-view-default) .elementor-drop-cap-letter{width:1em;height:1em}.elementor-widget-text-editor .elementor-drop-cap{float:left;text-align:center;line-height:1;font-size:50px}.elementor-widget-text-editor .elementor-drop-cap-letter{display:inline-block}<\/style>\t\t\t\t<table width=\"775\">\n<tbody>\n<tr>\n<td>\n<p>Nombre del producto<\/p>\n<\/td>\n<td>\n<p>Se\u00f1al de tr\u00e1fico vial de aluminio reflectante<\/p>\n<\/td>\n<\/tr>\n<tr>\n<td>\n<p>Material<\/p>\n<\/td>\n<td>\n<p>L\u00e1mina de aluminio + reflectante<\/p>\n<\/td>\n<\/tr>\n<tr>\n<td>\n<p>Color<\/p>\n<\/td>\n<td>\n<p>Impresi\u00f3n en blanco, rojo y negro, personalizada.<\/p>\n<\/td>\n<\/tr>\n<tr>\n<td>\n<p>Tipo de impresi\u00f3n<\/p>\n<\/td>\n<td>\n<p>Impresi\u00f3n UV \/ Impresi\u00f3n Scream \/ Impresi\u00f3n digital de inyecci\u00f3n de tinta<\/p>\n<\/td>\n<\/tr>\n<tr>\n<td>\n<p>Forma<\/p>\n<\/td>\n<td>\n<p>Vertical\/Cuadrado\/Horizontal\/Oct\u00e1gono\/C\u00edrculo\/Flecha\/Personalizado<\/p>\n<\/td>\n<\/tr>\n<tr>\n<td>\n<p>Tama\u00f1o<\/p>\n<\/td>\n<td>\n<p> 12&#8243; x 18&#8243;\/18&#8243; x 24&#8243;\/ 24&#8243; x 30&#8243;\/Fabricante de equipos originales (OEM)<\/p>\n<\/td>\n<\/tr>\n<tr>\n<td>\n<p>Grado reflectante<\/p>\n<\/td>\n<td>\n<p>Grado de ingenier\u00eda\/Grado de alta intensidad\/Grado de diamante<\/p>\n<\/td>\n<\/tr>\n<tr>\n<td>\n<p>Espesor<\/p>\n<\/td>\n<td>\n<p>1mm\/1.5mm\/2mm\/3mm\/Fabricante de equipos originales (OEM)<\/p>\n<\/td>\n<\/tr>\n<tr>\n<td>\n<p>Caracter\u00edstica<\/p>\n<\/td>\n<td>\n<p>Anti UV\/a prueba de \u00f3xido\/alta visibilidad\/impermeable\/larga vida \u00fatil<\/p>\n<\/td>\n<\/tr>\n<\/tbody>\n<\/table>\n\t\t\t\t\t\t<\/div>\n\t\t\t\t<\/div>\n\t\t\t\t\t<\/div>\n\t\t<\/div>\n\t\t\t\t\t\t\t<\/div>\n\t\t<\/section>\n\t\t\t\t\t<\/div>\n\t\t<\/div>\n\t\t\t\t\t\t\t<\/div>\n\t\t<\/section>\n\t\t\t\t<section class=\"elementor-section elementor-top-section elementor-element elementor-element-0d27310 elementor-section-boxed elementor-section-height-default elementor-section-height-default\" data-id=\"0d27310\" data-element_type=\"section\">\n\t\t\t\t\t\t<div class=\"elementor-container elementor-column-gap-default\">\n\t\t\t\t\t<div class=\"elementor-column elementor-col-100 elementor-top-column elementor-element elementor-element-3cb3667\" data-id=\"3cb3667\" data-element_type=\"column\">\n\t\t\t<div class=\"elementor-widget-wrap elementor-element-populated\">\n\t\t\t\t\t\t\t\t<div class=\"elementor-element elementor-element-64ca228 elementor-widget elementor-widget-heading\" data-id=\"64ca228\" data-element_type=\"widget\" data-widget_type=\"heading.default\">\n\t\t\t\t<div class=\"elementor-widget-container\">\n\t\t\t<h1 class=\"elementor-heading-title elementor-size-default\">Mostrar<\/h1>\t\t<\/div>\n\t\t\t\t<\/div>\n\t\t\t\t\t<\/div>\n\t\t<\/div>\n\t\t\t\t\t\t\t<\/div>\n\t\t<\/section>\n\t\t\t\t<section class=\"elementor-section elementor-top-section elementor-element elementor-element-666ad19 elementor-section-boxed elementor-section-height-default elementor-section-height-default\" data-id=\"666ad19\" data-element_type=\"section\">\n\t\t\t\t\t\t<div class=\"elementor-container elementor-column-gap-default\">\n\t\t\t\t\t<div class=\"elementor-column elementor-col-100 elementor-top-column elementor-element elementor-element-689ac38\" data-id=\"689ac38\" data-element_type=\"column\">\n\t\t\t<div class=\"elementor-widget-wrap elementor-element-populated\">\n\t\t\t\t\t\t\t\t<div class=\"elementor-element elementor-element-91249c3 elementor-widget elementor-widget-image\" data-id=\"91249c3\" data-element_type=\"widget\" data-widget_type=\"image.default\">\n\t\t\t\t<div class=\"elementor-widget-container\">\n\t\t\t<style>\/*! elementor - v3.7.0 - 08-08-2022 *\/\n.elementor-widget-image{text-align:center}.elementor-widget-image a{display:inline-block}.elementor-widget-image a img[src$=\".svg\"]{width:48px}.elementor-widget-image img{vertical-align:middle;display:inline-block}<\/style>\t\t\t\t\t\t\t\t\t\t\t\t<img loading=\"lazy\" decoding=\"async\" width=\"731\" height=\"1024\" src=\"https:\/\/everstartraffic.com\/wp-content\/uploads\/2023\/05\/\u8be6\u60c5\u9875-2-731x1024.jpg\" class=\"attachment-large size-large\" alt=\"\" srcset=\"https:\/\/everstartraffic.com\/wp-content\/uploads\/2023\/05\/\u8be6\u60c5\u9875-2-731x1024.jpg 731w, https:\/\/everstartraffic.com\/wp-content\/uploads\/2023\/05\/\u8be6\u60c5\u9875-2-600x840.jpg 600w, https:\/\/everstartraffic.com\/wp-content\/uploads\/2023\/05\/\u8be6\u60c5\u9875-2-214x300.jpg 214w, https:\/\/everstartraffic.com\/wp-content\/uploads\/2023\/05\/\u8be6\u60c5\u9875-2-768x1075.jpg 768w, https:\/\/everstartraffic.com\/wp-content\/uploads\/2023\/05\/\u8be6\u60c5\u9875-2-1097x1536.jpg 1097w, https:\/\/everstartraffic.com\/wp-content\/uploads\/2023\/05\/\u8be6\u60c5\u9875-2.jpg 1200w\" sizes=\"auto, (max-width: 731px) 100vw, 731px\" \/>\t\t\t\t\t\t\t\t\t\t\t\t\t\t\t<\/div>\n\t\t\t\t<\/div>\n\t\t\t\t\t<\/div>\n\t\t<\/div>\n\t\t\t\t\t\t\t<\/div>\n\t\t<\/section>\n\t\t\t\t<section class=\"elementor-section elementor-top-section elementor-element elementor-element-c4274bd elementor-section-boxed elementor-section-height-default elementor-section-height-default\" data-id=\"c4274bd\" data-element_type=\"section\">\n\t\t\t\t\t\t<div class=\"elementor-container elementor-column-gap-default\">\n\t\t\t\t\t<div class=\"elementor-column elementor-col-100 elementor-top-column elementor-element elementor-element-b580d3e\" data-id=\"b580d3e\" data-element_type=\"column\">\n\t\t\t<div class=\"elementor-widget-wrap elementor-element-populated\">\n\t\t\t\t\t\t\t\t<div class=\"elementor-element elementor-element-a0e575b elementor-widget elementor-widget-image\" data-id=\"a0e575b\" data-element_type=\"widget\" data-widget_type=\"image.default\">\n\t\t\t\t<div class=\"elementor-widget-container\">\n\t\t\t\t\t\t\t\t\t\t\t\t\t\t\t<img loading=\"lazy\" decoding=\"async\" width=\"1024\" height=\"1024\" src=\"https:\/\/everstartraffic.com\/wp-content\/uploads\/2023\/05\/\u8be6\u60c5\u9875-1-1024x1024.jpg\" class=\"attachment-large size-large\" alt=\"\" srcset=\"https:\/\/everstartraffic.com\/wp-content\/uploads\/2023\/05\/\u8be6\u60c5\u9875-1-1024x1024.jpg 1024w, https:\/\/everstartraffic.com\/wp-content\/uploads\/2023\/05\/\u8be6\u60c5\u9875-1-300x300.jpg 300w, https:\/\/everstartraffic.com\/wp-content\/uploads\/2023\/05\/\u8be6\u60c5\u9875-1-100x100.jpg 100w, https:\/\/everstartraffic.com\/wp-content\/uploads\/2023\/05\/\u8be6\u60c5\u9875-1-600x600.jpg 600w, https:\/\/everstartraffic.com\/wp-content\/uploads\/2023\/05\/\u8be6\u60c5\u9875-1-150x150.jpg 150w, https:\/\/everstartraffic.com\/wp-content\/uploads\/2023\/05\/\u8be6\u60c5\u9875-1-768x768.jpg 768w, https:\/\/everstartraffic.com\/wp-content\/uploads\/2023\/05\/\u8be6\u60c5\u9875-1.jpg 1200w\" sizes=\"auto, (max-width: 1024px) 100vw, 1024px\" \/>\t\t\t\t\t\t\t\t\t\t\t\t\t\t\t<\/div>\n\t\t\t\t<\/div>\n\t\t\t\t\t<\/div>\n\t\t<\/div>\n\t\t\t\t\t\t\t<\/div>\n\t\t<\/section>\n\t\t\t\t<section class=\"elementor-section elementor-top-section elementor-element elementor-element-b1c589d elementor-section-boxed elementor-section-height-default elementor-section-height-default\" data-id=\"b1c589d\" data-element_type=\"section\">\n\t\t\t\t\t\t<div class=\"elementor-container elementor-column-gap-default\">\n\t\t\t\t\t<div class=\"elementor-column elementor-col-100 elementor-top-column elementor-element elementor-element-7985778\" data-id=\"7985778\" data-element_type=\"column\">\n\t\t\t<div class=\"elementor-widget-wrap elementor-element-populated\">\n\t\t\t\t\t\t\t\t<div class=\"elementor-element elementor-element-d01f031 elementor-widget elementor-widget-heading\" data-id=\"d01f031\" data-element_type=\"widget\" data-widget_type=\"heading.default\">\n\t\t\t\t<div class=\"elementor-widget-container\">\n\t\t\t<h1 class=\"elementor-heading-title elementor-size-default\">Producci\u00f3n<\/h1>\t\t<\/div>\n\t\t\t\t<\/div>\n\t\t\t\t\t<\/div>\n\t\t<\/div>\n\t\t\t\t\t\t\t<\/div>\n\t\t<\/section>\n\t\t\t\t<section class=\"elementor-section elementor-top-section elementor-element elementor-element-d27cd12 elementor-section-boxed elementor-section-height-default elementor-section-height-default\" data-id=\"d27cd12\" data-element_type=\"section\">\n\t\t\t\t\t\t<div class=\"elementor-container elementor-column-gap-default\">\n\t\t\t\t\t<div class=\"elementor-column elementor-col-100 elementor-top-column elementor-element elementor-element-b04b87e\" data-id=\"b04b87e\" data-element_type=\"column\">\n\t\t\t<div class=\"elementor-widget-wrap\">\n\t\t\t\t\t\t\t\t\t<\/div>\n\t\t<\/div>\n\t\t\t\t\t\t\t<\/div>\n\t\t<\/section>\n\t\t\t\t<section class=\"elementor-section elementor-top-section elementor-element elementor-element-aca1f76 elementor-section-boxed elementor-section-height-default elementor-section-height-default\" data-id=\"aca1f76\" data-element_type=\"section\">\n\t\t\t\t\t\t<div class=\"elementor-container elementor-column-gap-default\">\n\t\t\t\t\t<div class=\"elementor-column elementor-col-100 elementor-top-column elementor-element elementor-element-6365802\" data-id=\"6365802\" data-element_type=\"column\">\n\t\t\t<div class=\"elementor-widget-wrap elementor-element-populated\">\n\t\t\t\t\t\t\t\t<div class=\"elementor-element elementor-element-2c5c107 elementor-widget elementor-widget-image\" data-id=\"2c5c107\" data-element_type=\"widget\" data-widget_type=\"image.default\">\n\t\t\t\t<div class=\"elementor-widget-container\">\n\t\t\t\t\t\t\t\t\t\t\t\t\t\t\t<img loading=\"lazy\" decoding=\"async\" width=\"1024\" height=\"1024\" src=\"https:\/\/everstartraffic.com\/wp-content\/uploads\/2023\/05\/1-2-1024x1024.jpg\" class=\"attachment-large size-large\" alt=\"\" srcset=\"https:\/\/everstartraffic.com\/wp-content\/uploads\/2023\/05\/1-2-1024x1024.jpg 1024w, https:\/\/everstartraffic.com\/wp-content\/uploads\/2023\/05\/1-2-300x300.jpg 300w, https:\/\/everstartraffic.com\/wp-content\/uploads\/2023\/05\/1-2-100x100.jpg 100w, https:\/\/everstartraffic.com\/wp-content\/uploads\/2023\/05\/1-2-600x600.jpg 600w, https:\/\/everstartraffic.com\/wp-content\/uploads\/2023\/05\/1-2-150x150.jpg 150w, https:\/\/everstartraffic.com\/wp-content\/uploads\/2023\/05\/1-2-768x768.jpg 768w, https:\/\/everstartraffic.com\/wp-content\/uploads\/2023\/05\/1-2.jpg 1200w\" sizes=\"auto, (max-width: 1024px) 100vw, 1024px\" \/>\t\t\t\t\t\t\t\t\t\t\t\t\t\t\t<\/div>\n\t\t\t\t<\/div>\n\t\t\t\t\t<\/div>\n\t\t<\/div>\n\t\t\t\t\t\t\t<\/div>\n\t\t<\/section>\n\t\t\t\t<section class=\"elementor-section elementor-top-section elementor-element elementor-element-dd7250d elementor-section-boxed elementor-section-height-default elementor-section-height-default\" data-id=\"dd7250d\" data-element_type=\"section\">\n\t\t\t\t\t\t<div class=\"elementor-container elementor-column-gap-default\">\n\t\t\t\t\t<div class=\"elementor-column elementor-col-100 elementor-top-column elementor-element elementor-element-7e2cc4a\" data-id=\"7e2cc4a\" data-element_type=\"column\">\n\t\t\t<div class=\"elementor-widget-wrap elementor-element-populated\">\n\t\t\t\t\t\t\t\t<div class=\"elementor-element elementor-element-3ee836e elementor-widget elementor-widget-image\" data-id=\"3ee836e\" data-element_type=\"widget\" data-widget_type=\"image.default\">\n\t\t\t\t<div class=\"elementor-widget-container\">\n\t\t\t\t\t\t\t\t\t\t\t\t\t\t\t<img loading=\"lazy\" decoding=\"async\" width=\"1024\" height=\"1024\" src=\"https:\/\/everstartraffic.com\/wp-content\/uploads\/2023\/05\/1-4-1024x1024.jpg\" class=\"attachment-large size-large\" alt=\"\" srcset=\"https:\/\/everstartraffic.com\/wp-content\/uploads\/2023\/05\/1-4-1024x1024.jpg 1024w, https:\/\/everstartraffic.com\/wp-content\/uploads\/2023\/05\/1-4-300x300.jpg 300w, https:\/\/everstartraffic.com\/wp-content\/uploads\/2023\/05\/1-4-100x100.jpg 100w, https:\/\/everstartraffic.com\/wp-content\/uploads\/2023\/05\/1-4-600x600.jpg 600w, https:\/\/everstartraffic.com\/wp-content\/uploads\/2023\/05\/1-4-150x150.jpg 150w, https:\/\/everstartraffic.com\/wp-content\/uploads\/2023\/05\/1-4-768x768.jpg 768w, https:\/\/everstartraffic.com\/wp-content\/uploads\/2023\/05\/1-4.jpg 1200w\" sizes=\"auto, (max-width: 1024px) 100vw, 1024px\" \/>\t\t\t\t\t\t\t\t\t\t\t\t\t\t\t<\/div>\n\t\t\t\t<\/div>\n\t\t\t\t\t<\/div>\n\t\t<\/div>\n\t\t\t\t\t\t\t<\/div>\n\t\t<\/section>\n\t\t\t\t<section class=\"elementor-section elementor-top-section elementor-element elementor-element-9cc8549 elementor-section-boxed elementor-section-height-default elementor-section-height-default\" data-id=\"9cc8549\" data-element_type=\"section\">\n\t\t\t\t\t\t<div class=\"elementor-container elementor-column-gap-default\">\n\t\t\t\t\t<div class=\"elementor-column elementor-col-100 elementor-top-column elementor-element elementor-element-666bea3\" data-id=\"666bea3\" data-element_type=\"column\">\n\t\t\t<div class=\"elementor-widget-wrap elementor-element-populated\">\n\t\t\t\t\t\t\t\t<div class=\"elementor-element elementor-element-d480a31 elementor-widget elementor-widget-image\" data-id=\"d480a31\" data-element_type=\"widget\" data-widget_type=\"image.default\">\n\t\t\t\t<div class=\"elementor-widget-container\">\n\t\t\t\t\t\t\t\t\t\t\t\t\t\t\t<img loading=\"lazy\" decoding=\"async\" width=\"1024\" height=\"1024\" src=\"https:\/\/everstartraffic.com\/wp-content\/uploads\/2023\/05\/1-1-1024x1024.jpg\" class=\"attachment-large size-large\" alt=\"\" srcset=\"https:\/\/everstartraffic.com\/wp-content\/uploads\/2023\/05\/1-1-1024x1024.jpg 1024w, https:\/\/everstartraffic.com\/wp-content\/uploads\/2023\/05\/1-1-300x300.jpg 300w, https:\/\/everstartraffic.com\/wp-content\/uploads\/2023\/05\/1-1-100x100.jpg 100w, https:\/\/everstartraffic.com\/wp-content\/uploads\/2023\/05\/1-1-600x600.jpg 600w, https:\/\/everstartraffic.com\/wp-content\/uploads\/2023\/05\/1-1-150x150.jpg 150w, https:\/\/everstartraffic.com\/wp-content\/uploads\/2023\/05\/1-1-768x768.jpg 768w, https:\/\/everstartraffic.com\/wp-content\/uploads\/2023\/05\/1-1.jpg 1200w\" sizes=\"auto, (max-width: 1024px) 100vw, 1024px\" \/>\t\t\t\t\t\t\t\t\t\t\t\t\t\t\t<\/div>\n\t\t\t\t<\/div>\n\t\t\t\t\t<\/div>\n\t\t<\/div>\n\t\t\t\t\t\t\t<\/div>\n\t\t<\/section>\n\t\t\t\t<section class=\"elementor-section elementor-top-section elementor-element elementor-element-fa306ef elementor-section-boxed elementor-section-height-default elementor-section-height-default\" data-id=\"fa306ef\" data-element_type=\"section\">\n\t\t\t\t\t\t<div class=\"elementor-container elementor-column-gap-default\">\n\t\t\t\t\t<div class=\"elementor-column elementor-col-100 elementor-top-column elementor-element elementor-element-a208db0\" data-id=\"a208db0\" data-element_type=\"column\">\n\t\t\t<div class=\"elementor-widget-wrap elementor-element-populated\">\n\t\t\t\t\t\t\t\t<div class=\"elementor-element elementor-element-ad9b064 elementor-widget elementor-widget-heading\" data-id=\"ad9b064\" data-element_type=\"widget\" data-widget_type=\"heading.default\">\n\t\t\t\t<div class=\"elementor-widget-container\">\n\t\t\t<h1 class=\"elementor-heading-title elementor-size-default\">Solicitud<\/h1>\t\t<\/div>\n\t\t\t\t<\/div>\n\t\t\t\t\t<\/div>\n\t\t<\/div>\n\t\t\t\t\t\t\t<\/div>\n\t\t<\/section>\n\t\t\t\t<section class=\"elementor-section elementor-top-section elementor-element elementor-element-76d89a6 elementor-section-boxed elementor-section-height-default elementor-section-height-default\" data-id=\"76d89a6\" data-element_type=\"section\">\n\t\t\t\t\t\t<div class=\"elementor-container elementor-column-gap-default\">\n\t\t\t\t\t<div class=\"elementor-column elementor-col-100 elementor-top-column elementor-element elementor-element-d05a9a9\" data-id=\"d05a9a9\" data-element_type=\"column\">\n\t\t\t<div class=\"elementor-widget-wrap elementor-element-populated\">\n\t\t\t\t\t\t\t\t<div class=\"elementor-element elementor-element-f5eb772 elementor-widget elementor-widget-image\" data-id=\"f5eb772\" data-element_type=\"widget\" data-widget_type=\"image.default\">\n\t\t\t\t<div class=\"elementor-widget-container\">\n\t\t\t\t\t\t\t\t\t\t\t\t\t\t\t<img loading=\"lazy\" decoding=\"async\" width=\"951\" height=\"1024\" src=\"https:\/\/everstartraffic.com\/wp-content\/uploads\/2023\/05\/1-1-951x1024.png\" class=\"attachment-large size-large\" alt=\"\" srcset=\"https:\/\/everstartraffic.com\/wp-content\/uploads\/2023\/05\/1-1-951x1024.png 951w, https:\/\/everstartraffic.com\/wp-content\/uploads\/2023\/05\/1-1-600x646.png 600w, https:\/\/everstartraffic.com\/wp-content\/uploads\/2023\/05\/1-1-279x300.png 279w, https:\/\/everstartraffic.com\/wp-content\/uploads\/2023\/05\/1-1-768x827.png 768w, https:\/\/everstartraffic.com\/wp-content\/uploads\/2023\/05\/1-1.png 1256w\" sizes=\"auto, (max-width: 951px) 100vw, 951px\" \/>\t\t\t\t\t\t\t\t\t\t\t\t\t\t\t<\/div>\n\t\t\t\t<\/div>\n\t\t\t\t\t<\/div>\n\t\t<\/div>\n\t\t\t\t\t\t\t<\/div>\n\t\t<\/section>\n\t\t\t\t<section class=\"elementor-section elementor-top-section elementor-element elementor-element-e2ea93b elementor-section-boxed elementor-section-height-default elementor-section-height-default\" data-id=\"e2ea93b\" data-element_type=\"section\">\n\t\t\t\t\t\t<div class=\"elementor-container elementor-column-gap-default\">\n\t\t\t\t\t<div class=\"elementor-column elementor-col-100 elementor-top-column elementor-element elementor-element-4c5671d\" data-id=\"4c5671d\" data-element_type=\"column\">\n\t\t\t<div class=\"elementor-widget-wrap elementor-element-populated\">\n\t\t\t\t\t\t\t\t<div class=\"elementor-element elementor-element-d2bd812 elementor-widget elementor-widget-image\" data-id=\"d2bd812\" data-element_type=\"widget\" data-widget_type=\"image.default\">\n\t\t\t\t<div class=\"elementor-widget-container\">\n\t\t\t\t\t\t\t\t\t\t\t\t\t\t\t<img loading=\"lazy\" decoding=\"async\" width=\"725\" height=\"1024\" src=\"https:\/\/everstartraffic.com\/wp-content\/uploads\/2023\/05\/1-2-725x1024.png\" class=\"attachment-large size-large\" alt=\"\" srcset=\"https:\/\/everstartraffic.com\/wp-content\/uploads\/2023\/05\/1-2-725x1024.png 725w, https:\/\/everstartraffic.com\/wp-content\/uploads\/2023\/05\/1-2-600x848.png 600w, https:\/\/everstartraffic.com\/wp-content\/uploads\/2023\/05\/1-2-212x300.png 212w, https:\/\/everstartraffic.com\/wp-content\/uploads\/2023\/05\/1-2-768x1085.png 768w, https:\/\/everstartraffic.com\/wp-content\/uploads\/2023\/05\/1-2.png 955w\" sizes=\"auto, (max-width: 725px) 100vw, 725px\" \/>\t\t\t\t\t\t\t\t\t\t\t\t\t\t\t<\/div>\n\t\t\t\t<\/div>\n\t\t\t\t\t<\/div>\n\t\t<\/div>\n\t\t\t\t\t\t\t<\/div>\n\t\t<\/section>\n\t\t\t\t<section class=\"elementor-section elementor-top-section elementor-element elementor-element-311772d elementor-section-boxed elementor-section-height-default elementor-section-height-default\" data-id=\"311772d\" data-element_type=\"section\">\n\t\t\t\t\t\t<div class=\"elementor-container elementor-column-gap-default\">\n\t\t\t\t\t<div class=\"elementor-column elementor-col-100 elementor-top-column elementor-element elementor-element-81c9987\" data-id=\"81c9987\" data-element_type=\"column\">\n\t\t\t<div class=\"elementor-widget-wrap elementor-element-populated\">\n\t\t\t\t\t\t\t\t<div class=\"elementor-element elementor-element-fdc768a elementor-widget elementor-widget-image\" data-id=\"fdc768a\" data-element_type=\"widget\" data-widget_type=\"image.default\">\n\t\t\t\t<div class=\"elementor-widget-container\">\n\t\t\t\t\t\t\t\t\t\t\t\t\t\t\t<img loading=\"lazy\" decoding=\"async\" width=\"673\" height=\"670\" src=\"https:\/\/everstartraffic.com\/wp-content\/uploads\/2023\/05\/1-3.png\" class=\"attachment-large size-large\" alt=\"\" srcset=\"https:\/\/everstartraffic.com\/wp-content\/uploads\/2023\/05\/1-3.png 673w, https:\/\/everstartraffic.com\/wp-content\/uploads\/2023\/05\/1-3-300x300.png 300w, https:\/\/everstartraffic.com\/wp-content\/uploads\/2023\/05\/1-3-100x100.png 100w, https:\/\/everstartraffic.com\/wp-content\/uploads\/2023\/05\/1-3-600x597.png 600w, https:\/\/everstartraffic.com\/wp-content\/uploads\/2023\/05\/1-3-150x150.png 150w\" sizes=\"auto, (max-width: 673px) 100vw, 673px\" \/>\t\t\t\t\t\t\t\t\t\t\t\t\t\t\t<\/div>\n\t\t\t\t<\/div>\n\t\t\t\t\t<\/div>\n\t\t<\/div>\n\t\t\t\t\t\t\t<\/div>\n\t\t<\/section>\n\t\t\t\t\t\t\t<\/div>\n\t\t","protected":false},"excerpt":{"rendered":"<p>Nuestros carteles est\u00e1n fabricados en aluminio con orificios de montaje preperforados. Nuestros carteles cumplen con las especificaciones MUTCD para uso en carreteras y est\u00e1n fabricados con aluminio resistente a la oxidaci\u00f3n que durar\u00e1 a\u00f1os. <\/p>\n","protected":false},"featured_media":6849,"comment_status":"open","ping_status":"closed","template":"","meta":{"_monsterinsights_skip_tracking":false,"_monsterinsights_sitenote_active":false,"_monsterinsights_sitenote_note":"","_monsterinsights_sitenote_category":0,"spay_email":"","jetpack_publicize_message":"","jetpack_is_tweetstorm":false,"jetpack_publicize_feature_enabled":true},"product_cat":[316,315,294],"product_tag":[],"class_list":["post-9494","product","type-product","status-publish","has-post-thumbnail","hentry","product_cat-letrero-de-panel-de-aluminio","product_cat-producto","product_cat-sin-categorizar"],"aioseo_notices":[],"_links":{"self":[{"href":"https:\/\/everstartraffic.com\/es\/wp-json\/wp\/v2\/product\/9494","targetHints":{"allow":["GET"]}}],"collection":[{"href":"https:\/\/everstartraffic.com\/es\/wp-json\/wp\/v2\/product"}],"about":[{"href":"https:\/\/everstartraffic.com\/es\/wp-json\/wp\/v2\/types\/product"}],"replies":[{"embeddable":true,"href":"https:\/\/everstartraffic.com\/es\/wp-json\/wp\/v2\/comments?post=9494"}],"version-history":[{"count":1,"href":"https:\/\/everstartraffic.com\/es\/wp-json\/wp\/v2\/product\/9494\/revisions"}],"predecessor-version":[{"id":9495,"href":"https:\/\/everstartraffic.com\/es\/wp-json\/wp\/v2\/product\/9494\/revisions\/9495"}],"wp:featuredmedia":[{"embeddable":true,"href":"https:\/\/everstartraffic.com\/es\/wp-json\/wp\/v2\/media\/6849"}],"wp:attachment":[{"href":"https:\/\/everstartraffic.com\/es\/wp-json\/wp\/v2\/media?parent=9494"}],"wp:term":[{"taxonomy":"product_cat","embeddable":true,"href":"https:\/\/everstartraffic.com\/es\/wp-json\/wp\/v2\/product_cat?post=9494"},{"taxonomy":"product_tag","embeddable":true,"href":"https:\/\/everstartraffic.com\/es\/wp-json\/wp\/v2\/product_tag?post=9494"}],"curies":[{"name":"wp","href":"https:\/\/api.w.org\/{rel}","templated":true}]}}