{"id":9486,"date":"2023-12-12T06:20:49","date_gmt":"2023-12-12T06:20:49","guid":{"rendered":"https:\/\/www.everstartraffic.com\/product\/maquina-hincada-de-pilotes-para-plantas-solares-ese230-de-6-m\/"},"modified":"2024-09-18T03:57:57","modified_gmt":"2024-09-18T03:57:57","slug":"maquina-hincada-de-pilotes-para-plantas-solares-ese230-de-6-m","status":"publish","type":"product","link":"https:\/\/everstartraffic.com\/es\/product\/maquina-hincada-de-pilotes-para-plantas-solares-ese230-de-6-m\/","title":{"rendered":"M\u00e1quina hincada de pilotes para plantas solares ESE230 de 6 m"},"content":{"rendered":"\t\t<div data-elementor-type=\"product-post\" data-elementor-id=\"9486\" class=\"elementor elementor-9486 elementor-7009\">\n\t\t\t\t\t\t\t\t\t<section class=\"elementor-section elementor-top-section elementor-element elementor-element-3c1495fb elementor-section-boxed elementor-section-height-default elementor-section-height-default\" data-id=\"3c1495fb\" data-element_type=\"section\">\n\t\t\t\t\t\t<div class=\"elementor-container elementor-column-gap-default\">\n\t\t\t\t\t<div class=\"elementor-column elementor-col-100 elementor-top-column elementor-element elementor-element-5b7f8f32\" data-id=\"5b7f8f32\" data-element_type=\"column\">\n\t\t\t<div class=\"elementor-widget-wrap elementor-element-populated\">\n\t\t\t\t\t\t\t\t<div class=\"elementor-element elementor-element-7a073558 elementor-widget elementor-widget-text-editor\" data-id=\"7a073558\" data-element_type=\"widget\" data-widget_type=\"text-editor.default\">\n\t\t\t\t<div class=\"elementor-widget-container\">\n\t\t\t<style>\/*! elementor - v3.7.0 - 08-08-2022 *\/\n.elementor-widget-text-editor.elementor-drop-cap-view-stacked .elementor-drop-cap{background-color:#818a91;color:#fff}.elementor-widget-text-editor.elementor-drop-cap-view-framed .elementor-drop-cap{color:#818a91;border:3px solid;background-color:transparent}.elementor-widget-text-editor:not(.elementor-drop-cap-view-default) .elementor-drop-cap{margin-top:8px}.elementor-widget-text-editor:not(.elementor-drop-cap-view-default) .elementor-drop-cap-letter{width:1em;height:1em}.elementor-widget-text-editor .elementor-drop-cap{float:left;text-align:center;line-height:1;font-size:50px}.elementor-widget-text-editor .elementor-drop-cap-letter{display:inline-block}<\/style>\t\t\t\t<strong>Nuestro martinete para plantas solares posee muchas ventajas:<\/strong>\n<ol>\n \t<li><strong>\u00c1ngulo de ascenso 30\u00b0<\/strong><\/li>\n \t<li><strong>Nivel l\u00e1ser opcional<\/strong><\/li>\n \t<li><strong>Dos pies de apoyo al apilar<\/strong><\/li>\n \t<li><strong>Chasis giratorio de 360\u00b0 en grados cent\u00edgrados<\/strong><\/li>\n \t<li><strong>Oruga de material de hierro resistente al desgaste<\/strong><\/li>\n \t<li><strong>Recorrido efectivo m\u00e1ximo del martillo hasta 5,7 m<\/strong><\/li>\n \t<li><strong>Aplicable a plantas solares, instalaci\u00f3n de barandillas de carreteras.<\/strong><\/li>\n \t<li><strong>Estiramiento hacia el lado izquierdo o derecho, distancia m\u00e1xima de 500 mm.<\/strong><\/li>\n \t<li><strong>Apto para suelo, arena, grava, roca, cemento, suelos de asfalto.<\/strong><\/li>\n \t<li><strong>El motor di\u00e9sel Yanmar de la famosa marca cumple con el est\u00e1ndar de emisiones nivel 4<\/strong><\/li>\n \t<li><strong>Funci\u00f3n de control remoto para caminar hacia adelante, hacia atr\u00e1s, hacia la izquierda y hacia la derecha.<\/strong><\/li>\n \t<li><strong>Personalice los adaptadores de martillo para postes con forma de U, C, H, redondos, cuadrados, Sigma, etc.<\/strong><\/li>\n \t<li><strong>Accesorio de apilado y perforaci\u00f3n montado en la gu\u00eda al mismo tiempo, sin necesidad de cambiar un accesorio de funci\u00f3n a otro<\/strong><\/li>\n \t<li><strong>Compresor de aire para funci\u00f3n de perforaci\u00f3n en modo de espera, alternativa<\/strong><\/li>\n<\/ol>\n<strong>Presupuesto:<\/strong>\n<table width=\"921\">\n<tbody>\n<tr>\n<td width=\"114\"><strong>Modelo<\/strong><\/td><td width=\"808\"><strong>ESE230 Hydraulic Pile Driver<\/strong><\/td>\n<\/tr>\n<tr>\n<td width=\"114\"><strong>Altura de apilamiento<\/strong><\/td><td width=\"808\"><strong>6m<\/strong><\/td>\n<\/tr>\n<tr>\n<td width=\"114\"><strong>Peso del martillo<\/strong><\/td><td width=\"808\"><strong>230kgs<\/strong><\/td>\n<\/tr>\n<tr>\n<td width=\"114\"><strong>Marca del motor di\u00e9sel <\/strong><\/td><td width=\"808\"><strong>Yanmar Brand<\/strong><\/td>\n<\/tr>\n<tr>\n<td width=\"114\"><strong>Potencia del motor di\u00e9sel(HP)\/(CV)<\/strong><\/td><td width=\"808\"><strong>47HP<\/strong><\/td>\n<\/tr>\n<tr>\n<td width=\"114\"><strong>Clasificaci\u00f3n del martillo: <\/strong><\/td><td width=\"808\"><strong>1200-1400 joules<\/strong><\/td>\n<\/tr>\n<tr>\n<td width=\"114\"><strong>Presi\u00f3n de trabajo<\/strong><\/td><td width=\"808\"><strong>16-20Mpa<\/strong><\/td>\n<\/tr>\n<tr>\n<td width=\"114\"><strong>Frecuencia de impacto<\/strong><\/td><td width=\"808\"><strong>10-15Hz<\/strong><\/td>\n<\/tr>\n<tr>\n<td width=\"114\"><strong>Flujo de trabajo<\/strong><\/td><td width=\"808\"><strong>55-85L\/min<\/strong><\/td>\n<\/tr>\n<tr>\n<td width=\"114\"><strong>Tanque de aceite<\/strong><\/td><td width=\"808\"><strong>100L<\/strong><\/td>\n<\/tr>\n<tr>\n<td width=\"114\"><strong>Tama\u00f1o(L*W*H)<\/strong><\/td><td width=\"808\"><strong>4260*2000*2260mm<\/strong><\/td>\n<\/tr>\n<tr>\n<td width=\"114\"><strong>Peso<\/strong><\/td><td width=\"808\"><strong>4200kgs<\/strong><\/td>\n<\/tr>\n<tr>\n<td width=\"114\"><strong>Configuraciones est\u00e1ndar<\/strong><\/td><td width=\"808\"><strong>Control remoto, 360<\/strong><strong>\u00b0<\/strong><strong> Chasis rotatorio<\/strong><\/td>\n<\/tr>\n<\/tbody>\n<\/table>\n&nbsp;\t\t\t\t\t\t<\/div>\n\t\t\t\t<\/div>\n\t\t\t\t\t<\/div>\n\t\t<\/div>\n\t\t\t\t\t\t\t<\/div>\n\t\t<\/section>\n\t\t\t\t<section class=\"elementor-section elementor-top-section elementor-element elementor-element-9888c87 elementor-section-boxed elementor-section-height-default elementor-section-height-default\" data-id=\"9888c87\" data-element_type=\"section\">\n\t\t\t\t\t\t<div class=\"elementor-container elementor-column-gap-default\">\n\t\t\t\t\t<div class=\"elementor-column elementor-col-100 elementor-top-column elementor-element elementor-element-d7fb245\" data-id=\"d7fb245\" data-element_type=\"column\">\n\t\t\t<div class=\"elementor-widget-wrap elementor-element-populated\">\n\t\t\t\t\t\t\t\t<div class=\"elementor-element elementor-element-5225200 elementor-widget elementor-widget-heading\" data-id=\"5225200\" data-element_type=\"widget\" data-widget_type=\"heading.default\">\n\t\t\t\t<div class=\"elementor-widget-container\">\n\t\t\t<style>\/*! elementor - v3.7.0 - 08-08-2022 *\/\n.elementor-heading-title{padding:0;margin:0;line-height:1}.elementor-widget-heading .elementor-heading-title[class*=elementor-size-]>a{color:inherit;font-size:inherit;line-height:inherit}.elementor-widget-heading .elementor-heading-title.elementor-size-small{font-size:15px}.elementor-widget-heading .elementor-heading-title.elementor-size-medium{font-size:19px}.elementor-widget-heading .elementor-heading-title.elementor-size-large{font-size:29px}.elementor-widget-heading .elementor-heading-title.elementor-size-xl{font-size:39px}.elementor-widget-heading .elementor-heading-title.elementor-size-xxl{font-size:59px}<\/style><h2 class=\"elementor-heading-title elementor-size-default\">Exhibici\u00f3n del producto<\/h2>\t\t<\/div>\n\t\t\t\t<\/div>\n\t\t\t\t\t<\/div>\n\t\t<\/div>\n\t\t\t\t\t\t\t<\/div>\n\t\t<\/section>\n\t\t\t\t<section class=\"elementor-section elementor-top-section elementor-element elementor-element-56311bf elementor-section-boxed elementor-section-height-default elementor-section-height-default\" data-id=\"56311bf\" data-element_type=\"section\">\n\t\t\t\t\t\t<div class=\"elementor-container elementor-column-gap-default\">\n\t\t\t\t\t<div class=\"elementor-column elementor-col-100 elementor-top-column elementor-element elementor-element-8eb5b04\" data-id=\"8eb5b04\" data-element_type=\"column\">\n\t\t\t<div class=\"elementor-widget-wrap elementor-element-populated\">\n\t\t\t\t\t\t\t\t<div class=\"elementor-element elementor-element-cd8f08b elementor-widget elementor-widget-image\" data-id=\"cd8f08b\" data-element_type=\"widget\" data-widget_type=\"image.default\">\n\t\t\t\t<div class=\"elementor-widget-container\">\n\t\t\t<style>\/*! elementor - v3.7.0 - 08-08-2022 *\/\n.elementor-widget-image{text-align:center}.elementor-widget-image a{display:inline-block}.elementor-widget-image a img[src$=\".svg\"]{width:48px}.elementor-widget-image img{vertical-align:middle;display:inline-block}<\/style>\t\t\t\t\t\t\t\t\t\t\t\t<img loading=\"lazy\" decoding=\"async\" width=\"647\" height=\"1024\" src=\"https:\/\/everstartraffic.com\/wp-content\/uploads\/2023\/12\/ESE230-pile-driver-photos-1-647x1024.png\" class=\"attachment-large size-large\" alt=\"\" srcset=\"https:\/\/everstartraffic.com\/wp-content\/uploads\/2023\/12\/ESE230-pile-driver-photos-1-647x1024.png 647w, https:\/\/everstartraffic.com\/wp-content\/uploads\/2023\/12\/ESE230-pile-driver-photos-1-600x950.png 600w, https:\/\/everstartraffic.com\/wp-content\/uploads\/2023\/12\/ESE230-pile-driver-photos-1-189x300.png 189w, https:\/\/everstartraffic.com\/wp-content\/uploads\/2023\/12\/ESE230-pile-driver-photos-1-768x1216.png 768w, https:\/\/everstartraffic.com\/wp-content\/uploads\/2023\/12\/ESE230-pile-driver-photos-1.png 802w\" sizes=\"auto, (max-width: 647px) 100vw, 647px\" \/>\t\t\t\t\t\t\t\t\t\t\t\t\t\t\t<\/div>\n\t\t\t\t<\/div>\n\t\t\t\t\t<\/div>\n\t\t<\/div>\n\t\t\t\t\t\t\t<\/div>\n\t\t<\/section>\n\t\t\t\t<section class=\"elementor-section elementor-top-section elementor-element elementor-element-aabc413 elementor-section-boxed elementor-section-height-default elementor-section-height-default\" data-id=\"aabc413\" data-element_type=\"section\">\n\t\t\t\t\t\t<div class=\"elementor-container elementor-column-gap-default\">\n\t\t\t\t\t<div class=\"elementor-column elementor-col-100 elementor-top-column elementor-element elementor-element-008d8c2\" data-id=\"008d8c2\" data-element_type=\"column\">\n\t\t\t<div class=\"elementor-widget-wrap elementor-element-populated\">\n\t\t\t\t\t\t\t\t<div class=\"elementor-element elementor-element-6ad33a4 elementor-widget elementor-widget-image\" data-id=\"6ad33a4\" data-element_type=\"widget\" data-widget_type=\"image.default\">\n\t\t\t\t<div class=\"elementor-widget-container\">\n\t\t\t\t\t\t\t\t\t\t\t\t\t\t\t<img loading=\"lazy\" decoding=\"async\" width=\"555\" height=\"1024\" src=\"https:\/\/everstartraffic.com\/wp-content\/uploads\/2023\/12\/ESE230-pile-driver-photos-2-555x1024.png\" class=\"attachment-large size-large\" alt=\"\" srcset=\"https:\/\/everstartraffic.com\/wp-content\/uploads\/2023\/12\/ESE230-pile-driver-photos-2-555x1024.png 555w, https:\/\/everstartraffic.com\/wp-content\/uploads\/2023\/12\/ESE230-pile-driver-photos-2-600x1107.png 600w, https:\/\/everstartraffic.com\/wp-content\/uploads\/2023\/12\/ESE230-pile-driver-photos-2-163x300.png 163w, https:\/\/everstartraffic.com\/wp-content\/uploads\/2023\/12\/ESE230-pile-driver-photos-2.png 645w\" sizes=\"auto, (max-width: 555px) 100vw, 555px\" \/>\t\t\t\t\t\t\t\t\t\t\t\t\t\t\t<\/div>\n\t\t\t\t<\/div>\n\t\t\t\t\t<\/div>\n\t\t<\/div>\n\t\t\t\t\t\t\t<\/div>\n\t\t<\/section>\n\t\t\t\t<section class=\"elementor-section elementor-top-section elementor-element elementor-element-0b4b250 elementor-section-boxed elementor-section-height-default elementor-section-height-default\" data-id=\"0b4b250\" data-element_type=\"section\">\n\t\t\t\t\t\t<div class=\"elementor-container elementor-column-gap-default\">\n\t\t\t\t\t<div class=\"elementor-column elementor-col-100 elementor-top-column elementor-element elementor-element-6cedf83\" data-id=\"6cedf83\" data-element_type=\"column\">\n\t\t\t<div class=\"elementor-widget-wrap elementor-element-populated\">\n\t\t\t\t\t\t\t\t<div class=\"elementor-element elementor-element-0b33d70 elementor-widget elementor-widget-image\" data-id=\"0b33d70\" data-element_type=\"widget\" data-widget_type=\"image.default\">\n\t\t\t\t<div class=\"elementor-widget-container\">\n\t\t\t\t\t\t\t\t\t\t\t\t\t\t\t<img loading=\"lazy\" decoding=\"async\" width=\"971\" height=\"1024\" src=\"https:\/\/everstartraffic.com\/wp-content\/uploads\/2023\/12\/ESE230-pile-driver-photos-3-971x1024.png\" class=\"attachment-large size-large\" alt=\"\" srcset=\"https:\/\/everstartraffic.com\/wp-content\/uploads\/2023\/12\/ESE230-pile-driver-photos-3-971x1024.png 971w, https:\/\/everstartraffic.com\/wp-content\/uploads\/2023\/12\/ESE230-pile-driver-photos-3-600x633.png 600w, https:\/\/everstartraffic.com\/wp-content\/uploads\/2023\/12\/ESE230-pile-driver-photos-3-284x300.png 284w, https:\/\/everstartraffic.com\/wp-content\/uploads\/2023\/12\/ESE230-pile-driver-photos-3-768x810.png 768w, https:\/\/everstartraffic.com\/wp-content\/uploads\/2023\/12\/ESE230-pile-driver-photos-3.png 1100w\" sizes=\"auto, (max-width: 971px) 100vw, 971px\" \/>\t\t\t\t\t\t\t\t\t\t\t\t\t\t\t<\/div>\n\t\t\t\t<\/div>\n\t\t\t\t\t<\/div>\n\t\t<\/div>\n\t\t\t\t\t\t\t<\/div>\n\t\t<\/section>\n\t\t\t\t<section class=\"elementor-section elementor-top-section elementor-element elementor-element-77f4f18 elementor-section-boxed elementor-section-height-default elementor-section-height-default\" data-id=\"77f4f18\" data-element_type=\"section\">\n\t\t\t\t\t\t<div class=\"elementor-container elementor-column-gap-default\">\n\t\t\t\t\t<div class=\"elementor-column elementor-col-100 elementor-top-column elementor-element elementor-element-09984d5\" data-id=\"09984d5\" data-element_type=\"column\">\n\t\t\t<div class=\"elementor-widget-wrap elementor-element-populated\">\n\t\t\t\t\t\t\t\t<div class=\"elementor-element elementor-element-1f6c8d3 elementor-widget elementor-widget-image\" data-id=\"1f6c8d3\" data-element_type=\"widget\" data-widget_type=\"image.default\">\n\t\t\t\t<div class=\"elementor-widget-container\">\n\t\t\t\t\t\t\t\t\t\t\t\t\t\t\t<img loading=\"lazy\" decoding=\"async\" width=\"1024\" height=\"809\" src=\"https:\/\/everstartraffic.com\/wp-content\/uploads\/2023\/12\/ESE230-pile-driver-photos-4-1024x809.png\" class=\"attachment-large size-large\" alt=\"\" srcset=\"https:\/\/everstartraffic.com\/wp-content\/uploads\/2023\/12\/ESE230-pile-driver-photos-4-1024x809.png 1024w, https:\/\/everstartraffic.com\/wp-content\/uploads\/2023\/12\/ESE230-pile-driver-photos-4-600x474.png 600w, https:\/\/everstartraffic.com\/wp-content\/uploads\/2023\/12\/ESE230-pile-driver-photos-4-300x237.png 300w, https:\/\/everstartraffic.com\/wp-content\/uploads\/2023\/12\/ESE230-pile-driver-photos-4-768x607.png 768w, https:\/\/everstartraffic.com\/wp-content\/uploads\/2023\/12\/ESE230-pile-driver-photos-4-1320x1043.png 1320w, https:\/\/everstartraffic.com\/wp-content\/uploads\/2023\/12\/ESE230-pile-driver-photos-4.png 1387w\" sizes=\"auto, (max-width: 1024px) 100vw, 1024px\" \/>\t\t\t\t\t\t\t\t\t\t\t\t\t\t\t<\/div>\n\t\t\t\t<\/div>\n\t\t\t\t\t<\/div>\n\t\t<\/div>\n\t\t\t\t\t\t\t<\/div>\n\t\t<\/section>\n\t\t\t\t<section class=\"elementor-section elementor-top-section elementor-element elementor-element-3f6a691 elementor-section-boxed elementor-section-height-default elementor-section-height-default\" data-id=\"3f6a691\" data-element_type=\"section\">\n\t\t\t\t\t\t<div class=\"elementor-container elementor-column-gap-default\">\n\t\t\t\t\t<div class=\"elementor-column elementor-col-100 elementor-top-column elementor-element elementor-element-ace2653\" data-id=\"ace2653\" data-element_type=\"column\">\n\t\t\t<div class=\"elementor-widget-wrap elementor-element-populated\">\n\t\t\t\t\t\t\t\t<div class=\"elementor-element elementor-element-f9f1046 elementor-widget elementor-widget-image\" data-id=\"f9f1046\" data-element_type=\"widget\" data-widget_type=\"image.default\">\n\t\t\t\t<div class=\"elementor-widget-container\">\n\t\t\t\t\t\t\t\t\t\t\t\t\t\t\t<img loading=\"lazy\" decoding=\"async\" width=\"1024\" height=\"696\" src=\"https:\/\/everstartraffic.com\/wp-content\/uploads\/2023\/12\/foot-support2-1024x696.png\" class=\"attachment-large size-large\" alt=\"\" srcset=\"https:\/\/everstartraffic.com\/wp-content\/uploads\/2023\/12\/foot-support2-1024x696.png 1024w, https:\/\/everstartraffic.com\/wp-content\/uploads\/2023\/12\/foot-support2-600x408.png 600w, https:\/\/everstartraffic.com\/wp-content\/uploads\/2023\/12\/foot-support2-300x204.png 300w, https:\/\/everstartraffic.com\/wp-content\/uploads\/2023\/12\/foot-support2-768x522.png 768w, https:\/\/everstartraffic.com\/wp-content\/uploads\/2023\/12\/foot-support2-1536x1044.png 1536w, https:\/\/everstartraffic.com\/wp-content\/uploads\/2023\/12\/foot-support2-1320x898.png 1320w, https:\/\/everstartraffic.com\/wp-content\/uploads\/2023\/12\/foot-support2.png 1725w\" sizes=\"auto, (max-width: 1024px) 100vw, 1024px\" \/>\t\t\t\t\t\t\t\t\t\t\t\t\t\t\t<\/div>\n\t\t\t\t<\/div>\n\t\t\t\t\t<\/div>\n\t\t<\/div>\n\t\t\t\t\t\t\t<\/div>\n\t\t<\/section>\n\t\t\t\t\t\t\t<\/div>\n\t\t","protected":false},"excerpt":{"rendered":"<p>El martinete para plantas solares ESE230 se utiliza para instalar postes para paneles solares. Es aplicable a suelos, arena, bet\u00fan, cemento, rocas, etc. <\/p>\n","protected":false},"featured_media":7013,"comment_status":"open","ping_status":"closed","template":"","meta":{"_monsterinsights_skip_tracking":false,"_monsterinsights_sitenote_active":false,"_monsterinsights_sitenote_note":"","_monsterinsights_sitenote_category":0,"spay_email":"","jetpack_publicize_message":"","jetpack_is_tweetstorm":false,"jetpack_publicize_feature_enabled":true},"product_cat":[328,315,294],"product_tag":[423,391,385,422,477],"class_list":["post-9486","product","type-product","status-publish","has-post-thumbnail","hentry","product_cat-maquina-martinete","product_cat-producto","product_cat-sin-categorizar","product_tag-conductor-de-pila","product_tag-hormigonera-con-motor-electrico-es","product_tag-maquina-de-perforacion","product_tag-martinete-fotovoltaico-es","product_tag-martinete-para-planta-solar-es"],"aioseo_notices":[],"_links":{"self":[{"href":"https:\/\/everstartraffic.com\/es\/wp-json\/wp\/v2\/product\/9486","targetHints":{"allow":["GET"]}}],"collection":[{"href":"https:\/\/everstartraffic.com\/es\/wp-json\/wp\/v2\/product"}],"about":[{"href":"https:\/\/everstartraffic.com\/es\/wp-json\/wp\/v2\/types\/product"}],"replies":[{"embeddable":true,"href":"https:\/\/everstartraffic.com\/es\/wp-json\/wp\/v2\/comments?post=9486"}],"version-history":[{"count":1,"href":"https:\/\/everstartraffic.com\/es\/wp-json\/wp\/v2\/product\/9486\/revisions"}],"predecessor-version":[{"id":9487,"href":"https:\/\/everstartraffic.com\/es\/wp-json\/wp\/v2\/product\/9486\/revisions\/9487"}],"wp:featuredmedia":[{"embeddable":true,"href":"https:\/\/everstartraffic.com\/es\/wp-json\/wp\/v2\/media\/7013"}],"wp:attachment":[{"href":"https:\/\/everstartraffic.com\/es\/wp-json\/wp\/v2\/media?parent=9486"}],"wp:term":[{"taxonomy":"product_cat","embeddable":true,"href":"https:\/\/everstartraffic.com\/es\/wp-json\/wp\/v2\/product_cat?post=9486"},{"taxonomy":"product_tag","embeddable":true,"href":"https:\/\/everstartraffic.com\/es\/wp-json\/wp\/v2\/product_tag?post=9486"}],"curies":[{"name":"wp","href":"https:\/\/api.w.org\/{rel}","templated":true}]}}