{"id":9484,"date":"2023-12-26T04:18:27","date_gmt":"2023-12-26T04:18:27","guid":{"rendered":"https:\/\/www.everstartraffic.com\/product\/es-12a-10l-bomba-de-embolo-hidraulica-maquina-de-pintura-en-frio-con-motor-de-gasolina-honda-pulverizacion-sin-aire\/"},"modified":"2024-09-18T03:46:53","modified_gmt":"2024-09-18T03:46:53","slug":"es-12a-10l-bomba-de-embolo-hidraulica-maquina-de-pintura-en-frio-con-motor-de-gasolina-honda-pulverizacion-sin-aire","status":"publish","type":"product","link":"https:\/\/everstartraffic.com\/es\/product\/es-12a-10l-bomba-de-embolo-hidraulica-maquina-de-pintura-en-frio-con-motor-de-gasolina-honda-pulverizacion-sin-aire\/","title":{"rendered":"ES-12A 10L BOMBA DE \u00c9MBOLO HIDR\u00c1ULICA M\u00c1QUINA DE PINTURA EN FR\u00cdO CON MOTOR DE GASOLINA HONDA PULVERIZACI\u00d3N SIN AIRE"},"content":{"rendered":"\t\t<div data-elementor-type=\"product-post\" data-elementor-id=\"9484\" class=\"elementor elementor-9484 elementor-7063\">\n\t\t\t\t\t\t\t\t\t<section class=\"elementor-section elementor-top-section elementor-element elementor-element-3d8f494f elementor-section-boxed elementor-section-height-default elementor-section-height-default\" data-id=\"3d8f494f\" data-element_type=\"section\">\n\t\t\t\t\t\t<div class=\"elementor-container elementor-column-gap-default\">\n\t\t\t\t\t<div class=\"elementor-column elementor-col-100 elementor-top-column elementor-element elementor-element-2f0e860a\" data-id=\"2f0e860a\" data-element_type=\"column\">\n\t\t\t<div class=\"elementor-widget-wrap elementor-element-populated\">\n\t\t\t\t\t\t\t\t<div class=\"elementor-element elementor-element-3b2cc11e elementor-widget elementor-widget-text-editor\" data-id=\"3b2cc11e\" data-element_type=\"widget\" data-widget_type=\"text-editor.default\">\n\t\t\t\t<div class=\"elementor-widget-container\">\n\t\t\t<style>\/*! elementor - v3.7.0 - 08-08-2022 *\/\n.elementor-widget-text-editor.elementor-drop-cap-view-stacked .elementor-drop-cap{background-color:#818a91;color:#fff}.elementor-widget-text-editor.elementor-drop-cap-view-framed .elementor-drop-cap{color:#818a91;border:3px solid;background-color:transparent}.elementor-widget-text-editor:not(.elementor-drop-cap-view-default) .elementor-drop-cap{margin-top:8px}.elementor-widget-text-editor:not(.elementor-drop-cap-view-default) .elementor-drop-cap-letter{width:1em;height:1em}.elementor-widget-text-editor .elementor-drop-cap{float:left;text-align:center;line-height:1;font-size:50px}.elementor-widget-text-editor .elementor-drop-cap-letter{display:inline-block}<\/style>\t\t\t\t<p>La m\u00e1quina de marcado vial con pintura en fr\u00edo sin aire hidr\u00e1ulica ES-12A adopta un \u00e9mbolo de aceite hidr\u00e1ulico importado de Dakin. El ancho de pulverizaci\u00f3n de la m\u00e1quina var\u00eda de 50 a 600 mm. La pintura en fr\u00edo a base de solvente, la pintura en fr\u00edo a base de agua y otras pinturas acr\u00edlicas de un componente son todas aplicables a nuestra m\u00e1quina de pintura en fr\u00edo. Nuestra m\u00e1quina de pintura en fr\u00edo puede lograr diferentes tipos de l\u00edneas: l\u00edneas simples, l\u00edneas dobles, l\u00edneas de paso de cebra, l\u00edneas de estacionamientos, pistas de aeropuertos, l\u00edneas de estacionamientos, etc.   <\/p>\n<p><strong>Par\u00e1metros t\u00e9cnicos<\/strong><\/p>\n<table width=\"912\">\n<tbody>\n<tr>\n<td width=\"383\"><strong>Modelo<\/strong><\/td>\n<td width=\"529\"><strong>ES12A<\/strong><\/td>\n<\/tr>\n<tr>\n<td width=\"383\"><strong>Dimensi\u00f3n <\/strong><\/td>\n<td width=\"529\"><strong>1580*850*1050mm<\/strong><\/td>\n<\/tr>\n<tr>\n<td width=\"383\"><strong>Peso<\/strong><\/td>\n<td width=\"529\"><strong>137kgs<\/strong><\/td>\n<\/tr>\n<tr>\n<td width=\"383\"><strong>Ancho de marcado<\/strong><\/td>\n<td width=\"529\"><strong>50-600mm<\/strong><\/td>\n<\/tr>\n<tr>\n<td width=\"383\"><strong>Grosor de marcado<\/strong><\/td>\n<td width=\"529\"><strong>0.2-0.4mm<\/strong><\/td>\n<\/tr>\n<tr>\n<td width=\"383\"><strong>Flujo de pulverizaci\u00f3n<\/strong><\/td>\n<td width=\"529\"><strong>12L\/min<\/strong><\/td>\n<\/tr>\n<tr>\n<td width=\"383\"><strong>Tanque de aceite hidr\u00e1ulico<\/strong><\/td>\n<td width=\"529\"><strong>16L<\/strong><\/td>\n<\/tr>\n<tr>\n<td width=\"383\"><strong>Velocidad de marcado<\/strong><\/td>\n<td width=\"529\"><strong>160m\/min<\/strong><\/td>\n<\/tr>\n<tr>\n<td width=\"383\"><strong>Presi\u00f3n de trabajo<\/strong><\/td>\n<td width=\"529\"><strong>10-20mpa<\/strong><\/td>\n<\/tr>\n<tr>\n<td width=\"383\"><strong>Longitud de la tuber\u00eda de presi\u00f3n estabilizada<\/strong><\/td>\n<td width=\"529\"><strong>15m<\/strong><\/td>\n<\/tr>\n<tr>\n<td width=\"383\"><strong>Motor de gasolina<\/strong><\/td>\n<td width=\"529\"><strong>Honda GX200, 6.5HP<\/strong><\/td>\n<\/tr>\n<\/tbody>\n<\/table>\n\t\t\t\t\t\t<\/div>\n\t\t\t\t<\/div>\n\t\t\t\t\t<\/div>\n\t\t<\/div>\n\t\t\t\t\t\t\t<\/div>\n\t\t<\/section>\n\t\t\t\t<section class=\"elementor-section elementor-top-section elementor-element elementor-element-ced26b2 elementor-section-boxed elementor-section-height-default elementor-section-height-default\" data-id=\"ced26b2\" data-element_type=\"section\">\n\t\t\t\t\t\t<div class=\"elementor-container elementor-column-gap-default\">\n\t\t\t\t\t<div class=\"elementor-column elementor-col-100 elementor-top-column elementor-element elementor-element-4447896\" data-id=\"4447896\" data-element_type=\"column\">\n\t\t\t<div class=\"elementor-widget-wrap elementor-element-populated\">\n\t\t\t\t\t\t\t\t<div class=\"elementor-element elementor-element-7374688 elementor-widget elementor-widget-heading\" data-id=\"7374688\" data-element_type=\"widget\" data-widget_type=\"heading.default\">\n\t\t\t\t<div class=\"elementor-widget-container\">\n\t\t\t<style>\/*! elementor - v3.7.0 - 08-08-2022 *\/\n.elementor-heading-title{padding:0;margin:0;line-height:1}.elementor-widget-heading .elementor-heading-title[class*=elementor-size-]>a{color:inherit;font-size:inherit;line-height:inherit}.elementor-widget-heading .elementor-heading-title.elementor-size-small{font-size:15px}.elementor-widget-heading .elementor-heading-title.elementor-size-medium{font-size:19px}.elementor-widget-heading .elementor-heading-title.elementor-size-large{font-size:29px}.elementor-widget-heading .elementor-heading-title.elementor-size-xl{font-size:39px}.elementor-widget-heading .elementor-heading-title.elementor-size-xxl{font-size:59px}<\/style><h1 class=\"elementor-heading-title elementor-size-default\">Exhibici\u00f3n del producto<\/h1>\t\t<\/div>\n\t\t\t\t<\/div>\n\t\t\t\t\t<\/div>\n\t\t<\/div>\n\t\t\t\t\t\t\t<\/div>\n\t\t<\/section>\n\t\t\t\t<section class=\"elementor-section elementor-top-section elementor-element elementor-element-960b13e elementor-section-boxed elementor-section-height-default elementor-section-height-default\" data-id=\"960b13e\" data-element_type=\"section\">\n\t\t\t\t\t\t<div class=\"elementor-container elementor-column-gap-default\">\n\t\t\t\t\t<div class=\"elementor-column elementor-col-100 elementor-top-column elementor-element elementor-element-82604b0\" data-id=\"82604b0\" data-element_type=\"column\">\n\t\t\t<div class=\"elementor-widget-wrap elementor-element-populated\">\n\t\t\t\t\t\t\t\t<div class=\"elementor-element elementor-element-b12cfe4 elementor-widget elementor-widget-image\" data-id=\"b12cfe4\" data-element_type=\"widget\" data-widget_type=\"image.default\">\n\t\t\t\t<div class=\"elementor-widget-container\">\n\t\t\t<style>\/*! elementor - v3.7.0 - 08-08-2022 *\/\n.elementor-widget-image{text-align:center}.elementor-widget-image a{display:inline-block}.elementor-widget-image a img[src$=\".svg\"]{width:48px}.elementor-widget-image img{vertical-align:middle;display:inline-block}<\/style>\t\t\t\t\t\t\t\t\t\t\t\t<img loading=\"lazy\" decoding=\"async\" width=\"1024\" height=\"1017\" src=\"https:\/\/everstartraffic.com\/wp-content\/uploads\/2023\/12\/4-1024x1017.png\" class=\"attachment-large size-large\" alt=\"\" srcset=\"https:\/\/everstartraffic.com\/wp-content\/uploads\/2023\/12\/4-1024x1017.png 1024w, https:\/\/everstartraffic.com\/wp-content\/uploads\/2023\/12\/4-100x100.png 100w, https:\/\/everstartraffic.com\/wp-content\/uploads\/2023\/12\/4-600x596.png 600w, https:\/\/everstartraffic.com\/wp-content\/uploads\/2023\/12\/4-300x298.png 300w, https:\/\/everstartraffic.com\/wp-content\/uploads\/2023\/12\/4-150x150.png 150w, https:\/\/everstartraffic.com\/wp-content\/uploads\/2023\/12\/4-768x763.png 768w, https:\/\/everstartraffic.com\/wp-content\/uploads\/2023\/12\/4.png 1168w\" sizes=\"auto, (max-width: 1024px) 100vw, 1024px\" \/>\t\t\t\t\t\t\t\t\t\t\t\t\t\t\t<\/div>\n\t\t\t\t<\/div>\n\t\t\t\t\t<\/div>\n\t\t<\/div>\n\t\t\t\t\t\t\t<\/div>\n\t\t<\/section>\n\t\t\t\t\t\t\t<\/div>\n\t\t","protected":false},"excerpt":{"rendered":"<p>La m\u00e1quina de pulverizaci\u00f3n de pintura en fr\u00edo sin aire ES-12A est\u00e1 equipada con una bomba de \u00e9mbolo DAKIN con motor de gasolina Honda importado. Tiene un rendimiento y una eficiencia estables. El caudal m\u00e1ximo es de hasta 12 l\/min.  <\/p>\n","protected":false},"featured_media":7064,"comment_status":"open","ping_status":"closed","template":"","meta":{"_monsterinsights_skip_tracking":false,"_monsterinsights_sitenote_active":false,"_monsterinsights_sitenote_note":"","_monsterinsights_sitenote_category":0,"spay_email":"","jetpack_publicize_message":"","jetpack_is_tweetstorm":false,"jetpack_publicize_feature_enabled":true},"product_cat":[337,338,315,294],"product_tag":[404,360,361,362,351,408],"class_list":["post-9484","product","type-product","status-publish","has-post-thumbnail","hentry","product_cat-maquina-de-marcado-de-carreteras","product_cat-maquina-de-pulverizacion-de-pintura-en-frio-sin-aire","product_cat-producto","product_cat-sin-categorizar","product_tag-maquina-de-marcado-de-carreteras-con-empuje-manual","product_tag-maquina-de-pintura-en-frio","product_tag-maquina-de-pintura-en-frio-con-doble-pistola","product_tag-maquina-de-pintura-en-frio-con-una-sola-pistola","product_tag-maquina-de-pulverizacion-sin-aire","product_tag-maquina-hidraulica-de-pintura-en-frio"],"aioseo_notices":[],"_links":{"self":[{"href":"https:\/\/everstartraffic.com\/es\/wp-json\/wp\/v2\/product\/9484","targetHints":{"allow":["GET"]}}],"collection":[{"href":"https:\/\/everstartraffic.com\/es\/wp-json\/wp\/v2\/product"}],"about":[{"href":"https:\/\/everstartraffic.com\/es\/wp-json\/wp\/v2\/types\/product"}],"replies":[{"embeddable":true,"href":"https:\/\/everstartraffic.com\/es\/wp-json\/wp\/v2\/comments?post=9484"}],"version-history":[{"count":1,"href":"https:\/\/everstartraffic.com\/es\/wp-json\/wp\/v2\/product\/9484\/revisions"}],"predecessor-version":[{"id":9485,"href":"https:\/\/everstartraffic.com\/es\/wp-json\/wp\/v2\/product\/9484\/revisions\/9485"}],"wp:featuredmedia":[{"embeddable":true,"href":"https:\/\/everstartraffic.com\/es\/wp-json\/wp\/v2\/media\/7064"}],"wp:attachment":[{"href":"https:\/\/everstartraffic.com\/es\/wp-json\/wp\/v2\/media?parent=9484"}],"wp:term":[{"taxonomy":"product_cat","embeddable":true,"href":"https:\/\/everstartraffic.com\/es\/wp-json\/wp\/v2\/product_cat?post=9484"},{"taxonomy":"product_tag","embeddable":true,"href":"https:\/\/everstartraffic.com\/es\/wp-json\/wp\/v2\/product_tag?post=9484"}],"curies":[{"name":"wp","href":"https:\/\/api.w.org\/{rel}","templated":true}]}}