{"id":9482,"date":"2024-04-08T08:58:02","date_gmt":"2024-04-08T08:58:02","guid":{"rendered":"https:\/\/www.everstartraffic.com\/product\/es-1200pd-calentadora-de-metales-termologicos-de-combustible-dual-para-gas-y-petroleo\/"},"modified":"2024-09-18T03:27:48","modified_gmt":"2024-09-18T03:27:48","slug":"es-1200pd-calentadora-de-metales-termologicos-de-combustible-dual-para-gas-y-petroleo","status":"publish","type":"product","link":"https:\/\/everstartraffic.com\/es\/product\/es-1200pd-calentadora-de-metales-termologicos-de-combustible-dual-para-gas-y-petroleo\/","title":{"rendered":"ES-1200PD CALENTADORA DE METALES TERMOL\u00d3GICOS DE COMBUSTIBLE DUAL PARA GAS Y PETR\u00d3LEO"},"content":{"rendered":"\t\t<div data-elementor-type=\"product-post\" data-elementor-id=\"9482\" class=\"elementor elementor-9482 elementor-7466\">\n\t\t\t\t\t\t\t\t\t<section class=\"elementor-section elementor-top-section elementor-element elementor-element-4e07382 elementor-section-boxed elementor-section-height-default elementor-section-height-default\" data-id=\"4e07382\" data-element_type=\"section\">\n\t\t\t\t\t\t<div class=\"elementor-container elementor-column-gap-default\">\n\t\t\t\t\t<div class=\"elementor-column elementor-col-100 elementor-top-column elementor-element elementor-element-6faf606\" data-id=\"6faf606\" data-element_type=\"column\">\n\t\t\t<div class=\"elementor-widget-wrap elementor-element-populated\">\n\t\t\t\t\t\t\t\t<div class=\"elementor-element elementor-element-2d25a3a elementor-widget elementor-widget-text-editor\" data-id=\"2d25a3a\" data-element_type=\"widget\" data-widget_type=\"text-editor.default\">\n\t\t\t\t<div class=\"elementor-widget-container\">\n\t\t\t<style>\/*! elementor - v3.7.0 - 08-08-2022 *\/\n.elementor-widget-text-editor.elementor-drop-cap-view-stacked .elementor-drop-cap{background-color:#818a91;color:#fff}.elementor-widget-text-editor.elementor-drop-cap-view-framed .elementor-drop-cap{color:#818a91;border:3px solid;background-color:transparent}.elementor-widget-text-editor:not(.elementor-drop-cap-view-default) .elementor-drop-cap{margin-top:8px}.elementor-widget-text-editor:not(.elementor-drop-cap-view-default) .elementor-drop-cap-letter{width:1em;height:1em}.elementor-widget-text-editor .elementor-drop-cap{float:left;text-align:center;line-height:1;font-size:50px}.elementor-widget-text-editor .elementor-drop-cap-letter{display:inline-block}<\/style>\t\t\t\t<p>La caldera de fusi\u00f3n en caliente de doble prop\u00f3sito para petr\u00f3leo y gas es una mejora de la caldera de fusi\u00f3n en caliente de tipo gas. Es adecuada para \u00e1reas donde la temperatura es demasiado baja y resulta inconveniente agregar gas. El equipo utiliza estufas avanzadas de doble prop\u00f3sito para petr\u00f3leo y gas (pueden usar gas licuado y di\u00e9sel como combustible), lo que garantiza por completo la conveniencia y la econom\u00eda del uso de combustible en \u00e1reas especiales. Especialmente en \u00e1reas con vientos fuertes, el tipo de combustible no se ve afectado f\u00e1cilmente por el viento. Mejora la eficiencia de la combusti\u00f3n, aumenta la velocidad de fusi\u00f3n y reduce los costos de construcci\u00f3n. Es la primera opci\u00f3n para la construcci\u00f3n con fusi\u00f3n en caliente en \u00e1reas con grandes diferencias de temperatura.     <\/p>\n\t\t\t\t\t\t<\/div>\n\t\t\t\t<\/div>\n\t\t\t\t\t<\/div>\n\t\t<\/div>\n\t\t\t\t\t\t\t<\/div>\n\t\t<\/section>\n\t\t\t\t<section class=\"elementor-section elementor-top-section elementor-element elementor-element-f22576c elementor-section-boxed elementor-section-height-default elementor-section-height-default\" data-id=\"f22576c\" data-element_type=\"section\">\n\t\t\t\t\t\t<div class=\"elementor-container elementor-column-gap-default\">\n\t\t\t\t\t<div class=\"elementor-column elementor-col-100 elementor-top-column elementor-element elementor-element-7329389\" data-id=\"7329389\" data-element_type=\"column\">\n\t\t\t<div class=\"elementor-widget-wrap elementor-element-populated\">\n\t\t\t\t\t\t\t\t<div class=\"elementor-element elementor-element-257713d elementor-widget elementor-widget-heading\" data-id=\"257713d\" data-element_type=\"widget\" data-widget_type=\"heading.default\">\n\t\t\t\t<div class=\"elementor-widget-container\">\n\t\t\t<style>\/*! elementor - v3.7.0 - 08-08-2022 *\/\n.elementor-heading-title{padding:0;margin:0;line-height:1}.elementor-widget-heading .elementor-heading-title[class*=elementor-size-]>a{color:inherit;font-size:inherit;line-height:inherit}.elementor-widget-heading .elementor-heading-title.elementor-size-small{font-size:15px}.elementor-widget-heading .elementor-heading-title.elementor-size-medium{font-size:19px}.elementor-widget-heading .elementor-heading-title.elementor-size-large{font-size:29px}.elementor-widget-heading .elementor-heading-title.elementor-size-xl{font-size:39px}.elementor-widget-heading .elementor-heading-title.elementor-size-xxl{font-size:59px}<\/style><h4 class=\"elementor-heading-title elementor-size-default\">Especificaciones del producto<\/h4>\t\t<\/div>\n\t\t\t\t<\/div>\n\t\t\t\t\t<\/div>\n\t\t<\/div>\n\t\t\t\t\t\t\t<\/div>\n\t\t<\/section>\n\t\t\t\t<section class=\"elementor-section elementor-top-section elementor-element elementor-element-5972b6e elementor-section-boxed elementor-section-height-default elementor-section-height-default\" data-id=\"5972b6e\" data-element_type=\"section\">\n\t\t\t\t\t\t<div class=\"elementor-container elementor-column-gap-default\">\n\t\t\t\t\t<div class=\"elementor-column elementor-col-100 elementor-top-column elementor-element elementor-element-427a1c2\" data-id=\"427a1c2\" data-element_type=\"column\">\n\t\t\t<div class=\"elementor-widget-wrap elementor-element-populated\">\n\t\t\t\t\t\t\t\t<div class=\"elementor-element elementor-element-2a37076 elementor-widget elementor-widget-text-editor\" data-id=\"2a37076\" data-element_type=\"widget\" data-widget_type=\"text-editor.default\">\n\t\t\t\t<div class=\"elementor-widget-container\">\n\t\t\t\t\t\t\t<table>\n<tbody>\n<tr>\n<td width=\"277\">\n<p>Nombre del producto:<\/p>\n<\/td>\n<td width=\"277\">\n<p>Caldera para termofusibles de petr\u00f3leo y gas Modelo: ES-1200PD<\/p>\n<\/td>\n<\/tr>\n<tr>\n<td width=\"277\">\n<p>Motor:<\/p>\n<\/td>\n<td width=\"277\">\n<p>Motor di\u00e9sel refrigerado por agua por evaporaci\u00f3n con arranque el\u00e9ctrico Changchai de 13,2 kW<\/p>\n<\/p>\n<\/td>\n<\/tr>\n<tr>\n<td width=\"277\">\n<p>Estructura interna del cuerpo de la tetera:<\/p>\n<\/p>\n<\/td>\n<td width=\"277\">\n<p>Las paredes de olla de doble capa controlan el canal del fuego, tienen un buen efecto de conservaci\u00f3n del calor y utilizan un barril suspendido.<\/p>\n<\/td>\n<\/tr>\n<tr>\n<td width=\"277\">\n<p>Estructura interna y externa de la tetera:<\/p>\n<\/td>\n<td width=\"277\">\n<p>Dispositivo de energ\u00eda de agitaci\u00f3n con carcasa de acero inoxidable y paleta vertical, el equipo en s\u00ed tiene un dispositivo de escape de energ\u00eda para evitar la p\u00e9rdida de energ\u00eda.<\/p>\n<\/p>\n<\/td>\n<\/tr>\n<tr>\n<td width=\"277\">\n<p>Sistema de transmisi\u00f3n hidr\u00e1ulica:<\/p>\n<\/p>\n<\/td>\n<td width=\"277\">\n<p>V\u00e1lvula de control hidr\u00e1ulico integrado multicanal, agitaci\u00f3n hacia adelante y hacia atr\u00e1s, velocidad infinitamente variable<\/p>\n<\/td>\n<\/tr>\n<tr>\n<td width=\"277\">\n<p>Estufa di\u00e9sel:<\/p>\n<\/p>\n<\/td>\n<td width=\"277\">\n<p>Utilice salidas de aceite en ambos extremos para controlar de forma independiente el flujo de di\u00e9sel para garantizar un suministro de aceite suficiente en ambos extremos.<\/p>\n<\/td>\n<\/tr>\n<tr>\n<td width=\"277\">\n<p>Tanque de diesel:<\/p>\n<\/td>\n<td width=\"277\">\n<p>118L<\/p>\n<\/td>\n<\/tr>\n<tr>\n<td width=\"277\">\n<p>Dimensiones:<\/p>\n<\/p>\n<\/td>\n<td width=\"277\">\n<p>1900X1700X1680mm<\/p>\n<\/td>\n<\/tr>\n<tr>\n<td width=\"277\">\n<p>Buz\u00f3n hidr\u00e1ulico:<\/p>\n<\/td>\n<td width=\"277\">\n<p>70L<\/p>\n<\/td>\n<\/tr>\n<tr>\n<td width=\"277\">\n<p>Peso:<\/p>\n<\/td>\n<td width=\"277\">\n<p>1180kgs<\/p>\n<\/td>\n<\/tr>\n<\/tbody>\n<\/table>\n\t\t\t\t\t\t<\/div>\n\t\t\t\t<\/div>\n\t\t\t\t\t<\/div>\n\t\t<\/div>\n\t\t\t\t\t\t\t<\/div>\n\t\t<\/section>\n\t\t\t\t<section class=\"elementor-section elementor-top-section elementor-element elementor-element-991fc84 elementor-section-boxed elementor-section-height-default elementor-section-height-default\" data-id=\"991fc84\" data-element_type=\"section\">\n\t\t\t\t\t\t<div class=\"elementor-container elementor-column-gap-default\">\n\t\t\t\t\t<div class=\"elementor-column elementor-col-100 elementor-top-column elementor-element elementor-element-0c8d22f\" data-id=\"0c8d22f\" data-element_type=\"column\">\n\t\t\t<div class=\"elementor-widget-wrap elementor-element-populated\">\n\t\t\t\t\t\t\t\t<div class=\"elementor-element elementor-element-49d4156 elementor-widget elementor-widget-heading\" data-id=\"49d4156\" data-element_type=\"widget\" data-widget_type=\"heading.default\">\n\t\t\t\t<div class=\"elementor-widget-container\">\n\t\t\t<h4 class=\"elementor-heading-title elementor-size-default\">Detalles del producto<\/h4>\t\t<\/div>\n\t\t\t\t<\/div>\n\t\t\t\t\t<\/div>\n\t\t<\/div>\n\t\t\t\t\t\t\t<\/div>\n\t\t<\/section>\n\t\t\t\t<section class=\"elementor-section elementor-top-section elementor-element elementor-element-87c884b elementor-section-boxed elementor-section-height-default elementor-section-height-default\" data-id=\"87c884b\" data-element_type=\"section\">\n\t\t\t\t\t\t<div class=\"elementor-container elementor-column-gap-default\">\n\t\t\t\t\t<div class=\"elementor-column elementor-col-100 elementor-top-column elementor-element elementor-element-566b5ea\" data-id=\"566b5ea\" data-element_type=\"column\">\n\t\t\t<div class=\"elementor-widget-wrap elementor-element-populated\">\n\t\t\t\t\t\t\t\t<div class=\"elementor-element elementor-element-43235fe elementor-widget elementor-widget-image\" data-id=\"43235fe\" data-element_type=\"widget\" data-widget_type=\"image.default\">\n\t\t\t\t<div class=\"elementor-widget-container\">\n\t\t\t<style>\/*! elementor - v3.7.0 - 08-08-2022 *\/\n.elementor-widget-image{text-align:center}.elementor-widget-image a{display:inline-block}.elementor-widget-image a img[src$=\".svg\"]{width:48px}.elementor-widget-image img{vertical-align:middle;display:inline-block}<\/style>\t\t\t\t\t\t\t\t\t\t\t\t<img loading=\"lazy\" decoding=\"async\" width=\"1022\" height=\"1024\" src=\"https:\/\/everstartraffic.com\/wp-content\/uploads\/2024\/04\/\u4e3b\u56fe\u5e26logo-4-1022x1024.png\" class=\"attachment-large size-large\" alt=\"\" srcset=\"https:\/\/everstartraffic.com\/wp-content\/uploads\/2024\/04\/\u4e3b\u56fe\u5e26logo-4-1022x1024.png 1022w, https:\/\/everstartraffic.com\/wp-content\/uploads\/2024\/04\/\u4e3b\u56fe\u5e26logo-4-300x300.png 300w, https:\/\/everstartraffic.com\/wp-content\/uploads\/2024\/04\/\u4e3b\u56fe\u5e26logo-4-100x100.png 100w, https:\/\/everstartraffic.com\/wp-content\/uploads\/2024\/04\/\u4e3b\u56fe\u5e26logo-4-600x601.png 600w, https:\/\/everstartraffic.com\/wp-content\/uploads\/2024\/04\/\u4e3b\u56fe\u5e26logo-4-150x150.png 150w, https:\/\/everstartraffic.com\/wp-content\/uploads\/2024\/04\/\u4e3b\u56fe\u5e26logo-4-768x769.png 768w, https:\/\/everstartraffic.com\/wp-content\/uploads\/2024\/04\/\u4e3b\u56fe\u5e26logo-4.png 1170w\" sizes=\"auto, (max-width: 1022px) 100vw, 1022px\" \/>\t\t\t\t\t\t\t\t\t\t\t\t\t\t\t<\/div>\n\t\t\t\t<\/div>\n\t\t\t\t<div class=\"elementor-element elementor-element-21dfbdc elementor-widget elementor-widget-image\" data-id=\"21dfbdc\" data-element_type=\"widget\" data-widget_type=\"image.default\">\n\t\t\t\t<div class=\"elementor-widget-container\">\n\t\t\t\t\t\t\t\t\t\t\t\t\t\t\t<img loading=\"lazy\" decoding=\"async\" width=\"855\" height=\"786\" src=\"https:\/\/everstartraffic.com\/wp-content\/uploads\/2024\/04\/\u4e3b\u56fe\u5e26logo-1.png\" class=\"attachment-large size-large\" alt=\"\" srcset=\"https:\/\/everstartraffic.com\/wp-content\/uploads\/2024\/04\/\u4e3b\u56fe\u5e26logo-1.png 855w, https:\/\/everstartraffic.com\/wp-content\/uploads\/2024\/04\/\u4e3b\u56fe\u5e26logo-1-600x552.png 600w, https:\/\/everstartraffic.com\/wp-content\/uploads\/2024\/04\/\u4e3b\u56fe\u5e26logo-1-300x276.png 300w, https:\/\/everstartraffic.com\/wp-content\/uploads\/2024\/04\/\u4e3b\u56fe\u5e26logo-1-768x706.png 768w\" sizes=\"auto, (max-width: 855px) 100vw, 855px\" \/>\t\t\t\t\t\t\t\t\t\t\t\t\t\t\t<\/div>\n\t\t\t\t<\/div>\n\t\t\t\t\t<\/div>\n\t\t<\/div>\n\t\t\t\t\t\t\t<\/div>\n\t\t<\/section>\n\t\t\t\t<section class=\"elementor-section elementor-top-section elementor-element elementor-element-f7b8e91 elementor-section-boxed elementor-section-height-default elementor-section-height-default\" data-id=\"f7b8e91\" data-element_type=\"section\">\n\t\t\t\t\t\t<div class=\"elementor-container elementor-column-gap-default\">\n\t\t\t\t\t<div class=\"elementor-column elementor-col-100 elementor-top-column elementor-element elementor-element-cd81e76\" data-id=\"cd81e76\" data-element_type=\"column\">\n\t\t\t<div class=\"elementor-widget-wrap elementor-element-populated\">\n\t\t\t\t\t\t\t\t<div class=\"elementor-element elementor-element-4946718 elementor-widget elementor-widget-image\" data-id=\"4946718\" data-element_type=\"widget\" data-widget_type=\"image.default\">\n\t\t\t\t<div class=\"elementor-widget-container\">\n\t\t\t\t\t\t\t\t\t\t\t\t\t\t\t<img loading=\"lazy\" decoding=\"async\" width=\"1020\" height=\"1024\" src=\"https:\/\/everstartraffic.com\/wp-content\/uploads\/2024\/04\/\u4e3b\u56fe\u5e26logo-2-1020x1024.png\" class=\"attachment-large size-large\" alt=\"\" srcset=\"https:\/\/everstartraffic.com\/wp-content\/uploads\/2024\/04\/\u4e3b\u56fe\u5e26logo-2-1020x1024.png 1020w, https:\/\/everstartraffic.com\/wp-content\/uploads\/2024\/04\/\u4e3b\u56fe\u5e26logo-2-300x300.png 300w, https:\/\/everstartraffic.com\/wp-content\/uploads\/2024\/04\/\u4e3b\u56fe\u5e26logo-2-100x100.png 100w, https:\/\/everstartraffic.com\/wp-content\/uploads\/2024\/04\/\u4e3b\u56fe\u5e26logo-2-600x603.png 600w, https:\/\/everstartraffic.com\/wp-content\/uploads\/2024\/04\/\u4e3b\u56fe\u5e26logo-2-150x150.png 150w, https:\/\/everstartraffic.com\/wp-content\/uploads\/2024\/04\/\u4e3b\u56fe\u5e26logo-2-768x771.png 768w, https:\/\/everstartraffic.com\/wp-content\/uploads\/2024\/04\/\u4e3b\u56fe\u5e26logo-2.png 1170w\" sizes=\"auto, (max-width: 1020px) 100vw, 1020px\" \/>\t\t\t\t\t\t\t\t\t\t\t\t\t\t\t<\/div>\n\t\t\t\t<\/div>\n\t\t\t\t<div class=\"elementor-element elementor-element-28a0362 elementor-widget elementor-widget-image\" data-id=\"28a0362\" data-element_type=\"widget\" data-widget_type=\"image.default\">\n\t\t\t\t<div class=\"elementor-widget-container\">\n\t\t\t\t\t\t\t\t\t\t\t\t\t\t\t<img loading=\"lazy\" decoding=\"async\" width=\"786\" height=\"1024\" src=\"https:\/\/everstartraffic.com\/wp-content\/uploads\/2024\/04\/\u4e3b\u56fe\u5e26logo-5-786x1024.png\" class=\"attachment-large size-large\" alt=\"\" srcset=\"https:\/\/everstartraffic.com\/wp-content\/uploads\/2024\/04\/\u4e3b\u56fe\u5e26logo-5-786x1024.png 786w, https:\/\/everstartraffic.com\/wp-content\/uploads\/2024\/04\/\u4e3b\u56fe\u5e26logo-5-600x781.png 600w, https:\/\/everstartraffic.com\/wp-content\/uploads\/2024\/04\/\u4e3b\u56fe\u5e26logo-5-230x300.png 230w, https:\/\/everstartraffic.com\/wp-content\/uploads\/2024\/04\/\u4e3b\u56fe\u5e26logo-5-768x1000.png 768w, https:\/\/everstartraffic.com\/wp-content\/uploads\/2024\/04\/\u4e3b\u56fe\u5e26logo-5.png 883w\" sizes=\"auto, (max-width: 786px) 100vw, 786px\" \/>\t\t\t\t\t\t\t\t\t\t\t\t\t\t\t<\/div>\n\t\t\t\t<\/div>\n\t\t\t\t<div class=\"elementor-element elementor-element-3fa3e3a elementor-widget elementor-widget-image\" data-id=\"3fa3e3a\" data-element_type=\"widget\" data-widget_type=\"image.default\">\n\t\t\t\t<div class=\"elementor-widget-container\">\n\t\t\t\t\t\t\t\t\t\t\t\t\t\t\t<img loading=\"lazy\" decoding=\"async\" width=\"1024\" height=\"1024\" src=\"https:\/\/everstartraffic.com\/wp-content\/uploads\/2024\/04\/\u4e3b\u56fe\u5e26logo-3-1024x1024.png\" class=\"attachment-large size-large\" alt=\"\" srcset=\"https:\/\/everstartraffic.com\/wp-content\/uploads\/2024\/04\/\u4e3b\u56fe\u5e26logo-3-1024x1024.png 1024w, https:\/\/everstartraffic.com\/wp-content\/uploads\/2024\/04\/\u4e3b\u56fe\u5e26logo-3-300x300.png 300w, https:\/\/everstartraffic.com\/wp-content\/uploads\/2024\/04\/\u4e3b\u56fe\u5e26logo-3-100x100.png 100w, https:\/\/everstartraffic.com\/wp-content\/uploads\/2024\/04\/\u4e3b\u56fe\u5e26logo-3-600x600.png 600w, https:\/\/everstartraffic.com\/wp-content\/uploads\/2024\/04\/\u4e3b\u56fe\u5e26logo-3-150x150.png 150w, https:\/\/everstartraffic.com\/wp-content\/uploads\/2024\/04\/\u4e3b\u56fe\u5e26logo-3-768x768.png 768w, https:\/\/everstartraffic.com\/wp-content\/uploads\/2024\/04\/\u4e3b\u56fe\u5e26logo-3.png 1170w\" sizes=\"auto, (max-width: 1024px) 100vw, 1024px\" \/>\t\t\t\t\t\t\t\t\t\t\t\t\t\t\t<\/div>\n\t\t\t\t<\/div>\n\t\t\t\t\t<\/div>\n\t\t<\/div>\n\t\t\t\t\t\t\t<\/div>\n\t\t<\/section>\n\t\t\t\t\t\t\t<\/div>\n\t\t","protected":false},"excerpt":{"rendered":"<p>La caldera de fusi\u00f3n en caliente de doble prop\u00f3sito para petr\u00f3leo y gas es una mejora de la caldera de fusi\u00f3n en caliente a gas. Es adecuada para \u00e1reas donde la temperatura es demasiado baja y resulta inc\u00f3modo agregar gas. <\/p>\n","protected":false},"featured_media":7461,"comment_status":"open","ping_status":"closed","template":"","meta":{"_monsterinsights_skip_tracking":false,"_monsterinsights_sitenote_active":false,"_monsterinsights_sitenote_note":"","_monsterinsights_sitenote_category":0,"spay_email":"","jetpack_publicize_message":"","jetpack_is_tweetstorm":false,"jetpack_publicize_feature_enabled":true},"product_cat":[337,341,315,294],"product_tag":[388,407,430,389],"class_list":["post-9482","product","type-product","status-publish","has-post-thumbnail","hentry","product_cat-maquina-de-marcado-de-carreteras","product_cat-maquina-de-marcado-vial-termoplastico","product_cat-producto","product_cat-sin-categorizar","product_tag-caldera-de-fusion-en-caliente-de-combustible-dual","product_tag-hervidor-de-agua-caliente","product_tag-maquina-precalentadora","product_tag-maquina-precalentadora-de-combustible-dual"],"aioseo_notices":[],"_links":{"self":[{"href":"https:\/\/everstartraffic.com\/es\/wp-json\/wp\/v2\/product\/9482","targetHints":{"allow":["GET"]}}],"collection":[{"href":"https:\/\/everstartraffic.com\/es\/wp-json\/wp\/v2\/product"}],"about":[{"href":"https:\/\/everstartraffic.com\/es\/wp-json\/wp\/v2\/types\/product"}],"replies":[{"embeddable":true,"href":"https:\/\/everstartraffic.com\/es\/wp-json\/wp\/v2\/comments?post=9482"}],"version-history":[{"count":1,"href":"https:\/\/everstartraffic.com\/es\/wp-json\/wp\/v2\/product\/9482\/revisions"}],"predecessor-version":[{"id":9483,"href":"https:\/\/everstartraffic.com\/es\/wp-json\/wp\/v2\/product\/9482\/revisions\/9483"}],"wp:featuredmedia":[{"embeddable":true,"href":"https:\/\/everstartraffic.com\/es\/wp-json\/wp\/v2\/media\/7461"}],"wp:attachment":[{"href":"https:\/\/everstartraffic.com\/es\/wp-json\/wp\/v2\/media?parent=9482"}],"wp:term":[{"taxonomy":"product_cat","embeddable":true,"href":"https:\/\/everstartraffic.com\/es\/wp-json\/wp\/v2\/product_cat?post=9482"},{"taxonomy":"product_tag","embeddable":true,"href":"https:\/\/everstartraffic.com\/es\/wp-json\/wp\/v2\/product_tag?post=9482"}],"curies":[{"name":"wp","href":"https:\/\/api.w.org\/{rel}","templated":true}]}}