{"id":9480,"date":"2024-04-10T09:25:39","date_gmt":"2024-04-10T09:25:39","guid":{"rendered":"https:\/\/www.everstartraffic.com\/product\/cinta-de-senalizacion-vial-preformada\/"},"modified":"2024-09-18T03:23:47","modified_gmt":"2024-09-18T03:23:47","slug":"cinta-de-senalizacion-vial-preformada","status":"publish","type":"product","link":"https:\/\/everstartraffic.com\/es\/product\/cinta-de-senalizacion-vial-preformada\/","title":{"rendered":"Cinta de se\u00f1alizaci\u00f3n vial preformada"},"content":{"rendered":"\t\t<div data-elementor-type=\"product-post\" data-elementor-id=\"9480\" class=\"elementor elementor-9480 elementor-7477\">\n\t\t\t\t\t\t\t\t\t<section class=\"elementor-section elementor-top-section elementor-element elementor-element-7054e88 elementor-section-boxed elementor-section-height-default elementor-section-height-default\" data-id=\"7054e88\" data-element_type=\"section\">\n\t\t\t\t\t\t<div class=\"elementor-container elementor-column-gap-default\">\n\t\t\t\t\t<div class=\"elementor-column elementor-col-100 elementor-top-column elementor-element elementor-element-39260e5\" data-id=\"39260e5\" data-element_type=\"column\">\n\t\t\t<div class=\"elementor-widget-wrap elementor-element-populated\">\n\t\t\t\t\t\t\t\t<div class=\"elementor-element elementor-element-a7d9312 elementor-widget elementor-widget-text-editor\" data-id=\"a7d9312\" data-element_type=\"widget\" data-widget_type=\"text-editor.default\">\n\t\t\t\t<div class=\"elementor-widget-container\">\n\t\t\t<style>\/*! elementor - v3.7.0 - 08-08-2022 *\/\n.elementor-widget-text-editor.elementor-drop-cap-view-stacked .elementor-drop-cap{background-color:#818a91;color:#fff}.elementor-widget-text-editor.elementor-drop-cap-view-framed .elementor-drop-cap{color:#818a91;border:3px solid;background-color:transparent}.elementor-widget-text-editor:not(.elementor-drop-cap-view-default) .elementor-drop-cap{margin-top:8px}.elementor-widget-text-editor:not(.elementor-drop-cap-view-default) .elementor-drop-cap-letter{width:1em;height:1em}.elementor-widget-text-editor .elementor-drop-cap{float:left;text-align:center;line-height:1;font-size:50px}.elementor-widget-text-editor .elementor-drop-cap-letter{display:inline-block}<\/style>\t\t\t\t<p>La cinta de se\u00f1alizaci\u00f3n preformada es una cinta de se\u00f1alizaci\u00f3n preformada de especificaciones est\u00e1ndar. Est\u00e1 hecha de materiales especiales y tiene buena resistencia al desgaste, propiedades antideslizantes y antienvejecimiento, y puede adaptarse a diversas condiciones clim\u00e1ticas y ambientales adversas. En comparaci\u00f3n con los m\u00e9todos de se\u00f1alizaci\u00f3n tradicionales, la cinta de se\u00f1alizaci\u00f3n preformada tiene las ventajas de ser f\u00e1cil de usar, r\u00e1pida, duradera y f\u00e1cil de mantener. Al usarla, simplemente p\u00e9guela en el suelo requerido seg\u00fan sea necesario y luego apl\u00edquela con un raspador o un cepillo para formar marcas claras y est\u00e1ndar. Este tipo de se\u00f1alizaci\u00f3n no solo es hermosa y elegante, sino que tambi\u00e9n puede mejorar efectivamente la eficiencia de uso de carreteras y estacionamientos y reducir la ocurrencia de accidentes de tr\u00e1nsito.    <\/p>\n\t\t\t\t\t\t<\/div>\n\t\t\t\t<\/div>\n\t\t\t\t\t<\/div>\n\t\t<\/div>\n\t\t\t\t\t\t\t<\/div>\n\t\t<\/section>\n\t\t\t\t<section class=\"elementor-section elementor-top-section elementor-element elementor-element-bc1ade2 elementor-section-boxed elementor-section-height-default elementor-section-height-default\" data-id=\"bc1ade2\" data-element_type=\"section\">\n\t\t\t\t\t\t<div class=\"elementor-container elementor-column-gap-default\">\n\t\t\t\t\t<div class=\"elementor-column elementor-col-100 elementor-top-column elementor-element elementor-element-8e3ebff\" data-id=\"8e3ebff\" data-element_type=\"column\">\n\t\t\t<div class=\"elementor-widget-wrap elementor-element-populated\">\n\t\t\t\t\t\t\t\t<div class=\"elementor-element elementor-element-ac613e3 elementor-widget elementor-widget-heading\" data-id=\"ac613e3\" data-element_type=\"widget\" data-widget_type=\"heading.default\">\n\t\t\t\t<div class=\"elementor-widget-container\">\n\t\t\t<style>\/*! elementor - v3.7.0 - 08-08-2022 *\/\n.elementor-heading-title{padding:0;margin:0;line-height:1}.elementor-widget-heading .elementor-heading-title[class*=elementor-size-]>a{color:inherit;font-size:inherit;line-height:inherit}.elementor-widget-heading .elementor-heading-title.elementor-size-small{font-size:15px}.elementor-widget-heading .elementor-heading-title.elementor-size-medium{font-size:19px}.elementor-widget-heading .elementor-heading-title.elementor-size-large{font-size:29px}.elementor-widget-heading .elementor-heading-title.elementor-size-xl{font-size:39px}.elementor-widget-heading .elementor-heading-title.elementor-size-xxl{font-size:59px}<\/style><h1 class=\"elementor-heading-title elementor-size-default\">Ventajas de la cinta de se\u00f1alizaci\u00f3n reflectante preformada<\/h1>\t\t<\/div>\n\t\t\t\t<\/div>\n\t\t\t\t\t<\/div>\n\t\t<\/div>\n\t\t\t\t\t\t\t<\/div>\n\t\t<\/section>\n\t\t\t\t<section class=\"elementor-section elementor-top-section elementor-element elementor-element-ade914a elementor-section-boxed elementor-section-height-default elementor-section-height-default\" data-id=\"ade914a\" data-element_type=\"section\">\n\t\t\t\t\t\t<div class=\"elementor-container elementor-column-gap-default\">\n\t\t\t\t\t<div class=\"elementor-column elementor-col-100 elementor-top-column elementor-element elementor-element-8b2ae98\" data-id=\"8b2ae98\" data-element_type=\"column\">\n\t\t\t<div class=\"elementor-widget-wrap elementor-element-populated\">\n\t\t\t\t\t\t\t\t<div class=\"elementor-element elementor-element-5ccd799 elementor-widget elementor-widget-text-editor\" data-id=\"5ccd799\" data-element_type=\"widget\" data-widget_type=\"text-editor.default\">\n\t\t\t\t<div class=\"elementor-widget-container\">\n\t\t\t\t\t\t\t<ol>\n<li>Alto rendimiento reflectante: la cinta de marcado reflectante preformada est\u00e1 hecha de materiales reflectantes especiales y tiene excelentes propiedades reflectantes, lo que puede proporcionar un efecto de advertencia obvio por la noche o en condiciones de poca luz.<\/li>\n<li>Fuerte durabilidad: la cinta de marcado reflectante preformada ha sido tratada especialmente y tiene una fuerte resistencia al desgaste, resistencia a la intemperie, resistencia a la corrosi\u00f3n y otras propiedades, y puede mantener la claridad y el efecto reflectante de la marca durante mucho tiempo en entornos naturales hostiles.<\/li>\n<li>F\u00e1cil instalaci\u00f3n: la cinta de se\u00f1alizaci\u00f3n reflectante preformada adopta un dise\u00f1o preformado. Durante la instalaci\u00f3n, solo es necesario pegarla en la carretera sin tecnolog\u00eda ni equipos de construcci\u00f3n complejos. <\/li>\n<\/ol>\n\t\t\t\t\t\t<\/div>\n\t\t\t\t<\/div>\n\t\t\t\t\t<\/div>\n\t\t<\/div>\n\t\t\t\t\t\t\t<\/div>\n\t\t<\/section>\n\t\t\t\t<section class=\"elementor-section elementor-top-section elementor-element elementor-element-4ad91e1 elementor-section-boxed elementor-section-height-default elementor-section-height-default\" data-id=\"4ad91e1\" data-element_type=\"section\">\n\t\t\t\t\t\t<div class=\"elementor-container elementor-column-gap-default\">\n\t\t\t\t\t<div class=\"elementor-column elementor-col-100 elementor-top-column elementor-element elementor-element-ebedb5f\" data-id=\"ebedb5f\" data-element_type=\"column\">\n\t\t\t<div class=\"elementor-widget-wrap elementor-element-populated\">\n\t\t\t\t\t\t\t\t<div class=\"elementor-element elementor-element-2e28ea0 elementor-widget elementor-widget-heading\" data-id=\"2e28ea0\" data-element_type=\"widget\" data-widget_type=\"heading.default\">\n\t\t\t\t<div class=\"elementor-widget-container\">\n\t\t\t<h1 class=\"elementor-heading-title elementor-size-default\">Especificaciones del producto<\/h1>\t\t<\/div>\n\t\t\t\t<\/div>\n\t\t\t\t\t<\/div>\n\t\t<\/div>\n\t\t\t\t\t\t\t<\/div>\n\t\t<\/section>\n\t\t\t\t<section class=\"elementor-section elementor-top-section elementor-element elementor-element-63cfff9 elementor-section-boxed elementor-section-height-default elementor-section-height-default\" data-id=\"63cfff9\" data-element_type=\"section\">\n\t\t\t\t\t\t<div class=\"elementor-container elementor-column-gap-default\">\n\t\t\t\t\t<div class=\"elementor-column elementor-col-100 elementor-top-column elementor-element elementor-element-c920f25\" data-id=\"c920f25\" data-element_type=\"column\">\n\t\t\t<div class=\"elementor-widget-wrap elementor-element-populated\">\n\t\t\t\t\t\t\t\t<div class=\"elementor-element elementor-element-d49b57c elementor-widget elementor-widget-text-editor\" data-id=\"d49b57c\" data-element_type=\"widget\" data-widget_type=\"text-editor.default\">\n\t\t\t\t<div class=\"elementor-widget-container\">\n\t\t\t\t\t\t\t<table>\n<tbody>\n<tr>\n<td width=\"277\">\n<p>Tipo<\/p>\n<\/td>\n<td width=\"277\">\n<p>Reflexivo, convexo, anti-manchas<\/p>\n<\/td>\n<\/tr>\n<tr>\n<td width=\"277\">\n<p>Espesor<\/p>\n<\/td>\n<td width=\"277\">\n<p>0.5mm, 1.6mm, 1.8mm<\/p>\n<\/td>\n<\/tr>\n<tr>\n<td width=\"277\">\n<p>Color<\/p>\n<\/td>\n<td width=\"277\">\n<p>Blanco, amarillo, azul, rojo, negro<\/p>\n<\/td>\n<\/tr>\n<tr>\n<td width=\"277\">\n<p>Tipo<\/p>\n<\/td>\n<td width=\"277\">\n<p>Perlas de vidrio planas, antideslizantes y antisuciedad, y perlas de vidrio convexas.<\/p>\n<\/td>\n<\/tr>\n<tr>\n<td width=\"277\">\n<p>Solicitud<\/p>\n<\/td>\n<td width=\"277\">\n<p>Uso temporal, uso en construcci\u00f3n de carreteras, uso en aeropuertos, uso en f\u00e1bricas, uso en carteles para convenciones y deportes, se\u00f1ales de direcci\u00f3n, estacionamientos,<\/p>\n<\/td>\n<\/tr>\n<\/tbody>\n<\/table>\n\t\t\t\t\t\t<\/div>\n\t\t\t\t<\/div>\n\t\t\t\t\t<\/div>\n\t\t<\/div>\n\t\t\t\t\t\t\t<\/div>\n\t\t<\/section>\n\t\t\t\t<section class=\"elementor-section elementor-top-section elementor-element elementor-element-f11b52f elementor-section-boxed elementor-section-height-default elementor-section-height-default\" data-id=\"f11b52f\" data-element_type=\"section\">\n\t\t\t\t\t\t<div class=\"elementor-container elementor-column-gap-default\">\n\t\t\t\t\t<div class=\"elementor-column elementor-col-100 elementor-top-column elementor-element elementor-element-9811622\" data-id=\"9811622\" data-element_type=\"column\">\n\t\t\t<div class=\"elementor-widget-wrap elementor-element-populated\">\n\t\t\t\t\t\t\t\t<div class=\"elementor-element elementor-element-5e6bba5 elementor-widget elementor-widget-heading\" data-id=\"5e6bba5\" data-element_type=\"widget\" data-widget_type=\"heading.default\">\n\t\t\t\t<div class=\"elementor-widget-container\">\n\t\t\t<h1 class=\"elementor-heading-title elementor-size-default\">Exhibici\u00f3n del producto<\/h1>\t\t<\/div>\n\t\t\t\t<\/div>\n\t\t\t\t\t<\/div>\n\t\t<\/div>\n\t\t\t\t\t\t\t<\/div>\n\t\t<\/section>\n\t\t\t\t<section class=\"elementor-section elementor-top-section elementor-element elementor-element-3176ad9 elementor-section-boxed elementor-section-height-default elementor-section-height-default\" data-id=\"3176ad9\" data-element_type=\"section\">\n\t\t\t\t\t\t<div class=\"elementor-container elementor-column-gap-default\">\n\t\t\t\t\t<div class=\"elementor-column elementor-col-100 elementor-top-column elementor-element elementor-element-695113e\" data-id=\"695113e\" data-element_type=\"column\">\n\t\t\t<div class=\"elementor-widget-wrap elementor-element-populated\">\n\t\t\t\t\t\t\t\t<div class=\"elementor-element elementor-element-518be30 elementor-widget elementor-widget-image\" data-id=\"518be30\" data-element_type=\"widget\" data-widget_type=\"image.default\">\n\t\t\t\t<div class=\"elementor-widget-container\">\n\t\t\t<style>\/*! elementor - v3.7.0 - 08-08-2022 *\/\n.elementor-widget-image{text-align:center}.elementor-widget-image a{display:inline-block}.elementor-widget-image a img[src$=\".svg\"]{width:48px}.elementor-widget-image img{vertical-align:middle;display:inline-block}<\/style>\t\t\t\t\t\t\t\t\t\t\t\t<img loading=\"lazy\" decoding=\"async\" width=\"683\" height=\"1024\" src=\"https:\/\/everstartraffic.com\/wp-content\/uploads\/2024\/04\/\u8be6\u60c5\u9875-683x1024.jpg\" class=\"attachment-large size-large\" alt=\"\" srcset=\"https:\/\/everstartraffic.com\/wp-content\/uploads\/2024\/04\/\u8be6\u60c5\u9875-683x1024.jpg 683w, https:\/\/everstartraffic.com\/wp-content\/uploads\/2024\/04\/\u8be6\u60c5\u9875-600x900.jpg 600w, https:\/\/everstartraffic.com\/wp-content\/uploads\/2024\/04\/\u8be6\u60c5\u9875-200x300.jpg 200w, https:\/\/everstartraffic.com\/wp-content\/uploads\/2024\/04\/\u8be6\u60c5\u9875-768x1152.jpg 768w, https:\/\/everstartraffic.com\/wp-content\/uploads\/2024\/04\/\u8be6\u60c5\u9875.jpg 1000w\" sizes=\"auto, (max-width: 683px) 100vw, 683px\" \/>\t\t\t\t\t\t\t\t\t\t\t\t\t\t\t<\/div>\n\t\t\t\t<\/div>\n\t\t\t\t<div class=\"elementor-element elementor-element-9f1cd00 elementor-widget elementor-widget-image\" data-id=\"9f1cd00\" data-element_type=\"widget\" data-widget_type=\"image.default\">\n\t\t\t\t<div class=\"elementor-widget-container\">\n\t\t\t\t\t\t\t\t\t\t\t\t\t\t\t<img loading=\"lazy\" decoding=\"async\" width=\"750\" height=\"1000\" src=\"https:\/\/everstartraffic.com\/wp-content\/uploads\/2024\/04\/\u8be6\u60c5\u98751_\u526f\u672c.jpg\" class=\"attachment-large size-large\" alt=\"\" srcset=\"https:\/\/everstartraffic.com\/wp-content\/uploads\/2024\/04\/\u8be6\u60c5\u98751_\u526f\u672c.jpg 750w, https:\/\/everstartraffic.com\/wp-content\/uploads\/2024\/04\/\u8be6\u60c5\u98751_\u526f\u672c-600x800.jpg 600w, https:\/\/everstartraffic.com\/wp-content\/uploads\/2024\/04\/\u8be6\u60c5\u98751_\u526f\u672c-225x300.jpg 225w\" sizes=\"auto, (max-width: 750px) 100vw, 750px\" \/>\t\t\t\t\t\t\t\t\t\t\t\t\t\t\t<\/div>\n\t\t\t\t<\/div>\n\t\t\t\t<div class=\"elementor-element elementor-element-7625ff8 elementor-widget elementor-widget-image\" data-id=\"7625ff8\" data-element_type=\"widget\" data-widget_type=\"image.default\">\n\t\t\t\t<div class=\"elementor-widget-container\">\n\t\t\t\t\t\t\t\t\t\t\t\t\t\t\t<img loading=\"lazy\" decoding=\"async\" width=\"800\" height=\"800\" src=\"https:\/\/everstartraffic.com\/wp-content\/uploads\/2024\/04\/\u53cd\u5149\u9884\u5236\u578b\u80f6\u5e26.jpg\" class=\"attachment-large size-large\" alt=\"\" srcset=\"https:\/\/everstartraffic.com\/wp-content\/uploads\/2024\/04\/\u53cd\u5149\u9884\u5236\u578b\u80f6\u5e26.jpg 800w, https:\/\/everstartraffic.com\/wp-content\/uploads\/2024\/04\/\u53cd\u5149\u9884\u5236\u578b\u80f6\u5e26-300x300.jpg 300w, https:\/\/everstartraffic.com\/wp-content\/uploads\/2024\/04\/\u53cd\u5149\u9884\u5236\u578b\u80f6\u5e26-100x100.jpg 100w, https:\/\/everstartraffic.com\/wp-content\/uploads\/2024\/04\/\u53cd\u5149\u9884\u5236\u578b\u80f6\u5e26-600x600.jpg 600w, https:\/\/everstartraffic.com\/wp-content\/uploads\/2024\/04\/\u53cd\u5149\u9884\u5236\u578b\u80f6\u5e26-150x150.jpg 150w, https:\/\/everstartraffic.com\/wp-content\/uploads\/2024\/04\/\u53cd\u5149\u9884\u5236\u578b\u80f6\u5e26-768x768.jpg 768w\" sizes=\"auto, (max-width: 800px) 100vw, 800px\" \/>\t\t\t\t\t\t\t\t\t\t\t\t\t\t\t<\/div>\n\t\t\t\t<\/div>\n\t\t\t\t<div class=\"elementor-element elementor-element-c803bd2 elementor-widget elementor-widget-image\" data-id=\"c803bd2\" data-element_type=\"widget\" data-widget_type=\"image.default\">\n\t\t\t\t<div class=\"elementor-widget-container\">\n\t\t\t\t\t\t\t\t\t\t\t\t\t\t\t<img loading=\"lazy\" decoding=\"async\" width=\"790\" height=\"790\" src=\"https:\/\/everstartraffic.com\/wp-content\/uploads\/2024\/04\/\u6297\u6c61\u9884\u5236\u578b\u80f6\u5e26.jpg\" class=\"attachment-large size-large\" alt=\"\" srcset=\"https:\/\/everstartraffic.com\/wp-content\/uploads\/2024\/04\/\u6297\u6c61\u9884\u5236\u578b\u80f6\u5e26.jpg 790w, https:\/\/everstartraffic.com\/wp-content\/uploads\/2024\/04\/\u6297\u6c61\u9884\u5236\u578b\u80f6\u5e26-300x300.jpg 300w, https:\/\/everstartraffic.com\/wp-content\/uploads\/2024\/04\/\u6297\u6c61\u9884\u5236\u578b\u80f6\u5e26-100x100.jpg 100w, https:\/\/everstartraffic.com\/wp-content\/uploads\/2024\/04\/\u6297\u6c61\u9884\u5236\u578b\u80f6\u5e26-600x600.jpg 600w, https:\/\/everstartraffic.com\/wp-content\/uploads\/2024\/04\/\u6297\u6c61\u9884\u5236\u578b\u80f6\u5e26-150x150.jpg 150w, https:\/\/everstartraffic.com\/wp-content\/uploads\/2024\/04\/\u6297\u6c61\u9884\u5236\u578b\u80f6\u5e26-768x768.jpg 768w\" sizes=\"auto, (max-width: 790px) 100vw, 790px\" \/>\t\t\t\t\t\t\t\t\t\t\t\t\t\t\t<\/div>\n\t\t\t\t<\/div>\n\t\t\t\t<div class=\"elementor-element elementor-element-7bc5a89 elementor-widget elementor-widget-image\" data-id=\"7bc5a89\" data-element_type=\"widget\" data-widget_type=\"image.default\">\n\t\t\t\t<div class=\"elementor-widget-container\">\n\t\t\t\t\t\t\t\t\t\t\t\t\t\t\t<img loading=\"lazy\" decoding=\"async\" width=\"800\" height=\"800\" src=\"https:\/\/everstartraffic.com\/wp-content\/uploads\/2024\/04\/\u4e3b\u56fe-2.jpg\" class=\"attachment-large size-large\" alt=\"\" srcset=\"https:\/\/everstartraffic.com\/wp-content\/uploads\/2024\/04\/\u4e3b\u56fe-2.jpg 800w, https:\/\/everstartraffic.com\/wp-content\/uploads\/2024\/04\/\u4e3b\u56fe-2-300x300.jpg 300w, https:\/\/everstartraffic.com\/wp-content\/uploads\/2024\/04\/\u4e3b\u56fe-2-100x100.jpg 100w, https:\/\/everstartraffic.com\/wp-content\/uploads\/2024\/04\/\u4e3b\u56fe-2-600x600.jpg 600w, https:\/\/everstartraffic.com\/wp-content\/uploads\/2024\/04\/\u4e3b\u56fe-2-150x150.jpg 150w, https:\/\/everstartraffic.com\/wp-content\/uploads\/2024\/04\/\u4e3b\u56fe-2-768x768.jpg 768w\" sizes=\"auto, (max-width: 800px) 100vw, 800px\" \/>\t\t\t\t\t\t\t\t\t\t\t\t\t\t\t<\/div>\n\t\t\t\t<\/div>\n\t\t\t\t<div class=\"elementor-element elementor-element-cbcf541 elementor-widget elementor-widget-image\" data-id=\"cbcf541\" data-element_type=\"widget\" data-widget_type=\"image.default\">\n\t\t\t\t<div class=\"elementor-widget-container\">\n\t\t\t\t\t\t\t\t\t\t\t\t\t\t\t<img loading=\"lazy\" decoding=\"async\" width=\"800\" height=\"800\" src=\"https:\/\/everstartraffic.com\/wp-content\/uploads\/2024\/04\/\u4e3b\u56fe-1.jpg\" class=\"attachment-large size-large\" alt=\"\" srcset=\"https:\/\/everstartraffic.com\/wp-content\/uploads\/2024\/04\/\u4e3b\u56fe-1.jpg 800w, https:\/\/everstartraffic.com\/wp-content\/uploads\/2024\/04\/\u4e3b\u56fe-1-300x300.jpg 300w, https:\/\/everstartraffic.com\/wp-content\/uploads\/2024\/04\/\u4e3b\u56fe-1-100x100.jpg 100w, https:\/\/everstartraffic.com\/wp-content\/uploads\/2024\/04\/\u4e3b\u56fe-1-600x600.jpg 600w, https:\/\/everstartraffic.com\/wp-content\/uploads\/2024\/04\/\u4e3b\u56fe-1-150x150.jpg 150w, https:\/\/everstartraffic.com\/wp-content\/uploads\/2024\/04\/\u4e3b\u56fe-1-768x768.jpg 768w\" sizes=\"auto, (max-width: 800px) 100vw, 800px\" \/>\t\t\t\t\t\t\t\t\t\t\t\t\t\t\t<\/div>\n\t\t\t\t<\/div>\n\t\t\t\t<div class=\"elementor-element elementor-element-cb6bfb6 elementor-widget elementor-widget-image\" data-id=\"cb6bfb6\" data-element_type=\"widget\" data-widget_type=\"image.default\">\n\t\t\t\t<div class=\"elementor-widget-container\">\n\t\t\t\t\t\t\t\t\t\t\t\t\t\t\t<img loading=\"lazy\" decoding=\"async\" width=\"800\" height=\"800\" src=\"https:\/\/everstartraffic.com\/wp-content\/uploads\/2024\/04\/\u4e3b\u56fe-3.jpg\" class=\"attachment-large size-large\" alt=\"\" srcset=\"https:\/\/everstartraffic.com\/wp-content\/uploads\/2024\/04\/\u4e3b\u56fe-3.jpg 800w, https:\/\/everstartraffic.com\/wp-content\/uploads\/2024\/04\/\u4e3b\u56fe-3-300x300.jpg 300w, https:\/\/everstartraffic.com\/wp-content\/uploads\/2024\/04\/\u4e3b\u56fe-3-100x100.jpg 100w, https:\/\/everstartraffic.com\/wp-content\/uploads\/2024\/04\/\u4e3b\u56fe-3-600x600.jpg 600w, https:\/\/everstartraffic.com\/wp-content\/uploads\/2024\/04\/\u4e3b\u56fe-3-150x150.jpg 150w, https:\/\/everstartraffic.com\/wp-content\/uploads\/2024\/04\/\u4e3b\u56fe-3-768x768.jpg 768w\" sizes=\"auto, (max-width: 800px) 100vw, 800px\" \/>\t\t\t\t\t\t\t\t\t\t\t\t\t\t\t<\/div>\n\t\t\t\t<\/div>\n\t\t\t\t<div class=\"elementor-element elementor-element-7c52c7e elementor-widget elementor-widget-image\" data-id=\"7c52c7e\" data-element_type=\"widget\" data-widget_type=\"image.default\">\n\t\t\t\t<div class=\"elementor-widget-container\">\n\t\t\t\t\t\t\t\t\t\t\t\t\t\t\t<img loading=\"lazy\" decoding=\"async\" width=\"800\" height=\"800\" src=\"https:\/\/everstartraffic.com\/wp-content\/uploads\/2024\/04\/\u4e3b\u56fe-5.jpg\" class=\"attachment-large size-large\" alt=\"\" srcset=\"https:\/\/everstartraffic.com\/wp-content\/uploads\/2024\/04\/\u4e3b\u56fe-5.jpg 800w, https:\/\/everstartraffic.com\/wp-content\/uploads\/2024\/04\/\u4e3b\u56fe-5-300x300.jpg 300w, https:\/\/everstartraffic.com\/wp-content\/uploads\/2024\/04\/\u4e3b\u56fe-5-100x100.jpg 100w, https:\/\/everstartraffic.com\/wp-content\/uploads\/2024\/04\/\u4e3b\u56fe-5-600x600.jpg 600w, https:\/\/everstartraffic.com\/wp-content\/uploads\/2024\/04\/\u4e3b\u56fe-5-150x150.jpg 150w, https:\/\/everstartraffic.com\/wp-content\/uploads\/2024\/04\/\u4e3b\u56fe-5-768x768.jpg 768w\" sizes=\"auto, (max-width: 800px) 100vw, 800px\" \/>\t\t\t\t\t\t\t\t\t\t\t\t\t\t\t<\/div>\n\t\t\t\t<\/div>\n\t\t\t\t<div class=\"elementor-element elementor-element-0e4f3bc elementor-widget elementor-widget-image\" data-id=\"0e4f3bc\" data-element_type=\"widget\" data-widget_type=\"image.default\">\n\t\t\t\t<div class=\"elementor-widget-container\">\n\t\t\t\t\t\t\t\t\t\t\t\t\t\t\t<img loading=\"lazy\" decoding=\"async\" width=\"800\" height=\"800\" src=\"https:\/\/everstartraffic.com\/wp-content\/uploads\/2024\/04\/\u4e3b\u56fe-4.jpg\" class=\"attachment-large size-large\" alt=\"\" srcset=\"https:\/\/everstartraffic.com\/wp-content\/uploads\/2024\/04\/\u4e3b\u56fe-4.jpg 800w, https:\/\/everstartraffic.com\/wp-content\/uploads\/2024\/04\/\u4e3b\u56fe-4-300x300.jpg 300w, https:\/\/everstartraffic.com\/wp-content\/uploads\/2024\/04\/\u4e3b\u56fe-4-100x100.jpg 100w, https:\/\/everstartraffic.com\/wp-content\/uploads\/2024\/04\/\u4e3b\u56fe-4-600x600.jpg 600w, https:\/\/everstartraffic.com\/wp-content\/uploads\/2024\/04\/\u4e3b\u56fe-4-150x150.jpg 150w, https:\/\/everstartraffic.com\/wp-content\/uploads\/2024\/04\/\u4e3b\u56fe-4-768x768.jpg 768w\" sizes=\"auto, (max-width: 800px) 100vw, 800px\" \/>\t\t\t\t\t\t\t\t\t\t\t\t\t\t\t<\/div>\n\t\t\t\t<\/div>\n\t\t\t\t<div class=\"elementor-element elementor-element-780fc2d elementor-widget elementor-widget-image\" data-id=\"780fc2d\" data-element_type=\"widget\" data-widget_type=\"image.default\">\n\t\t\t\t<div class=\"elementor-widget-container\">\n\t\t\t\t\t\t\t\t\t\t\t\t\t\t\t<img loading=\"lazy\" decoding=\"async\" width=\"768\" height=\"1024\" src=\"https:\/\/everstartraffic.com\/wp-content\/uploads\/2024\/04\/\u751f\u4ea7\u7167\u72471-768x1024.jpg\" class=\"attachment-large size-large\" alt=\"\" srcset=\"https:\/\/everstartraffic.com\/wp-content\/uploads\/2024\/04\/\u751f\u4ea7\u7167\u72471-768x1024.jpg 768w, https:\/\/everstartraffic.com\/wp-content\/uploads\/2024\/04\/\u751f\u4ea7\u7167\u72471-600x800.jpg 600w, https:\/\/everstartraffic.com\/wp-content\/uploads\/2024\/04\/\u751f\u4ea7\u7167\u72471-225x300.jpg 225w, https:\/\/everstartraffic.com\/wp-content\/uploads\/2024\/04\/\u751f\u4ea7\u7167\u72471.jpg 1080w\" sizes=\"auto, (max-width: 768px) 100vw, 768px\" \/>\t\t\t\t\t\t\t\t\t\t\t\t\t\t\t<\/div>\n\t\t\t\t<\/div>\n\t\t\t\t\t<\/div>\n\t\t<\/div>\n\t\t\t\t\t\t\t<\/div>\n\t\t<\/section>\n\t\t\t\t\t\t\t<\/div>\n\t\t","protected":false},"excerpt":{"rendered":"<p>La cinta de se\u00f1alizaci\u00f3n vial preformada es una herramienta de se\u00f1alizaci\u00f3n vial eficiente y conveniente, la cinta de se\u00f1alizaci\u00f3n preformada se usa ampliamente en varios tipos de construcci\u00f3n de carreteras, se\u00f1alizaci\u00f3n de estacionamientos, almacenes, f\u00e1bricas, garajes subterr\u00e1neos y otros lugares que requieren se\u00f1alizaci\u00f3n.<\/p>\n","protected":false},"featured_media":7478,"comment_status":"open","ping_status":"closed","template":"","meta":{"_monsterinsights_skip_tracking":false,"_monsterinsights_sitenote_active":false,"_monsterinsights_sitenote_note":"","_monsterinsights_sitenote_category":0,"spay_email":"","jetpack_publicize_message":"","jetpack_is_tweetstorm":false,"jetpack_publicize_feature_enabled":true},"product_cat":[331,315,294],"product_tag":[434,459,428],"class_list":["post-9480","product","type-product","status-publish","has-post-thumbnail","hentry","product_cat-cinta-de-senalizacion-vial-preformada-es","product_cat-producto","product_cat-sin-categorizar","product_tag-cinta-de-marcado-reflectante","product_tag-cinta-de-senalizacion-vial","product_tag-cinta-de-senalizacion-vial-preformada"],"aioseo_notices":[],"_links":{"self":[{"href":"https:\/\/everstartraffic.com\/es\/wp-json\/wp\/v2\/product\/9480","targetHints":{"allow":["GET"]}}],"collection":[{"href":"https:\/\/everstartraffic.com\/es\/wp-json\/wp\/v2\/product"}],"about":[{"href":"https:\/\/everstartraffic.com\/es\/wp-json\/wp\/v2\/types\/product"}],"replies":[{"embeddable":true,"href":"https:\/\/everstartraffic.com\/es\/wp-json\/wp\/v2\/comments?post=9480"}],"version-history":[{"count":1,"href":"https:\/\/everstartraffic.com\/es\/wp-json\/wp\/v2\/product\/9480\/revisions"}],"predecessor-version":[{"id":9481,"href":"https:\/\/everstartraffic.com\/es\/wp-json\/wp\/v2\/product\/9480\/revisions\/9481"}],"wp:featuredmedia":[{"embeddable":true,"href":"https:\/\/everstartraffic.com\/es\/wp-json\/wp\/v2\/media\/7478"}],"wp:attachment":[{"href":"https:\/\/everstartraffic.com\/es\/wp-json\/wp\/v2\/media?parent=9480"}],"wp:term":[{"taxonomy":"product_cat","embeddable":true,"href":"https:\/\/everstartraffic.com\/es\/wp-json\/wp\/v2\/product_cat?post=9480"},{"taxonomy":"product_tag","embeddable":true,"href":"https:\/\/everstartraffic.com\/es\/wp-json\/wp\/v2\/product_tag?post=9480"}],"curies":[{"name":"wp","href":"https:\/\/api.w.org\/{rel}","templated":true}]}}