{"id":9478,"date":"2024-05-21T03:32:40","date_gmt":"2024-05-21T03:32:40","guid":{"rendered":"https:\/\/www.everstartraffic.com\/product\/maquina-de-perforacion-y-muestreo-de-nucleos-de-hormigon\/"},"modified":"2024-09-18T03:08:25","modified_gmt":"2024-09-18T03:08:25","slug":"maquina-de-perforacion-y-muestreo-de-nucleos-de-hormigon","status":"publish","type":"product","link":"https:\/\/everstartraffic.com\/es\/product\/maquina-de-perforacion-y-muestreo-de-nucleos-de-hormigon\/","title":{"rendered":"M\u00e1quina de perforaci\u00f3n y muestreo de n\u00facleos de hormig\u00f3n"},"content":{"rendered":"\t\t<div data-elementor-type=\"product-post\" data-elementor-id=\"9478\" class=\"elementor elementor-9478 elementor-7537\">\n\t\t\t\t\t\t\t\t\t<section class=\"elementor-section elementor-top-section elementor-element elementor-element-5146532b elementor-section-boxed elementor-section-height-default elementor-section-height-default\" data-id=\"5146532b\" data-element_type=\"section\">\n\t\t\t\t\t\t<div class=\"elementor-container elementor-column-gap-default\">\n\t\t\t\t\t<div class=\"elementor-column elementor-col-100 elementor-top-column elementor-element elementor-element-6b1fee83\" data-id=\"6b1fee83\" data-element_type=\"column\">\n\t\t\t<div class=\"elementor-widget-wrap elementor-element-populated\">\n\t\t\t\t\t\t\t\t<div class=\"elementor-element elementor-element-6eae6996 elementor-widget elementor-widget-text-editor\" data-id=\"6eae6996\" data-element_type=\"widget\" data-widget_type=\"text-editor.default\">\n\t\t\t\t<div class=\"elementor-widget-container\">\n\t\t\t<style>\/*! elementor - v3.7.0 - 08-08-2022 *\/\n.elementor-widget-text-editor.elementor-drop-cap-view-stacked .elementor-drop-cap{background-color:#818a91;color:#fff}.elementor-widget-text-editor.elementor-drop-cap-view-framed .elementor-drop-cap{color:#818a91;border:3px solid;background-color:transparent}.elementor-widget-text-editor:not(.elementor-drop-cap-view-default) .elementor-drop-cap{margin-top:8px}.elementor-widget-text-editor:not(.elementor-drop-cap-view-default) .elementor-drop-cap-letter{width:1em;height:1em}.elementor-widget-text-editor .elementor-drop-cap{float:left;text-align:center;line-height:1;font-size:50px}.elementor-widget-text-editor .elementor-drop-cap-letter{display:inline-block}<\/style>\t\t\t\t<p> En funci\u00f3n del m\u00e9todo de uso, la m\u00e1quina perforadora se puede clasificar en m\u00e1quina perforadora de hormig\u00f3n, m\u00e1quina perforadora de n\u00facleo y m\u00e1quina perforadora rotatoria. M\u00e1quina perforadora para muestreo de n\u00facleos de hormig\u00f3n modelo 1Se utilizan ampliamente en los lugares de estudio geol\u00f3gico de carreteras, ferrocarriles, puentes y edificios civiles, perforaci\u00f3n avanzada, lechado, orificios gu\u00eda de piezas incrustadas, orificios de inspecci\u00f3n, peque\u00f1os pozos de agua dom\u00e9sticos y grandes pozos de agua de ingenier\u00eda. Adem\u00e1s, la m\u00e1quina perforadora rotativa se utiliza para la perforaci\u00f3n de postes telef\u00f3nicos, perforaci\u00f3n de minas, perforaci\u00f3n de ingenier\u00eda, plantaci\u00f3n de \u00e1rboles y perforaci\u00f3n de fosos de \u00e1rboles, terrenos ordinarios, suelo congelado, caminos de concreto, minas de roca blanda. <\/p><\/p>\n\t\t\t\t\t\t<\/div>\n\t\t\t\t<\/div>\n\t\t\t\t\t<\/div>\n\t\t<\/div>\n\t\t\t\t\t\t\t<\/div>\n\t\t<\/section>\n\t\t\t\t<section class=\"elementor-section elementor-top-section elementor-element elementor-element-3d9e500 elementor-section-boxed elementor-section-height-default elementor-section-height-default\" data-id=\"3d9e500\" data-element_type=\"section\">\n\t\t\t\t\t\t<div class=\"elementor-container elementor-column-gap-default\">\n\t\t\t\t\t<div class=\"elementor-column elementor-col-100 elementor-top-column elementor-element elementor-element-6056916\" data-id=\"6056916\" data-element_type=\"column\">\n\t\t\t<div class=\"elementor-widget-wrap elementor-element-populated\">\n\t\t\t\t\t\t\t\t<div class=\"elementor-element elementor-element-fcde7dc elementor-widget elementor-widget-heading\" data-id=\"fcde7dc\" data-element_type=\"widget\" data-widget_type=\"heading.default\">\n\t\t\t\t<div class=\"elementor-widget-container\">\n\t\t\t<style>\/*! elementor - v3.7.0 - 08-08-2022 *\/\n.elementor-heading-title{padding:0;margin:0;line-height:1}.elementor-widget-heading .elementor-heading-title[class*=elementor-size-]>a{color:inherit;font-size:inherit;line-height:inherit}.elementor-widget-heading .elementor-heading-title.elementor-size-small{font-size:15px}.elementor-widget-heading .elementor-heading-title.elementor-size-medium{font-size:19px}.elementor-widget-heading .elementor-heading-title.elementor-size-large{font-size:29px}.elementor-widget-heading .elementor-heading-title.elementor-size-xl{font-size:39px}.elementor-widget-heading .elementor-heading-title.elementor-size-xxl{font-size:59px}<\/style><h1 class=\"elementor-heading-title elementor-size-default\">Especificaci\u00f3n<\/h1>\t\t<\/div>\n\t\t\t\t<\/div>\n\t\t\t\t\t<\/div>\n\t\t<\/div>\n\t\t\t\t\t\t\t<\/div>\n\t\t<\/section>\n\t\t\t\t<section class=\"elementor-section elementor-top-section elementor-element elementor-element-27e4426 elementor-section-boxed elementor-section-height-default elementor-section-height-default\" data-id=\"27e4426\" data-element_type=\"section\">\n\t\t\t\t\t\t<div class=\"elementor-container elementor-column-gap-default\">\n\t\t\t\t\t<div class=\"elementor-column elementor-col-100 elementor-top-column elementor-element elementor-element-a860757\" data-id=\"a860757\" data-element_type=\"column\">\n\t\t\t<div class=\"elementor-widget-wrap elementor-element-populated\">\n\t\t\t\t\t\t\t\t<div class=\"elementor-element elementor-element-f08adc4 elementor-widget elementor-widget-text-editor\" data-id=\"f08adc4\" data-element_type=\"widget\" data-widget_type=\"text-editor.default\">\n\t\t\t\t<div class=\"elementor-widget-container\">\n\t\t\t\t\t\t\t<p><strong>M\u00e1quina perforadora para muestreo de n\u00facleos de hormig\u00f3n modelo 1&nbsp;<\/strong><\/p>\n<p><img loading=\"lazy\" decoding=\"async\" class=\"alignnone size-medium wp-image-7544\" src=\"https:\/\/www.everstartraffic.com\/wp-content\/uploads\/2024\/05\/%E4%BA%A7%E5%93%81%E7%85%A7%E7%89%87-1_%E5%89%AF%E6%9C%AC-300x300.jpg\" alt=\"\" width=\"300\" height=\"300\"><\/p>\n<table>\n<tbody>\n<tr>\n<td width=\"277\">\n<p>Nombre del producto<\/p>\n<\/td>\n<td width=\"277\">\n<p>Taladradora de hormig\u00f3n<\/p>\n<\/td>\n<\/tr>\n<tr>\n<td width=\"277\">\n<p>Funci\u00f3n<\/p>\n<\/td>\n<td width=\"277\">\n<p>Es adecuado para estudios geol\u00f3gicos, inspecci\u00f3n de calidad, campos de instalaci\u00f3n, &nbsp;instalaci\u00f3n de piezas integradas, instalaci\u00f3n de equipos industriales, pozos piloto de prospecci\u00f3n geof\u00edsica, perforaci\u00f3n avanzada, pozos de lechada, pozos piloto de piezas integradas, pozos de inspecci\u00f3n, peque\u00f1os pozos de agua dom\u00e9sticos, etc. y construcci\u00f3n civil, carreteras, puentes, ferrocarriles, autopistas, agua, electricidad, instalaci\u00f3n de gas, pistas de aeropuertos y otras construcciones.<\/p>\n<\/td>\n<\/tr>\n<tr>\n<td width=\"277\">\n<p>Superficies de carretera aplicables<\/p>\n<\/td>\n<td width=\"277\">\n<p>Pavimento de hormig\u00f3n, pavimento asf\u00e1ltico, presa de agua<\/p>\n<\/td>\n<\/tr>\n<tr>\n<td width=\"277\">\n<p>Tipo de combustible<\/p>\n<\/td>\n<td width=\"277\">\n<p>Motor de gasolina, motor di\u00e9sel<\/p>\n<\/td>\n<\/tr>\n<tr>\n<td width=\"277\">\n<p>Di\u00e1metro m\u00e1ximo de perforaci\u00f3n<\/p>\n<\/td>\n<td width=\"277\">\n<p>200mm<\/p>\n<\/td>\n<\/tr>\n<tr>\n<td width=\"277\">\n<p>Profundidad m\u00e1xima de perforaci\u00f3n<\/p>\n<\/td>\n<td width=\"277\">\n<p>700mm<\/p>\n<\/td>\n<\/tr>\n<tr>\n<td width=\"277\">\n<p>Material de perforaci\u00f3n<\/p>\n<\/td>\n<td width=\"277\">\n<p>Brocas de diamante<\/p>\n<\/td>\n<\/tr>\n<\/tbody>\n<\/table>\n<p><strong>M\u00e1quina perforadora para muestreo de n\u00facleos de hormig\u00f3n modelo 2<\/strong><\/p>\n<p><img loading=\"lazy\" decoding=\"async\" class=\"alignnone size-medium wp-image-7540\" src=\"https:\/\/www.everstartraffic.com\/wp-content\/uploads\/2024\/05\/%E5%8F%96%E8%8A%AF%E9%92%BB%E6%9C%BA%E4%B8%BB%E5%9B%BE1-1-300x300.jpg\" alt=\"\" width=\"300\" height=\"300\"><\/p>\n<table>\n<tbody>\n<tr>\n<td width=\"277\">\n<p>Nombre del producto<\/p>\n<\/td>\n<td width=\"277\">\n<p>Taladradora de hormig\u00f3n<\/p>\n<\/td>\n<\/tr>\n<tr>\n<td width=\"277\">\n<p>Funci\u00f3n<\/p>\n<\/td>\n<td width=\"277\">\n<p>Es adecuado para estudios geol\u00f3gicos, inspecci\u00f3n de calidad, campos de instalaci\u00f3n, &nbsp;instalaci\u00f3n de piezas integradas, instalaci\u00f3n de equipos industriales, pozos piloto de prospecci\u00f3n geof\u00edsica, perforaci\u00f3n avanzada, pozos de lechada, pozos piloto de piezas integradas, pozos de inspecci\u00f3n, peque\u00f1os pozos de agua dom\u00e9sticos, etc. y construcci\u00f3n civil, carreteras, puentes, ferrocarriles, autopistas, agua, electricidad, instalaci\u00f3n de gas, pistas de aeropuertos y otras construcciones.<\/p>\n<\/td>\n<\/tr>\n<tr>\n<td width=\"277\">\n<p>Superficies de carretera aplicables<\/p>\n<\/td>\n<td width=\"277\">\n<p>Pavimento de hormig\u00f3n, pavimento asf\u00e1ltico, presa de agua<\/p>\n<\/td>\n<\/tr>\n<tr>\n<td width=\"277\">\n<p>Tipo de combustible<\/p>\n<\/td>\n<td width=\"277\">\n<p>Motor de gasolina, motor di\u00e9sel<\/p>\n<\/td>\n<\/tr>\n<tr>\n<td width=\"277\">\n<p>Di\u00e1metro m\u00e1ximo de perforaci\u00f3n<\/p>\n<\/td>\n<td width=\"277\">\n<p>45-108mm<\/p>\n<\/td>\n<\/tr>\n<tr>\n<td width=\"277\">\n<p>Profundidad m\u00e1xima de perforaci\u00f3n<\/p>\n<\/td>\n<td width=\"277\">\n<p>30m<\/p>\n<\/td>\n<\/tr>\n<tr>\n<td width=\"277\">\n<p>Tama\u00f1o de la broca<\/p>\n<\/td>\n<td width=\"277\">\n<p>\u03a632*750 (20 piezas)<\/p>\n<\/td>\n<\/tr>\n<tr>\n<td width=\"277\">\n<p>La cerradura toma el control<\/p>\n<\/td>\n<td width=\"277\">\n<p>\u03c640 (20pcs)<\/p>\n<\/td>\n<\/tr>\n<tr>\n<td width=\"277\">\n<p>Cabezal de tuber\u00eda de perforaci\u00f3n<\/p>\n<\/td>\n<td width=\"277\">\n<p>\u03a645 macho\/38 hembra (2 piezas)<\/p>\n<\/td>\n<\/tr>\n<tr>\n<td width=\"277\">\n<p>Tubo central<\/p>\n<\/td>\n<td width=\"277\">\n<p>0,75 m\/ra\u00edz \u03c645 (1 pieza)<\/p>\n<\/td>\n<\/tr>\n<tr>\n<td width=\"277\">\n<p>Broca de aleaci\u00f3n<\/p>\n<\/td>\n<td width=\"277\">\n<p>\u03a646(1 pieza)<\/p>\n<\/td>\n<\/tr>\n<tr>\n<td width=\"277\">\n<p>Cabeza<\/p>\n<\/td>\n<td width=\"277\">\n<p>\u03a660 macho\/38 hembra 1 pieza<\/p>\n<\/td>\n<\/tr>\n<tr>\n<td width=\"277\">\n<p>Tubo central<\/p>\n<\/td>\n<td width=\"277\">\n<p>0,75 m\/ra\u00edz \u03c660<\/p>\n<\/td>\n<\/tr>\n<\/tbody>\n<\/table>\t\t\t\t\t\t<\/div>\n\t\t\t\t<\/div>\n\t\t\t\t\t<\/div>\n\t\t<\/div>\n\t\t\t\t\t\t\t<\/div>\n\t\t<\/section>\n\t\t\t\t<section class=\"elementor-section elementor-top-section elementor-element elementor-element-e50f857 elementor-section-boxed elementor-section-height-default elementor-section-height-default\" data-id=\"e50f857\" data-element_type=\"section\">\n\t\t\t\t\t\t<div class=\"elementor-container elementor-column-gap-default\">\n\t\t\t\t\t<div class=\"elementor-column elementor-col-100 elementor-top-column elementor-element elementor-element-d57013e\" data-id=\"d57013e\" data-element_type=\"column\">\n\t\t\t<div class=\"elementor-widget-wrap elementor-element-populated\">\n\t\t\t\t\t\t\t\t<div class=\"elementor-element elementor-element-ba017e9 elementor-widget elementor-widget-heading\" data-id=\"ba017e9\" data-element_type=\"widget\" data-widget_type=\"heading.default\">\n\t\t\t\t<div class=\"elementor-widget-container\">\n\t\t\t<h2 class=\"elementor-heading-title elementor-size-default\"><h1 class=\"elementor-heading-title elementor-size-default elementor-inline-editing pen\" data-elementor-setting-key=\"title\" data-pen-placeholder=\"Type Here...\" style=\"font-family: var( --e-global-typography-primary-font-family ), Sans-serif; font-weight: 600; font-size: 65px; text-align: center; text-transform: none;\">Productos relacionados<\/h1><\/h2>\t\t<\/div>\n\t\t\t\t<\/div>\n\t\t\t\t\t<\/div>\n\t\t<\/div>\n\t\t\t\t\t\t\t<\/div>\n\t\t<\/section>\n\t\t\t\t<section class=\"elementor-section elementor-top-section elementor-element elementor-element-88bb2da elementor-section-boxed elementor-section-height-default elementor-section-height-default\" data-id=\"88bb2da\" data-element_type=\"section\">\n\t\t\t\t\t\t<div class=\"elementor-container elementor-column-gap-default\">\n\t\t\t\t\t<div class=\"elementor-column elementor-col-100 elementor-top-column elementor-element elementor-element-be20b97\" data-id=\"be20b97\" data-element_type=\"column\">\n\t\t\t<div class=\"elementor-widget-wrap elementor-element-populated\">\n\t\t\t\t\t\t\t\t<div class=\"elementor-element elementor-element-5613dc1 elementor-grid-4 elementor-grid-tablet-3 elementor-grid-mobile-2 elementor-products-grid elementor-wc-products elementor-widget elementor-widget-woocommerce-products\" data-id=\"5613dc1\" data-element_type=\"widget\" data-widget_type=\"woocommerce-products.default\">\n\t\t\t\t<div class=\"elementor-widget-container\">\n\t\t\t<div class=\"woocommerce columns-4 \"><ul class=\"products elementor-grid columns-4\">\n<li class=\"product type-product post-12442 status-publish first instock product_cat-maquina-de-marcado-de-carreteras product_cat-maquina-de-marcado-vial-termoplastico product_cat-maquina-precalentadora-de-fusion-en-caliente product_cat-producto product_cat-sin-categorizar has-post-thumbnail shipping-taxable product-type-simple\">\n\t<\/li>\n<li class=\"product type-product post-12440 status-publish instock product_cat-maquina-de-marcado-de-carreteras product_cat-maquina-de-marcado-vial-termoplastico product_cat-maquina-precalentadora-de-fusion-en-caliente product_cat-producto product_cat-sin-categorizar product_tag-hervidor-de-agua product_tag-hervidor-de-agua-2 product_tag-maquina-precalentadora product_tag-maquina-precalentadora-de-combustible-dual has-post-thumbnail shipping-taxable product-type-simple\">\n\t<\/li>\n<li class=\"product type-product post-12375 status-publish instock product_cat-maquina-auxiliar-de-carretera product_cat-maquina-de-marcado-de-carreteras product_cat-producto product_cat-sin-categorizar product_tag-eliminacion-de-agua-a-alta-presion product_tag-maquina-de-eliminacion-de-lineas-de-chorro-de-agua-a-alta-presion has-post-thumbnail shipping-taxable product-type-simple\">\n\t<\/li>\n<li class=\"product type-product post-13581 status-publish last instock product_cat-maquina-de-marcado-de-carreteras product_cat-maquina-de-marcado-vial-termoplastico product_cat-producto product_cat-sin-categorizar product_tag-maquina-de-marcado-vial-convexo product_tag-maquina-de-marcado-vial-convexo-con-panel-de-control-digital product_tag-maquina-de-marcado-vial-termoplastico product_tag-maquina-de-senalizacion-vial-autopropulsada product_tag-maquina-para-marcas-viales-elevadas has-post-thumbnail shipping-taxable product-type-simple\">\n\t<\/li>\n<li class=\"product type-product post-12381 status-publish first instock product_cat-producto product_cat-sin-categorizar product_cat-torre-de-luz-portatil product_tag-torre-de-iluminacion-con-lampara-led product_tag-torre-de-iluminacion-con-motor-diesel product_tag-torre-de-iluminacion-del-generador product_tag-torre-de-iluminacion-movil product_tag-torre-de-iluminacion-portatil product_tag-torre-de-luz-electrica has-post-thumbnail shipping-taxable product-type-simple\">\n\t<\/li>\n<li class=\"product type-product post-12385 status-publish instock product_cat-producto product_cat-sin-categorizar product_cat-torre-de-luz-portatil product_tag-torre-de-iluminacion-con-lampara-led-2 product_tag-torre-de-iluminacion-de-9-m product_tag-torre-de-iluminacion-de-construccion-nocturna product_tag-torre-de-iluminacion-de-elevacion-hidraulica product_tag-torre-de-iluminacion-telescopica has-post-thumbnail shipping-taxable product-type-simple\">\n\t<\/li>\n<li class=\"product type-product post-12391 status-publish instock product_cat-producto product_cat-sin-categorizar product_cat-torre-de-luz-portatil product_tag-torre-de-iluminacion-con-lampara-de-haluro product_tag-torre-de-iluminacion-con-lampara-led product_tag-torre-de-iluminacion-con-motor-de-gasolina product_tag-torre-de-iluminacion-con-motor-diesel product_tag-torre-de-iluminacion-del-generador product_tag-torre-de-iluminacion-movil-2 product_tag-torre-de-iluminacion-portatil-2 has-post-thumbnail shipping-taxable product-type-simple\">\n\t<\/li>\n<li class=\"product type-product post-12389 status-publish last instock product_cat-producto product_cat-sin-categorizar product_cat-torre-de-luz-portatil product_tag-torre-de-iluminacion product_tag-torre-de-iluminacion-con-generador-de-motor-diesel product_tag-torre-de-iluminacion-montada-en-remolque product_tag-torre-de-iluminacion-movil product_tag-torre-de-iluminacion-para-uso-exterior product_tag-torre-de-iluminacion-portatil has-post-thumbnail shipping-taxable product-type-simple\">\n\t<\/li>\n<\/ul>\n<\/div>\t\t<\/div>\n\t\t\t\t<\/div>\n\t\t\t\t\t<\/div>\n\t\t<\/div>\n\t\t\t\t\t\t\t<\/div>\n\t\t<\/section>\n\t\t\t\t\t\t\t<\/div>\n\t\t","protected":false},"excerpt":{"rendered":"<p>La m\u00e1quina perforadora de muestreo de n\u00facleos de hormig\u00f3n es adecuada para estudios geol\u00f3gicos, inspecci\u00f3n de calidad, campos de instalaci\u00f3n, instalaci\u00f3n de piezas integradas, instalaci\u00f3n de equipos industriales, pozos piloto de prospecci\u00f3n geof\u00edsica, perforaci\u00f3n avanzada, pozos de lechada, pozos piloto de piezas integradas, pozos de inspecci\u00f3n, peque\u00f1os pozos de agua dom\u00e9sticos, etc. y construcci\u00f3n civil, carreteras, puentes, ferrocarriles, autopistas, agua, electricidad, instalaci\u00f3n de gas, pistas de aeropuertos y otras construcciones.<\/p>\n","protected":false},"featured_media":7544,"comment_status":"open","ping_status":"closed","template":"","meta":{"_monsterinsights_skip_tracking":false,"_monsterinsights_sitenote_active":false,"_monsterinsights_sitenote_note":"","_monsterinsights_sitenote_category":0,"spay_email":"","jetpack_publicize_message":"","jetpack_is_tweetstorm":false,"jetpack_publicize_feature_enabled":true},"product_cat":[322,323,315,294],"product_tag":[],"class_list":["post-9478","product","type-product","status-publish","has-post-thumbnail","hentry","product_cat-maquina-perforadora","product_cat-maquina-perforadora-de-hormigon","product_cat-producto","product_cat-sin-categorizar"],"aioseo_notices":[],"_links":{"self":[{"href":"https:\/\/everstartraffic.com\/es\/wp-json\/wp\/v2\/product\/9478","targetHints":{"allow":["GET"]}}],"collection":[{"href":"https:\/\/everstartraffic.com\/es\/wp-json\/wp\/v2\/product"}],"about":[{"href":"https:\/\/everstartraffic.com\/es\/wp-json\/wp\/v2\/types\/product"}],"replies":[{"embeddable":true,"href":"https:\/\/everstartraffic.com\/es\/wp-json\/wp\/v2\/comments?post=9478"}],"version-history":[{"count":1,"href":"https:\/\/everstartraffic.com\/es\/wp-json\/wp\/v2\/product\/9478\/revisions"}],"predecessor-version":[{"id":9479,"href":"https:\/\/everstartraffic.com\/es\/wp-json\/wp\/v2\/product\/9478\/revisions\/9479"}],"wp:featuredmedia":[{"embeddable":true,"href":"https:\/\/everstartraffic.com\/es\/wp-json\/wp\/v2\/media\/7544"}],"wp:attachment":[{"href":"https:\/\/everstartraffic.com\/es\/wp-json\/wp\/v2\/media?parent=9478"}],"wp:term":[{"taxonomy":"product_cat","embeddable":true,"href":"https:\/\/everstartraffic.com\/es\/wp-json\/wp\/v2\/product_cat?post=9478"},{"taxonomy":"product_tag","embeddable":true,"href":"https:\/\/everstartraffic.com\/es\/wp-json\/wp\/v2\/product_tag?post=9478"}],"curies":[{"name":"wp","href":"https:\/\/api.w.org\/{rel}","templated":true}]}}