{"id":9390,"date":"2024-07-04T07:50:52","date_gmt":"2024-07-04T07:50:52","guid":{"rendered":"https:\/\/www.everstartraffic.com\/product\/torre-de-iluminacion-diesel-movil-para-mineria-con-generador-diesel\/"},"modified":"2024-09-11T03:53:02","modified_gmt":"2024-09-11T03:53:02","slug":"torre-de-iluminacion-diesel-movil-para-mineria-con-generador-diesel","status":"publish","type":"product","link":"https:\/\/everstartraffic.com\/es\/product\/torre-de-iluminacion-diesel-movil-para-mineria-con-generador-diesel\/","title":{"rendered":"Torre de iluminaci\u00f3n di\u00e9sel m\u00f3vil para miner\u00eda con generador di\u00e9sel"},"content":{"rendered":"\t\t<div data-elementor-type=\"product-post\" data-elementor-id=\"9390\" class=\"elementor elementor-9390 elementor-7806\">\n\t\t\t\t\t\t\t\t\t<section class=\"elementor-section elementor-top-section elementor-element elementor-element-ebcd538 elementor-section-boxed elementor-section-height-default elementor-section-height-default\" data-id=\"ebcd538\" data-element_type=\"section\">\n\t\t\t\t\t\t<div class=\"elementor-container elementor-column-gap-default\">\n\t\t\t\t\t<div class=\"elementor-column elementor-col-100 elementor-top-column elementor-element elementor-element-594f36a\" data-id=\"594f36a\" data-element_type=\"column\">\n\t\t\t<div class=\"elementor-widget-wrap elementor-element-populated\">\n\t\t\t\t\t\t\t\t<div class=\"elementor-element elementor-element-ae9b615 elementor-widget elementor-widget-text-editor\" data-id=\"ae9b615\" data-element_type=\"widget\" data-widget_type=\"text-editor.default\">\n\t\t\t\t<div class=\"elementor-widget-container\">\n\t\t\t<style>\/*! elementor - v3.7.0 - 08-08-2022 *\/\n.elementor-widget-text-editor.elementor-drop-cap-view-stacked .elementor-drop-cap{background-color:#818a91;color:#fff}.elementor-widget-text-editor.elementor-drop-cap-view-framed .elementor-drop-cap{color:#818a91;border:3px solid;background-color:transparent}.elementor-widget-text-editor:not(.elementor-drop-cap-view-default) .elementor-drop-cap{margin-top:8px}.elementor-widget-text-editor:not(.elementor-drop-cap-view-default) .elementor-drop-cap-letter{width:1em;height:1em}.elementor-widget-text-editor .elementor-drop-cap{float:left;text-align:center;line-height:1;font-size:50px}.elementor-widget-text-editor .elementor-drop-cap-letter{display:inline-block}<\/style>\t\t\t\t<div class=\"sr-txt-title\">\n<h2 class=\"sr-txt-h2\">Descripci\u00f3n del producto<\/h2>\n<\/div>\n<p>La torre de iluminaci\u00f3n diesel m\u00f3vil para miner\u00eda se utiliza mucho en lugares donde no hay suministro el\u00e9ctrico.<br \/>\nPor ejemplo, minas, edificios de carreteras municipales, autopistas, operaciones de campo de construcci\u00f3n y otros departamentos por la noche. <\/p>\n<p><b>Caracter\u00edsticas:<\/b><\/p>\n<ol>\n<li>Equipado con motor de marca famosa, podr\u00eda garantizar la estabilidad de la calidad y un rendimiento excelente<\/li>\n<li>Equipada con l\u00e1mpara hal\u00f3gena met\u00e1lica, de gran flujo luminoso y larga duraci\u00f3n<\/li>\n<li>Cabrestante manual autofrenante de alto rendimiento<\/li>\n<li>Barra de elevaci\u00f3n de 4 secciones, poste de luz galvanizado, antigoteo, resistente a la corrosi\u00f3n<\/li>\n<li>Cinco patas de apoyo resistentes al viento para un apoyo estable<\/li>\n<li>Panel de mandos integrado con cubierta para la lluvia<\/li>\n<li>7 metros de altura de iluminaci\u00f3n, \u00e1ngulo de irradiaci\u00f3n ajustable, larga distancia de irradiaci\u00f3n<\/li>\n<li>Dep\u00f3sito de combustible de gran capacidad, larga duraci\u00f3n<\/li>\n<\/ol>\n<p><b>Especificaciones<\/b><\/p>\n<div class=\"rich-text-table\">\n<table>\n<tbody>\n<tr>\n<td><b>Modelo<\/b><\/td>\n<td>ES-4VA400<\/td>\n<\/tr>\n<tr>\n<td>Motor<\/td>\n<td>KAMA<\/td>\n<\/tr>\n<tr>\n<td>Modelo de motor<\/td>\n<td>186F<\/td>\n<\/tr>\n<tr>\n<td>Tipo de motor<\/td>\n<td>Un cilindro, refrigerado por aire, cuatro tiempos<\/td>\n<\/tr>\n<tr>\n<td>Potencia<\/td>\n<td>6 KW<\/td>\n<\/tr>\n<tr>\n<td>Frecuencia<\/td>\n<td>60 Hz<\/td>\n<\/tr>\n<tr>\n<td>Velocidad de giro<\/td>\n<td>3600 rpm<\/td>\n<\/tr>\n<tr>\n<td>Nivel de emisi\u00f3n<\/td>\n<td>NIVEL 4<\/td>\n<\/tr>\n<tr>\n<td>Alternador<\/td>\n<td>Sin escobillas y monof\u00e1sico<\/td>\n<\/tr>\n<tr>\n<td>Aislamiento del alternador<\/td>\n<td>CLASE H<\/td>\n<\/tr>\n<tr>\n<td>Tensi\u00f3n nominal<\/td>\n<td>230V<\/td>\n<\/tr>\n<tr>\n<td>Toma de salida<\/td>\n<td>1(230V,10A)<\/td>\n<\/tr>\n<tr>\n<td>Tiempo de funcionamiento continuo<\/td>\n<td>28 horas<\/td>\n<\/tr>\n<tr>\n<td>Capacidad del dep\u00f3sito de combustible<\/td>\n<td>35L<\/td>\n<\/tr>\n<tr>\n<td>N\u00famero y potencia de las luces<\/td>\n<td>1000W*4<\/td>\n<\/tr>\n<tr>\n<td>Flujo luminoso<\/td>\n<td>440000lx<\/td>\n<\/tr>\n<tr>\n<td>Distancia de irradiaci\u00f3n<\/td>\n<td>100m<\/td>\n<\/tr>\n<tr>\n<td>Faro<\/td>\n<td>Proyector de halogenuros met\u00e1licos<\/td>\n<\/tr>\n<tr>\n<td>Patas estabilizadoras<\/td>\n<td>Ajuste manual<\/td>\n<\/tr>\n<tr>\n<td>Poste de luz telesc\u00f3pico<\/td>\n<td>Elevaci\u00f3n vertical<\/td>\n<\/tr>\n<tr>\n<td>M\u00e9todo de elevaci\u00f3n<\/td>\n<td>Elevaci\u00f3n manual<\/td>\n<\/tr>\n<tr>\n<td>Funcionamiento del m\u00e1stil de elevaci\u00f3n<\/td>\n<td>Barra de elevaci\u00f3n de 4 secciones<\/td>\n<\/tr>\n<tr>\n<td>Pendiente<\/td>\n<td>&lt;10<\/td>\n<\/tr>\n<tr>\n<td>Nivel de resistencia al viento<\/td>\n<td>&lt;8<\/td>\n<\/tr>\n<tr>\n<td>Suspensi\u00f3n y freno<\/td>\n<td>Eje de goma hexagonal sin freno<\/td>\n<\/tr>\n<tr>\n<td>Tama\u00f1o<\/td>\n<td>2180*1130*2700 mm<\/td>\n<\/tr>\n<tr>\n<td>Altura del m\u00e1stil<\/td>\n<td>7m<\/td>\n<\/tr>\n<tr>\n<td>Tama\u00f1o de neum\u00e1ticos y llantas<\/td>\n<td>13\u00bb<\/td>\n<\/tr>\n<tr>\n<td>Peso<\/td>\n<td>550 kg<\/td>\n<\/tr>\n<\/tbody>\n<\/table>\n<\/div>\n\t\t\t\t\t\t<\/div>\n\t\t\t\t<\/div>\n\t\t\t\t\t<\/div>\n\t\t<\/div>\n\t\t\t\t\t\t\t<\/div>\n\t\t<\/section>\n\t\t\t\t<section class=\"elementor-section elementor-top-section elementor-element elementor-element-9557046 elementor-section-boxed elementor-section-height-default elementor-section-height-default\" data-id=\"9557046\" data-element_type=\"section\">\n\t\t\t\t\t\t<div class=\"elementor-container elementor-column-gap-default\">\n\t\t\t\t\t<div class=\"elementor-column elementor-col-100 elementor-top-column elementor-element elementor-element-205fa37\" data-id=\"205fa37\" data-element_type=\"column\">\n\t\t\t<div class=\"elementor-widget-wrap elementor-element-populated\">\n\t\t\t\t\t\t\t\t<div class=\"elementor-element elementor-element-3e19173 elementor-widget elementor-widget-heading\" data-id=\"3e19173\" data-element_type=\"widget\" data-widget_type=\"heading.default\">\n\t\t\t\t<div class=\"elementor-widget-container\">\n\t\t\t<style>\/*! elementor - v3.7.0 - 08-08-2022 *\/\n.elementor-heading-title{padding:0;margin:0;line-height:1}.elementor-widget-heading .elementor-heading-title[class*=elementor-size-]>a{color:inherit;font-size:inherit;line-height:inherit}.elementor-widget-heading .elementor-heading-title.elementor-size-small{font-size:15px}.elementor-widget-heading .elementor-heading-title.elementor-size-medium{font-size:19px}.elementor-widget-heading .elementor-heading-title.elementor-size-large{font-size:29px}.elementor-widget-heading .elementor-heading-title.elementor-size-xl{font-size:39px}.elementor-widget-heading .elementor-heading-title.elementor-size-xxl{font-size:59px}<\/style><h1 class=\"elementor-heading-title elementor-size-default\">Fotos detalladas<\/h1>\t\t<\/div>\n\t\t\t\t<\/div>\n\t\t\t\t\t<\/div>\n\t\t<\/div>\n\t\t\t\t\t\t\t<\/div>\n\t\t<\/section>\n\t\t\t\t<section class=\"elementor-section elementor-top-section elementor-element elementor-element-688e6bc elementor-section-boxed elementor-section-height-default elementor-section-height-default\" data-id=\"688e6bc\" data-element_type=\"section\">\n\t\t\t\t\t\t<div class=\"elementor-container elementor-column-gap-default\">\n\t\t\t\t\t<div class=\"elementor-column elementor-col-100 elementor-top-column elementor-element elementor-element-f272be7\" data-id=\"f272be7\" data-element_type=\"column\">\n\t\t\t<div class=\"elementor-widget-wrap elementor-element-populated\">\n\t\t\t\t\t\t\t\t<div class=\"elementor-element elementor-element-c2f8da6 elementor-widget elementor-widget-image\" data-id=\"c2f8da6\" data-element_type=\"widget\" data-widget_type=\"image.default\">\n\t\t\t\t<div class=\"elementor-widget-container\">\n\t\t\t<style>\/*! elementor - v3.7.0 - 08-08-2022 *\/\n.elementor-widget-image{text-align:center}.elementor-widget-image a{display:inline-block}.elementor-widget-image a img[src$=\".svg\"]{width:48px}.elementor-widget-image img{vertical-align:middle;display:inline-block}<\/style>\t\t\t\t\t\t\t\t\t\t\t\t<img loading=\"lazy\" decoding=\"async\" width=\"1024\" height=\"1024\" src=\"https:\/\/everstartraffic.com\/wp-content\/uploads\/2024\/07\/IMG_20200918_151257-1024x1024.jpg\" class=\"attachment-large size-large\" alt=\"\" srcset=\"https:\/\/everstartraffic.com\/wp-content\/uploads\/2024\/07\/IMG_20200918_151257-1024x1024.jpg 1024w, https:\/\/everstartraffic.com\/wp-content\/uploads\/2024\/07\/IMG_20200918_151257-300x300.jpg 300w, https:\/\/everstartraffic.com\/wp-content\/uploads\/2024\/07\/IMG_20200918_151257-100x100.jpg 100w, https:\/\/everstartraffic.com\/wp-content\/uploads\/2024\/07\/IMG_20200918_151257-600x600.jpg 600w, https:\/\/everstartraffic.com\/wp-content\/uploads\/2024\/07\/IMG_20200918_151257-150x150.jpg 150w, https:\/\/everstartraffic.com\/wp-content\/uploads\/2024\/07\/IMG_20200918_151257-768x768.jpg 768w, https:\/\/everstartraffic.com\/wp-content\/uploads\/2024\/07\/IMG_20200918_151257-1320x1320.jpg 1320w, https:\/\/everstartraffic.com\/wp-content\/uploads\/2024\/07\/IMG_20200918_151257.jpg 1500w\" sizes=\"auto, (max-width: 1024px) 100vw, 1024px\" \/>\t\t\t\t\t\t\t\t\t\t\t\t\t\t\t<\/div>\n\t\t\t\t<\/div>\n\t\t\t\t\t<\/div>\n\t\t<\/div>\n\t\t\t\t\t\t\t<\/div>\n\t\t<\/section>\n\t\t\t\t<section class=\"elementor-section elementor-top-section elementor-element elementor-element-e3fd28c elementor-section-boxed elementor-section-height-default elementor-section-height-default\" data-id=\"e3fd28c\" data-element_type=\"section\">\n\t\t\t\t\t\t<div class=\"elementor-container elementor-column-gap-default\">\n\t\t\t\t\t<div class=\"elementor-column elementor-col-100 elementor-top-column elementor-element elementor-element-ccaa3c3\" data-id=\"ccaa3c3\" data-element_type=\"column\">\n\t\t\t<div class=\"elementor-widget-wrap elementor-element-populated\">\n\t\t\t\t\t\t\t\t<div class=\"elementor-element elementor-element-2849a74 elementor-widget elementor-widget-image\" data-id=\"2849a74\" data-element_type=\"widget\" data-widget_type=\"image.default\">\n\t\t\t\t<div class=\"elementor-widget-container\">\n\t\t\t\t\t\t\t\t\t\t\t\t\t\t\t<img loading=\"lazy\" decoding=\"async\" width=\"1024\" height=\"1024\" src=\"https:\/\/everstartraffic.com\/wp-content\/uploads\/2024\/07\/IMG_20200918_151608-1024x1024.jpg\" class=\"attachment-large size-large\" alt=\"\" srcset=\"https:\/\/everstartraffic.com\/wp-content\/uploads\/2024\/07\/IMG_20200918_151608-1024x1024.jpg 1024w, https:\/\/everstartraffic.com\/wp-content\/uploads\/2024\/07\/IMG_20200918_151608-300x300.jpg 300w, https:\/\/everstartraffic.com\/wp-content\/uploads\/2024\/07\/IMG_20200918_151608-100x100.jpg 100w, https:\/\/everstartraffic.com\/wp-content\/uploads\/2024\/07\/IMG_20200918_151608-600x600.jpg 600w, https:\/\/everstartraffic.com\/wp-content\/uploads\/2024\/07\/IMG_20200918_151608-150x150.jpg 150w, https:\/\/everstartraffic.com\/wp-content\/uploads\/2024\/07\/IMG_20200918_151608-768x768.jpg 768w, https:\/\/everstartraffic.com\/wp-content\/uploads\/2024\/07\/IMG_20200918_151608-1320x1320.jpg 1320w, https:\/\/everstartraffic.com\/wp-content\/uploads\/2024\/07\/IMG_20200918_151608.jpg 1500w\" sizes=\"auto, (max-width: 1024px) 100vw, 1024px\" \/>\t\t\t\t\t\t\t\t\t\t\t\t\t\t\t<\/div>\n\t\t\t\t<\/div>\n\t\t\t\t\t<\/div>\n\t\t<\/div>\n\t\t\t\t\t\t\t<\/div>\n\t\t<\/section>\n\t\t\t\t<section class=\"elementor-section elementor-top-section elementor-element elementor-element-937774b elementor-section-boxed elementor-section-height-default elementor-section-height-default\" data-id=\"937774b\" data-element_type=\"section\">\n\t\t\t\t\t\t<div class=\"elementor-container elementor-column-gap-default\">\n\t\t\t\t\t<div class=\"elementor-column elementor-col-100 elementor-top-column elementor-element elementor-element-0909f53\" data-id=\"0909f53\" data-element_type=\"column\">\n\t\t\t<div class=\"elementor-widget-wrap elementor-element-populated\">\n\t\t\t\t\t\t\t\t<div class=\"elementor-element elementor-element-6ed42b8 elementor-widget elementor-widget-image\" data-id=\"6ed42b8\" data-element_type=\"widget\" data-widget_type=\"image.default\">\n\t\t\t\t<div class=\"elementor-widget-container\">\n\t\t\t\t\t\t\t\t\t\t\t\t\t\t\t<img loading=\"lazy\" decoding=\"async\" width=\"1024\" height=\"1024\" src=\"https:\/\/everstartraffic.com\/wp-content\/uploads\/2024\/07\/IMG_20200918_151957-1024x1024.jpg\" class=\"attachment-large size-large\" alt=\"\" srcset=\"https:\/\/everstartraffic.com\/wp-content\/uploads\/2024\/07\/IMG_20200918_151957-1024x1024.jpg 1024w, https:\/\/everstartraffic.com\/wp-content\/uploads\/2024\/07\/IMG_20200918_151957-300x300.jpg 300w, https:\/\/everstartraffic.com\/wp-content\/uploads\/2024\/07\/IMG_20200918_151957-100x100.jpg 100w, https:\/\/everstartraffic.com\/wp-content\/uploads\/2024\/07\/IMG_20200918_151957-600x600.jpg 600w, https:\/\/everstartraffic.com\/wp-content\/uploads\/2024\/07\/IMG_20200918_151957-150x150.jpg 150w, https:\/\/everstartraffic.com\/wp-content\/uploads\/2024\/07\/IMG_20200918_151957-768x768.jpg 768w, https:\/\/everstartraffic.com\/wp-content\/uploads\/2024\/07\/IMG_20200918_151957-1320x1320.jpg 1320w, https:\/\/everstartraffic.com\/wp-content\/uploads\/2024\/07\/IMG_20200918_151957.jpg 1500w\" sizes=\"auto, (max-width: 1024px) 100vw, 1024px\" \/>\t\t\t\t\t\t\t\t\t\t\t\t\t\t\t<\/div>\n\t\t\t\t<\/div>\n\t\t\t\t\t<\/div>\n\t\t<\/div>\n\t\t\t\t\t\t\t<\/div>\n\t\t<\/section>\n\t\t\t\t<section class=\"elementor-section elementor-top-section elementor-element elementor-element-04edbf9 elementor-section-boxed elementor-section-height-default elementor-section-height-default\" data-id=\"04edbf9\" data-element_type=\"section\">\n\t\t\t\t\t\t<div class=\"elementor-container elementor-column-gap-default\">\n\t\t\t\t\t<div class=\"elementor-column elementor-col-100 elementor-top-column elementor-element elementor-element-efb60ed\" data-id=\"efb60ed\" data-element_type=\"column\">\n\t\t\t<div class=\"elementor-widget-wrap elementor-element-populated\">\n\t\t\t\t\t\t\t\t<div class=\"elementor-element elementor-element-cec722b elementor-widget elementor-widget-image\" data-id=\"cec722b\" data-element_type=\"widget\" data-widget_type=\"image.default\">\n\t\t\t\t<div class=\"elementor-widget-container\">\n\t\t\t\t\t\t\t\t\t\t\t\t\t\t\t<img loading=\"lazy\" decoding=\"async\" width=\"1024\" height=\"1024\" src=\"https:\/\/everstartraffic.com\/wp-content\/uploads\/2024\/07\/IMG_20200918_152512-1024x1024.jpg\" class=\"attachment-large size-large\" alt=\"\" srcset=\"https:\/\/everstartraffic.com\/wp-content\/uploads\/2024\/07\/IMG_20200918_152512-1024x1024.jpg 1024w, https:\/\/everstartraffic.com\/wp-content\/uploads\/2024\/07\/IMG_20200918_152512-300x300.jpg 300w, https:\/\/everstartraffic.com\/wp-content\/uploads\/2024\/07\/IMG_20200918_152512-100x100.jpg 100w, https:\/\/everstartraffic.com\/wp-content\/uploads\/2024\/07\/IMG_20200918_152512-600x600.jpg 600w, https:\/\/everstartraffic.com\/wp-content\/uploads\/2024\/07\/IMG_20200918_152512-150x150.jpg 150w, https:\/\/everstartraffic.com\/wp-content\/uploads\/2024\/07\/IMG_20200918_152512-768x768.jpg 768w, https:\/\/everstartraffic.com\/wp-content\/uploads\/2024\/07\/IMG_20200918_152512-1320x1320.jpg 1320w, https:\/\/everstartraffic.com\/wp-content\/uploads\/2024\/07\/IMG_20200918_152512.jpg 1500w\" sizes=\"auto, (max-width: 1024px) 100vw, 1024px\" \/>\t\t\t\t\t\t\t\t\t\t\t\t\t\t\t<\/div>\n\t\t\t\t<\/div>\n\t\t\t\t\t<\/div>\n\t\t<\/div>\n\t\t\t\t\t\t\t<\/div>\n\t\t<\/section>\n\t\t\t\t<section class=\"elementor-section elementor-top-section elementor-element elementor-element-fc57c8e elementor-section-boxed elementor-section-height-default elementor-section-height-default\" data-id=\"fc57c8e\" data-element_type=\"section\">\n\t\t\t\t\t\t<div class=\"elementor-container elementor-column-gap-default\">\n\t\t\t\t\t<div class=\"elementor-column elementor-col-100 elementor-top-column elementor-element elementor-element-a12762c\" data-id=\"a12762c\" data-element_type=\"column\">\n\t\t\t<div class=\"elementor-widget-wrap elementor-element-populated\">\n\t\t\t\t\t\t\t\t<div class=\"elementor-element elementor-element-d92e029 elementor-widget elementor-widget-image\" data-id=\"d92e029\" data-element_type=\"widget\" data-widget_type=\"image.default\">\n\t\t\t\t<div class=\"elementor-widget-container\">\n\t\t\t\t\t\t\t\t\t\t\t\t\t\t\t<img loading=\"lazy\" decoding=\"async\" width=\"1024\" height=\"1024\" src=\"https:\/\/everstartraffic.com\/wp-content\/uploads\/2024\/07\/IMG_20200918_152605-1024x1024.jpg\" class=\"attachment-large size-large\" alt=\"\" srcset=\"https:\/\/everstartraffic.com\/wp-content\/uploads\/2024\/07\/IMG_20200918_152605-1024x1024.jpg 1024w, https:\/\/everstartraffic.com\/wp-content\/uploads\/2024\/07\/IMG_20200918_152605-300x300.jpg 300w, https:\/\/everstartraffic.com\/wp-content\/uploads\/2024\/07\/IMG_20200918_152605-100x100.jpg 100w, https:\/\/everstartraffic.com\/wp-content\/uploads\/2024\/07\/IMG_20200918_152605-600x600.jpg 600w, https:\/\/everstartraffic.com\/wp-content\/uploads\/2024\/07\/IMG_20200918_152605-150x150.jpg 150w, https:\/\/everstartraffic.com\/wp-content\/uploads\/2024\/07\/IMG_20200918_152605-768x768.jpg 768w, https:\/\/everstartraffic.com\/wp-content\/uploads\/2024\/07\/IMG_20200918_152605-1320x1320.jpg 1320w, https:\/\/everstartraffic.com\/wp-content\/uploads\/2024\/07\/IMG_20200918_152605.jpg 1500w\" sizes=\"auto, (max-width: 1024px) 100vw, 1024px\" \/>\t\t\t\t\t\t\t\t\t\t\t\t\t\t\t<\/div>\n\t\t\t\t<\/div>\n\t\t\t\t\t<\/div>\n\t\t<\/div>\n\t\t\t\t\t\t\t<\/div>\n\t\t<\/section>\n\t\t\t\t\t\t\t<\/div>\n\t\t","protected":false},"excerpt":{"rendered":"<p>La torre de iluminaci\u00f3n diesel m\u00f3vil para miner\u00eda se utiliza mucho en lugares donde no hay suministro el\u00e9ctrico.<br \/>\nPor ejemplo, minas, edificios de carreteras municipales, autopistas, operaciones de campo de construcci\u00f3n y otros departamentos por la noche. <\/p>\n","protected":false},"featured_media":7807,"comment_status":"open","ping_status":"closed","template":"","meta":{"_monsterinsights_skip_tracking":false,"_monsterinsights_sitenote_active":false,"_monsterinsights_sitenote_note":"","_monsterinsights_sitenote_category":0,"spay_email":"","jetpack_publicize_message":"","jetpack_is_tweetstorm":false,"jetpack_publicize_feature_enabled":true},"product_cat":[315,294,329],"product_tag":[],"class_list":["post-9390","product","type-product","status-publish","has-post-thumbnail","hentry","product_cat-producto","product_cat-sin-categorizar","product_cat-torre-de-luz-portatil"],"aioseo_notices":[],"_links":{"self":[{"href":"https:\/\/everstartraffic.com\/es\/wp-json\/wp\/v2\/product\/9390","targetHints":{"allow":["GET"]}}],"collection":[{"href":"https:\/\/everstartraffic.com\/es\/wp-json\/wp\/v2\/product"}],"about":[{"href":"https:\/\/everstartraffic.com\/es\/wp-json\/wp\/v2\/types\/product"}],"replies":[{"embeddable":true,"href":"https:\/\/everstartraffic.com\/es\/wp-json\/wp\/v2\/comments?post=9390"}],"version-history":[{"count":1,"href":"https:\/\/everstartraffic.com\/es\/wp-json\/wp\/v2\/product\/9390\/revisions"}],"predecessor-version":[{"id":9391,"href":"https:\/\/everstartraffic.com\/es\/wp-json\/wp\/v2\/product\/9390\/revisions\/9391"}],"wp:featuredmedia":[{"embeddable":true,"href":"https:\/\/everstartraffic.com\/es\/wp-json\/wp\/v2\/media\/7807"}],"wp:attachment":[{"href":"https:\/\/everstartraffic.com\/es\/wp-json\/wp\/v2\/media?parent=9390"}],"wp:term":[{"taxonomy":"product_cat","embeddable":true,"href":"https:\/\/everstartraffic.com\/es\/wp-json\/wp\/v2\/product_cat?post=9390"},{"taxonomy":"product_tag","embeddable":true,"href":"https:\/\/everstartraffic.com\/es\/wp-json\/wp\/v2\/product_tag?post=9390"}],"curies":[{"name":"wp","href":"https:\/\/api.w.org\/{rel}","templated":true}]}}