{"id":12389,"date":"2025-06-10T09:30:07","date_gmt":"2025-06-10T09:30:07","guid":{"rendered":"https:\/\/everstartraffic.com\/product\/torre-de-luz-portatil-de-7-m-con-lampara-led-montada-en-remolque\/"},"modified":"2025-12-12T09:44:34","modified_gmt":"2025-12-12T09:44:34","slug":"torre-de-luz-portatil-de-7-m-con-lampara-led-montada-en-remolque","status":"publish","type":"product","link":"https:\/\/everstartraffic.com\/es\/product\/torre-de-luz-portatil-de-7-m-con-lampara-led-montada-en-remolque\/","title":{"rendered":"Torre de luz port\u00e1til de 7 m con l\u00e1mpara LED montada en remolque"},"content":{"rendered":"\t\t<div data-elementor-type=\"product-post\" data-elementor-id=\"12389\" class=\"elementor elementor-12389 elementor-11687\">\n\t\t\t\t\t\t\t\t\t<section class=\"elementor-section elementor-top-section elementor-element elementor-element-beeb3d6 elementor-section-boxed elementor-section-height-default elementor-section-height-default\" data-id=\"beeb3d6\" data-element_type=\"section\">\n\t\t\t\t\t\t<div class=\"elementor-container elementor-column-gap-default\">\n\t\t\t\t\t<div class=\"elementor-column elementor-col-100 elementor-top-column elementor-element elementor-element-11f2f0d\" data-id=\"11f2f0d\" data-element_type=\"column\">\n\t\t\t<div class=\"elementor-widget-wrap elementor-element-populated\">\n\t\t\t\t\t\t\t\t<div class=\"elementor-element elementor-element-7ea3776 elementor-widget elementor-widget-heading\" data-id=\"7ea3776\" data-element_type=\"widget\" data-widget_type=\"heading.default\">\n\t\t\t\t<div class=\"elementor-widget-container\">\n\t\t\t<style>\/*! elementor - v3.7.0 - 08-08-2022 *\/\n.elementor-heading-title{padding:0;margin:0;line-height:1}.elementor-widget-heading .elementor-heading-title[class*=elementor-size-]>a{color:inherit;font-size:inherit;line-height:inherit}.elementor-widget-heading .elementor-heading-title.elementor-size-small{font-size:15px}.elementor-widget-heading .elementor-heading-title.elementor-size-medium{font-size:19px}.elementor-widget-heading .elementor-heading-title.elementor-size-large{font-size:29px}.elementor-widget-heading .elementor-heading-title.elementor-size-xl{font-size:39px}.elementor-widget-heading .elementor-heading-title.elementor-size-xxl{font-size:59px}<\/style><h2 class=\"elementor-heading-title elementor-size-default\">7M OUTDOOR USE TRAILER MOUNTED LIGHTING TOWER<\/h2>\t\t<\/div>\n\t\t\t\t<\/div>\n\t\t\t\t<div class=\"elementor-element elementor-element-cd592ad elementor-widget elementor-widget-text-editor\" data-id=\"cd592ad\" data-element_type=\"widget\" data-widget_type=\"text-editor.default\">\n\t\t\t\t<div class=\"elementor-widget-container\">\n\t\t\t<style>\/*! elementor - v3.7.0 - 08-08-2022 *\/\n.elementor-widget-text-editor.elementor-drop-cap-view-stacked .elementor-drop-cap{background-color:#818a91;color:#fff}.elementor-widget-text-editor.elementor-drop-cap-view-framed .elementor-drop-cap{color:#818a91;border:3px solid;background-color:transparent}.elementor-widget-text-editor:not(.elementor-drop-cap-view-default) .elementor-drop-cap{margin-top:8px}.elementor-widget-text-editor:not(.elementor-drop-cap-view-default) .elementor-drop-cap-letter{width:1em;height:1em}.elementor-widget-text-editor .elementor-drop-cap{float:left;text-align:center;line-height:1;font-size:50px}.elementor-widget-text-editor .elementor-drop-cap-letter{display:inline-block}<\/style>\t\t\t\t<p>Una torre de iluminaci\u00f3n port\u00e1til es una unidad de iluminaci\u00f3n aut\u00f3noma, f\u00e1cil de transportar y usar en diversos lugares, que ofrece una iluminaci\u00f3n brillante para obras, eventos y otras actividades al aire libre. Estas torres suelen incluir un generador, una l\u00e1mpara de alta intensidad y un m\u00e1stil telesc\u00f3pico para elevar la luz a la altura deseada. <\/p>\t\t\t\t\t\t<\/div>\n\t\t\t\t<\/div>\n\t\t\t\t<div class=\"elementor-element elementor-element-fa037bc elementor-widget elementor-widget-heading\" data-id=\"fa037bc\" data-element_type=\"widget\" data-widget_type=\"heading.default\">\n\t\t\t\t<div class=\"elementor-widget-container\">\n\t\t\t<h2 class=\"elementor-heading-title elementor-size-default\">Especificaciones t\u00e9cnicas<\/h2>\t\t<\/div>\n\t\t\t\t<\/div>\n\t\t\t\t<div class=\"elementor-element elementor-element-e1551ce elementor-widget elementor-widget-text-editor\" data-id=\"e1551ce\" data-element_type=\"widget\" data-widget_type=\"text-editor.default\">\n\t\t\t\t<div class=\"elementor-widget-container\">\n\t\t\t\t\t\t\t<table width=\"553\"><tbody><tr><td><p>Modelo<\/p><\/td><td> <\/td><td colspan=\"2\" width=\"279\"><p>ES-4EVA4000<\/p><\/td><td colspan=\"2\" width=\"176\"><p>ES-4VA4000<\/p><\/td><\/tr><tr><td><p>Marca del motor<\/p><\/td><td> <\/td><td colspan=\"2\" width=\"279\"><p>Changchai<\/p><\/td><td colspan=\"2\" width=\"176\"><p>Changchai<\/p><\/td><\/tr><tr><td><p>Modelo de motor<\/p><\/td><td> <\/td><td colspan=\"2\" width=\"279\"><p>186F<\/p><\/td><td colspan=\"2\" width=\"176\"><p>186F<\/p><\/td><\/tr><tr><td><p>Tipo de motor<\/p><\/td><td> <\/td><td colspan=\"2\" width=\"279\"><p>Refrigeraci\u00f3n por aire de un solo cilindro<\/p><\/td><td colspan=\"2\" width=\"176\"><p>Refrigeraci\u00f3n por aire de un solo cilindro<\/p><\/td><\/tr><tr><td><p>Fuerza<\/p><\/td><td><p>kw<\/p><\/td><td colspan=\"2\" width=\"279\"><p>6<\/p><\/td><td colspan=\"2\" width=\"176\"><p>6<\/p><\/td><\/tr><tr><td><p>Frecuencia<\/p><\/td><td><p>hz<\/p><\/td><td colspan=\"2\" width=\"279\"><p>50\/60<\/p><\/td><td colspan=\"2\" width=\"176\"><p>50\/60<\/p><\/td><\/tr><tr><td><p>Velocidad de rotaci\u00f3n<\/p><\/td><td><p>rpm<\/p><\/td><td colspan=\"2\" width=\"279\"><p>3000\/3600<\/p><\/td><td colspan=\"2\" width=\"176\"><p>3000\/3600<\/p><\/td><\/tr><tr><td><p>Nivel de emisi\u00f3n<\/p><\/td><td> <\/td><td colspan=\"2\" width=\"279\"><p>TIER 4<\/p><\/td><td colspan=\"2\" width=\"176\"><p>TIER 4<\/p><\/td><\/tr><tr><td><p>Alternator<\/p><\/td><td> <\/td><td colspan=\"2\" width=\"279\"><p>Sin escobillas y monof\u00e1sico<\/p><\/td><td colspan=\"2\" width=\"176\"><p>Sin escobillas y monof\u00e1sico<\/p><\/td><\/tr><tr><td><p>Aislamiento del generador<\/p><\/td><td> <\/td><td colspan=\"2\" width=\"279\"><p>H CLASS<\/p><\/td><td colspan=\"2\" width=\"176\"><p>H CLASS<\/p><\/td><\/tr><tr><td><p>Tensi\u00f3n nominal<\/p><\/td><td><p>V<\/p><\/td><td colspan=\"2\" width=\"279\"><p>230 \/240-120 VAC<\/p><\/td><td colspan=\"2\" width=\"176\"><p>230 \/240-120 VAC<\/p><\/td><\/tr><tr><td><p>Output jack<\/p><\/td><td> <\/td><td colspan=\"2\" width=\"279\"><p>1(230V,10A)<\/p><\/td><td colspan=\"2\" width=\"176\"><p>1(230V,10A)<\/p><\/td><\/tr><tr><td><p>Tiempo de trabajo continuo<\/p><\/td><td><p>h<\/p><\/td><td colspan=\"2\" width=\"279\"><p>25<\/p><\/td><td colspan=\"2\" width=\"176\"><p>25<\/p><\/td><\/tr><tr><td><p>Capacidad del tanque de combustible<\/p><\/td><td><p>L<\/p><\/td><td colspan=\"2\" width=\"279\"><p>38<\/p><\/td><td width=\"88\"><p>38<\/p><\/td><td width=\"88\"><p> <\/p><\/td><\/tr><tr><td><p>Faros delanteros<\/p><\/td><td> <\/td><td width=\"184\"><p>Haluro met\u00e1lico<\/p><\/td><td width=\"95\"><p>L\u00e1mpara LED<\/p><\/td><td width=\"88\"><p>Haluro met\u00e1lico<\/p><\/td><td width=\"88\"><p>L\u00e1mpara LED<\/p><\/td><\/tr><tr><td><p>Potencia de las l\u00e1mparas x cantidad<\/p><\/td><td><p>W<\/p><\/td><td width=\"184\"><p>1000&#215;4<\/p><\/td><td width=\"95\"><p>400*4<\/p><\/td><td width=\"88\"><p>1000&#215;4<\/p><\/td><td width=\"88\"><p>400*4<\/p><\/td><\/tr><tr><td><p>Flujo luminoso<\/p><\/td><td><p>lm<\/p><\/td><td width=\"184\"><p>440000<\/p><\/td><td width=\"95\"><p>224000<\/p><\/td><td width=\"88\"><p>440000<\/p><\/td><td width=\"88\"><p>224000<\/p><\/td><\/tr><tr><td><p>Distancia de irradiaci\u00f3n<\/p><\/td><td><p>M<\/p><\/td><td colspan=\"2\" width=\"279\"><p>100<\/p><\/td><td colspan=\"2\" width=\"176\"><p>100<\/p><\/td><\/tr><tr><td><p>Estabilizar la pierna<\/p><\/td><td> <\/td><td colspan=\"2\" width=\"279\"><p>Ajuste manual<\/p><\/td><td colspan=\"2\" width=\"176\"><p>Ajuste manual<\/p><\/td><\/tr><tr><td><p>Poste de luz telesc\u00f3pico<\/p><\/td><td> <\/td><td colspan=\"2\" width=\"279\"><p>Elevaci\u00f3n vertical<\/p><\/td><td colspan=\"2\" width=\"176\"><p>\/<\/p><\/td><\/tr><tr><td><p>M\u00e9todo de elevaci\u00f3n<\/p><\/td><td> <\/td><td colspan=\"2\" width=\"279\"><p>Elevaci\u00f3n el\u00e9ctrica<\/p><\/td><td colspan=\"2\" width=\"176\"><p>Elevaci\u00f3n manual<\/p><\/td><\/tr><tr><td><p>Operaci\u00f3n del soporte de iluminaci\u00f3n<\/p><\/td><td> <\/td><td colspan=\"2\" width=\"279\"><p>Barra de elevaci\u00f3n de cinco secciones<\/p><\/td><td colspan=\"2\" width=\"176\"><p>Barra de elevaci\u00f3n de cinco secciones<\/p><\/td><\/tr><tr><td><p>Sound pressure<\/p><\/td><td> <\/td><td colspan=\"2\" width=\"279\"><p>78dB(A)a 7 metros de distancia<\/p><\/td><td colspan=\"2\" width=\"176\"><p>78dB(A)a 7 metros de distancia<\/p><\/td><\/tr><tr><td><p>Resistencia al viento<\/p><\/td><td><p>nivel<\/p><\/td><td colspan=\"2\" width=\"279\"><p>&lt;8<\/p><\/td><td colspan=\"2\" width=\"176\"><p>&lt;8<\/p><\/td><\/tr><tr><td><p>Suspensi\u00f3n y frenos<\/p><\/td><td> <\/td><td colspan=\"2\" width=\"279\"><p>Hexagonal rubber shaft without brake<\/p><\/td><td colspan=\"2\" width=\"176\"><p>Hexagonal rubber shaft without brake<\/p><\/td><\/tr><tr><td><p>Length<\/p><\/td><td><p>mm<\/p><\/td><td colspan=\"2\" width=\"279\"><p>2180(1160 Desmontaje de la barra de remolque)<\/p><\/td><td colspan=\"2\" width=\"176\"><p>2180(1160 Desmontaje de la barra de remolque)<\/p><\/td><\/tr><tr><td><p>Ancho<\/p><\/td><td><p>mm<\/p><\/td><td colspan=\"2\" width=\"279\"><p>1130<\/p><\/td><td colspan=\"2\" width=\"176\"><p>1130<\/p><\/td><\/tr><tr><td><p>Height<\/p><\/td><td><p>mm<\/p><\/td><td colspan=\"2\" width=\"279\"><p>2700(2300 Separar un par de luces de techo)<\/p><\/td><td colspan=\"2\" width=\"176\"><p>2700(2300 Separar un par de luces de techo)<\/p><\/td><\/tr><tr><td><p>Altura de elevaci\u00f3n<\/p><\/td><td><p>m<\/p><\/td><td colspan=\"2\" width=\"279\"><p>7<\/p><\/td><td colspan=\"2\" width=\"176\"><p>7<\/p><\/td><\/tr><tr><td><p>Tama\u00f1o de neum\u00e1ticos y llantas<\/p><\/td><td><p>\u00ab<\/p><\/td><td colspan=\"2\" width=\"279\"><p>13<\/p><\/td><td colspan=\"2\" width=\"176\"><p>13<\/p><\/td><\/tr><tr><td><p>Peso<\/p><\/td><td><p>kg<\/p><\/td><td colspan=\"2\" width=\"279\"><p>550<\/p><\/td><td colspan=\"2\" width=\"176\"><p>550<\/p><\/td><\/tr><\/tbody><\/table>\t\t\t\t\t\t<\/div>\n\t\t\t\t<\/div>\n\t\t\t\t<div class=\"elementor-element elementor-element-0ffcd84 elementor-widget elementor-widget-heading\" data-id=\"0ffcd84\" data-element_type=\"widget\" data-widget_type=\"heading.default\">\n\t\t\t\t<div class=\"elementor-widget-container\">\n\t\t\t<h2 class=\"elementor-heading-title elementor-size-default\">Exhibici\u00f3n del producto<\/h2>\t\t<\/div>\n\t\t\t\t<\/div>\n\t\t\t\t\t<\/div>\n\t\t<\/div>\n\t\t\t\t\t\t\t<\/div>\n\t\t<\/section>\n\t\t\t\t<section class=\"elementor-section elementor-top-section elementor-element elementor-element-cc375b9 elementor-section-boxed elementor-section-height-default elementor-section-height-default\" data-id=\"cc375b9\" data-element_type=\"section\">\n\t\t\t\t\t\t<div class=\"elementor-container elementor-column-gap-default\">\n\t\t\t\t\t<div class=\"elementor-column elementor-col-100 elementor-top-column elementor-element elementor-element-977042a\" data-id=\"977042a\" data-element_type=\"column\">\n\t\t\t<div class=\"elementor-widget-wrap elementor-element-populated\">\n\t\t\t\t\t\t\t\t<div class=\"elementor-element elementor-element-6fd8094 elementor-widget elementor-widget-image\" data-id=\"6fd8094\" data-element_type=\"widget\" data-widget_type=\"image.default\">\n\t\t\t\t<div class=\"elementor-widget-container\">\n\t\t\t<style>\/*! elementor - v3.7.0 - 08-08-2022 *\/\n.elementor-widget-image{text-align:center}.elementor-widget-image a{display:inline-block}.elementor-widget-image a img[src$=\".svg\"]{width:48px}.elementor-widget-image img{vertical-align:middle;display:inline-block}<\/style>\t\t\t\t\t\t\t\t\t\t\t\t<img loading=\"lazy\" decoding=\"async\" width=\"750\" height=\"870\" src=\"https:\/\/everstartraffic.com\/wp-content\/uploads\/2025\/06\/7m-lighting-tower-structure1.jpg\" class=\"attachment-large size-large\" alt=\"7m lighting tower structure1\" srcset=\"https:\/\/everstartraffic.com\/wp-content\/uploads\/2025\/06\/7m-lighting-tower-structure1.jpg 750w, https:\/\/everstartraffic.com\/wp-content\/uploads\/2025\/06\/7m-lighting-tower-structure1-259x300.jpg 259w, https:\/\/everstartraffic.com\/wp-content\/uploads\/2025\/06\/7m-lighting-tower-structure1-600x696.jpg 600w\" sizes=\"auto, (max-width: 750px) 100vw, 750px\" \/>\t\t\t\t\t\t\t\t\t\t\t\t\t\t\t<\/div>\n\t\t\t\t<\/div>\n\t\t\t\t<div class=\"elementor-element elementor-element-674f7fc elementor-widget elementor-widget-heading\" data-id=\"674f7fc\" data-element_type=\"widget\" data-widget_type=\"heading.default\">\n\t\t\t\t<div class=\"elementor-widget-container\">\n\t\t\t<h2 class=\"elementor-heading-title elementor-size-default\">CARACTER\u00cdSTICAS<\/h2>\t\t<\/div>\n\t\t\t\t<\/div>\n\t\t\t\t<div class=\"elementor-element elementor-element-10f0928 elementor-widget elementor-widget-text-editor\" data-id=\"10f0928\" data-element_type=\"widget\" data-widget_type=\"text-editor.default\">\n\t\t\t\t<div class=\"elementor-widget-container\">\n\t\t\t\t\t\t\t<div data-spm-anchor-id=\"a2700.details-description.0.i4.175bdtrtdtrtns\">1. Puede funcionar continuamente durante 24 horas.<\/div><div data-spm-anchor-id=\"a2700.details-description.0.i4.175bdtrtdtrtns\">2. Equipado con energ\u00eda importada, garant\u00eda de calidad.<\/div><div data-spm-anchor-id=\"a2700.details-description.0.i4.175bdtrtdtrtns\">3. Excelente rendimiento.<\/div><div data-spm-anchor-id=\"a2700.details-description.0.i4.175bdtrtdtrtns\">4. Equipado con luces LED de bajo consumo, alto flujo luminoso y eficiencia de ahorro energ\u00e9tico.<\/div><div data-spm-anchor-id=\"a2700.details-description.0.i4.175bdtrtdtrtns\">5. Motor de alto rendimiento, elevaci\u00f3n el\u00e9ctrica de un bot\u00f3n, 5 postes de elevaci\u00f3n, postes de luz galvanizados, antica\u00eddas y resistentes a la corrosi\u00f3n.<\/div><div>6. Cinco patas de soporte resistentes al viento proporcionan un soporte estable. Panel de control integrado con protecci\u00f3n contra la lluvia.<br>7. Elevaci\u00f3n de 7 metros y ajuste del \u00e1ngulo de irradiaci\u00f3n. Larga distancia de exposici\u00f3n.<\/div><div>8. Tanque de combustible de gran capacidad, bater\u00eda de larga duraci\u00f3n.<\/div>\t\t\t\t\t\t<\/div>\n\t\t\t\t<\/div>\n\t\t\t\t<div class=\"elementor-element elementor-element-695b9f1 elementor-widget elementor-widget-heading\" data-id=\"695b9f1\" data-element_type=\"widget\" data-widget_type=\"heading.default\">\n\t\t\t\t<div class=\"elementor-widget-container\">\n\t\t\t<h2 class=\"elementor-heading-title elementor-size-default\">Aplicaciones<\/h2>\t\t<\/div>\n\t\t\t\t<\/div>\n\t\t\t\t<div class=\"elementor-element elementor-element-f4c8c53 elementor-widget elementor-widget-text-editor\" data-id=\"f4c8c53\" data-element_type=\"widget\" data-widget_type=\"text-editor.default\">\n\t\t\t\t<div class=\"elementor-widget-container\">\n\t\t\t\t\t\t\t<ol><li>Obras de construcci\u00f3n: Iluminar \u00e1reas de trabajo y mejorar la seguridad.<\/li><li>Eventos al aire libre: Proporcionamos iluminaci\u00f3n para conciertos, festivales y otras grandes reuniones.<\/li><li>Situaciones de emergencia: Ofrecemos iluminaci\u00f3n confiable durante cortes de energ\u00eda o desastres naturales.<\/li><li>\u00c1reas de estacionamiento: Iluminar los estacionamientos y mejorar la seguridad.<\/li><li>\u00c1reas de Trabajo: Iluminar diversos entornos de trabajo, como almacenes o instalaciones de fabricaci\u00f3n.<\/li><\/ol>\t\t\t\t\t\t<\/div>\n\t\t\t\t<\/div>\n\t\t\t\t\t<\/div>\n\t\t<\/div>\n\t\t\t\t\t\t\t<\/div>\n\t\t<\/section>\n\t\t\t\t\t\t\t<\/div>\n\t\t","protected":false},"excerpt":{"rendered":"<p>Las torres de iluminaci\u00f3n exterior montadas en remolque son convenientes para proporcionar una fuente de iluminaci\u00f3n para situaciones de emergencia, trabajos mineros, conciertos, aeropuertos, etc. Las formas de elevaci\u00f3n manual y el\u00e9ctrica son opcionales. <\/p>\n","protected":false},"featured_media":11694,"comment_status":"open","ping_status":"closed","template":"","meta":{"_monsterinsights_skip_tracking":false,"_monsterinsights_sitenote_active":false,"_monsterinsights_sitenote_note":"","_monsterinsights_sitenote_category":0,"spay_email":"","jetpack_publicize_message":"","jetpack_is_tweetstorm":false,"jetpack_publicize_feature_enabled":true},"product_cat":[315,294,329],"product_tag":[788,790,789,761,791,762],"class_list":["post-12389","product","type-product","status-publish","has-post-thumbnail","hentry","product_cat-producto","product_cat-sin-categorizar","product_cat-torre-de-luz-portatil","product_tag-torre-de-iluminacion","product_tag-torre-de-iluminacion-con-generador-de-motor-diesel","product_tag-torre-de-iluminacion-montada-en-remolque","product_tag-torre-de-iluminacion-movil","product_tag-torre-de-iluminacion-para-uso-exterior","product_tag-torre-de-iluminacion-portatil"],"aioseo_notices":[],"_links":{"self":[{"href":"https:\/\/everstartraffic.com\/es\/wp-json\/wp\/v2\/product\/12389","targetHints":{"allow":["GET"]}}],"collection":[{"href":"https:\/\/everstartraffic.com\/es\/wp-json\/wp\/v2\/product"}],"about":[{"href":"https:\/\/everstartraffic.com\/es\/wp-json\/wp\/v2\/types\/product"}],"replies":[{"embeddable":true,"href":"https:\/\/everstartraffic.com\/es\/wp-json\/wp\/v2\/comments?post=12389"}],"version-history":[{"count":2,"href":"https:\/\/everstartraffic.com\/es\/wp-json\/wp\/v2\/product\/12389\/revisions"}],"predecessor-version":[{"id":12392,"href":"https:\/\/everstartraffic.com\/es\/wp-json\/wp\/v2\/product\/12389\/revisions\/12392"}],"wp:featuredmedia":[{"embeddable":true,"href":"https:\/\/everstartraffic.com\/es\/wp-json\/wp\/v2\/media\/11694"}],"wp:attachment":[{"href":"https:\/\/everstartraffic.com\/es\/wp-json\/wp\/v2\/media?parent=12389"}],"wp:term":[{"taxonomy":"product_cat","embeddable":true,"href":"https:\/\/everstartraffic.com\/es\/wp-json\/wp\/v2\/product_cat?post=12389"},{"taxonomy":"product_tag","embeddable":true,"href":"https:\/\/everstartraffic.com\/es\/wp-json\/wp\/v2\/product_tag?post=12389"}],"curies":[{"name":"wp","href":"https:\/\/api.w.org\/{rel}","templated":true}]}}