{"id":12383,"date":"2025-04-25T09:45:04","date_gmt":"2025-04-25T09:45:04","guid":{"rendered":"https:\/\/everstartraffic.com\/product\/maquina-hincadora-de-pilotes-sobre-orugas-automatica-ese-230\/"},"modified":"2025-12-12T09:26:16","modified_gmt":"2025-12-12T09:26:16","slug":"maquina-hincadora-de-pilotes-sobre-orugas-automatica-ese-230","status":"publish","type":"product","link":"https:\/\/everstartraffic.com\/es\/product\/maquina-hincadora-de-pilotes-sobre-orugas-automatica-ese-230\/","title":{"rendered":"M\u00e1quina hincadora de pilotes sobre orugas autom\u00e1tica ESE-230"},"content":{"rendered":"\t\t<div data-elementor-type=\"product-post\" data-elementor-id=\"12383\" class=\"elementor elementor-12383 elementor-11366\">\n\t\t\t\t\t\t\t\t\t<section class=\"elementor-section elementor-top-section elementor-element elementor-element-143fa7a elementor-section-boxed elementor-section-height-default elementor-section-height-default\" data-id=\"143fa7a\" data-element_type=\"section\">\n\t\t\t\t\t\t<div class=\"elementor-container elementor-column-gap-default\">\n\t\t\t\t\t<div class=\"elementor-column elementor-col-100 elementor-top-column elementor-element elementor-element-7d08296\" data-id=\"7d08296\" data-element_type=\"column\">\n\t\t\t<div class=\"elementor-widget-wrap elementor-element-populated\">\n\t\t\t\t\t\t\t\t<div class=\"elementor-element elementor-element-b94b73e elementor-widget elementor-widget-image\" data-id=\"b94b73e\" data-element_type=\"widget\" data-widget_type=\"image.default\">\n\t\t\t\t<div class=\"elementor-widget-container\">\n\t\t\t<style>\/*! elementor - v3.7.0 - 08-08-2022 *\/\n.elementor-widget-image{text-align:center}.elementor-widget-image a{display:inline-block}.elementor-widget-image a img[src$=\".svg\"]{width:48px}.elementor-widget-image img{vertical-align:middle;display:inline-block}<\/style>\t\t\t\t\t\t\t\t\t\t\t\t<img loading=\"lazy\" decoding=\"async\" width=\"1024\" height=\"628\" src=\"https:\/\/everstartraffic.com\/wp-content\/uploads\/2025\/04\/pile-driver-machine-descriptions-2_\u526f\u672c-1024x628.png\" class=\"attachment-large size-large\" alt=\"pile driver machine descriptions (2)_\u526f\u672c\" srcset=\"https:\/\/everstartraffic.com\/wp-content\/uploads\/2025\/04\/pile-driver-machine-descriptions-2_\u526f\u672c-1024x628.png 1024w, https:\/\/everstartraffic.com\/wp-content\/uploads\/2025\/04\/pile-driver-machine-descriptions-2_\u526f\u672c-300x184.png 300w, https:\/\/everstartraffic.com\/wp-content\/uploads\/2025\/04\/pile-driver-machine-descriptions-2_\u526f\u672c-768x471.png 768w, https:\/\/everstartraffic.com\/wp-content\/uploads\/2025\/04\/pile-driver-machine-descriptions-2_\u526f\u672c-600x368.png 600w, https:\/\/everstartraffic.com\/wp-content\/uploads\/2025\/04\/pile-driver-machine-descriptions-2_\u526f\u672c.png 1300w\" sizes=\"auto, (max-width: 1024px) 100vw, 1024px\" \/>\t\t\t\t\t\t\t\t\t\t\t\t\t\t\t<\/div>\n\t\t\t\t<\/div>\n\t\t\t\t\t<\/div>\n\t\t<\/div>\n\t\t\t\t\t\t\t<\/div>\n\t\t<\/section>\n\t\t\t\t<section class=\"elementor-section elementor-top-section elementor-element elementor-element-4c935c6 elementor-section-boxed elementor-section-height-default elementor-section-height-default\" data-id=\"4c935c6\" data-element_type=\"section\">\n\t\t\t\t\t\t<div class=\"elementor-container elementor-column-gap-default\">\n\t\t\t\t\t<div class=\"elementor-column elementor-col-100 elementor-top-column elementor-element elementor-element-ad88f7c\" data-id=\"ad88f7c\" data-element_type=\"column\">\n\t\t\t<div class=\"elementor-widget-wrap elementor-element-populated\">\n\t\t\t\t\t\t\t\t<div class=\"elementor-element elementor-element-a9fd686 elementor-widget elementor-widget-image\" data-id=\"a9fd686\" data-element_type=\"widget\" data-widget_type=\"image.default\">\n\t\t\t\t<div class=\"elementor-widget-container\">\n\t\t\t\t\t\t\t\t\t\t\t\t\t\t\t<img loading=\"lazy\" decoding=\"async\" width=\"1024\" height=\"628\" src=\"https:\/\/everstartraffic.com\/wp-content\/uploads\/2025\/04\/pile-driver-machine-web-1024x628.png\" class=\"attachment-large size-large\" alt=\"pile driver machine web\" srcset=\"https:\/\/everstartraffic.com\/wp-content\/uploads\/2025\/04\/pile-driver-machine-web-1024x628.png 1024w, https:\/\/everstartraffic.com\/wp-content\/uploads\/2025\/04\/pile-driver-machine-web-300x184.png 300w, https:\/\/everstartraffic.com\/wp-content\/uploads\/2025\/04\/pile-driver-machine-web-768x471.png 768w, https:\/\/everstartraffic.com\/wp-content\/uploads\/2025\/04\/pile-driver-machine-web-1320x810.png 1320w, https:\/\/everstartraffic.com\/wp-content\/uploads\/2025\/04\/pile-driver-machine-web-600x368.png 600w, https:\/\/everstartraffic.com\/wp-content\/uploads\/2025\/04\/pile-driver-machine-web.png 1417w\" sizes=\"auto, (max-width: 1024px) 100vw, 1024px\" \/>\t\t\t\t\t\t\t\t\t\t\t\t\t\t\t<\/div>\n\t\t\t\t<\/div>\n\t\t\t\t<div class=\"elementor-element elementor-element-1c61971 elementor-widget elementor-widget-image\" data-id=\"1c61971\" data-element_type=\"widget\" data-widget_type=\"image.default\">\n\t\t\t\t<div class=\"elementor-widget-container\">\n\t\t\t\t\t\t\t\t\t\t\t\t\t\t\t<img loading=\"lazy\" decoding=\"async\" width=\"1024\" height=\"628\" src=\"https:\/\/everstartraffic.com\/wp-content\/uploads\/2025\/04\/ESE-230-pile-driver-machine-\u53c2\u6570\u9875\u538b\u7f29\u540e-1024x628.png\" class=\"attachment-large size-large\" alt=\"ESE-230 pile driver machine technical specification\" srcset=\"https:\/\/everstartraffic.com\/wp-content\/uploads\/2025\/04\/ESE-230-pile-driver-machine-\u53c2\u6570\u9875\u538b\u7f29\u540e-1024x628.png 1024w, https:\/\/everstartraffic.com\/wp-content\/uploads\/2025\/04\/ESE-230-pile-driver-machine-\u53c2\u6570\u9875\u538b\u7f29\u540e-300x184.png 300w, https:\/\/everstartraffic.com\/wp-content\/uploads\/2025\/04\/ESE-230-pile-driver-machine-\u53c2\u6570\u9875\u538b\u7f29\u540e-768x471.png 768w, https:\/\/everstartraffic.com\/wp-content\/uploads\/2025\/04\/ESE-230-pile-driver-machine-\u53c2\u6570\u9875\u538b\u7f29\u540e-1536x942.png 1536w, https:\/\/everstartraffic.com\/wp-content\/uploads\/2025\/04\/ESE-230-pile-driver-machine-\u53c2\u6570\u9875\u538b\u7f29\u540e-2048x1256.png 2048w, https:\/\/everstartraffic.com\/wp-content\/uploads\/2025\/04\/ESE-230-pile-driver-machine-\u53c2\u6570\u9875\u538b\u7f29\u540e-1320x810.png 1320w, https:\/\/everstartraffic.com\/wp-content\/uploads\/2025\/04\/ESE-230-pile-driver-machine-\u53c2\u6570\u9875\u538b\u7f29\u540e-600x368.png 600w\" sizes=\"auto, (max-width: 1024px) 100vw, 1024px\" \/>\t\t\t\t\t\t\t\t\t\t\t\t\t\t\t<\/div>\n\t\t\t\t<\/div>\n\t\t\t\t<section class=\"elementor-section elementor-inner-section elementor-element elementor-element-6146d9b elementor-section-boxed elementor-section-height-default elementor-section-height-default\" data-id=\"6146d9b\" data-element_type=\"section\">\n\t\t\t\t\t\t<div class=\"elementor-container elementor-column-gap-default\">\n\t\t\t\t\t<div class=\"elementor-column elementor-col-100 elementor-inner-column elementor-element elementor-element-f08a28b\" data-id=\"f08a28b\" data-element_type=\"column\">\n\t\t\t<div class=\"elementor-widget-wrap elementor-element-populated\">\n\t\t\t\t\t\t\t\t<div class=\"elementor-element elementor-element-b09f413 elementor-widget elementor-widget-image\" data-id=\"b09f413\" data-element_type=\"widget\" data-widget_type=\"image.default\">\n\t\t\t\t<div class=\"elementor-widget-container\">\n\t\t\t\t\t\t\t\t\t\t\t\t\t\t\t<img loading=\"lazy\" decoding=\"async\" width=\"1024\" height=\"628\" src=\"https:\/\/everstartraffic.com\/wp-content\/uploads\/2025\/04\/pile-driver-machine-descriptions-4_\u526f\u672c-1024x628.png\" class=\"attachment-large size-large\" alt=\"pile driver machine descriptions (4)_\u526f\u672c\" srcset=\"https:\/\/everstartraffic.com\/wp-content\/uploads\/2025\/04\/pile-driver-machine-descriptions-4_\u526f\u672c-1024x628.png 1024w, https:\/\/everstartraffic.com\/wp-content\/uploads\/2025\/04\/pile-driver-machine-descriptions-4_\u526f\u672c-300x184.png 300w, https:\/\/everstartraffic.com\/wp-content\/uploads\/2025\/04\/pile-driver-machine-descriptions-4_\u526f\u672c-768x471.png 768w, https:\/\/everstartraffic.com\/wp-content\/uploads\/2025\/04\/pile-driver-machine-descriptions-4_\u526f\u672c-600x368.png 600w, https:\/\/everstartraffic.com\/wp-content\/uploads\/2025\/04\/pile-driver-machine-descriptions-4_\u526f\u672c.png 1300w\" sizes=\"auto, (max-width: 1024px) 100vw, 1024px\" \/>\t\t\t\t\t\t\t\t\t\t\t\t\t\t\t<\/div>\n\t\t\t\t<\/div>\n\t\t\t\t\t<\/div>\n\t\t<\/div>\n\t\t\t\t\t\t\t<\/div>\n\t\t<\/section>\n\t\t\t\t<div class=\"elementor-element elementor-element-95a9ac9 elementor-widget elementor-widget-image\" data-id=\"95a9ac9\" data-element_type=\"widget\" data-widget_type=\"image.default\">\n\t\t\t\t<div class=\"elementor-widget-container\">\n\t\t\t\t\t\t\t\t\t\t\t\t\t\t\t<img loading=\"lazy\" decoding=\"async\" width=\"1024\" height=\"628\" src=\"https:\/\/everstartraffic.com\/wp-content\/uploads\/2025\/04\/pile-driver-machine-descriptions-5_\u526f\u672c-1024x628.png\" class=\"attachment-large size-large\" alt=\"pile driver machine descriptions (5)_\u526f\u672c\" srcset=\"https:\/\/everstartraffic.com\/wp-content\/uploads\/2025\/04\/pile-driver-machine-descriptions-5_\u526f\u672c-1024x628.png 1024w, https:\/\/everstartraffic.com\/wp-content\/uploads\/2025\/04\/pile-driver-machine-descriptions-5_\u526f\u672c-300x184.png 300w, https:\/\/everstartraffic.com\/wp-content\/uploads\/2025\/04\/pile-driver-machine-descriptions-5_\u526f\u672c-768x471.png 768w, https:\/\/everstartraffic.com\/wp-content\/uploads\/2025\/04\/pile-driver-machine-descriptions-5_\u526f\u672c-600x368.png 600w, https:\/\/everstartraffic.com\/wp-content\/uploads\/2025\/04\/pile-driver-machine-descriptions-5_\u526f\u672c.png 1300w\" sizes=\"auto, (max-width: 1024px) 100vw, 1024px\" \/>\t\t\t\t\t\t\t\t\t\t\t\t\t\t\t<\/div>\n\t\t\t\t<\/div>\n\t\t\t\t<div class=\"elementor-element elementor-element-8482414 elementor-widget elementor-widget-image\" data-id=\"8482414\" data-element_type=\"widget\" data-widget_type=\"image.default\">\n\t\t\t\t<div class=\"elementor-widget-container\">\n\t\t\t\t\t\t\t\t\t\t\t\t\t\t\t<img loading=\"lazy\" decoding=\"async\" width=\"1024\" height=\"628\" src=\"https:\/\/everstartraffic.com\/wp-content\/uploads\/2025\/04\/pile-driver-machine-descriptions-6_\u526f\u672c-1024x628.png\" class=\"attachment-large size-large\" alt=\"pile driver machine descriptions (6)_\u526f\u672c\" srcset=\"https:\/\/everstartraffic.com\/wp-content\/uploads\/2025\/04\/pile-driver-machine-descriptions-6_\u526f\u672c-1024x628.png 1024w, https:\/\/everstartraffic.com\/wp-content\/uploads\/2025\/04\/pile-driver-machine-descriptions-6_\u526f\u672c-300x184.png 300w, https:\/\/everstartraffic.com\/wp-content\/uploads\/2025\/04\/pile-driver-machine-descriptions-6_\u526f\u672c-768x471.png 768w, https:\/\/everstartraffic.com\/wp-content\/uploads\/2025\/04\/pile-driver-machine-descriptions-6_\u526f\u672c-600x368.png 600w, https:\/\/everstartraffic.com\/wp-content\/uploads\/2025\/04\/pile-driver-machine-descriptions-6_\u526f\u672c.png 1300w\" sizes=\"auto, (max-width: 1024px) 100vw, 1024px\" \/>\t\t\t\t\t\t\t\t\t\t\t\t\t\t\t<\/div>\n\t\t\t\t<\/div>\n\t\t\t\t\t<\/div>\n\t\t<\/div>\n\t\t\t\t\t\t\t<\/div>\n\t\t<\/section>\n\t\t\t\t<section class=\"elementor-section elementor-top-section elementor-element elementor-element-91c9a56 elementor-section-boxed elementor-section-height-default elementor-section-height-default\" data-id=\"91c9a56\" data-element_type=\"section\">\n\t\t\t\t\t\t<div class=\"elementor-container elementor-column-gap-default\">\n\t\t\t\t\t<div class=\"elementor-column elementor-col-100 elementor-top-column elementor-element elementor-element-1d43216\" data-id=\"1d43216\" data-element_type=\"column\">\n\t\t\t<div class=\"elementor-widget-wrap elementor-element-populated\">\n\t\t\t\t\t\t\t\t<div class=\"elementor-element elementor-element-502d3fa elementor-widget elementor-widget-image\" data-id=\"502d3fa\" data-element_type=\"widget\" data-widget_type=\"image.default\">\n\t\t\t\t<div class=\"elementor-widget-container\">\n\t\t\t\t\t\t\t\t\t\t\t\t\t\t\t<img loading=\"lazy\" decoding=\"async\" width=\"1024\" height=\"628\" src=\"https:\/\/everstartraffic.com\/wp-content\/uploads\/2025\/04\/pile-driver-machine-descriptions-7_\u526f\u672c-1024x628.png\" class=\"attachment-large size-large\" alt=\"pile driver machine descriptions (7)_\u526f\u672c\" srcset=\"https:\/\/everstartraffic.com\/wp-content\/uploads\/2025\/04\/pile-driver-machine-descriptions-7_\u526f\u672c-1024x628.png 1024w, https:\/\/everstartraffic.com\/wp-content\/uploads\/2025\/04\/pile-driver-machine-descriptions-7_\u526f\u672c-300x184.png 300w, https:\/\/everstartraffic.com\/wp-content\/uploads\/2025\/04\/pile-driver-machine-descriptions-7_\u526f\u672c-768x471.png 768w, https:\/\/everstartraffic.com\/wp-content\/uploads\/2025\/04\/pile-driver-machine-descriptions-7_\u526f\u672c-600x368.png 600w, https:\/\/everstartraffic.com\/wp-content\/uploads\/2025\/04\/pile-driver-machine-descriptions-7_\u526f\u672c.png 1300w\" sizes=\"auto, (max-width: 1024px) 100vw, 1024px\" \/>\t\t\t\t\t\t\t\t\t\t\t\t\t\t\t<\/div>\n\t\t\t\t<\/div>\n\t\t\t\t<div class=\"elementor-element elementor-element-f068b43 elementor-widget elementor-widget-image\" data-id=\"f068b43\" data-element_type=\"widget\" data-widget_type=\"image.default\">\n\t\t\t\t<div class=\"elementor-widget-container\">\n\t\t\t\t\t\t\t\t\t\t\t\t\t\t\t<img loading=\"lazy\" decoding=\"async\" width=\"1024\" height=\"628\" src=\"https:\/\/everstartraffic.com\/wp-content\/uploads\/2025\/04\/pile-driver-machine-descriptions-1_\u526f\u672c-1-1024x628.png\" class=\"attachment-large size-large\" alt=\"pile driver machine descriptions (1)_\u526f\u672c\" srcset=\"https:\/\/everstartraffic.com\/wp-content\/uploads\/2025\/04\/pile-driver-machine-descriptions-1_\u526f\u672c-1-1024x628.png 1024w, https:\/\/everstartraffic.com\/wp-content\/uploads\/2025\/04\/pile-driver-machine-descriptions-1_\u526f\u672c-1-300x184.png 300w, https:\/\/everstartraffic.com\/wp-content\/uploads\/2025\/04\/pile-driver-machine-descriptions-1_\u526f\u672c-1-768x471.png 768w, https:\/\/everstartraffic.com\/wp-content\/uploads\/2025\/04\/pile-driver-machine-descriptions-1_\u526f\u672c-1-600x368.png 600w, https:\/\/everstartraffic.com\/wp-content\/uploads\/2025\/04\/pile-driver-machine-descriptions-1_\u526f\u672c-1.png 1300w\" sizes=\"auto, (max-width: 1024px) 100vw, 1024px\" \/>\t\t\t\t\t\t\t\t\t\t\t\t\t\t\t<\/div>\n\t\t\t\t<\/div>\n\t\t\t\t\t<\/div>\n\t\t<\/div>\n\t\t\t\t\t\t\t<\/div>\n\t\t<\/section>\n\t\t\t\t\t\t\t<\/div>\n\t\t","protected":false},"excerpt":{"rendered":"<p>Martinetes de tr\u00e1fico, trabajos en parques fotovoltaicos, instalaci\u00f3n de barandillas de uso vial, granjas agr\u00edcolas, vi\u00f1edos, huertos frutales, cercas de postes de madera en todo el mundo.<\/p>\n","protected":false},"featured_media":11374,"comment_status":"open","ping_status":"closed","template":"","meta":{"_monsterinsights_skip_tracking":false,"_monsterinsights_sitenote_active":false,"_monsterinsights_sitenote_note":"","_monsterinsights_sitenote_category":0,"spay_email":"","jetpack_publicize_message":"","jetpack_is_tweetstorm":false,"jetpack_publicize_feature_enabled":true},"product_cat":[328,315,294],"product_tag":[423,774,768,772,769,770,773,775,767,771],"class_list":["post-12383","product","type-product","status-publish","has-post-thumbnail","hentry","product_cat-maquina-martinete","product_cat-producto","product_cat-sin-categorizar","product_tag-conductor-de-pila","product_tag-crawler-pile-driver","product_tag-granja-agricola","product_tag-huerta","product_tag-instalacion-de-cercas","product_tag-instalacion-de-postes-de-madera","product_tag-martinete-automatico","product_tag-martinete-estrafico","product_tag-parque-fotovoltaico","product_tag-vinedo"],"aioseo_notices":[],"_links":{"self":[{"href":"https:\/\/everstartraffic.com\/es\/wp-json\/wp\/v2\/product\/12383","targetHints":{"allow":["GET"]}}],"collection":[{"href":"https:\/\/everstartraffic.com\/es\/wp-json\/wp\/v2\/product"}],"about":[{"href":"https:\/\/everstartraffic.com\/es\/wp-json\/wp\/v2\/types\/product"}],"replies":[{"embeddable":true,"href":"https:\/\/everstartraffic.com\/es\/wp-json\/wp\/v2\/comments?post=12383"}],"version-history":[{"count":1,"href":"https:\/\/everstartraffic.com\/es\/wp-json\/wp\/v2\/product\/12383\/revisions"}],"predecessor-version":[{"id":12384,"href":"https:\/\/everstartraffic.com\/es\/wp-json\/wp\/v2\/product\/12383\/revisions\/12384"}],"wp:featuredmedia":[{"embeddable":true,"href":"https:\/\/everstartraffic.com\/es\/wp-json\/wp\/v2\/media\/11374"}],"wp:attachment":[{"href":"https:\/\/everstartraffic.com\/es\/wp-json\/wp\/v2\/media?parent=12383"}],"wp:term":[{"taxonomy":"product_cat","embeddable":true,"href":"https:\/\/everstartraffic.com\/es\/wp-json\/wp\/v2\/product_cat?post=12383"},{"taxonomy":"product_tag","embeddable":true,"href":"https:\/\/everstartraffic.com\/es\/wp-json\/wp\/v2\/product_tag?post=12383"}],"curies":[{"name":"wp","href":"https:\/\/api.w.org\/{rel}","templated":true}]}}