{"id":11137,"date":"2025-01-22T14:46:13","date_gmt":"2025-01-22T14:46:13","guid":{"rendered":"https:\/\/www.everstartraffic.com\/product\/maquina-de-eliminacion-de-lineas-de-senalizacion-vial-con-chorro-de-agua-a-alta-presion\/"},"modified":"2026-01-30T07:59:39","modified_gmt":"2026-01-30T07:59:39","slug":"maquina-de-eliminacion-de-lineas-de-senalizacion-vial-con-chorro-de-agua-a-alta-presion","status":"publish","type":"product","link":"https:\/\/everstartraffic.com\/es\/product\/maquina-de-eliminacion-de-lineas-de-senalizacion-vial-con-chorro-de-agua-a-alta-presion\/","title":{"rendered":"M\u00e1quina de eliminaci\u00f3n de l\u00edneas de se\u00f1alizaci\u00f3n vial con chorro de agua a alta presi\u00f3n"},"content":{"rendered":"\t\t<div data-elementor-type=\"product-post\" data-elementor-id=\"11137\" class=\"elementor elementor-11137 elementor-11117\">\n\t\t\t\t\t\t\t\t\t<section class=\"elementor-section elementor-top-section elementor-element elementor-element-e5b2bcd elementor-section-boxed elementor-section-height-default elementor-section-height-default\" data-id=\"e5b2bcd\" data-element_type=\"section\">\n\t\t\t\t\t\t<div class=\"elementor-container elementor-column-gap-default\">\n\t\t\t\t\t<div class=\"elementor-column elementor-col-100 elementor-top-column elementor-element elementor-element-c2738bf\" data-id=\"c2738bf\" data-element_type=\"column\">\n\t\t\t<div class=\"elementor-widget-wrap elementor-element-populated\">\n\t\t\t\t\t\t\t\t<div class=\"elementor-element elementor-element-b425ba2 elementor-widget elementor-widget-heading\" data-id=\"b425ba2\" data-element_type=\"widget\" data-widget_type=\"heading.default\">\n\t\t\t\t<div class=\"elementor-widget-container\">\n\t\t\t<style>\/*! elementor - v3.7.0 - 08-08-2022 *\/\n.elementor-heading-title{padding:0;margin:0;line-height:1}.elementor-widget-heading .elementor-heading-title[class*=elementor-size-]>a{color:inherit;font-size:inherit;line-height:inherit}.elementor-widget-heading .elementor-heading-title.elementor-size-small{font-size:15px}.elementor-widget-heading .elementor-heading-title.elementor-size-medium{font-size:19px}.elementor-widget-heading .elementor-heading-title.elementor-size-large{font-size:29px}.elementor-widget-heading .elementor-heading-title.elementor-size-xl{font-size:39px}.elementor-widget-heading .elementor-heading-title.elementor-size-xxl{font-size:59px}<\/style><h2 class=\"elementor-heading-title elementor-size-default\">Definici\u00f3n<\/h2>\t\t<\/div>\n\t\t\t\t<\/div>\n\t\t\t\t<div class=\"elementor-element elementor-element-911df3e elementor-widget elementor-widget-text-editor\" data-id=\"911df3e\" data-element_type=\"widget\" data-widget_type=\"text-editor.default\">\n\t\t\t\t<div class=\"elementor-widget-container\">\n\t\t\t<style>\/*! elementor - v3.7.0 - 08-08-2022 *\/\n.elementor-widget-text-editor.elementor-drop-cap-view-stacked .elementor-drop-cap{background-color:#818a91;color:#fff}.elementor-widget-text-editor.elementor-drop-cap-view-framed .elementor-drop-cap{color:#818a91;border:3px solid;background-color:transparent}.elementor-widget-text-editor:not(.elementor-drop-cap-view-default) .elementor-drop-cap{margin-top:8px}.elementor-widget-text-editor:not(.elementor-drop-cap-view-default) .elementor-drop-cap-letter{width:1em;height:1em}.elementor-widget-text-editor .elementor-drop-cap{float:left;text-align:center;line-height:1;font-size:50px}.elementor-widget-text-editor .elementor-drop-cap-letter{display:inline-block}<\/style>\t\t\t\t<p>M\u00e1quina de eliminaci\u00f3n de l\u00edneas de se\u00f1alizaci\u00f3n vial con chorro de agua a alta presi\u00f3n que elimina todo tipo de l\u00edneas de se\u00f1alizaci\u00f3n vial con su agua a alta presi\u00f3n. Tiene las ventajas de una operaci\u00f3n f\u00e1cil, un mantenimiento simple, una alta eficiencia sin da\u00f1ar la superficie de la carretera, es amigable con el medio ambiente, tiene un sistema de lubricaci\u00f3n compulsivo y un sistema de enfriamiento de aceite, un sistema completo de monitoreo por computadora, sistema de tuber\u00eda de suministro de agua: acero inoxidable y manguera de retenci\u00f3n, diafragma de seguridad de ruptura importado, v\u00e1lvula reguladora de presi\u00f3n: importada de Jap\u00f3n, man\u00f3metro de alta presi\u00f3n: importado de Alemania. <\/p>\t\t\t\t\t\t<\/div>\n\t\t\t\t<\/div>\n\t\t\t\t<div class=\"elementor-element elementor-element-562de44 elementor-widget elementor-widget-heading\" data-id=\"562de44\" data-element_type=\"widget\" data-widget_type=\"heading.default\">\n\t\t\t\t<div class=\"elementor-widget-container\">\n\t\t\t<h2 class=\"elementor-heading-title elementor-size-default\">Especificaci\u00f3n<\/h2>\t\t<\/div>\n\t\t\t\t<\/div>\n\t\t\t\t<div class=\"elementor-element elementor-element-47ddea2 elementor-widget elementor-widget-text-editor\" data-id=\"47ddea2\" data-element_type=\"widget\" data-widget_type=\"text-editor.default\">\n\t\t\t\t<div class=\"elementor-widget-container\">\n\t\t\t\t\t\t\t<table width=\"784\"><tbody><tr><td width=\"392\"><p>Porcentaje de recuperaci\u00f3n proporcionado por el sistema de recuperaci\u00f3n:<\/p><\/td><td width=\"392\"><p>M\u00e1s del 95%<\/p><\/td><\/tr><tr><td width=\"392\"><p>Motor Motor Diesel<\/p><\/td><td width=\"392\"><p>Wechai &amp; DEUTZ\u2122<\/p><\/td><\/tr><tr><td width=\"392\"><p>Potencia del motor <\/p><\/td><td width=\"392\"><p>120 kw<\/p><\/td><\/tr><tr><td width=\"392\"><p>Velocidad de revoluciones <\/p><\/td><td width=\"392\"><p>1500 rpm <\/p><\/td><\/tr><tr><td width=\"392\"><p>Conflicto de trabajo <\/p><\/td><td width=\"392\"><p>M\u00e1x. 140 mpa (1400 bares)<\/p><\/td><\/tr><tr><td width=\"392\"><p>Flujo m\u00e1x.<\/p><\/td><td width=\"392\"><p>30 litros por minuto<\/p><\/td><\/tr><tr><td width=\"392\"><p>Cabezal de explosi\u00f3n <\/p><\/td><td width=\"392\"><p>Tipo caminar detr\u00e1s <\/p><\/td><\/tr><tr><td width=\"392\"><p>Tama\u00f1o del cabezal de voladura <\/p><\/td><td width=\"392\"><p>1050 x 540 x 980 mm<\/p><\/td><\/tr><tr><td width=\"392\"><p>Peso del cabezal de voladura <\/p><\/td><td width=\"392\"><p>52 kilos <\/p><\/td><\/tr><tr><td width=\"392\"><p>Longitud de la tuber\u00eda de agua <\/p><\/td><td width=\"392\"><p>12 metros<\/p><\/td><\/tr><tr><td width=\"392\"><p>Longitud de la tuber\u00eda de recuperaci\u00f3n <\/p><\/td><td width=\"392\"><p>12 metros <\/p><\/td><\/tr><tr><td width=\"392\"><p>Voltaje de trabajo <\/p><\/td><td width=\"392\"><p>DC 24V<\/p><\/td><\/tr><tr><td width=\"392\"><p>Modelo de transmisi\u00f3n <\/p><\/td><td width=\"392\"><p>Transmisi\u00f3n por correa<\/p><\/td><\/tr><tr><td width=\"392\"><p>Boquillas de chorro (n.\u00ba) <\/p><\/td><td width=\"392\"><p>12 ~16 piezas <\/p><\/td><\/tr><tr><td width=\"392\"><p>Ancho de remoci\u00f3n <\/p><\/td><td width=\"392\"><p>180 ~ 250 mil\u00edmetros<\/p><\/td><\/tr><tr><td width=\"392\"><p>Eficiencia de trabajo <\/p><\/td><td width=\"392\"><p>150 ~ 200 m2 \/ 8 horas<\/p><\/td><\/tr><tr><td width=\"392\"><p>Capacidad del tanque de agua <\/p><\/td><td width=\"392\"><p>3,4 metros c\u00fabicos<\/p><\/td><\/tr><tr><td width=\"392\"><p>Capacidad del tanque de desechos <\/p><\/td><td width=\"392\"><p>3,4 metros c\u00fabicos<\/p><\/td><\/tr><tr><td width=\"392\"><p>Cami\u00f3n de trabajo opcional<\/p><\/td><td width=\"392\"><p>Se recomienda cami\u00f3n de 5,8 metros<\/p><\/td><\/tr><tr><td width=\"392\"><p>Dimensi\u00f3n completa <\/p><\/td><td width=\"392\"><p>5750 x 2000 x 1800 mm<\/p><\/td><\/tr><tr><td width=\"392\"><p>Peso bruto <\/p><\/td><td width=\"392\"><p>3650 kg<\/p><\/td><\/tr><\/tbody><\/table>\t\t\t\t\t\t<\/div>\n\t\t\t\t<\/div>\n\t\t\t\t<div class=\"elementor-element elementor-element-d6ff81e elementor-widget elementor-widget-heading\" data-id=\"d6ff81e\" data-element_type=\"widget\" data-widget_type=\"heading.default\">\n\t\t\t\t<div class=\"elementor-widget-container\">\n\t\t\t<h2 class=\"elementor-heading-title elementor-size-default\">Caracter\u00edsticas<\/h2>\t\t<\/div>\n\t\t\t\t<\/div>\n\t\t\t\t<div class=\"elementor-element elementor-element-8465d62 elementor-widget elementor-widget-text-editor\" data-id=\"8465d62\" data-element_type=\"widget\" data-widget_type=\"text-editor.default\">\n\t\t\t\t<div class=\"elementor-widget-container\">\n\t\t\t\t\t\t\t<ol><li>La m\u00e1quina principal del equipo adopta tecnolog\u00eda de fabricaci\u00f3n de bombas de alta presi\u00f3n avanzada extranjera, que es el equipo m\u00e1s avanzado con actualizaci\u00f3n y nuevo dise\u00f1o en el pa\u00eds.<\/li><li>La m\u00e1quina principal tiene un rendimiento de funcionamiento estable y un bajo nivel de ruido. El rendimiento de los componentes de la bomba de alta presi\u00f3n es bueno y duradero, y los componentes de sellado tienen un tiempo de funcionamiento continuo prolongado. <\/li><li>El equipo tiene una operaci\u00f3n sencilla, un alto nivel de automatizaci\u00f3n y un dise\u00f1o de sistema de enfriamiento perfecto.<\/li><li>El dise\u00f1o del actuador de limpieza de l\u00ednea es \u00fanico y de fabricaci\u00f3n fina, el rendimiento es excelente y el rendimiento integral supera a los productos extranjeros del mismo tipo. El costo es solo 1\/5 de los productos extranjeros. <\/li><li>Seg\u00fan el ancho de la l\u00ednea de marcado a eliminar o la necesidad de limpiar el objeto, el actuador se puede ajustar arbitrariamente para lograr un excelente efecto de eliminaci\u00f3n y una eficiencia de trabajo \u00f3ptima.<\/li><li>Los accesorios de limpieza de equipos est\u00e1n completamente equipados para satisfacer los requisitos de limpieza y trabajo en diversas condiciones. Es un equipo de limpieza de mantenimiento integral y multifuncional. Se puede fabricar a medida seg\u00fan las necesidades de los clientes y cumple plenamente con los requisitos del entorno de trabajo del cliente.  <\/li><\/ol><p> <\/p>\t\t\t\t\t\t<\/div>\n\t\t\t\t<\/div>\n\t\t\t\t<section class=\"elementor-section elementor-inner-section elementor-element elementor-element-7c7e02e elementor-section-boxed elementor-section-height-default elementor-section-height-default\" data-id=\"7c7e02e\" data-element_type=\"section\">\n\t\t\t\t\t\t<div class=\"elementor-container elementor-column-gap-default\">\n\t\t\t\t\t<div class=\"elementor-column elementor-col-100 elementor-inner-column elementor-element elementor-element-5ae6e5d\" data-id=\"5ae6e5d\" data-element_type=\"column\">\n\t\t\t<div class=\"elementor-widget-wrap\">\n\t\t\t\t\t\t\t\t\t<\/div>\n\t\t<\/div>\n\t\t\t\t\t\t\t<\/div>\n\t\t<\/section>\n\t\t\t\t\t<\/div>\n\t\t<\/div>\n\t\t\t\t\t\t\t<\/div>\n\t\t<\/section>\n\t\t\t\t\t\t\t<\/div>\n\t\t","protected":false},"excerpt":{"rendered":"<p>Definici\u00f3n M\u00e1quina de eliminaci\u00f3n de l\u00edneas de se\u00f1alizaci\u00f3n vial con chorro de agua a alta presi\u00f3n que elimina todo tipo de l\u00edneas de se\u00f1alizaci\u00f3n vial con su agua a alta presi\u00f3n. Tiene las ventajas de una operaci\u00f3n f\u00e1cil, un mantenimiento simple, una alta eficiencia sin da\u00f1ar la superficie de la carretera, es amigable con el [&hellip;]<\/p>\n","protected":false},"featured_media":11124,"comment_status":"open","ping_status":"closed","template":"","meta":{"_monsterinsights_skip_tracking":false,"_monsterinsights_sitenote_active":false,"_monsterinsights_sitenote_note":"","_monsterinsights_sitenote_category":0,"spay_email":"","jetpack_publicize_message":"","jetpack_is_tweetstorm":false,"jetpack_publicize_feature_enabled":true},"product_cat":[339,806,337,315,294],"product_tag":[686,458,687],"class_list":["post-11137","product","type-product","status-publish","has-post-thumbnail","hentry","product_cat-maquina-auxiliar-de-carretera","product_cat-maquina-para-eliminar-marcas-vial","product_cat-maquina-de-marcado-de-carreteras","product_cat-producto","product_cat-sin-categorizar","product_tag-maquina-de-eliminacion-de-lineas-de-marcado","product_tag-maquina-de-eliminacion-de-marcas-viales","product_tag-maquina-de-eliminacion-de-marcas-viales-con-chorro-de-agua-a-alta-presion"],"aioseo_notices":[],"_links":{"self":[{"href":"https:\/\/everstartraffic.com\/es\/wp-json\/wp\/v2\/product\/11137","targetHints":{"allow":["GET"]}}],"collection":[{"href":"https:\/\/everstartraffic.com\/es\/wp-json\/wp\/v2\/product"}],"about":[{"href":"https:\/\/everstartraffic.com\/es\/wp-json\/wp\/v2\/types\/product"}],"replies":[{"embeddable":true,"href":"https:\/\/everstartraffic.com\/es\/wp-json\/wp\/v2\/comments?post=11137"}],"version-history":[{"count":2,"href":"https:\/\/everstartraffic.com\/es\/wp-json\/wp\/v2\/product\/11137\/revisions"}],"predecessor-version":[{"id":12571,"href":"https:\/\/everstartraffic.com\/es\/wp-json\/wp\/v2\/product\/11137\/revisions\/12571"}],"wp:featuredmedia":[{"embeddable":true,"href":"https:\/\/everstartraffic.com\/es\/wp-json\/wp\/v2\/media\/11124"}],"wp:attachment":[{"href":"https:\/\/everstartraffic.com\/es\/wp-json\/wp\/v2\/media?parent=11137"}],"wp:term":[{"taxonomy":"product_cat","embeddable":true,"href":"https:\/\/everstartraffic.com\/es\/wp-json\/wp\/v2\/product_cat?post=11137"},{"taxonomy":"product_tag","embeddable":true,"href":"https:\/\/everstartraffic.com\/es\/wp-json\/wp\/v2\/product_tag?post=11137"}],"curies":[{"name":"wp","href":"https:\/\/api.w.org\/{rel}","templated":true}]}}