{"id":11097,"date":"2025-01-22T13:54:39","date_gmt":"2025-01-22T13:54:39","guid":{"rendered":"https:\/\/www.everstartraffic.com\/product\/maquina-de-pulverizacion-de-pintura-en-frio-sin-aire-de-dos-componentes-para-senalizacion-vial\/"},"modified":"2025-01-22T14:06:28","modified_gmt":"2025-01-22T14:06:28","slug":"maquina-de-pulverizacion-de-pintura-en-frio-sin-aire-de-dos-componentes-para-senalizacion-vial","status":"publish","type":"product","link":"https:\/\/everstartraffic.com\/es\/product\/maquina-de-pulverizacion-de-pintura-en-frio-sin-aire-de-dos-componentes-para-senalizacion-vial\/","title":{"rendered":"M\u00e1quina de pulverizaci\u00f3n de pintura en fr\u00edo sin aire de dos componentes para se\u00f1alizaci\u00f3n vial"},"content":{"rendered":"\t\t<div data-elementor-type=\"product-post\" data-elementor-id=\"11097\" class=\"elementor elementor-11097 elementor-11082\">\n\t\t\t\t\t\t\t\t\t<section class=\"elementor-section elementor-top-section elementor-element elementor-element-3fa9873 elementor-section-boxed elementor-section-height-default elementor-section-height-default\" data-id=\"3fa9873\" data-element_type=\"section\">\n\t\t\t\t\t\t<div class=\"elementor-container elementor-column-gap-default\">\n\t\t\t\t\t<div class=\"elementor-column elementor-col-100 elementor-top-column elementor-element elementor-element-78423b2\" data-id=\"78423b2\" data-element_type=\"column\">\n\t\t\t<div class=\"elementor-widget-wrap elementor-element-populated\">\n\t\t\t\t\t\t\t\t<section class=\"elementor-section elementor-inner-section elementor-element elementor-element-5446186 elementor-section-boxed elementor-section-height-default elementor-section-height-default\" data-id=\"5446186\" data-element_type=\"section\">\n\t\t\t\t\t\t<div class=\"elementor-container elementor-column-gap-default\">\n\t\t\t\t\t<div class=\"elementor-column elementor-col-100 elementor-inner-column elementor-element elementor-element-52b78ce\" data-id=\"52b78ce\" data-element_type=\"column\">\n\t\t\t<div class=\"elementor-widget-wrap elementor-element-populated\">\n\t\t\t\t\t\t\t\t<div class=\"elementor-element elementor-element-dd352e5 elementor-widget elementor-widget-heading\" data-id=\"dd352e5\" data-element_type=\"widget\" data-widget_type=\"heading.default\">\n\t\t\t\t<div class=\"elementor-widget-container\">\n\t\t\t<style>\/*! elementor - v3.7.0 - 08-08-2022 *\/\n.elementor-heading-title{padding:0;margin:0;line-height:1}.elementor-widget-heading .elementor-heading-title[class*=elementor-size-]>a{color:inherit;font-size:inherit;line-height:inherit}.elementor-widget-heading .elementor-heading-title.elementor-size-small{font-size:15px}.elementor-widget-heading .elementor-heading-title.elementor-size-medium{font-size:19px}.elementor-widget-heading .elementor-heading-title.elementor-size-large{font-size:29px}.elementor-widget-heading .elementor-heading-title.elementor-size-xl{font-size:39px}.elementor-widget-heading .elementor-heading-title.elementor-size-xxl{font-size:59px}<\/style><h2 class=\"elementor-heading-title elementor-size-default\">Definici\u00f3n<\/h2>\t\t<\/div>\n\t\t\t\t<\/div>\n\t\t\t\t\t<\/div>\n\t\t<\/div>\n\t\t\t\t\t\t\t<\/div>\n\t\t<\/section>\n\t\t\t\t<div class=\"elementor-element elementor-element-b157c2c elementor-widget elementor-widget-text-editor\" data-id=\"b157c2c\" data-element_type=\"widget\" data-widget_type=\"text-editor.default\">\n\t\t\t\t<div class=\"elementor-widget-container\">\n\t\t\t<style>\/*! elementor - v3.7.0 - 08-08-2022 *\/\n.elementor-widget-text-editor.elementor-drop-cap-view-stacked .elementor-drop-cap{background-color:#818a91;color:#fff}.elementor-widget-text-editor.elementor-drop-cap-view-framed .elementor-drop-cap{color:#818a91;border:3px solid;background-color:transparent}.elementor-widget-text-editor:not(.elementor-drop-cap-view-default) .elementor-drop-cap{margin-top:8px}.elementor-widget-text-editor:not(.elementor-drop-cap-view-default) .elementor-drop-cap-letter{width:1em;height:1em}.elementor-widget-text-editor .elementor-drop-cap{float:left;text-align:center;line-height:1;font-size:50px}.elementor-widget-text-editor .elementor-drop-cap-letter{display:inline-block}<\/style>\t\t\t\t<p>M\u00e1quina de marcado vial con pintura en fr\u00edo de dos componentes con pulverizador sin aire Es una t\u00e9cnica de pintura en la que un dispositivo adopta el principio de pulverizaci\u00f3n de mezcla interna de doble bomba para recubrir un material de pintura a temperatura normal: pintura para se\u00f1alizaci\u00f3n vial en fr\u00edo mediante pulverizaci\u00f3n sin aire de dos componentes a trav\u00e9s del aire sobre una superficie.<\/p>\n<p>La pintura para se\u00f1alizaci\u00f3n vial en aerosol de dos componentes sin disolventes se compone de metacrilato de metilo, funcionalidad especial de \u00e9ster acr\u00edlico, \u00e9ster acr\u00edlico plastificante, etc. Su velocidad de curado es r\u00e1pida y el rendimiento de aplicaci\u00f3n es excelente. Desde su aplicaci\u00f3n, la velocidad de desarrollo de la pintura para se\u00f1alizaci\u00f3n vial en aerosol de dos componentes ha sido extremadamente r\u00e1pida y violenta, y el dominio de aplicaci\u00f3n se ha expandido incesantemente, lo que se conoce como la tercera \u00abrevoluci\u00f3n de la se\u00f1alizaci\u00f3n vial\u00bb. Su presencia ha resuelto los problemas de que las l\u00edneas fr\u00edas son d\u00e9biles en resistencia al desgaste, las l\u00edneas termopl\u00e1sticas son f\u00e1ciles de manchar y tienen un efecto reflectante deficiente.   <\/p>\n\t\t\t\t\t\t<\/div>\n\t\t\t\t<\/div>\n\t\t\t\t<div class=\"elementor-element elementor-element-7644ffb elementor-widget elementor-widget-heading\" data-id=\"7644ffb\" data-element_type=\"widget\" data-widget_type=\"heading.default\">\n\t\t\t\t<div class=\"elementor-widget-container\">\n\t\t\t<h2 class=\"elementor-heading-title elementor-size-default\">Especificaci\u00f3n<\/h2>\t\t<\/div>\n\t\t\t\t<\/div>\n\t\t\t\t<div class=\"elementor-element elementor-element-d489630 elementor-widget elementor-widget-text-editor\" data-id=\"d489630\" data-element_type=\"widget\" data-widget_type=\"text-editor.default\">\n\t\t\t\t<div class=\"elementor-widget-container\">\n\t\t\t\t\t\t\t<table width=\"719\">\n<tbody>\n<tr>\n<td width=\"147\">\n<p>Motor<\/p>\n<\/td>\n<td width=\"572\">\n<p>Motor de gasolina, potencia Honda 6.5HP<\/p>\n<\/td>\n<\/tr>\n<tr>\n<td width=\"147\">\n<p>Bomba<\/p>\n<\/td>\n<td width=\"572\">\n<p>Bomba de \u00e9mbolo hidr\u00e1ulica<\/p>\n<\/td>\n<\/tr>\n<tr>\n<td width=\"147\">\n<p>Sistema de conducci\u00f3n<\/p>\n<\/td>\n<td width=\"572\">\n<p>Ca\u00f1\u00f3n simple 0,039; ca\u00f1ones dobles 0,031<\/p>\n<\/td>\n<\/tr>\n<tr>\n<td width=\"147\">\n<p>Presi\u00f3n de trabajo<\/p>\n<\/td>\n<td width=\"572\">\n<p>3300PSI<\/p>\n<\/td>\n<\/tr>\n<tr>\n<td width=\"147\">\n<p>Flujo de trabajo<\/p>\n<\/td>\n<td width=\"572\">\n<p>15 litros por minuto<\/p>\n<\/td>\n<\/tr>\n<tr>\n<td width=\"147\">\n<p>Grosor de l\u00ednea<\/p>\n<\/td>\n<td width=\"572\">\n<p>1mm\uff08adjustable\uff09 1kg\/m\u00b2<\/p>\n<\/td>\n<\/tr>\n<tr>\n<td width=\"147\">\n<p>Tanque de aceite<\/p>\n<\/td>\n<td width=\"572\">\n<p>3,6 litros<\/p>\n<\/td>\n<\/tr>\n<tr>\n<td width=\"147\">\n<p>Tanque de perlas de vidrio<\/p>\n<\/td>\n<td width=\"572\">\n<p>Capacidad 20kg<\/p>\n<\/td>\n<\/tr>\n<tr>\n<td width=\"147\">\n<p>Sistema dispensador de perlas de vidrio<\/p>\n<\/td>\n<td width=\"572\">\n<p>Pulverizaci\u00f3n con presi\u00f3n de aire, utilizando un compresor de aire sin aceite importado, pistola pulverizadora de perlas de vidrio<\/p>\n<\/td>\n<\/tr>\n<tr>\n<td width=\"147\">\n<p>Eficiencia de trabajo<\/p>\n<\/td>\n<td width=\"572\">\n<p>2-3km\/h<\/p>\n<\/td>\n<\/tr>\n<tr>\n<td width=\"147\">\n<p>Dimensi\u00f3n<\/p>\n<\/td>\n<td width=\"572\">\n<p>Largo 1800*ancho 820*alto 1150mm (sin puntero)<\/p>\n<\/td>\n<\/tr>\n<tr>\n<td width=\"147\">\n<p>Peso<\/p>\n<\/td>\n<td width=\"572\">\n<p>180kgs<\/p>\n<\/td>\n<\/tr>\n<\/tbody>\n<\/table>\n\t\t\t\t\t\t<\/div>\n\t\t\t\t<\/div>\n\t\t\t\t<div class=\"elementor-element elementor-element-4d2562e elementor-widget elementor-widget-heading\" data-id=\"4d2562e\" data-element_type=\"widget\" data-widget_type=\"heading.default\">\n\t\t\t\t<div class=\"elementor-widget-container\">\n\t\t\t<h2 class=\"elementor-heading-title elementor-size-default\">Caracter\u00edsticas<\/h2>\t\t<\/div>\n\t\t\t\t<\/div>\n\t\t\t\t<div class=\"elementor-element elementor-element-88ee0f5 elementor-widget elementor-widget-text-editor\" data-id=\"88ee0f5\" data-element_type=\"widget\" data-widget_type=\"text-editor.default\">\n\t\t\t\t<div class=\"elementor-widget-container\">\n\t\t\t\t\t\t\t<p>\u2460 Sistema avanzado de mitigaci\u00f3n de impactos<\/p>\n<p>\u2461 Dispositivo fijo ligero de boquilla<\/p>\n<p>\u2462 Boquilla importada <\/p>\n<p>\u2463 Sistema de enfriamiento continuo<\/p>\n<p>\u2464 Componente A Componente B Dispositivo de mezcla est\u00e1tica <\/p>\n<p>\u2465 Dispositivo autom\u00e1tico de limpieza r\u00e1pida<\/p>\n\t\t\t\t\t\t<\/div>\n\t\t\t\t<\/div>\n\t\t\t\t\t<\/div>\n\t\t<\/div>\n\t\t\t\t\t\t\t<\/div>\n\t\t<\/section>\n\t\t\t\t\t\t\t<\/div>\n\t\t","protected":false},"excerpt":{"rendered":"<p>M\u00e1quina de marcado vial con pintura en fr\u00edo de dos componentes con pulverizador sin aire Es una t\u00e9cnica de pintura en la que un dispositivo adopta el principio de pulverizaci\u00f3n de mezcla interna de doble bomba para recubrir un material de pintura a temperatura normal: pintura para se\u00f1alizaci\u00f3n vial en fr\u00edo mediante pulverizaci\u00f3n sin aire de dos componentes a trav\u00e9s del aire sobre una superficie.<\/p>\n","protected":false},"featured_media":11085,"comment_status":"open","ping_status":"closed","template":"","meta":{"_monsterinsights_skip_tracking":false,"_monsterinsights_sitenote_active":false,"_monsterinsights_sitenote_note":"","_monsterinsights_sitenote_category":0,"spay_email":"","jetpack_publicize_message":"","jetpack_is_tweetstorm":false,"jetpack_publicize_feature_enabled":true},"product_cat":[337,646,315,294],"product_tag":[678,679],"class_list":["post-11097","product","type-product","status-publish","has-post-thumbnail","hentry","product_cat-maquina-de-marcado-de-carreteras","product_cat-maquina-de-senalizacion-vial-de-dos-componentes","product_cat-producto","product_cat-sin-categorizar","product_tag-maquina-de-marcado-de-carreteras-de-dos-componentes","product_tag-maquina-de-pulverizacion-sin-aire-de-dos-componentes-para-senalizacion-vial"],"aioseo_notices":[],"_links":{"self":[{"href":"https:\/\/everstartraffic.com\/es\/wp-json\/wp\/v2\/product\/11097","targetHints":{"allow":["GET"]}}],"collection":[{"href":"https:\/\/everstartraffic.com\/es\/wp-json\/wp\/v2\/product"}],"about":[{"href":"https:\/\/everstartraffic.com\/es\/wp-json\/wp\/v2\/types\/product"}],"replies":[{"embeddable":true,"href":"https:\/\/everstartraffic.com\/es\/wp-json\/wp\/v2\/comments?post=11097"}],"version-history":[{"count":1,"href":"https:\/\/everstartraffic.com\/es\/wp-json\/wp\/v2\/product\/11097\/revisions"}],"predecessor-version":[{"id":11098,"href":"https:\/\/everstartraffic.com\/es\/wp-json\/wp\/v2\/product\/11097\/revisions\/11098"}],"wp:featuredmedia":[{"embeddable":true,"href":"https:\/\/everstartraffic.com\/es\/wp-json\/wp\/v2\/media\/11085"}],"wp:attachment":[{"href":"https:\/\/everstartraffic.com\/es\/wp-json\/wp\/v2\/media?parent=11097"}],"wp:term":[{"taxonomy":"product_cat","embeddable":true,"href":"https:\/\/everstartraffic.com\/es\/wp-json\/wp\/v2\/product_cat?post=11097"},{"taxonomy":"product_tag","embeddable":true,"href":"https:\/\/everstartraffic.com\/es\/wp-json\/wp\/v2\/product_tag?post=11097"}],"curies":[{"name":"wp","href":"https:\/\/api.w.org\/{rel}","templated":true}]}}