{"id":11080,"date":"2025-01-22T13:33:02","date_gmt":"2025-01-22T13:33:02","guid":{"rendered":"https:\/\/www.everstartraffic.com\/product\/maquina-de-marcado-de-carreteras-con-pulverizacion-sin-aire-y-pintura-en-frio-de-tipo-automatico\/"},"modified":"2025-01-22T14:07:21","modified_gmt":"2025-01-22T14:07:21","slug":"maquina-de-marcado-de-carreteras-con-pulverizacion-sin-aire-y-pintura-en-frio-de-tipo-automatico","status":"publish","type":"product","link":"https:\/\/everstartraffic.com\/es\/product\/maquina-de-marcado-de-carreteras-con-pulverizacion-sin-aire-y-pintura-en-frio-de-tipo-automatico\/","title":{"rendered":"M\u00e1quina de marcado de carreteras con pulverizaci\u00f3n sin aire y pintura en fr\u00edo de tipo autom\u00e1tico"},"content":{"rendered":"\t\t<div data-elementor-type=\"product-post\" data-elementor-id=\"11080\" class=\"elementor elementor-11080 elementor-11063\">\n\t\t\t\t\t\t\t\t\t<section class=\"elementor-section elementor-top-section elementor-element elementor-element-56013df elementor-section-boxed elementor-section-height-default elementor-section-height-default\" data-id=\"56013df\" data-element_type=\"section\">\n\t\t\t\t\t\t<div class=\"elementor-container elementor-column-gap-default\">\n\t\t\t\t\t<div class=\"elementor-column elementor-col-100 elementor-top-column elementor-element elementor-element-1c15ba1\" data-id=\"1c15ba1\" data-element_type=\"column\">\n\t\t\t<div class=\"elementor-widget-wrap elementor-element-populated\">\n\t\t\t\t\t\t\t\t<div class=\"elementor-element elementor-element-77688d4 elementor-widget elementor-widget-heading\" data-id=\"77688d4\" data-element_type=\"widget\" data-widget_type=\"heading.default\">\n\t\t\t\t<div class=\"elementor-widget-container\">\n\t\t\t<style>\/*! elementor - v3.7.0 - 08-08-2022 *\/\n.elementor-heading-title{padding:0;margin:0;line-height:1}.elementor-widget-heading .elementor-heading-title[class*=elementor-size-]>a{color:inherit;font-size:inherit;line-height:inherit}.elementor-widget-heading .elementor-heading-title.elementor-size-small{font-size:15px}.elementor-widget-heading .elementor-heading-title.elementor-size-medium{font-size:19px}.elementor-widget-heading .elementor-heading-title.elementor-size-large{font-size:29px}.elementor-widget-heading .elementor-heading-title.elementor-size-xl{font-size:39px}.elementor-widget-heading .elementor-heading-title.elementor-size-xxl{font-size:59px}<\/style><h2 class=\"elementor-heading-title elementor-size-default\">Definici\u00f3n:<\/h2>\t\t<\/div>\n\t\t\t\t<\/div>\n\t\t\t\t<div class=\"elementor-element elementor-element-28a39ba elementor-widget elementor-widget-text-editor\" data-id=\"28a39ba\" data-element_type=\"widget\" data-widget_type=\"text-editor.default\">\n\t\t\t\t<div class=\"elementor-widget-container\">\n\t\t\t<style>\/*! elementor - v3.7.0 - 08-08-2022 *\/\n.elementor-widget-text-editor.elementor-drop-cap-view-stacked .elementor-drop-cap{background-color:#818a91;color:#fff}.elementor-widget-text-editor.elementor-drop-cap-view-framed .elementor-drop-cap{color:#818a91;border:3px solid;background-color:transparent}.elementor-widget-text-editor:not(.elementor-drop-cap-view-default) .elementor-drop-cap{margin-top:8px}.elementor-widget-text-editor:not(.elementor-drop-cap-view-default) .elementor-drop-cap-letter{width:1em;height:1em}.elementor-widget-text-editor .elementor-drop-cap{float:left;text-align:center;line-height:1;font-size:50px}.elementor-widget-text-editor .elementor-drop-cap-letter{display:inline-block}<\/style>\t\t\t\t<p>M\u00e1quina de marcado vial sin aire con pintura en fr\u00edo, tipo conducci\u00f3n. El ancho de la l\u00ednea de se\u00f1alizaci\u00f3n vial se puede ajustar seg\u00fan la solicitud del cliente. Tipo I para pintura al agua y disolvente en fr\u00edo. Tipo II para pintura al agua y disolvente en fr\u00edo, de dos componentes y dos colores. <\/p>\n<p>Estraffic ofrece m\u00e1quinas de pulverizaci\u00f3n de pintura en fr\u00edo sin aire de tipo intermedio con diferentes vol\u00famenes de dep\u00f3sito y anchos de pulverizaci\u00f3n. Todas ellas utilizan componentes de marcas de renombre mundial y tecnolog\u00eda patentada propia, y la pr\u00e1ctica ha demostrado que la m\u00e1quina tiene un rendimiento constante y confiable. <\/p>\n\t\t\t\t\t\t<\/div>\n\t\t\t\t<\/div>\n\t\t\t\t<div class=\"elementor-element elementor-element-27ccd45 elementor-widget elementor-widget-heading\" data-id=\"27ccd45\" data-element_type=\"widget\" data-widget_type=\"heading.default\">\n\t\t\t\t<div class=\"elementor-widget-container\">\n\t\t\t<h2 class=\"elementor-heading-title elementor-size-default\">Especificaci\u00f3n<\/h2>\t\t<\/div>\n\t\t\t\t<\/div>\n\t\t\t\t<div class=\"elementor-element elementor-element-4a5ab1a elementor-widget elementor-widget-text-editor\" data-id=\"4a5ab1a\" data-element_type=\"widget\" data-widget_type=\"text-editor.default\">\n\t\t\t\t<div class=\"elementor-widget-container\">\n\t\t\t\t\t\t\t<table width=\"741\">\n<tbody>\n<tr>\n<td colspan=\"3\" width=\"741\">\n<p>M\u00e1quina de pulverizaci\u00f3n de pintura en fr\u00edo sin aire tipo conducci\u00f3n<\/p>\n<\/td>\n<\/tr>\n<tr>\n<td width=\"247\">\n<p>Modelo<\/p>\n<\/td>\n<td width=\"247\">\n<p>Tanque \u00fanico<\/p>\n<\/td>\n<td width=\"247\">\n<p>Tanque doble<\/p>\n<\/td>\n<\/tr>\n<tr>\n<td width=\"247\">\n<p>Motor<\/p>\n<\/td>\n<td colspan=\"2\" width=\"494\">\n<p>Motor de gasolina Kohler de 18 HP o Honda de 20 HP<\/p>\n<\/td>\n<\/tr>\n<tr>\n<td width=\"247\">\n<p>Compresor de aire<\/p>\n<\/td>\n<td colspan=\"2\" width=\"494\">\n<p>0.6 m3\/min<\/p>\n<\/td>\n<\/tr>\n<tr>\n<td width=\"247\">\n<p>Pintura aplicada<\/p>\n<\/td>\n<td width=\"247\">\n<p>Pintura al agua, pintura al disolvente en fr\u00edo <\/p>\n<\/td>\n<td width=\"247\">\n<p>Pintura bicolor, de dos componentes, base agua y disolvente fr\u00edo<\/p>\n<\/td>\n<\/tr>\n<tr>\n<td width=\"247\">\n<p>Capacidad del tanque de pintura <\/p>\n<\/td>\n<td width=\"247\">\n<p>170 L <\/p>\n<\/td>\n<td width=\"247\">\n<p>170 L \u00d7 2<\/p>\n<\/td>\n<\/tr>\n<tr>\n<td width=\"247\">\n<p>Contenedor de perlas de vidrio <\/p>\n<\/td>\n<td width=\"247\">\n<p>52 L<\/p>\n<\/td>\n<td width=\"247\">\n<p>52 L<\/p>\n<\/td>\n<\/tr>\n<tr>\n<td width=\"247\">\n<p>Bomba de pintura <\/p>\n<\/td>\n<td width=\"247\">\n<p>Bombas de \u00e9mbolo sin aire de alta presi\u00f3n simple<br \/>Presi\u00f3n m\u00e1xima: 25 MPa<br \/>Caudal de bomba simple: 20 L\/min<\/p>\n<\/td>\n<td width=\"247\">\n<p>Bombas de \u00e9mbolo dobles sin aire de alta presi\u00f3n<br \/>Presi\u00f3n m\u00e1xima: 25 MPa<br \/>Caudal de bomba simple: 12,5 L\/min<\/p>\n<\/td>\n<\/tr>\n<tr>\n<td width=\"247\">\n<p>Pistola rociadora<\/p>\n<\/td>\n<td colspan=\"2\" width=\"494\">\n<p>Pistolas pulverizadoras neum\u00e1ticas dobles, pistola pulverizadora manual simple<\/p>\n<\/td>\n<\/tr>\n<tr>\n<td width=\"247\">\n<p>Ancho de marcado<\/p>\n<\/td>\n<td colspan=\"2\" width=\"494\">\n<p>50 mm &#8211; 1000 mm (ajustable)<\/p>\n<\/td>\n<\/tr>\n<tr>\n<td width=\"247\">\n<p>Sistema de control<\/p>\n<\/td>\n<td colspan=\"2\" width=\"494\">\n<p>Sistema de control inteligente digital<\/p>\n<\/td>\n<\/tr>\n<tr>\n<td width=\"247\">\n<p>Dimensiones (L*An*Al)<\/p>\n<\/td>\n<td colspan=\"2\" width=\"494\">\n<p>2900 mm \u00d7 1600 mm \u00d7 2400 mm<\/p>\n<\/td>\n<\/tr>\n<tr>\n<td width=\"247\">\n<p>Peso<\/p>\n<\/td>\n<td colspan=\"2\" width=\"494\">\n<p>682 kg<\/p>\n<\/td>\n<\/tr>\n<tr>\n<td width=\"247\">\n<p>Sistema opcional<\/p>\n<\/td>\n<td colspan=\"2\" width=\"494\">\n<p>Pantalla de advertencia de gu\u00eda, sistema de premarcado, remolque, tipo oscilante, tipo regla y tipo de dos componentes<\/p>\n<\/td>\n<\/tr>\n<\/tbody>\n<\/table>\n\t\t\t\t\t\t<\/div>\n\t\t\t\t<\/div>\n\t\t\t\t<div class=\"elementor-element elementor-element-6d9c519 elementor-widget elementor-widget-heading\" data-id=\"6d9c519\" data-element_type=\"widget\" data-widget_type=\"heading.default\">\n\t\t\t\t<div class=\"elementor-widget-container\">\n\t\t\t<h2 class=\"elementor-heading-title elementor-size-default\">Caracter\u00edsticas<\/h2>\t\t<\/div>\n\t\t\t\t<\/div>\n\t\t\t\t<div class=\"elementor-element elementor-element-55ab2f7 elementor-widget elementor-widget-text-editor\" data-id=\"55ab2f7\" data-element_type=\"widget\" data-widget_type=\"text-editor.default\">\n\t\t\t\t<div class=\"elementor-widget-container\">\n\t\t\t\t\t\t\t<p>\u2460 Sistema CVT de accionamiento hidr\u00e1ulico avanzado, ajusta y controla la velocidad con precisi\u00f3n.<\/p>\n<p>\u2461 El dise\u00f1o de conducci\u00f3n \u00f3ptimo puede controlar la m\u00e1quina de manera efectiva y garantizar la seguridad en caso de emergencia.<\/p>\n<p>\u2462 El tanque de pintura de doble habitaci\u00f3n de alta capacidad y el tanque de perlas de vidrio pueden garantizar una se\u00f1alizaci\u00f3n vial continua y de larga distancia.<\/p>\n<p>\u2463 Bomba de pist\u00f3n sin aire de alta presi\u00f3n de nuevo tipo, la presi\u00f3n estable y el alto flujo pueden garantizar una alta eficiencia y una se\u00f1alizaci\u00f3n vial de alta calidad.<\/p>\n<p>\u2464 El ancho de la l\u00ednea de se\u00f1alizaci\u00f3n vial se puede ajustar seg\u00fan la solicitud del cliente.<\/p>\n<p>\u2465 El sistema autom\u00e1tico de agitaci\u00f3n de pintura puede garantizar una agitaci\u00f3n uniforme, mejorar el rendimiento de la pintura de manera efectiva y mejorar la durabilidad de la l\u00ednea de se\u00f1alizaci\u00f3n vial.<\/p>\n<p>\u2466 La banda de rodadura larga de la rueda puede garantizar que la l\u00ednea de se\u00f1alizaci\u00f3n vial sea m\u00e1s recta, reducir el efecto de los factores humanos y mejorar obviamente la calidad de la l\u00ednea de se\u00f1alizaci\u00f3n vial.<\/p>\n<p>\u2467 El sistema de control microelectr\u00f3nico sensible, preciso y estable se puede operar f\u00e1cilmente.<\/p>\n<p>\u2468 El sistema de advertencia integral garantiza la seguridad durante la construcci\u00f3n.<\/p>\n<p>\u2469 Los sistemas opcionales incluyen premarcado, remolque, tipo oscilante, tipo enrasador y tipo de dos componentes.<\/p>\n\t\t\t\t\t\t<\/div>\n\t\t\t\t<\/div>\n\t\t\t\t\t<\/div>\n\t\t<\/div>\n\t\t\t\t\t\t\t<\/div>\n\t\t<\/section>\n\t\t\t\t\t\t\t<\/div>\n\t\t","protected":false},"excerpt":{"rendered":"<p>M\u00e1quina de marcado vial sin aire con pintura en fr\u00edo, tipo conducci\u00f3n. El ancho de la l\u00ednea de se\u00f1alizaci\u00f3n vial se puede ajustar seg\u00fan la solicitud del cliente. Tipo I para pintura al agua y disolvente en fr\u00edo. Tipo II para pintura al agua y disolvente en fr\u00edo, de dos componentes y dos colores. <\/p>\n","protected":false},"featured_media":11075,"comment_status":"open","ping_status":"closed","template":"","meta":{"_monsterinsights_skip_tracking":false,"_monsterinsights_sitenote_active":false,"_monsterinsights_sitenote_note":"","_monsterinsights_sitenote_category":0,"spay_email":"","jetpack_publicize_message":"","jetpack_is_tweetstorm":false,"jetpack_publicize_feature_enabled":true},"product_cat":[337,647,315,294],"product_tag":[680,681],"class_list":["post-11080","product","type-product","status-publish","has-post-thumbnail","hentry","product_cat-maquina-de-marcado-de-carreteras","product_cat-maquina-de-marcado-de-carreteras-tipo-conduccion","product_cat-producto","product_cat-sin-categorizar","product_tag-maquina-de-pintura-en-frio-tipo-conduccion","product_tag-maquina-de-pulverizacion-sin-aire-para-senalizacion-vial-tipo-conduccion"],"aioseo_notices":[],"_links":{"self":[{"href":"https:\/\/everstartraffic.com\/es\/wp-json\/wp\/v2\/product\/11080","targetHints":{"allow":["GET"]}}],"collection":[{"href":"https:\/\/everstartraffic.com\/es\/wp-json\/wp\/v2\/product"}],"about":[{"href":"https:\/\/everstartraffic.com\/es\/wp-json\/wp\/v2\/types\/product"}],"replies":[{"embeddable":true,"href":"https:\/\/everstartraffic.com\/es\/wp-json\/wp\/v2\/comments?post=11080"}],"version-history":[{"count":1,"href":"https:\/\/everstartraffic.com\/es\/wp-json\/wp\/v2\/product\/11080\/revisions"}],"predecessor-version":[{"id":11081,"href":"https:\/\/everstartraffic.com\/es\/wp-json\/wp\/v2\/product\/11080\/revisions\/11081"}],"wp:featuredmedia":[{"embeddable":true,"href":"https:\/\/everstartraffic.com\/es\/wp-json\/wp\/v2\/media\/11075"}],"wp:attachment":[{"href":"https:\/\/everstartraffic.com\/es\/wp-json\/wp\/v2\/media?parent=11080"}],"wp:term":[{"taxonomy":"product_cat","embeddable":true,"href":"https:\/\/everstartraffic.com\/es\/wp-json\/wp\/v2\/product_cat?post=11080"},{"taxonomy":"product_tag","embeddable":true,"href":"https:\/\/everstartraffic.com\/es\/wp-json\/wp\/v2\/product_tag?post=11080"}],"curies":[{"name":"wp","href":"https:\/\/api.w.org\/{rel}","templated":true}]}}