{"id":11056,"date":"2025-01-17T08:45:44","date_gmt":"2025-01-17T08:45:44","guid":{"rendered":"https:\/\/www.everstartraffic.com\/product\/maquina-de-marcado-vial-por-pulverizacion-de-termoplasticos-de-tipo-de-conduccion-automatica\/"},"modified":"2025-01-22T12:23:12","modified_gmt":"2025-01-22T12:23:12","slug":"maquina-de-marcado-vial-por-pulverizacion-de-termoplasticos-de-tipo-de-conduccion-automatica","status":"publish","type":"product","link":"https:\/\/everstartraffic.com\/es\/product\/maquina-de-marcado-vial-por-pulverizacion-de-termoplasticos-de-tipo-de-conduccion-automatica\/","title":{"rendered":"M\u00e1quina de marcado vial por pulverizaci\u00f3n de termopl\u00e1sticos de tipo de conducci\u00f3n autom\u00e1tica"},"content":{"rendered":"\t\t<div data-elementor-type=\"product-post\" data-elementor-id=\"11056\" class=\"elementor elementor-11056 elementor-10977\">\n\t\t\t\t\t\t\t\t\t<section class=\"elementor-section elementor-top-section elementor-element elementor-element-229bf1d elementor-section-boxed elementor-section-height-default elementor-section-height-default\" data-id=\"229bf1d\" data-element_type=\"section\">\n\t\t\t\t\t\t<div class=\"elementor-container elementor-column-gap-default\">\n\t\t\t\t\t<div class=\"elementor-column elementor-col-100 elementor-top-column elementor-element elementor-element-dcfe421\" data-id=\"dcfe421\" data-element_type=\"column\">\n\t\t\t<div class=\"elementor-widget-wrap elementor-element-populated\">\n\t\t\t\t\t\t\t\t<div class=\"elementor-element elementor-element-4781faa elementor-widget elementor-widget-heading\" data-id=\"4781faa\" data-element_type=\"widget\" data-widget_type=\"heading.default\">\n\t\t\t\t<div class=\"elementor-widget-container\">\n\t\t\t<style>\/*! elementor - v3.7.0 - 08-08-2022 *\/\n.elementor-heading-title{padding:0;margin:0;line-height:1}.elementor-widget-heading .elementor-heading-title[class*=elementor-size-]>a{color:inherit;font-size:inherit;line-height:inherit}.elementor-widget-heading .elementor-heading-title.elementor-size-small{font-size:15px}.elementor-widget-heading .elementor-heading-title.elementor-size-medium{font-size:19px}.elementor-widget-heading .elementor-heading-title.elementor-size-large{font-size:29px}.elementor-widget-heading .elementor-heading-title.elementor-size-xl{font-size:39px}.elementor-widget-heading .elementor-heading-title.elementor-size-xxl{font-size:59px}<\/style><h2 class=\"elementor-heading-title elementor-size-default\">Definici\u00f3n<\/h2>\t\t<\/div>\n\t\t\t\t<\/div>\n\t\t\t\t<div class=\"elementor-element elementor-element-22d9eb5 elementor-widget elementor-widget-text-editor\" data-id=\"22d9eb5\" data-element_type=\"widget\" data-widget_type=\"text-editor.default\">\n\t\t\t\t<div class=\"elementor-widget-container\">\n\t\t\t<style>\/*! elementor - v3.7.0 - 08-08-2022 *\/\n.elementor-widget-text-editor.elementor-drop-cap-view-stacked .elementor-drop-cap{background-color:#818a91;color:#fff}.elementor-widget-text-editor.elementor-drop-cap-view-framed .elementor-drop-cap{color:#818a91;border:3px solid;background-color:transparent}.elementor-widget-text-editor:not(.elementor-drop-cap-view-default) .elementor-drop-cap{margin-top:8px}.elementor-widget-text-editor:not(.elementor-drop-cap-view-default) .elementor-drop-cap-letter{width:1em;height:1em}.elementor-widget-text-editor .elementor-drop-cap{float:left;text-align:center;line-height:1;font-size:50px}.elementor-widget-text-editor .elementor-drop-cap-letter{display:inline-block}<\/style>\t\t\t\t<p>La m\u00e1quina de marcado vial termopl\u00e1stico por pulverizaci\u00f3n de tipo motor es una m\u00e1quina de marcado vial termopl\u00e1stico por pulverizaci\u00f3n de aire a baja presi\u00f3n con alta eficiencia y flexibilidad. Puede servir para trabajos de marcado de l\u00edneas continuas y de larga distancia. <\/p>\n<p>Principio de funcionamiento: La m\u00e1quina de marcado vial por pulverizaci\u00f3n termopl\u00e1stica de tipo impulsor es una m\u00e1quina de tipo impulsor que est\u00e1 equipada con una pistola pulverizadora auxiliar de aire atomizado con baja presi\u00f3n para pulverizar la pintura y las perlas de vidrio.<\/p>\n<p>La bomba de reciclaje de aceite de calefacci\u00f3n de gas atomizado y el intercambiador de calor de este sistema pueden mejorar el efecto de pulverizaci\u00f3n. El ancho de pulverizaci\u00f3n se puede ajustar libremente. <\/p>\n<p>Estraffic ofrece m\u00e1quinas de pulverizaci\u00f3n de termopl\u00e1stico de tipo intermedio con diferentes vol\u00famenes de dep\u00f3sito y anchos de pulverizaci\u00f3n. Todas ellas utilizan componentes de marcas de renombre mundial y tecnolog\u00eda patentada propia, y la pr\u00e1ctica ha demostrado que la m\u00e1quina tiene un rendimiento estable y confiable. <\/p>\n\t\t\t\t\t\t<\/div>\n\t\t\t\t<\/div>\n\t\t\t\t<div class=\"elementor-element elementor-element-2803dce elementor-widget elementor-widget-heading\" data-id=\"2803dce\" data-element_type=\"widget\" data-widget_type=\"heading.default\">\n\t\t\t\t<div class=\"elementor-widget-container\">\n\t\t\t<h2 class=\"elementor-heading-title elementor-size-default\">Especificaci\u00f3n<\/h2>\t\t<\/div>\n\t\t\t\t<\/div>\n\t\t\t\t<div class=\"elementor-element elementor-element-e6faade elementor-widget elementor-widget-text-editor\" data-id=\"e6faade\" data-element_type=\"widget\" data-widget_type=\"text-editor.default\">\n\t\t\t\t<div class=\"elementor-widget-container\">\n\t\t\t\t\t\t\t<table width=\"779\">\n<tbody>\n<tr>\n<td colspan=\"2\" width=\"779\">\n<p>M\u00e1quina pulverizadora de se\u00f1alizaci\u00f3n vial de tipo de conducci\u00f3n autom\u00e1tica<\/p>\n<\/td>\n<\/tr>\n<tr>\n<td width=\"389\">\n<p>Motor<\/p>\n<\/td>\n<td width=\"390\">\n<p>Motor di\u00e9sel de 37 kW<\/p>\n<\/td>\n<\/tr>\n<tr>\n<td width=\"389\">\n<p>Compresor de aire<\/p>\n<\/td>\n<td width=\"390\">\n<p>3 m3\/min, tipo tornillo<\/p>\n<\/td>\n<\/tr>\n<tr>\n<td width=\"389\">\n<p>Modo de calefacci\u00f3n<\/p>\n<\/td>\n<td width=\"390\">\n<p>Gas licuado de petr\u00f3leo, conducci\u00f3n de aceite de calefacci\u00f3n, control autom\u00e1tico de temperatura<\/p>\n<\/td>\n<\/tr>\n<tr>\n<td width=\"389\">\n<p>Capacidad del tanque de pintura<\/p>\n<\/td>\n<td width=\"390\">\n<p>Tanque de presi\u00f3n de 250 L<\/p>\n<\/td>\n<\/tr>\n<tr>\n<td width=\"389\">\n<p>Contenedor de perlas de vidrio <\/p>\n<\/td>\n<td width=\"390\">\n<p>120 litros<\/p>\n<\/td>\n<\/tr>\n<tr>\n<td width=\"389\">\n<p>Equipo de marcado <\/p>\n<\/td>\n<td width=\"390\">\n<p>Equipado con pistolas pulverizadoras de aire individuales.<\/p>\n<\/td>\n<\/tr>\n<tr>\n<td width=\"389\">\n<p>Ancho de marcado<\/p>\n<\/td>\n<td width=\"390\">\n<p>100 mm &#8211; 250 mm (ajustable)<\/p>\n<\/td>\n<\/tr>\n<tr>\n<td width=\"389\">\n<p>Grosor del marcado<\/p>\n<\/td>\n<td width=\"390\">\n<p>1,0 mm &#8211; 2,0 mm (ajustable)<\/p>\n<\/td>\n<\/tr>\n<tr>\n<td width=\"389\">\n<p>Sistema de control <\/p>\n<\/td>\n<td width=\"390\">\n<p>Sistema de control inteligente digital<\/p>\n<\/td>\n<\/tr>\n<tr>\n<td width=\"389\">\n<p>Dimensiones (L*An*Al)<\/p>\n<\/td>\n<td width=\"390\">\n<p>4100 mm \u00d7 1900 mm \u00d7 2100 mm<\/p>\n<\/td>\n<\/tr>\n<tr>\n<td width=\"389\">\n<p>Peso<\/p>\n<\/td>\n<td width=\"390\">\n<p>2800 kg<\/p>\n<\/td>\n<\/tr>\n<tr>\n<td width=\"389\">\n<p>Sistema opcional <\/p>\n<\/td>\n<td width=\"390\">\n<p>Pantalla de advertencia de gu\u00eda, sistema de premarcado y remolque<\/p>\n<\/td>\n<\/tr>\n<\/tbody>\n<\/table>\n\t\t\t\t\t\t<\/div>\n\t\t\t\t<\/div>\n\t\t\t\t<div class=\"elementor-element elementor-element-bb4e424 elementor-widget elementor-widget-heading\" data-id=\"bb4e424\" data-element_type=\"widget\" data-widget_type=\"heading.default\">\n\t\t\t\t<div class=\"elementor-widget-container\">\n\t\t\t<h2 class=\"elementor-heading-title elementor-size-default\">Caracter\u00edsticas<\/h2>\t\t<\/div>\n\t\t\t\t<\/div>\n\t\t\t\t<div class=\"elementor-element elementor-element-adc384c elementor-widget elementor-widget-text-editor\" data-id=\"adc384c\" data-element_type=\"widget\" data-widget_type=\"text-editor.default\">\n\t\t\t\t<div class=\"elementor-widget-container\">\n\t\t\t\t\t\t\t<p>\u2460 Sistema de control microelectr\u00f3nico sensible, preciso y estable, puede realizar diversas funciones operativas f\u00e1cilmente.<br \/>\u2461 Accionamiento hidr\u00e1ulico avanzado con sistema de control de velocidad infinitamente variable, control y ajuste de velocidad m\u00e1s precisos.<br \/>\u2462 El dise\u00f1o de optimizaci\u00f3n de la unidad puede controlar la m\u00e1quina de manera m\u00e1s eficiente y segura en caso de emergencia.<br \/>\u2463 Tanque de pintura presurizado de gran capacidad y contenedor de perlas de vidrio, mantienen la continuidad del trabajo de marcado a larga distancia.<br \/>\u2464 El aceite de conducci\u00f3n y el agitador hidr\u00e1ulico vertical interno garantizan un calentamiento eficiente y uniforme.<br \/>\u2465 Pistola pulverizadora atomizadora neum\u00e1tica simple ajustable, el ancho y el espesor del marcado se pueden ajustar de manera flexible seg\u00fan los requisitos individuales.<br \/>\u2466 Horno infrarrojo, ahorra combustible m\u00e1s del 50%, 3 veces m\u00e1s eficiencia t\u00e9rmica que un horno normal.<br \/>\u2467 Sistema de control por computadora sensible, preciso y estable, realiza m\u00e1s f\u00e1cilmente todas las operaciones.<br \/>\u2468 Sistema de advertencia omnidireccional, m\u00e1s seguro durante la construcci\u00f3n.<\/p>\n\t\t\t\t\t\t<\/div>\n\t\t\t\t<\/div>\n\t\t\t\t\t<\/div>\n\t\t<\/div>\n\t\t\t\t\t\t\t<\/div>\n\t\t<\/section>\n\t\t\t\t\t\t\t<\/div>\n\t\t","protected":false},"excerpt":{"rendered":"<p>Definici\u00f3n La m\u00e1quina de marcado vial termopl\u00e1stico por pulverizaci\u00f3n de tipo motor es una m\u00e1quina de marcado vial termopl\u00e1stico por pulverizaci\u00f3n de aire a baja presi\u00f3n con alta eficiencia y flexibilidad. Puede servir para trabajos de marcado de l\u00edneas continuas y de larga distancia. Principio de funcionamiento: La m\u00e1quina de marcado vial por pulverizaci\u00f3n termopl\u00e1stica [&hellip;]<\/p>\n","protected":false},"featured_media":10969,"comment_status":"open","ping_status":"closed","template":"","meta":{"_monsterinsights_skip_tracking":false,"_monsterinsights_sitenote_active":false,"_monsterinsights_sitenote_note":"","_monsterinsights_sitenote_category":0,"spay_email":"","jetpack_publicize_message":"","jetpack_is_tweetstorm":false,"jetpack_publicize_feature_enabled":true},"product_cat":[337,647,341,315,294],"product_tag":[354,666,673],"class_list":["post-11056","product","type-product","status-publish","has-post-thumbnail","hentry","product_cat-maquina-de-marcado-de-carreteras","product_cat-maquina-de-marcado-de-carreteras-tipo-conduccion","product_cat-maquina-de-marcado-vial-termoplastico","product_cat-producto","product_cat-sin-categorizar","product_tag-maquina-automatica-de-marcado-de-carreteras","product_tag-maquina-de-marcado-de-carreteras-tipo-conduccion","product_tag-maquina-de-marcado-vial-por-pulverizacion-de-material-termoplastico"],"aioseo_notices":[],"_links":{"self":[{"href":"https:\/\/everstartraffic.com\/es\/wp-json\/wp\/v2\/product\/11056","targetHints":{"allow":["GET"]}}],"collection":[{"href":"https:\/\/everstartraffic.com\/es\/wp-json\/wp\/v2\/product"}],"about":[{"href":"https:\/\/everstartraffic.com\/es\/wp-json\/wp\/v2\/types\/product"}],"replies":[{"embeddable":true,"href":"https:\/\/everstartraffic.com\/es\/wp-json\/wp\/v2\/comments?post=11056"}],"version-history":[{"count":1,"href":"https:\/\/everstartraffic.com\/es\/wp-json\/wp\/v2\/product\/11056\/revisions"}],"predecessor-version":[{"id":11057,"href":"https:\/\/everstartraffic.com\/es\/wp-json\/wp\/v2\/product\/11056\/revisions\/11057"}],"wp:featuredmedia":[{"embeddable":true,"href":"https:\/\/everstartraffic.com\/es\/wp-json\/wp\/v2\/media\/10969"}],"wp:attachment":[{"href":"https:\/\/everstartraffic.com\/es\/wp-json\/wp\/v2\/media?parent=11056"}],"wp:term":[{"taxonomy":"product_cat","embeddable":true,"href":"https:\/\/everstartraffic.com\/es\/wp-json\/wp\/v2\/product_cat?post=11056"},{"taxonomy":"product_tag","embeddable":true,"href":"https:\/\/everstartraffic.com\/es\/wp-json\/wp\/v2\/product_tag?post=11056"}],"curies":[{"name":"wp","href":"https:\/\/api.w.org\/{rel}","templated":true}]}}