{"id":11054,"date":"2025-01-21T13:23:26","date_gmt":"2025-01-21T13:23:26","guid":{"rendered":"https:\/\/www.everstartraffic.com\/product\/maquina-de-marcado-vial-por-extrusion-de-termoplasticos-de-tipo-de-conduccion-automatica\/"},"modified":"2025-01-22T12:22:35","modified_gmt":"2025-01-22T12:22:35","slug":"maquina-de-marcado-vial-por-extrusion-de-termoplasticos-de-tipo-de-conduccion-automatica","status":"publish","type":"product","link":"https:\/\/everstartraffic.com\/es\/product\/maquina-de-marcado-vial-por-extrusion-de-termoplasticos-de-tipo-de-conduccion-automatica\/","title":{"rendered":"M\u00e1quina de marcado vial por extrusi\u00f3n de termopl\u00e1sticos de tipo de conducci\u00f3n autom\u00e1tica"},"content":{"rendered":"\t\t<div data-elementor-type=\"product-post\" data-elementor-id=\"11054\" class=\"elementor elementor-11054 elementor-10990\">\n\t\t\t\t\t\t\t\t\t<section class=\"elementor-section elementor-top-section elementor-element elementor-element-180381d elementor-section-boxed elementor-section-height-default elementor-section-height-default\" data-id=\"180381d\" data-element_type=\"section\">\n\t\t\t\t\t\t<div class=\"elementor-container elementor-column-gap-default\">\n\t\t\t\t\t<div class=\"elementor-column elementor-col-100 elementor-top-column elementor-element elementor-element-e70494a\" data-id=\"e70494a\" data-element_type=\"column\">\n\t\t\t<div class=\"elementor-widget-wrap elementor-element-populated\">\n\t\t\t\t\t\t\t\t<div class=\"elementor-element elementor-element-fc7a0bb elementor-widget elementor-widget-heading\" data-id=\"fc7a0bb\" data-element_type=\"widget\" data-widget_type=\"heading.default\">\n\t\t\t\t<div class=\"elementor-widget-container\">\n\t\t\t<style>\/*! elementor - v3.7.0 - 08-08-2022 *\/\n.elementor-heading-title{padding:0;margin:0;line-height:1}.elementor-widget-heading .elementor-heading-title[class*=elementor-size-]>a{color:inherit;font-size:inherit;line-height:inherit}.elementor-widget-heading .elementor-heading-title.elementor-size-small{font-size:15px}.elementor-widget-heading .elementor-heading-title.elementor-size-medium{font-size:19px}.elementor-widget-heading .elementor-heading-title.elementor-size-large{font-size:29px}.elementor-widget-heading .elementor-heading-title.elementor-size-xl{font-size:39px}.elementor-widget-heading .elementor-heading-title.elementor-size-xxl{font-size:59px}<\/style><h2 class=\"elementor-heading-title elementor-size-default\">Definici\u00f3n<\/h2>\t\t<\/div>\n\t\t\t\t<\/div>\n\t\t\t\t<div class=\"elementor-element elementor-element-d6bb6f7 elementor-widget elementor-widget-text-editor\" data-id=\"d6bb6f7\" data-element_type=\"widget\" data-widget_type=\"text-editor.default\">\n\t\t\t\t<div class=\"elementor-widget-container\">\n\t\t\t<style>\/*! elementor - v3.7.0 - 08-08-2022 *\/\n.elementor-widget-text-editor.elementor-drop-cap-view-stacked .elementor-drop-cap{background-color:#818a91;color:#fff}.elementor-widget-text-editor.elementor-drop-cap-view-framed .elementor-drop-cap{color:#818a91;border:3px solid;background-color:transparent}.elementor-widget-text-editor:not(.elementor-drop-cap-view-default) .elementor-drop-cap{margin-top:8px}.elementor-widget-text-editor:not(.elementor-drop-cap-view-default) .elementor-drop-cap-letter{width:1em;height:1em}.elementor-widget-text-editor .elementor-drop-cap{float:left;text-align:center;line-height:1;font-size:50px}.elementor-widget-text-editor .elementor-drop-cap-letter{display:inline-block}<\/style>\t\t\t\t<p>La m\u00e1quina de marcado vial de extrusi\u00f3n termopl\u00e1stica multifuncional tipo conducci\u00f3n es un equipo pr\u00e1ctico y multifuncional, presenta una funci\u00f3n de extrusi\u00f3n termopl\u00e1stica, tiene un alto nivel de automatizaci\u00f3n, alto coeficiente de seguridad, puede ayudar a reducir la intensidad de la mano de obra y mejorar la eficiencia de la construcci\u00f3n.<\/p>\n<p><span style=\"color: var( --e-global-color-text ); font-family: var( --e-global-typography-text-font-family ), Sans-serif; font-weight: var( --e-global-typography-text-font-weight ); background-color: var( --e-global-color-secondary );\">Seg\u00fan los requisitos de los clientes, la m\u00e1quina se puede aplicar a la pulverizaci\u00f3n de fusi\u00f3n en caliente, extrusi\u00f3n de fusi\u00f3n en caliente, vibraci\u00f3n de fusi\u00f3n en caliente y raspado de fusi\u00f3n en caliente, etc., simplemente reemplazando algunas piezas.<\/span><\/p>\n<p>Estraffic ofrece m\u00e1quinas de marcado vial de extrusi\u00f3n termopl\u00e1stica de tipo intermedio con diferentes vol\u00famenes de dep\u00f3sito y anchos de pulverizaci\u00f3n. Todas ellas utilizan componentes de marcas de renombre mundial y tecnolog\u00eda patentada propia, y la pr\u00e1ctica ha demostrado que la m\u00e1quina tiene un rendimiento estable y confiable. <\/p>\n\t\t\t\t\t\t<\/div>\n\t\t\t\t<\/div>\n\t\t\t\t<div class=\"elementor-element elementor-element-7072596 elementor-widget elementor-widget-heading\" data-id=\"7072596\" data-element_type=\"widget\" data-widget_type=\"heading.default\">\n\t\t\t\t<div class=\"elementor-widget-container\">\n\t\t\t<h2 class=\"elementor-heading-title elementor-size-default\">Especificaci\u00f3n<\/h2>\t\t<\/div>\n\t\t\t\t<\/div>\n\t\t\t\t<div class=\"elementor-element elementor-element-bf299ce elementor-widget elementor-widget-text-editor\" data-id=\"bf299ce\" data-element_type=\"widget\" data-widget_type=\"text-editor.default\">\n\t\t\t\t<div class=\"elementor-widget-container\">\n\t\t\t\t\t\t\t<table width=\"753\">\n<tbody>\n<tr>\n<td width=\"377\">\n<p>Motor<\/p>\n<\/td>\n<td width=\"377\">\n<p>Motor de gasolina Honda GX270 (LPG)<\/p>\n<\/td>\n<\/tr>\n<tr>\n<td width=\"377\">\n<p>M\u00e9todo de calor<\/p>\n<\/td>\n<td width=\"377\">\n<p>GLP<\/p>\n<\/td>\n<\/tr>\n<tr>\n<td width=\"377\">\n<p>Sistema de control del veh\u00edculo<\/p>\n<\/td>\n<td width=\"377\">\n<p>Placa de ordenador CPU importada de Siemens<\/p>\n<\/td>\n<\/tr>\n<tr>\n<td width=\"377\">\n<p>Patr\u00f3n de trabajo<\/p>\n<\/td>\n<td width=\"377\">\n<p>Dual mode\uff08flat line and rib line\uff09<\/p>\n<\/td>\n<\/tr>\n<tr>\n<td width=\"377\">\n<p>Sistema de conducci\u00f3n<\/p>\n<\/td>\n<td width=\"377\">\n<p>Alimentaci\u00f3n a GLP, accionamiento hidr\u00e1ulico, velocidades infinitamente variables.<\/p>\n<\/td>\n<\/tr>\n<tr>\n<td width=\"377\">\n<p>Compresor<\/p>\n<\/td>\n<td width=\"377\">\n<p>Compresor de aire importado<\/p>\n<\/td>\n<\/tr>\n<tr>\n<td width=\"377\">\n<p>Presi\u00f3n de trabajo<\/p>\n<\/td>\n<td width=\"377\">\n<p>Presi\u00f3n de la bomba de explosi\u00f3n: 0,4\u20140,6 kg<\/p>\n<\/td>\n<\/tr>\n<tr>\n<td width=\"377\">\n<p>Capacidad del tanque de pintura<\/p>\n<\/td>\n<td width=\"377\">\n<p>0,1413 m\u00b3 (puede contener aproximadamente 225 kg de pintura)<\/p>\n<\/td>\n<\/tr>\n<tr>\n<td width=\"377\">\n<p>Capacidad de la caja de cuentas<\/p>\n<\/td>\n<td width=\"377\">\n<p>20 kilos<\/p>\n<\/td>\n<\/tr>\n<tr>\n<td width=\"377\">\n<p>Velocidad de trabajo<\/p>\n<\/td>\n<td width=\"377\">\n<p>0\u201415km\/h<\/p>\n<\/td>\n<\/tr>\n<tr>\n<td width=\"377\">\n<p>Altura de la l\u00ednea de costillas<\/p>\n<\/td>\n<td width=\"377\">\n<p>0-10mm<\/p>\n<\/td>\n<\/tr>\n<tr>\n<td width=\"377\">\n<p>Ancho de l\u00ednea<\/p>\n<\/td>\n<td width=\"377\">\n<p>50-450 mm (opcional)<\/p>\n<\/td>\n<\/tr>\n<tr>\n<td width=\"377\">\n<p>Rueda de veh\u00edculo<\/p>\n<\/td>\n<td width=\"377\">\n<p>2 ruedas delanteras y 2 traseras, material Duralon, 15\u00d76,00\u20146NHS<\/p>\n<\/td>\n<\/tr>\n<tr>\n<td width=\"377\">\n<p>L\u00e1mpara<\/p>\n<\/td>\n<td width=\"377\">\n<p>L\u00e1mpara de iluminaci\u00f3n LED, luz de precauci\u00f3n, luz de giro, l\u00e1mpara de visualizaci\u00f3n del panel de control<\/p>\n<\/td>\n<\/tr>\n<tr>\n<td width=\"377\">\n<p>Modo de calefacci\u00f3n<\/p>\n<\/td>\n<td width=\"377\">\n<p>Calefacci\u00f3n con gas licuado de petr\u00f3leo<\/p>\n<\/td>\n<\/tr>\n<tr>\n<td width=\"377\">\n<p>Longitud del puntero<\/p>\n<\/td>\n<td width=\"377\">\n<p>2m (tipo extensi\u00f3n)<\/p>\n<\/td>\n<\/tr>\n<tr>\n<td width=\"377\">\n<p>Tama\u00f1o y peso<\/p>\n<\/p>\n<\/td>\n<td width=\"377\">\n<p>1900 mm \u00d7 1220 mm \u00d7 1300 mm (no incluye puntero)<\/p>\n<\/td>\n<\/tr>\n<tr>\n<td width=\"377\">\n<p>Peso<\/p>\n<\/td>\n<td width=\"377\">\n<p>570kg<\/p>\n<\/td>\n<\/tr>\n<\/tbody>\n<\/table>\n\t\t\t\t\t\t<\/div>\n\t\t\t\t<\/div>\n\t\t\t\t<div class=\"elementor-element elementor-element-e6c3564 elementor-widget elementor-widget-heading\" data-id=\"e6c3564\" data-element_type=\"widget\" data-widget_type=\"heading.default\">\n\t\t\t\t<div class=\"elementor-widget-container\">\n\t\t\t<h2 class=\"elementor-heading-title elementor-size-default\">Caracter\u00edsticas<\/h2>\t\t<\/div>\n\t\t\t\t<\/div>\n\t\t\t\t<div class=\"elementor-element elementor-element-c26ae21 elementor-widget elementor-widget-text-editor\" data-id=\"c26ae21\" data-element_type=\"widget\" data-widget_type=\"text-editor.default\">\n\t\t\t\t<div class=\"elementor-widget-container\">\n\t\t\t\t\t\t\t<ul>\n<li>R\u00e1pida velocidad de construcci\u00f3n y alta eficiencia.<\/li>\n<li>Pertenecer a equipos de construcci\u00f3n de mayor tama\u00f1o, reduciendo las v\u00edctimas causadas por accidentes de tr\u00e1nsito durante el proceso de construcci\u00f3n.<\/li>\n<li>Ciclo largo sin mantenimiento, duradero y de larga duraci\u00f3n.<\/li>\n<li>Proceso de construcci\u00f3n por extrusi\u00f3n, control preciso de la dosificaci\u00f3n del recubrimiento, evitando consumos innecesarios.<\/li>\n<li>F\u00e1cil de usar y amigable (control de crucero, sistema inform\u00e1tico, etc.)<\/li>\n<li>Los m\u00e9todos de operaci\u00f3n y construcci\u00f3n se convierten r\u00e1pidamente y el equipo de marcado se puede instalar de un lado a otro en media hora.<\/li>\n<li>Mantenimiento m\u00ednimo (componentes de alta calidad) y mantenimiento f\u00e1cil y conveniente.<\/li>\n<li>Equipos de marcado personalizables seg\u00fan las necesidades del cliente<\/li>\n<\/ul>\n\t\t\t\t\t\t<\/div>\n\t\t\t\t<\/div>\n\t\t\t\t<section class=\"elementor-section elementor-inner-section elementor-element elementor-element-ebdb0f8 elementor-section-boxed elementor-section-height-default elementor-section-height-default\" data-id=\"ebdb0f8\" data-element_type=\"section\">\n\t\t\t\t\t\t<div class=\"elementor-container elementor-column-gap-default\">\n\t\t\t\t\t<div class=\"elementor-column elementor-col-100 elementor-inner-column elementor-element elementor-element-7823f6b\" data-id=\"7823f6b\" data-element_type=\"column\">\n\t\t\t<div class=\"elementor-widget-wrap\">\n\t\t\t\t\t\t\t\t\t<\/div>\n\t\t<\/div>\n\t\t\t\t\t\t\t<\/div>\n\t\t<\/section>\n\t\t\t\t\t<\/div>\n\t\t<\/div>\n\t\t\t\t\t\t\t<\/div>\n\t\t<\/section>\n\t\t\t\t\t\t\t<\/div>\n\t\t","protected":false},"excerpt":{"rendered":"<p>La m\u00e1quina de marcado vial de extrusi\u00f3n termopl\u00e1stica multifuncional tipo conducci\u00f3n es un equipo pr\u00e1ctico y multifuncional, presenta una funci\u00f3n de extrusi\u00f3n termopl\u00e1stica, tiene un alto nivel de automatizaci\u00f3n, alto coeficiente de seguridad, puede ayudar a reducir la intensidad de la mano de obra y mejorar la eficiencia de la construcci\u00f3n.<\/p>\n","protected":false},"featured_media":11000,"comment_status":"open","ping_status":"closed","template":"","meta":{"_monsterinsights_skip_tracking":false,"_monsterinsights_sitenote_active":false,"_monsterinsights_sitenote_note":"","_monsterinsights_sitenote_category":0,"spay_email":"","jetpack_publicize_message":"","jetpack_is_tweetstorm":false,"jetpack_publicize_feature_enabled":true},"product_cat":[337,647,315,294],"product_tag":[666,672,671],"class_list":["post-11054","product","type-product","status-publish","has-post-thumbnail","hentry","product_cat-maquina-de-marcado-de-carreteras","product_cat-maquina-de-marcado-de-carreteras-tipo-conduccion","product_cat-producto","product_cat-sin-categorizar","product_tag-maquina-de-marcado-de-carreteras-tipo-conduccion","product_tag-maquina-de-marcado-vial-por-extrusion-de-termoplastico","product_tag-maquina-de-marcado-vial-por-extrusion-de-termoplasticos-de-tipo-impulsor"],"aioseo_notices":[],"_links":{"self":[{"href":"https:\/\/everstartraffic.com\/es\/wp-json\/wp\/v2\/product\/11054","targetHints":{"allow":["GET"]}}],"collection":[{"href":"https:\/\/everstartraffic.com\/es\/wp-json\/wp\/v2\/product"}],"about":[{"href":"https:\/\/everstartraffic.com\/es\/wp-json\/wp\/v2\/types\/product"}],"replies":[{"embeddable":true,"href":"https:\/\/everstartraffic.com\/es\/wp-json\/wp\/v2\/comments?post=11054"}],"version-history":[{"count":1,"href":"https:\/\/everstartraffic.com\/es\/wp-json\/wp\/v2\/product\/11054\/revisions"}],"predecessor-version":[{"id":11055,"href":"https:\/\/everstartraffic.com\/es\/wp-json\/wp\/v2\/product\/11054\/revisions\/11055"}],"wp:featuredmedia":[{"embeddable":true,"href":"https:\/\/everstartraffic.com\/es\/wp-json\/wp\/v2\/media\/11000"}],"wp:attachment":[{"href":"https:\/\/everstartraffic.com\/es\/wp-json\/wp\/v2\/media?parent=11054"}],"wp:term":[{"taxonomy":"product_cat","embeddable":true,"href":"https:\/\/everstartraffic.com\/es\/wp-json\/wp\/v2\/product_cat?post=11054"},{"taxonomy":"product_tag","embeddable":true,"href":"https:\/\/everstartraffic.com\/es\/wp-json\/wp\/v2\/product_tag?post=11054"}],"curies":[{"name":"wp","href":"https:\/\/api.w.org\/{rel}","templated":true}]}}