{"id":11052,"date":"2025-01-16T02:29:41","date_gmt":"2025-01-16T02:29:41","guid":{"rendered":"https:\/\/www.everstartraffic.com\/product\/maquina-de-marcado-vial-termoplastica-de-conduccion-automatica\/"},"modified":"2025-01-23T09:50:43","modified_gmt":"2025-01-23T09:50:43","slug":"maquina-de-marcado-vial-termoplastica-de-conduccion-automatica","status":"publish","type":"product","link":"https:\/\/everstartraffic.com\/es\/product\/maquina-de-marcado-vial-termoplastica-de-conduccion-automatica\/","title":{"rendered":"M\u00e1quina de marcado vial termopl\u00e1stica de conducci\u00f3n autom\u00e1tica"},"content":{"rendered":"\t\t<div data-elementor-type=\"product-post\" data-elementor-id=\"11052\" class=\"elementor elementor-11052 elementor-10906\">\n\t\t\t\t\t\t\t\t\t<section class=\"elementor-section elementor-top-section elementor-element elementor-element-36dae31 elementor-section-boxed elementor-section-height-default elementor-section-height-default\" data-id=\"36dae31\" data-element_type=\"section\">\n\t\t\t\t\t\t<div class=\"elementor-container elementor-column-gap-default\">\n\t\t\t\t\t<div class=\"elementor-column elementor-col-100 elementor-top-column elementor-element elementor-element-d2e5246\" data-id=\"d2e5246\" data-element_type=\"column\">\n\t\t\t<div class=\"elementor-widget-wrap elementor-element-populated\">\n\t\t\t\t\t\t\t\t<div class=\"elementor-element elementor-element-5f193f8 elementor-widget elementor-widget-heading\" data-id=\"5f193f8\" data-element_type=\"widget\" data-widget_type=\"heading.default\">\n\t\t\t\t<div class=\"elementor-widget-container\">\n\t\t\t<style>\/*! elementor - v3.7.0 - 08-08-2022 *\/\n.elementor-heading-title{padding:0;margin:0;line-height:1}.elementor-widget-heading .elementor-heading-title[class*=elementor-size-]>a{color:inherit;font-size:inherit;line-height:inherit}.elementor-widget-heading .elementor-heading-title.elementor-size-small{font-size:15px}.elementor-widget-heading .elementor-heading-title.elementor-size-medium{font-size:19px}.elementor-widget-heading .elementor-heading-title.elementor-size-large{font-size:29px}.elementor-widget-heading .elementor-heading-title.elementor-size-xl{font-size:39px}.elementor-widget-heading .elementor-heading-title.elementor-size-xxl{font-size:59px}<\/style><h2 class=\"elementor-heading-title elementor-size-default\">Definici\u00f3n<\/h2>\t\t<\/div>\n\t\t\t\t<\/div>\n\t\t\t\t<div class=\"elementor-element elementor-element-cba3657 elementor-widget elementor-widget-text-editor\" data-id=\"cba3657\" data-element_type=\"widget\" data-widget_type=\"text-editor.default\">\n\t\t\t\t<div class=\"elementor-widget-container\">\n\t\t\t<style>\/*! elementor - v3.7.0 - 08-08-2022 *\/\n.elementor-widget-text-editor.elementor-drop-cap-view-stacked .elementor-drop-cap{background-color:#818a91;color:#fff}.elementor-widget-text-editor.elementor-drop-cap-view-framed .elementor-drop-cap{color:#818a91;border:3px solid;background-color:transparent}.elementor-widget-text-editor:not(.elementor-drop-cap-view-default) .elementor-drop-cap{margin-top:8px}.elementor-widget-text-editor:not(.elementor-drop-cap-view-default) .elementor-drop-cap-letter{width:1em;height:1em}.elementor-widget-text-editor .elementor-drop-cap{float:left;text-align:center;line-height:1;font-size:50px}.elementor-widget-text-editor .elementor-drop-cap-letter{display:inline-block}<\/style>\t\t\t\t<p><span lang=\"EN-US\">Autom\u00e1ticoM\u00e1quina de marcado de carreteras de l\u00ednea plana, l\u00ednea convexa, enrasadora termopl\u00e1stica de tipo de conducci\u00f3n autom\u00e1tica<\/span><u><\/u>La m\u00e1quina de marcado de carreteras con enrasado termopl\u00e1stico de tipo abridor es adecuada para marcar carreteras, carreteras urbanas y carreteras locales con grandes \u00e1reas de construcci\u00f3n. Tipo I: enrasadora neum\u00e1tica de zapata de marcado de l\u00edneas planas. Tipo II: enrasadora neum\u00e1tica de zapata de marcado de l\u00edneas planas o convexas.  <\/p>\n\t\t\t\t\t\t<\/div>\n\t\t\t\t<\/div>\n\t\t\t\t\t<\/div>\n\t\t<\/div>\n\t\t\t\t\t\t\t<\/div>\n\t\t<\/section>\n\t\t\t\t<section class=\"elementor-section elementor-top-section elementor-element elementor-element-4c80fce elementor-section-boxed elementor-section-height-default elementor-section-height-default\" data-id=\"4c80fce\" data-element_type=\"section\">\n\t\t\t\t\t\t<div class=\"elementor-container elementor-column-gap-default\">\n\t\t\t\t\t<div class=\"elementor-column elementor-col-100 elementor-top-column elementor-element elementor-element-8927271\" data-id=\"8927271\" data-element_type=\"column\">\n\t\t\t<div class=\"elementor-widget-wrap elementor-element-populated\">\n\t\t\t\t\t\t\t\t<section class=\"elementor-section elementor-inner-section elementor-element elementor-element-cbb1786 elementor-section-boxed elementor-section-height-default elementor-section-height-default\" data-id=\"cbb1786\" data-element_type=\"section\">\n\t\t\t\t\t\t<div class=\"elementor-container elementor-column-gap-default\">\n\t\t\t\t\t<div class=\"elementor-column elementor-col-100 elementor-inner-column elementor-element elementor-element-a9ddfc2\" data-id=\"a9ddfc2\" data-element_type=\"column\">\n\t\t\t<div class=\"elementor-widget-wrap elementor-element-populated\">\n\t\t\t\t\t\t\t\t<div class=\"elementor-element elementor-element-0ea4b0f elementor-widget elementor-widget-image\" data-id=\"0ea4b0f\" data-element_type=\"widget\" data-widget_type=\"image.default\">\n\t\t\t\t<div class=\"elementor-widget-container\">\n\t\t\t<style>\/*! elementor - v3.7.0 - 08-08-2022 *\/\n.elementor-widget-image{text-align:center}.elementor-widget-image a{display:inline-block}.elementor-widget-image a img[src$=\".svg\"]{width:48px}.elementor-widget-image img{vertical-align:middle;display:inline-block}<\/style>\t\t\t\t\t\t\t\t\t\t\t\t<img loading=\"lazy\" decoding=\"async\" width=\"536\" height=\"400\" src=\"https:\/\/everstartraffic.com\/wp-content\/uploads\/2025\/01\/driving-type-middle-size-thermoplastic-road-marking-machine-1.jpg\" class=\"attachment-medium_large size-medium_large\" alt=\"driving type middle size thermoplastic road marking machine (1)\" srcset=\"https:\/\/everstartraffic.com\/wp-content\/uploads\/2025\/01\/driving-type-middle-size-thermoplastic-road-marking-machine-1.jpg 536w, https:\/\/everstartraffic.com\/wp-content\/uploads\/2025\/01\/driving-type-middle-size-thermoplastic-road-marking-machine-1-300x224.jpg 300w\" sizes=\"auto, (max-width: 536px) 100vw, 536px\" \/>\t\t\t\t\t\t\t\t\t\t\t\t\t\t\t<\/div>\n\t\t\t\t<\/div>\n\t\t\t\t\t<\/div>\n\t\t<\/div>\n\t\t\t\t\t\t\t<\/div>\n\t\t<\/section>\n\t\t\t\t<div class=\"elementor-element elementor-element-3a1e2d2 elementor-widget elementor-widget-heading\" data-id=\"3a1e2d2\" data-element_type=\"widget\" data-widget_type=\"heading.default\">\n\t\t\t\t<div class=\"elementor-widget-container\">\n\t\t\t<h2 class=\"elementor-heading-title elementor-size-default\">Especificaci\u00f3n<\/h2>\t\t<\/div>\n\t\t\t\t<\/div>\n\t\t\t\t<div class=\"elementor-element elementor-element-29ffe42 elementor-widget elementor-widget-text-editor\" data-id=\"29ffe42\" data-element_type=\"widget\" data-widget_type=\"text-editor.default\">\n\t\t\t\t<div class=\"elementor-widget-container\">\n\t\t\t\t\t\t\t\t\t\t\t\t\t<\/div>\n\t\t\t\t<\/div>\n\t\t\t\t<section class=\"elementor-section elementor-inner-section elementor-element elementor-element-121f33a elementor-section-boxed elementor-section-height-default elementor-section-height-default\" data-id=\"121f33a\" data-element_type=\"section\">\n\t\t\t\t\t\t<div class=\"elementor-container elementor-column-gap-default\">\n\t\t\t\t\t<div class=\"elementor-column elementor-col-100 elementor-inner-column elementor-element elementor-element-2ec7957\" data-id=\"2ec7957\" data-element_type=\"column\">\n\t\t\t<div class=\"elementor-widget-wrap elementor-element-populated\">\n\t\t\t\t\t\t\t\t<div class=\"elementor-element elementor-element-e00dfc9 elementor-widget elementor-widget-text-editor\" data-id=\"e00dfc9\" data-element_type=\"widget\" data-widget_type=\"text-editor.default\">\n\t\t\t\t<div class=\"elementor-widget-container\">\n\t\t\t\t\t\t\t<table width=\"661\">\n<tbody>\n<tr>\n<td colspan=\"2\" width=\"661\">\n<p>M\u00e1quina de marcado de carreteras de l\u00ednea plana termopl\u00e1stica tipo conducci\u00f3n<\/p>\n<\/td>\n<\/tr>\n<tr>\n<td width=\"330\">\n<p>Motor<\/p>\n<\/td>\n<td width=\"330\">\n<p>Motor di\u00e9sel de 35 KW<\/p>\n<\/td>\n<\/tr>\n<tr>\n<td width=\"330\">\n<p>Compresor de aire<\/p>\n<\/td>\n<td width=\"330\">\n<p>0.6 m3\/min<\/p>\n<\/td>\n<\/tr>\n<tr>\n<td width=\"330\">\n<p>Modo de calefacci\u00f3n<\/p>\n<\/td>\n<td width=\"330\">\n<p>Gas licuado de petr\u00f3leo, quemador infrarrojo, control autom\u00e1tico de temperatura.<\/p>\n<\/td>\n<\/tr>\n<tr>\n<td width=\"330\">\n<p>Capacidad del tanque de pintura<\/p>\n<\/td>\n<td width=\"330\">\n<p>Tanque de presi\u00f3n de 250 L<\/p>\n<\/td>\n<\/tr>\n<tr>\n<td width=\"330\">\n<p>Contenedor de perlas de vidrio<\/p>\n<\/td>\n<td width=\"330\">\n<p>120 litros<\/p>\n<\/td>\n<\/tr>\n<tr>\n<td width=\"330\">\n<p>Equipo de marcado<\/p>\n<\/td>\n<td width=\"330\">\n<p>Zapata neum\u00e1tica para marcado de l\u00edneas planas<\/p>\n<\/td>\n<\/tr>\n<tr>\n<td width=\"330\">\n<p>Configuraci\u00f3n est\u00e1ndar<\/p>\n<\/td>\n<td width=\"330\">\n<p>150 mil\u00edmetros<\/p>\n<\/td>\n<\/tr>\n<tr>\n<td width=\"330\">\n<p>Ancho de marcado <\/p>\n<\/p>\n<\/td>\n<td width=\"330\">\n<p>100 mm, 200 mm, 250 mm, 300 mm (opcional)<\/p>\n<\/td>\n<\/tr>\n<tr>\n<td width=\"330\">\n<p>Grosor del marcado<\/p>\n<\/td>\n<td width=\"330\">\n<p>1,8 mm &#8211; 3,5 mm (ajustable)<\/p>\n<\/td>\n<\/tr>\n<tr>\n<td width=\"330\">\n<p>Sistema de control <\/p>\n<\/td>\n<td width=\"330\">\n<p>Sistema de control inteligente digital<\/p>\n<\/td>\n<\/tr>\n<tr>\n<td width=\"330\">\n<p>Dimensiones (L*An*Al) <\/p>\n<\/td>\n<td width=\"330\">\n<p>4100 mm \u00d7 1900 mm \u00d7 2100 mm<\/p>\n<\/td>\n<\/tr>\n<tr>\n<td width=\"330\">\n<p>Peso <\/p>\n<\/td>\n<td width=\"330\">\n<p>2260 kg<\/p>\n<\/td>\n<\/tr>\n<tr>\n<td width=\"330\">\n<p>Sistema opcional <\/p>\n<\/td>\n<td width=\"330\">\n<p>Pantalla de advertencia de gu\u00eda, sistema de premarcado y remolque<\/p>\n<\/td>\n<\/tr>\n<tr>\n<td colspan=\"2\" width=\"661\">\n<p>M\u00e1quina de marcado de carreteras de l\u00ednea convexa termopl\u00e1stica de tipo de conducci\u00f3n<\/p>\n<\/td>\n<\/tr>\n<tr>\n<td width=\"330\">\n<p>Motor<\/p>\n<\/td>\n<td width=\"330\">\n<p>Motor di\u00e9sel de 35 KW<\/p>\n<\/td>\n<\/tr>\n<tr>\n<td width=\"330\">\n<p>Compresor de aire<\/p>\n<\/td>\n<td width=\"330\">\n<p>0.6 m3\/min<\/p>\n<\/td>\n<\/tr>\n<tr>\n<td width=\"330\">\n<p>Modo de calefacci\u00f3n<\/p>\n<\/td>\n<td width=\"330\">\n<p>Gas licuado de petr\u00f3leo, quemador infrarrojo, control autom\u00e1tico de temperatura.<\/p>\n<\/td>\n<\/tr>\n<tr>\n<td width=\"330\">\n<p>Capacidad del tanque de pintura<\/p>\n<\/td>\n<td width=\"330\">\n<p>Tanque de presi\u00f3n de 250 L<\/p>\n<\/td>\n<\/tr>\n<tr>\n<td width=\"330\">\n<p>Contenedor de perlas de vidrio<\/p>\n<\/td>\n<td width=\"330\">\n<p>120 litros<\/p>\n<\/td>\n<\/tr>\n<tr>\n<td width=\"330\">\n<p>Equipo de marcado<\/p>\n<\/td>\n<td width=\"330\">\n<p>Zapata neum\u00e1tica para marcado de l\u00edneas planas o convexas<\/p>\n<\/td>\n<\/tr>\n<tr>\n<td width=\"330\">\n<p>Configuraci\u00f3n est\u00e1ndar<\/p>\n<\/td>\n<td width=\"330\">\n<p>150 mil\u00edmetros<\/p>\n<\/td>\n<\/tr>\n<tr>\n<td width=\"330\">\n<p>Ancho de marcado <\/p>\n<\/p>\n<\/td>\n<td width=\"330\">\n<p>100 mm, 200 mm, 250 mm, 300 mm (opcional)<\/p>\n<\/td>\n<\/tr>\n<tr>\n<td width=\"330\">\n<p>Grosor del marcado<\/p>\n<\/td>\n<td width=\"330\">\n<p>L\u00ednea inferior 1,0 mm &#8211; 2,5 mm (ajustable)<\/p>\n<p>Altura convexa 3 mm &#8211; 7 mm (ajustable)<\/p>\n<\/td>\n<\/tr>\n<tr>\n<td width=\"330\">\n<p>Sistema de control <\/p>\n<\/td>\n<td width=\"330\">\n<p>Sistema de control inteligente digital<\/p>\n<\/td>\n<\/tr>\n<tr>\n<td width=\"330\">\n<p>Dimensiones (L*An*Al) <\/p>\n<\/td>\n<td width=\"330\">\n<p>4100 mm \u00d7 1900 mm \u00d7 2100 mm<\/p>\n<\/td>\n<\/tr>\n<tr>\n<td width=\"330\">\n<p>Peso <\/p>\n<\/td>\n<td width=\"330\">\n<p>2260 kg<\/p>\n<\/td>\n<\/tr>\n<tr>\n<td width=\"330\">\n<p>Sistema opcional <\/p>\n<\/td>\n<td width=\"330\">\n<p>Pantalla de advertencia de gu\u00eda, sistema de premarcado y remolque<\/p>\n<\/td>\n<\/tr>\n<\/tbody>\n<\/table>\n\t\t\t\t\t\t<\/div>\n\t\t\t\t<\/div>\n\t\t\t\t\t<\/div>\n\t\t<\/div>\n\t\t\t\t\t\t\t<\/div>\n\t\t<\/section>\n\t\t\t\t\t<\/div>\n\t\t<\/div>\n\t\t\t\t\t\t\t<\/div>\n\t\t<\/section>\n\t\t\t\t<section class=\"elementor-section elementor-top-section elementor-element elementor-element-71cb2cc elementor-section-boxed elementor-section-height-default elementor-section-height-default\" data-id=\"71cb2cc\" data-element_type=\"section\">\n\t\t\t\t\t\t<div class=\"elementor-container elementor-column-gap-default\">\n\t\t\t\t\t<div class=\"elementor-column elementor-col-100 elementor-top-column elementor-element elementor-element-1c35045\" data-id=\"1c35045\" data-element_type=\"column\">\n\t\t\t<div class=\"elementor-widget-wrap elementor-element-populated\">\n\t\t\t\t\t\t\t\t<div class=\"elementor-element elementor-element-3e6c0fc elementor-widget elementor-widget-heading\" data-id=\"3e6c0fc\" data-element_type=\"widget\" data-widget_type=\"heading.default\">\n\t\t\t\t<div class=\"elementor-widget-container\">\n\t\t\t<h2 class=\"elementor-heading-title elementor-size-default\">Caracter\u00edsticas<\/h2>\t\t<\/div>\n\t\t\t\t<\/div>\n\t\t\t\t\t<\/div>\n\t\t<\/div>\n\t\t\t\t\t\t\t<\/div>\n\t\t<\/section>\n\t\t\t\t<section class=\"elementor-section elementor-top-section elementor-element elementor-element-c468548 elementor-section-boxed elementor-section-height-default elementor-section-height-default\" data-id=\"c468548\" data-element_type=\"section\">\n\t\t\t\t\t\t<div class=\"elementor-container elementor-column-gap-default\">\n\t\t\t\t\t<div class=\"elementor-column elementor-col-100 elementor-top-column elementor-element elementor-element-19f494c\" data-id=\"19f494c\" data-element_type=\"column\">\n\t\t\t<div class=\"elementor-widget-wrap elementor-element-populated\">\n\t\t\t\t\t\t\t\t<div class=\"elementor-element elementor-element-4e8b06d elementor-widget elementor-widget-text-editor\" data-id=\"4e8b06d\" data-element_type=\"widget\" data-widget_type=\"text-editor.default\">\n\t\t\t\t<div class=\"elementor-widget-container\">\n\t\t\t\t\t\t\t<ol>\n<li>Accionamiento hidr\u00e1ulico avanzado con sistema de control de velocidad infinitamente variable, controla y ajusta la velocidad con mayor precisi\u00f3n.<\/li>\n<li>El dise\u00f1o de optimizaci\u00f3n de la unidad puede controlar la m\u00e1quina de manera m\u00e1s eficiente y segura en caso de emergencia.<\/li>\n<li>Tanque de pintura presurizado de mayor capacidad y contenedor de perlas de vidrio, mantienen la continuidad del trabajo de marcado a larga distancia.<\/li>\n<li>El aceite conductor y el agitador hidr\u00e1ulico vertical interno garantizan un calentamiento eficiente y uniforme.<\/li>\n<li>La estructura de regla hace que las marcas sean m\u00e1s rectas y hermosas.<\/li>\n<li>Horno infrarrojo, ahorra combustible m\u00e1s del 50%, 3 veces m\u00e1s eficiencia t\u00e9rmica que un horno normal.<\/li>\n<li>Sistema de control por computadora sensible, preciso y estable, realiza m\u00e1s f\u00e1cilmente todas las operaciones.<\/li>\n<li>Sistema de advertencia en todas las direcciones, garantiza mayor seguridad durante la construcci\u00f3n.<\/li>\n<\/ol>\n\t\t\t\t\t\t<\/div>\n\t\t\t\t<\/div>\n\t\t\t\t\t<\/div>\n\t\t<\/div>\n\t\t\t\t\t\t\t<\/div>\n\t\t<\/section>\n\t\t\t\t<section class=\"elementor-section elementor-top-section elementor-element elementor-element-8d3b433 elementor-section-boxed elementor-section-height-default elementor-section-height-default\" data-id=\"8d3b433\" data-element_type=\"section\">\n\t\t\t\t\t\t<div class=\"elementor-container elementor-column-gap-default\">\n\t\t\t\t\t<div class=\"elementor-column elementor-col-100 elementor-top-column elementor-element elementor-element-0ca5fb0\" data-id=\"0ca5fb0\" data-element_type=\"column\">\n\t\t\t<div class=\"elementor-widget-wrap elementor-element-populated\">\n\t\t\t\t\t\t\t\t<div class=\"elementor-element elementor-element-4018dd6 elementor-widget elementor-widget-heading\" data-id=\"4018dd6\" data-element_type=\"widget\" data-widget_type=\"heading.default\">\n\t\t\t\t<div class=\"elementor-widget-container\">\n\t\t\t<h2 class=\"elementor-heading-title elementor-size-default\">Fotos<\/h2>\t\t<\/div>\n\t\t\t\t<\/div>\n\t\t\t\t\t<\/div>\n\t\t<\/div>\n\t\t\t\t\t\t\t<\/div>\n\t\t<\/section>\n\t\t\t\t<section class=\"elementor-section elementor-top-section elementor-element elementor-element-2aac7d7 elementor-section-boxed elementor-section-height-default elementor-section-height-default\" data-id=\"2aac7d7\" data-element_type=\"section\">\n\t\t\t\t\t\t<div class=\"elementor-container elementor-column-gap-default\">\n\t\t\t\t\t<div class=\"elementor-column elementor-col-100 elementor-top-column elementor-element elementor-element-81f418f\" data-id=\"81f418f\" data-element_type=\"column\">\n\t\t\t<div class=\"elementor-widget-wrap elementor-element-populated\">\n\t\t\t\t\t\t\t\t<div class=\"elementor-element elementor-element-4833637 elementor-widget elementor-widget-image\" data-id=\"4833637\" data-element_type=\"widget\" data-widget_type=\"image.default\">\n\t\t\t\t<div class=\"elementor-widget-container\">\n\t\t\t\t\t\t\t\t\t\t\t\t\t\t\t<img loading=\"lazy\" decoding=\"async\" width=\"600\" height=\"600\" src=\"https:\/\/everstartraffic.com\/wp-content\/uploads\/2025\/01\/driving-type-middle-size-thermoplastic-road-marking-machine-2_\u526f\u672c-1.jpg\" class=\"attachment-large size-large\" alt=\"driving type middle size thermoplastic road marking machine 2_\u526f\u672c\" srcset=\"https:\/\/everstartraffic.com\/wp-content\/uploads\/2025\/01\/driving-type-middle-size-thermoplastic-road-marking-machine-2_\u526f\u672c-1.jpg 600w, https:\/\/everstartraffic.com\/wp-content\/uploads\/2025\/01\/driving-type-middle-size-thermoplastic-road-marking-machine-2_\u526f\u672c-1-420x420.jpg 420w, https:\/\/everstartraffic.com\/wp-content\/uploads\/2025\/01\/driving-type-middle-size-thermoplastic-road-marking-machine-2_\u526f\u672c-1-100x100.jpg 100w, https:\/\/everstartraffic.com\/wp-content\/uploads\/2025\/01\/driving-type-middle-size-thermoplastic-road-marking-machine-2_\u526f\u672c-1-300x300.jpg 300w, https:\/\/everstartraffic.com\/wp-content\/uploads\/2025\/01\/driving-type-middle-size-thermoplastic-road-marking-machine-2_\u526f\u672c-1-150x150.jpg 150w\" sizes=\"auto, (max-width: 600px) 100vw, 600px\" \/>\t\t\t\t\t\t\t\t\t\t\t\t\t\t\t<\/div>\n\t\t\t\t<\/div>\n\t\t\t\t\t<\/div>\n\t\t<\/div>\n\t\t\t\t\t\t\t<\/div>\n\t\t<\/section>\n\t\t\t\t\t\t\t<\/div>\n\t\t","protected":false},"excerpt":{"rendered":"<p>La m\u00e1quina de marcado de carreteras con enrasado termopl\u00e1stico de tipo impulsor es adecuada para marcar carreteras, v\u00edas urbanas y v\u00edas locales con grandes \u00e1reas de construcci\u00f3n. Tipo I: enrasadora neum\u00e1tica con zapata de marcado de l\u00edneas planas. Tipo II: enrasadora neum\u00e1tica con zapata de marcado de l\u00edneas planas o convexas.  <\/p>\n","protected":false},"featured_media":10908,"comment_status":"open","ping_status":"closed","template":"","meta":{"_monsterinsights_skip_tracking":false,"_monsterinsights_sitenote_active":false,"_monsterinsights_sitenote_note":"","_monsterinsights_sitenote_category":0,"spay_email":"","jetpack_publicize_message":"","jetpack_is_tweetstorm":false,"jetpack_publicize_feature_enabled":true},"product_cat":[337,647,341,315,294],"product_tag":[354,668,670,666,667,669],"class_list":["post-11052","product","type-product","status-publish","has-post-thumbnail","hentry","product_cat-maquina-de-marcado-de-carreteras","product_cat-maquina-de-marcado-de-carreteras-tipo-conduccion","product_cat-maquina-de-marcado-vial-termoplastico","product_cat-producto","product_cat-sin-categorizar","product_tag-maquina-automatica-de-marcado-de-carreteras","product_tag-maquina-de-marcado-de-carreteras-con-enrasadora-termoplastica","product_tag-maquina-de-marcado-de-carreteras-de-linea-convexa-con-enrasadora-termoplastica","product_tag-maquina-de-marcado-de-carreteras-tipo-conduccion","product_tag-maquina-de-marcado-vial-termoplastico-tipo-conduccion","product_tag-maquina-para-marcar-carreteras-de-linea-plana-con-enrasadora"],"aioseo_notices":[],"_links":{"self":[{"href":"https:\/\/everstartraffic.com\/es\/wp-json\/wp\/v2\/product\/11052","targetHints":{"allow":["GET"]}}],"collection":[{"href":"https:\/\/everstartraffic.com\/es\/wp-json\/wp\/v2\/product"}],"about":[{"href":"https:\/\/everstartraffic.com\/es\/wp-json\/wp\/v2\/types\/product"}],"replies":[{"embeddable":true,"href":"https:\/\/everstartraffic.com\/es\/wp-json\/wp\/v2\/comments?post=11052"}],"version-history":[{"count":3,"href":"https:\/\/everstartraffic.com\/es\/wp-json\/wp\/v2\/product\/11052\/revisions"}],"predecessor-version":[{"id":11258,"href":"https:\/\/everstartraffic.com\/es\/wp-json\/wp\/v2\/product\/11052\/revisions\/11258"}],"wp:featuredmedia":[{"embeddable":true,"href":"https:\/\/everstartraffic.com\/es\/wp-json\/wp\/v2\/media\/10908"}],"wp:attachment":[{"href":"https:\/\/everstartraffic.com\/es\/wp-json\/wp\/v2\/media?parent=11052"}],"wp:term":[{"taxonomy":"product_cat","embeddable":true,"href":"https:\/\/everstartraffic.com\/es\/wp-json\/wp\/v2\/product_cat?post=11052"},{"taxonomy":"product_tag","embeddable":true,"href":"https:\/\/everstartraffic.com\/es\/wp-json\/wp\/v2\/product_tag?post=11052"}],"curies":[{"name":"wp","href":"https:\/\/api.w.org\/{rel}","templated":true}]}}