{"id":13469,"date":"2024-09-10T10:07:34","date_gmt":"2024-09-10T10:07:34","guid":{"rendered":"https:\/\/everstartraffic.com\/politica-de-reembolsos-y-devoluciones\/"},"modified":"2026-04-15T11:03:23","modified_gmt":"2026-04-15T11:03:23","slug":"politica-de-reembolsos-y-devoluciones","status":"publish","type":"page","link":"https:\/\/everstartraffic.com\/es\/politica-de-reembolsos-y-devoluciones\/","title":{"rendered":"Pol\u00edtica de reembolsos y devoluciones"},"content":{"rendered":"\n<p><b>Esta es una p\u00e1gina de ejemplo.<\/b><\/p>\n\n<h3>Overview<\/h3>\n\n<p>Nuestra pol\u00edtica de reembolsos y devoluciones tiene una vigencia de 30 d\u00edas. Si han transcurrido 30 d\u00edas desde su compra, no podemos ofrecerle un reembolso completo ni un cambio. <\/p>\n\n<p>Para ser elegible para una devoluci\u00f3n, su art\u00edculo debe estar sin usar y en las mismas condiciones en que lo recibi\u00f3. Tambi\u00e9n debe estar en su embalaje original. <\/p>\n\n<p>Varios tipos de art\u00edculos est\u00e1n exentos de devoluci\u00f3n. Los productos perecederos, tales como alimentos, flores, peri\u00f3dicos o revistas, no pueden devolverse. Tampoco aceptamos productos de car\u00e1cter \u00edntimo o sanitario, materiales peligrosos, ni l\u00edquidos o gases inflamables.  <\/p>\n\n<p>Art\u00edculos adicionales no retornables:<\/p>\n\n<ul class=\"wp-block-list\">\n<li>Tarjetas de regalo<\/li>\n<li>Tarjetas de regalo<\/li>\n<li>Algunos art\u00edculos de salud y cuidado personal<\/li>\n<\/ul>\n\n<p>Para completar su devoluci\u00f3n, requerimos un recibo o comprobante de compra.<\/p>\n\n<p>Por favor, no devuelva su compra al fabricante.<\/p>\n\n<p>Existen ciertas situaciones en las que solo se otorgan reembolsos parciales:<\/p>\n\n<ul class=\"wp-block-list\">\n<li>Libro con signos evidentes de uso<\/li>\n<li>CD, DVD, cinta VHS, software, videojuego, cinta de casete o disco de vinilo que haya sido abierto.<\/li>\n<li>Cualquier art\u00edculo que no se encuentre en su estado original, est\u00e9 da\u00f1ado o al que le falten piezas por razones no imputables a un error nuestro.<\/li>\n<li>Cualquier art\u00edculo que se devuelva m\u00e1s de 30 d\u00edas despu\u00e9s de la entrega.<\/li>\n<\/ul>\n\n<h2>Reembolsos<\/h2>\n\n<p>Once your return is received and inspected, we will send you an email to notify you that we have received your returned item. We will also notify you of the approval or rejection of your refund. <\/p>\n\n<p>Si su solicitud es aprobada, se procesar\u00e1 su reembolso y se aplicar\u00e1 autom\u00e1ticamente un cr\u00e9dito a su tarjeta de cr\u00e9dito o m\u00e9todo de pago original en un plazo de unos d\u00edas.<\/p>\n\n<b>Late or missing refunds<\/b>\n\n<p>Si a\u00fan no ha recibido un reembolso, primero revise nuevamente su cuenta bancaria.<\/p>\n\n<p>Luego, comun\u00edquese con la compa\u00f1\u00eda de su tarjeta de cr\u00e9dito; es posible que transcurra alg\u00fan tiempo antes de que su reembolso se registre oficialmente.<\/p>\n\n<p>A continuaci\u00f3n, p\u00f3ngase en contacto con su banco. A menudo transcurre cierto tiempo de procesamiento antes de que se refleje el reembolso. <\/p>\n\n<p>If you\u2019ve done all of this and you still have not received your refund yet, please contact us at {email address}.<\/p>\n\n<b>Sale items<\/b>\n\n<p>Solo se pueden reembolsar los art\u00edculos de precio regular. Los art\u00edculos en oferta no son reembolsables. <\/p>\n\n<h2>Intercambios<\/h2>\n\n<p>Solo reemplazamos art\u00edculos si est\u00e1n defectuosos o da\u00f1ados. Si necesita cambiarlo por el mismo art\u00edculo, env\u00edenos un correo electr\u00f3nico a {direcci\u00f3n de correo electr\u00f3nico} y env\u00ede su art\u00edculo a: {direcci\u00f3n f\u00edsica}. <\/p>\n\n<h2>Regalos<\/h2>\n\n<p>Si el art\u00edculo se marc\u00f3 como regalo al momento de la compra y se le envi\u00f3 directamente a usted, recibir\u00e1 un cr\u00e9dito de regalo por el valor de su devoluci\u00f3n. Una vez recibido el art\u00edculo devuelto, se le enviar\u00e1 un certificado de regalo por correo postal. <\/p>\n\n<p>Si el art\u00edculo no se marc\u00f3 como regalo al momento de la compra, o si la persona que hizo el regalo solicit\u00f3 que el pedido se le enviara a ella misma para entreg\u00e1rtelo m\u00e1s tarde, enviaremos el reembolso a quien hizo el regalo y esta persona se enterar\u00e1 de tu devoluci\u00f3n.<\/p>\n\n<h2>Devoluciones de env\u00edos<\/h2>\n\n<p>Para devolver su producto, debe enviarlo por correo a: {direcci\u00f3n f\u00edsica}.<\/p>\n\n<p>Usted ser\u00e1 responsable de cubrir sus propios gastos de env\u00edo para la devoluci\u00f3n de su art\u00edculo. Los gastos de env\u00edo no son reembolsables. Si recibe un reembolso, el costo del env\u00edo de devoluci\u00f3n se deducir\u00e1 de dicho reembolso.  <\/p>\n\n<p>Dependiendo de d\u00f3nde viva, el tiempo que tarde en llegarle su producto de reemplazo puede variar.<\/p>\n\n<p>Si va a devolver art\u00edculos de mayor valor, le recomendamos considerar el uso de un servicio de env\u00edo con seguimiento o la contrataci\u00f3n de un seguro de env\u00edo. No garantizamos la recepci\u00f3n del art\u00edculo devuelto. <\/p>\n\n<h2>\u00bfNecesitar ayuda?<\/h2>\n\n<p>Contact us at {email} for questions related to refunds and returns.<\/p>\n","protected":false},"excerpt":{"rendered":"<p>Esta es una p\u00e1gina de ejemplo. Overview Nuestra pol\u00edtica de reembolsos y devoluciones tiene una vigencia de 30 d\u00edas. Si han transcurrido 30 d\u00edas desde su compra, no podemos ofrecerle un reembolso completo ni un cambio. Para ser elegible para una devoluci\u00f3n, su art\u00edculo debe estar sin usar y en las mismas condiciones en que [&hellip;]<\/p>\n","protected":false},"author":1,"featured_media":0,"parent":0,"menu_order":0,"comment_status":"closed","ping_status":"closed","template":"","meta":{"_monsterinsights_skip_tracking":false,"_monsterinsights_sitenote_active":false,"_monsterinsights_sitenote_note":"","_monsterinsights_sitenote_category":0,"spay_email":"","footnotes":""},"class_list":["post-13469","page","type-page","status-publish","hentry"],"aioseo_notices":[],"_links":{"self":[{"href":"https:\/\/everstartraffic.com\/es\/wp-json\/wp\/v2\/pages\/13469","targetHints":{"allow":["GET"]}}],"collection":[{"href":"https:\/\/everstartraffic.com\/es\/wp-json\/wp\/v2\/pages"}],"about":[{"href":"https:\/\/everstartraffic.com\/es\/wp-json\/wp\/v2\/types\/page"}],"author":[{"embeddable":true,"href":"https:\/\/everstartraffic.com\/es\/wp-json\/wp\/v2\/users\/1"}],"replies":[{"embeddable":true,"href":"https:\/\/everstartraffic.com\/es\/wp-json\/wp\/v2\/comments?post=13469"}],"version-history":[{"count":1,"href":"https:\/\/everstartraffic.com\/es\/wp-json\/wp\/v2\/pages\/13469\/revisions"}],"predecessor-version":[{"id":13473,"href":"https:\/\/everstartraffic.com\/es\/wp-json\/wp\/v2\/pages\/13469\/revisions\/13473"}],"wp:attachment":[{"href":"https:\/\/everstartraffic.com\/es\/wp-json\/wp\/v2\/media?parent=13469"}],"curies":[{"name":"wp","href":"https:\/\/api.w.org\/{rel}","templated":true}]}}